{"id":7,"date":"2025-05-28T15:36:36","date_gmt":"2025-05-28T13:36:36","guid":{"rendered":"https:\/\/www.univ-sba.dz\/lecm\/?page_id=7"},"modified":"2025-07-02T17:12:19","modified_gmt":"2025-07-02T15:12:19","slug":"accueil","status":"publish","type":"page","link":"https:\/\/www.univ-sba.dz\/aml\/","title":{"rendered":"Accueil"},"content":{"rendered":"\t\t<div data-elementor-type=\"wp-page\" data-elementor-id=\"7\" class=\"elementor elementor-7\">\n\t\t\t\t<div class=\"elementor-element elementor-element-a9f61f4 e-con-full e-flex e-con e-parent\" data-id=\"a9f61f4\" data-element_type=\"container\">\n\t\t\t\t<div class=\"elementor-element elementor-element-3299e4b e-transform elementor-arrows-position-inside elementor-pagination-position-outside elementor-widget elementor-widget-image-carousel\" data-id=\"3299e4b\" data-element_type=\"widget\" data-settings=\"{&quot;slides_to_show&quot;:&quot;1&quot;,&quot;navigation&quot;:&quot;both&quot;,&quot;autoplay&quot;:&quot;yes&quot;,&quot;pause_on_hover&quot;:&quot;yes&quot;,&quot;pause_on_interaction&quot;:&quot;yes&quot;,&quot;autoplay_speed&quot;:5000,&quot;infinite&quot;:&quot;yes&quot;,&quot;effect&quot;:&quot;slide&quot;,&quot;speed&quot;:500,&quot;_transform_skewX_effect&quot;:{&quot;unit&quot;:&quot;px&quot;,&quot;size&quot;:&quot;&quot;,&quot;sizes&quot;:[]},&quot;_transform_skewX_effect_tablet&quot;:{&quot;unit&quot;:&quot;deg&quot;,&quot;size&quot;:&quot;&quot;,&quot;sizes&quot;:[]},&quot;_transform_skewX_effect_mobile&quot;:{&quot;unit&quot;:&quot;deg&quot;,&quot;size&quot;:&quot;&quot;,&quot;sizes&quot;:[]},&quot;_transform_skewY_effect&quot;:{&quot;unit&quot;:&quot;px&quot;,&quot;size&quot;:&quot;&quot;,&quot;sizes&quot;:[]},&quot;_transform_skewY_effect_tablet&quot;:{&quot;unit&quot;:&quot;deg&quot;,&quot;size&quot;:&quot;&quot;,&quot;sizes&quot;:[]},&quot;_transform_skewY_effect_mobile&quot;:{&quot;unit&quot;:&quot;deg&quot;,&quot;size&quot;:&quot;&quot;,&quot;sizes&quot;:[]}}\" data-widget_type=\"image-carousel.default\">\n\t\t\t\t<div class=\"elementor-widget-container\">\n\t\t\t\t\t\t\t<div class=\"elementor-image-carousel-wrapper swiper\" role=\"region\" aria-roledescription=\"carousel\" aria-label=\"Carrousel d\u2019images\" dir=\"ltr\">\n\t\t\t<div class=\"elementor-image-carousel swiper-wrapper swiper-image-stretch\" aria-live=\"off\">\n\t\t\t\t\t\t\t\t<div class=\"swiper-slide\" role=\"group\" aria-roledescription=\"slide\" aria-label=\"1 sur 2\"><figure class=\"swiper-slide-inner\"><img decoding=\"async\" class=\"swiper-slide-image\" src=\"https:\/\/www.univ-sba.dz\/aml\/wp-content\/uploads\/2025\/06\/essai1.png\" alt=\"essai1\" \/><\/figure><\/div><div class=\"swiper-slide\" role=\"group\" aria-roledescription=\"slide\" aria-label=\"2 sur 2\"><figure class=\"swiper-slide-inner\"><img decoding=\"async\" class=\"swiper-slide-image\" src=\"https:\/\/www.univ-sba.dz\/aml\/wp-content\/uploads\/2025\/06\/essai2.png\" alt=\"essai2\" \/><\/figure><\/div>\t\t\t<\/div>\n\t\t\t\t\t\t\t\t\t\t\t\t<div class=\"elementor-swiper-button elementor-swiper-button-prev\" role=\"button\" tabindex=\"0\">\n\t\t\t\t\t\t<svg aria-hidden=\"true\" class=\"e-font-icon-svg e-eicon-chevron-left\" viewBox=\"0 0 1000 1000\" xmlns=\"http:\/\/www.w3.org\/2000\/svg\"><path d=\"M646 125C629 125 613 133 604 142L308 442C296 454 292 471 292 487 292 504 296 521 308 533L604 854C617 867 629 875 646 875 663 875 679 871 692 858 704 846 713 829 713 812 713 796 708 779 692 767L438 487 692 225C700 217 708 204 708 187 708 171 704 154 692 142 675 129 663 125 646 125Z\"><\/path><\/svg>\t\t\t\t\t<\/div>\n\t\t\t\t\t<div class=\"elementor-swiper-button elementor-swiper-button-next\" role=\"button\" tabindex=\"0\">\n\t\t\t\t\t\t<svg aria-hidden=\"true\" class=\"e-font-icon-svg e-eicon-chevron-right\" viewBox=\"0 0 1000 1000\" xmlns=\"http:\/\/www.w3.org\/2000\/svg\"><path d=\"M696 533C708 521 713 504 713 487 713 471 708 454 696 446L400 146C388 133 375 125 354 125 338 125 325 129 313 142 300 154 292 171 292 187 292 204 296 221 308 233L563 492 304 771C292 783 288 800 288 817 288 833 296 850 308 863 321 871 338 875 354 875 371 875 388 867 400 854L696 533Z\"><\/path><\/svg>\t\t\t\t\t<\/div>\n\t\t\t\t\n\t\t\t\t\t\t\t\t\t<div class=\"swiper-pagination\"><\/div>\n\t\t\t\t\t\t\t\t\t<\/div>\n\t\t\t\t\t\t<\/div>\n\t\t\t\t<\/div>\n\t\t\t\t<\/div>\n\t\t<div class=\"elementor-element elementor-element-a264324 e-con-full e-flex e-con e-parent\" data-id=\"a264324\" data-element_type=\"container\">\n\t\t<div class=\"elementor-element elementor-element-9db8e20 e-con-full e-flex e-con e-child\" data-id=\"9db8e20\" data-element_type=\"container\">\n\t\t\t\t<div class=\"elementor-element elementor-element-1c2e40e elementor-widget elementor-widget-image\" data-id=\"1c2e40e\" data-element_type=\"widget\" data-widget_type=\"image.default\">\n\t\t\t\t<div class=\"elementor-widget-container\">\n\t\t\t\t\t\t\t\t\t\t\t\t\t\t\t<img fetchpriority=\"high\" decoding=\"async\" width=\"330\" height=\"479\" src=\"https:\/\/www.univ-sba.dz\/aml\/wp-content\/uploads\/2025\/07\/abid-hamza-Copie.jpg\" class=\"attachment-large size-large wp-image-798\" alt=\"\" srcset=\"https:\/\/www.univ-sba.dz\/aml\/wp-content\/uploads\/2025\/07\/abid-hamza-Copie.jpg 330w, https:\/\/www.univ-sba.dz\/aml\/wp-content\/uploads\/2025\/07\/abid-hamza-Copie-207x300.jpg 207w\" sizes=\"(max-width: 330px) 100vw, 330px\" \/>\t\t\t\t\t\t\t\t\t\t\t\t\t\t\t<\/div>\n\t\t\t\t<\/div>\n\t\t\t\t<\/div>\n\t\t<div class=\"elementor-element elementor-element-47adcaf e-con-full e-flex e-con e-child\" data-id=\"47adcaf\" data-element_type=\"container\">\n\t\t\t\t<div class=\"elementor-element elementor-element-84e09e2 elementor-invisible elementor-widget elementor-widget-heading\" data-id=\"84e09e2\" data-element_type=\"widget\" data-settings=\"{&quot;_animation&quot;:&quot;zoomIn&quot;}\" data-widget_type=\"heading.default\">\n\t\t\t\t<div class=\"elementor-widget-container\">\n\t\t\t\t\t<h3 class=\"elementor-heading-title elementor-size-default\">Mot de Directeur du Laboratoire de Recherche AML<\/h3>\t\t\t\t<\/div>\n\t\t\t\t<\/div>\n\t\t\t\t<div class=\"elementor-element elementor-element-03a442e elementor-widget elementor-widget-heading\" data-id=\"03a442e\" data-element_type=\"widget\" data-widget_type=\"heading.default\">\n\t\t\t\t<div class=\"elementor-widget-container\">\n\t\t\t\t\t<h2 class=\"elementor-heading-title elementor-size-default\">Professeur Abid Hamza<\/h2>\t\t\t\t<\/div>\n\t\t\t\t<\/div>\n\t\t\t\t<div class=\"elementor-element elementor-element-8656a1b elementor-widget elementor-widget-text-editor\" data-id=\"8656a1b\" data-element_type=\"widget\" data-widget_type=\"text-editor.default\">\n\t\t\t\t<div class=\"elementor-widget-container\">\n\t\t\t\t\t\t\t\t\t<p>Bienvenue \u00e0 la Facult\u00e9 de G\u00e9nie \u00c9lectrique. Au nom de toute la communaut\u00e9 de la Facult\u00e9 de G\u00e9nie \u00c9lectrique, j\u2019ai le plaisir de vous souhaiter la bienvenue. Notre facult\u00e9 est un lieu d\u2019excellence o\u00f9 l\u2019innovation, le savoir et l\u2019engagement se rencontrent pour former les cadres de demain. Nous sommes fiers d\u2019offrir des programmes d\u2019enseignement de haute qualit\u00e9, alliant des bases th\u00e9oriques solides \u00e0 des applications pratiques dans un environnement acad\u00e9mique dynamique et pluridisciplinaire. Notre \u00e9quipe p\u00e9dagogique et de recherche s\u2019investit pleinement pour accompagner chaque \u00e9tudiant vers la r\u00e9ussite et l\u2019\u00e9panouissement personnel. Nous encourageons \u00e9galement la collaboration avec le secteur industriel et la recherche scientifique afin de d\u00e9velopper des solutions technologiques r\u00e9pondant aux d\u00e9fis actuels et futurs.<\/p>\t\t\t\t\t\t\t\t<\/div>\n\t\t\t\t<\/div>\n\t\t\t\t<\/div>\n\t\t\t\t<\/div>\n\t\t<div class=\"elementor-element elementor-element-ba1635b e-con-full e-flex e-con e-parent\" data-id=\"ba1635b\" data-element_type=\"container\">\n\t\t<div class=\"elementor-element elementor-element-a8b8028 e-con-full e-flex e-con e-child\" data-id=\"a8b8028\" data-element_type=\"container\">\n\t\t\t\t<div class=\"elementor-element elementor-element-86b0292 elementor-widget elementor-widget-image\" data-id=\"86b0292\" data-element_type=\"widget\" data-widget_type=\"image.default\">\n\t\t\t\t<div class=\"elementor-widget-container\">\n\t\t\t\t\t\t\t\t\t\t\t\t\t\t\t<img decoding=\"async\" width=\"1024\" height=\"357\" src=\"https:\/\/www.univ-sba.dz\/aml\/wp-content\/uploads\/2025\/06\/fac-fge1_2009x700-1024x357.jpg\" class=\"attachment-large size-large wp-image-112\" alt=\"\" srcset=\"https:\/\/www.univ-sba.dz\/aml\/wp-content\/uploads\/2025\/06\/fac-fge1_2009x700-1024x357.jpg 1024w, https:\/\/www.univ-sba.dz\/aml\/wp-content\/uploads\/2025\/06\/fac-fge1_2009x700-300x105.jpg 300w, https:\/\/www.univ-sba.dz\/aml\/wp-content\/uploads\/2025\/06\/fac-fge1_2009x700-768x268.jpg 768w, https:\/\/www.univ-sba.dz\/aml\/wp-content\/uploads\/2025\/06\/fac-fge1_2009x700-1536x535.jpg 1536w, https:\/\/www.univ-sba.dz\/aml\/wp-content\/uploads\/2025\/06\/fac-fge1_2009x700.jpg 2009w\" sizes=\"(max-width: 1024px) 100vw, 1024px\" \/>\t\t\t\t\t\t\t\t\t\t\t\t\t\t\t<\/div>\n\t\t\t\t<\/div>\n\t\t\t\t<\/div>\n\t\t<div class=\"elementor-element elementor-element-f3fa87b e-con-full e-flex e-con e-child\" data-id=\"f3fa87b\" data-element_type=\"container\">\n\t\t\t\t<div class=\"elementor-element elementor-element-064ae1a elementor-invisible elementor-widget elementor-widget-heading\" data-id=\"064ae1a\" data-element_type=\"widget\" data-settings=\"{&quot;_animation&quot;:&quot;zoomIn&quot;}\" data-widget_type=\"heading.default\">\n\t\t\t\t<div class=\"elementor-widget-container\">\n\t\t\t\t\t<h3 class=\"elementor-heading-title elementor-size-default\">Pr\u00e9sentation du Laboratoire de Recherche AML<\/h3>\t\t\t\t<\/div>\n\t\t\t\t<\/div>\n\t\t\t\t<div class=\"elementor-element elementor-element-00a60d3 elementor-widget elementor-widget-text-editor\" data-id=\"00a60d3\" data-element_type=\"widget\" data-widget_type=\"text-editor.default\">\n\t\t\t\t<div class=\"elementor-widget-container\">\n\t\t\t\t\t\t\t\t\t<p>Bienvenue \u00e0 la Facult\u00e9 de G\u00e9nie \u00c9lectrique. Au nom de toute la communaut\u00e9 de la Facult\u00e9 de G\u00e9nie \u00c9lectrique, j\u2019ai le plaisir de vous souhaiter la bienvenue. Notre facult\u00e9 est un lieu d\u2019excellence o\u00f9 l\u2019innovation, le savoir et l\u2019engagement se rencontrent pour former les cadres de demain. Nous sommes fiers d\u2019offrir des programmes d\u2019enseignement de haute qualit\u00e9, alliant des bases th\u00e9oriques solides \u00e0 des applications pratiques dans un environnement acad\u00e9mique dynamique et pluridisciplinaire. Notre \u00e9quipe p\u00e9dagogique et de recherche s\u2019investit pleinement pour accompagner chaque \u00e9tudiant vers la r\u00e9ussite et l\u2019\u00e9panouissement personnel. Nous encourageons \u00e9galement la collaboration avec le secteur industriel et la recherche scientifique afin de d\u00e9velopper des solutions technologiques r\u00e9pondant aux d\u00e9fis actuels et futurs.<\/p>\t\t\t\t\t\t\t\t<\/div>\n\t\t\t\t<\/div>\n\t\t\t\t<\/div>\n\t\t\t\t<\/div>\n\t\t<div class=\"elementor-element elementor-element-be22b7e e-flex e-con-boxed e-con e-parent\" data-id=\"be22b7e\" data-element_type=\"container\">\n\t\t\t\t\t<div class=\"e-con-inner\">\n\t\t<div class=\"elementor-element elementor-element-4d42dc1 e-con-full e-flex e-con e-child\" data-id=\"4d42dc1\" data-element_type=\"container\">\n\t\t\t\t<div class=\"elementor-element elementor-element-298ce21 elementor-widget elementor-widget-image\" data-id=\"298ce21\" data-element_type=\"widget\" data-widget_type=\"image.default\">\n\t\t\t\t<div class=\"elementor-widget-container\">\n\t\t\t\t\t\t\t\t\t\t\t\t\t\t\t<img decoding=\"async\" width=\"1024\" height=\"600\" src=\"https:\/\/www.univ-sba.dz\/aml\/wp-content\/uploads\/2025\/06\/fac-fge1_1024x600.jpg\" class=\"attachment-large size-large wp-image-107\" alt=\"\" srcset=\"https:\/\/www.univ-sba.dz\/aml\/wp-content\/uploads\/2025\/06\/fac-fge1_1024x600.jpg 1024w, https:\/\/www.univ-sba.dz\/aml\/wp-content\/uploads\/2025\/06\/fac-fge1_1024x600-300x176.jpg 300w, https:\/\/www.univ-sba.dz\/aml\/wp-content\/uploads\/2025\/06\/fac-fge1_1024x600-768x450.jpg 768w\" sizes=\"(max-width: 1024px) 100vw, 1024px\" \/>\t\t\t\t\t\t\t\t\t\t\t\t\t\t\t<\/div>\n\t\t\t\t<\/div>\n\t\t\t\t<\/div>\n\t\t<div class=\"elementor-element elementor-element-984e5ad e-con-full e-flex e-con e-child\" data-id=\"984e5ad\" data-element_type=\"container\">\n\t\t\t\t<div class=\"elementor-element elementor-element-0814ef3 elementor-widget elementor-widget-image\" data-id=\"0814ef3\" data-element_type=\"widget\" data-widget_type=\"image.default\">\n\t\t\t\t<div class=\"elementor-widget-container\">\n\t\t\t\t\t\t\t\t\t\t\t\t\t\t\t<img loading=\"lazy\" decoding=\"async\" width=\"1024\" height=\"600\" src=\"https:\/\/www.univ-sba.dz\/aml\/wp-content\/uploads\/2025\/06\/fac-fge_1024x600.jpg\" class=\"attachment-large size-large wp-image-106\" alt=\"\" srcset=\"https:\/\/www.univ-sba.dz\/aml\/wp-content\/uploads\/2025\/06\/fac-fge_1024x600.jpg 1024w, https:\/\/www.univ-sba.dz\/aml\/wp-content\/uploads\/2025\/06\/fac-fge_1024x600-300x176.jpg 300w, https:\/\/www.univ-sba.dz\/aml\/wp-content\/uploads\/2025\/06\/fac-fge_1024x600-768x450.jpg 768w\" sizes=\"(max-width: 1024px) 100vw, 1024px\" \/>\t\t\t\t\t\t\t\t\t\t\t\t\t\t\t<\/div>\n\t\t\t\t<\/div>\n\t\t\t\t<\/div>\n\t\t\t\t\t<\/div>\n\t\t\t\t<\/div>\n\t\t\t\t<\/div>\n\t\t","protected":false},"excerpt":{"rendered":"<p>Mot de Directeur du Laboratoire de Recherche AML Professeur Abid Hamza Bienvenue \u00e0 la Facult\u00e9 de G\u00e9nie \u00c9lectrique. Au nom de toute la communaut\u00e9 de la Facult\u00e9 de G\u00e9nie \u00c9lectrique, j\u2019ai le plaisir de vous souhaiter la bienvenue. Notre facult\u00e9 est un lieu d\u2019excellence o\u00f9 l\u2019innovation, le savoir et l\u2019engagement se rencontrent pour former les [&hellip;]<\/p>\n","protected":false},"author":1,"featured_media":0,"parent":0,"menu_order":0,"comment_status":"closed","ping_status":"closed","template":"","meta":{"footnotes":""},"class_list":["post-7","page","type-page","status-publish","hentry","entry"],"_links":{"self":[{"href":"https:\/\/www.univ-sba.dz\/aml\/wp-json\/wp\/v2\/pages\/7","targetHints":{"allow":["GET"]}}],"collection":[{"href":"https:\/\/www.univ-sba.dz\/aml\/wp-json\/wp\/v2\/pages"}],"about":[{"href":"https:\/\/www.univ-sba.dz\/aml\/wp-json\/wp\/v2\/types\/page"}],"author":[{"embeddable":true,"href":"https:\/\/www.univ-sba.dz\/aml\/wp-json\/wp\/v2\/users\/1"}],"replies":[{"embeddable":true,"href":"https:\/\/www.univ-sba.dz\/aml\/wp-json\/wp\/v2\/comments?post=7"}],"version-history":[{"count":164,"href":"https:\/\/www.univ-sba.dz\/aml\/wp-json\/wp\/v2\/pages\/7\/revisions"}],"predecessor-version":[{"id":859,"href":"https:\/\/www.univ-sba.dz\/aml\/wp-json\/wp\/v2\/pages\/7\/revisions\/859"}],"wp:attachment":[{"href":"https:\/\/www.univ-sba.dz\/aml\/wp-json\/wp\/v2\/media?parent=7"}],"curies":[{"name":"wp","href":"https:\/\/api.w.org\/{rel}","templated":true}]}}