{"id":765,"date":"2025-06-22T17:06:33","date_gmt":"2025-06-22T15:06:33","guid":{"rendered":"https:\/\/www.univ-sba.dz\/lecm\/?page_id=765"},"modified":"2025-07-03T12:12:36","modified_gmt":"2025-07-03T10:12:36","slug":"projet","status":"publish","type":"page","link":"https:\/\/www.univ-sba.dz\/aml\/projet\/","title":{"rendered":"Projet"},"content":{"rendered":"\t\t<div data-elementor-type=\"wp-page\" data-elementor-id=\"765\" class=\"elementor elementor-765\">\n\t\t\t\t<div class=\"elementor-element elementor-element-b5e5abb e-con-full e-flex e-con e-parent\" data-id=\"b5e5abb\" data-element_type=\"container\">\n\t\t\t\t<div class=\"elementor-element elementor-element-c15eaaa elementor-widget elementor-widget-image\" data-id=\"c15eaaa\" data-element_type=\"widget\" data-widget_type=\"image.default\">\n\t\t\t\t<div class=\"elementor-widget-container\">\n\t\t\t\t\t\t\t\t\t\t\t\t\t\t\t<img fetchpriority=\"high\" decoding=\"async\" width=\"1905\" height=\"425\" src=\"https:\/\/www.univ-sba.dz\/aml\/wp-content\/uploads\/2025\/06\/baniere.png\" class=\"attachment-full size-full wp-image-745\" alt=\"\" srcset=\"https:\/\/www.univ-sba.dz\/aml\/wp-content\/uploads\/2025\/06\/baniere.png 1905w, https:\/\/www.univ-sba.dz\/aml\/wp-content\/uploads\/2025\/06\/baniere-300x67.png 300w, https:\/\/www.univ-sba.dz\/aml\/wp-content\/uploads\/2025\/06\/baniere-1024x228.png 1024w, https:\/\/www.univ-sba.dz\/aml\/wp-content\/uploads\/2025\/06\/baniere-768x171.png 768w, https:\/\/www.univ-sba.dz\/aml\/wp-content\/uploads\/2025\/06\/baniere-1536x343.png 1536w\" sizes=\"(max-width: 1905px) 100vw, 1905px\" \/>\t\t\t\t\t\t\t\t\t\t\t\t\t\t\t<\/div>\n\t\t\t\t<\/div>\n\t\t\t\t<\/div>\n\t\t<div class=\"elementor-element elementor-element-b8bf84a e-flex e-con-boxed e-con e-parent\" data-id=\"b8bf84a\" data-element_type=\"container\">\n\t\t\t\t\t<div class=\"e-con-inner\">\n\t\t\t\t<div class=\"elementor-element elementor-element-8cf33b8 elementor-widget elementor-widget-heading\" data-id=\"8cf33b8\" data-element_type=\"widget\" data-widget_type=\"heading.default\">\n\t\t\t\t<div class=\"elementor-widget-container\">\n\t\t\t\t\t<h3 class=\"elementor-heading-title elementor-size-default\">Projets de recherche du laboratoire AML<\/h3>\t\t\t\t<\/div>\n\t\t\t\t<\/div>\n\t\t\t\t<div class=\"elementor-element elementor-element-4c8dc5a elementor-widget elementor-widget-html\" data-id=\"4c8dc5a\" data-element_type=\"widget\" data-widget_type=\"html.default\">\n\t\t\t\t<div class=\"elementor-widget-container\">\n\t\t\t\t\t<table class=\"mon-tableau\">\n  \n  <thead>\n    <tr>\n       <th scope=\"col\">Type du projet<\/th>\n      <th scope=\"col\">Intitul\u00e9 du projet<\/th>\n      <th scope=\"col\">Membres du projet<\/th>\n      <th scope=\"col\">Ann\u00e9e d'agr\u00e9ment<\/th>\n      <th scope=\"col\">Dur\u00e9e du projet<\/th>\n    <\/tr>\n  <\/thead>\n  <tbody>\n    <tr>\n       <td>Lorem Ipsum<\/td>\n       <td><\/td>\n       <td><\/td>\n       <td><\/td>\n       <td><\/td>\n    <\/tr>\n    <tr>\n       <td>Lorem Ipsum<\/td>\n       <td><\/td>\n       <td><\/td>\n       <td><\/td>\n       <td><\/td>\n    <\/tr>\n    <tr>\n       <td>Lorem Ipsum<\/td>\n       <td><\/td>\n       <td><\/td>\n       <td><\/td>\n       <td><\/td>\n    <\/tr>\n    <tr>\n       <td>Lorem Ipsum<\/td>\n       <td><\/td>\n       <td><\/td>\n       <td><\/td>\n       <td><\/td>\n    <\/tr>\n    <tr>\n       <td>Lorem Ipsum<\/td>\n       <td><\/td>\n       <td><\/td>\n       <td><\/td>\n       <td><\/td>\n    <\/tr>\n    <tr>\n       <td>Lorem Ipsum<\/td>\n       <td><\/td>\n       <td><\/td>\n       <td><\/td>\n       <td><\/td>\n    <\/tr>\n    \n  <\/tbody>\n  \n<\/table>\t\t\t\t<\/div>\n\t\t\t\t<\/div>\n\t\t\t\t\t<\/div>\n\t\t\t\t<\/div>\n\t\t\t\t<\/div>\n\t\t","protected":false},"excerpt":{"rendered":"<p>Projets de recherche du laboratoire AML Type du projet Intitul\u00e9 du projet Membres du projet Ann\u00e9e d&rsquo;agr\u00e9ment Dur\u00e9e du projet Lorem Ipsum Lorem Ipsum Lorem Ipsum Lorem Ipsum Lorem Ipsum Lorem Ipsum<\/p>\n","protected":false},"author":1,"featured_media":0,"parent":0,"menu_order":0,"comment_status":"closed","ping_status":"closed","template":"","meta":{"footnotes":""},"class_list":["post-765","page","type-page","status-publish","hentry","entry"],"_links":{"self":[{"href":"https:\/\/www.univ-sba.dz\/aml\/wp-json\/wp\/v2\/pages\/765","targetHints":{"allow":["GET"]}}],"collection":[{"href":"https:\/\/www.univ-sba.dz\/aml\/wp-json\/wp\/v2\/pages"}],"about":[{"href":"https:\/\/www.univ-sba.dz\/aml\/wp-json\/wp\/v2\/types\/page"}],"author":[{"embeddable":true,"href":"https:\/\/www.univ-sba.dz\/aml\/wp-json\/wp\/v2\/users\/1"}],"replies":[{"embeddable":true,"href":"https:\/\/www.univ-sba.dz\/aml\/wp-json\/wp\/v2\/comments?post=765"}],"version-history":[{"count":28,"href":"https:\/\/www.univ-sba.dz\/aml\/wp-json\/wp\/v2\/pages\/765\/revisions"}],"predecessor-version":[{"id":870,"href":"https:\/\/www.univ-sba.dz\/aml\/wp-json\/wp\/v2\/pages\/765\/revisions\/870"}],"wp:attachment":[{"href":"https:\/\/www.univ-sba.dz\/aml\/wp-json\/wp\/v2\/media?parent=765"}],"curies":[{"name":"wp","href":"https:\/\/api.w.org\/{rel}","templated":true}]}}