{"id":2732,"date":"2024-12-09T10:09:56","date_gmt":"2024-12-09T09:09:56","guid":{"rendered":"https:\/\/www.univ-sba.dz\/dsp\/?page_id=2732"},"modified":"2026-01-05T12:00:15","modified_gmt":"2026-01-05T11:00:15","slug":"scientific-journals","status":"publish","type":"page","link":"https:\/\/www.univ-sba.dz\/dsp\/en\/scientific-journals\/","title":{"rendered":"Scientific journals"},"content":{"rendered":"\t\t<div data-elementor-type=\"wp-page\" data-elementor-id=\"2732\" class=\"elementor elementor-2732\">\n\t\t\t\t<div class=\"elementor-element elementor-element-19b8c8c e-flex e-con-boxed e-con e-parent\" data-id=\"19b8c8c\" data-element_type=\"container\" data-e-type=\"container\" data-settings=\"{&quot;background_background&quot;:&quot;classic&quot;}\">\n\t\t\t\t\t<div class=\"e-con-inner\">\n\t\t<div class=\"elementor-element elementor-element-372848a e-con-full e-flex e-con e-child\" data-id=\"372848a\" data-element_type=\"container\" data-e-type=\"container\">\n\t\t\t\t<div class=\"elementor-element elementor-element-0ccf104 elementor-widget elementor-widget-heading\" data-id=\"0ccf104\" data-element_type=\"widget\" data-e-type=\"widget\" data-widget_type=\"heading.default\">\n\t\t\t\t<div class=\"elementor-widget-container\">\n\t\t\t\t\t<h1 class=\"elementor-heading-title elementor-size-default\">Scientific Journals<\/h1>\t\t\t\t<\/div>\n\t\t\t\t<\/div>\n\t\t\t\t<\/div>\n\t\t\t\t\t<\/div>\n\t\t\t\t<\/div>\n\t\t<div class=\"elementor-element elementor-element-7267048 e-flex e-con-boxed e-con e-parent\" data-id=\"7267048\" data-element_type=\"container\" data-e-type=\"container\">\n\t\t\t\t\t<div class=\"e-con-inner\">\n\t\t<div class=\"elementor-element elementor-element-5319d6b e-con-full e-flex e-con e-child\" data-id=\"5319d6b\" data-element_type=\"container\" data-e-type=\"container\">\n\t\t<div class=\"elementor-element elementor-element-5cb55ae e-con-full e-flex e-con e-child\" data-id=\"5cb55ae\" data-element_type=\"container\" data-e-type=\"container\">\n\t\t<div class=\"elementor-element elementor-element-99b0892 e-con-full e-flex elementor-invisible e-con e-child\" data-id=\"99b0892\" data-element_type=\"container\" data-e-type=\"container\" data-settings=\"{&quot;background_background&quot;:&quot;classic&quot;,&quot;animation&quot;:&quot;fadeInUp&quot;}\">\n\t\t<div class=\"elementor-element elementor-element-5a337f3 e-con-full e-flex e-con e-child\" data-id=\"5a337f3\" data-element_type=\"container\" data-e-type=\"container\">\n\t\t\t\t<div class=\"elementor-element elementor-element-067bc58 elementor-widget elementor-widget-heading\" data-id=\"067bc58\" data-element_type=\"widget\" data-e-type=\"widget\" data-widget_type=\"heading.default\">\n\t\t\t\t<div class=\"elementor-widget-container\">\n\t\t\t\t\t<h2 class=\"elementor-heading-title elementor-size-default\">Updated list of scientific journals as  <\/h2>\t\t\t\t<\/div>\n\t\t\t\t<\/div>\n\t\t\t\t<div class=\"elementor-element elementor-element-4c2b142 elementor-widget elementor-widget-heading\" data-id=\"4c2b142\" data-element_type=\"widget\" data-e-type=\"widget\" data-widget_type=\"heading.default\">\n\t\t\t\t<div class=\"elementor-widget-container\">\n\t\t\t\t\t<h2 class=\"elementor-heading-title elementor-size-default\"> May 25, 2025<\/h2>\t\t\t\t<\/div>\n\t\t\t\t<\/div>\n\t\t<div class=\"elementor-element elementor-element-1e03417 e-grid e-con-full e-con e-child\" data-id=\"1e03417\" data-element_type=\"container\" data-e-type=\"container\">\n\t\t\t\t<div class=\"elementor-element elementor-element-d81e42d animated-fast elementor-invisible elementor-widget elementor-widget-text-editor\" data-id=\"d81e42d\" data-element_type=\"widget\" data-e-type=\"widget\" data-settings=\"{&quot;_animation&quot;:&quot;fadeInRight&quot;}\" data-widget_type=\"text-editor.default\">\n\t\t\t\t<div class=\"elementor-widget-container\">\n\t\t\t\t\t\t\t\t\t<p dir=\"RTL\">\u00a0<\/p><p data-start=\"28\" data-end=\"529\">Dans le cadre de la politique du minist\u00e8re de l\u2019Enseignement sup\u00e9rieur et de la Recherche scientifique visant \u00e0 l\u2019unification des listes des revues scientifiques, vous trouverez les liens de t\u00e9l\u00e9chargement des revues scientifiques de cat\u00e9gorie A et B, ainsi que des revues nationales, en plus de la liste des revues pr\u00e9datrices et des \u00e9diteurs pr\u00e9dateurs, conform\u00e9ment \u00e0 la nouvelle mise \u00e0 jour publi\u00e9e par la Direction g\u00e9n\u00e9rale de la Recherche scientifique et du D\u00e9veloppement technologique (DGRSDT).<\/p><h3><strong>\u00a0\u00a0 Remarque:\u00a0 <\/strong><\/h3><ul><li>Ces listes s\u2019appliquent aux articles soumis \u00e0 partir du 25 mai 2025.<\/li><\/ul><h3><strong>\u00a0 \u00a0 Avertissements importants:<\/strong><\/h3><ul><li>Les revues scientifiques class\u00e9es doivent \u00eatre non pr\u00e9datrices et ne pas \u00eatre publi\u00e9es par un \u00e9diteur pr\u00e9dateur.<\/li><li>La revue ne doit pas \u00eatre exclusivement destin\u00e9e \u00e0 la publication des actes de conf\u00e9rences.<\/li><li>La revue doit \u00eatre gratuite (sans frais de publication), \u00e0 l\u2019exception des revues index\u00e9es dans:\u00a0 \u00a0 \u00a0 \u00a0&#8211;<span style=\"font-size: 16px;\"> Web of Science, cat\u00e9gorie A<\/span><\/li><\/ul><p>\u00a0 \u00a0 \u00a0 \u00a0 \u00a0 \u00a0 \u00a0 \u00a0 \u00a0 \u00a0 \u00a0 \u00a0 \u00a0 \u00a0 \u00a0 \u00a0 \u00a0 \u00a0 \u00a0 \u00a0 \u00a0 \u00a0 \u00a0 \u00a0 \u00a0&#8211;\u00a0 \u00a0Scopus, cat\u00e9gorie B<\/p>\t\t\t\t\t\t\t\t<\/div>\n\t\t\t\t<\/div>\n\t\t\t\t<div class=\"elementor-element elementor-element-bafc70f animated-fast elementor-invisible elementor-widget elementor-widget-text-editor\" data-id=\"bafc70f\" data-element_type=\"widget\" data-e-type=\"widget\" data-settings=\"{&quot;_animation&quot;:&quot;fadeInLeft&quot;}\" data-widget_type=\"text-editor.default\">\n\t\t\t\t<div class=\"elementor-widget-container\">\n\t\t\t\t\t\t\t\t\t<p><span style=\"color: #ff9900;\"><span dir=\"LTR\" style=\"font-size: 14.0pt; font-family: Amiri;\">\u00a0 \u00a0 <\/span><\/span><span style=\"color: #ff9900;\"><span dir=\"LTR\" style=\"font-size: 35.0pt; font-family: Amiri;\">\u00a0<\/span><\/span><span style=\"color: #ff9900;\"><span lang=\"AR-SA\" style=\"font-size: 14.0pt; font-family: Amiri;\">\u00a0 \u00a0 \u00a0 \u00a0 \u00a0\u00a0<\/span><\/span><\/p><ul><li><h3><a href=\"https:\/\/www.dgrsdt.dz\/ar\/revues_A\" target=\"_blank\" rel=\"noopener\"><span style=\"color: #ff9900;\">List of Category A journals<\/span><\/a><\/h3><\/li><li><h3><a href=\"https:\/\/www.dgrsdt.dz\/ar\/revues_B\" target=\"_blank\" rel=\"noopener\"><span style=\"color: #ff9900;\"> List of Category B journals<\/span><\/a><\/h3><\/li><li><h3><span style=\"color: #ff9900;\"><a style=\"color: #ff9900;\" href=\"https:\/\/dgrsdt.dz\/ar\/recencement\" target=\"_blank\" rel=\"noopener\">\u00a0List of national journals<\/a><\/span><\/h3><\/li><li><h3><a href=\"https:\/\/dgrsdt.dz\/ar\/revues_predateur\" target=\"_blank\" rel=\"noopener\"><span style=\"color: #ff9900;\">List of predatory journals and predatory publishers <\/span><\/a><\/h3><\/li><li><h3><span style=\"color: #ff9900;\"><a style=\"color: #ff9900;\" href=\"https:\/\/asjp.cerist.dz\/\" target=\"_blank\" rel=\"noopener\">Electronic publishing platform for Algerian scientific journals<\/a><\/span><\/h3><\/li><\/ul>\t\t\t\t\t\t\t\t<\/div>\n\t\t\t\t<\/div>\n\t\t\t\t<\/div>\n\t\t\t\t<\/div>\n\t\t\t\t<\/div>\n\t\t\t\t<\/div>\n\t\t\t\t<\/div>\n\t\t\t\t\t<\/div>\n\t\t\t\t<\/div>\n\t\t\t\t<\/div>\n\t\t","protected":false},"excerpt":{"rendered":"<p>Scientific Journals Updated list of scientific journals as May 25, 2025 \u00a0 Dans le cadre de la politique du minist\u00e8re de l\u2019Enseignement sup\u00e9rieur et de la Recherche scientifique visant \u00e0 l\u2019unification des listes des revues scientifiques, vous trouverez les liens de t\u00e9l\u00e9chargement des revues scientifiques de cat\u00e9gorie A et B, ainsi que des revues nationales, [&hellip;]<\/p>\n","protected":false},"author":4,"featured_media":0,"parent":0,"menu_order":0,"comment_status":"closed","ping_status":"closed","template":"","meta":{"_uag_custom_page_level_css":"","postBodyCss":"","postBodyMargin":[],"postBodyPadding":[],"postBodyBackground":{"backgroundType":"classic","gradient":""},"site-sidebar-layout":"no-sidebar","site-content-layout":"page-builder","ast-site-content-layout":"full-width-container","site-content-style":"unboxed","site-sidebar-style":"unboxed","ast-global-header-display":"","ast-banner-title-visibility":"","ast-main-header-display":"","ast-hfb-above-header-display":"","ast-hfb-below-header-display":"","ast-hfb-mobile-header-display":"","site-post-title":"disabled","ast-breadcrumbs-content":"disabled","ast-featured-img":"disabled","footer-sml-layout":"","ast-disable-related-posts":"","theme-transparent-header-meta":"enabled","adv-header-id-meta":"","stick-header-meta":"","header-above-stick-meta":"","header-main-stick-meta":"","header-below-stick-meta":"","astra-migrate-meta-layouts":"set","ast-page-background-enabled":"default","ast-page-background-meta":{"desktop":{"background-color":"var(--ast-global-color-4)","background-image":"","background-repeat":"repeat","background-position":"center center","background-size":"auto","background-attachment":"scroll","background-type":"","background-media":"","overlay-type":"","overlay-color":"","overlay-opacity":"","overlay-gradient":""},"tablet":{"background-color":"","background-image":"","background-repeat":"repeat","background-position":"center center","background-size":"auto","background-attachment":"scroll","background-type":"","background-media":"","overlay-type":"","overlay-color":"","overlay-opacity":"","overlay-gradient":""},"mobile":{"background-color":"","background-image":"","background-repeat":"repeat","background-position":"center center","background-size":"auto","background-attachment":"scroll","background-type":"","background-media":"","overlay-type":"","overlay-color":"","overlay-opacity":"","overlay-gradient":""}},"ast-content-background-meta":{"desktop":{"background-color":"var(--ast-global-color-5)","background-image":"","background-repeat":"repeat","background-position":"center center","background-size":"auto","background-attachment":"scroll","background-type":"","background-media":"","overlay-type":"","overlay-color":"","overlay-opacity":"","overlay-gradient":""},"tablet":{"background-color":"var(--ast-global-color-5)","background-image":"","background-repeat":"repeat","background-position":"center center","background-size":"auto","background-attachment":"scroll","background-type":"","background-media":"","overlay-type":"","overlay-color":"","overlay-opacity":"","overlay-gradient":""},"mobile":{"background-color":"var(--ast-global-color-5)","background-image":"","background-repeat":"repeat","background-position":"center center","background-size":"auto","background-attachment":"scroll","background-type":"","background-media":"","overlay-type":"","overlay-color":"","overlay-opacity":"","overlay-gradient":""}},"footnotes":""},"class_list":["post-2732","page","type-page","status-publish","hentry"],"uagb_featured_image_src":{"full":false,"thumbnail":false,"medium":false,"medium_large":false,"large":false,"1536x1536":false,"2048x2048":false},"uagb_author_info":{"display_name":"Soumia Meghraoui","author_link":"https:\/\/www.univ-sba.dz\/dsp\/author\/kanon-adm\/"},"uagb_comment_info":0,"uagb_excerpt":"Scientific Journals Updated list of scientific journals as May 25, 2025 \u00a0 Dans le cadre de la politique du minist\u00e8re de l\u2019Enseignement sup\u00e9rieur et de la Recherche scientifique visant \u00e0 l\u2019unification des listes des revues scientifiques, vous trouverez les liens de t\u00e9l\u00e9chargement des revues scientifiques de cat\u00e9gorie A et B, ainsi que des revues nationales,\u2026","rttpg_featured_image_url":null,"rttpg_author":{"display_name":"Soumia Meghraoui","author_link":"https:\/\/www.univ-sba.dz\/dsp\/author\/kanon-adm\/"},"rttpg_comment":0,"rttpg_category":" <a href=\"https:\/\/www.univ-sba.dz\/dsp\/en\/\" rel=\"tag\">English<\/a>","rttpg_excerpt":"Scientific Journals Updated list of scientific journals as May 25, 2025 \u00a0 Dans le cadre de la politique du minist\u00e8re de l\u2019Enseignement sup\u00e9rieur et de la Recherche scientifique visant \u00e0 l\u2019unification des listes des revues scientifiques, vous trouverez les liens de t\u00e9l\u00e9chargement des revues scientifiques de cat\u00e9gorie A et B, ainsi que des revues nationales,\u2026","_links":{"self":[{"href":"https:\/\/www.univ-sba.dz\/dsp\/wp-json\/wp\/v2\/pages\/2732","targetHints":{"allow":["GET"]}}],"collection":[{"href":"https:\/\/www.univ-sba.dz\/dsp\/wp-json\/wp\/v2\/pages"}],"about":[{"href":"https:\/\/www.univ-sba.dz\/dsp\/wp-json\/wp\/v2\/types\/page"}],"author":[{"embeddable":true,"href":"https:\/\/www.univ-sba.dz\/dsp\/wp-json\/wp\/v2\/users\/4"}],"replies":[{"embeddable":true,"href":"https:\/\/www.univ-sba.dz\/dsp\/wp-json\/wp\/v2\/comments?post=2732"}],"version-history":[{"count":40,"href":"https:\/\/www.univ-sba.dz\/dsp\/wp-json\/wp\/v2\/pages\/2732\/revisions"}],"predecessor-version":[{"id":7616,"href":"https:\/\/www.univ-sba.dz\/dsp\/wp-json\/wp\/v2\/pages\/2732\/revisions\/7616"}],"wp:attachment":[{"href":"https:\/\/www.univ-sba.dz\/dsp\/wp-json\/wp\/v2\/media?parent=2732"}],"curies":[{"name":"wp","href":"https:\/\/api.w.org\/{rel}","templated":true}]}}