{"id":2751,"date":"2024-12-09T10:34:42","date_gmt":"2024-12-09T09:34:42","guid":{"rendered":"https:\/\/www.univ-sba.dz\/dsp\/?page_id=2751"},"modified":"2025-12-25T10:43:41","modified_gmt":"2025-12-25T09:43:41","slug":"projets-de-recherche-scientifique","status":"publish","type":"page","link":"https:\/\/www.univ-sba.dz\/dsp\/fr\/projets-de-recherche-scientifique\/","title":{"rendered":"Projets de recherche scientifique"},"content":{"rendered":"\t\t<div data-elementor-type=\"wp-page\" data-elementor-id=\"2751\" class=\"elementor elementor-2751\">\n\t\t\t\t<div class=\"elementor-element elementor-element-19b8c8c e-flex e-con-boxed e-con e-parent\" data-id=\"19b8c8c\" data-element_type=\"container\" data-e-type=\"container\" data-settings=\"{&quot;background_background&quot;:&quot;classic&quot;}\">\n\t\t\t\t\t<div class=\"e-con-inner\">\n\t\t<div class=\"elementor-element elementor-element-372848a e-con-full e-flex e-con e-child\" data-id=\"372848a\" data-element_type=\"container\" data-e-type=\"container\">\n\t\t\t\t<div class=\"elementor-element elementor-element-0ccf104 elementor-widget elementor-widget-heading\" data-id=\"0ccf104\" data-element_type=\"widget\" data-e-type=\"widget\" data-widget_type=\"heading.default\">\n\t\t\t\t<div class=\"elementor-widget-container\">\n\t\t\t\t\t<h1 class=\"elementor-heading-title elementor-size-default\">Projets de Recherche Scientifique\n<\/h1>\t\t\t\t<\/div>\n\t\t\t\t<\/div>\n\t\t\t\t<\/div>\n\t\t\t\t\t<\/div>\n\t\t\t\t<\/div>\n\t\t<div class=\"elementor-element elementor-element-2324aa5 e-flex e-con-boxed e-con e-parent\" data-id=\"2324aa5\" data-element_type=\"container\" data-e-type=\"container\">\n\t\t\t\t\t<div class=\"e-con-inner\">\n\t\t\t\t<div class=\"elementor-element elementor-element-fb0576d elementor-invisible elementor-widget elementor-widget-heading\" data-id=\"fb0576d\" data-element_type=\"widget\" data-e-type=\"widget\" data-settings=\"{&quot;_animation&quot;:&quot;fadeInDown&quot;}\" data-widget_type=\"heading.default\">\n\t\t\t\t<div class=\"elementor-widget-container\">\n\t\t\t\t\t<h3 class=\"elementor-heading-title elementor-size-default\">Projets de recherche scientifique de la Facult\u00e9 de droit et des sciences politiques<\/h3>\t\t\t\t<\/div>\n\t\t\t\t<\/div>\n\t\t\t\t\t<\/div>\n\t\t\t\t<\/div>\n\t\t<div class=\"elementor-element elementor-element-9ac4b3a e-flex e-con-boxed e-con e-parent\" data-id=\"9ac4b3a\" data-element_type=\"container\" data-e-type=\"container\">\n\t\t\t\t\t<div class=\"e-con-inner\">\n\t\t<div class=\"elementor-element elementor-element-90ae1ad e-con-full e-flex e-con e-child\" data-id=\"90ae1ad\" data-element_type=\"container\" data-e-type=\"container\">\n\t\t\t\t<div class=\"elementor-element elementor-element-62999f6 elementor-widget elementor-widget-heading\" data-id=\"62999f6\" data-element_type=\"widget\" data-e-type=\"widget\" data-widget_type=\"heading.default\">\n\t\t\t\t<div class=\"elementor-widget-container\">\n\t\t\t\t\t<h3 class=\"elementor-heading-title elementor-size-default\">Ces projets couvrent toutes les sp\u00e9cialit\u00e9s existantes au sein de la facult\u00e9, et parmi les axes de recherche, on peut citer ce qui suit :<\/h3>\t\t\t\t<\/div>\n\t\t\t\t<\/div>\n\t\t\t\t<\/div>\n\t\t\t\t\t<\/div>\n\t\t\t\t<\/div>\n\t\t<div class=\"elementor-element elementor-element-01ff80a e-flex e-con-boxed e-con e-parent\" data-id=\"01ff80a\" data-element_type=\"container\" data-e-type=\"container\">\n\t\t\t\t\t<div class=\"e-con-inner\">\n\t\t<div class=\"elementor-element elementor-element-12c3bac e-con-full e-flex e-con e-child\" data-id=\"12c3bac\" data-element_type=\"container\" data-e-type=\"container\">\n\t\t\t\t<div class=\"elementor-element elementor-element-9453757 elementor-widget elementor-widget-n-accordion\" data-id=\"9453757\" data-element_type=\"widget\" data-e-type=\"widget\" data-settings=\"{&quot;default_state&quot;:&quot;expanded&quot;,&quot;max_items_expended&quot;:&quot;one&quot;,&quot;n_accordion_animation_duration&quot;:{&quot;unit&quot;:&quot;ms&quot;,&quot;size&quot;:400,&quot;sizes&quot;:[]}}\" data-widget_type=\"nested-accordion.default\">\n\t\t\t\t<div class=\"elementor-widget-container\">\n\t\t\t\t\t\t\t<div class=\"e-n-accordion\" aria-label=\"Accordion. Open links with Enter or Space, close with Escape, and navigate with Arrow Keys\">\n\t\t\t\t\t\t<details id=\"e-n-accordion-item-1550\" class=\"e-n-accordion-item\" open>\n\t\t\t\t<summary class=\"e-n-accordion-item-title\" data-accordion-index=\"1\" tabindex=\"0\" aria-expanded=\"true\" aria-controls=\"e-n-accordion-item-1550\" >\n\t\t\t\t\t<span class='e-n-accordion-item-title-header'><div class=\"e-n-accordion-item-title-text\"> Projets de recherche dans le cadre du PRFU <\/div><\/span>\n\t\t\t\t\t\t\t<span class='e-n-accordion-item-title-icon'>\n\t\t\t<span class='e-opened' ><svg aria-hidden=\"true\" class=\"e-font-icon-svg e-fas-minus\" viewBox=\"0 0 448 512\" xmlns=\"http:\/\/www.w3.org\/2000\/svg\"><path d=\"M416 208H32c-17.67 0-32 14.33-32 32v32c0 17.67 14.33 32 32 32h384c17.67 0 32-14.33 32-32v-32c0-17.67-14.33-32-32-32z\"><\/path><\/svg><\/span>\n\t\t\t<span class='e-closed'><svg aria-hidden=\"true\" class=\"e-font-icon-svg e-fas-plus\" viewBox=\"0 0 448 512\" xmlns=\"http:\/\/www.w3.org\/2000\/svg\"><path d=\"M416 208H272V64c0-17.67-14.33-32-32-32h-32c-17.67 0-32 14.33-32 32v144H32c-17.67 0-32 14.33-32 32v32c0 17.67 14.33 32 32 32h144v144c0 17.67 14.33 32 32 32h32c17.67 0 32-14.33 32-32V304h144c17.67 0 32-14.33 32-32v-32c0-17.67-14.33-32-32-32z\"><\/path><\/svg><\/span>\n\t\t<\/span>\n\n\t\t\t\t\t\t<\/summary>\n\t\t\t\t<div role=\"region\" aria-labelledby=\"e-n-accordion-item-1550\" class=\"elementor-element elementor-element-157c9d2 e-con-full e-flex e-con e-child\" data-id=\"157c9d2\" data-element_type=\"container\" data-e-type=\"container\">\n\t\t\t\t<div class=\"elementor-element elementor-element-0c0c819 elementor-widget elementor-widget-text-editor\" data-id=\"0c0c819\" data-element_type=\"widget\" data-e-type=\"widget\" data-widget_type=\"text-editor.default\">\n\t\t\t\t<div class=\"elementor-widget-container\">\n\t\t\t\t\t\t\t\t\t<h4>\u00a0<\/h4><table><tbody><tr><td><span style=\"color: #ff9900;\">Num\u00e9ro<\/span><\/td><td><span style=\"color: #ff9900;\">Responsable du projet<\/span><\/td><td><span style=\"color: #ff9900;\">Grade<\/span><\/td><td><span style=\"color: #ff9900;\">Code du projet<\/span><\/td><td><span style=\"color: #ff9900;\">Intitul\u00e9 du projet<\/span><\/td><\/tr><tr><td>01<\/td><td width=\"218\">Bouras Najia<\/td><td width=\"95\">Professeure de l\u2019enseignement sup\u00e9rieur<\/td><td width=\"175\">G01L01UN220120220002<\/td><td width=\"370\">Le financement immobilier et la finance islamique comme alternative pour dynamiser et r\u00e9guler le march\u00e9 immobilier<\/td><\/tr><tr><td>02<\/td><td width=\"218\">Ferraoun Mohamed<\/td><td width=\"95\">Professeure de l\u2019enseignement sup\u00e9rieur<\/td><td width=\"175\">G01L01UN220120220003<\/td><td width=\"370\">La protection des droits et libert\u00e9s des individus dans le domaine num\u00e9rique<\/td><\/tr><tr><td>03<\/td><td width=\"218\">Laboukh Mohamed<\/td><td width=\"95\">Ma\u00eetre de conf\u00e9rences A<\/td><td width=\"175\">G02L01UN220120230001<\/td><td width=\"370\"><p data-start=\"459\" data-end=\"637\">Les relations alg\u00e9ro-africaines entre les d\u00e9terminants politiques et les exigences du d\u00e9veloppement \u00e9conomique.<\/p><\/td><\/tr><tr><td>04<\/td><td width=\"218\">Chaib Souria<\/td><td width=\"95\">Professeure de l\u2019enseignement sup\u00e9rieur<\/td><td width=\"175\">G01L01UN220120230001<\/td><td width=\"370\">La num\u00e9risation de la justice et le droit<\/td><\/tr><tr><td>05<\/td><td width=\"218\">Laghouati Abbas<\/td><td width=\"95\">Professeure de l\u2019enseignement sup\u00e9rieur<\/td><td width=\"175\">G01L01UN220120230002<\/td><td width=\"370\">Le contentieux environnemental devant la justice alg\u00e9rienne : entre gen\u00e8se et obstacles<\/td><\/tr><tr><td>06<\/td><td width=\"218\">Oussehla Abdelrahim<\/td><td width=\"95\">Professeure de l\u2019enseignement sup\u00e9rieur<\/td><td width=\"175\">G01L01UN220120230003<\/td><td width=\"370\">L\u2019investissement et la gestion<\/td><\/tr><tr><td>07<\/td><td width=\"218\">Zouggar Abdelkader<\/td><td width=\"95\">Ma\u00eetre de conf\u00e9rences A<\/td><td width=\"175\">G01L01UN220120230004<\/td><td width=\"370\">Les actes de gestion entre interdiction et autorisation<\/td><\/tr><tr><td>08<\/td><td width=\"218\">Mouhi Eddine Aouatef<\/td><td width=\"95\">Mouhi Eddine Aouatef<\/td><td width=\"175\">G01L01UN220120230005<\/td><td width=\"370\"><p data-start=\"1202\" data-end=\"1420\">Le foncier entre les exigences de la s\u00e9curit\u00e9 juridique et la n\u00e9cessit\u00e9 de promouvoir l\u2019investissement et de dynamiser l\u2019\u00e9conomie.<\/p><\/td><\/tr><tr><td>09<\/td><td width=\"218\">Samoud Sid Ahmed<\/td><td width=\"95\">Professeure de l\u2019enseignement sup\u00e9rieur<\/td><td width=\"175\">G01L01UN220120230006<\/td><td width=\"370\">L\u2019interdiction en droit des affaires entre confirmation et suppression<\/td><\/tr><tr><td>10<\/td><td width=\"218\">Saboungi Nadia<\/td><td width=\"95\">Professeure de l\u2019enseignement sup\u00e9rieur<\/td><td width=\"175\">G01L01UN220120230007<\/td><td width=\"370\">La gouvernance des entreprises publiques \u00e9conomiques<\/td><\/tr><tr><td>11<\/td><td width=\"218\">Sohbi Mohamed Amine<\/td><td width=\"95\">Ma\u00eetre de conf\u00e9rences A<\/td><td width=\"175\">G01L01UN220120230008<\/td><td width=\"370\">Le droit des \u00e9tablissements hospitaliers et des soins de sant\u00e9 dans la l\u00e9gislation alg\u00e9rienne.<\/td><\/tr><tr><td>12<\/td><td width=\"218\">Djendouli Fatima<\/td><td width=\"95\">Ma\u00eetre de conf\u00e9rences A<\/td><td width=\"175\">G01L01UN220120230012<\/td><td width=\"370\">L\u2019organisation juridique de l\u2019entreprise et les d\u00e9fis des quatri\u00e8me et cinqui\u00e8me r\u00e9volutions industrielles<\/td><\/tr><\/tbody><\/table>\t\t\t\t\t\t\t\t<\/div>\n\t\t\t\t<\/div>\n\t\t\t\t<div class=\"elementor-element elementor-element-f3835c1 elementor-invisible elementor-widget elementor-widget-heading\" data-id=\"f3835c1\" data-element_type=\"widget\" data-e-type=\"widget\" data-settings=\"{&quot;_animation&quot;:&quot;fadeInDown&quot;}\" data-widget_type=\"heading.default\">\n\t\t\t\t<div class=\"elementor-widget-container\">\n\t\t\t\t\t<h3 class=\"elementor-heading-title elementor-size-default\">Scientific Research Projects of the Faculty of Law and Political Science<\/h3>\t\t\t\t<\/div>\n\t\t\t\t<\/div>\n\t\t\t\t<\/div>\n\t\t\t\t\t<\/details>\n\t\t\t\t\t\t<details id=\"e-n-accordion-item-1551\" class=\"e-n-accordion-item\" >\n\t\t\t\t<summary class=\"e-n-accordion-item-title\" data-accordion-index=\"2\" tabindex=\"-1\" aria-expanded=\"false\" aria-controls=\"e-n-accordion-item-1551\" >\n\t\t\t\t\t<span class='e-n-accordion-item-title-header'><div class=\"e-n-accordion-item-title-text\"> Projets de recherche nationaux (PNR) <\/div><\/span>\n\t\t\t\t\t\t\t<span class='e-n-accordion-item-title-icon'>\n\t\t\t<span class='e-opened' ><svg aria-hidden=\"true\" class=\"e-font-icon-svg e-fas-minus\" viewBox=\"0 0 448 512\" xmlns=\"http:\/\/www.w3.org\/2000\/svg\"><path d=\"M416 208H32c-17.67 0-32 14.33-32 32v32c0 17.67 14.33 32 32 32h384c17.67 0 32-14.33 32-32v-32c0-17.67-14.33-32-32-32z\"><\/path><\/svg><\/span>\n\t\t\t<span class='e-closed'><svg aria-hidden=\"true\" class=\"e-font-icon-svg e-fas-plus\" viewBox=\"0 0 448 512\" xmlns=\"http:\/\/www.w3.org\/2000\/svg\"><path d=\"M416 208H272V64c0-17.67-14.33-32-32-32h-32c-17.67 0-32 14.33-32 32v144H32c-17.67 0-32 14.33-32 32v32c0 17.67 14.33 32 32 32h144v144c0 17.67 14.33 32 32 32h32c17.67 0 32-14.33 32-32V304h144c17.67 0 32-14.33 32-32v-32c0-17.67-14.33-32-32-32z\"><\/path><\/svg><\/span>\n\t\t<\/span>\n\n\t\t\t\t\t\t<\/summary>\n\t\t\t\t<div role=\"region\" aria-labelledby=\"e-n-accordion-item-1551\" class=\"elementor-element elementor-element-b764240 e-con-full e-flex e-con e-child\" data-id=\"b764240\" data-element_type=\"container\" data-e-type=\"container\">\n\t\t\t\t<div class=\"elementor-element elementor-element-2465fbb elementor-widget elementor-widget-text-editor\" data-id=\"2465fbb\" data-element_type=\"widget\" data-e-type=\"widget\" data-widget_type=\"text-editor.default\">\n\t\t\t\t<div class=\"elementor-widget-container\">\n\t\t\t\t\t\t\t\t\t<h2 class=\"elementor-heading-title elementor-size-default\"><\/h2>\n<table>\n<tbody>\n<tr>\n<td><span style=\"color: #ff9900;\">Responsable du projet<\/td>\n<td><span style=\"color: #ff9900;\">Intitul\u00e9 du projet<\/td>\n<\/tr>\n<tr>\n<td><\/td>\n<td><\/td>\n<\/tr>\n<tr>\n<td><\/td>\n<td><\/td>\n<\/tr>\n<tr>\n<td><\/td>\n<td><\/td>\n<\/tr>\n<\/tbody>\n<\/table>\t\t\t\t\t\t\t\t<\/div>\n\t\t\t\t<\/div>\n\t\t\t\t<\/div>\n\t\t\t\t\t<\/details>\n\t\t\t\t\t\t<details id=\"e-n-accordion-item-1552\" class=\"e-n-accordion-item\" >\n\t\t\t\t<summary class=\"e-n-accordion-item-title\" data-accordion-index=\"3\" tabindex=\"-1\" aria-expanded=\"false\" aria-controls=\"e-n-accordion-item-1552\" >\n\t\t\t\t\t<span class='e-n-accordion-item-title-header'><div class=\"e-n-accordion-item-title-text\"> Projets de recherche internationaux <\/div><\/span>\n\t\t\t\t\t\t\t<span class='e-n-accordion-item-title-icon'>\n\t\t\t<span class='e-opened' ><svg aria-hidden=\"true\" class=\"e-font-icon-svg e-fas-minus\" viewBox=\"0 0 448 512\" xmlns=\"http:\/\/www.w3.org\/2000\/svg\"><path d=\"M416 208H32c-17.67 0-32 14.33-32 32v32c0 17.67 14.33 32 32 32h384c17.67 0 32-14.33 32-32v-32c0-17.67-14.33-32-32-32z\"><\/path><\/svg><\/span>\n\t\t\t<span class='e-closed'><svg aria-hidden=\"true\" class=\"e-font-icon-svg e-fas-plus\" viewBox=\"0 0 448 512\" xmlns=\"http:\/\/www.w3.org\/2000\/svg\"><path d=\"M416 208H272V64c0-17.67-14.33-32-32-32h-32c-17.67 0-32 14.33-32 32v144H32c-17.67 0-32 14.33-32 32v32c0 17.67 14.33 32 32 32h144v144c0 17.67 14.33 32 32 32h32c17.67 0 32-14.33 32-32V304h144c17.67 0 32-14.33 32-32v-32c0-17.67-14.33-32-32-32z\"><\/path><\/svg><\/span>\n\t\t<\/span>\n\n\t\t\t\t\t\t<\/summary>\n\t\t\t\t<div role=\"region\" aria-labelledby=\"e-n-accordion-item-1552\" class=\"elementor-element elementor-element-76a131c e-con-full e-flex e-con e-child\" data-id=\"76a131c\" data-element_type=\"container\" data-e-type=\"container\">\n\t\t\t\t<div class=\"elementor-element elementor-element-d3a5f10 elementor-widget elementor-widget-text-editor\" data-id=\"d3a5f10\" data-element_type=\"widget\" data-e-type=\"widget\" data-widget_type=\"text-editor.default\">\n\t\t\t\t<div class=\"elementor-widget-container\">\n\t\t\t\t\t\t\t\t\t&nbsp;\n<h2><\/h2>\n<table>\n<tbody>\n<tr>\n<td><span style=\"color: #ff9900;\">Projet<\/td>\n<td><span style=\"color: #ff9900;\">Intitul\u00e9 du projet<\/td>\n<td><span style=\"color: #ff9900;\">Partenaire<\/td>\n<\/tr>\n<tr>\n<td><\/td>\n<td><\/td>\n<td><\/td>\n<\/tr>\n<tr>\n<td><\/td>\n<td><\/td>\n<td><\/td>\n<\/tr>\n<tr>\n<td><\/td>\n<td><\/td>\n<td><\/td>\n<\/tr>\n<\/tbody>\n<\/table>\t\t\t\t\t\t\t\t<\/div>\n\t\t\t\t<\/div>\n\t\t\t\t<\/div>\n\t\t\t\t\t<\/details>\n\t\t\t\t\t<\/div>\n\t\t\t\t\t\t<\/div>\n\t\t\t\t<\/div>\n\t\t\t\t<\/div>\n\t\t\t\t\t<\/div>\n\t\t\t\t<\/div>\n\t\t\t\t<\/div>\n\t\t","protected":false},"excerpt":{"rendered":"<p>Projets de Recherche Scientifique Projets de recherche scientifique de la Facult\u00e9 de droit et des sciences politiques Ces projets couvrent toutes les sp\u00e9cialit\u00e9s existantes au sein de la facult\u00e9, et parmi les axes de recherche, on peut citer ce qui suit : Projets de recherche dans le cadre du PRFU \u00a0 Num\u00e9ro Responsable du projet [&hellip;]<\/p>\n","protected":false},"author":4,"featured_media":0,"parent":0,"menu_order":0,"comment_status":"closed","ping_status":"closed","template":"","meta":{"_uag_custom_page_level_css":"","postBodyCss":"","postBodyMargin":[],"postBodyPadding":[],"postBodyBackground":{"backgroundType":"classic","gradient":""},"site-sidebar-layout":"no-sidebar","site-content-layout":"page-builder","ast-site-content-layout":"full-width-container","site-content-style":"unboxed","site-sidebar-style":"unboxed","ast-global-header-display":"","ast-banner-title-visibility":"","ast-main-header-display":"","ast-hfb-above-header-display":"","ast-hfb-below-header-display":"","ast-hfb-mobile-header-display":"","site-post-title":"disabled","ast-breadcrumbs-content":"disabled","ast-featured-img":"disabled","footer-sml-layout":"","ast-disable-related-posts":"","theme-transparent-header-meta":"enabled","adv-header-id-meta":"","stick-header-meta":"","header-above-stick-meta":"","header-main-stick-meta":"","header-below-stick-meta":"","astra-migrate-meta-layouts":"set","ast-page-background-enabled":"default","ast-page-background-meta":{"desktop":{"background-color":"var(--ast-global-color-4)","background-image":"","background-repeat":"repeat","background-position":"center center","background-size":"auto","background-attachment":"scroll","background-type":"","background-media":"","overlay-type":"","overlay-color":"","overlay-opacity":"","overlay-gradient":""},"tablet":{"background-color":"","background-image":"","background-repeat":"repeat","background-position":"center center","background-size":"auto","background-attachment":"scroll","background-type":"","background-media":"","overlay-type":"","overlay-color":"","overlay-opacity":"","overlay-gradient":""},"mobile":{"background-color":"","background-image":"","background-repeat":"repeat","background-position":"center center","background-size":"auto","background-attachment":"scroll","background-type":"","background-media":"","overlay-type":"","overlay-color":"","overlay-opacity":"","overlay-gradient":""}},"ast-content-background-meta":{"desktop":{"background-color":"var(--ast-global-color-5)","background-image":"","background-repeat":"repeat","background-position":"center center","background-size":"auto","background-attachment":"scroll","background-type":"","background-media":"","overlay-type":"","overlay-color":"","overlay-opacity":"","overlay-gradient":""},"tablet":{"background-color":"var(--ast-global-color-5)","background-image":"","background-repeat":"repeat","background-position":"center center","background-size":"auto","background-attachment":"scroll","background-type":"","background-media":"","overlay-type":"","overlay-color":"","overlay-opacity":"","overlay-gradient":""},"mobile":{"background-color":"var(--ast-global-color-5)","background-image":"","background-repeat":"repeat","background-position":"center center","background-size":"auto","background-attachment":"scroll","background-type":"","background-media":"","overlay-type":"","overlay-color":"","overlay-opacity":"","overlay-gradient":""}},"footnotes":""},"class_list":["post-2751","page","type-page","status-publish","hentry"],"uagb_featured_image_src":{"full":false,"thumbnail":false,"medium":false,"medium_large":false,"large":false,"1536x1536":false,"2048x2048":false},"uagb_author_info":{"display_name":"Soumia Meghraoui","author_link":"https:\/\/www.univ-sba.dz\/dsp\/author\/kanon-adm\/"},"uagb_comment_info":0,"uagb_excerpt":"Projets de Recherche Scientifique Projets de recherche scientifique de la Facult\u00e9 de droit et des sciences politiques Ces projets couvrent toutes les sp\u00e9cialit\u00e9s existantes au sein de la facult\u00e9, et parmi les axes de recherche, on peut citer ce qui suit : Projets de recherche dans le cadre du PRFU \u00a0 Num\u00e9ro Responsable du projet\u2026","rttpg_featured_image_url":null,"rttpg_author":{"display_name":"Soumia Meghraoui","author_link":"https:\/\/www.univ-sba.dz\/dsp\/author\/kanon-adm\/"},"rttpg_comment":0,"rttpg_category":" <a href=\"https:\/\/www.univ-sba.dz\/dsp\/fr\/\" rel=\"tag\">Fran\u00e7ais<\/a>","rttpg_excerpt":"Projets de Recherche Scientifique Projets de recherche scientifique de la Facult\u00e9 de droit et des sciences politiques Ces projets couvrent toutes les sp\u00e9cialit\u00e9s existantes au sein de la facult\u00e9, et parmi les axes de recherche, on peut citer ce qui suit : Projets de recherche dans le cadre du PRFU \u00a0 Num\u00e9ro Responsable du projet\u2026","_links":{"self":[{"href":"https:\/\/www.univ-sba.dz\/dsp\/wp-json\/wp\/v2\/pages\/2751","targetHints":{"allow":["GET"]}}],"collection":[{"href":"https:\/\/www.univ-sba.dz\/dsp\/wp-json\/wp\/v2\/pages"}],"about":[{"href":"https:\/\/www.univ-sba.dz\/dsp\/wp-json\/wp\/v2\/types\/page"}],"author":[{"embeddable":true,"href":"https:\/\/www.univ-sba.dz\/dsp\/wp-json\/wp\/v2\/users\/4"}],"replies":[{"embeddable":true,"href":"https:\/\/www.univ-sba.dz\/dsp\/wp-json\/wp\/v2\/comments?post=2751"}],"version-history":[{"count":145,"href":"https:\/\/www.univ-sba.dz\/dsp\/wp-json\/wp\/v2\/pages\/2751\/revisions"}],"predecessor-version":[{"id":7435,"href":"https:\/\/www.univ-sba.dz\/dsp\/wp-json\/wp\/v2\/pages\/2751\/revisions\/7435"}],"wp:attachment":[{"href":"https:\/\/www.univ-sba.dz\/dsp\/wp-json\/wp\/v2\/media?parent=2751"}],"curies":[{"name":"wp","href":"https:\/\/api.w.org\/{rel}","templated":true}]}}