{"id":4437,"date":"2025-08-25T17:19:25","date_gmt":"2025-08-25T15:19:25","guid":{"rendered":"https:\/\/www.univ-sba.dz\/dsp\/?page_id=4437"},"modified":"2025-12-10T14:41:32","modified_gmt":"2025-12-10T13:41:32","slug":"conseil-de-discipline-de-la-faculte","status":"publish","type":"page","link":"https:\/\/www.univ-sba.dz\/dsp\/fr\/conseil-de-discipline-de-la-faculte\/","title":{"rendered":"Conseil de discipline de la facult\u00e9"},"content":{"rendered":"\t\t<div data-elementor-type=\"wp-page\" data-elementor-id=\"4437\" class=\"elementor elementor-4437\">\n\t\t\t\t<div class=\"elementor-element elementor-element-f09d2b4 e-con-full e-flex e-con e-parent\" data-id=\"f09d2b4\" data-element_type=\"container\" data-e-type=\"container\">\n\t\t<div class=\"elementor-element elementor-element-fdb27d6 e-con-full e-flex e-con e-child\" data-id=\"fdb27d6\" data-element_type=\"container\" data-e-type=\"container\">\n\t\t<div class=\"elementor-element elementor-element-a21a9bc e-con-full e-flex e-con e-child\" data-id=\"a21a9bc\" data-element_type=\"container\" data-e-type=\"container\" data-settings=\"{&quot;background_background&quot;:&quot;classic&quot;}\">\n\t\t<div class=\"elementor-element elementor-element-743c7a5 e-con-full e-flex e-con e-child\" data-id=\"743c7a5\" data-element_type=\"container\" data-e-type=\"container\">\n\t\t\t\t<div class=\"elementor-element elementor-element-dbdc981 elementor-widget elementor-widget-heading\" data-id=\"dbdc981\" data-element_type=\"widget\" data-e-type=\"widget\" data-widget_type=\"heading.default\">\n\t\t\t\t<div class=\"elementor-widget-container\">\n\t\t\t\t\t<h1 class=\"elementor-heading-title elementor-size-default\">Conseil de discipline de la facult\u00e9<\/h1>\t\t\t\t<\/div>\n\t\t\t\t<\/div>\n\t\t\t\t<\/div>\n\t\t\t\t<\/div>\n\t\t\t\t<\/div>\n\t\t\t\t<\/div>\n\t\t<div class=\"elementor-element elementor-element-6297a59 e-con-full e-flex e-con e-parent\" data-id=\"6297a59\" data-element_type=\"container\" data-e-type=\"container\">\n\t\t<div class=\"elementor-element elementor-element-20f31de e-flex e-con-boxed e-con e-child\" data-id=\"20f31de\" data-element_type=\"container\" data-e-type=\"container\" data-settings=\"{&quot;background_background&quot;:&quot;classic&quot;}\">\n\t\t\t\t\t<div class=\"e-con-inner\">\n\t\t<div class=\"elementor-element elementor-element-372e474 e-con-full e-flex elementor-invisible e-con e-child\" data-id=\"372e474\" data-element_type=\"container\" data-e-type=\"container\" data-settings=\"{&quot;animation&quot;:&quot;fadeInUp&quot;}\">\n\t\t<div class=\"elementor-element elementor-element-236fc86 e-con-full e-flex elementor-invisible e-con e-child\" data-id=\"236fc86\" data-element_type=\"container\" data-e-type=\"container\" data-settings=\"{&quot;animation&quot;:&quot;fadeInLeft&quot;}\">\n\t\t\t\t<div class=\"elementor-element elementor-element-39fb2c5 elementor-widget elementor-widget-image\" data-id=\"39fb2c5\" data-element_type=\"widget\" data-e-type=\"widget\" data-widget_type=\"image.default\">\n\t\t\t\t<div class=\"elementor-widget-container\">\n\t\t\t\t\t\t\t\t\t\t\t\t\t\t\t<img fetchpriority=\"high\" decoding=\"async\" width=\"640\" height=\"320\" src=\"https:\/\/www.univ-sba.dz\/dsp\/wp-content\/uploads\/2025\/01\/judge_gavel-scales_2700.jpg\" class=\"attachment-large size-large wp-image-2954\" alt=\"\" srcset=\"https:\/\/www.univ-sba.dz\/dsp\/wp-content\/uploads\/2025\/01\/judge_gavel-scales_2700.jpg 640w, https:\/\/www.univ-sba.dz\/dsp\/wp-content\/uploads\/2025\/01\/judge_gavel-scales_2700-300x150.jpg 300w\" sizes=\"(max-width: 640px) 100vw, 640px\" \/>\t\t\t\t\t\t\t\t\t\t\t\t\t\t\t<\/div>\n\t\t\t\t<\/div>\n\t\t\t\t<\/div>\n\t\t<div class=\"elementor-element elementor-element-9acae10 e-con-full e-flex elementor-invisible e-con e-child\" data-id=\"9acae10\" data-element_type=\"container\" data-e-type=\"container\" data-settings=\"{&quot;animation&quot;:&quot;fadeInRight&quot;}\">\n\t\t<div class=\"elementor-element elementor-element-e11e188 e-con-full e-flex e-con e-child\" data-id=\"e11e188\" data-element_type=\"container\" data-e-type=\"container\">\n\t\t\t\t<div class=\"elementor-element elementor-element-0b829ee elementor-widget elementor-widget-heading\" data-id=\"0b829ee\" data-element_type=\"widget\" data-e-type=\"widget\" data-widget_type=\"heading.default\">\n\t\t\t\t<div class=\"elementor-widget-container\">\n\t\t\t\t\t<h3 class=\"elementor-heading-title elementor-size-default\">Informations sur le Conseil de discipline<\/h3>\t\t\t\t<\/div>\n\t\t\t\t<\/div>\n\t\t\t\t<div class=\"elementor-element elementor-element-f632f43 elementor-icon-list--layout-traditional elementor-list-item-link-full_width elementor-widget elementor-widget-icon-list\" data-id=\"f632f43\" data-element_type=\"widget\" data-e-type=\"widget\" data-widget_type=\"icon-list.default\">\n\t\t\t\t<div class=\"elementor-widget-container\">\n\t\t\t\t\t\t\t<ul class=\"elementor-icon-list-items\">\n\t\t\t\t\t\t\t<li class=\"elementor-icon-list-item\">\n\t\t\t\t\t\t\t\t\t\t\t<a href=\"https:\/\/www.univ-sba.dz\/dsp\/wp-content\/uploads\/2025\/10\/\u0645\u0642\u0631\u0631-\u0625\u0646\u0634\u0627\u0621-\u0627\u0644\u0645\u062c\u0644\u0633-\u0627\u0644\u062a\u0623\u062f\u064a\u0628\u064a-\u0644\u0644\u0643\u0644\u064a\u0629.pdf\" target=\"_blank\">\n\n\t\t\t\t\t\t\t\t\t\t\t\t<span class=\"elementor-icon-list-icon\">\n\t\t\t\t\t\t\t<i aria-hidden=\"true\" class=\"icon icon-document\"><\/i>\t\t\t\t\t\t<\/span>\n\t\t\t\t\t\t\t\t\t\t<span class=\"elementor-icon-list-text\">D\u00e9cision de cr\u00e9ation du Conseil de discipline de la facult\u00e9<\/span>\n\t\t\t\t\t\t\t\t\t\t\t<\/a>\n\t\t\t\t\t\t\t\t\t<\/li>\n\t\t\t\t\t\t\t\t<li class=\"elementor-icon-list-item\">\n\t\t\t\t\t\t\t\t\t\t\t<a href=\"https:\/\/www.univ-sba.dz\/dsp\/wp-content\/uploads\/2025\/10\/\u0645\u0642\u0631\u0631-\u0625\u0646\u0634\u0627\u0621-\u0627\u0644\u0645\u062c\u0644\u0633-\u0627\u0644\u062a\u0623\u062f\u064a\u0628\u064a-\u0644\u0642\u0633\u0645-\u0627\u0644\u062d\u0642\u0648\u0642.pdf\" target=\"_blank\">\n\n\t\t\t\t\t\t\t\t\t\t\t\t<span class=\"elementor-icon-list-icon\">\n\t\t\t\t\t\t\t<i aria-hidden=\"true\" class=\"icon icon-document\"><\/i>\t\t\t\t\t\t<\/span>\n\t\t\t\t\t\t\t\t\t\t<span class=\"elementor-icon-list-text\">D\u00e9cision de cr\u00e9ation du Conseil de discipline du D\u00e9partement de Droit<\/span>\n\t\t\t\t\t\t\t\t\t\t\t<\/a>\n\t\t\t\t\t\t\t\t\t<\/li>\n\t\t\t\t\t\t\t\t<li class=\"elementor-icon-list-item\">\n\t\t\t\t\t\t\t\t\t\t\t<a href=\"https:\/\/www.univ-sba.dz\/dsp\/wp-content\/uploads\/2025\/10\/\u0645\u0642\u0631\u0631-\u0625\u0646\u0634\u0627\u0621-\u0627\u0644\u0645\u062c\u0644\u0633-\u0627\u0644\u062a\u0623\u062f\u064a\u0628\u064a-\u0644\u0642\u0633\u0645-\u0627\u0644\u0639\u0644\u0648\u0645-\u0627\u0644\u0633\u064a\u0627\u0633\u064a\u0629.pdf\" target=\"_blank\">\n\n\t\t\t\t\t\t\t\t\t\t\t\t<span class=\"elementor-icon-list-icon\">\n\t\t\t\t\t\t\t<i aria-hidden=\"true\" class=\"icon icon-document\"><\/i>\t\t\t\t\t\t<\/span>\n\t\t\t\t\t\t\t\t\t\t<span class=\"elementor-icon-list-text\">D\u00e9cision de cr\u00e9ation du Conseil de discipline du D\u00e9partement des sciences Politiques<\/span>\n\t\t\t\t\t\t\t\t\t\t\t<\/a>\n\t\t\t\t\t\t\t\t\t<\/li>\n\t\t\t\t\t\t<\/ul>\n\t\t\t\t\t\t<\/div>\n\t\t\t\t<\/div>\n\t\t\t\t<\/div>\n\t\t<div class=\"elementor-element elementor-element-fd73980 e-con-full e-flex e-con e-child\" data-id=\"fd73980\" data-element_type=\"container\" data-e-type=\"container\">\n\t\t\t\t<div class=\"elementor-element elementor-element-28c7384 elementor-widget elementor-widget-heading\" data-id=\"28c7384\" data-element_type=\"widget\" data-e-type=\"widget\" data-widget_type=\"heading.default\">\n\t\t\t\t<div class=\"elementor-widget-container\">\n\t\t\t\t\t<h3 class=\"elementor-heading-title elementor-size-default\">Contacter Nous<\/h3>\t\t\t\t<\/div>\n\t\t\t\t<\/div>\n\t\t\t\t<div class=\"elementor-element elementor-element-2fab15f elementor-icon-list--layout-traditional elementor-list-item-link-full_width elementor-widget elementor-widget-icon-list\" data-id=\"2fab15f\" data-element_type=\"widget\" data-e-type=\"widget\" data-widget_type=\"icon-list.default\">\n\t\t\t\t<div class=\"elementor-widget-container\">\n\t\t\t\t\t\t\t<ul class=\"elementor-icon-list-items\">\n\t\t\t\t\t\t\t<li class=\"elementor-icon-list-item\">\n\t\t\t\t\t\t\t\t\t\t\t<span class=\"elementor-icon-list-icon\">\n\t\t\t\t\t\t\t<svg aria-hidden=\"true\" class=\"e-font-icon-svg e-fas-fax\" viewBox=\"0 0 512 512\" xmlns=\"http:\/\/www.w3.org\/2000\/svg\"><path d=\"M480 160V77.25a32 32 0 0 0-9.38-22.63L425.37 9.37A32 32 0 0 0 402.75 0H160a32 32 0 0 0-32 32v448a32 32 0 0 0 32 32h320a32 32 0 0 0 32-32V192a32 32 0 0 0-32-32zM288 432a16 16 0 0 1-16 16h-32a16 16 0 0 1-16-16v-32a16 16 0 0 1 16-16h32a16 16 0 0 1 16 16zm0-128a16 16 0 0 1-16 16h-32a16 16 0 0 1-16-16v-32a16 16 0 0 1 16-16h32a16 16 0 0 1 16 16zm128 128a16 16 0 0 1-16 16h-32a16 16 0 0 1-16-16v-32a16 16 0 0 1 16-16h32a16 16 0 0 1 16 16zm0-128a16 16 0 0 1-16 16h-32a16 16 0 0 1-16-16v-32a16 16 0 0 1 16-16h32a16 16 0 0 1 16 16zm0-112H192V64h160v48a16 16 0 0 0 16 16h48zM64 128H32a32 32 0 0 0-32 32v320a32 32 0 0 0 32 32h32a32 32 0 0 0 32-32V160a32 32 0 0 0-32-32z\"><\/path><\/svg>\t\t\t\t\t\t<\/span>\n\t\t\t\t\t\t\t\t\t\t<span class=\"elementor-icon-list-text\">Fax\/Tel : 048.70.11.53<\/span>\n\t\t\t\t\t\t\t\t\t<\/li>\n\t\t\t\t\t\t<\/ul>\n\t\t\t\t\t\t<\/div>\n\t\t\t\t<\/div>\n\t\t\t\t<\/div>\n\t\t\t\t<\/div>\n\t\t\t\t<\/div>\n\t\t\t\t\t<\/div>\n\t\t\t\t<\/div>\n\t\t\t\t<\/div>\n\t\t\t\t<\/div>\n\t\t","protected":false},"excerpt":{"rendered":"<p>Conseil de discipline de la facult\u00e9 Informations sur le Conseil de discipline D\u00e9cision de cr\u00e9ation du Conseil de discipline de la facult\u00e9 D\u00e9cision de cr\u00e9ation du Conseil de discipline du D\u00e9partement de Droit D\u00e9cision de cr\u00e9ation du Conseil de discipline du D\u00e9partement des sciences Politiques Contacter Nous Fax\/Tel : 048.70.11.53<\/p>\n","protected":false},"author":4,"featured_media":0,"parent":0,"menu_order":0,"comment_status":"closed","ping_status":"closed","template":"","meta":{"_uag_custom_page_level_css":"","postBodyCss":"","postBodyMargin":[],"postBodyPadding":[],"postBodyBackground":{"backgroundType":"classic","gradient":""},"site-sidebar-layout":"no-sidebar","site-content-layout":"page-builder","ast-site-content-layout":"full-width-container","site-content-style":"default","site-sidebar-style":"default","ast-global-header-display":"","ast-banner-title-visibility":"","ast-main-header-display":"","ast-hfb-above-header-display":"","ast-hfb-below-header-display":"","ast-hfb-mobile-header-display":"","site-post-title":"disabled","ast-breadcrumbs-content":"","ast-featured-img":"disabled","footer-sml-layout":"","ast-disable-related-posts":"","theme-transparent-header-meta":"","adv-header-id-meta":"","stick-header-meta":"","header-above-stick-meta":"","header-main-stick-meta":"","header-below-stick-meta":"","astra-migrate-meta-layouts":"set","ast-page-background-enabled":"default","ast-page-background-meta":{"desktop":{"background-color":"var(--ast-global-color-4)","background-image":"","background-repeat":"repeat","background-position":"center center","background-size":"auto","background-attachment":"scroll","background-type":"","background-media":"","overlay-type":"","overlay-color":"","overlay-opacity":"","overlay-gradient":""},"tablet":{"background-color":"","background-image":"","background-repeat":"repeat","background-position":"center center","background-size":"auto","background-attachment":"scroll","background-type":"","background-media":"","overlay-type":"","overlay-color":"","overlay-opacity":"","overlay-gradient":""},"mobile":{"background-color":"","background-image":"","background-repeat":"repeat","background-position":"center center","background-size":"auto","background-attachment":"scroll","background-type":"","background-media":"","overlay-type":"","overlay-color":"","overlay-opacity":"","overlay-gradient":""}},"ast-content-background-meta":{"desktop":{"background-color":"var(--ast-global-color-5)","background-image":"","background-repeat":"repeat","background-position":"center center","background-size":"auto","background-attachment":"scroll","background-type":"","background-media":"","overlay-type":"","overlay-color":"","overlay-opacity":"","overlay-gradient":""},"tablet":{"background-color":"var(--ast-global-color-5)","background-image":"","background-repeat":"repeat","background-position":"center center","background-size":"auto","background-attachment":"scroll","background-type":"","background-media":"","overlay-type":"","overlay-color":"","overlay-opacity":"","overlay-gradient":""},"mobile":{"background-color":"var(--ast-global-color-5)","background-image":"","background-repeat":"repeat","background-position":"center center","background-size":"auto","background-attachment":"scroll","background-type":"","background-media":"","overlay-type":"","overlay-color":"","overlay-opacity":"","overlay-gradient":""}},"footnotes":""},"class_list":["post-4437","page","type-page","status-publish","hentry"],"uagb_featured_image_src":{"full":false,"thumbnail":false,"medium":false,"medium_large":false,"large":false,"1536x1536":false,"2048x2048":false},"uagb_author_info":{"display_name":"Soumia Meghraoui","author_link":"https:\/\/www.univ-sba.dz\/dsp\/author\/kanon-adm\/"},"uagb_comment_info":0,"uagb_excerpt":"Conseil de discipline de la facult\u00e9 Informations sur le Conseil de discipline D\u00e9cision de cr\u00e9ation du Conseil de discipline de la facult\u00e9 D\u00e9cision de cr\u00e9ation du Conseil de discipline du D\u00e9partement de Droit D\u00e9cision de cr\u00e9ation du Conseil de discipline du D\u00e9partement des sciences Politiques Contacter Nous Fax\/Tel : 048.70.11.53","rttpg_featured_image_url":null,"rttpg_author":{"display_name":"Soumia Meghraoui","author_link":"https:\/\/www.univ-sba.dz\/dsp\/author\/kanon-adm\/"},"rttpg_comment":0,"rttpg_category":" <a href=\"https:\/\/www.univ-sba.dz\/dsp\/fr\/\" rel=\"tag\">Fran\u00e7ais<\/a>","rttpg_excerpt":"Conseil de discipline de la facult\u00e9 Informations sur le Conseil de discipline D\u00e9cision de cr\u00e9ation du Conseil de discipline de la facult\u00e9 D\u00e9cision de cr\u00e9ation du Conseil de discipline du D\u00e9partement de Droit D\u00e9cision de cr\u00e9ation du Conseil de discipline du D\u00e9partement des sciences Politiques Contacter Nous Fax\/Tel : 048.70.11.53","_links":{"self":[{"href":"https:\/\/www.univ-sba.dz\/dsp\/wp-json\/wp\/v2\/pages\/4437","targetHints":{"allow":["GET"]}}],"collection":[{"href":"https:\/\/www.univ-sba.dz\/dsp\/wp-json\/wp\/v2\/pages"}],"about":[{"href":"https:\/\/www.univ-sba.dz\/dsp\/wp-json\/wp\/v2\/types\/page"}],"author":[{"embeddable":true,"href":"https:\/\/www.univ-sba.dz\/dsp\/wp-json\/wp\/v2\/users\/4"}],"replies":[{"embeddable":true,"href":"https:\/\/www.univ-sba.dz\/dsp\/wp-json\/wp\/v2\/comments?post=4437"}],"version-history":[{"count":28,"href":"https:\/\/www.univ-sba.dz\/dsp\/wp-json\/wp\/v2\/pages\/4437\/revisions"}],"predecessor-version":[{"id":7058,"href":"https:\/\/www.univ-sba.dz\/dsp\/wp-json\/wp\/v2\/pages\/4437\/revisions\/7058"}],"wp:attachment":[{"href":"https:\/\/www.univ-sba.dz\/dsp\/wp-json\/wp\/v2\/media?parent=4437"}],"curies":[{"name":"wp","href":"https:\/\/api.w.org\/{rel}","templated":true}]}}