{"id":2288,"date":"2024-11-28T11:20:53","date_gmt":"2024-11-28T10:20:53","guid":{"rendered":"http:\/\/www.univ-sba.dz\/isa\/?page_id=2288"},"modified":"2026-02-05T15:06:19","modified_gmt":"2026-02-05T14:06:19","slug":"contact","status":"publish","type":"page","link":"https:\/\/www.univ-sba.dz\/ge\/fr\/contact\/","title":{"rendered":"Contact"},"content":{"rendered":"\t\t<div data-elementor-type=\"wp-page\" data-elementor-id=\"2288\" class=\"elementor elementor-2288\">\n\t\t\t\t<div class=\"elementor-element elementor-element-9731434 e-flex e-con-boxed e-con e-parent\" data-id=\"9731434\" data-element_type=\"container\" data-settings=\"{&quot;background_background&quot;:&quot;classic&quot;}\">\n\t\t\t\t\t<div class=\"e-con-inner\">\n\t\t<div class=\"elementor-element elementor-element-7a8f4f6 e-con-full e-flex e-con e-child\" data-id=\"7a8f4f6\" data-element_type=\"container\">\n\t\t\t\t<div class=\"elementor-element elementor-element-6e34830 elementor-widget elementor-widget-heading\" data-id=\"6e34830\" data-element_type=\"widget\" data-widget_type=\"heading.default\">\n\t\t\t\t<div class=\"elementor-widget-container\">\n\t\t\t\t\t<h1 class=\"elementor-heading-title elementor-size-default\">Contact<\/h1>\t\t\t\t<\/div>\n\t\t\t\t<\/div>\n\t\t\t\t<\/div>\n\t\t\t\t\t<\/div>\n\t\t\t\t<\/div>\n\t\t<div class=\"elementor-element elementor-element-bd86c51 e-con-full e-flex e-con e-parent\" data-id=\"bd86c51\" data-element_type=\"container\" data-settings=\"{&quot;background_background&quot;:&quot;classic&quot;}\">\n\t\t<div class=\"elementor-element elementor-element-e70bbb6 e-con-full e-flex e-con e-child\" data-id=\"e70bbb6\" data-element_type=\"container\">\n\t\t\t\t<div class=\"elementor-element elementor-element-7acdb5d elementor-widget elementor-widget-heading\" data-id=\"7acdb5d\" data-element_type=\"widget\" data-widget_type=\"heading.default\">\n\t\t\t\t<div class=\"elementor-widget-container\">\n\t\t\t\t\t<h3 class=\"elementor-heading-title elementor-size-default\">Vous pouvez contacter la facult\u00e9<\/h3>\t\t\t\t<\/div>\n\t\t\t\t<\/div>\n\t\t\t\t<div class=\"elementor-element elementor-element-06269b5 elementor-widget elementor-widget-heading\" data-id=\"06269b5\" data-element_type=\"widget\" data-widget_type=\"heading.default\">\n\t\t\t\t<div class=\"elementor-widget-container\">\n\t\t\t\t\t<h2 class=\"elementor-heading-title elementor-size-default\">via les liens suivants<\/h2>\t\t\t\t<\/div>\n\t\t\t\t<\/div>\n\t\t\t\t<div class=\"elementor-element elementor-element-8d45360 elementor-widget elementor-widget-heading\" data-id=\"8d45360\" data-element_type=\"widget\" data-widget_type=\"heading.default\">\n\t\t\t\t<div class=\"elementor-widget-container\">\n\t\t\t\t\t<h3 class=\"elementor-heading-title elementor-size-default\">Facult\u00e9 de G\u00e9nie \u00c9lectrique<\/h3>\t\t\t\t<\/div>\n\t\t\t\t<\/div>\n\t\t\t\t<div class=\"elementor-element elementor-element-b7ff115 elementor-vertical-align-top elementor-widget elementor-widget-image-box\" data-id=\"b7ff115\" data-element_type=\"widget\" data-widget_type=\"image-box.default\">\n\t\t\t\t<div class=\"elementor-widget-container\">\n\t\t\t\t\t<div class=\"elementor-image-box-wrapper\"><div class=\"elementor-image-box-content\"><h4 class=\"elementor-image-box-title\">Adresse<\/h4><p class=\"elementor-image-box-description\">Campus universitaire, Universit\u00e9 Djilali Liab\u00e8s, Sidi Bel Abb\u00e8s 22000, Alg\u00e9rie<\/p><\/div><\/div>\t\t\t\t<\/div>\n\t\t\t\t<\/div>\n\t\t\t\t<div class=\"elementor-element elementor-element-bfaec0d elementor-vertical-align-top elementor-widget elementor-widget-image-box\" data-id=\"bfaec0d\" data-element_type=\"widget\" data-widget_type=\"image-box.default\">\n\t\t\t\t<div class=\"elementor-widget-container\">\n\t\t\t\t\t<div class=\"elementor-image-box-wrapper\"><div class=\"elementor-image-box-content\"><h4 class=\"elementor-image-box-title\">T\u00e9l\u00e9phone :<\/h4><p class=\"elementor-image-box-description\"> 048700238 213<\/p><\/div><\/div>\t\t\t\t<\/div>\n\t\t\t\t<\/div>\n\t\t\t\t<div class=\"elementor-element elementor-element-124827e elementor-vertical-align-top elementor-widget elementor-widget-image-box\" data-id=\"124827e\" data-element_type=\"widget\" data-widget_type=\"image-box.default\">\n\t\t\t\t<div class=\"elementor-widget-container\">\n\t\t\t\t\t<div class=\"elementor-image-box-wrapper\"><div class=\"elementor-image-box-content\"><h4 class=\"elementor-image-box-title\">E-mail<\/h4><p class=\"elementor-image-box-description\">fge@univ-sba.dz<\/p><\/div><\/div>\t\t\t\t<\/div>\n\t\t\t\t<\/div>\n\t\t<div class=\"elementor-element elementor-element-e8c5d4d e-con-full e-flex e-con e-child\" data-id=\"e8c5d4d\" data-element_type=\"container\">\n\t\t<div class=\"elementor-element elementor-element-a43a709 e-con-full e-flex e-con e-child\" data-id=\"a43a709\" data-element_type=\"container\">\n\t\t\t\t<div class=\"elementor-element elementor-element-9688e5a elementor-widget elementor-widget-button\" data-id=\"9688e5a\" data-element_type=\"widget\" data-widget_type=\"button.default\">\n\t\t\t\t<div class=\"elementor-widget-container\">\n\t\t\t\t\t\t\t\t\t<div class=\"elementor-button-wrapper\">\n\t\t\t\t\t<a class=\"elementor-button elementor-button-link elementor-size-sm\" href=\"https:\/\/www.univ-sba.dz\/ge\/fr\/doyen-de-la-faculte\/\">\n\t\t\t\t\t\t<span class=\"elementor-button-content-wrapper\">\n\t\t\t\t\t\t\t\t\t<span class=\"elementor-button-text\">Doyen de la facult\u00e9<\/span>\n\t\t\t\t\t<\/span>\n\t\t\t\t\t<\/a>\n\t\t\t\t<\/div>\n\t\t\t\t\t\t\t\t<\/div>\n\t\t\t\t<\/div>\n\t\t\t\t<\/div>\n\t\t<div class=\"elementor-element elementor-element-d8af838 e-con-full e-flex e-con e-child\" data-id=\"d8af838\" data-element_type=\"container\">\n\t\t\t\t<div class=\"elementor-element elementor-element-9b3e16c elementor-widget elementor-widget-google_maps\" data-id=\"9b3e16c\" data-element_type=\"widget\" data-widget_type=\"google_maps.default\">\n\t\t\t\t<div class=\"elementor-widget-container\">\n\t\t\t\t\t\t\t<div class=\"elementor-custom-embed\">\n\t\t\t<iframe loading=\"lazy\"\n\t\t\t\t\tsrc=\"https:\/\/maps.google.com\/maps?q=Campus%20Universitaire&#038;t=m&#038;z=17&#038;output=embed&#038;iwloc=near\"\n\t\t\t\t\ttitle=\"Campus Universitaire\"\n\t\t\t\t\taria-label=\"Campus Universitaire\"\n\t\t\t><\/iframe>\n\t\t<\/div>\n\t\t\t\t\t\t<\/div>\n\t\t\t\t<\/div>\n\t\t\t\t<\/div>\n\t\t\t\t<\/div>\n\t\t\t\t<div class=\"elementor-element elementor-element-fafd648 elementor-widget-divider--view-line elementor-widget elementor-widget-divider\" data-id=\"fafd648\" data-element_type=\"widget\" data-widget_type=\"divider.default\">\n\t\t\t\t<div class=\"elementor-widget-container\">\n\t\t\t\t\t\t\t<div class=\"elementor-divider\">\n\t\t\t<span class=\"elementor-divider-separator\">\n\t\t\t\t\t\t<\/span>\n\t\t<\/div>\n\t\t\t\t\t\t<\/div>\n\t\t\t\t<\/div>\n\t\t\t\t<\/div>\n\t\t\t\t<\/div>\n\t\t\t\t<\/div>\n\t\t","protected":false},"excerpt":{"rendered":"<p>Contact Vous pouvez contacter la facult\u00e9 via les liens suivants Facult\u00e9 de G\u00e9nie \u00c9lectrique Adresse Campus universitaire, Universit\u00e9 Djilali Liab\u00e8s, Sidi Bel Abb\u00e8s 22000, Alg\u00e9rie T\u00e9l\u00e9phone : 048700238 213 E-mail fge@univ-sba.dz Doyen de la facult\u00e9<\/p>\n","protected":false},"author":3,"featured_media":0,"parent":0,"menu_order":0,"comment_status":"closed","ping_status":"closed","template":"","meta":{"_uag_custom_page_level_css":"","postBodyCss":"","postBodyMargin":[],"postBodyPadding":[],"postBodyBackground":{"backgroundType":"classic","gradient":""},"site-sidebar-layout":"no-sidebar","site-content-layout":"page-builder","ast-site-content-layout":"full-width-container","site-content-style":"unboxed","site-sidebar-style":"unboxed","ast-global-header-display":"","ast-banner-title-visibility":"","ast-main-header-display":"","ast-hfb-above-header-display":"","ast-hfb-below-header-display":"","ast-hfb-mobile-header-display":"","site-post-title":"disabled","ast-breadcrumbs-content":"disabled","ast-featured-img":"disabled","footer-sml-layout":"","ast-disable-related-posts":"","theme-transparent-header-meta":"enabled","adv-header-id-meta":"","stick-header-meta":"","header-above-stick-meta":"","header-main-stick-meta":"","header-below-stick-meta":"","astra-migrate-meta-layouts":"set","ast-page-background-enabled":"default","ast-page-background-meta":{"desktop":{"background-color":"var(--ast-global-color-4)","background-image":"","background-repeat":"repeat","background-position":"center center","background-size":"auto","background-attachment":"scroll","background-type":"","background-media":"","overlay-type":"","overlay-color":"","overlay-opacity":"","overlay-gradient":""},"tablet":{"background-color":"","background-image":"","background-repeat":"repeat","background-position":"center center","background-size":"auto","background-attachment":"scroll","background-type":"","background-media":"","overlay-type":"","overlay-color":"","overlay-opacity":"","overlay-gradient":""},"mobile":{"background-color":"","background-image":"","background-repeat":"repeat","background-position":"center center","background-size":"auto","background-attachment":"scroll","background-type":"","background-media":"","overlay-type":"","overlay-color":"","overlay-opacity":"","overlay-gradient":""}},"ast-content-background-meta":{"desktop":{"background-color":"var(--ast-global-color-5)","background-image":"","background-repeat":"repeat","background-position":"center center","background-size":"auto","background-attachment":"scroll","background-type":"","background-media":"","overlay-type":"","overlay-color":"","overlay-opacity":"","overlay-gradient":""},"tablet":{"background-color":"var(--ast-global-color-5)","background-image":"","background-repeat":"repeat","background-position":"center center","background-size":"auto","background-attachment":"scroll","background-type":"","background-media":"","overlay-type":"","overlay-color":"","overlay-opacity":"","overlay-gradient":""},"mobile":{"background-color":"var(--ast-global-color-5)","background-image":"","background-repeat":"repeat","background-position":"center center","background-size":"auto","background-attachment":"scroll","background-type":"","background-media":"","overlay-type":"","overlay-color":"","overlay-opacity":"","overlay-gradient":""}},"footnotes":""},"class_list":["post-2288","page","type-page","status-publish","hentry"],"uagb_featured_image_src":{"full":false,"thumbnail":false,"medium":false,"medium_large":false,"large":false,"1536x1536":false,"2048x2048":false},"uagb_author_info":{"display_name":"Houda","author_link":"https:\/\/www.univ-sba.dz\/ge\/author\/houdacpt\/"},"uagb_comment_info":0,"uagb_excerpt":"Contact Vous pouvez contacter la facult\u00e9 via les liens suivants Facult\u00e9 de G\u00e9nie \u00c9lectrique Adresse Campus universitaire, Universit\u00e9 Djilali Liab\u00e8s, Sidi Bel Abb\u00e8s 22000, Alg\u00e9rie T\u00e9l\u00e9phone : 048700238 213 E-mail fge@univ-sba.dz Doyen de la facult\u00e9","rttpg_featured_image_url":null,"rttpg_author":{"display_name":"Houda","author_link":"https:\/\/www.univ-sba.dz\/ge\/author\/houdacpt\/"},"rttpg_comment":0,"rttpg_category":" <a href=\"https:\/\/www.univ-sba.dz\/ge\/fr\/\" rel=\"tag\">Fran\u00e7ais<\/a>","rttpg_excerpt":"Contact Vous pouvez contacter la facult\u00e9 via les liens suivants Facult\u00e9 de G\u00e9nie \u00c9lectrique Adresse Campus universitaire, Universit\u00e9 Djilali Liab\u00e8s, Sidi Bel Abb\u00e8s 22000, Alg\u00e9rie T\u00e9l\u00e9phone : 048700238 213 E-mail fge@univ-sba.dz Doyen de la facult\u00e9","_links":{"self":[{"href":"https:\/\/www.univ-sba.dz\/ge\/wp-json\/wp\/v2\/pages\/2288","targetHints":{"allow":["GET"]}}],"collection":[{"href":"https:\/\/www.univ-sba.dz\/ge\/wp-json\/wp\/v2\/pages"}],"about":[{"href":"https:\/\/www.univ-sba.dz\/ge\/wp-json\/wp\/v2\/types\/page"}],"author":[{"embeddable":true,"href":"https:\/\/www.univ-sba.dz\/ge\/wp-json\/wp\/v2\/users\/3"}],"replies":[{"embeddable":true,"href":"https:\/\/www.univ-sba.dz\/ge\/wp-json\/wp\/v2\/comments?post=2288"}],"version-history":[{"count":26,"href":"https:\/\/www.univ-sba.dz\/ge\/wp-json\/wp\/v2\/pages\/2288\/revisions"}],"predecessor-version":[{"id":3746,"href":"https:\/\/www.univ-sba.dz\/ge\/wp-json\/wp\/v2\/pages\/2288\/revisions\/3746"}],"wp:attachment":[{"href":"https:\/\/www.univ-sba.dz\/ge\/wp-json\/wp\/v2\/media?parent=2288"}],"curies":[{"name":"wp","href":"https:\/\/api.w.org\/{rel}","templated":true}]}}