{"id":2379,"date":"2024-12-03T11:24:39","date_gmt":"2024-12-03T10:24:39","guid":{"rendered":"http:\/\/www.univ-sba.dz\/isa\/?page_id=2379"},"modified":"2026-02-03T15:32:34","modified_gmt":"2026-02-03T14:32:34","slug":"emploi-du-temps","status":"publish","type":"page","link":"https:\/\/www.univ-sba.dz\/ge\/fr\/emploi-du-temps\/","title":{"rendered":"Emploi du temps"},"content":{"rendered":"\t\t<div data-elementor-type=\"wp-page\" data-elementor-id=\"2379\" class=\"elementor elementor-2379\">\n\t\t\t\t<div class=\"elementor-element elementor-element-122e55f e-flex e-con-boxed e-con e-parent\" data-id=\"122e55f\" data-element_type=\"container\" data-settings=\"{&quot;background_background&quot;:&quot;classic&quot;}\">\n\t\t\t\t\t<div class=\"e-con-inner\">\n\t\t<div class=\"elementor-element elementor-element-d4f38d4 e-con-full e-flex e-con e-child\" data-id=\"d4f38d4\" data-element_type=\"container\">\n\t\t\t\t<div class=\"elementor-element elementor-element-63d7f54 elementor-widget elementor-widget-heading\" data-id=\"63d7f54\" data-element_type=\"widget\" data-widget_type=\"heading.default\">\n\t\t\t\t<div class=\"elementor-widget-container\">\n\t\t\t\t\t<h1 class=\"elementor-heading-title elementor-size-default\">Emploi du temps<\/h1>\t\t\t\t<\/div>\n\t\t\t\t<\/div>\n\t\t\t\t<\/div>\n\t\t\t\t\t<\/div>\n\t\t\t\t<\/div>\n\t\t<div class=\"elementor-element elementor-element-d07f83f e-flex e-con-boxed e-con e-parent\" data-id=\"d07f83f\" data-element_type=\"container\">\n\t\t\t\t\t<div class=\"e-con-inner\">\n\t\t\t\t<div class=\"elementor-element elementor-element-d4ca2cd e-n-tabs-mobile elementor-widget elementor-widget-n-tabs\" data-id=\"d4ca2cd\" data-element_type=\"widget\" data-settings=\"{&quot;horizontal_scroll&quot;:&quot;disable&quot;}\" data-widget_type=\"nested-tabs.default\">\n\t\t\t\t<div class=\"elementor-widget-container\">\n\t\t\t\t\t\t\t<div class=\"e-n-tabs\" data-widget-number=\"223126221\" aria-label=\"Onglets. Ouvrez des \u00e9l\u00e9ments avec Entrer ou Espace, fermez-les avec Echape et naviguez \u00e0 l&#039;aide des touches fl\u00e9ch\u00e9es.\">\n\t\t\t<div class=\"e-n-tabs-heading\" role=\"tablist\">\n\t\t\t\t\t<button id=\"e-n-tab-title-2231262211\" data-tab-title-id=\"e-n-tab-title-2231262211\" class=\"e-n-tab-title\" aria-selected=\"true\" data-tab-index=\"1\" role=\"tab\" tabindex=\"0\" aria-controls=\"e-n-tab-content-2231262211\" style=\"--n-tabs-title-order: 1;\">\n\t\t\t\t\t\t<span class=\"e-n-tab-title-text\">\n\t\t\t\t1ier  semestre \t\t\t<\/span>\n\t\t<\/button>\n\t\t\t\t<button id=\"e-n-tab-title-2231262212\" data-tab-title-id=\"e-n-tab-title-2231262212\" class=\"e-n-tab-title\" aria-selected=\"false\" data-tab-index=\"2\" role=\"tab\" tabindex=\"-1\" aria-controls=\"e-n-tab-content-2231262212\" style=\"--n-tabs-title-order: 2;\">\n\t\t\t\t\t\t<span class=\"e-n-tab-title-text\">\n\t\t\t\t2eme semestre\t\t\t<\/span>\n\t\t<\/button>\n\t\t\t\t\t<\/div>\n\t\t\t<div class=\"e-n-tabs-content\">\n\t\t\t\t<div id=\"e-n-tab-content-2231262211\" role=\"tabpanel\" aria-labelledby=\"e-n-tab-title-2231262211\" data-tab-index=\"1\" style=\"--n-tabs-title-order: 1;\" class=\"e-active elementor-element elementor-element-3463626 e-con-full e-flex e-con e-child\" data-id=\"3463626\" data-element_type=\"container\">\n\t\t\t\t<\/div>\n\t\t<div id=\"e-n-tab-content-2231262212\" role=\"tabpanel\" aria-labelledby=\"e-n-tab-title-2231262212\" data-tab-index=\"2\" style=\"--n-tabs-title-order: 2;\" class=\" elementor-element elementor-element-aace1e9 e-con-full e-flex e-con e-child\" data-id=\"aace1e9\" data-element_type=\"container\">\n\t\t\t\t<div class=\"elementor-element elementor-element-a10d9f5 elementor-widget elementor-widget-text-editor\" data-id=\"a10d9f5\" data-element_type=\"widget\" data-widget_type=\"text-editor.default\">\n\t\t\t\t<div class=\"elementor-widget-container\">\n\t\t\t\t\t\t\t\t\t<p>Emplois du temps\u00a0 de deuxi\u00e8me semestre de l&#8217;ann\u00e9e universitaire 2025-2026<\/p>\t\t\t\t\t\t\t\t<\/div>\n\t\t\t\t<\/div>\n\t\t\t\t<div class=\"elementor-element elementor-element-d281761 elementor-widget elementor-widget-text-editor\" data-id=\"d281761\" data-element_type=\"widget\" data-widget_type=\"text-editor.default\">\n\t\t\t\t<div class=\"elementor-widget-container\">\n\t\t\t\t\t\t\t\t\t<p>\u00a0d\u00e9partement de T\u00e9l\u00e9communications <a href=\"https:\/\/www.univ-sba.dz\/ge\/wp-content\/uploads\/2026\/01\/Emploi-du-Temps-S2-Telecommunications.pdf\">Telecharger<\/a><\/p>\t\t\t\t\t\t\t\t<\/div>\n\t\t\t\t<\/div>\n\t\t\t\t<div class=\"elementor-element elementor-element-2fbd78f elementor-widget elementor-widget-text-editor\" data-id=\"2fbd78f\" data-element_type=\"widget\" data-widget_type=\"text-editor.default\">\n\t\t\t\t<div class=\"elementor-widget-container\">\n\t\t\t\t\t\t\t\t\t<p>\u00a0d\u00e9partement d&#8217;\u00e9l\u00e9ctronique\u00a0 \u00a0<a href=\"https:\/\/www.univ-sba.dz\/ge\/wp-content\/uploads\/2026\/02\/electronic.pdf\">Telecharger<\/a><\/p>\t\t\t\t\t\t\t\t<\/div>\n\t\t\t\t<\/div>\n\t\t\t\t<div class=\"elementor-element elementor-element-97c4a0a elementor-widget elementor-widget-text-editor\" data-id=\"97c4a0a\" data-element_type=\"widget\" data-widget_type=\"text-editor.default\">\n\t\t\t\t<div class=\"elementor-widget-container\">\n\t\t\t\t\t\t\t\t\t<p>\u00a0d\u00e9partement d&#8217;\u00e9l\u00e9ctrotechnique <a href=\"https:\/\/www.univ-sba.dz\/ge\/wp-content\/uploads\/2026\/02\/electrotechnique.pdf\">Telecharger<\/a><\/p>\t\t\t\t\t\t\t\t<\/div>\n\t\t\t\t<\/div>\n\t\t\t\t<div class=\"elementor-element elementor-element-7594a13 elementor-widget elementor-widget-text-editor\" data-id=\"7594a13\" data-element_type=\"widget\" data-widget_type=\"text-editor.default\">\n\t\t\t\t<div class=\"elementor-widget-container\">\n\t\t\t\t\t\t\t\t\t<p>\u00a0d\u00e9partement d&#8217;automatique \u00a0<a href=\"https:\/\/www.univ-sba.dz\/ge\/wp-content\/uploads\/2026\/02\/automatqiue.pdf\">Telecharger<\/a><\/p>\t\t\t\t\t\t\t\t<\/div>\n\t\t\t\t<\/div>\n\t\t\t\t<\/div>\n\t\t\t\t\t<\/div>\n\t\t<\/div>\n\t\t\t\t\t\t<\/div>\n\t\t\t\t<\/div>\n\t\t\t\t\t<\/div>\n\t\t\t\t<\/div>\n\t\t\t\t<\/div>\n\t\t","protected":false},"excerpt":{"rendered":"<p>Emploi du temps 1ier semestre 2eme semestre Emplois du temps\u00a0 de deuxi\u00e8me semestre de l&#8217;ann\u00e9e universitaire 2025-2026 \u00a0d\u00e9partement de T\u00e9l\u00e9communications Telecharger \u00a0d\u00e9partement d&#8217;\u00e9l\u00e9ctronique\u00a0 \u00a0Telecharger \u00a0d\u00e9partement d&#8217;\u00e9l\u00e9ctrotechnique Telecharger \u00a0d\u00e9partement d&#8217;automatique \u00a0Telecharger Emplois du temps\u00a0 de deuxi\u00e8me semestre de l&#8217;ann\u00e9e universitaire 2025-2026 \u00a0d\u00e9partement de T\u00e9l\u00e9communications Telecharger \u00a0d\u00e9partement d&#8217;\u00e9l\u00e9ctronique\u00a0 \u00a0Telecharger \u00a0d\u00e9partement d&#8217;\u00e9l\u00e9ctrotechnique Telecharger \u00a0d\u00e9partement d&#8217;automatique \u00a0Telecharger<\/p>\n","protected":false},"author":3,"featured_media":0,"parent":0,"menu_order":0,"comment_status":"closed","ping_status":"closed","template":"","meta":{"_uag_custom_page_level_css":"","postBodyCss":"","postBodyMargin":[],"postBodyPadding":[],"postBodyBackground":{"backgroundType":"classic","gradient":""},"site-sidebar-layout":"no-sidebar","site-content-layout":"page-builder","ast-site-content-layout":"full-width-container","site-content-style":"unboxed","site-sidebar-style":"unboxed","ast-global-header-display":"","ast-banner-title-visibility":"","ast-main-header-display":"","ast-hfb-above-header-display":"","ast-hfb-below-header-display":"","ast-hfb-mobile-header-display":"","site-post-title":"disabled","ast-breadcrumbs-content":"disabled","ast-featured-img":"disabled","footer-sml-layout":"","ast-disable-related-posts":"","theme-transparent-header-meta":"enabled","adv-header-id-meta":"","stick-header-meta":"","header-above-stick-meta":"","header-main-stick-meta":"","header-below-stick-meta":"","astra-migrate-meta-layouts":"set","ast-page-background-enabled":"default","ast-page-background-meta":{"desktop":{"background-color":"var(--ast-global-color-4)","background-image":"","background-repeat":"repeat","background-position":"center center","background-size":"auto","background-attachment":"scroll","background-type":"","background-media":"","overlay-type":"","overlay-color":"","overlay-opacity":"","overlay-gradient":""},"tablet":{"background-color":"","background-image":"","background-repeat":"repeat","background-position":"center center","background-size":"auto","background-attachment":"scroll","background-type":"","background-media":"","overlay-type":"","overlay-color":"","overlay-opacity":"","overlay-gradient":""},"mobile":{"background-color":"","background-image":"","background-repeat":"repeat","background-position":"center center","background-size":"auto","background-attachment":"scroll","background-type":"","background-media":"","overlay-type":"","overlay-color":"","overlay-opacity":"","overlay-gradient":""}},"ast-content-background-meta":{"desktop":{"background-color":"var(--ast-global-color-5)","background-image":"","background-repeat":"repeat","background-position":"center center","background-size":"auto","background-attachment":"scroll","background-type":"","background-media":"","overlay-type":"","overlay-color":"","overlay-opacity":"","overlay-gradient":""},"tablet":{"background-color":"var(--ast-global-color-5)","background-image":"","background-repeat":"repeat","background-position":"center center","background-size":"auto","background-attachment":"scroll","background-type":"","background-media":"","overlay-type":"","overlay-color":"","overlay-opacity":"","overlay-gradient":""},"mobile":{"background-color":"var(--ast-global-color-5)","background-image":"","background-repeat":"repeat","background-position":"center center","background-size":"auto","background-attachment":"scroll","background-type":"","background-media":"","overlay-type":"","overlay-color":"","overlay-opacity":"","overlay-gradient":""}},"footnotes":""},"class_list":["post-2379","page","type-page","status-publish","hentry"],"uagb_featured_image_src":{"full":false,"thumbnail":false,"medium":false,"medium_large":false,"large":false,"1536x1536":false,"2048x2048":false},"uagb_author_info":{"display_name":"Houda","author_link":"https:\/\/www.univ-sba.dz\/ge\/author\/houdacpt\/"},"uagb_comment_info":0,"uagb_excerpt":"Emploi du temps 1ier semestre 2eme semestre Emplois du temps\u00a0 de deuxi\u00e8me semestre de l&#8217;ann\u00e9e universitaire 2025-2026 \u00a0d\u00e9partement de T\u00e9l\u00e9communications Telecharger \u00a0d\u00e9partement d&#8217;\u00e9l\u00e9ctronique\u00a0 \u00a0Telecharger \u00a0d\u00e9partement d&#8217;\u00e9l\u00e9ctrotechnique Telecharger \u00a0d\u00e9partement d&#8217;automatique \u00a0Telecharger Emplois du temps\u00a0 de deuxi\u00e8me semestre de l&#8217;ann\u00e9e universitaire 2025-2026 \u00a0d\u00e9partement de T\u00e9l\u00e9communications Telecharger \u00a0d\u00e9partement d&#8217;\u00e9l\u00e9ctronique\u00a0 \u00a0Telecharger \u00a0d\u00e9partement d&#8217;\u00e9l\u00e9ctrotechnique Telecharger \u00a0d\u00e9partement d&#8217;automatique \u00a0Telecharger","rttpg_featured_image_url":null,"rttpg_author":{"display_name":"Houda","author_link":"https:\/\/www.univ-sba.dz\/ge\/author\/houdacpt\/"},"rttpg_comment":0,"rttpg_category":" <a href=\"https:\/\/www.univ-sba.dz\/ge\/fr\/\" rel=\"tag\">Fran\u00e7ais<\/a>","rttpg_excerpt":"Emploi du temps 1ier semestre 2eme semestre Emplois du temps\u00a0 de deuxi\u00e8me semestre de l&#8217;ann\u00e9e universitaire 2025-2026 \u00a0d\u00e9partement de T\u00e9l\u00e9communications Telecharger \u00a0d\u00e9partement d&#8217;\u00e9l\u00e9ctronique\u00a0 \u00a0Telecharger \u00a0d\u00e9partement d&#8217;\u00e9l\u00e9ctrotechnique Telecharger \u00a0d\u00e9partement d&#8217;automatique \u00a0Telecharger Emplois du temps\u00a0 de deuxi\u00e8me semestre de l&#8217;ann\u00e9e universitaire 2025-2026 \u00a0d\u00e9partement de T\u00e9l\u00e9communications Telecharger \u00a0d\u00e9partement d&#8217;\u00e9l\u00e9ctronique\u00a0 \u00a0Telecharger \u00a0d\u00e9partement d&#8217;\u00e9l\u00e9ctrotechnique Telecharger \u00a0d\u00e9partement d&#8217;automatique \u00a0Telecharger","_links":{"self":[{"href":"https:\/\/www.univ-sba.dz\/ge\/wp-json\/wp\/v2\/pages\/2379","targetHints":{"allow":["GET"]}}],"collection":[{"href":"https:\/\/www.univ-sba.dz\/ge\/wp-json\/wp\/v2\/pages"}],"about":[{"href":"https:\/\/www.univ-sba.dz\/ge\/wp-json\/wp\/v2\/types\/page"}],"author":[{"embeddable":true,"href":"https:\/\/www.univ-sba.dz\/ge\/wp-json\/wp\/v2\/users\/3"}],"replies":[{"embeddable":true,"href":"https:\/\/www.univ-sba.dz\/ge\/wp-json\/wp\/v2\/comments?post=2379"}],"version-history":[{"count":14,"href":"https:\/\/www.univ-sba.dz\/ge\/wp-json\/wp\/v2\/pages\/2379\/revisions"}],"predecessor-version":[{"id":3422,"href":"https:\/\/www.univ-sba.dz\/ge\/wp-json\/wp\/v2\/pages\/2379\/revisions\/3422"}],"wp:attachment":[{"href":"https:\/\/www.univ-sba.dz\/ge\/wp-json\/wp\/v2\/media?parent=2379"}],"curies":[{"name":"wp","href":"https:\/\/api.w.org\/{rel}","templated":true}]}}