{"id":2440,"date":"2024-12-03T11:25:38","date_gmt":"2024-12-03T10:25:38","guid":{"rendered":"http:\/\/www.univ-sba.dz\/isa\/?page_id=2440"},"modified":"2026-02-05T15:16:12","modified_gmt":"2026-02-05T14:16:12","slug":"schedule","status":"publish","type":"page","link":"https:\/\/www.univ-sba.dz\/ge\/en\/schedule\/","title":{"rendered":"schedule"},"content":{"rendered":"\t\t<div data-elementor-type=\"wp-page\" data-elementor-id=\"2440\" class=\"elementor elementor-2440\">\n\t\t\t\t<div class=\"elementor-element elementor-element-122e55f e-flex e-con-boxed e-con e-parent\" data-id=\"122e55f\" data-element_type=\"container\" data-settings=\"{&quot;background_background&quot;:&quot;classic&quot;}\">\n\t\t\t\t\t<div class=\"e-con-inner\">\n\t\t<div class=\"elementor-element elementor-element-d4f38d4 e-con-full e-flex e-con e-child\" data-id=\"d4f38d4\" data-element_type=\"container\">\n\t\t\t\t<div class=\"elementor-element elementor-element-63d7f54 elementor-widget elementor-widget-heading\" data-id=\"63d7f54\" data-element_type=\"widget\" data-widget_type=\"heading.default\">\n\t\t\t\t<div class=\"elementor-widget-container\">\n\t\t\t\t\t<h1 class=\"elementor-heading-title elementor-size-default\">schedule<\/h1>\t\t\t\t<\/div>\n\t\t\t\t<\/div>\n\t\t\t\t<\/div>\n\t\t\t\t\t<\/div>\n\t\t\t\t<\/div>\n\t\t<div class=\"elementor-element elementor-element-8c53eff e-flex e-con-boxed e-con e-parent\" data-id=\"8c53eff\" data-element_type=\"container\">\n\t\t\t\t\t<div class=\"e-con-inner\">\n\t\t\t\t<div class=\"elementor-element elementor-element-108fdc4 e-n-tabs-mobile elementor-widget elementor-widget-n-tabs\" data-id=\"108fdc4\" data-element_type=\"widget\" data-settings=\"{&quot;horizontal_scroll&quot;:&quot;disable&quot;}\" data-widget_type=\"nested-tabs.default\">\n\t\t\t\t<div class=\"elementor-widget-container\">\n\t\t\t\t\t\t\t<div class=\"e-n-tabs\" data-widget-number=\"17366468\" aria-label=\"Onglets. Ouvrez des \u00e9l\u00e9ments avec Entrer ou Espace, fermez-les avec Echape et naviguez \u00e0 l&#039;aide des touches fl\u00e9ch\u00e9es.\">\n\t\t\t<div class=\"e-n-tabs-heading\" role=\"tablist\">\n\t\t\t\t\t<button id=\"e-n-tab-title-173664681\" data-tab-title-id=\"e-n-tab-title-173664681\" class=\"e-n-tab-title\" aria-selected=\"true\" data-tab-index=\"1\" role=\"tab\" tabindex=\"0\" aria-controls=\"e-n-tab-content-173664681\" style=\"--n-tabs-title-order: 1;\">\n\t\t\t\t\t\t<span class=\"e-n-tab-title-text\">\n\t\t\t\tFirst semester \t\t\t<\/span>\n\t\t<\/button>\n\t\t\t\t<button id=\"e-n-tab-title-173664682\" data-tab-title-id=\"e-n-tab-title-173664682\" class=\"e-n-tab-title\" aria-selected=\"false\" data-tab-index=\"2\" role=\"tab\" tabindex=\"-1\" aria-controls=\"e-n-tab-content-173664682\" style=\"--n-tabs-title-order: 2;\">\n\t\t\t\t\t\t<span class=\"e-n-tab-title-text\">\n\t\t\t\tSecond Semester\t\t\t<\/span>\n\t\t<\/button>\n\t\t\t\t\t<\/div>\n\t\t\t<div class=\"e-n-tabs-content\">\n\t\t\t\t<div id=\"e-n-tab-content-173664681\" role=\"tabpanel\" aria-labelledby=\"e-n-tab-title-173664681\" data-tab-index=\"1\" style=\"--n-tabs-title-order: 1;\" class=\"e-active elementor-element elementor-element-f21fda2 e-con-full e-flex e-con e-child\" data-id=\"f21fda2\" data-element_type=\"container\">\n\t\t<div class=\"elementor-element elementor-element-4e52ddd e-flex e-con-boxed e-con e-child\" data-id=\"4e52ddd\" data-element_type=\"container\">\n\t\t\t\t\t<div class=\"e-con-inner\">\n\t\t\t\t<div class=\"elementor-element elementor-element-1f978d2 elementor-widget elementor-widget-text-editor\" data-id=\"1f978d2\" data-element_type=\"widget\" data-widget_type=\"text-editor.default\">\n\t\t\t\t<div class=\"elementor-widget-container\">\n\t\t\t\t\t\t\t\t\t<p><strong>planning Automatic department <a href=\"https:\/\/www.univ-sba.dz\/ge\/wp-content\/uploads\/2026\/02\/automatique1.pdf\">Download<\/a>\u00a0<\/strong><\/p>\t\t\t\t\t\t\t\t<\/div>\n\t\t\t\t<\/div>\n\t\t\t\t<div class=\"elementor-element elementor-element-3b6e00a elementor-widget elementor-widget-text-editor\" data-id=\"3b6e00a\" data-element_type=\"widget\" data-widget_type=\"text-editor.default\">\n\t\t\t\t<div class=\"elementor-widget-container\">\n\t\t\t\t\t\t\t\t\t<p><strong>planning\u00a0 Electronic department <a href=\"https:\/\/www.univ-sba.dz\/ge\/wp-content\/uploads\/2026\/02\/electronic1.pdf\">Download<\/a>\u00a0<\/strong><\/p>\t\t\t\t\t\t\t\t<\/div>\n\t\t\t\t<\/div>\n\t\t\t\t<div class=\"elementor-element elementor-element-b3c9a9d elementor-widget elementor-widget-text-editor\" data-id=\"b3c9a9d\" data-element_type=\"widget\" data-widget_type=\"text-editor.default\">\n\t\t\t\t<div class=\"elementor-widget-container\">\n\t\t\t\t\t\t\t\t\t<p><strong>planning Electrical Engineering\u00a0 department <a href=\"https:\/\/www.univ-sba.dz\/ge\/wp-content\/uploads\/2026\/02\/ETT-semest1.pdf\">Download<\/a>\u00a0<\/strong><\/p>\t\t\t\t\t\t\t\t<\/div>\n\t\t\t\t<\/div>\n\t\t\t\t<div class=\"elementor-element elementor-element-8a2c86a elementor-widget elementor-widget-text-editor\" data-id=\"8a2c86a\" data-element_type=\"widget\" data-widget_type=\"text-editor.default\">\n\t\t\t\t<div class=\"elementor-widget-container\">\n\t\t\t\t\t\t\t\t\t<p><strong>planning Telecommunication department <a href=\"https:\/\/www.univ-sba.dz\/ge\/wp-content\/uploads\/2026\/02\/telecommuncation1.pdf\">Download<\/a>\u00a0<\/strong><\/p>\t\t\t\t\t\t\t\t<\/div>\n\t\t\t\t<\/div>\n\t\t\t\t\t<\/div>\n\t\t\t\t<\/div>\n\t\t\t\t<\/div>\n\t\t<div id=\"e-n-tab-content-173664682\" role=\"tabpanel\" aria-labelledby=\"e-n-tab-title-173664682\" data-tab-index=\"2\" style=\"--n-tabs-title-order: 2;\" class=\" elementor-element elementor-element-acd1293 e-con-full e-flex e-con e-child\" data-id=\"acd1293\" data-element_type=\"container\">\n\t\t<div class=\"elementor-element elementor-element-2d76d99 e-flex e-con-boxed e-con e-child\" data-id=\"2d76d99\" data-element_type=\"container\">\n\t\t\t\t\t<div class=\"e-con-inner\">\n\t\t\t\t<div class=\"elementor-element elementor-element-d601aad elementor-widget elementor-widget-text-editor\" data-id=\"d601aad\" data-element_type=\"widget\" data-widget_type=\"text-editor.default\">\n\t\t\t\t<div class=\"elementor-widget-container\">\n\t\t\t\t\t\t\t\t\t<p><strong>planning Automatic department <a href=\"https:\/\/www.univ-sba.dz\/ge\/wp-content\/uploads\/2026\/02\/automatqiue.pdf\">Download<\/a>\u00a0<\/strong><\/p>\t\t\t\t\t\t\t\t<\/div>\n\t\t\t\t<\/div>\n\t\t\t\t<div class=\"elementor-element elementor-element-8a4cdca elementor-widget elementor-widget-text-editor\" data-id=\"8a4cdca\" data-element_type=\"widget\" data-widget_type=\"text-editor.default\">\n\t\t\t\t<div class=\"elementor-widget-container\">\n\t\t\t\t\t\t\t\t\t<p><strong>planning\u00a0 Electronic department <a href=\"https:\/\/www.univ-sba.dz\/ge\/wp-content\/uploads\/2026\/02\/electronic.pdf\">Download<\/a>\u00a0<\/strong><\/p>\t\t\t\t\t\t\t\t<\/div>\n\t\t\t\t<\/div>\n\t\t\t\t<div class=\"elementor-element elementor-element-f32d83a elementor-widget elementor-widget-text-editor\" data-id=\"f32d83a\" data-element_type=\"widget\" data-widget_type=\"text-editor.default\">\n\t\t\t\t<div class=\"elementor-widget-container\">\n\t\t\t\t\t\t\t\t\t<p><strong>planning Electrical Engineering\u00a0 department <a href=\"https:\/\/www.univ-sba.dz\/ge\/wp-content\/uploads\/2026\/02\/electrotechnique.pdf\">Download<\/a>\u00a0<\/strong><\/p>\t\t\t\t\t\t\t\t<\/div>\n\t\t\t\t<\/div>\n\t\t\t\t<div class=\"elementor-element elementor-element-d3e721f elementor-widget elementor-widget-text-editor\" data-id=\"d3e721f\" data-element_type=\"widget\" data-widget_type=\"text-editor.default\">\n\t\t\t\t<div class=\"elementor-widget-container\">\n\t\t\t\t\t\t\t\t\t<p><strong>planning Telecommunication department <a href=\"https:\/\/www.univ-sba.dz\/ge\/wp-content\/uploads\/2026\/01\/Emploi-du-Temps-S2-Telecommunications.pdf\">Download<\/a>\u00a0<\/strong><\/p>\t\t\t\t\t\t\t\t<\/div>\n\t\t\t\t<\/div>\n\t\t\t\t\t<\/div>\n\t\t\t\t<\/div>\n\t\t\t\t<\/div>\n\t\t\t\t\t<\/div>\n\t\t<\/div>\n\t\t\t\t\t\t<\/div>\n\t\t\t\t<\/div>\n\t\t\t\t\t<\/div>\n\t\t\t\t<\/div>\n\t\t\t\t<\/div>\n\t\t","protected":false},"excerpt":{"rendered":"<p>schedule First semester Second Semester planning Automatic department Download\u00a0 planning\u00a0 Electronic department Download\u00a0 planning Electrical Engineering\u00a0 department Download\u00a0 planning Telecommunication department Download\u00a0 planning Automatic department Download\u00a0 planning\u00a0 Electronic department Download\u00a0 planning Electrical Engineering\u00a0 department Download\u00a0 planning Telecommunication department Download\u00a0 planning Automatic department Download\u00a0 planning\u00a0 Electronic department Download\u00a0 planning Electrical Engineering\u00a0 department Download\u00a0 planning Telecommunication department [&hellip;]<\/p>\n","protected":false},"author":3,"featured_media":0,"parent":0,"menu_order":0,"comment_status":"closed","ping_status":"closed","template":"","meta":{"_uag_custom_page_level_css":"","postBodyCss":"","postBodyMargin":[],"postBodyPadding":[],"postBodyBackground":{"backgroundType":"classic","gradient":""},"site-sidebar-layout":"no-sidebar","site-content-layout":"page-builder","ast-site-content-layout":"full-width-container","site-content-style":"unboxed","site-sidebar-style":"unboxed","ast-global-header-display":"","ast-banner-title-visibility":"","ast-main-header-display":"","ast-hfb-above-header-display":"","ast-hfb-below-header-display":"","ast-hfb-mobile-header-display":"","site-post-title":"disabled","ast-breadcrumbs-content":"disabled","ast-featured-img":"disabled","footer-sml-layout":"","ast-disable-related-posts":"","theme-transparent-header-meta":"enabled","adv-header-id-meta":"","stick-header-meta":"","header-above-stick-meta":"","header-main-stick-meta":"","header-below-stick-meta":"","astra-migrate-meta-layouts":"set","ast-page-background-enabled":"default","ast-page-background-meta":{"desktop":{"background-color":"var(--ast-global-color-4)","background-image":"","background-repeat":"repeat","background-position":"center center","background-size":"auto","background-attachment":"scroll","background-type":"","background-media":"","overlay-type":"","overlay-color":"","overlay-opacity":"","overlay-gradient":""},"tablet":{"background-color":"","background-image":"","background-repeat":"repeat","background-position":"center center","background-size":"auto","background-attachment":"scroll","background-type":"","background-media":"","overlay-type":"","overlay-color":"","overlay-opacity":"","overlay-gradient":""},"mobile":{"background-color":"","background-image":"","background-repeat":"repeat","background-position":"center center","background-size":"auto","background-attachment":"scroll","background-type":"","background-media":"","overlay-type":"","overlay-color":"","overlay-opacity":"","overlay-gradient":""}},"ast-content-background-meta":{"desktop":{"background-color":"var(--ast-global-color-5)","background-image":"","background-repeat":"repeat","background-position":"center center","background-size":"auto","background-attachment":"scroll","background-type":"","background-media":"","overlay-type":"","overlay-color":"","overlay-opacity":"","overlay-gradient":""},"tablet":{"background-color":"var(--ast-global-color-5)","background-image":"","background-repeat":"repeat","background-position":"center center","background-size":"auto","background-attachment":"scroll","background-type":"","background-media":"","overlay-type":"","overlay-color":"","overlay-opacity":"","overlay-gradient":""},"mobile":{"background-color":"var(--ast-global-color-5)","background-image":"","background-repeat":"repeat","background-position":"center center","background-size":"auto","background-attachment":"scroll","background-type":"","background-media":"","overlay-type":"","overlay-color":"","overlay-opacity":"","overlay-gradient":""}},"footnotes":""},"class_list":["post-2440","page","type-page","status-publish","hentry"],"uagb_featured_image_src":{"full":false,"thumbnail":false,"medium":false,"medium_large":false,"large":false,"1536x1536":false,"2048x2048":false},"uagb_author_info":{"display_name":"Houda","author_link":"https:\/\/www.univ-sba.dz\/ge\/author\/houdacpt\/"},"uagb_comment_info":0,"uagb_excerpt":"schedule First semester Second Semester planning Automatic department Download\u00a0 planning\u00a0 Electronic department Download\u00a0 planning Electrical Engineering\u00a0 department Download\u00a0 planning Telecommunication department Download\u00a0 planning Automatic department Download\u00a0 planning\u00a0 Electronic department Download\u00a0 planning Electrical Engineering\u00a0 department Download\u00a0 planning Telecommunication department Download\u00a0 planning Automatic department Download\u00a0 planning\u00a0 Electronic department Download\u00a0 planning Electrical Engineering\u00a0 department Download\u00a0 planning Telecommunication department\u2026","rttpg_featured_image_url":null,"rttpg_author":{"display_name":"Houda","author_link":"https:\/\/www.univ-sba.dz\/ge\/author\/houdacpt\/"},"rttpg_comment":0,"rttpg_category":" <a href=\"https:\/\/www.univ-sba.dz\/ge\/en\/\" rel=\"tag\">English<\/a>","rttpg_excerpt":"schedule First semester Second Semester planning Automatic department Download\u00a0 planning\u00a0 Electronic department Download\u00a0 planning Electrical Engineering\u00a0 department Download\u00a0 planning Telecommunication department Download\u00a0 planning Automatic department Download\u00a0 planning\u00a0 Electronic department Download\u00a0 planning Electrical Engineering\u00a0 department Download\u00a0 planning Telecommunication department Download\u00a0 planning Automatic department Download\u00a0 planning\u00a0 Electronic department Download\u00a0 planning Electrical Engineering\u00a0 department Download\u00a0 planning Telecommunication department\u2026","_links":{"self":[{"href":"https:\/\/www.univ-sba.dz\/ge\/wp-json\/wp\/v2\/pages\/2440","targetHints":{"allow":["GET"]}}],"collection":[{"href":"https:\/\/www.univ-sba.dz\/ge\/wp-json\/wp\/v2\/pages"}],"about":[{"href":"https:\/\/www.univ-sba.dz\/ge\/wp-json\/wp\/v2\/types\/page"}],"author":[{"embeddable":true,"href":"https:\/\/www.univ-sba.dz\/ge\/wp-json\/wp\/v2\/users\/3"}],"replies":[{"embeddable":true,"href":"https:\/\/www.univ-sba.dz\/ge\/wp-json\/wp\/v2\/comments?post=2440"}],"version-history":[{"count":25,"href":"https:\/\/www.univ-sba.dz\/ge\/wp-json\/wp\/v2\/pages\/2440\/revisions"}],"predecessor-version":[{"id":3758,"href":"https:\/\/www.univ-sba.dz\/ge\/wp-json\/wp\/v2\/pages\/2440\/revisions\/3758"}],"wp:attachment":[{"href":"https:\/\/www.univ-sba.dz\/ge\/wp-json\/wp\/v2\/media?parent=2440"}],"curies":[{"name":"wp","href":"https:\/\/api.w.org\/{rel}","templated":true}]}}