{"id":2747,"date":"2024-12-09T10:25:01","date_gmt":"2024-12-09T09:25:01","guid":{"rendered":"http:\/\/www.univ-sba.dz\/isa\/?page_id=2747"},"modified":"2026-02-04T09:47:30","modified_gmt":"2026-02-04T08:47:30","slug":"conseil-dadministration","status":"publish","type":"page","link":"https:\/\/www.univ-sba.dz\/ge\/fr\/conseil-dadministration\/","title":{"rendered":"Conseil d&#8217;administration"},"content":{"rendered":"\t\t<div data-elementor-type=\"wp-page\" data-elementor-id=\"2747\" class=\"elementor elementor-2747\">\n\t\t\t\t<div class=\"elementor-element elementor-element-19b8c8c e-flex e-con-boxed e-con e-parent\" data-id=\"19b8c8c\" data-element_type=\"container\" data-settings=\"{&quot;background_background&quot;:&quot;classic&quot;}\">\n\t\t\t\t\t<div class=\"e-con-inner\">\n\t\t<div class=\"elementor-element elementor-element-372848a e-con-full e-flex e-con e-child\" data-id=\"372848a\" data-element_type=\"container\">\n\t\t\t\t<div class=\"elementor-element elementor-element-0ccf104 elementor-widget elementor-widget-heading\" data-id=\"0ccf104\" data-element_type=\"widget\" data-widget_type=\"heading.default\">\n\t\t\t\t<div class=\"elementor-widget-container\">\n\t\t\t\t\t<h1 class=\"elementor-heading-title elementor-size-default\">conseil d'administration<\/h1>\t\t\t\t<\/div>\n\t\t\t\t<\/div>\n\t\t\t\t<\/div>\n\t\t\t\t\t<\/div>\n\t\t\t\t<\/div>\n\t\t<div class=\"elementor-element elementor-element-7679ddc e-flex e-con-boxed e-con e-parent\" data-id=\"7679ddc\" data-element_type=\"container\">\n\t\t\t\t\t<div class=\"e-con-inner\">\n\t\t\t\t<div class=\"elementor-element elementor-element-a8dc96c elementor-widget elementor-widget-text-editor\" data-id=\"a8dc96c\" data-element_type=\"widget\" data-widget_type=\"text-editor.default\">\n\t\t\t\t<div class=\"elementor-widget-container\">\n\t\t\t\t\t\t\t\t\t<h2 data-start=\"90\" data-end=\"116\">Conseil de la Facult\u00e9<\/h2><h3 data-start=\"117\" data-end=\"154\">Missions du Conseil de la Facult\u00e9<\/h3><ul data-start=\"156\" data-end=\"1227\"><li data-start=\"156\" data-end=\"216\"><p data-start=\"158\" data-end=\"216\">D\u00e9finir les perspectives de d\u00e9veloppement de la facult\u00e9.<\/p><\/li><li data-start=\"217\" data-end=\"380\"><p data-start=\"219\" data-end=\"380\">Programmer les activit\u00e9s de formation et de recherche au sein de la facult\u00e9 ainsi que les perspectives de coop\u00e9ration scientifique nationale et internationale.<\/p><\/li><li data-start=\"381\" data-end=\"491\"><p data-start=\"383\" data-end=\"491\">Programmer les activit\u00e9s de formation continue, de perfectionnement et de mise \u00e0 niveau des connaissances.<\/p><\/li><li data-start=\"492\" data-end=\"588\"><p data-start=\"494\" data-end=\"588\">Examiner le projet de budget de la facult\u00e9 et le rapport annuel des activit\u00e9s de la facult\u00e9.<\/p><\/li><li data-start=\"589\" data-end=\"668\"><p data-start=\"591\" data-end=\"668\">\u00c9tudier le projet du plan de gestion des ressources humaines de la facult\u00e9.<\/p><\/li><li data-start=\"669\" data-end=\"799\"><p data-start=\"671\" data-end=\"799\">Examiner les projets de contrats et les conventions d\u2019\u00e9tudes, d\u2019expertise et de prestation de services assur\u00e9s par la facult\u00e9.<\/p><\/li><li data-start=\"800\" data-end=\"895\"><p data-start=\"802\" data-end=\"895\">Assurer la gestion de la facult\u00e9 et examiner le rapport annuel des activit\u00e9s de la facult\u00e9.<\/p><\/li><li data-start=\"896\" data-end=\"1021\"><p data-start=\"898\" data-end=\"1021\">Veiller \u00e0 l\u2019application des r\u00e8gles relatives \u00e0 l\u2019assiduit\u00e9 des \u00e9tudiants ainsi qu\u2019au r\u00e9gime des cours et des conf\u00e9rences.<\/p><\/li><li data-start=\"1022\" data-end=\"1104\"><p data-start=\"1024\" data-end=\"1104\">D\u00e9terminer les besoins de la facult\u00e9 en personnel enseignant et administratif.<\/p><\/li><li data-start=\"1105\" data-end=\"1227\"><p data-start=\"1107\" data-end=\"1227\">D\u00e9terminer les besoins de la facult\u00e9 en \u00e9quipements et autres moyens de fonctionnement et en d\u00e9finir les sp\u00e9cifications.<\/p><\/li><\/ul>\t\t\t\t\t\t\t\t<\/div>\n\t\t\t\t<\/div>\n\t\t\t\t\t<\/div>\n\t\t\t\t<\/div>\n\t\t<div class=\"elementor-element elementor-element-2e38bb6 e-grid e-con-boxed e-con e-parent\" data-id=\"2e38bb6\" data-element_type=\"container\">\n\t\t\t\t\t<div class=\"e-con-inner\">\n\t\t\t\t<div class=\"elementor-element elementor-element-a6a28b3 elementor-widget elementor-widget-heading\" data-id=\"a6a28b3\" data-element_type=\"widget\" data-widget_type=\"heading.default\">\n\t\t\t\t<div class=\"elementor-widget-container\">\n\t\t\t\t\t<h3 class=\"elementor-heading-title elementor-size-default\">Pr\u00e9sident du Conseil d\u2019administration\n<\/h3>\t\t\t\t<\/div>\n\t\t\t\t<\/div>\n\t\t\t\t<div class=\"elementor-element elementor-element-a640d03 elementor-widget elementor-widget-heading\" data-id=\"a640d03\" data-element_type=\"widget\" data-widget_type=\"heading.default\">\n\t\t\t\t<div class=\"elementor-widget-container\">\n\t\t\t\t\t<h2 class=\"elementor-heading-title elementor-size-default\">Doyen de la Facult\u00e9 : Professeur Khadraoui Mohamed<\/h2>\t\t\t\t<\/div>\n\t\t\t\t<\/div>\n\t\t\t\t\t<\/div>\n\t\t\t\t<\/div>\n\t\t<div class=\"elementor-element elementor-element-b5b6d4a e-flex e-con-boxed e-con e-parent\" data-id=\"b5b6d4a\" data-element_type=\"container\">\n\t\t\t\t\t<div class=\"e-con-inner\">\n\t\t\t\t<div class=\"elementor-element elementor-element-94e76ba elementor-widget elementor-widget-heading\" data-id=\"94e76ba\" data-element_type=\"widget\" data-widget_type=\"heading.default\">\n\t\t\t\t<div class=\"elementor-widget-container\">\n\t\t\t\t\t<h2 class=\"elementor-heading-title elementor-size-default\">ALes membres du Conseil d\u2019administration<\/h2>\t\t\t\t<\/div>\n\t\t\t\t<\/div>\n\t\t\t\t<div class=\"elementor-element elementor-element-9863553 elementor-widget elementor-widget-text-editor\" data-id=\"9863553\" data-element_type=\"widget\" data-widget_type=\"text-editor.default\">\n\t\t\t\t<div class=\"elementor-widget-container\">\n\t\t\t\t\t\t\t\t\t<p><a href=\"https:\/\/www.univ-sba.dz\/ge\/wp-content\/uploads\/2026\/01\/\u0645\u062c\u0644\u0633-\u0627\u0644\u0643\u0644\u064a\u0629.pdf\" target=\"_blank\" rel=\"noopener\">ALes membres du Conseil d\u2019administration<\/a><\/p>\t\t\t\t\t\t\t\t<\/div>\n\t\t\t\t<\/div>\n\t\t\t\t\t<\/div>\n\t\t\t\t<\/div>\n\t\t\t\t<\/div>\n\t\t","protected":false},"excerpt":{"rendered":"<p>conseil d&#8217;administration Conseil de la Facult\u00e9 Missions du Conseil de la Facult\u00e9 D\u00e9finir les perspectives de d\u00e9veloppement de la facult\u00e9. Programmer les activit\u00e9s de formation et de recherche au sein de la facult\u00e9 ainsi que les perspectives de coop\u00e9ration scientifique nationale et internationale. Programmer les activit\u00e9s de formation continue, de perfectionnement et de mise \u00e0 [&hellip;]<\/p>\n","protected":false},"author":3,"featured_media":0,"parent":0,"menu_order":0,"comment_status":"closed","ping_status":"closed","template":"","meta":{"_uag_custom_page_level_css":"","postBodyCss":"","postBodyMargin":[],"postBodyPadding":[],"postBodyBackground":{"backgroundType":"classic","gradient":""},"site-sidebar-layout":"no-sidebar","site-content-layout":"page-builder","ast-site-content-layout":"full-width-container","site-content-style":"unboxed","site-sidebar-style":"unboxed","ast-global-header-display":"","ast-banner-title-visibility":"","ast-main-header-display":"","ast-hfb-above-header-display":"","ast-hfb-below-header-display":"","ast-hfb-mobile-header-display":"","site-post-title":"disabled","ast-breadcrumbs-content":"disabled","ast-featured-img":"disabled","footer-sml-layout":"","ast-disable-related-posts":"","theme-transparent-header-meta":"enabled","adv-header-id-meta":"","stick-header-meta":"","header-above-stick-meta":"","header-main-stick-meta":"","header-below-stick-meta":"","astra-migrate-meta-layouts":"set","ast-page-background-enabled":"default","ast-page-background-meta":{"desktop":{"background-color":"var(--ast-global-color-4)","background-image":"","background-repeat":"repeat","background-position":"center center","background-size":"auto","background-attachment":"scroll","background-type":"","background-media":"","overlay-type":"","overlay-color":"","overlay-opacity":"","overlay-gradient":""},"tablet":{"background-color":"","background-image":"","background-repeat":"repeat","background-position":"center center","background-size":"auto","background-attachment":"scroll","background-type":"","background-media":"","overlay-type":"","overlay-color":"","overlay-opacity":"","overlay-gradient":""},"mobile":{"background-color":"","background-image":"","background-repeat":"repeat","background-position":"center center","background-size":"auto","background-attachment":"scroll","background-type":"","background-media":"","overlay-type":"","overlay-color":"","overlay-opacity":"","overlay-gradient":""}},"ast-content-background-meta":{"desktop":{"background-color":"var(--ast-global-color-5)","background-image":"","background-repeat":"repeat","background-position":"center center","background-size":"auto","background-attachment":"scroll","background-type":"","background-media":"","overlay-type":"","overlay-color":"","overlay-opacity":"","overlay-gradient":""},"tablet":{"background-color":"var(--ast-global-color-5)","background-image":"","background-repeat":"repeat","background-position":"center center","background-size":"auto","background-attachment":"scroll","background-type":"","background-media":"","overlay-type":"","overlay-color":"","overlay-opacity":"","overlay-gradient":""},"mobile":{"background-color":"var(--ast-global-color-5)","background-image":"","background-repeat":"repeat","background-position":"center center","background-size":"auto","background-attachment":"scroll","background-type":"","background-media":"","overlay-type":"","overlay-color":"","overlay-opacity":"","overlay-gradient":""}},"footnotes":""},"class_list":["post-2747","page","type-page","status-publish","hentry"],"uagb_featured_image_src":{"full":false,"thumbnail":false,"medium":false,"medium_large":false,"large":false,"1536x1536":false,"2048x2048":false},"uagb_author_info":{"display_name":"Houda","author_link":"https:\/\/www.univ-sba.dz\/ge\/author\/houdacpt\/"},"uagb_comment_info":0,"uagb_excerpt":"conseil d&#8217;administration Conseil de la Facult\u00e9 Missions du Conseil de la Facult\u00e9 D\u00e9finir les perspectives de d\u00e9veloppement de la facult\u00e9. Programmer les activit\u00e9s de formation et de recherche au sein de la facult\u00e9 ainsi que les perspectives de coop\u00e9ration scientifique nationale et internationale. Programmer les activit\u00e9s de formation continue, de perfectionnement et de mise \u00e0\u2026","rttpg_featured_image_url":null,"rttpg_author":{"display_name":"Houda","author_link":"https:\/\/www.univ-sba.dz\/ge\/author\/houdacpt\/"},"rttpg_comment":0,"rttpg_category":" <a href=\"https:\/\/www.univ-sba.dz\/ge\/fr\/\" rel=\"tag\">Fran\u00e7ais<\/a>","rttpg_excerpt":"conseil d&#8217;administration Conseil de la Facult\u00e9 Missions du Conseil de la Facult\u00e9 D\u00e9finir les perspectives de d\u00e9veloppement de la facult\u00e9. Programmer les activit\u00e9s de formation et de recherche au sein de la facult\u00e9 ainsi que les perspectives de coop\u00e9ration scientifique nationale et internationale. Programmer les activit\u00e9s de formation continue, de perfectionnement et de mise \u00e0\u2026","_links":{"self":[{"href":"https:\/\/www.univ-sba.dz\/ge\/wp-json\/wp\/v2\/pages\/2747","targetHints":{"allow":["GET"]}}],"collection":[{"href":"https:\/\/www.univ-sba.dz\/ge\/wp-json\/wp\/v2\/pages"}],"about":[{"href":"https:\/\/www.univ-sba.dz\/ge\/wp-json\/wp\/v2\/types\/page"}],"author":[{"embeddable":true,"href":"https:\/\/www.univ-sba.dz\/ge\/wp-json\/wp\/v2\/users\/3"}],"replies":[{"embeddable":true,"href":"https:\/\/www.univ-sba.dz\/ge\/wp-json\/wp\/v2\/comments?post=2747"}],"version-history":[{"count":10,"href":"https:\/\/www.univ-sba.dz\/ge\/wp-json\/wp\/v2\/pages\/2747\/revisions"}],"predecessor-version":[{"id":3474,"href":"https:\/\/www.univ-sba.dz\/ge\/wp-json\/wp\/v2\/pages\/2747\/revisions\/3474"}],"wp:attachment":[{"href":"https:\/\/www.univ-sba.dz\/ge\/wp-json\/wp\/v2\/media?parent=2747"}],"curies":[{"name":"wp","href":"https:\/\/api.w.org\/{rel}","templated":true}]}}