{"id":2751,"date":"2024-12-09T10:34:42","date_gmt":"2024-12-09T09:34:42","guid":{"rendered":"http:\/\/www.univ-sba.dz\/isa\/?page_id=2751"},"modified":"2026-02-04T14:26:47","modified_gmt":"2026-02-04T13:26:47","slug":"projets-de-recherche-scientifique","status":"publish","type":"page","link":"https:\/\/www.univ-sba.dz\/ge\/fr\/projets-de-recherche-scientifique\/","title":{"rendered":"Projets de recherche scientifique"},"content":{"rendered":"\t\t<div data-elementor-type=\"wp-page\" data-elementor-id=\"2751\" class=\"elementor elementor-2751\">\n\t\t\t\t<div class=\"elementor-element elementor-element-19b8c8c e-flex e-con-boxed e-con e-parent\" data-id=\"19b8c8c\" data-element_type=\"container\" data-settings=\"{&quot;background_background&quot;:&quot;classic&quot;}\">\n\t\t\t\t\t<div class=\"e-con-inner\">\n\t\t<div class=\"elementor-element elementor-element-372848a e-con-full e-flex e-con e-child\" data-id=\"372848a\" data-element_type=\"container\">\n\t\t\t\t<div class=\"elementor-element elementor-element-0ccf104 elementor-widget elementor-widget-heading\" data-id=\"0ccf104\" data-element_type=\"widget\" data-widget_type=\"heading.default\">\n\t\t\t\t<div class=\"elementor-widget-container\">\n\t\t\t\t\t<h1 class=\"elementor-heading-title elementor-size-default\">Projets de Recherche Scientifique\n<\/h1>\t\t\t\t<\/div>\n\t\t\t\t<\/div>\n\t\t\t\t<\/div>\n\t\t\t\t\t<\/div>\n\t\t\t\t<\/div>\n\t\t<div class=\"elementor-element elementor-element-effd255 e-flex e-con-boxed e-con e-parent\" data-id=\"effd255\" data-element_type=\"container\">\n\t\t\t\t\t<div class=\"e-con-inner\">\n\t\t\t\t<div class=\"elementor-element elementor-element-f59d6b1 elementor-widget elementor-widget-text-editor\" data-id=\"f59d6b1\" data-element_type=\"widget\" data-widget_type=\"text-editor.default\">\n\t\t\t\t<div class=\"elementor-widget-container\">\n\t\t\t\t\t\t\t\t\t<h2>Projets de Recherche Scientifique<\/h2>\t\t\t\t\t\t\t\t<\/div>\n\t\t\t\t<\/div>\n\t\t<div class=\"elementor-element elementor-element-ef84a24 e-con-full e-flex e-con e-child\" data-id=\"ef84a24\" data-element_type=\"container\">\n\t\t\t\t<div class=\"elementor-element elementor-element-56c3660 elementor-widget elementor-widget-heading\" data-id=\"56c3660\" data-element_type=\"widget\" data-widget_type=\"heading.default\">\n\t\t\t\t<div class=\"elementor-widget-container\">\n\t\t\t\t\t<h2 class=\"elementor-heading-title elementor-size-default\">\u2022\tProjets PRFU :<\/h2>\t\t\t\t<\/div>\n\t\t\t\t<\/div>\n\t\t\t\t<div class=\"elementor-element elementor-element-67b5320 elementor-widget elementor-widget-text-editor\" data-id=\"67b5320\" data-element_type=\"widget\" data-widget_type=\"text-editor.default\">\n\t\t\t\t<div class=\"elementor-widget-container\">\n\t\t\t\t\t\t\t\t\t<ol><li>Am\u00e9lioration des commandes appliqu\u00e9es aux syst\u00e8mes \u00e9lectro-\u00e9nerg\u00e9tiques conventionnels et renouvelables.<\/li><li>Etude et R\u00e9alisation d\u2019un proc\u00e9d\u00e9 \u00e9lectromagn\u00e9tique de s\u00e9paration et de valorisation des d\u00e9chets m\u00e9talliques et non m\u00e9talliques par courant de Foucault<\/li><li>Etude des dispositifs \u00e0 base de mat\u00e9riaux III-V nitrur\u00e9s pour des applications photovolta\u00efques.<\/li><li>R\u00e9alisation d\u2019une cha\u00eene de recyclage des d\u00e9chets industriels (broyage, s\u00e9paration et neutralisation).<\/li><li>Pompage et traitement de l\u2019eau par l\u2019ozone dans les r\u00e9gions chaudes.<\/li><li>Transition du r\u00e9seau national conventionnel vers un r\u00e9seau intelligent (Smart-Grid) pour une meilleure efficacit\u00e9 \u00e9nerg\u00e9tique en Alg\u00e9rie.<\/li><li>Int\u00e9gration des \u00e9nergies renouvelables dans le r\u00e9seau \u00e9lectrique alg\u00e9rien par des r\u00e9seaux \u00e0 courant continu multi-terminaux MTDC.<\/li><li>D\u00e9veloppement et optimisation d\u2019un proc\u00e9d\u00e9 de g\u00e9n\u00e9ration d&#8217;ozone \u00e0 d\u00e9charge \u00e0 barri\u00e8re di\u00e9lectrique et de l&#8217;eau ozon\u00e9e : Applications \u00e0 l\u2019agriculture et \u00e0 l\u2019industrie agro-alimentaire.<\/li><li>Contribution \u00e0 la S\u00e9curit\u00e9 et Transfert Efficace de donn\u00e9es dans les syst\u00e8mes de communication IP via DVB satellitaire (DVB-S, DVB-S2, DVB-RCS) : application aux flux de donn\u00e9es m\u00e9dicales.<\/li><li>Contr\u00f4le et gestion intelligente des syst\u00e8mes \u00e0 flux continu.<\/li><li>Conception, commande et supervision en temps r\u00e9el des couvoirs d\u2019\u0153ufs.<\/li><li>Contribution \u00e0 la mod\u00e9lisation analytique et num\u00e9rique des composants \u00e9lectroniques et opto\u00e9lectroniques \u00e0 base de mat\u00e9riaux grand gap (SiC, GaN,InN, ..): Caract\u00e9risations I-V, C-V et DLTS associ\u00e9es.<\/li><\/ol>\t\t\t\t\t\t\t\t<\/div>\n\t\t\t\t<\/div>\n\t\t\t\t<\/div>\n\t\t\t\t\t<\/div>\n\t\t\t\t<\/div>\n\t\t<div class=\"elementor-element elementor-element-59ea547 e-flex e-con-boxed e-con e-parent\" data-id=\"59ea547\" data-element_type=\"container\">\n\t\t\t\t\t<div class=\"e-con-inner\">\n\t\t<div class=\"elementor-element elementor-element-6686f17 e-con-full e-flex e-con e-child\" data-id=\"6686f17\" data-element_type=\"container\">\n\t\t\t\t<div class=\"elementor-element elementor-element-b8d2f8d elementor-widget elementor-widget-heading\" data-id=\"b8d2f8d\" data-element_type=\"widget\" data-widget_type=\"heading.default\">\n\t\t\t\t<div class=\"elementor-widget-container\">\n\t\t\t\t\t<h2 class=\"elementor-heading-title elementor-size-default\">\u2022\tProjets PNR :<\/h2>\t\t\t\t<\/div>\n\t\t\t\t<\/div>\n\t\t\t\t<div class=\"elementor-element elementor-element-fe1b4bd elementor-widget elementor-widget-text-editor\" data-id=\"fe1b4bd\" data-element_type=\"widget\" data-widget_type=\"text-editor.default\">\n\t\t\t\t<div class=\"elementor-widget-container\">\n\t\t\t\t\t\t\t\t\t<ol><li>Conception et fabrication d&#8217;un banaliseur des d\u00e9chets d&#8217;activit\u00e9s de soins \u00e0 risque infectieux (DASRI) \u00e0 l&#8217;ozone.<\/li><li>Conception et r\u00e9alisation d&#8217;un r\u00e9gulateur solaire num\u00e9rique.<\/li><li>D\u00e9veloppement d&#8217;un st\u00e9rilisateur d&#8217;outils m\u00e9dicaux et d&#8217;accessoires hospitaliers par l&#8217;ozone<\/li><li>Diagnostique de d\u00e9fauts des syst\u00e8mes \u00e0 \u00e9nergie renouvelables distants \u00e0 l&#8217;aide des capteurs sans fils et l&#8217;internet des objets.<\/li><li>Nouvelle technique d&#8217;auto-nettoyage et de refroidissement des panneaux solaires par vent \u00e9lectrique.<\/li><li>R\u00e9alisation d&#8217;un proc\u00e9d\u00e9 pour l&#8217;auto-nettoyage des panneaux photovolta\u00efques.<\/li><\/ol>\t\t\t\t\t\t\t\t<\/div>\n\t\t\t\t<\/div>\n\t\t\t\t<\/div>\n\t\t\t\t\t<\/div>\n\t\t\t\t<\/div>\n\t\t<div class=\"elementor-element elementor-element-9e12e17 e-flex e-con-boxed e-con e-parent\" data-id=\"9e12e17\" data-element_type=\"container\">\n\t\t\t\t\t<div class=\"e-con-inner\">\n\t\t<div class=\"elementor-element elementor-element-785cbeb e-con-full e-flex e-con e-child\" data-id=\"785cbeb\" data-element_type=\"container\">\n\t\t\t\t<div class=\"elementor-element elementor-element-e773af2 elementor-widget elementor-widget-heading\" data-id=\"e773af2\" data-element_type=\"widget\" data-widget_type=\"heading.default\">\n\t\t\t\t<div class=\"elementor-widget-container\">\n\t\t\t\t\t<h2 class=\"elementor-heading-title elementor-size-default\">\u2022\tProjets Mixte :<\/h2>\t\t\t\t<\/div>\n\t\t\t\t<\/div>\n\t\t\t\t<div class=\"elementor-element elementor-element-5a8e27c elementor-widget elementor-widget-text-editor\" data-id=\"5a8e27c\" data-element_type=\"widget\" data-widget_type=\"text-editor.default\">\n\t\t\t\t<div class=\"elementor-widget-container\">\n\t\t\t\t\t\t\t\t\t<ol><li>Technologie de l&#8217;ozone au service de la r\u00e9utilisation des eaux.<\/li><\/ol>\t\t\t\t\t\t\t\t<\/div>\n\t\t\t\t<\/div>\n\t\t\t\t<\/div>\n\t\t\t\t\t<\/div>\n\t\t\t\t<\/div>\n\t\t\t\t<\/div>\n\t\t","protected":false},"excerpt":{"rendered":"<p>Projets de Recherche Scientifique Projets de Recherche Scientifique \u2022 Projets PRFU : Am\u00e9lioration des commandes appliqu\u00e9es aux syst\u00e8mes \u00e9lectro-\u00e9nerg\u00e9tiques conventionnels et renouvelables. Etude et R\u00e9alisation d\u2019un proc\u00e9d\u00e9 \u00e9lectromagn\u00e9tique de s\u00e9paration et de valorisation des d\u00e9chets m\u00e9talliques et non m\u00e9talliques par courant de Foucault Etude des dispositifs \u00e0 base de mat\u00e9riaux III-V nitrur\u00e9s pour des applications [&hellip;]<\/p>\n","protected":false},"author":3,"featured_media":0,"parent":0,"menu_order":0,"comment_status":"closed","ping_status":"closed","template":"","meta":{"_uag_custom_page_level_css":"","postBodyCss":"","postBodyMargin":[],"postBodyPadding":[],"postBodyBackground":{"backgroundType":"classic","gradient":""},"site-sidebar-layout":"no-sidebar","site-content-layout":"page-builder","ast-site-content-layout":"full-width-container","site-content-style":"unboxed","site-sidebar-style":"unboxed","ast-global-header-display":"","ast-banner-title-visibility":"","ast-main-header-display":"","ast-hfb-above-header-display":"","ast-hfb-below-header-display":"","ast-hfb-mobile-header-display":"","site-post-title":"disabled","ast-breadcrumbs-content":"disabled","ast-featured-img":"disabled","footer-sml-layout":"","ast-disable-related-posts":"","theme-transparent-header-meta":"enabled","adv-header-id-meta":"","stick-header-meta":"","header-above-stick-meta":"","header-main-stick-meta":"","header-below-stick-meta":"","astra-migrate-meta-layouts":"set","ast-page-background-enabled":"default","ast-page-background-meta":{"desktop":{"background-color":"var(--ast-global-color-4)","background-image":"","background-repeat":"repeat","background-position":"center center","background-size":"auto","background-attachment":"scroll","background-type":"","background-media":"","overlay-type":"","overlay-color":"","overlay-opacity":"","overlay-gradient":""},"tablet":{"background-color":"","background-image":"","background-repeat":"repeat","background-position":"center center","background-size":"auto","background-attachment":"scroll","background-type":"","background-media":"","overlay-type":"","overlay-color":"","overlay-opacity":"","overlay-gradient":""},"mobile":{"background-color":"","background-image":"","background-repeat":"repeat","background-position":"center center","background-size":"auto","background-attachment":"scroll","background-type":"","background-media":"","overlay-type":"","overlay-color":"","overlay-opacity":"","overlay-gradient":""}},"ast-content-background-meta":{"desktop":{"background-color":"var(--ast-global-color-5)","background-image":"","background-repeat":"repeat","background-position":"center center","background-size":"auto","background-attachment":"scroll","background-type":"","background-media":"","overlay-type":"","overlay-color":"","overlay-opacity":"","overlay-gradient":""},"tablet":{"background-color":"var(--ast-global-color-5)","background-image":"","background-repeat":"repeat","background-position":"center center","background-size":"auto","background-attachment":"scroll","background-type":"","background-media":"","overlay-type":"","overlay-color":"","overlay-opacity":"","overlay-gradient":""},"mobile":{"background-color":"var(--ast-global-color-5)","background-image":"","background-repeat":"repeat","background-position":"center center","background-size":"auto","background-attachment":"scroll","background-type":"","background-media":"","overlay-type":"","overlay-color":"","overlay-opacity":"","overlay-gradient":""}},"footnotes":""},"class_list":["post-2751","page","type-page","status-publish","hentry"],"uagb_featured_image_src":{"full":false,"thumbnail":false,"medium":false,"medium_large":false,"large":false,"1536x1536":false,"2048x2048":false},"uagb_author_info":{"display_name":"Houda","author_link":"https:\/\/www.univ-sba.dz\/ge\/author\/houdacpt\/"},"uagb_comment_info":0,"uagb_excerpt":"Projets de Recherche Scientifique Projets de Recherche Scientifique \u2022 Projets PRFU : Am\u00e9lioration des commandes appliqu\u00e9es aux syst\u00e8mes \u00e9lectro-\u00e9nerg\u00e9tiques conventionnels et renouvelables. Etude et R\u00e9alisation d\u2019un proc\u00e9d\u00e9 \u00e9lectromagn\u00e9tique de s\u00e9paration et de valorisation des d\u00e9chets m\u00e9talliques et non m\u00e9talliques par courant de Foucault Etude des dispositifs \u00e0 base de mat\u00e9riaux III-V nitrur\u00e9s pour des applications\u2026","rttpg_featured_image_url":null,"rttpg_author":{"display_name":"Houda","author_link":"https:\/\/www.univ-sba.dz\/ge\/author\/houdacpt\/"},"rttpg_comment":0,"rttpg_category":" <a href=\"https:\/\/www.univ-sba.dz\/ge\/fr\/\" rel=\"tag\">Fran\u00e7ais<\/a>","rttpg_excerpt":"Projets de Recherche Scientifique Projets de Recherche Scientifique \u2022 Projets PRFU : Am\u00e9lioration des commandes appliqu\u00e9es aux syst\u00e8mes \u00e9lectro-\u00e9nerg\u00e9tiques conventionnels et renouvelables. Etude et R\u00e9alisation d\u2019un proc\u00e9d\u00e9 \u00e9lectromagn\u00e9tique de s\u00e9paration et de valorisation des d\u00e9chets m\u00e9talliques et non m\u00e9talliques par courant de Foucault Etude des dispositifs \u00e0 base de mat\u00e9riaux III-V nitrur\u00e9s pour des applications\u2026","_links":{"self":[{"href":"https:\/\/www.univ-sba.dz\/ge\/wp-json\/wp\/v2\/pages\/2751","targetHints":{"allow":["GET"]}}],"collection":[{"href":"https:\/\/www.univ-sba.dz\/ge\/wp-json\/wp\/v2\/pages"}],"about":[{"href":"https:\/\/www.univ-sba.dz\/ge\/wp-json\/wp\/v2\/types\/page"}],"author":[{"embeddable":true,"href":"https:\/\/www.univ-sba.dz\/ge\/wp-json\/wp\/v2\/users\/3"}],"replies":[{"embeddable":true,"href":"https:\/\/www.univ-sba.dz\/ge\/wp-json\/wp\/v2\/comments?post=2751"}],"version-history":[{"count":10,"href":"https:\/\/www.univ-sba.dz\/ge\/wp-json\/wp\/v2\/pages\/2751\/revisions"}],"predecessor-version":[{"id":3508,"href":"https:\/\/www.univ-sba.dz\/ge\/wp-json\/wp\/v2\/pages\/2751\/revisions\/3508"}],"wp:attachment":[{"href":"https:\/\/www.univ-sba.dz\/ge\/wp-json\/wp\/v2\/media?parent=2751"}],"curies":[{"name":"wp","href":"https:\/\/api.w.org\/{rel}","templated":true}]}}