{"id":2759,"date":"2024-12-09T10:39:53","date_gmt":"2024-12-09T09:39:53","guid":{"rendered":"http:\/\/www.univ-sba.dz\/isa\/?page_id=2759"},"modified":"2026-02-04T15:35:42","modified_gmt":"2026-02-04T14:35:42","slug":"offres-de-configuration","status":"publish","type":"page","link":"https:\/\/www.univ-sba.dz\/ge\/fr\/offres-de-configuration\/","title":{"rendered":"Offres de Formation"},"content":{"rendered":"\t\t<div data-elementor-type=\"wp-page\" data-elementor-id=\"2759\" class=\"elementor elementor-2759\">\n\t\t\t\t<div class=\"elementor-element elementor-element-19b8c8c e-flex e-con-boxed e-con e-parent\" data-id=\"19b8c8c\" data-element_type=\"container\" data-settings=\"{&quot;background_background&quot;:&quot;classic&quot;}\">\n\t\t\t\t\t<div class=\"e-con-inner\">\n\t\t<div class=\"elementor-element elementor-element-372848a e-con-full e-flex e-con e-child\" data-id=\"372848a\" data-element_type=\"container\">\n\t\t\t\t<div class=\"elementor-element elementor-element-0ccf104 elementor-widget elementor-widget-heading\" data-id=\"0ccf104\" data-element_type=\"widget\" data-widget_type=\"heading.default\">\n\t\t\t\t<div class=\"elementor-widget-container\">\n\t\t\t\t\t<h1 class=\"elementor-heading-title elementor-size-default\">Offre de Formation<\/h1>\t\t\t\t<\/div>\n\t\t\t\t<\/div>\n\t\t\t\t<\/div>\n\t\t\t\t\t<\/div>\n\t\t\t\t<\/div>\n\t\t<div class=\"elementor-element elementor-element-41510b3 e-flex e-con-boxed e-con e-parent\" data-id=\"41510b3\" data-element_type=\"container\">\n\t\t\t\t\t<div class=\"e-con-inner\">\n\t\t\t\t<div class=\"elementor-element elementor-element-4425169 e-n-tabs-mobile elementor-widget elementor-widget-n-tabs\" data-id=\"4425169\" data-element_type=\"widget\" data-settings=\"{&quot;horizontal_scroll&quot;:&quot;disable&quot;}\" data-widget_type=\"nested-tabs.default\">\n\t\t\t\t<div class=\"elementor-widget-container\">\n\t\t\t\t\t\t\t<div class=\"e-n-tabs\" data-widget-number=\"71455081\" aria-label=\"Onglets. Ouvrez des \u00e9l\u00e9ments avec Entrer ou Espace, fermez-les avec Echape et naviguez \u00e0 l&#039;aide des touches fl\u00e9ch\u00e9es.\">\n\t\t\t<div class=\"e-n-tabs-heading\" role=\"tablist\">\n\t\t\t\t\t<button id=\"e-n-tab-title-714550811\" data-tab-title-id=\"e-n-tab-title-714550811\" class=\"e-n-tab-title\" aria-selected=\"true\" data-tab-index=\"1\" role=\"tab\" tabindex=\"0\" aria-controls=\"e-n-tab-content-714550811\" style=\"--n-tabs-title-order: 1;\">\n\t\t\t\t\t\t<span class=\"e-n-tab-title-text\">\n\t\t\t\tLicence\t\t\t<\/span>\n\t\t<\/button>\n\t\t\t\t<button id=\"e-n-tab-title-714550812\" data-tab-title-id=\"e-n-tab-title-714550812\" class=\"e-n-tab-title\" aria-selected=\"false\" data-tab-index=\"2\" role=\"tab\" tabindex=\"-1\" aria-controls=\"e-n-tab-content-714550812\" style=\"--n-tabs-title-order: 2;\">\n\t\t\t\t\t\t<span class=\"e-n-tab-title-text\">\n\t\t\t\tmaster\t\t\t<\/span>\n\t\t<\/button>\n\t\t\t\t<button id=\"e-n-tab-title-714550813\" data-tab-title-id=\"e-n-tab-title-714550813\" class=\"e-n-tab-title\" aria-selected=\"false\" data-tab-index=\"3\" role=\"tab\" tabindex=\"-1\" aria-controls=\"e-n-tab-content-714550813\" style=\"--n-tabs-title-order: 3;\">\n\t\t\t\t\t\t<span class=\"e-n-tab-title-text\">\n\t\t\t\tDoctorat\t\t\t<\/span>\n\t\t<\/button>\n\t\t\t\t<button id=\"e-n-tab-title-714550814\" data-tab-title-id=\"e-n-tab-title-714550814\" class=\"e-n-tab-title\" aria-selected=\"false\" data-tab-index=\"4\" role=\"tab\" tabindex=\"-1\" aria-controls=\"e-n-tab-content-714550814\" style=\"--n-tabs-title-order: 4;\">\n\t\t\t\t\t\t<span class=\"e-n-tab-title-text\">\n\t\t\t\tIng\u00e9nieur d\u2019\u00c9tat\t\t\t<\/span>\n\t\t<\/button>\n\t\t\t\t<button id=\"e-n-tab-title-714550815\" data-tab-title-id=\"e-n-tab-title-714550815\" class=\"e-n-tab-title\" aria-selected=\"false\" data-tab-index=\"5\" role=\"tab\" tabindex=\"-1\" aria-controls=\"e-n-tab-content-714550815\" style=\"--n-tabs-title-order: 5;\">\n\t\t\t\t\t\t<span class=\"e-n-tab-title-text\">\n\t\t\t\tMCIL\t\t\t<\/span>\n\t\t<\/button>\n\t\t\t\t\t<\/div>\n\t\t\t<div class=\"e-n-tabs-content\">\n\t\t\t\t<div id=\"e-n-tab-content-714550811\" role=\"tabpanel\" aria-labelledby=\"e-n-tab-title-714550811\" data-tab-index=\"1\" style=\"--n-tabs-title-order: 1;\" class=\"e-active elementor-element elementor-element-19e8a04 e-con-full e-flex e-con e-child\" data-id=\"19e8a04\" data-element_type=\"container\">\n\t\t<div class=\"elementor-element elementor-element-72507d3 e-flex e-con-boxed e-con e-child\" data-id=\"72507d3\" data-element_type=\"container\">\n\t\t\t\t\t<div class=\"e-con-inner\">\n\t\t\t\t<div class=\"elementor-element elementor-element-4ffc000 elementor-widget elementor-widget-text-editor\" data-id=\"4ffc000\" data-element_type=\"widget\" data-widget_type=\"text-editor.default\">\n\t\t\t\t<div class=\"elementor-widget-container\">\n\t\t\t\t\t\t\t\t\t<table width=\"1195\"><tbody><tr><td width=\"80\">N\u00b0<\/td><td width=\"261\">Facult\u00e9<\/td><td width=\"235\">Domaine<\/td><td width=\"214\">Fili\u00e8re<\/td><td width=\"181\">Sp\u00e9cialit\u00e9<\/td><td width=\"144\">Dipl\u00f4me pr\u00e9par\u00e9<\/td><td width=\"80\">Niveau<\/td><\/tr><tr><td>1<\/td><td>G\u00e9nie Electrique<\/td><td>Sciences et Technologies<\/td><td>Automatique<\/td><td>Automatique<\/td><td>Licence<\/td><td>L2<\/td><\/tr><tr><td>2<\/td><td>G\u00e9nie Electrique<\/td><td>Sciences et Technologies<\/td><td>Automatique<\/td><td>Automatique<\/td><td>Licence<\/td><td>L3<\/td><\/tr><tr><td>3<\/td><td>G\u00e9nie Electrique<\/td><td>Sciences et Technologies<\/td><td>Electromecanique<\/td><td>Electromecanique<\/td><td>Licence<\/td><td>L2<\/td><\/tr><tr><td>4<\/td><td>G\u00e9nie Electrique<\/td><td>Sciences et Technologies<\/td><td>Electromecanique<\/td><td>Electromecanique<\/td><td>Licence<\/td><td>L3<\/td><\/tr><tr><td>5<\/td><td>G\u00e9nie Electrique<\/td><td>Sciences et Technologies<\/td><td>T\u00e9lemcommunications<\/td><td>T\u00e9lemcommunications<\/td><td>Licence<\/td><td>L2<\/td><\/tr><tr><td>6<\/td><td>G\u00e9nie Electrique<\/td><td>Sciences et Technologies<\/td><td>T\u00e9lemcommunications<\/td><td>T\u00e9lemcommunications<\/td><td>Licence<\/td><td>L3<\/td><\/tr><\/tbody><\/table>\t\t\t\t\t\t\t\t<\/div>\n\t\t\t\t<\/div>\n\t\t\t\t\t<\/div>\n\t\t\t\t<\/div>\n\t\t\t\t<\/div>\n\t\t<div id=\"e-n-tab-content-714550812\" role=\"tabpanel\" aria-labelledby=\"e-n-tab-title-714550812\" data-tab-index=\"2\" style=\"--n-tabs-title-order: 2;\" class=\" elementor-element elementor-element-1fe4987 e-con-full e-flex e-con e-child\" data-id=\"1fe4987\" data-element_type=\"container\">\n\t\t<div class=\"elementor-element elementor-element-9e37496 e-flex e-con-boxed e-con e-child\" data-id=\"9e37496\" data-element_type=\"container\">\n\t\t\t\t\t<div class=\"e-con-inner\">\n\t\t\t\t<div class=\"elementor-element elementor-element-21c7293 elementor-widget elementor-widget-text-editor\" data-id=\"21c7293\" data-element_type=\"widget\" data-widget_type=\"text-editor.default\">\n\t\t\t\t<div class=\"elementor-widget-container\">\n\t\t\t\t\t\t\t\t\t<table width=\"1171\"><tbody><tr><td width=\"112\">N\u00b0<\/td><td width=\"326\">Fili\u00e8re<\/td><td width=\"329\">Sp\u00e9cialit\u00e9<\/td><td width=\"324\">Dipl\u00f4me pr\u00e9par\u00e9<\/td><td width=\"80\">Niveau<\/td><\/tr><tr><td>1<\/td><td>Automatique<\/td><td>Automatique et Systemes<\/td><td>Master<\/td><td>M1<\/td><\/tr><tr><td>2<\/td><td>Automatique<\/td><td>Automatique et Systemes<\/td><td>Master<\/td><td>M2<\/td><\/tr><tr><td>3<\/td><td>Electromecanique<\/td><td>Electromecanique<\/td><td>Master<\/td><td>M1<\/td><\/tr><tr><td>4<\/td><td>Electromecanique<\/td><td>Electromecanique<\/td><td>Master<\/td><td>M2<\/td><\/tr><tr><td>5<\/td><td>Electronique<\/td><td>Istrumentations<\/td><td>Master<\/td><td>M1<\/td><\/tr><tr><td>6<\/td><td>Electronique<\/td><td>Istrumentations<\/td><td>Master<\/td><td>M2<\/td><\/tr><tr><td>7<\/td><td>Electronique<\/td><td>Micro Electronique<\/td><td>Master<\/td><td>M1<\/td><\/tr><tr><td>8<\/td><td>Electronique<\/td><td>Micro Electronique<\/td><td>Master<\/td><td>M2<\/td><\/tr><tr><td>9<\/td><td>Electronique<\/td><td>Electronique et Systemes Embarqu\u00e9s<\/td><td>Master<\/td><td>M1<\/td><\/tr><tr><td>10<\/td><td>Electronique<\/td><td>Electronique et Systemes Embarqu\u00e9s<\/td><td>Master<\/td><td>M2<\/td><\/tr><tr><td>11<\/td><td>T\u00e9lemcommunications<\/td><td>R\u00e9seaux et T\u00e9lecommunications<\/td><td>Master<\/td><td>M1<\/td><\/tr><tr><td>12<\/td><td>T\u00e9lemcommunications<\/td><td>R\u00e9seaux et T\u00e9lecommunications<\/td><td>Master<\/td><td>M2<\/td><\/tr><tr><td>13<\/td><td>T\u00e9lemcommunications<\/td><td>Systemes de T\u00e9lecommunications<\/td><td>Master<\/td><td>M1<\/td><\/tr><tr><td>14<\/td><td>T\u00e9lemcommunications<\/td><td>Systemes de T\u00e9lecommunications<\/td><td>Master<\/td><td>M2<\/td><\/tr><tr><td>15<\/td><td>Electrotechnique<\/td><td>R\u00e9seaux Electriques<\/td><td>Master<\/td><td>M2<\/td><\/tr><tr><td>16<\/td><td>Electrotechnique<\/td><td>Machnies Electriques<\/td><td>Master<\/td><td>M2<\/td><\/tr><tr><td>17<\/td><td>Electrotechnique<\/td><td>Commandes Electriques<\/td><td>Master<\/td><td>M2<\/td><\/tr><tr><td>18<\/td><td>Electrotechnique<\/td><td>Energies renouvlables en Electrotechnique<\/td><td>Master<\/td><td>M2<\/td><\/tr><tr><td>19<\/td><td>Electrotechnique<\/td><td>R\u00e9seaux Electriques<\/td><td>Master<\/td><td>M1<\/td><\/tr><tr><td>20<\/td><td>Electrotechnique<\/td><td>Machnies Electriques<\/td><td>Master<\/td><td>M1<\/td><\/tr><tr><td>21<\/td><td>Electrotechnique<\/td><td>Commandes Electriques<\/td><td>Master<\/td><td>M1<\/td><\/tr><\/tbody><\/table>\t\t\t\t\t\t\t\t<\/div>\n\t\t\t\t<\/div>\n\t\t\t\t\t<\/div>\n\t\t\t\t<\/div>\n\t\t\t\t<\/div>\n\t\t<div id=\"e-n-tab-content-714550813\" role=\"tabpanel\" aria-labelledby=\"e-n-tab-title-714550813\" data-tab-index=\"3\" style=\"--n-tabs-title-order: 3;\" class=\" elementor-element elementor-element-e96474a e-con-full e-flex e-con e-child\" data-id=\"e96474a\" data-element_type=\"container\">\n\t\t<div class=\"elementor-element elementor-element-2591b0c e-flex e-con-boxed e-con e-child\" data-id=\"2591b0c\" data-element_type=\"container\">\n\t\t\t\t\t<div class=\"e-con-inner\">\n\t\t\t\t<div class=\"elementor-element elementor-element-4b87741 elementor-widget elementor-widget-text-editor\" data-id=\"4b87741\" data-element_type=\"widget\" data-widget_type=\"text-editor.default\">\n\t\t\t\t<div class=\"elementor-widget-container\">\n\t\t\t\t\t\t\t\t\t<table border=\"1\" cellpadding=\"8\" cellspacing=\"0\" style=\"border-collapse: collapse; width:100%; text-align:center;\">\n  <thead>\n    <tr>\n      <th>N\u00b0<\/th>\n      <th>Facult\u00e9<\/th>\n      <th>Domaine<\/th>\n      <th>Fili\u00e8re<\/th>\n      <th>Sp\u00e9cialit\u00e9<\/th>\n      <th>Dipl\u00f4me pr\u00e9par\u00e9<\/th>\n    <\/tr>\n  <\/thead>\n  <tbody>\n    <tr>\n      <td>1<\/td>\n      <td>G\u00e9nie \u00e9lectrique<\/td>\n      <td>Sciences et technologies<\/td>\n      <td>Automatique<\/td>\n      <td>Automatique et informatique industrielle<\/td>\n      <td>Doctorat<\/td>\n    <\/tr>\n    <tr>\n      <td>2<\/td>\n      <td>G\u00e9nie \u00e9lectrique<\/td>\n      <td>Sciences et technologies<\/td>\n      <td>Automatique<\/td>\n      <td>Automatique et syst\u00e8mes<\/td>\n      <td>Doctorat<\/td>\n    <\/tr>\n    <tr>\n      <td>3<\/td>\n      <td>G\u00e9nie \u00e9lectrique<\/td>\n      <td>Sciences et technologies<\/td>\n      <td>\u00c9lectronique<\/td>\n      <td>Micro\u00e9lectronique<\/td>\n      <td>Doctorat<\/td>\n    <\/tr>\n    <tr>\n      <td>4<\/td>\n      <td>G\u00e9nie \u00e9lectrique<\/td>\n      <td>Sciences et technologies<\/td>\n      <td>\u00c9lectronique<\/td>\n      <td>\u00c9lectronique et syst\u00e8mes embarqu\u00e9s<\/td>\n      <td>Doctorat<\/td>\n    <\/tr>\n    <tr>\n      <td>5<\/td>\n      <td>G\u00e9nie \u00e9lectrique<\/td>\n      <td>Sciences et technologies<\/td>\n      <td>\u00c9lectronique<\/td>\n      <td>Instrumentation<\/td>\n      <td>Doctorat<\/td>\n    <\/tr>\n    <tr>\n      <td>6<\/td>\n      <td>G\u00e9nie \u00e9lectrique<\/td>\n      <td>Sciences et technologies<\/td>\n      <td>T\u00e9l\u00e9communications<\/td>\n      <td>R\u00e9seaux et t\u00e9l\u00e9communications<\/td>\n      <td>Doctorat<\/td>\n    <\/tr>\n    <tr>\n      <td>7<\/td>\n      <td>G\u00e9nie \u00e9lectrique<\/td>\n      <td>Sciences et technologies<\/td>\n      <td>T\u00e9l\u00e9communications<\/td>\n      <td>Syst\u00e8mes de t\u00e9l\u00e9communications<\/td>\n      <td>Doctorat<\/td>\n    <\/tr>\n    <tr>\n      <td>8<\/td>\n      <td>G\u00e9nie \u00e9lectrique<\/td>\n      <td>Sciences et technologies<\/td>\n      <td>\u00c9lectrotechnique<\/td>\n      <td>R\u00e9seaux \u00e9lectriques<\/td>\n      <td>Doctorat<\/td>\n    <\/tr>\n    <tr>\n      <td>9<\/td>\n      <td>G\u00e9nie \u00e9lectrique<\/td>\n      <td>Sciences et technologies<\/td>\n      <td>\u00c9lectrotechnique<\/td>\n      <td>Machines \u00e9lectriques<\/td>\n      <td>Doctorat<\/td>\n    <\/tr>\n    <tr>\n      <td>10<\/td>\n      <td>G\u00e9nie \u00e9lectrique<\/td>\n      <td>Sciences et technologies<\/td>\n      <td>\u00c9lectrotechnique<\/td>\n      <td>Commande \u00e9lectrique<\/td>\n      <td>Doctorat<\/td>\n    <\/tr>\n    <tr>\n      <td>11<\/td>\n      <td>G\u00e9nie \u00e9lectrique<\/td>\n      <td>Sciences et technologies<\/td>\n      <td>\u00c9lectrotechnique<\/td>\n      <td>\u00c9nergies renouvelables<\/td>\n      <td>Doctorat<\/td>\n    <\/tr>\n  <\/tbody>\n<\/table>\n\t\t\t\t\t\t\t\t<\/div>\n\t\t\t\t<\/div>\n\t\t\t\t\t<\/div>\n\t\t\t\t<\/div>\n\t\t\t\t<\/div>\n\t\t<div id=\"e-n-tab-content-714550814\" role=\"tabpanel\" aria-labelledby=\"e-n-tab-title-714550814\" data-tab-index=\"4\" style=\"--n-tabs-title-order: 4;\" class=\" elementor-element elementor-element-20f1280 e-flex e-con-boxed e-con e-child\" data-id=\"20f1280\" data-element_type=\"container\">\n\t\t\t\t\t<div class=\"e-con-inner\">\n\t\t<div class=\"elementor-element elementor-element-8f81c2a e-con-full e-flex e-con e-child\" data-id=\"8f81c2a\" data-element_type=\"container\">\n\t\t\t\t<div class=\"elementor-element elementor-element-a087458 elementor-widget elementor-widget-text-editor\" data-id=\"a087458\" data-element_type=\"widget\" data-widget_type=\"text-editor.default\">\n\t\t\t\t<div class=\"elementor-widget-container\">\n\t\t\t\t\t\t\t\t\t<table width=\"1323\"><tbody><tr><td width=\"80\">N\u00b0<\/td><td width=\"237\">Facult\u00e9<\/td><td width=\"225\">Domaine<\/td><td width=\"251\">Fili\u00e8re<\/td><td width=\"370\">Sp\u00e9cialit\u00e9<\/td><td width=\"80\">Dipl\u00f4me pr\u00e9par\u00e9<\/td><td width=\"80\">Niveau<\/td><\/tr><tr><td>1<\/td><td>G\u00e9nie Electrique<\/td><td>Sciences et Technologies<\/td><td>Electrotechnique<\/td><td>Electrotechnique<\/td><td>Ing\u00e9nieur<\/td><td>1\u00e9re<\/td><\/tr><tr><td>2<\/td><td>G\u00e9nie Electrique<\/td><td>Sciences et Technologies<\/td><td>Sciences et Technologies<\/td><td>Sciences et Technologies<\/td><td>Ing\u00e9nieur<\/td><td>1\u00e9re<\/td><\/tr><tr><td>3<\/td><td>G\u00e9nie Electrique<\/td><td>Sciences et Technologies<\/td><td>Sciences et Technologies<\/td><td>Sciences et Technologies<\/td><td>Ing\u00e9nieur<\/td><td>2\u00e8me<\/td><\/tr><tr><td>4<\/td><td>G\u00e9nie Electrique<\/td><td>Sciences et Technologies<\/td><td>Electrotechnique<\/td><td>R\u00e9seaux et Sources D&#8217;energies Electriques<\/td><td>Ing\u00e9nieur<\/td><td>3\u00e8me<\/td><\/tr><\/tbody><\/table>\t\t\t\t\t\t\t\t<\/div>\n\t\t\t\t<\/div>\n\t\t\t\t<\/div>\n\t\t\t\t\t<\/div>\n\t\t\t\t<\/div>\n\t\t<div id=\"e-n-tab-content-714550815\" role=\"tabpanel\" aria-labelledby=\"e-n-tab-title-714550815\" data-tab-index=\"5\" style=\"--n-tabs-title-order: 5;\" class=\" elementor-element elementor-element-c6b7fd1 e-flex e-con-boxed e-con e-child\" data-id=\"c6b7fd1\" data-element_type=\"container\">\n\t\t\t\t\t<div class=\"e-con-inner\">\n\t\t<div class=\"elementor-element elementor-element-9e836cf e-con-full e-flex e-con e-child\" data-id=\"9e836cf\" data-element_type=\"container\">\n\t\t\t\t<div class=\"elementor-element elementor-element-4853eb2 elementor-widget elementor-widget-text-editor\" data-id=\"4853eb2\" data-element_type=\"widget\" data-widget_type=\"text-editor.default\">\n\t\t\t\t<div class=\"elementor-widget-container\">\n\t\t\t\t\t\t\t\t\t<table width=\"2114\"><tbody><tr><td width=\"80\">N\u00b0<\/td><td width=\"173\">Facult\u00e9<\/td><td width=\"331\">Domaine<\/td><td width=\"339\">Fili\u00e8re<\/td><td width=\"398\">Sp\u00e9cialit\u00e9<\/td><td width=\"307\">Dipl\u00f4me pr\u00e9par\u00e9<\/td><td width=\"486\">Niveau<\/td><\/tr><tr><td>1<\/td><td>G\u00e9nie Electrique<\/td><td>Sciences et Technologies<\/td><td>Electronique<\/td><td>Syst\u00e9mes Electroniques Autonome et Intilligence Artificielle<\/td><td>MCIL_Licence<\/td><td>L1<\/td><\/tr><tr><td>2<\/td><td>G\u00e9nie Electrique<\/td><td>Sciences et Technologies<\/td><td>Electronique<\/td><td>Syst\u00e9mes Electroniques Autonome et Intilligence Artificielle<\/td><td>MCIL_Licence<\/td><td>L2<\/td><\/tr><tr><td>3<\/td><td>G\u00e9nie Electrique<\/td><td>Sciences et Technologies<\/td><td>Electrotechnique<\/td><td>Electrotechnique<\/td><td>MCIL_Licence<\/td><td>L1<\/td><\/tr><tr><td>4<\/td><td>G\u00e9nie Electrique<\/td><td>Sciences et Technologies<\/td><td>Electrotechnique<\/td><td>Electrotechnique<\/td><td>MCIL_Licence<\/td><td>L2<\/td><\/tr><tr><td>5<\/td><td>G\u00e9nie Electrique<\/td><td>Sciences et Technologies<\/td><td>Electrotechnique<\/td><td>Electrotechnique<\/td><td>MCIL_Licence<\/td><td>L3<\/td><\/tr><\/tbody><\/table>\t\t\t\t\t\t\t\t<\/div>\n\t\t\t\t<\/div>\n\t\t\t\t<\/div>\n\t\t\t\t\t<\/div>\n\t\t\t\t<\/div>\n\t\t\t\t\t<\/div>\n\t\t<\/div>\n\t\t\t\t\t\t<\/div>\n\t\t\t\t<\/div>\n\t\t\t\t\t<\/div>\n\t\t\t\t<\/div>\n\t\t\t\t<\/div>\n\t\t","protected":false},"excerpt":{"rendered":"<p>Offre de Formation Licence master Doctorat Ing\u00e9nieur d\u2019\u00c9tat MCIL N\u00b0 Facult\u00e9 Domaine Fili\u00e8re Sp\u00e9cialit\u00e9 Dipl\u00f4me pr\u00e9par\u00e9 Niveau 1 G\u00e9nie Electrique Sciences et Technologies Automatique Automatique Licence L2 2 G\u00e9nie Electrique Sciences et Technologies Automatique Automatique Licence L3 3 G\u00e9nie Electrique Sciences et Technologies Electromecanique Electromecanique Licence L2 4 G\u00e9nie Electrique Sciences et Technologies Electromecanique Electromecanique [&hellip;]<\/p>\n","protected":false},"author":3,"featured_media":0,"parent":0,"menu_order":0,"comment_status":"closed","ping_status":"closed","template":"","meta":{"_uag_custom_page_level_css":"","postBodyCss":"","postBodyMargin":[],"postBodyPadding":[],"postBodyBackground":{"backgroundType":"classic","gradient":""},"site-sidebar-layout":"no-sidebar","site-content-layout":"page-builder","ast-site-content-layout":"full-width-container","site-content-style":"unboxed","site-sidebar-style":"unboxed","ast-global-header-display":"","ast-banner-title-visibility":"","ast-main-header-display":"","ast-hfb-above-header-display":"","ast-hfb-below-header-display":"","ast-hfb-mobile-header-display":"","site-post-title":"disabled","ast-breadcrumbs-content":"disabled","ast-featured-img":"disabled","footer-sml-layout":"","ast-disable-related-posts":"","theme-transparent-header-meta":"enabled","adv-header-id-meta":"","stick-header-meta":"","header-above-stick-meta":"","header-main-stick-meta":"","header-below-stick-meta":"","astra-migrate-meta-layouts":"set","ast-page-background-enabled":"default","ast-page-background-meta":{"desktop":{"background-color":"var(--ast-global-color-4)","background-image":"","background-repeat":"repeat","background-position":"center center","background-size":"auto","background-attachment":"scroll","background-type":"","background-media":"","overlay-type":"","overlay-color":"","overlay-opacity":"","overlay-gradient":""},"tablet":{"background-color":"","background-image":"","background-repeat":"repeat","background-position":"center center","background-size":"auto","background-attachment":"scroll","background-type":"","background-media":"","overlay-type":"","overlay-color":"","overlay-opacity":"","overlay-gradient":""},"mobile":{"background-color":"","background-image":"","background-repeat":"repeat","background-position":"center center","background-size":"auto","background-attachment":"scroll","background-type":"","background-media":"","overlay-type":"","overlay-color":"","overlay-opacity":"","overlay-gradient":""}},"ast-content-background-meta":{"desktop":{"background-color":"var(--ast-global-color-5)","background-image":"","background-repeat":"repeat","background-position":"center center","background-size":"auto","background-attachment":"scroll","background-type":"","background-media":"","overlay-type":"","overlay-color":"","overlay-opacity":"","overlay-gradient":""},"tablet":{"background-color":"var(--ast-global-color-5)","background-image":"","background-repeat":"repeat","background-position":"center center","background-size":"auto","background-attachment":"scroll","background-type":"","background-media":"","overlay-type":"","overlay-color":"","overlay-opacity":"","overlay-gradient":""},"mobile":{"background-color":"var(--ast-global-color-5)","background-image":"","background-repeat":"repeat","background-position":"center center","background-size":"auto","background-attachment":"scroll","background-type":"","background-media":"","overlay-type":"","overlay-color":"","overlay-opacity":"","overlay-gradient":""}},"footnotes":""},"class_list":["post-2759","page","type-page","status-publish","hentry"],"uagb_featured_image_src":{"full":false,"thumbnail":false,"medium":false,"medium_large":false,"large":false,"1536x1536":false,"2048x2048":false},"uagb_author_info":{"display_name":"Houda","author_link":"https:\/\/www.univ-sba.dz\/ge\/author\/houdacpt\/"},"uagb_comment_info":0,"uagb_excerpt":"Offre de Formation Licence master Doctorat Ing\u00e9nieur d\u2019\u00c9tat MCIL N\u00b0 Facult\u00e9 Domaine Fili\u00e8re Sp\u00e9cialit\u00e9 Dipl\u00f4me pr\u00e9par\u00e9 Niveau 1 G\u00e9nie Electrique Sciences et Technologies Automatique Automatique Licence L2 2 G\u00e9nie Electrique Sciences et Technologies Automatique Automatique Licence L3 3 G\u00e9nie Electrique Sciences et Technologies Electromecanique Electromecanique Licence L2 4 G\u00e9nie Electrique Sciences et Technologies Electromecanique Electromecanique\u2026","rttpg_featured_image_url":null,"rttpg_author":{"display_name":"Houda","author_link":"https:\/\/www.univ-sba.dz\/ge\/author\/houdacpt\/"},"rttpg_comment":0,"rttpg_category":" <a href=\"https:\/\/www.univ-sba.dz\/ge\/fr\/\" rel=\"tag\">Fran\u00e7ais<\/a>","rttpg_excerpt":"Offre de Formation Licence master Doctorat Ing\u00e9nieur d\u2019\u00c9tat MCIL N\u00b0 Facult\u00e9 Domaine Fili\u00e8re Sp\u00e9cialit\u00e9 Dipl\u00f4me pr\u00e9par\u00e9 Niveau 1 G\u00e9nie Electrique Sciences et Technologies Automatique Automatique Licence L2 2 G\u00e9nie Electrique Sciences et Technologies Automatique Automatique Licence L3 3 G\u00e9nie Electrique Sciences et Technologies Electromecanique Electromecanique Licence L2 4 G\u00e9nie Electrique Sciences et Technologies Electromecanique Electromecanique\u2026","_links":{"self":[{"href":"https:\/\/www.univ-sba.dz\/ge\/wp-json\/wp\/v2\/pages\/2759","targetHints":{"allow":["GET"]}}],"collection":[{"href":"https:\/\/www.univ-sba.dz\/ge\/wp-json\/wp\/v2\/pages"}],"about":[{"href":"https:\/\/www.univ-sba.dz\/ge\/wp-json\/wp\/v2\/types\/page"}],"author":[{"embeddable":true,"href":"https:\/\/www.univ-sba.dz\/ge\/wp-json\/wp\/v2\/users\/3"}],"replies":[{"embeddable":true,"href":"https:\/\/www.univ-sba.dz\/ge\/wp-json\/wp\/v2\/comments?post=2759"}],"version-history":[{"count":18,"href":"https:\/\/www.univ-sba.dz\/ge\/wp-json\/wp\/v2\/pages\/2759\/revisions"}],"predecessor-version":[{"id":3595,"href":"https:\/\/www.univ-sba.dz\/ge\/wp-json\/wp\/v2\/pages\/2759\/revisions\/3595"}],"wp:attachment":[{"href":"https:\/\/www.univ-sba.dz\/ge\/wp-json\/wp\/v2\/media?parent=2759"}],"curies":[{"name":"wp","href":"https:\/\/api.w.org\/{rel}","templated":true}]}}