{"id":2761,"date":"2024-12-09T10:40:37","date_gmt":"2024-12-09T09:40:37","guid":{"rendered":"http:\/\/www.univ-sba.dz\/isa\/?page_id=2761"},"modified":"2026-02-05T12:18:35","modified_gmt":"2026-02-05T11:18:35","slug":"configuration-offers","status":"publish","type":"page","link":"https:\/\/www.univ-sba.dz\/ge\/en\/configuration-offers\/","title":{"rendered":"Configuration offers"},"content":{"rendered":"\t\t<div data-elementor-type=\"wp-page\" data-elementor-id=\"2761\" class=\"elementor elementor-2761\">\n\t\t\t\t<div class=\"elementor-element elementor-element-19b8c8c e-flex e-con-boxed e-con e-parent\" data-id=\"19b8c8c\" data-element_type=\"container\" data-settings=\"{&quot;background_background&quot;:&quot;classic&quot;}\">\n\t\t\t\t\t<div class=\"e-con-inner\">\n\t\t<div class=\"elementor-element elementor-element-372848a e-con-full e-flex e-con e-child\" data-id=\"372848a\" data-element_type=\"container\">\n\t\t\t\t<div class=\"elementor-element elementor-element-0ccf104 elementor-widget elementor-widget-heading\" data-id=\"0ccf104\" data-element_type=\"widget\" data-widget_type=\"heading.default\">\n\t\t\t\t<div class=\"elementor-widget-container\">\n\t\t\t\t\t<h1 class=\"elementor-heading-title elementor-size-default\">Formation Offers<\/h1>\t\t\t\t<\/div>\n\t\t\t\t<\/div>\n\t\t\t\t<\/div>\n\t\t\t\t\t<\/div>\n\t\t\t\t<\/div>\n\t\t<div class=\"elementor-element elementor-element-9a0a9b0 e-grid e-con-boxed e-con e-parent\" data-id=\"9a0a9b0\" data-element_type=\"container\">\n\t\t\t\t\t<div class=\"e-con-inner\">\n\t\t<div class=\"elementor-element elementor-element-e88b299 e-con-full e-flex e-con e-child\" data-id=\"e88b299\" data-element_type=\"container\">\n\t\t\t\t<div class=\"elementor-element elementor-element-2797c22 e-n-tabs-mobile elementor-widget elementor-widget-n-tabs\" data-id=\"2797c22\" data-element_type=\"widget\" data-settings=\"{&quot;horizontal_scroll&quot;:&quot;disable&quot;}\" data-widget_type=\"nested-tabs.default\">\n\t\t\t\t<div class=\"elementor-widget-container\">\n\t\t\t\t\t\t\t<div class=\"e-n-tabs\" data-widget-number=\"41516066\" aria-label=\"Tabs. Open items with Enter or Space, close with Escape and navigate using the Arrow keys.\">\n\t\t\t<div class=\"e-n-tabs-heading\" role=\"tablist\">\n\t\t\t\t\t<button id=\"e-n-tab-title-415160661\" data-tab-title-id=\"e-n-tab-title-415160661\" class=\"e-n-tab-title\" aria-selected=\"true\" data-tab-index=\"1\" role=\"tab\" tabindex=\"0\" aria-controls=\"e-n-tab-content-415160661\" style=\"--n-tabs-title-order: 1;\">\n\t\t\t\t\t\t<span class=\"e-n-tab-title-text\">\n\t\t\t\tLicence\t\t\t<\/span>\n\t\t<\/button>\n\t\t\t\t<button id=\"e-n-tab-title-415160662\" data-tab-title-id=\"e-n-tab-title-415160662\" class=\"e-n-tab-title\" aria-selected=\"false\" data-tab-index=\"2\" role=\"tab\" tabindex=\"-1\" aria-controls=\"e-n-tab-content-415160662\" style=\"--n-tabs-title-order: 2;\">\n\t\t\t\t\t\t<span class=\"e-n-tab-title-text\">\n\t\t\t\tmaster\t\t\t<\/span>\n\t\t<\/button>\n\t\t\t\t<button id=\"e-n-tab-title-415160663\" data-tab-title-id=\"e-n-tab-title-415160663\" class=\"e-n-tab-title\" aria-selected=\"false\" data-tab-index=\"3\" role=\"tab\" tabindex=\"-1\" aria-controls=\"e-n-tab-content-415160663\" style=\"--n-tabs-title-order: 3;\">\n\t\t\t\t\t\t<span class=\"e-n-tab-title-text\">\n\t\t\t\tDoctorat\t\t\t<\/span>\n\t\t<\/button>\n\t\t\t\t<button id=\"e-n-tab-title-415160664\" data-tab-title-id=\"e-n-tab-title-415160664\" class=\"e-n-tab-title\" aria-selected=\"false\" data-tab-index=\"4\" role=\"tab\" tabindex=\"-1\" aria-controls=\"e-n-tab-content-415160664\" style=\"--n-tabs-title-order: 4;\">\n\t\t\t\t\t\t<span class=\"e-n-tab-title-text\">\n\t\t\t\tIng\u00e9nieur d\u2019\u00c9tat\t\t\t<\/span>\n\t\t<\/button>\n\t\t\t\t<button id=\"e-n-tab-title-415160665\" data-tab-title-id=\"e-n-tab-title-415160665\" class=\"e-n-tab-title\" aria-selected=\"false\" data-tab-index=\"5\" role=\"tab\" tabindex=\"-1\" aria-controls=\"e-n-tab-content-415160665\" style=\"--n-tabs-title-order: 5;\">\n\t\t\t\t\t\t<span class=\"e-n-tab-title-text\">\n\t\t\t\tMCIL\t\t\t<\/span>\n\t\t<\/button>\n\t\t\t\t\t<\/div>\n\t\t\t<div class=\"e-n-tabs-content\">\n\t\t\t\t<div id=\"e-n-tab-content-415160661\" role=\"tabpanel\" aria-labelledby=\"e-n-tab-title-415160661\" data-tab-index=\"1\" style=\"--n-tabs-title-order: 1;\" class=\"e-active elementor-element elementor-element-643e7a4 e-con-full e-flex e-con e-child\" data-id=\"643e7a4\" data-element_type=\"container\">\n\t\t<div class=\"elementor-element elementor-element-4ed6521 e-flex e-con-boxed e-con e-child\" data-id=\"4ed6521\" data-element_type=\"container\">\n\t\t\t\t\t<div class=\"e-con-inner\">\n\t\t\t\t<div class=\"elementor-element elementor-element-292b8a8 elementor-widget elementor-widget-text-editor\" data-id=\"292b8a8\" data-element_type=\"widget\" data-widget_type=\"text-editor.default\">\n\t\t\t\t<div class=\"elementor-widget-container\">\n\t\t\t\t\t\t\t\t\t<table width=\"1195\">\n<tbody>\n<tr>\n<td width=\"80\">No.<\/td>\n<td width=\"261\">Faculty<\/td>\n<td width=\"235\">Field<\/td>\n<td width=\"214\">Program<\/td>\n<td width=\"181\">Specialty<\/td>\n<td width=\"144\">Degree Prepared<\/td>\n<td width=\"80\">Level<\/td>\n<\/tr>\n<tr>\n<td>1<\/td>\n<td>Electrical Engineering<\/td>\n<td>Science and Technology<\/td>\n<td>Automation<\/td>\n<td>Automation<\/td>\n<td>Bachelor<\/td>\n<td>L2<\/td>\n<\/tr>\n<tr>\n<td>2<\/td>\n<td>Electrical Engineering<\/td>\n<td>Science and Technology<\/td>\n<td>Automation<\/td>\n<td>Automation<\/td>\n<td>Bachelor<\/td>\n<td>L3<\/td>\n<\/tr>\n<tr>\n<td>3<\/td>\n<td>Electrical Engineering<\/td>\n<td>Science and Technology<\/td>\n<td>Electromechanics<\/td>\n<td>Electromechanics<\/td>\n<td>Bachelor<\/td>\n<td>L2<\/td>\n<\/tr>\n<tr>\n<td>4<\/td>\n<td>Electrical Engineering<\/td>\n<td>Science and Technology<\/td>\n<td>Electromechanics<\/td>\n<td>Electromechanics<\/td>\n<td>Bachelor<\/td>\n<td>L3<\/td>\n<\/tr>\n<tr>\n<td>5<\/td>\n<td>Electrical Engineering<\/td>\n<td>Science and Technology<\/td>\n<td>Telecommunications<\/td>\n<td>Telecommunications<\/td>\n<td>Bachelor<\/td>\n<td>L2<\/td>\n<\/tr>\n<tr>\n<td>6<\/td>\n<td>Electrical Engineering<\/td>\n<td>Science and Technology<\/td>\n<td>Telecommunications<\/td>\n<td>Telecommunications<\/td>\n<td>Bachelor<\/td>\n<td>L3<\/td>\n<\/tr>\n<\/tbody>\n<\/table>\n\t\t\t\t\t\t\t\t<\/div>\n\t\t\t\t<\/div>\n\t\t\t\t\t<\/div>\n\t\t\t\t<\/div>\n\t\t\t\t<\/div>\n\t\t<div id=\"e-n-tab-content-415160662\" role=\"tabpanel\" aria-labelledby=\"e-n-tab-title-415160662\" data-tab-index=\"2\" style=\"--n-tabs-title-order: 2;\" class=\" elementor-element elementor-element-5559650 e-con-full e-flex e-con e-child\" data-id=\"5559650\" data-element_type=\"container\">\n\t\t<div class=\"elementor-element elementor-element-719df28 e-flex e-con-boxed e-con e-child\" data-id=\"719df28\" data-element_type=\"container\">\n\t\t\t\t\t<div class=\"e-con-inner\">\n\t\t\t\t<div class=\"elementor-element elementor-element-7066ff1 elementor-widget elementor-widget-text-editor\" data-id=\"7066ff1\" data-element_type=\"widget\" data-widget_type=\"text-editor.default\">\n\t\t\t\t<div class=\"elementor-widget-container\">\n\t\t\t\t\t\t\t\t\t<table width=\"1171\">\n<tbody>\n<tr>\n<td width=\"112\">No.<\/td>\n<td width=\"326\">Program<\/td>\n<td width=\"329\">Specialty<\/td>\n<td width=\"324\">Degree Prepared<\/td>\n<td width=\"80\">Level<\/td>\n<\/tr>\n<tr>\n<td>1<\/td>\n<td>Automation<\/td>\n<td>Automation and Systems<\/td>\n<td>Master<\/td>\n<td>M1<\/td>\n<\/tr>\n<tr>\n<td>2<\/td>\n<td>Automation<\/td>\n<td>Automation and Systems<\/td>\n<td>Master<\/td>\n<td>M2<\/td>\n<\/tr>\n<tr>\n<td>3<\/td>\n<td>Electromechanics<\/td>\n<td>Electromechanics<\/td>\n<td>Master<\/td>\n<td>M1<\/td>\n<\/tr>\n<tr>\n<td>4<\/td>\n<td>Electromechanics<\/td>\n<td>Electromechanics<\/td>\n<td>Master<\/td>\n<td>M2<\/td>\n<\/tr>\n<tr>\n<td>5<\/td>\n<td>Electronics<\/td>\n<td>Instrumentation<\/td>\n<td>Master<\/td>\n<td>M1<\/td>\n<\/tr>\n<tr>\n<td>6<\/td>\n<td>Electronics<\/td>\n<td>Instrumentation<\/td>\n<td>Master<\/td>\n<td>M2<\/td>\n<\/tr>\n<tr>\n<td>7<\/td>\n<td>Electronics<\/td>\n<td>Microelectronics<\/td>\n<td>Master<\/td>\n<td>M1<\/td>\n<\/tr>\n<tr>\n<td>8<\/td>\n<td>Electronics<\/td>\n<td>Microelectronics<\/td>\n<td>Master<\/td>\n<td>M2<\/td>\n<\/tr>\n<tr>\n<td>9<\/td>\n<td>Electronics<\/td>\n<td>Electronics and Embedded Systems<\/td>\n<td>Master<\/td>\n<td>M1<\/td>\n<\/tr>\n<tr>\n<td>10<\/td>\n<td>Electronics<\/td>\n<td>Electronics and Embedded Systems<\/td>\n<td>Master<\/td>\n<td>M2<\/td>\n<\/tr>\n<tr>\n<td>11<\/td>\n<td>Telecommunications<\/td>\n<td>Networks and Telecommunications<\/td>\n<td>Master<\/td>\n<td>M1<\/td>\n<\/tr>\n<tr>\n<td>12<\/td>\n<td>Telecommunications<\/td>\n<td>Networks and Telecommunications<\/td>\n<td>Master<\/td>\n<td>M2<\/td>\n<\/tr>\n<tr>\n<td>13<\/td>\n<td>Telecommunications<\/td>\n<td>Telecommunication Systems<\/td>\n<td>Master<\/td>\n<td>M1<\/td>\n<\/tr>\n<tr>\n<td>14<\/td>\n<td>Telecommunications<\/td>\n<td>Telecommunication Systems<\/td>\n<td>Master<\/td>\n<td>M2<\/td>\n<\/tr>\n<tr>\n<td>15<\/td>\n<td>Electrical Engineering<\/td>\n<td>Electrical Networks<\/td>\n<td>Master<\/td>\n<td>M2<\/td>\n<\/tr>\n<tr>\n<td>16<\/td>\n<td>Electrical Engineering<\/td>\n<td>Electrical Machines<\/td>\n<td>Master<\/td>\n<td>M2<\/td>\n<\/tr>\n<tr>\n<td>17<\/td>\n<td>Electrical Engineering<\/td>\n<td>Electrical Drives and Control<\/td>\n<td>Master<\/td>\n<td>M2<\/td>\n<\/tr>\n<tr>\n<td>18<\/td>\n<td>Electrical Engineering<\/td>\n<td>Renewable Energy in Electrical Engineering<\/td>\n<td>Master<\/td>\n<td>M2<\/td>\n<\/tr>\n<tr>\n<td>19<\/td>\n<td>Electrical Engineering<\/td>\n<td>Electrical Networks<\/td>\n<td>Master<\/td>\n<td>M1<\/td>\n<\/tr>\n<tr>\n<td>20<\/td>\n<td>Electrical Engineering<\/td>\n<td>Electrical Machines<\/td>\n<td>Master<\/td>\n<td>M1<\/td>\n<\/tr>\n<tr>\n<td>21<\/td>\n<td>Electrical Engineering<\/td>\n<td>Electrical Drives and Control<\/td>\n<td>Master<\/td>\n<td>M1<\/td>\n<\/tr>\n<\/tbody>\n<\/table>\n\t\t\t\t\t\t\t\t<\/div>\n\t\t\t\t<\/div>\n\t\t\t\t\t<\/div>\n\t\t\t\t<\/div>\n\t\t\t\t<\/div>\n\t\t<div id=\"e-n-tab-content-415160663\" role=\"tabpanel\" aria-labelledby=\"e-n-tab-title-415160663\" data-tab-index=\"3\" style=\"--n-tabs-title-order: 3;\" class=\" elementor-element elementor-element-3172035 e-con-full e-flex e-con e-child\" data-id=\"3172035\" data-element_type=\"container\">\n\t\t<div class=\"elementor-element elementor-element-ab797dd e-flex e-con-boxed e-con e-child\" data-id=\"ab797dd\" data-element_type=\"container\">\n\t\t\t\t\t<div class=\"e-con-inner\">\n\t\t\t\t<div class=\"elementor-element elementor-element-08cbc2a elementor-widget elementor-widget-text-editor\" data-id=\"08cbc2a\" data-element_type=\"widget\" data-widget_type=\"text-editor.default\">\n\t\t\t\t<div class=\"elementor-widget-container\">\n\t\t\t\t\t\t\t\t\t<table style=\"border-collapse: collapse; width: 100%; text-align: center;\" border=\"1\" cellspacing=\"0\" cellpadding=\"8\">\n<thead>\n<tr>\n<th>N\u00b0<\/th>\n<th>Facult\u00e9<\/th>\n<th>Domaine<\/th>\n<th>Fili\u00e8re<\/th>\n<th>Sp\u00e9cialit\u00e9<\/th>\n<th>Dipl\u00f4me pr\u00e9par\u00e9<\/th>\n<\/tr>\n<\/thead>\n<tbody>\n<tr>\n<td>1<\/td>\n<td>G\u00e9nie \u00e9lectrique<\/td>\n<td>Sciences et technologies<\/td>\n<td>Automatique<\/td>\n<td>Automatique et informatique industrielle<\/td>\n<td>Doctorat<\/td>\n<\/tr>\n<tr>\n<td>2<\/td>\n<td>G\u00e9nie \u00e9lectrique<\/td>\n<td>Sciences et technologies<\/td>\n<td>Automatique<\/td>\n<td>Automatique et syst\u00e8mes<\/td>\n<td>Doctorat<\/td>\n<\/tr>\n<tr>\n<td>3<\/td>\n<td>G\u00e9nie \u00e9lectrique<\/td>\n<td>Sciences et technologies<\/td>\n<td>\u00c9lectronique<\/td>\n<td>Micro\u00e9lectronique<\/td>\n<td>Doctorat<\/td>\n<\/tr>\n<tr>\n<td>4<\/td>\n<td>G\u00e9nie \u00e9lectrique<\/td>\n<td>Sciences et technologies<\/td>\n<td>\u00c9lectronique<\/td>\n<td>\u00c9lectronique et syst\u00e8mes embarqu\u00e9s<\/td>\n<td>Doctorat<\/td>\n<\/tr>\n<tr>\n<td>5<\/td>\n<td>G\u00e9nie \u00e9lectrique<\/td>\n<td>Sciences et technologies<\/td>\n<td>\u00c9lectronique<\/td>\n<td>Instrumentation<\/td>\n<td>Doctorat<\/td>\n<\/tr>\n<tr>\n<td>6<\/td>\n<td>G\u00e9nie \u00e9lectrique<\/td>\n<td>Sciences et technologies<\/td>\n<td>T\u00e9l\u00e9communications<\/td>\n<td>R\u00e9seaux et t\u00e9l\u00e9communications<\/td>\n<td>Doctorat<\/td>\n<\/tr>\n<tr>\n<td>7<\/td>\n<td>G\u00e9nie \u00e9lectrique<\/td>\n<td>Sciences et technologies<\/td>\n<td>T\u00e9l\u00e9communications<\/td>\n<td>Syst\u00e8mes de t\u00e9l\u00e9communications<\/td>\n<td>Doctorat<\/td>\n<\/tr>\n<tr>\n<td>8<\/td>\n<td>G\u00e9nie \u00e9lectrique<\/td>\n<td>Sciences et technologies<\/td>\n<td>\u00c9lectrotechnique<\/td>\n<td>R\u00e9seaux \u00e9lectriques<\/td>\n<td>Doctorat<\/td>\n<\/tr>\n<tr>\n<td>9<\/td>\n<td>G\u00e9nie \u00e9lectrique<\/td>\n<td>Sciences et technologies<\/td>\n<td>\u00c9lectrotechnique<\/td>\n<td>Machines \u00e9lectriques<\/td>\n<td>Doctorat<\/td>\n<\/tr>\n<tr>\n<td>10<\/td>\n<td>G\u00e9nie \u00e9lectrique<\/td>\n<td>Sciences et technologies<\/td>\n<td>\u00c9lectrotechnique<\/td>\n<td>Commande \u00e9lectrique<\/td>\n<td>Doctorat<\/td>\n<\/tr>\n<tr>\n<td>11<\/td>\n<td>G\u00e9nie \u00e9lectrique<\/td>\n<td>Sciences et technologies<\/td>\n<td>\u00c9lectrotechnique<\/td>\n<td>\u00c9nergies renouvelables<\/td>\n<td>Doctorat<\/td>\n<\/tr>\n<\/tbody>\n<\/table>\t\t\t\t\t\t\t\t<\/div>\n\t\t\t\t<\/div>\n\t\t\t\t\t<\/div>\n\t\t\t\t<\/div>\n\t\t\t\t<\/div>\n\t\t<div id=\"e-n-tab-content-415160664\" role=\"tabpanel\" aria-labelledby=\"e-n-tab-title-415160664\" data-tab-index=\"4\" style=\"--n-tabs-title-order: 4;\" class=\" elementor-element elementor-element-7f421f5 e-flex e-con-boxed e-con e-child\" data-id=\"7f421f5\" data-element_type=\"container\">\n\t\t\t\t\t<div class=\"e-con-inner\">\n\t\t<div class=\"elementor-element elementor-element-017952f e-con-full e-flex e-con e-child\" data-id=\"017952f\" data-element_type=\"container\">\n\t\t\t\t<div class=\"elementor-element elementor-element-a07b91c elementor-widget elementor-widget-text-editor\" data-id=\"a07b91c\" data-element_type=\"widget\" data-widget_type=\"text-editor.default\">\n\t\t\t\t<div class=\"elementor-widget-container\">\n\t\t\t\t\t\t\t\t\t<table width=\"1323\">\n<tbody>\n<tr>\n<td width=\"80\">No.<\/td>\n<td width=\"237\">Faculty<\/td>\n<td width=\"225\">Field<\/td>\n<td width=\"251\">Program<\/td>\n<td width=\"370\">Specialty<\/td>\n<td width=\"80\">Degree Prepared<\/td>\n<td width=\"80\">Level<\/td>\n<\/tr>\n<tr>\n<td>1<\/td>\n<td>Electrical Engineering<\/td>\n<td>Science and Technology<\/td>\n<td>Electrical Engineering<\/td>\n<td>Electrical Engineering<\/td>\n<td>Engineering Degree<\/td>\n<td>1st Year<\/td>\n<\/tr>\n<tr>\n<td>2<\/td>\n<td>Electrical Engineering<\/td>\n<td>Science and Technology<\/td>\n<td>Science and Technology<\/td>\n<td>Science and Technology<\/td>\n<td>Engineering Degree<\/td>\n<td>1st Year<\/td>\n<\/tr>\n<tr>\n<td>3<\/td>\n<td>Electrical Engineering<\/td>\n<td>Science and Technology<\/td>\n<td>Science and Technology<\/td>\n<td>Science and Technology<\/td>\n<td>Engineering Degree<\/td>\n<td>2nd Year<\/td>\n<\/tr>\n<tr>\n<td>4<\/td>\n<td>Electrical Engineering<\/td>\n<td>Science and Technology<\/td>\n<td>Electrical Engineering<\/td>\n<td>Electrical Networks and Energy Sources<\/td>\n<td>Engineering Degree<\/td>\n<td>3rd Year<\/td>\n<\/tr>\n<\/tbody>\n<\/table>\n\t\t\t\t\t\t\t\t<\/div>\n\t\t\t\t<\/div>\n\t\t\t\t<\/div>\n\t\t\t\t\t<\/div>\n\t\t\t\t<\/div>\n\t\t<div id=\"e-n-tab-content-415160665\" role=\"tabpanel\" aria-labelledby=\"e-n-tab-title-415160665\" data-tab-index=\"5\" style=\"--n-tabs-title-order: 5;\" class=\" elementor-element elementor-element-3b8b79e e-flex e-con-boxed e-con e-child\" data-id=\"3b8b79e\" data-element_type=\"container\">\n\t\t\t\t\t<div class=\"e-con-inner\">\n\t\t<div class=\"elementor-element elementor-element-6051a7b e-con-full e-flex e-con e-child\" data-id=\"6051a7b\" data-element_type=\"container\">\n\t\t\t\t<div class=\"elementor-element elementor-element-aab49af elementor-widget elementor-widget-text-editor\" data-id=\"aab49af\" data-element_type=\"widget\" data-widget_type=\"text-editor.default\">\n\t\t\t\t<div class=\"elementor-widget-container\">\n\t\t\t\t\t\t\t\t\t<table width=\"2114\">\n<tbody>\n<tr>\n<td width=\"80\">No.<\/td>\n<td width=\"173\">Faculty<\/td>\n<td width=\"331\">Field<\/td>\n<td width=\"339\">Program<\/td>\n<td width=\"398\">Specialty<\/td>\n<td width=\"307\">Degree Prepared<\/td>\n<td width=\"486\">Level<\/td>\n<\/tr>\n<tr>\n<td>1<\/td>\n<td>Electrical Engineering<\/td>\n<td>Science and Technology<\/td>\n<td>Electronics<\/td>\n<td>Autonomous Electronic Systems and Artificial Intelligence<\/td>\n<td>MCIL_Bachelor<\/td>\n<td>L1<\/td>\n<\/tr>\n<tr>\n<td>2<\/td>\n<td>Electrical Engineering<\/td>\n<td>Science and Technology<\/td>\n<td>Electronics<\/td>\n<td>Autonomous Electronic Systems and Artificial Intelligence<\/td>\n<td>MCIL_Bachelor<\/td>\n<td>L2<\/td>\n<\/tr>\n<tr>\n<td>3<\/td>\n<td>Electrical Engineering<\/td>\n<td>Science and Technology<\/td>\n<td>Electrical Engineering<\/td>\n<td>Electrical Engineering<\/td>\n<td>MCIL_Bachelor<\/td>\n<td>L1<\/td>\n<\/tr>\n<tr>\n<td>4<\/td>\n<td>Electrical Engineering<\/td>\n<td>Science and Technology<\/td>\n<td>Electrical Engineering<\/td>\n<td>Electrical Engineering<\/td>\n<td>MCIL_Bachelor<\/td>\n<td>L2<\/td>\n<\/tr>\n<tr>\n<td>5<\/td>\n<td>Electrical Engineering<\/td>\n<td>Science and Technology<\/td>\n<td>Electrical Engineering<\/td>\n<td>Electrical Engineering<\/td>\n<td>MCIL_Bachelor<\/td>\n<td>L3<\/td>\n<\/tr>\n<\/tbody>\n<\/table>\n\t\t\t\t\t\t\t\t<\/div>\n\t\t\t\t<\/div>\n\t\t\t\t<\/div>\n\t\t\t\t\t<\/div>\n\t\t\t\t<\/div>\n\t\t\t\t\t<\/div>\n\t\t<\/div>\n\t\t\t\t\t\t<\/div>\n\t\t\t\t<\/div>\n\t\t\t\t<\/div>\n\t\t\t\t\t<\/div>\n\t\t\t\t<\/div>\n\t\t\t\t<\/div>\n\t\t","protected":false},"excerpt":{"rendered":"<p>Formation Offers Licence master Doctorat Ing\u00e9nieur d\u2019\u00c9tat MCIL No. Faculty Field Program Specialty Degree Prepared Level 1 Electrical Engineering Science and Technology Automation Automation Bachelor L2 2 Electrical Engineering Science and Technology Automation Automation Bachelor L3 3 Electrical Engineering Science and Technology Electromechanics Electromechanics Bachelor L2 4 Electrical Engineering Science and Technology Electromechanics Electromechanics Bachelor [&hellip;]<\/p>\n","protected":false},"author":3,"featured_media":0,"parent":0,"menu_order":0,"comment_status":"closed","ping_status":"closed","template":"","meta":{"_uag_custom_page_level_css":"","postBodyCss":"","postBodyMargin":[],"postBodyPadding":[],"postBodyBackground":{"backgroundType":"classic","gradient":""},"site-sidebar-layout":"no-sidebar","site-content-layout":"page-builder","ast-site-content-layout":"full-width-container","site-content-style":"unboxed","site-sidebar-style":"unboxed","ast-global-header-display":"","ast-banner-title-visibility":"","ast-main-header-display":"","ast-hfb-above-header-display":"","ast-hfb-below-header-display":"","ast-hfb-mobile-header-display":"","site-post-title":"disabled","ast-breadcrumbs-content":"disabled","ast-featured-img":"disabled","footer-sml-layout":"","ast-disable-related-posts":"","theme-transparent-header-meta":"enabled","adv-header-id-meta":"","stick-header-meta":"","header-above-stick-meta":"","header-main-stick-meta":"","header-below-stick-meta":"","astra-migrate-meta-layouts":"set","ast-page-background-enabled":"default","ast-page-background-meta":{"desktop":{"background-color":"var(--ast-global-color-4)","background-image":"","background-repeat":"repeat","background-position":"center center","background-size":"auto","background-attachment":"scroll","background-type":"","background-media":"","overlay-type":"","overlay-color":"","overlay-opacity":"","overlay-gradient":""},"tablet":{"background-color":"","background-image":"","background-repeat":"repeat","background-position":"center center","background-size":"auto","background-attachment":"scroll","background-type":"","background-media":"","overlay-type":"","overlay-color":"","overlay-opacity":"","overlay-gradient":""},"mobile":{"background-color":"","background-image":"","background-repeat":"repeat","background-position":"center center","background-size":"auto","background-attachment":"scroll","background-type":"","background-media":"","overlay-type":"","overlay-color":"","overlay-opacity":"","overlay-gradient":""}},"ast-content-background-meta":{"desktop":{"background-color":"var(--ast-global-color-5)","background-image":"","background-repeat":"repeat","background-position":"center center","background-size":"auto","background-attachment":"scroll","background-type":"","background-media":"","overlay-type":"","overlay-color":"","overlay-opacity":"","overlay-gradient":""},"tablet":{"background-color":"var(--ast-global-color-5)","background-image":"","background-repeat":"repeat","background-position":"center center","background-size":"auto","background-attachment":"scroll","background-type":"","background-media":"","overlay-type":"","overlay-color":"","overlay-opacity":"","overlay-gradient":""},"mobile":{"background-color":"var(--ast-global-color-5)","background-image":"","background-repeat":"repeat","background-position":"center center","background-size":"auto","background-attachment":"scroll","background-type":"","background-media":"","overlay-type":"","overlay-color":"","overlay-opacity":"","overlay-gradient":""}},"footnotes":""},"class_list":["post-2761","page","type-page","status-publish","hentry"],"uagb_featured_image_src":{"full":false,"thumbnail":false,"medium":false,"medium_large":false,"large":false,"1536x1536":false,"2048x2048":false},"uagb_author_info":{"display_name":"Houda","author_link":"https:\/\/www.univ-sba.dz\/ge\/author\/houdacpt\/"},"uagb_comment_info":0,"uagb_excerpt":"Formation Offers Licence master Doctorat Ing\u00e9nieur d\u2019\u00c9tat MCIL No. Faculty Field Program Specialty Degree Prepared Level 1 Electrical Engineering Science and Technology Automation Automation Bachelor L2 2 Electrical Engineering Science and Technology Automation Automation Bachelor L3 3 Electrical Engineering Science and Technology Electromechanics Electromechanics Bachelor L2 4 Electrical Engineering Science and Technology Electromechanics Electromechanics Bachelor\u2026","rttpg_featured_image_url":null,"rttpg_author":{"display_name":"Houda","author_link":"https:\/\/www.univ-sba.dz\/ge\/author\/houdacpt\/"},"rttpg_comment":0,"rttpg_category":" <a href=\"https:\/\/www.univ-sba.dz\/ge\/en\/\" rel=\"tag\">English<\/a>","rttpg_excerpt":"Formation Offers Licence master Doctorat Ing\u00e9nieur d\u2019\u00c9tat MCIL No. Faculty Field Program Specialty Degree Prepared Level 1 Electrical Engineering Science and Technology Automation Automation Bachelor L2 2 Electrical Engineering Science and Technology Automation Automation Bachelor L3 3 Electrical Engineering Science and Technology Electromechanics Electromechanics Bachelor L2 4 Electrical Engineering Science and Technology Electromechanics Electromechanics Bachelor\u2026","_links":{"self":[{"href":"https:\/\/www.univ-sba.dz\/ge\/wp-json\/wp\/v2\/pages\/2761","targetHints":{"allow":["GET"]}}],"collection":[{"href":"https:\/\/www.univ-sba.dz\/ge\/wp-json\/wp\/v2\/pages"}],"about":[{"href":"https:\/\/www.univ-sba.dz\/ge\/wp-json\/wp\/v2\/types\/page"}],"author":[{"embeddable":true,"href":"https:\/\/www.univ-sba.dz\/ge\/wp-json\/wp\/v2\/users\/3"}],"replies":[{"embeddable":true,"href":"https:\/\/www.univ-sba.dz\/ge\/wp-json\/wp\/v2\/comments?post=2761"}],"version-history":[{"count":10,"href":"https:\/\/www.univ-sba.dz\/ge\/wp-json\/wp\/v2\/pages\/2761\/revisions"}],"predecessor-version":[{"id":3601,"href":"https:\/\/www.univ-sba.dz\/ge\/wp-json\/wp\/v2\/pages\/2761\/revisions\/3601"}],"wp:attachment":[{"href":"https:\/\/www.univ-sba.dz\/ge\/wp-json\/wp\/v2\/media?parent=2761"}],"curies":[{"name":"wp","href":"https:\/\/api.w.org\/{rel}","templated":true}]}}