{"id":3628,"date":"2026-02-05T12:53:18","date_gmt":"2026-02-05T11:53:18","guid":{"rendered":"https:\/\/www.univ-sba.dz\/ge\/?page_id=3628"},"modified":"2026-02-05T13:19:45","modified_gmt":"2026-02-05T12:19:45","slug":"bibliotheque-2","status":"publish","type":"page","link":"https:\/\/www.univ-sba.dz\/ge\/fr\/bibliotheque-2\/","title":{"rendered":"biblioth\u00e8que"},"content":{"rendered":"\t\t<div data-elementor-type=\"wp-page\" data-elementor-id=\"3628\" class=\"elementor elementor-3628\">\n\t\t\t\t<div class=\"elementor-element elementor-element-19b8c8c e-flex e-con-boxed e-con e-parent\" data-id=\"19b8c8c\" data-element_type=\"container\" data-settings=\"{&quot;background_background&quot;:&quot;classic&quot;}\">\n\t\t\t\t\t<div class=\"e-con-inner\">\n\t\t<div class=\"elementor-element elementor-element-372848a e-con-full e-flex e-con e-child\" data-id=\"372848a\" data-element_type=\"container\">\n\t\t\t\t<div class=\"elementor-element elementor-element-0ccf104 elementor-widget elementor-widget-heading\" data-id=\"0ccf104\" data-element_type=\"widget\" data-widget_type=\"heading.default\">\n\t\t\t\t<div class=\"elementor-widget-container\">\n\t\t\t\t\t<h1 class=\"elementor-heading-title elementor-size-default\">Biblioth\u00e8que<\/h1>\t\t\t\t<\/div>\n\t\t\t\t<\/div>\n\t\t\t\t<\/div>\n\t\t\t\t\t<\/div>\n\t\t\t\t<\/div>\n\t\t<div class=\"elementor-element elementor-element-cd3bb3b e-flex e-con-boxed e-con e-parent\" data-id=\"cd3bb3b\" data-element_type=\"container\">\n\t\t\t\t\t<div class=\"e-con-inner\">\n\t\t\t\t<div class=\"elementor-element elementor-element-f31e107 elementor-arrows-position-inside elementor-pagination-position-outside elementor-widget elementor-widget-image-carousel\" data-id=\"f31e107\" data-element_type=\"widget\" data-settings=\"{&quot;autoplay_speed&quot;:4992,&quot;navigation&quot;:&quot;both&quot;,&quot;autoplay&quot;:&quot;yes&quot;,&quot;pause_on_hover&quot;:&quot;yes&quot;,&quot;pause_on_interaction&quot;:&quot;yes&quot;,&quot;infinite&quot;:&quot;yes&quot;,&quot;speed&quot;:500}\" data-widget_type=\"image-carousel.default\">\n\t\t\t\t<div class=\"elementor-widget-container\">\n\t\t\t\t\t\t\t<div class=\"elementor-image-carousel-wrapper swiper\" role=\"region\" aria-roledescription=\"carousel\" aria-label=\"\u0639\u0627\u0631\u0636 \u0627\u0644\u0635\u0648\u0631\" dir=\"rtl\">\n\t\t\t<div class=\"elementor-image-carousel swiper-wrapper\" aria-live=\"off\">\n\t\t\t\t\t\t\t\t<div class=\"swiper-slide\" role=\"group\" aria-roledescription=\"slide\" aria-label=\"1 sur 14\"><figure class=\"swiper-slide-inner\"><img decoding=\"async\" class=\"swiper-slide-image\" src=\"https:\/\/www.univ-sba.dz\/ge\/wp-content\/uploads\/2026\/01\/1000020961-1-1024x576.jpg\" alt=\"1000020961 (1)\" \/><\/figure><\/div><div class=\"swiper-slide\" role=\"group\" aria-roledescription=\"slide\" aria-label=\"2 sur 14\"><figure class=\"swiper-slide-inner\"><img decoding=\"async\" class=\"swiper-slide-image\" src=\"https:\/\/www.univ-sba.dz\/ge\/wp-content\/uploads\/2026\/01\/1000020962-1-1024x576.jpg\" alt=\"1000020962 (1)\" \/><\/figure><\/div><div class=\"swiper-slide\" role=\"group\" aria-roledescription=\"slide\" aria-label=\"3 sur 14\"><figure class=\"swiper-slide-inner\"><img decoding=\"async\" class=\"swiper-slide-image\" src=\"https:\/\/www.univ-sba.dz\/ge\/wp-content\/uploads\/2026\/01\/1000020963-1-1024x576.jpg\" alt=\"1000020963 (1)\" \/><\/figure><\/div><div class=\"swiper-slide\" role=\"group\" aria-roledescription=\"slide\" aria-label=\"4 sur 14\"><figure class=\"swiper-slide-inner\"><img decoding=\"async\" class=\"swiper-slide-image\" src=\"https:\/\/www.univ-sba.dz\/ge\/wp-content\/uploads\/2026\/01\/1000020963-2-1024x576.jpg\" alt=\"1000020963 (2)\" \/><\/figure><\/div><div class=\"swiper-slide\" role=\"group\" aria-roledescription=\"slide\" aria-label=\"5 sur 14\"><figure class=\"swiper-slide-inner\"><img decoding=\"async\" class=\"swiper-slide-image\" src=\"https:\/\/www.univ-sba.dz\/ge\/wp-content\/uploads\/2026\/01\/1000020964-1-1024x576.jpg\" alt=\"1000020964 (1)\" \/><\/figure><\/div><div class=\"swiper-slide\" role=\"group\" aria-roledescription=\"slide\" aria-label=\"6 sur 14\"><figure class=\"swiper-slide-inner\"><img decoding=\"async\" class=\"swiper-slide-image\" src=\"https:\/\/www.univ-sba.dz\/ge\/wp-content\/uploads\/2026\/01\/1000020964-2-1024x576.jpg\" alt=\"1000020964 (2)\" \/><\/figure><\/div><div class=\"swiper-slide\" role=\"group\" aria-roledescription=\"slide\" aria-label=\"7 sur 14\"><figure class=\"swiper-slide-inner\"><img decoding=\"async\" class=\"swiper-slide-image\" src=\"https:\/\/www.univ-sba.dz\/ge\/wp-content\/uploads\/2026\/01\/1000020966-1-1024x576.jpg\" alt=\"1000020966 (1)\" \/><\/figure><\/div><div class=\"swiper-slide\" role=\"group\" aria-roledescription=\"slide\" aria-label=\"8 sur 14\"><figure class=\"swiper-slide-inner\"><img decoding=\"async\" class=\"swiper-slide-image\" src=\"https:\/\/www.univ-sba.dz\/ge\/wp-content\/uploads\/2026\/01\/1000020967-1-1024x576.jpg\" alt=\"1000020967 (1)\" \/><\/figure><\/div><div class=\"swiper-slide\" role=\"group\" aria-roledescription=\"slide\" aria-label=\"9 sur 14\"><figure class=\"swiper-slide-inner\"><img decoding=\"async\" class=\"swiper-slide-image\" src=\"https:\/\/www.univ-sba.dz\/ge\/wp-content\/uploads\/2026\/01\/1000020967-2-1024x576.jpg\" alt=\"1000020967 (2)\" \/><\/figure><\/div><div class=\"swiper-slide\" role=\"group\" aria-roledescription=\"slide\" aria-label=\"10 sur 14\"><figure class=\"swiper-slide-inner\"><img decoding=\"async\" class=\"swiper-slide-image\" src=\"https:\/\/www.univ-sba.dz\/ge\/wp-content\/uploads\/2026\/01\/1000020968-1-1024x576.jpg\" alt=\"1000020968 (1)\" \/><\/figure><\/div><div class=\"swiper-slide\" role=\"group\" aria-roledescription=\"slide\" aria-label=\"11 sur 14\"><figure class=\"swiper-slide-inner\"><img decoding=\"async\" class=\"swiper-slide-image\" src=\"https:\/\/www.univ-sba.dz\/ge\/wp-content\/uploads\/2026\/01\/1000020969-1-1024x576.jpg\" alt=\"1000020969 (1)\" \/><\/figure><\/div><div class=\"swiper-slide\" role=\"group\" aria-roledescription=\"slide\" aria-label=\"12 sur 14\"><figure class=\"swiper-slide-inner\"><img decoding=\"async\" class=\"swiper-slide-image\" src=\"https:\/\/www.univ-sba.dz\/ge\/wp-content\/uploads\/2026\/01\/1000020969-2-1024x576.jpg\" alt=\"1000020969 (2)\" \/><\/figure><\/div><div class=\"swiper-slide\" role=\"group\" aria-roledescription=\"slide\" aria-label=\"13 sur 14\"><figure class=\"swiper-slide-inner\"><img decoding=\"async\" class=\"swiper-slide-image\" src=\"https:\/\/www.univ-sba.dz\/ge\/wp-content\/uploads\/2026\/01\/1000020970-1-1024x576.jpg\" alt=\"1000020970 (1)\" \/><\/figure><\/div><div class=\"swiper-slide\" role=\"group\" aria-roledescription=\"slide\" aria-label=\"14 sur 14\"><figure class=\"swiper-slide-inner\"><img decoding=\"async\" class=\"swiper-slide-image\" src=\"https:\/\/www.univ-sba.dz\/ge\/wp-content\/uploads\/2026\/01\/1000020971-1-1024x576.jpg\" alt=\"1000020971 (1)\" \/><\/figure><\/div>\t\t\t<\/div>\n\t\t\t\t\t\t\t\t\t\t\t\t<div class=\"elementor-swiper-button elementor-swiper-button-prev\" role=\"button\" tabindex=\"0\">\n\t\t\t\t\t\t<svg aria-hidden=\"true\" class=\"e-font-icon-svg e-eicon-chevron-left\" viewBox=\"0 0 1000 1000\" xmlns=\"http:\/\/www.w3.org\/2000\/svg\"><path d=\"M646 125C629 125 613 133 604 142L308 442C296 454 292 471 292 487 292 504 296 521 308 533L604 854C617 867 629 875 646 875 663 875 679 871 692 858 704 846 713 829 713 812 713 796 708 779 692 767L438 487 692 225C700 217 708 204 708 187 708 171 704 154 692 142 675 129 663 125 646 125Z\"><\/path><\/svg>\t\t\t\t\t<\/div>\n\t\t\t\t\t<div class=\"elementor-swiper-button elementor-swiper-button-next\" role=\"button\" tabindex=\"0\">\n\t\t\t\t\t\t<svg aria-hidden=\"true\" class=\"e-font-icon-svg e-eicon-chevron-right\" viewBox=\"0 0 1000 1000\" xmlns=\"http:\/\/www.w3.org\/2000\/svg\"><path d=\"M696 533C708 521 713 504 713 487 713 471 708 454 696 446L400 146C388 133 375 125 354 125 338 125 325 129 313 142 300 154 292 171 292 187 292 204 296 221 308 233L563 492 304 771C292 783 288 800 288 817 288 833 296 850 308 863 321 871 338 875 354 875 371 875 388 867 400 854L696 533Z\"><\/path><\/svg>\t\t\t\t\t<\/div>\n\t\t\t\t\n\t\t\t\t\t\t\t\t\t<div class=\"swiper-pagination\"><\/div>\n\t\t\t\t\t\t\t\t\t<\/div>\n\t\t\t\t\t\t<\/div>\n\t\t\t\t<\/div>\n\t\t\t\t\t<\/div>\n\t\t\t\t<\/div>\n\t\t<div class=\"elementor-element elementor-element-b89fba8 e-flex e-con-boxed e-con e-parent\" data-id=\"b89fba8\" data-element_type=\"container\">\n\t\t\t\t\t<div class=\"e-con-inner\">\n\t\t\t\t<div class=\"elementor-element elementor-element-598c119 elementor-position-right elementor-vertical-align-bottom elementor-widget elementor-widget-image-box\" data-id=\"598c119\" data-element_type=\"widget\" data-widget_type=\"image-box.default\">\n\t\t\t\t<div class=\"elementor-widget-container\">\n\t\t\t\t\t<div class=\"elementor-image-box-wrapper\"><figure class=\"elementor-image-box-img\"><img decoding=\"async\" width=\"70\" height=\"70\" src=\"https:\/\/www.univ-sba.dz\/ge\/wp-content\/uploads\/2025\/12\/icon-femme-anonyme1.png\" class=\"attachment-full size-full wp-image-2969\" alt=\"\" \/><\/figure><div class=\"elementor-image-box-content\"><h3 class=\"elementor-image-box-title\">The Library Head<\/h3><p class=\"elementor-image-box-description\">Ms. Ziadi  Khadija<\/p><\/div><\/div>\t\t\t\t<\/div>\n\t\t\t\t<\/div>\n\t\t\t\t<div class=\"elementor-element elementor-element-1e72b11 elementor-widget elementor-widget-text-editor\" data-id=\"1e72b11\" data-element_type=\"widget\" data-widget_type=\"text-editor.default\">\n\t\t\t\t<div class=\"elementor-widget-container\">\n\t\t\t\t\t\t\t\t\t<h4 style=\"color: #2674f8;\"><strong>Mot de la responsable de la biblioth\u00e8que<\/strong><\/h4>\n<h6>\u0633\u0645 \u0627\u0644\u0644\u0647 \u0627\u0644\u0631\u062d\u0645\u0627\u0646 \u0627\u0644\u0631\u062d\u064a\u0645<\/h6> <h6><strong>\u0648\u0627\u0644\u0635\u0644\u0627\u0629 \u0648\u0627\u0644\u0633\u0644\u0627\u0645 \u0639\u0644\u0649 \u0623\u0634\u0631\u0641 \u0627\u0644\u0645\u0631\u0633\u0644\u064a\u0646 \u0633\u064a\u062f\u0646\u0627 \u0645\u062d\u0645\u062f \u0648\u0639\u0644\u0649 \u0622\u0644\u0647 \u0648\u0635\u062d\u0628\u0647 \u0648\u0645\u0646 \u062a\u0628\u0639\u0647 \u0625\u0644\u0649 \u064a\u0648\u0645 \u0627\u0644\u062f\u064a\u0646<\/strong><\/h6>\n<p>C\u2019est un grand honneur pour nous de veiller \u00e0 la prestation de ce service noble et au travail consid\u00e9rable pour les usagers de la biblioth\u00e8que, qu\u2019ils soient \u00e9tudiants ou chercheurs. Nous nous effor\u00e7ons, chacun selon sa sp\u00e9cialit\u00e9, de r\u00e9pondre \u00e0 leurs attentes et aspirations, et de renforcer le rythme de lecture \u00e0 la biblioth\u00e8que de la Facult\u00e9 de G\u00e9nie \u00c9lectrique. Cette derni\u00e8re est consid\u00e9r\u00e9e comme une institution scientifique d\u00e9di\u00e9e \u00e0 la collecte et \u00e0 l\u2019acquisition de sources de connaissance (livres, th\u00e8ses, m\u00e9moires universitaires, revues, etc.) dans divers domaines acad\u00e9miques de l\u2019universit\u00e9, et \u00e0 les rendre disponibles pour la communaut\u00e9 acad\u00e9mique, compos\u00e9e d\u2019\u00e9tudiants, de chercheurs, de membres du corps enseignant et de personnel administratif.Dans ce cadre, la Biblioth\u00e8que universitaire de la Facult\u00e9 de G\u00e9nie \u00c9lectrique propose de multiples services, adapt\u00e9s aux sp\u00e9cialit\u00e9s et aux niveaux acad\u00e9miques de ses usagers, en utilisant des m\u00e9thodes techniques modernes qui tiennent compte des avanc\u00e9es technologiques dans les services des biblioth\u00e8ques, facilitant ainsi l\u2019acc\u00e8s et l\u2019exploitation par les \u00e9tudiants et chercheurs.<\/p>\n\n<p><strong>Qu\u2019Allah nous guide tous vers ce qui est meilleur pour cette nation et son bien-\u00eatre<\/strong><\/p>\n<p><strong>Qu\u2019Allah prot\u00e8ge notre patrie, l\u2019Alg\u00e9rie<\/strong><\/p>\n<p><strong>Gloire et \u00e9ternit\u00e9 \u00e0 nos martyrs vertueux<\/strong><\/p>\n\t\t\t\t\t\t\t\t<\/div>\n\t\t\t\t<\/div>\n\t\t\t\t\t<\/div>\n\t\t\t\t<\/div>\n\t\t<div class=\"elementor-element elementor-element-73cc591 e-flex e-con-boxed e-con e-parent\" data-id=\"73cc591\" data-element_type=\"container\">\n\t\t\t\t\t<div class=\"e-con-inner\">\n\t\t\t\t<div class=\"elementor-element elementor-element-a709050 elementor-widget elementor-widget-text-editor\" data-id=\"a709050\" data-element_type=\"widget\" data-widget_type=\"text-editor.default\">\n\t\t\t\t<div class=\"elementor-widget-container\">\n\t\t\t\t\t\t\t\t\t<h4 style=\"color: #2674f8;\">Documents for Download<\/h4>\t\t\t\t\t\t\t\t<\/div>\n\t\t\t\t<\/div>\n\t\t\t\t<div class=\"elementor-element elementor-element-cdc2041 elementor-widget elementor-widget-text-editor\" data-id=\"cdc2041\" data-element_type=\"widget\" data-widget_type=\"text-editor.default\">\n\t\t\t\t<div class=\"elementor-widget-container\">\n\t\t\t\t\t\t\t\t\t<ul><li><h6><a href=\"https:\/\/www.univ-sba.dz\/ge\/wp-content\/uploads\/2026\/01\/\u0625\u0639\u0644\u0627\u0646-\u0625\u0644\u0649-\u0637\u0644\u0628\u0629-\u0627\u0644\u062a\u062e\u0631\u062c-3.pdf\" target=\"_blank\" rel=\"noopener\">D\u00e9livrance du re\u00e7u de radiation<\/a><\/h6><\/li><li><h6><a href=\"https:\/\/www.univ-sba.dz\/ge\/wp-content\/uploads\/2026\/01\/\u0627\u0639\u0644\u0627\u0646-\u0628\u0637\u0627\u0642\u0629-\u0642\u0627\u0631\u0626.pdf\" target=\"_blank\" rel=\"noopener\">Dossier de carte de lecteur<\/a><\/h6><\/li><li><h6><a href=\"https:\/\/www.univ-sba.dz\/ge\/wp-content\/uploads\/2026\/01\/PRISE-EN-CHARGE-2.pdf\" target=\"_blank\" rel=\"noopener\"><strong data-start=\"115\" data-end=\"146\" data-is-last-node=\"\">Document d\u2019engagement pour la carte de lecteur<\/strong><\/a><\/h6><\/li><\/ul><p>\u00a0<\/p>\t\t\t\t\t\t\t\t<\/div>\n\t\t\t\t<\/div>\n\t\t\t\t<div class=\"elementor-element elementor-element-39976af elementor-widget elementor-widget-text-editor\" data-id=\"39976af\" data-element_type=\"widget\" data-widget_type=\"text-editor.default\">\n\t\t\t\t<div class=\"elementor-widget-container\">\n\t\t\t\t\t\t\t\t\t<h4 style=\"color: #2674f8;\">Total de la collection documentaire de livres<\/h4>\t\t\t\t\t\t\t\t<\/div>\n\t\t\t\t<\/div>\n\t\t\t\t\t<\/div>\n\t\t\t\t<\/div>\n\t\t<div class=\"elementor-element elementor-element-6ee7137 e-flex e-con-boxed e-con e-parent\" data-id=\"6ee7137\" data-element_type=\"container\">\n\t\t\t\t\t<div class=\"e-con-inner\">\n\t\t\t\t<div class=\"elementor-element elementor-element-9ffe5c4 elementor-widget elementor-widget-text-editor\" data-id=\"9ffe5c4\" data-element_type=\"widget\" data-widget_type=\"text-editor.default\">\n\t\t\t\t<div class=\"elementor-widget-container\">\n\t\t\t\t\t\t\t\t\t<table class=\"styled-table\">\n<thead>\n<tr>\n<th>Sp\u00e9cialit\u00e9<\/th>\n<th>Code de classification<\/th>\n<th>Nombre de titres<\/th>\n<th>Quantit\u00e9<\/th>\n<\/tr>\n<\/thead>\n<tbody>\n<tr>\n<td>\u00c9lectronique<\/td>\n<td>621<\/td>\n<td>1785<\/td>\n<td>4709<\/td>\n<\/tr>\n<tr>\n<td>\u00c9lectrotechnique<\/td>\n<td>629<\/td>\n<td>589<\/td>\n<td>2059<\/td>\n<\/tr>\n<tr>\n<td>Chimie<\/td>\n<td>540<\/td>\n<td>163<\/td>\n<td>300<\/td>\n<\/tr>\n<tr>\n<td>Physique<\/td>\n<td>530<\/td>\n<td>390<\/td>\n<td>918<\/td>\n<\/tr>\n<tr>\n<td>Math\u00e9matiques<\/td>\n<td>510<\/td>\n<td>347<\/td>\n<td>759<\/td>\n<\/tr>\n<tr>\n<td>Informatique<\/td>\n<td>004<\/td>\n<td>218<\/td>\n<td>377<\/td>\n<\/tr>\n<tr>\n<td>G\u00e9nie \u00e9nerg\u00e9tique<\/td>\n<td>621.312<\/td>\n<td>73<\/td>\n<td>115<\/td>\n<\/tr>\n<tr>\n<td>M\u00e9canique<\/td>\n<td>531<\/td>\n<td>123<\/td>\n<td>243<\/td>\n<\/tr>\n<tr>\n<td>Dictionnaires<\/td>\n<td>413<\/td>\n<td>20<\/td>\n<td>24<\/td>\n<\/tr>\n<tr class=\"total\">\n<td colspan=\"2\">Total<\/td>\n<td>3708<\/td>\n<td>9504<\/td>\n<\/tr>\n<tr class=\"total\">\n<td colspan=\"3\">Pr\u00eats pour les professeurs<\/td>\n<td>209<\/td>\n<\/tr>\n<tr class=\"total\">\n<td colspan=\"3\">Total g\u00e9n\u00e9ral<\/td>\n<td>9713<\/td>\n<\/tr>\n<\/tbody>\n<\/table>\n\n<style>\n.styled-table {\n  width: 100%;\n  border-collapse: collapse;\n  font-family: Arial, sans-serif;\n  text-align: center;\n  direction: ltr; \/* pour le texte en fran\u00e7ais *\/\n}\n\n.styled-table th, .styled-table td {\n  padding: 12px 15px;\n  border: 1px solid #ddd;\n}\n\n.styled-table thead {\n  background-color: #2674F8; \/* bleu *\/\n  color: #ffffff;\n  font-weight: bold;\n}\n\n.styled-table tbody tr:nth-child(even) {\n  background-color: #f3f3f3; \/* alternance des lignes *\/\n}\n\n.styled-table tbody tr:hover {\n  background-color: #d0e4ff; \/* effet au passage de la souris *\/\n}\n\n.styled-table .total {\n  background-color: #ffe066; \/* couleur sp\u00e9ciale pour les totaux *\/\n  font-weight: bold;\n}\n<\/style>\n\t\t\t\t\t\t\t\t<\/div>\n\t\t\t\t<\/div>\n\t\t\t\t\t<\/div>\n\t\t\t\t<\/div>\n\t\t\t\t<\/div>\n\t\t","protected":false},"excerpt":{"rendered":"<p>Biblioth\u00e8que The Library Head Ms. Ziadi Khadija Mot de la responsable de la biblioth\u00e8que \u0633\u0645 \u0627\u0644\u0644\u0647 \u0627\u0644\u0631\u062d\u0645\u0627\u0646 \u0627\u0644\u0631\u062d\u064a\u0645 \u0648\u0627\u0644\u0635\u0644\u0627\u0629 \u0648\u0627\u0644\u0633\u0644\u0627\u0645 \u0639\u0644\u0649 \u0623\u0634\u0631\u0641 \u0627\u0644\u0645\u0631\u0633\u0644\u064a\u0646 \u0633\u064a\u062f\u0646\u0627 \u0645\u062d\u0645\u062f \u0648\u0639\u0644\u0649 \u0622\u0644\u0647 \u0648\u0635\u062d\u0628\u0647 \u0648\u0645\u0646 \u062a\u0628\u0639\u0647 \u0625\u0644\u0649 \u064a\u0648\u0645 \u0627\u0644\u062f\u064a\u0646 C\u2019est un grand honneur pour nous de veiller \u00e0 la prestation de ce service noble et au travail consid\u00e9rable pour les usagers [&hellip;]<\/p>\n","protected":false},"author":3,"featured_media":0,"parent":0,"menu_order":0,"comment_status":"closed","ping_status":"closed","template":"","meta":{"_uag_custom_page_level_css":"","postBodyCss":"","postBodyMargin":[],"postBodyPadding":[],"postBodyBackground":{"backgroundType":"classic","gradient":""},"site-sidebar-layout":"no-sidebar","site-content-layout":"page-builder","ast-site-content-layout":"full-width-container","site-content-style":"unboxed","site-sidebar-style":"unboxed","ast-global-header-display":"","ast-banner-title-visibility":"","ast-main-header-display":"","ast-hfb-above-header-display":"","ast-hfb-below-header-display":"","ast-hfb-mobile-header-display":"","site-post-title":"disabled","ast-breadcrumbs-content":"disabled","ast-featured-img":"disabled","footer-sml-layout":"","ast-disable-related-posts":"","theme-transparent-header-meta":"enabled","adv-header-id-meta":"","stick-header-meta":"","header-above-stick-meta":"","header-main-stick-meta":"","header-below-stick-meta":"","astra-migrate-meta-layouts":"set","ast-page-background-enabled":"default","ast-page-background-meta":{"desktop":{"background-color":"var(--ast-global-color-4)","background-image":"","background-repeat":"repeat","background-position":"center center","background-size":"auto","background-attachment":"scroll","background-type":"","background-media":"","overlay-type":"","overlay-color":"","overlay-opacity":"","overlay-gradient":""},"tablet":{"background-color":"","background-image":"","background-repeat":"repeat","background-position":"center center","background-size":"auto","background-attachment":"scroll","background-type":"","background-media":"","overlay-type":"","overlay-color":"","overlay-opacity":"","overlay-gradient":""},"mobile":{"background-color":"","background-image":"","background-repeat":"repeat","background-position":"center center","background-size":"auto","background-attachment":"scroll","background-type":"","background-media":"","overlay-type":"","overlay-color":"","overlay-opacity":"","overlay-gradient":""}},"ast-content-background-meta":{"desktop":{"background-color":"var(--ast-global-color-5)","background-image":"","background-repeat":"repeat","background-position":"center center","background-size":"auto","background-attachment":"scroll","background-type":"","background-media":"","overlay-type":"","overlay-color":"","overlay-opacity":"","overlay-gradient":""},"tablet":{"background-color":"var(--ast-global-color-5)","background-image":"","background-repeat":"repeat","background-position":"center center","background-size":"auto","background-attachment":"scroll","background-type":"","background-media":"","overlay-type":"","overlay-color":"","overlay-opacity":"","overlay-gradient":""},"mobile":{"background-color":"var(--ast-global-color-5)","background-image":"","background-repeat":"repeat","background-position":"center center","background-size":"auto","background-attachment":"scroll","background-type":"","background-media":"","overlay-type":"","overlay-color":"","overlay-opacity":"","overlay-gradient":""}},"footnotes":""},"class_list":["post-3628","page","type-page","status-publish","hentry"],"uagb_featured_image_src":{"full":false,"thumbnail":false,"medium":false,"medium_large":false,"large":false,"1536x1536":false,"2048x2048":false},"uagb_author_info":{"display_name":"Houda","author_link":"https:\/\/www.univ-sba.dz\/ge\/author\/houdacpt\/"},"uagb_comment_info":0,"uagb_excerpt":"Biblioth\u00e8que The Library Head Ms. Ziadi Khadija Mot de la responsable de la biblioth\u00e8que \u0633\u0645 \u0627\u0644\u0644\u0647 \u0627\u0644\u0631\u062d\u0645\u0627\u0646 \u0627\u0644\u0631\u062d\u064a\u0645 \u0648\u0627\u0644\u0635\u0644\u0627\u0629 \u0648\u0627\u0644\u0633\u0644\u0627\u0645 \u0639\u0644\u0649 \u0623\u0634\u0631\u0641 \u0627\u0644\u0645\u0631\u0633\u0644\u064a\u0646 \u0633\u064a\u062f\u0646\u0627 \u0645\u062d\u0645\u062f \u0648\u0639\u0644\u0649 \u0622\u0644\u0647 \u0648\u0635\u062d\u0628\u0647 \u0648\u0645\u0646 \u062a\u0628\u0639\u0647 \u0625\u0644\u0649 \u064a\u0648\u0645 \u0627\u0644\u062f\u064a\u0646 C\u2019est un grand honneur pour nous de veiller \u00e0 la prestation de ce service noble et au travail consid\u00e9rable pour les usagers\u2026","rttpg_featured_image_url":null,"rttpg_author":{"display_name":"Houda","author_link":"https:\/\/www.univ-sba.dz\/ge\/author\/houdacpt\/"},"rttpg_comment":0,"rttpg_category":" <a href=\"https:\/\/www.univ-sba.dz\/ge\/fr\/\" rel=\"tag\">Fran\u00e7ais<\/a>","rttpg_excerpt":"Biblioth\u00e8que The Library Head Ms. Ziadi Khadija Mot de la responsable de la biblioth\u00e8que \u0633\u0645 \u0627\u0644\u0644\u0647 \u0627\u0644\u0631\u062d\u0645\u0627\u0646 \u0627\u0644\u0631\u062d\u064a\u0645 \u0648\u0627\u0644\u0635\u0644\u0627\u0629 \u0648\u0627\u0644\u0633\u0644\u0627\u0645 \u0639\u0644\u0649 \u0623\u0634\u0631\u0641 \u0627\u0644\u0645\u0631\u0633\u0644\u064a\u0646 \u0633\u064a\u062f\u0646\u0627 \u0645\u062d\u0645\u062f \u0648\u0639\u0644\u0649 \u0622\u0644\u0647 \u0648\u0635\u062d\u0628\u0647 \u0648\u0645\u0646 \u062a\u0628\u0639\u0647 \u0625\u0644\u0649 \u064a\u0648\u0645 \u0627\u0644\u062f\u064a\u0646 C\u2019est un grand honneur pour nous de veiller \u00e0 la prestation de ce service noble et au travail consid\u00e9rable pour les usagers\u2026","_links":{"self":[{"href":"https:\/\/www.univ-sba.dz\/ge\/wp-json\/wp\/v2\/pages\/3628","targetHints":{"allow":["GET"]}}],"collection":[{"href":"https:\/\/www.univ-sba.dz\/ge\/wp-json\/wp\/v2\/pages"}],"about":[{"href":"https:\/\/www.univ-sba.dz\/ge\/wp-json\/wp\/v2\/types\/page"}],"author":[{"embeddable":true,"href":"https:\/\/www.univ-sba.dz\/ge\/wp-json\/wp\/v2\/users\/3"}],"replies":[{"embeddable":true,"href":"https:\/\/www.univ-sba.dz\/ge\/wp-json\/wp\/v2\/comments?post=3628"}],"version-history":[{"count":19,"href":"https:\/\/www.univ-sba.dz\/ge\/wp-json\/wp\/v2\/pages\/3628\/revisions"}],"predecessor-version":[{"id":3663,"href":"https:\/\/www.univ-sba.dz\/ge\/wp-json\/wp\/v2\/pages\/3628\/revisions\/3663"}],"wp:attachment":[{"href":"https:\/\/www.univ-sba.dz\/ge\/wp-json\/wp\/v2\/media?parent=3628"}],"curies":[{"name":"wp","href":"https:\/\/api.w.org\/{rel}","templated":true}]}}