{"id":3868,"date":"2026-02-09T10:02:58","date_gmt":"2026-02-09T09:02:58","guid":{"rendered":"https:\/\/www.univ-sba.dz\/ge\/?page_id=3868"},"modified":"2026-02-09T10:37:20","modified_gmt":"2026-02-09T09:37:20","slug":"vice-decanat-charge-des-etudes-et-des-questions-liees-aux-etudiants","status":"publish","type":"page","link":"https:\/\/www.univ-sba.dz\/ge\/fr\/vice-decanat-charge-des-etudes-et-des-questions-liees-aux-etudiants\/","title":{"rendered":"Vice-d\u00e9canat charg\u00e9 des \u00e9tudes et des questions li\u00e9es aux \u00e9tudiants"},"content":{"rendered":"\t\t<div data-elementor-type=\"wp-page\" data-elementor-id=\"3868\" class=\"elementor elementor-3868\">\n\t\t\t\t<div class=\"elementor-element elementor-element-19b8c8c e-flex e-con-boxed e-con e-parent\" data-id=\"19b8c8c\" data-element_type=\"container\" data-settings=\"{&quot;background_background&quot;:&quot;classic&quot;}\">\n\t\t\t\t\t<div class=\"e-con-inner\">\n\t\t<div class=\"elementor-element elementor-element-372848a e-con-full e-flex e-con e-child\" data-id=\"372848a\" data-element_type=\"container\">\n\t\t\t\t<div class=\"elementor-element elementor-element-0ccf104 elementor-widget elementor-widget-heading\" data-id=\"0ccf104\" data-element_type=\"widget\" data-widget_type=\"heading.default\">\n\t\t\t\t<div class=\"elementor-widget-container\">\n\t\t\t\t\t<h1 class=\"elementor-heading-title elementor-size-default\">Vice-d\u00e9canat charg\u00e9 des \u00e9tudes et des questions li\u00e9es aux \u00e9tudiants<\/h1>\t\t\t\t<\/div>\n\t\t\t\t<\/div>\n\t\t\t\t<\/div>\n\t\t\t\t\t<\/div>\n\t\t\t\t<\/div>\n\t\t<div class=\"elementor-element elementor-element-2912f6a e-flex e-con-boxed e-con e-parent\" data-id=\"2912f6a\" data-element_type=\"container\">\n\t\t\t\t\t<div class=\"e-con-inner\">\n\t\t\t\t<div class=\"elementor-element elementor-element-bbee6d3 elementor-widget elementor-widget-heading\" data-id=\"bbee6d3\" data-element_type=\"widget\" data-widget_type=\"heading.default\">\n\t\t\t\t<div class=\"elementor-widget-container\">\n\t\t\t\t\t<h2 class=\"elementor-heading-title elementor-size-default\">Vice-d\u00e9canat charg\u00e9 des \u00e9tudes et des questions li\u00e9es aux \u00e9tudiants<\/h2>\t\t\t\t<\/div>\n\t\t\t\t<\/div>\n\t\t\t\t<div class=\"elementor-element elementor-element-06af90e elementor-widget elementor-widget-text-editor\" data-id=\"06af90e\" data-element_type=\"widget\" data-widget_type=\"text-editor.default\">\n\t\t\t\t<div class=\"elementor-widget-container\">\n\t\t\t\t\t\t\t\t\t<h5>Pr bellebna yassine<\/h5>\t\t\t\t\t\t\t\t<\/div>\n\t\t\t\t<\/div>\n\t\t\t\t<div class=\"elementor-element elementor-element-3703fac elementor-position-inline-start elementor-view-default elementor-mobile-position-block-start elementor-widget elementor-widget-icon-box\" data-id=\"3703fac\" data-element_type=\"widget\" data-widget_type=\"icon-box.default\">\n\t\t\t\t<div class=\"elementor-widget-container\">\n\t\t\t\t\t\t\t<div class=\"elementor-icon-box-wrapper\">\n\n\t\t\t\t\t\t<div class=\"elementor-icon-box-icon\">\n\t\t\t\t<span  class=\"elementor-icon\">\n\t\t\t\t<i aria-hidden=\"true\" class=\"icon icon-email\"><\/i>\t\t\t\t<\/span>\n\t\t\t<\/div>\n\t\t\t\n\t\t\t\t\t\t<div class=\"elementor-icon-box-content\">\n\n\t\t\t\t\n\t\t\t\t\t\t\t\t\t<p class=\"elementor-icon-box-description\">\n\t\t\t\t\t\tyassine.bellebna@univ-sba.dz\n\t\t\t\t\t<\/p>\n\t\t\t\t\n\t\t\t<\/div>\n\t\t\t\n\t\t<\/div>\n\t\t\t\t\t\t<\/div>\n\t\t\t\t<\/div>\n\t\t\t\t<div class=\"elementor-element elementor-element-b8bf642 elementor-position-inline-start elementor-view-default elementor-mobile-position-block-start elementor-widget elementor-widget-icon-box\" data-id=\"b8bf642\" data-element_type=\"widget\" data-widget_type=\"icon-box.default\">\n\t\t\t\t<div class=\"elementor-widget-container\">\n\t\t\t\t\t\t\t<div class=\"elementor-icon-box-wrapper\">\n\n\t\t\t\t\t\t<div class=\"elementor-icon-box-icon\">\n\t\t\t\t<span  class=\"elementor-icon\">\n\t\t\t\t<i aria-hidden=\"true\" class=\"icon icon-email\"><\/i>\t\t\t\t<\/span>\n\t\t\t<\/div>\n\t\t\t\n\t\t\t\t\t\t<div class=\"elementor-icon-box-content\">\n\n\t\t\t\t\n\t\t\t\t\t\t\t\t\t<p class=\"elementor-icon-box-description\">\n\t\t\t\t\t\t048 70 01 57 \t\t\t\t\t<\/p>\n\t\t\t\t\n\t\t\t<\/div>\n\t\t\t\n\t\t<\/div>\n\t\t\t\t\t\t<\/div>\n\t\t\t\t<\/div>\n\t\t\t\t\t<\/div>\n\t\t\t\t<\/div>\n\t\t<div class=\"elementor-element elementor-element-862b9e6 e-flex e-con-boxed e-con e-parent\" data-id=\"862b9e6\" data-element_type=\"container\">\n\t\t\t\t\t<div class=\"e-con-inner\">\n\t\t\t\t<div class=\"elementor-element elementor-element-2c01181 elementor-widget elementor-widget-heading\" data-id=\"2c01181\" data-element_type=\"widget\" data-widget_type=\"heading.default\">\n\t\t\t\t<div class=\"elementor-widget-container\">\n\t\t\t\t\t<h2 class=\"elementor-heading-title elementor-size-default\">Fonctions du vice-doyen aux \u00e9tudes et aux Questions li\u00e9es aux \u00e9tudiants<\/h2>\t\t\t\t<\/div>\n\t\t\t\t<\/div>\n\t\t\t\t<div class=\"elementor-element elementor-element-a6fa3ff elementor-widget elementor-widget-text-editor\" data-id=\"a6fa3ff\" data-element_type=\"widget\" data-widget_type=\"text-editor.default\">\n\t\t\t\t<div class=\"elementor-widget-container\">\n\t\t\t\t\t\t\t\t\t<ul><li>Assurer la gestion et le suivi des inscriptions des \u00e9tudiants de la graduation.<\/li><li>Suivre l\u2019\u00e9volution des activit\u00e9s p\u00e9dagogiques et prendre ou sugg\u00e9rer au doyen toute action visant \u00e0 l\u2019am\u00e9liorer.<\/li><li>Tenir \u00e0 jour la liste nominale et statistique des \u00e9tudiants.<\/li><li>Collecter, traiter et publier des informations p\u00e9dagogiques au profit des \u00e9tudiants.<\/li><\/ul><p><strong>Il est divis\u00e9 en Trois services\u00a0: <\/strong><\/p><p><strong>Service de l\u2019enseignement<\/strong><\/p><p>Le Service d&#8217;enseignement de la Facult\u00e9 est charg\u00e9 du suivi des t\u00e2ches suivantes :<\/p><ul><li>Pr\u00e9parer et superviser le processus d\u2019inscription des nouveaux bacheliers.<\/li><li>Superviser le processus de transfert des \u00e9tudiants.<\/li><li>Suivi des demandes de cong\u00e9s acad\u00e9miques des \u00e9tudiants.<\/li><li>Assurer le suivi de la situation disciplinaire des \u00e9tudiants de la facult\u00e9.<\/li><li>Encadrement des inscriptions des \u00e9tudiants en master 1<\/li><li>Pr\u00e9paration de copies conformes des attestations de r\u00e9ussite (Service des dipl\u00f4mes) pour les \u00e9tudiants de master sur demande.<\/li><li>Conserver les attestations de r\u00e9ussite (Bachelor) des \u00e9tudiants de Master pendant la p\u00e9riode d\u2019\u00e9tudes et les soumettre au Service des dipl\u00f4mes de la facult\u00e9 d\u00e8s l\u2019obtention du dipl\u00f4me de l\u2019\u00e9tudiant. \u00a0Ils sont \u00e9galement remis aux \u00e9tudiants ayant \u00e9chou\u00e9 en phase Master sur demande.<\/li><li>Suivre et r\u00e9viser la base de donn\u00e9es p\u00e9dagogiques des \u00e9tudiants de la facult\u00e9.<\/li><li>Suivre et r\u00e9viser la base de donn\u00e9es (Dossier de service national) des \u00e9tudiants de la facult\u00e9.<\/li><li>Suivre et r\u00e9viser la base de donn\u00e9es (dossier d\u2019assurance) des \u00e9tudiants de la facult\u00e9<\/li><li>Suivre et r\u00e9viser diverses statistiques p\u00e9dagogiques aupr\u00e8s des \u00e9tudiants de la facult\u00e9<\/li><li>Suivre la situation des \u00e9tudiants \u00e9trangers au facult\u00e9<\/li><li>Pr\u00e9paration des r\u00e9sultats finaux des \u00e9tudiants de la facult\u00e9<\/li><li>Pr\u00e9parez des duplicatas de la carte d\u2019\u00e9tudiant ou du certificat d\u2019inscription en cas de dommage ou de perte.<\/li><li>Suivre et r\u00e9viser les proc\u00e8s-verbaux des d\u00e9lib\u00e9rations et en conserver des copies.<\/li><li>Coordination et suivi des services de suivi et d\u2019\u00e9valuation p\u00e9dagogique de la facult\u00e9.<\/li><\/ul><p><strong>Service d&#8217;orientation et d&#8217;\u00e9valuation<\/strong><\/p><ul><li>Suivre le d\u00e9roulement des cours et des programmes p\u00e9dagogiques.<\/li><li>Suivre l&#8217;avancement des examens<\/li><li>Assurer le bon fonctionnement des comit\u00e9s p\u00e9dagogiques.<\/li><li>Traitement et diffusion de l&#8217;information p\u00e9dagogique.<\/li><li>Assurer la bonne mise en \u0153uvre des programmes de stages et de formation.<\/li><li>Assurer le suivi de toute probl\u00e9matique soulev\u00e9e lors du stage ou de la formation organis\u00e9e par les \u00e9tudiants.<\/li><\/ul><p>\u00a0<\/p><p><strong>Service de la statistique, de l&#8217;information et de l&#8217;orientation<\/strong><\/p><ul><li>Statistiques du nombre d&#8217;\u00e9tudiants inscrits et dipl\u00f4m\u00e9s, chacun selon sa sp\u00e9cialisation<\/li><li>Statistiques du nombre d&#8217;enseignants par cat\u00e9gorie.<\/li><li>Statistiques du nombre de travailleurs par rang.<\/li><li>Statistiques du nombre d&#8217;\u00e9tudiants inscrits et dipl\u00f4m\u00e9s, chacun selon sa sp\u00e9cialisation.<\/li><li>Statistiques du nombre d&#8217;enseignants par cat\u00e9gorie.<\/li><li>Statistiques du nombre de travailleurs par rang.<\/li><\/ul>\t\t\t\t\t\t\t\t<\/div>\n\t\t\t\t<\/div>\n\t\t\t\t\t<\/div>\n\t\t\t\t<\/div>\n\t\t\t\t<\/div>\n\t\t","protected":false},"excerpt":{"rendered":"<p>Vice-d\u00e9canat charg\u00e9 des \u00e9tudes et des questions li\u00e9es aux \u00e9tudiants Vice-d\u00e9canat charg\u00e9 des \u00e9tudes et des questions li\u00e9es aux \u00e9tudiants Pr bellebna yassine yassine.bellebna@univ-sba.dz 048 70 01 57 Fonctions du vice-doyen aux \u00e9tudes et aux Questions li\u00e9es aux \u00e9tudiants Assurer la gestion et le suivi des inscriptions des \u00e9tudiants de la graduation. Suivre l\u2019\u00e9volution des [&hellip;]<\/p>\n","protected":false},"author":3,"featured_media":0,"parent":0,"menu_order":0,"comment_status":"closed","ping_status":"closed","template":"","meta":{"_uag_custom_page_level_css":"","postBodyCss":"","postBodyMargin":[],"postBodyPadding":[],"postBodyBackground":{"backgroundType":"classic","gradient":""},"site-sidebar-layout":"no-sidebar","site-content-layout":"page-builder","ast-site-content-layout":"full-width-container","site-content-style":"unboxed","site-sidebar-style":"unboxed","ast-global-header-display":"","ast-banner-title-visibility":"","ast-main-header-display":"","ast-hfb-above-header-display":"","ast-hfb-below-header-display":"","ast-hfb-mobile-header-display":"","site-post-title":"disabled","ast-breadcrumbs-content":"disabled","ast-featured-img":"disabled","footer-sml-layout":"","ast-disable-related-posts":"","theme-transparent-header-meta":"enabled","adv-header-id-meta":"","stick-header-meta":"","header-above-stick-meta":"","header-main-stick-meta":"","header-below-stick-meta":"","astra-migrate-meta-layouts":"set","ast-page-background-enabled":"default","ast-page-background-meta":{"desktop":{"background-color":"var(--ast-global-color-4)","background-image":"","background-repeat":"repeat","background-position":"center center","background-size":"auto","background-attachment":"scroll","background-type":"","background-media":"","overlay-type":"","overlay-color":"","overlay-opacity":"","overlay-gradient":""},"tablet":{"background-color":"","background-image":"","background-repeat":"repeat","background-position":"center center","background-size":"auto","background-attachment":"scroll","background-type":"","background-media":"","overlay-type":"","overlay-color":"","overlay-opacity":"","overlay-gradient":""},"mobile":{"background-color":"","background-image":"","background-repeat":"repeat","background-position":"center center","background-size":"auto","background-attachment":"scroll","background-type":"","background-media":"","overlay-type":"","overlay-color":"","overlay-opacity":"","overlay-gradient":""}},"ast-content-background-meta":{"desktop":{"background-color":"var(--ast-global-color-5)","background-image":"","background-repeat":"repeat","background-position":"center center","background-size":"auto","background-attachment":"scroll","background-type":"","background-media":"","overlay-type":"","overlay-color":"","overlay-opacity":"","overlay-gradient":""},"tablet":{"background-color":"var(--ast-global-color-5)","background-image":"","background-repeat":"repeat","background-position":"center center","background-size":"auto","background-attachment":"scroll","background-type":"","background-media":"","overlay-type":"","overlay-color":"","overlay-opacity":"","overlay-gradient":""},"mobile":{"background-color":"var(--ast-global-color-5)","background-image":"","background-repeat":"repeat","background-position":"center center","background-size":"auto","background-attachment":"scroll","background-type":"","background-media":"","overlay-type":"","overlay-color":"","overlay-opacity":"","overlay-gradient":""}},"footnotes":""},"class_list":["post-3868","page","type-page","status-publish","hentry"],"uagb_featured_image_src":{"full":false,"thumbnail":false,"medium":false,"medium_large":false,"large":false,"1536x1536":false,"2048x2048":false},"uagb_author_info":{"display_name":"Houda","author_link":"https:\/\/www.univ-sba.dz\/ge\/author\/houdacpt\/"},"uagb_comment_info":0,"uagb_excerpt":"Vice-d\u00e9canat charg\u00e9 des \u00e9tudes et des questions li\u00e9es aux \u00e9tudiants Vice-d\u00e9canat charg\u00e9 des \u00e9tudes et des questions li\u00e9es aux \u00e9tudiants Pr bellebna yassine yassine.bellebna@univ-sba.dz 048 70 01 57 Fonctions du vice-doyen aux \u00e9tudes et aux Questions li\u00e9es aux \u00e9tudiants Assurer la gestion et le suivi des inscriptions des \u00e9tudiants de la graduation. Suivre l\u2019\u00e9volution des\u2026","rttpg_featured_image_url":null,"rttpg_author":{"display_name":"Houda","author_link":"https:\/\/www.univ-sba.dz\/ge\/author\/houdacpt\/"},"rttpg_comment":0,"rttpg_category":" <a href=\"https:\/\/www.univ-sba.dz\/ge\/fr\/\" rel=\"tag\">Fran\u00e7ais<\/a>","rttpg_excerpt":"Vice-d\u00e9canat charg\u00e9 des \u00e9tudes et des questions li\u00e9es aux \u00e9tudiants Vice-d\u00e9canat charg\u00e9 des \u00e9tudes et des questions li\u00e9es aux \u00e9tudiants Pr bellebna yassine yassine.bellebna@univ-sba.dz 048 70 01 57 Fonctions du vice-doyen aux \u00e9tudes et aux Questions li\u00e9es aux \u00e9tudiants Assurer la gestion et le suivi des inscriptions des \u00e9tudiants de la graduation. Suivre l\u2019\u00e9volution des\u2026","_links":{"self":[{"href":"https:\/\/www.univ-sba.dz\/ge\/wp-json\/wp\/v2\/pages\/3868","targetHints":{"allow":["GET"]}}],"collection":[{"href":"https:\/\/www.univ-sba.dz\/ge\/wp-json\/wp\/v2\/pages"}],"about":[{"href":"https:\/\/www.univ-sba.dz\/ge\/wp-json\/wp\/v2\/types\/page"}],"author":[{"embeddable":true,"href":"https:\/\/www.univ-sba.dz\/ge\/wp-json\/wp\/v2\/users\/3"}],"replies":[{"embeddable":true,"href":"https:\/\/www.univ-sba.dz\/ge\/wp-json\/wp\/v2\/comments?post=3868"}],"version-history":[{"count":13,"href":"https:\/\/www.univ-sba.dz\/ge\/wp-json\/wp\/v2\/pages\/3868\/revisions"}],"predecessor-version":[{"id":3882,"href":"https:\/\/www.univ-sba.dz\/ge\/wp-json\/wp\/v2\/pages\/3868\/revisions\/3882"}],"wp:attachment":[{"href":"https:\/\/www.univ-sba.dz\/ge\/wp-json\/wp\/v2\/media?parent=3868"}],"curies":[{"name":"wp","href":"https:\/\/api.w.org\/{rel}","templated":true}]}}