{"id":3955,"date":"2026-02-10T11:37:12","date_gmt":"2026-02-10T10:37:12","guid":{"rendered":"https:\/\/www.univ-sba.dz\/ge\/?page_id=3955"},"modified":"2026-02-10T11:39:18","modified_gmt":"2026-02-10T10:39:18","slug":"secretariat-general","status":"publish","type":"page","link":"https:\/\/www.univ-sba.dz\/ge\/fr\/secretariat-general\/","title":{"rendered":"Secr\u00e9tariat g\u00e9n\u00e9ral"},"content":{"rendered":"\t\t<div data-elementor-type=\"wp-page\" data-elementor-id=\"3955\" class=\"elementor elementor-3955\">\n\t\t\t\t<div class=\"elementor-element elementor-element-19b8c8c e-flex e-con-boxed e-con e-parent\" data-id=\"19b8c8c\" data-element_type=\"container\" data-settings=\"{&quot;background_background&quot;:&quot;classic&quot;}\">\n\t\t\t\t\t<div class=\"e-con-inner\">\n\t\t<div class=\"elementor-element elementor-element-372848a e-con-full e-flex e-con e-child\" data-id=\"372848a\" data-element_type=\"container\">\n\t\t\t\t<div class=\"elementor-element elementor-element-0ccf104 elementor-widget elementor-widget-heading\" data-id=\"0ccf104\" data-element_type=\"widget\" data-widget_type=\"heading.default\">\n\t\t\t\t<div class=\"elementor-widget-container\">\n\t\t\t\t\t<h1 class=\"elementor-heading-title elementor-size-default\">Secr\u00e9tariat g\u00e9n\u00e9ral<\/h1>\t\t\t\t<\/div>\n\t\t\t\t<\/div>\n\t\t\t\t<\/div>\n\t\t\t\t\t<\/div>\n\t\t\t\t<\/div>\n\t\t<div class=\"elementor-element elementor-element-2912f6a e-flex e-con-boxed e-con e-parent\" data-id=\"2912f6a\" data-element_type=\"container\">\n\t\t\t\t\t<div class=\"e-con-inner\">\n\t\t\t\t<div class=\"elementor-element elementor-element-07f970a elementor-widget elementor-widget-heading\" data-id=\"07f970a\" data-element_type=\"widget\" data-widget_type=\"heading.default\">\n\t\t\t\t<div class=\"elementor-widget-container\">\n\t\t\t\t\t<h2 class=\"elementor-heading-title elementor-size-default\">Secr\u00e9taire g\u00e9n\u00e9ral de la Facult\u00e9 :\n\n\n<\/h2>\t\t\t\t<\/div>\n\t\t\t\t<\/div>\n\t\t\t\t<div class=\"elementor-element elementor-element-06af90e elementor-widget elementor-widget-text-editor\" data-id=\"06af90e\" data-element_type=\"widget\" data-widget_type=\"text-editor.default\">\n\t\t\t\t<div class=\"elementor-widget-container\">\n\t\t\t\t\t\t\t\t\t<p data-start=\"127\" data-end=\"201\">Monsieur <strong data-start=\"177\" data-end=\"199\">Kebir Abderrahmane<\/strong><\/p><p data-start=\"203\" data-end=\"244\"><strong data-start=\"203\" data-end=\"222\">T\u00e9l\u00e9phone\/Fax :<\/strong> 048.70.02.38 (+213)<\/p><p data-start=\"203\" data-end=\"244\"><strong data-start=\"246\" data-end=\"299\">Adresse e-mail institutionnelle\/professionnelle :<\/strong>abderrahmane.kebir@univ-sba.dz<\/p>\t\t\t\t\t\t\t\t<\/div>\n\t\t\t\t<\/div>\n\t\t\t\t<div class=\"elementor-element elementor-element-be9b6be elementor-widget elementor-widget-text-editor\" data-id=\"be9b6be\" data-element_type=\"widget\" data-widget_type=\"text-editor.default\">\n\t\t\t\t<div class=\"elementor-widget-container\">\n\t\t\t\t\t\t\t\t\t<h3 data-start=\"302\" data-end=\"341\"><strong data-start=\"306\" data-end=\"341\">Missions du Secr\u00e9tariat g\u00e9n\u00e9ral<\/strong><\/h3><p data-start=\"343\" data-end=\"622\">\u00a0<\/p>\t\t\t\t\t\t\t\t<\/div>\n\t\t\t\t<\/div>\n\t\t\t\t\t<\/div>\n\t\t\t\t<\/div>\n\t\t<div class=\"elementor-element elementor-element-862b9e6 e-flex e-con-boxed e-con e-parent\" data-id=\"862b9e6\" data-element_type=\"container\">\n\t\t\t\t\t<div class=\"e-con-inner\">\n\t\t\t\t<div class=\"elementor-element elementor-element-a6fa3ff elementor-widget elementor-widget-text-editor\" data-id=\"a6fa3ff\" data-element_type=\"widget\" data-widget_type=\"text-editor.default\">\n\t\t\t\t<div class=\"elementor-widget-container\">\n\t\t\t\t\t\t\t\t\t<p data-start=\"343\" data-end=\"622\">Conform\u00e9ment \u00e0 l\u2019arr\u00eat\u00e9 minist\u00e9riel conjoint dat\u00e9 de 2004, fixant l\u2019organisation administrative de la direction de l\u2019universit\u00e9, de la facult\u00e9, de l\u2019institut, de l\u2019annexe universitaire et de leurs services communs, le Secr\u00e9tariat g\u00e9n\u00e9ral de la facult\u00e9 est charg\u00e9 de ce qui suit :<\/p><ul data-start=\"624\" data-end=\"1332\"><li data-start=\"624\" data-end=\"735\"><p data-start=\"626\" data-end=\"735\">Pr\u00e9parer le projet du plan de gestion des ressources humaines de la facult\u00e9 et veiller \u00e0 sa mise en \u0153uvre ;<\/p><\/li><li data-start=\"736\" data-end=\"820\"><p data-start=\"738\" data-end=\"820\">Assurer la gestion de la carri\u00e8re professionnelle des personnels de la facult\u00e9 ;<\/p><\/li><li data-start=\"821\" data-end=\"910\"><p data-start=\"823\" data-end=\"910\">Garantir la gestion, la documentation et la conservation des archives de la facult\u00e9 ;<\/p><\/li><li data-start=\"911\" data-end=\"984\"><p data-start=\"913\" data-end=\"984\">Pr\u00e9parer le projet du budget de la facult\u00e9 et assurer son ex\u00e9cution ;<\/p><\/li><li data-start=\"985\" data-end=\"1158\"><p data-start=\"987\" data-end=\"1158\">Promouvoir les activit\u00e9s scientifiques, culturelles et sportives au profit des \u00e9tudiants, en coordination avec les instances concern\u00e9es de la direction de l\u2019universit\u00e9 ;<\/p><\/li><li data-start=\"1159\" data-end=\"1263\"><p data-start=\"1161\" data-end=\"1263\">Assurer la gestion des moyens mobiliers et immobiliers de la facult\u00e9 et veiller \u00e0 leur maintenance ;<\/p><\/li><li data-start=\"1264\" data-end=\"1332\"><p data-start=\"1266\" data-end=\"1332\">Veiller \u00e0 l\u2019ex\u00e9cution du plan de s\u00e9curit\u00e9 interne de la facult\u00e9.<\/p><\/li><\/ul><hr data-start=\"1334\" data-end=\"1337\" \/><h2 data-start=\"1339\" data-end=\"1426\"><strong data-start=\"1342\" data-end=\"1426\">Personnel administratif du Secr\u00e9tariat g\u00e9n\u00e9ral de la Facult\u00e9 de G\u00e9nie \u00c9lectrique<\/strong><\/h2><p data-start=\"1428\" data-end=\"1655\">Le Secr\u00e9tariat g\u00e9n\u00e9ral de la facult\u00e9, auquel est rattach\u00e9 le bureau de la s\u00e9curit\u00e9 interne<br data-start=\"1518\" data-end=\"1521\" \/>(<strong data-start=\"1522\" data-end=\"1562\">Responsable de la s\u00e9curit\u00e9 interne :<\/strong> Monsieur <strong data-start=\"1572\" data-end=\"1590\">Ghoraf Kaddour<\/strong>, agent de pr\u00e9vention niveau 1), comprend les services suivants :<\/p><hr data-start=\"1657\" data-end=\"1660\" \/><h3 data-start=\"1662\" data-end=\"1692\"><strong data-start=\"1666\" data-end=\"1692\">Service des personnels<\/strong><\/h3><p data-start=\"1693\" data-end=\"1794\"><strong data-start=\"1693\" data-end=\"1714\">Chef de service :<\/strong> Madame <strong data-start=\"1722\" data-end=\"1738\">Bouzid Maria<\/strong><br data-start=\"1738\" data-end=\"1741\" \/><strong data-start=\"1741\" data-end=\"1767\">Adresse \u00e9lectronique :<\/strong> <a class=\"decorated-link cursor-pointer\" rel=\"noopener\" data-start=\"1768\" data-end=\"1792\">maria.bouzid@univ-sba.dz<\/a><\/p><p data-start=\"1796\" data-end=\"1848\">Ce service comprend les deux divisions suivantes :<\/p><ul data-start=\"1849\" data-end=\"1958\"><li data-start=\"1849\" data-end=\"1879\"><p data-start=\"1851\" data-end=\"1879\">Division des enseignants ;<\/p><\/li><li data-start=\"1880\" data-end=\"1958\"><p data-start=\"1882\" data-end=\"1958\">Division des personnels administratifs, techniques et agents des services.<\/p><\/li><\/ul><hr data-start=\"1960\" data-end=\"1963\" \/><h3 data-start=\"1965\" data-end=\"2012\"><strong data-start=\"1969\" data-end=\"2012\">Service du budget et de la comptabilit\u00e9<\/strong><\/h3><p data-start=\"2013\" data-end=\"2116\"><strong data-start=\"2013\" data-end=\"2034\">Chef de service :<\/strong> Madame <strong data-start=\"2042\" data-end=\"2059\">Sedira Soumia<\/strong><br data-start=\"2059\" data-end=\"2062\" \/><strong data-start=\"2062\" data-end=\"2088\">Adresse \u00e9lectronique :<\/strong> <a class=\"decorated-link cursor-pointer\" rel=\"noopener\" data-start=\"2089\" data-end=\"2114\">soumia.sedira@univ-sba.dz<\/a><\/p><p data-start=\"2118\" data-end=\"2170\">Ce service comprend les deux divisions suivantes :<\/p><ul data-start=\"2171\" data-end=\"2228\"><li data-start=\"2171\" data-end=\"2195\"><p data-start=\"2173\" data-end=\"2195\">Division du budget ;<\/p><\/li><li data-start=\"2196\" data-end=\"2228\"><p data-start=\"2198\" data-end=\"2228\">Division de la comptabilit\u00e9.<\/p><\/li><\/ul><hr data-start=\"2230\" data-end=\"2233\" \/><h3 data-start=\"2235\" data-end=\"2304\"><strong data-start=\"2239\" data-end=\"2304\">Service des activit\u00e9s scientifiques, culturelles et sportives<\/strong><\/h3><p data-start=\"2305\" data-end=\"2412\"><strong data-start=\"2305\" data-end=\"2326\">Chef de service :<\/strong> Monsieur <strong data-start=\"2336\" data-end=\"2354\">Ammour Ma\u00e2chou<\/strong><br data-start=\"2354\" data-end=\"2357\" \/><strong data-start=\"2357\" data-end=\"2383\">Adresse \u00e9lectronique :<\/strong> <a class=\"decorated-link cursor-pointer\" rel=\"noopener\" data-start=\"2384\" data-end=\"2410\">maachou.ammour@univ-sba.dz<\/a><\/p><hr data-start=\"2414\" data-end=\"2417\" \/><h3 data-start=\"2419\" data-end=\"2466\"><strong data-start=\"2423\" data-end=\"2466\">Service des moyens et de la maintenance<\/strong><\/h3><p data-start=\"2467\" data-end=\"2647\"><strong data-start=\"2467\" data-end=\"2500\">Chef de service par int\u00e9rim :<\/strong> Monsieur <strong data-start=\"2510\" data-end=\"2533\">Ben A\u00efssa Abdelkrim<\/strong><br data-start=\"2533\" data-end=\"2536\" \/><strong data-start=\"2536\" data-end=\"2547\">Grade :<\/strong> Attach\u00e9 principal de l\u2019administration<br data-start=\"2585\" data-end=\"2588\" \/><strong data-start=\"2588\" data-end=\"2614\">Adresse \u00e9lectronique :<\/strong> <a class=\"decorated-link cursor-pointer\" rel=\"noopener\" data-start=\"2615\" data-end=\"2645\">abdelkrim.benaissa@univ-sba.dz<\/a><\/p><p data-start=\"2649\" data-end=\"2701\">Ce service comprend les deux divisions suivantes :<\/p><ul data-start=\"2702\" data-end=\"2759\"><li data-start=\"2702\" data-end=\"2727\"><p data-start=\"2704\" data-end=\"2727\">Division des moyens ;<\/p><\/li><li data-start=\"2728\" data-end=\"2759\"><p data-start=\"2730\" data-end=\"2759\">Division de la maintenance.<\/p><\/li><\/ul><hr data-start=\"2761\" data-end=\"2764\" \/><h2 data-start=\"2766\" data-end=\"2794\"><strong data-start=\"2769\" data-end=\"2794\">Services p\u00e9dagogiques<\/strong><\/h2><h3 data-start=\"2796\" data-end=\"2827\"><strong data-start=\"2800\" data-end=\"2827\">Service de la scolarit\u00e9<\/strong><\/h3><p data-start=\"2828\" data-end=\"2913\">Le service de la scolarit\u00e9 de la facult\u00e9 est charg\u00e9 du suivi des missions suivantes :<\/p><ul data-start=\"2915\" data-end=\"4460\"><li data-start=\"2915\" data-end=\"2996\"><p data-start=\"2917\" data-end=\"2996\">Pr\u00e9parer et superviser les op\u00e9rations d\u2019inscription des nouveaux bacheliers ;<\/p><\/li><li data-start=\"2997\" data-end=\"3055\"><p data-start=\"2999\" data-end=\"3055\">Superviser les op\u00e9rations de transfert des \u00e9tudiants ;<\/p><\/li><li data-start=\"3056\" data-end=\"3139\"><p data-start=\"3058\" data-end=\"3139\">Suivre les demandes de cong\u00e9 acad\u00e9mique et de gel d\u2019inscription des \u00e9tudiants ;<\/p><\/li><li data-start=\"3140\" data-end=\"3207\"><p data-start=\"3142\" data-end=\"3207\">Suivre la situation disciplinaire des \u00e9tudiants de la facult\u00e9 ;<\/p><\/li><li data-start=\"3208\" data-end=\"3267\"><p data-start=\"3210\" data-end=\"3267\">Superviser les inscriptions des \u00e9tudiants en Master 1 ;<\/p><\/li><li data-start=\"3268\" data-end=\"3396\"><p data-start=\"3270\" data-end=\"3396\">\u00c9tablir des copies conformes des attestations de r\u00e9ussite (service des dipl\u00f4mes) pour les \u00e9tudiants en Master, sur demande ;<\/p><\/li><li data-start=\"3397\" data-end=\"3648\"><p data-start=\"3399\" data-end=\"3648\">Conserver les attestations de r\u00e9ussite (Licence) des \u00e9tudiants en Master durant la p\u00e9riode d\u2019\u00e9tude et les transmettre au service des dipl\u00f4mes de la facult\u00e9 lors de la remise du dipl\u00f4me ; les restituer aux \u00e9tudiants ajourn\u00e9s en Master sur demande ;<\/p><\/li><li data-start=\"3649\" data-end=\"3737\"><p data-start=\"3651\" data-end=\"3737\">Suivre et mettre \u00e0 jour la base de donn\u00e9es p\u00e9dagogique des \u00e9tudiants de la facult\u00e9 ;<\/p><\/li><li data-start=\"3738\" data-end=\"3840\"><p data-start=\"3740\" data-end=\"3840\">Suivre et mettre \u00e0 jour la base de donn\u00e9es relative au dossier du service national des \u00e9tudiants ;<\/p><\/li><li data-start=\"3841\" data-end=\"3927\"><p data-start=\"3843\" data-end=\"3927\">Suivre et mettre \u00e0 jour la base de donn\u00e9es relative aux assurances des \u00e9tudiants ;<\/p><\/li><li data-start=\"3928\" data-end=\"4013\"><p data-start=\"3930\" data-end=\"4013\">Suivre et mettre \u00e0 jour les diff\u00e9rentes statistiques p\u00e9dagogiques des \u00e9tudiants ;<\/p><\/li><li data-start=\"4014\" data-end=\"4085\"><p data-start=\"4016\" data-end=\"4085\">Suivre la situation des \u00e9tudiants \u00e9trangers au sein de la facult\u00e9 ;<\/p><\/li><li data-start=\"4086\" data-end=\"4157\"><p data-start=\"4088\" data-end=\"4157\">\u00c9laborer le bilan final des r\u00e9sultats des \u00e9tudiants de la facult\u00e9 ;<\/p><\/li><li data-start=\"4158\" data-end=\"4279\"><p data-start=\"4160\" data-end=\"4279\">\u00c9tablir des duplicatas de la carte d\u2019\u00e9tudiant ou de l\u2019attestation d\u2019inscription en cas de perte ou de d\u00e9t\u00e9rioration ;<\/p><\/li><li data-start=\"4280\" data-end=\"4341\"><p data-start=\"4282\" data-end=\"4341\">Suivre et archiver les proc\u00e8s-verbaux des d\u00e9lib\u00e9rations ;<\/p><\/li><li data-start=\"4342\" data-end=\"4460\"><p data-start=\"4344\" data-end=\"4460\">Assurer la coordination et le suivi avec les services de suivi de l\u2019enseignement et de l\u2019\u00e9valuation de la facult\u00e9.<\/p><\/li><\/ul><hr data-start=\"4462\" data-end=\"4465\" \/><h3 data-start=\"4467\" data-end=\"4518\"><strong data-start=\"4471\" data-end=\"4518\">Service de l\u2019orientation et de l\u2019\u00e9valuation<\/strong><\/h3><ul data-start=\"4519\" data-end=\"4914\"><li data-start=\"4519\" data-end=\"4587\"><p data-start=\"4521\" data-end=\"4587\">Suivre le d\u00e9roulement des cours et des programmes p\u00e9dagogiques ;<\/p><\/li><li data-start=\"4588\" data-end=\"4627\"><p data-start=\"4590\" data-end=\"4627\">Suivre le d\u00e9roulement des examens ;<\/p><\/li><li data-start=\"4628\" data-end=\"4692\"><p data-start=\"4630\" data-end=\"4692\">Veiller au bon fonctionnement des commissions p\u00e9dagogiques ;<\/p><\/li><li data-start=\"4693\" data-end=\"4744\"><p data-start=\"4695\" data-end=\"4744\">Traiter et diffuser l\u2019information p\u00e9dagogique ;<\/p><\/li><li data-start=\"4745\" data-end=\"4818\"><p data-start=\"4747\" data-end=\"4818\">Veiller au bon d\u00e9roulement des programmes de stages et de formation ;<\/p><\/li><li data-start=\"4819\" data-end=\"4914\"><p data-start=\"4821\" data-end=\"4914\">Suivre toute probl\u00e9matique li\u00e9e aux stages ou aux formations organis\u00e9es pour les \u00e9tudiants.<\/p><\/li><\/ul><hr data-start=\"4916\" data-end=\"4919\" \/><h3 data-start=\"4921\" data-end=\"4991\"><strong data-start=\"4925\" data-end=\"4991\">Service des statistiques, de l\u2019information et de l\u2019orientation<\/strong><\/h3><ul data-start=\"4992\" data-end=\"5176\"><li data-start=\"4992\" data-end=\"5073\"><p data-start=\"4994\" data-end=\"5073\">Recenser le nombre d\u2019\u00e9tudiants inscrits et dipl\u00f4m\u00e9s selon chaque sp\u00e9cialit\u00e9 ;<\/p><\/li><li data-start=\"5074\" data-end=\"5126\"><p data-start=\"5076\" data-end=\"5126\">Recenser le nombre d\u2019enseignants par cat\u00e9gorie ;<\/p><\/li><li data-start=\"5127\" data-end=\"5176\"><p data-start=\"5129\" data-end=\"5176\">Recenser le nombre de travailleurs par grade.<\/p><\/li><\/ul>\t\t\t\t\t\t\t\t<\/div>\n\t\t\t\t<\/div>\n\t\t\t\t\t<\/div>\n\t\t\t\t<\/div>\n\t\t\t\t<\/div>\n\t\t","protected":false},"excerpt":{"rendered":"<p>Secr\u00e9tariat g\u00e9n\u00e9ral Secr\u00e9taire g\u00e9n\u00e9ral de la Facult\u00e9 : Monsieur Kebir Abderrahmane T\u00e9l\u00e9phone\/Fax : 048.70.02.38 (+213) Adresse e-mail institutionnelle\/professionnelle :abderrahmane.kebir@univ-sba.dz Missions du Secr\u00e9tariat g\u00e9n\u00e9ral \u00a0 Conform\u00e9ment \u00e0 l\u2019arr\u00eat\u00e9 minist\u00e9riel conjoint dat\u00e9 de 2004, fixant l\u2019organisation administrative de la direction de l\u2019universit\u00e9, de la facult\u00e9, de l\u2019institut, de l\u2019annexe universitaire et de leurs services communs, le Secr\u00e9tariat [&hellip;]<\/p>\n","protected":false},"author":3,"featured_media":0,"parent":0,"menu_order":0,"comment_status":"closed","ping_status":"closed","template":"","meta":{"_uag_custom_page_level_css":"","postBodyCss":"","postBodyMargin":[],"postBodyPadding":[],"postBodyBackground":{"backgroundType":"classic","gradient":""},"site-sidebar-layout":"no-sidebar","site-content-layout":"page-builder","ast-site-content-layout":"full-width-container","site-content-style":"unboxed","site-sidebar-style":"unboxed","ast-global-header-display":"","ast-banner-title-visibility":"","ast-main-header-display":"","ast-hfb-above-header-display":"","ast-hfb-below-header-display":"","ast-hfb-mobile-header-display":"","site-post-title":"disabled","ast-breadcrumbs-content":"disabled","ast-featured-img":"disabled","footer-sml-layout":"","ast-disable-related-posts":"","theme-transparent-header-meta":"enabled","adv-header-id-meta":"","stick-header-meta":"","header-above-stick-meta":"","header-main-stick-meta":"","header-below-stick-meta":"","astra-migrate-meta-layouts":"set","ast-page-background-enabled":"default","ast-page-background-meta":{"desktop":{"background-color":"var(--ast-global-color-4)","background-image":"","background-repeat":"repeat","background-position":"center center","background-size":"auto","background-attachment":"scroll","background-type":"","background-media":"","overlay-type":"","overlay-color":"","overlay-opacity":"","overlay-gradient":""},"tablet":{"background-color":"","background-image":"","background-repeat":"repeat","background-position":"center center","background-size":"auto","background-attachment":"scroll","background-type":"","background-media":"","overlay-type":"","overlay-color":"","overlay-opacity":"","overlay-gradient":""},"mobile":{"background-color":"","background-image":"","background-repeat":"repeat","background-position":"center center","background-size":"auto","background-attachment":"scroll","background-type":"","background-media":"","overlay-type":"","overlay-color":"","overlay-opacity":"","overlay-gradient":""}},"ast-content-background-meta":{"desktop":{"background-color":"var(--ast-global-color-5)","background-image":"","background-repeat":"repeat","background-position":"center center","background-size":"auto","background-attachment":"scroll","background-type":"","background-media":"","overlay-type":"","overlay-color":"","overlay-opacity":"","overlay-gradient":""},"tablet":{"background-color":"var(--ast-global-color-5)","background-image":"","background-repeat":"repeat","background-position":"center center","background-size":"auto","background-attachment":"scroll","background-type":"","background-media":"","overlay-type":"","overlay-color":"","overlay-opacity":"","overlay-gradient":""},"mobile":{"background-color":"var(--ast-global-color-5)","background-image":"","background-repeat":"repeat","background-position":"center center","background-size":"auto","background-attachment":"scroll","background-type":"","background-media":"","overlay-type":"","overlay-color":"","overlay-opacity":"","overlay-gradient":""}},"footnotes":""},"class_list":["post-3955","page","type-page","status-publish","hentry"],"uagb_featured_image_src":{"full":false,"thumbnail":false,"medium":false,"medium_large":false,"large":false,"1536x1536":false,"2048x2048":false},"uagb_author_info":{"display_name":"Houda","author_link":"https:\/\/www.univ-sba.dz\/ge\/author\/houdacpt\/"},"uagb_comment_info":0,"uagb_excerpt":"Secr\u00e9tariat g\u00e9n\u00e9ral Secr\u00e9taire g\u00e9n\u00e9ral de la Facult\u00e9 : Monsieur Kebir Abderrahmane T\u00e9l\u00e9phone\/Fax : 048.70.02.38 (+213) Adresse e-mail institutionnelle\/professionnelle :abderrahmane.kebir@univ-sba.dz Missions du Secr\u00e9tariat g\u00e9n\u00e9ral \u00a0 Conform\u00e9ment \u00e0 l\u2019arr\u00eat\u00e9 minist\u00e9riel conjoint dat\u00e9 de 2004, fixant l\u2019organisation administrative de la direction de l\u2019universit\u00e9, de la facult\u00e9, de l\u2019institut, de l\u2019annexe universitaire et de leurs services communs, le Secr\u00e9tariat\u2026","rttpg_featured_image_url":null,"rttpg_author":{"display_name":"Houda","author_link":"https:\/\/www.univ-sba.dz\/ge\/author\/houdacpt\/"},"rttpg_comment":0,"rttpg_category":" <a href=\"https:\/\/www.univ-sba.dz\/ge\/fr\/\" rel=\"tag\">Fran\u00e7ais<\/a>","rttpg_excerpt":"Secr\u00e9tariat g\u00e9n\u00e9ral Secr\u00e9taire g\u00e9n\u00e9ral de la Facult\u00e9 : Monsieur Kebir Abderrahmane T\u00e9l\u00e9phone\/Fax : 048.70.02.38 (+213) Adresse e-mail institutionnelle\/professionnelle :abderrahmane.kebir@univ-sba.dz Missions du Secr\u00e9tariat g\u00e9n\u00e9ral \u00a0 Conform\u00e9ment \u00e0 l\u2019arr\u00eat\u00e9 minist\u00e9riel conjoint dat\u00e9 de 2004, fixant l\u2019organisation administrative de la direction de l\u2019universit\u00e9, de la facult\u00e9, de l\u2019institut, de l\u2019annexe universitaire et de leurs services communs, le Secr\u00e9tariat\u2026","_links":{"self":[{"href":"https:\/\/www.univ-sba.dz\/ge\/wp-json\/wp\/v2\/pages\/3955","targetHints":{"allow":["GET"]}}],"collection":[{"href":"https:\/\/www.univ-sba.dz\/ge\/wp-json\/wp\/v2\/pages"}],"about":[{"href":"https:\/\/www.univ-sba.dz\/ge\/wp-json\/wp\/v2\/types\/page"}],"author":[{"embeddable":true,"href":"https:\/\/www.univ-sba.dz\/ge\/wp-json\/wp\/v2\/users\/3"}],"replies":[{"embeddable":true,"href":"https:\/\/www.univ-sba.dz\/ge\/wp-json\/wp\/v2\/comments?post=3955"}],"version-history":[{"count":4,"href":"https:\/\/www.univ-sba.dz\/ge\/wp-json\/wp\/v2\/pages\/3955\/revisions"}],"predecessor-version":[{"id":3959,"href":"https:\/\/www.univ-sba.dz\/ge\/wp-json\/wp\/v2\/pages\/3955\/revisions\/3959"}],"wp:attachment":[{"href":"https:\/\/www.univ-sba.dz\/ge\/wp-json\/wp\/v2\/media?parent=3955"}],"curies":[{"name":"wp","href":"https:\/\/api.w.org\/{rel}","templated":true}]}}