{"id":4046,"date":"2026-02-13T20:36:14","date_gmt":"2026-02-13T19:36:14","guid":{"rendered":"https:\/\/www.univ-sba.dz\/ge\/?page_id=4046"},"modified":"2026-02-25T11:46:59","modified_gmt":"2026-02-25T10:46:59","slug":"departement-electrotechnique","status":"publish","type":"page","link":"https:\/\/www.univ-sba.dz\/ge\/fr\/departement-electrotechnique\/","title":{"rendered":"d\u00e9partement Electrotechnique"},"content":{"rendered":"\t\t<div data-elementor-type=\"wp-page\" data-elementor-id=\"4046\" class=\"elementor elementor-4046\">\n\t\t\t\t<div class=\"elementor-element elementor-element-19b8c8c e-flex e-con-boxed e-con e-parent\" data-id=\"19b8c8c\" data-element_type=\"container\" data-settings=\"{&quot;background_background&quot;:&quot;classic&quot;}\">\n\t\t\t\t\t<div class=\"e-con-inner\">\n\t\t<div class=\"elementor-element elementor-element-372848a e-con-full e-flex e-con e-child\" data-id=\"372848a\" data-element_type=\"container\">\n\t\t\t\t<div class=\"elementor-element elementor-element-0ccf104 elementor-widget elementor-widget-heading\" data-id=\"0ccf104\" data-element_type=\"widget\" data-widget_type=\"heading.default\">\n\t\t\t\t<div class=\"elementor-widget-container\">\n\t\t\t\t\t<h1 class=\"elementor-heading-title elementor-size-default\">D\u00e9partement Electrotechnique<\/h1>\t\t\t\t<\/div>\n\t\t\t\t<\/div>\n\t\t\t\t<\/div>\n\t\t\t\t\t<\/div>\n\t\t\t\t<\/div>\n\t\t<div class=\"elementor-element elementor-element-db27330 e-flex e-con-boxed e-con e-parent\" data-id=\"db27330\" data-element_type=\"container\">\n\t\t\t\t\t<div class=\"e-con-inner\">\n\t\t<div class=\"elementor-element elementor-element-95f88ed e-con-full e-flex e-con e-child\" data-id=\"95f88ed\" data-element_type=\"container\">\n\t\t\t\t<div class=\"elementor-element elementor-element-314d414 elementor-widget elementor-widget-image\" data-id=\"314d414\" data-element_type=\"widget\" data-widget_type=\"image.default\">\n\t\t\t\t<div class=\"elementor-widget-container\">\n\t\t\t\t\t\t\t\t\t\t\t\t\t\t\t<img fetchpriority=\"high\" decoding=\"async\" width=\"683\" height=\"1024\" src=\"https:\/\/www.univ-sba.dz\/ge\/wp-content\/uploads\/2025\/12\/ETTDEpartement-683x1024.jpg\" class=\"attachment-large size-large wp-image-2954\" alt=\"\" srcset=\"https:\/\/www.univ-sba.dz\/ge\/wp-content\/uploads\/2025\/12\/ETTDEpartement-683x1024.jpg 683w, https:\/\/www.univ-sba.dz\/ge\/wp-content\/uploads\/2025\/12\/ETTDEpartement-200x300.jpg 200w, https:\/\/www.univ-sba.dz\/ge\/wp-content\/uploads\/2025\/12\/ETTDEpartement-768x1152.jpg 768w, https:\/\/www.univ-sba.dz\/ge\/wp-content\/uploads\/2025\/12\/ETTDEpartement-1024x1536.jpg 1024w, https:\/\/www.univ-sba.dz\/ge\/wp-content\/uploads\/2025\/12\/ETTDEpartement-1365x2048.jpg 1365w, https:\/\/www.univ-sba.dz\/ge\/wp-content\/uploads\/2025\/12\/ETTDEpartement-scaled.jpg 1707w\" sizes=\"(max-width: 683px) 100vw, 683px\" \/>\t\t\t\t\t\t\t\t\t\t\t\t\t\t\t<\/div>\n\t\t\t\t<\/div>\n\t\t\t\t<\/div>\n\t\t<div class=\"elementor-element elementor-element-5715bcf e-con-full e-flex e-con e-child\" data-id=\"5715bcf\" data-element_type=\"container\">\n\t\t\t\t<div class=\"elementor-element elementor-element-39bb29e elementor-widget elementor-widget-text-editor\" data-id=\"39bb29e\" data-element_type=\"widget\" data-widget_type=\"text-editor.default\">\n\t\t\t\t<div class=\"elementor-widget-container\">\n\t\t\t\t\t\t\t\t\t<h3 class=\"elementor-image-box-title\">Chef D\u00e9partement:\u00a0<\/h3>\t\t\t\t\t\t\t\t<\/div>\n\t\t\t\t<\/div>\n\t\t\t\t<div class=\"elementor-element elementor-element-d55dd1e elementor-widget elementor-widget-text-editor\" data-id=\"d55dd1e\" data-element_type=\"widget\" data-widget_type=\"text-editor.default\">\n\t\t\t\t<div class=\"elementor-widget-container\">\n\t\t\t\t\t\t\t\t\t<h3 class=\"elementor-image-box-title\">Jbilou Mokhtaria<\/h3><h3 class=\"elementor-image-box-title\"><strong style=\"font-size: 16px;\">Email: mokhtaria.jbilou@univ-sba.dz<\/strong><\/h3>\t\t\t\t\t\t\t\t<\/div>\n\t\t\t\t<\/div>\n\t\t\t\t<div class=\"elementor-element elementor-element-c8a8389 elementor-widget elementor-widget-text-editor\" data-id=\"c8a8389\" data-element_type=\"widget\" data-widget_type=\"text-editor.default\">\n\t\t\t\t<div class=\"elementor-widget-container\">\n\t\t\t\t\t\t\t\t\t<h3 class=\"elementor-image-box-title\">Les adjoint des chefs de departement<\/h3>\t\t\t\t\t\t\t\t<\/div>\n\t\t\t\t<\/div>\n\t\t\t\t<div class=\"elementor-element elementor-element-80628b3 elementor-widget elementor-widget-text-editor\" data-id=\"80628b3\" data-element_type=\"widget\" data-widget_type=\"text-editor.default\">\n\t\t\t\t<div class=\"elementor-widget-container\">\n\t\t\t\t\t\t\t\t\t<div class=\"elementor-element elementor-element-b6f515f e-con-full e-flex e-con e-child\" data-id=\"b6f515f\" data-element_type=\"container\" data-settings=\"{&quot;background_background&quot;:&quot;classic&quot;}\"><div class=\"elementor-element elementor-element-c122418 elementor-vertical-align-top elementor-widget elementor-widget-image-box\" data-id=\"c122418\" data-element_type=\"widget\" data-widget_type=\"image-box.default\"><div class=\"elementor-widget-container\"><div class=\"elementor-image-box-wrapper\"><div class=\"elementor-image-box-content\"><h3 class=\"elementor-image-box-title\" style=\"text-align: left;\">Ouahab Imane<\/h3><h3 class=\"elementor-image-box-title\" style=\"text-align: left;\"><strong style=\"font-size: 16px;\">Email:iman.ouahab@univ-sba.dz<\/strong><\/h3><\/div><\/div><\/div><\/div><\/div>\t\t\t\t\t\t\t\t<\/div>\n\t\t\t\t<\/div>\n\t\t\t\t<div class=\"elementor-element elementor-element-a14fb82 elementor-widget elementor-widget-text-editor\" data-id=\"a14fb82\" data-element_type=\"widget\" data-widget_type=\"text-editor.default\">\n\t\t\t\t<div class=\"elementor-widget-container\">\n\t\t\t\t\t\t\t\t\t<div class=\"elementor-element elementor-element-b6f515f e-con-full e-flex e-con e-child\" data-id=\"b6f515f\" data-element_type=\"container\" data-settings=\"{&quot;background_background&quot;:&quot;classic&quot;}\"><div class=\"elementor-element elementor-element-c122418 elementor-vertical-align-top elementor-widget elementor-widget-image-box\" data-id=\"c122418\" data-element_type=\"widget\" data-widget_type=\"image-box.default\"><div class=\"elementor-widget-container\"><div class=\"elementor-image-box-wrapper\"><div class=\"elementor-image-box-content\"><h3 class=\"elementor-image-box-title\" style=\"text-align: left;\">Tehami Mohammed<\/h3><h3 class=\"elementor-image-box-title\" style=\"text-align: left;\"><strong style=\"font-size: 16px;\">Email:mohammed.tehami@univ-sba.dz<\/strong><\/h3><\/div><\/div><\/div><\/div><\/div>\t\t\t\t\t\t\t\t<\/div>\n\t\t\t\t<\/div>\n\t\t\t\t<div class=\"elementor-element elementor-element-8b2e812 elementor-widget elementor-widget-text-editor\" data-id=\"8b2e812\" data-element_type=\"widget\" data-widget_type=\"text-editor.default\">\n\t\t\t\t<div class=\"elementor-widget-container\">\n\t\t\t\t\t\t\t\t\t<p id=\"_69KeabuJBqfl7M8P5vypiAg_45\" class=\"LC20lb MBeuO DKV0Md\">Liste des enseignants du d\u00e9partement d&#8217;El\u00e9ctrotechnique .<span style=\"font-size: 16px;\">pour t\u00e9l\u00e9charger <\/span><a style=\"font-size: 16px; background-color: #ffffff;\" href=\"https:\/\/www.univ-sba.dz\/ge\/wp-content\/uploads\/2026\/02\/\u0642\u0627\u0626\u0645\u0629-\u0627\u0644\u0623\u0633\u0627\u062a\u0630\u0629-\u0627\u0644\u0625\u0644\u0643\u062a\u0631\u0648\u062a\u0642\u0646\u064a.pdf\" target=\"_blank\" rel=\"noopener\">clique ici<\/a><\/p>\t\t\t\t\t\t\t\t<\/div>\n\t\t\t\t<\/div>\n\t\t\t\t<\/div>\n\t\t\t\t\t<\/div>\n\t\t\t\t<\/div>\n\t\t\t\t<\/div>\n\t\t","protected":false},"excerpt":{"rendered":"<p>D\u00e9partement Electrotechnique Chef D\u00e9partement:\u00a0 Jbilou Mokhtaria Email: mokhtaria.jbilou@univ-sba.dz Les adjoint des chefs de departement Ouahab Imane Email:iman.ouahab@univ-sba.dz Tehami Mohammed Email:mohammed.tehami@univ-sba.dz Liste des enseignants du d\u00e9partement d&#8217;El\u00e9ctrotechnique .pour t\u00e9l\u00e9charger clique ici<\/p>\n","protected":false},"author":3,"featured_media":0,"parent":0,"menu_order":0,"comment_status":"closed","ping_status":"closed","template":"","meta":{"_uag_custom_page_level_css":"","postBodyCss":"","postBodyMargin":[],"postBodyPadding":[],"postBodyBackground":{"backgroundType":"classic","gradient":""},"site-sidebar-layout":"no-sidebar","site-content-layout":"page-builder","ast-site-content-layout":"full-width-container","site-content-style":"unboxed","site-sidebar-style":"unboxed","ast-global-header-display":"","ast-banner-title-visibility":"","ast-main-header-display":"","ast-hfb-above-header-display":"","ast-hfb-below-header-display":"","ast-hfb-mobile-header-display":"","site-post-title":"disabled","ast-breadcrumbs-content":"disabled","ast-featured-img":"disabled","footer-sml-layout":"","ast-disable-related-posts":"","theme-transparent-header-meta":"enabled","adv-header-id-meta":"","stick-header-meta":"","header-above-stick-meta":"","header-main-stick-meta":"","header-below-stick-meta":"","astra-migrate-meta-layouts":"set","ast-page-background-enabled":"default","ast-page-background-meta":{"desktop":{"background-color":"var(--ast-global-color-4)","background-image":"","background-repeat":"repeat","background-position":"center center","background-size":"auto","background-attachment":"scroll","background-type":"","background-media":"","overlay-type":"","overlay-color":"","overlay-opacity":"","overlay-gradient":""},"tablet":{"background-color":"","background-image":"","background-repeat":"repeat","background-position":"center center","background-size":"auto","background-attachment":"scroll","background-type":"","background-media":"","overlay-type":"","overlay-color":"","overlay-opacity":"","overlay-gradient":""},"mobile":{"background-color":"","background-image":"","background-repeat":"repeat","background-position":"center center","background-size":"auto","background-attachment":"scroll","background-type":"","background-media":"","overlay-type":"","overlay-color":"","overlay-opacity":"","overlay-gradient":""}},"ast-content-background-meta":{"desktop":{"background-color":"var(--ast-global-color-5)","background-image":"","background-repeat":"repeat","background-position":"center center","background-size":"auto","background-attachment":"scroll","background-type":"","background-media":"","overlay-type":"","overlay-color":"","overlay-opacity":"","overlay-gradient":""},"tablet":{"background-color":"var(--ast-global-color-5)","background-image":"","background-repeat":"repeat","background-position":"center center","background-size":"auto","background-attachment":"scroll","background-type":"","background-media":"","overlay-type":"","overlay-color":"","overlay-opacity":"","overlay-gradient":""},"mobile":{"background-color":"var(--ast-global-color-5)","background-image":"","background-repeat":"repeat","background-position":"center center","background-size":"auto","background-attachment":"scroll","background-type":"","background-media":"","overlay-type":"","overlay-color":"","overlay-opacity":"","overlay-gradient":""}},"footnotes":""},"class_list":["post-4046","page","type-page","status-publish","hentry"],"uagb_featured_image_src":{"full":false,"thumbnail":false,"medium":false,"medium_large":false,"large":false,"1536x1536":false,"2048x2048":false},"uagb_author_info":{"display_name":"Houda","author_link":"https:\/\/www.univ-sba.dz\/ge\/author\/houdacpt\/"},"uagb_comment_info":0,"uagb_excerpt":"D\u00e9partement Electrotechnique Chef D\u00e9partement:\u00a0 Jbilou Mokhtaria Email: mokhtaria.jbilou@univ-sba.dz Les adjoint des chefs de departement Ouahab Imane Email:iman.ouahab@univ-sba.dz Tehami Mohammed Email:mohammed.tehami@univ-sba.dz Liste des enseignants du d\u00e9partement d&#8217;El\u00e9ctrotechnique .pour t\u00e9l\u00e9charger clique ici","rttpg_featured_image_url":null,"rttpg_author":{"display_name":"Houda","author_link":"https:\/\/www.univ-sba.dz\/ge\/author\/houdacpt\/"},"rttpg_comment":0,"rttpg_category":" <a href=\"https:\/\/www.univ-sba.dz\/ge\/fr\/\" rel=\"tag\">Fran\u00e7ais<\/a>","rttpg_excerpt":"D\u00e9partement Electrotechnique Chef D\u00e9partement:\u00a0 Jbilou Mokhtaria Email: mokhtaria.jbilou@univ-sba.dz Les adjoint des chefs de departement Ouahab Imane Email:iman.ouahab@univ-sba.dz Tehami Mohammed Email:mohammed.tehami@univ-sba.dz Liste des enseignants du d\u00e9partement d&#8217;El\u00e9ctrotechnique .pour t\u00e9l\u00e9charger clique ici","_links":{"self":[{"href":"https:\/\/www.univ-sba.dz\/ge\/wp-json\/wp\/v2\/pages\/4046","targetHints":{"allow":["GET"]}}],"collection":[{"href":"https:\/\/www.univ-sba.dz\/ge\/wp-json\/wp\/v2\/pages"}],"about":[{"href":"https:\/\/www.univ-sba.dz\/ge\/wp-json\/wp\/v2\/types\/page"}],"author":[{"embeddable":true,"href":"https:\/\/www.univ-sba.dz\/ge\/wp-json\/wp\/v2\/users\/3"}],"replies":[{"embeddable":true,"href":"https:\/\/www.univ-sba.dz\/ge\/wp-json\/wp\/v2\/comments?post=4046"}],"version-history":[{"count":13,"href":"https:\/\/www.univ-sba.dz\/ge\/wp-json\/wp\/v2\/pages\/4046\/revisions"}],"predecessor-version":[{"id":4387,"href":"https:\/\/www.univ-sba.dz\/ge\/wp-json\/wp\/v2\/pages\/4046\/revisions\/4387"}],"wp:attachment":[{"href":"https:\/\/www.univ-sba.dz\/ge\/wp-json\/wp\/v2\/media?parent=4046"}],"curies":[{"name":"wp","href":"https:\/\/api.w.org\/{rel}","templated":true}]}}