{"id":4065,"date":"2026-02-15T10:42:14","date_gmt":"2026-02-15T09:42:14","guid":{"rendered":"https:\/\/www.univ-sba.dz\/ge\/?page_id=4065"},"modified":"2026-02-15T14:38:39","modified_gmt":"2026-02-15T13:38:39","slug":"electronique-dep","status":"publish","type":"page","link":"https:\/\/www.univ-sba.dz\/ge\/fr\/electronique-dep\/","title":{"rendered":"d\u00e9partement d&#8217;electronique"},"content":{"rendered":"\t\t<div data-elementor-type=\"wp-page\" data-elementor-id=\"4065\" class=\"elementor elementor-4065\">\n\t\t\t\t<div class=\"elementor-element elementor-element-19b8c8c e-flex e-con-boxed e-con e-parent\" data-id=\"19b8c8c\" data-element_type=\"container\" data-settings=\"{&quot;background_background&quot;:&quot;classic&quot;}\">\n\t\t\t\t\t<div class=\"e-con-inner\">\n\t\t<div class=\"elementor-element elementor-element-372848a e-con-full e-flex e-con e-child\" data-id=\"372848a\" data-element_type=\"container\">\n\t\t\t\t<div class=\"elementor-element elementor-element-0ccf104 elementor-widget elementor-widget-heading\" data-id=\"0ccf104\" data-element_type=\"widget\" data-widget_type=\"heading.default\">\n\t\t\t\t<div class=\"elementor-widget-container\">\n\t\t\t\t\t<h1 class=\"elementor-heading-title elementor-size-default\">D\u00e9partement d'\u00c9lectronique<\/h1>\t\t\t\t<\/div>\n\t\t\t\t<\/div>\n\t\t\t\t<\/div>\n\t\t\t\t\t<\/div>\n\t\t\t\t<\/div>\n\t\t<div class=\"elementor-element elementor-element-db27330 e-flex e-con-boxed e-con e-parent\" data-id=\"db27330\" data-element_type=\"container\">\n\t\t\t\t\t<div class=\"e-con-inner\">\n\t\t<div class=\"elementor-element elementor-element-95f88ed e-con-full e-flex e-con e-child\" data-id=\"95f88ed\" data-element_type=\"container\">\n\t\t\t\t<div class=\"elementor-element elementor-element-314d414 elementor-widget elementor-widget-image\" data-id=\"314d414\" data-element_type=\"widget\" data-widget_type=\"image.default\">\n\t\t\t\t<div class=\"elementor-widget-container\">\n\t\t\t\t\t\t\t\t\t\t\t\t\t\t\t<img fetchpriority=\"high\" decoding=\"async\" width=\"1024\" height=\"682\" src=\"https:\/\/www.univ-sba.dz\/ge\/wp-content\/uploads\/2025\/12\/Electroniquedepartement-1024x682.jpg\" class=\"attachment-large size-large wp-image-2955\" alt=\"\" srcset=\"https:\/\/www.univ-sba.dz\/ge\/wp-content\/uploads\/2025\/12\/Electroniquedepartement-1024x682.jpg 1024w, https:\/\/www.univ-sba.dz\/ge\/wp-content\/uploads\/2025\/12\/Electroniquedepartement-300x200.jpg 300w, https:\/\/www.univ-sba.dz\/ge\/wp-content\/uploads\/2025\/12\/Electroniquedepartement-768x512.jpg 768w, https:\/\/www.univ-sba.dz\/ge\/wp-content\/uploads\/2025\/12\/Electroniquedepartement-1536x1024.jpg 1536w, https:\/\/www.univ-sba.dz\/ge\/wp-content\/uploads\/2025\/12\/Electroniquedepartement-2048x1365.jpg 2048w\" sizes=\"(max-width: 1024px) 100vw, 1024px\" \/>\t\t\t\t\t\t\t\t\t\t\t\t\t\t\t<\/div>\n\t\t\t\t<\/div>\n\t\t\t\t<\/div>\n\t\t<div class=\"elementor-element elementor-element-321f3c7 e-con-full e-flex e-con e-child\" data-id=\"321f3c7\" data-element_type=\"container\">\n\t\t\t\t<div class=\"elementor-element elementor-element-6446e33 elementor-widget elementor-widget-text-editor\" data-id=\"6446e33\" data-element_type=\"widget\" data-widget_type=\"text-editor.default\">\n\t\t\t\t<div class=\"elementor-widget-container\">\n\t\t\t\t\t\t\t\t\t<h3 class=\"elementor-image-box-title\">Chef D\u00e9partement:<\/h3>\t\t\t\t\t\t\t\t<\/div>\n\t\t\t\t<\/div>\n\t\t\t\t<div class=\"elementor-element elementor-element-bd4856e elementor-widget elementor-widget-text-editor\" data-id=\"bd4856e\" data-element_type=\"widget\" data-widget_type=\"text-editor.default\">\n\t\t\t\t<div class=\"elementor-widget-container\">\n\t\t\t\t\t\t\t\t\t<div class=\"elementor-element elementor-element-b6f515f e-con-full e-flex e-con e-child\" data-id=\"b6f515f\" data-element_type=\"container\" data-settings=\"{&quot;background_background&quot;:&quot;classic&quot;}\"><div class=\"elementor-element elementor-element-c122418 elementor-vertical-align-top elementor-widget elementor-widget-image-box\" data-id=\"c122418\" data-element_type=\"widget\" data-widget_type=\"image-box.default\"><div class=\"elementor-widget-container\"><div class=\"elementor-image-box-wrapper\"><div class=\"elementor-image-box-content\"><h3 class=\"elementor-image-box-title\" style=\"text-align: left;\">Talbi abbassia<\/h3><h3 class=\"elementor-image-box-title\" style=\"text-align: left;\"><span style=\"font-size: 16px;\">Email:abbassia.talbi@univ-sba.dz<\/span><\/h3><div class=\"elementor-element elementor-element-521257e e-con-full e-flex e-con e-child\" data-id=\"521257e\" data-element_type=\"container\" data-settings=\"{&quot;background_background&quot;:&quot;classic&quot;}\"><div class=\"elementor-element elementor-element-216e9e8 elementor-widget elementor-widget-image\" data-id=\"216e9e8\" data-element_type=\"widget\" data-widget_type=\"image.default\">\u00a0<\/div><\/div><\/div><\/div><\/div><\/div><\/div><div class=\"elementor-element elementor-element-1b0010c e-con-full e-flex e-con e-child\" data-id=\"1b0010c\" data-element_type=\"container\"><div class=\"elementor-element elementor-element-a87a177 e-con-full e-flex e-con e-child\" data-id=\"a87a177\" data-element_type=\"container\" data-settings=\"{&quot;background_background&quot;:&quot;classic&quot;}\"><div class=\"elementor-element elementor-element-e7f972a elementor-widget elementor-widget-image\" data-id=\"e7f972a\" data-element_type=\"widget\" data-widget_type=\"image.default\">\u00a0<\/div><\/div><\/div>\t\t\t\t\t\t\t\t<\/div>\n\t\t\t\t<\/div>\n\t\t\t\t<\/div>\n\t\t\t\t\t<\/div>\n\t\t\t\t<\/div>\n\t\t\t\t<\/div>\n\t\t","protected":false},"excerpt":{"rendered":"<p>D\u00e9partement d&#8217;\u00c9lectronique Chef D\u00e9partement: Talbi abbassia Email:abbassia.talbi@univ-sba.dz \u00a0\u00a0<\/p>\n","protected":false},"author":3,"featured_media":0,"parent":0,"menu_order":0,"comment_status":"closed","ping_status":"closed","template":"","meta":{"_uag_custom_page_level_css":"","postBodyCss":"","postBodyMargin":[],"postBodyPadding":[],"postBodyBackground":{"backgroundType":"classic","gradient":""},"site-sidebar-layout":"no-sidebar","site-content-layout":"page-builder","ast-site-content-layout":"full-width-container","site-content-style":"unboxed","site-sidebar-style":"unboxed","ast-global-header-display":"","ast-banner-title-visibility":"","ast-main-header-display":"","ast-hfb-above-header-display":"","ast-hfb-below-header-display":"","ast-hfb-mobile-header-display":"","site-post-title":"disabled","ast-breadcrumbs-content":"disabled","ast-featured-img":"disabled","footer-sml-layout":"","ast-disable-related-posts":"","theme-transparent-header-meta":"enabled","adv-header-id-meta":"","stick-header-meta":"","header-above-stick-meta":"","header-main-stick-meta":"","header-below-stick-meta":"","astra-migrate-meta-layouts":"set","ast-page-background-enabled":"default","ast-page-background-meta":{"desktop":{"background-color":"var(--ast-global-color-4)","background-image":"","background-repeat":"repeat","background-position":"center center","background-size":"auto","background-attachment":"scroll","background-type":"","background-media":"","overlay-type":"","overlay-color":"","overlay-opacity":"","overlay-gradient":""},"tablet":{"background-color":"","background-image":"","background-repeat":"repeat","background-position":"center center","background-size":"auto","background-attachment":"scroll","background-type":"","background-media":"","overlay-type":"","overlay-color":"","overlay-opacity":"","overlay-gradient":""},"mobile":{"background-color":"","background-image":"","background-repeat":"repeat","background-position":"center center","background-size":"auto","background-attachment":"scroll","background-type":"","background-media":"","overlay-type":"","overlay-color":"","overlay-opacity":"","overlay-gradient":""}},"ast-content-background-meta":{"desktop":{"background-color":"var(--ast-global-color-5)","background-image":"","background-repeat":"repeat","background-position":"center center","background-size":"auto","background-attachment":"scroll","background-type":"","background-media":"","overlay-type":"","overlay-color":"","overlay-opacity":"","overlay-gradient":""},"tablet":{"background-color":"var(--ast-global-color-5)","background-image":"","background-repeat":"repeat","background-position":"center center","background-size":"auto","background-attachment":"scroll","background-type":"","background-media":"","overlay-type":"","overlay-color":"","overlay-opacity":"","overlay-gradient":""},"mobile":{"background-color":"var(--ast-global-color-5)","background-image":"","background-repeat":"repeat","background-position":"center center","background-size":"auto","background-attachment":"scroll","background-type":"","background-media":"","overlay-type":"","overlay-color":"","overlay-opacity":"","overlay-gradient":""}},"footnotes":""},"class_list":["post-4065","page","type-page","status-publish","hentry"],"uagb_featured_image_src":{"full":false,"thumbnail":false,"medium":false,"medium_large":false,"large":false,"1536x1536":false,"2048x2048":false},"uagb_author_info":{"display_name":"Houda","author_link":"https:\/\/www.univ-sba.dz\/ge\/author\/houdacpt\/"},"uagb_comment_info":0,"uagb_excerpt":"D\u00e9partement d&#8217;\u00c9lectronique Chef D\u00e9partement: Talbi abbassia Email:abbassia.talbi@univ-sba.dz \u00a0\u00a0","rttpg_featured_image_url":null,"rttpg_author":{"display_name":"Houda","author_link":"https:\/\/www.univ-sba.dz\/ge\/author\/houdacpt\/"},"rttpg_comment":0,"rttpg_category":" <a href=\"https:\/\/www.univ-sba.dz\/ge\/fr\/\" rel=\"tag\">Fran\u00e7ais<\/a>","rttpg_excerpt":"D\u00e9partement d&#8217;\u00c9lectronique Chef D\u00e9partement: Talbi abbassia Email:abbassia.talbi@univ-sba.dz \u00a0\u00a0","_links":{"self":[{"href":"https:\/\/www.univ-sba.dz\/ge\/wp-json\/wp\/v2\/pages\/4065","targetHints":{"allow":["GET"]}}],"collection":[{"href":"https:\/\/www.univ-sba.dz\/ge\/wp-json\/wp\/v2\/pages"}],"about":[{"href":"https:\/\/www.univ-sba.dz\/ge\/wp-json\/wp\/v2\/types\/page"}],"author":[{"embeddable":true,"href":"https:\/\/www.univ-sba.dz\/ge\/wp-json\/wp\/v2\/users\/3"}],"replies":[{"embeddable":true,"href":"https:\/\/www.univ-sba.dz\/ge\/wp-json\/wp\/v2\/comments?post=4065"}],"version-history":[{"count":5,"href":"https:\/\/www.univ-sba.dz\/ge\/wp-json\/wp\/v2\/pages\/4065\/revisions"}],"predecessor-version":[{"id":4097,"href":"https:\/\/www.univ-sba.dz\/ge\/wp-json\/wp\/v2\/pages\/4065\/revisions\/4097"}],"wp:attachment":[{"href":"https:\/\/www.univ-sba.dz\/ge\/wp-json\/wp\/v2\/media?parent=4065"}],"curies":[{"name":"wp","href":"https:\/\/api.w.org\/{rel}","templated":true}]}}