{"id":22,"date":"2025-05-29T10:47:28","date_gmt":"2025-05-29T08:47:28","guid":{"rendered":"http:\/\/localhost\/yacine_app\/lecm\/?page_id=22"},"modified":"2025-09-17T11:24:28","modified_gmt":"2025-09-17T09:24:28","slug":"contactez-nous","status":"publish","type":"page","link":"https:\/\/www.univ-sba.dz\/iceps\/contactez-nous\/","title":{"rendered":"Contactez-nous"},"content":{"rendered":"\t\t<div data-elementor-type=\"wp-page\" data-elementor-id=\"22\" class=\"elementor elementor-22\">\n\t\t\t\t<div class=\"elementor-element elementor-element-d71c711 e-con-full e-flex e-con e-parent\" data-id=\"d71c711\" data-element_type=\"container\">\n\t\t\t\t<div class=\"elementor-element elementor-element-527cfa9 elementor-widget elementor-widget-image\" data-id=\"527cfa9\" data-element_type=\"widget\" data-widget_type=\"image.default\">\n\t\t\t\t<div class=\"elementor-widget-container\">\n\t\t\t\t\t\t\t\t\t\t\t\t\t\t\t<img fetchpriority=\"high\" decoding=\"async\" width=\"1903\" height=\"243\" src=\"https:\/\/www.univ-sba.dz\/iceps\/wp-content\/uploads\/2025\/06\/contactez-nous.webp\" class=\"attachment-full size-full wp-image-498\" alt=\"\" srcset=\"https:\/\/www.univ-sba.dz\/iceps\/wp-content\/uploads\/2025\/06\/contactez-nous.webp 1903w, https:\/\/www.univ-sba.dz\/iceps\/wp-content\/uploads\/2025\/06\/contactez-nous-300x38.webp 300w, https:\/\/www.univ-sba.dz\/iceps\/wp-content\/uploads\/2025\/06\/contactez-nous-1024x131.webp 1024w, https:\/\/www.univ-sba.dz\/iceps\/wp-content\/uploads\/2025\/06\/contactez-nous-768x98.webp 768w, https:\/\/www.univ-sba.dz\/iceps\/wp-content\/uploads\/2025\/06\/contactez-nous-1536x196.webp 1536w\" sizes=\"(max-width: 1903px) 100vw, 1903px\" \/>\t\t\t\t\t\t\t\t\t\t\t\t\t\t\t<\/div>\n\t\t\t\t<\/div>\n\t\t<div class=\"elementor-element elementor-element-5d257be e-flex e-con-boxed e-con e-child\" data-id=\"5d257be\" data-element_type=\"container\">\n\t\t\t\t\t<div class=\"e-con-inner\">\n\t\t\t\t<div class=\"elementor-element elementor-element-4913b8f elementor-widget elementor-widget-heading\" data-id=\"4913b8f\" data-element_type=\"widget\" data-widget_type=\"heading.default\">\n\t\t\t\t<div class=\"elementor-widget-container\">\n\t\t\t\t\t<h2 class=\"elementor-heading-title elementor-size-default\">Laboratoire de recherche: Intelligent Control and Electrical Power Systems (ICEPS)<\/h2>\t\t\t\t<\/div>\n\t\t\t\t<\/div>\n\t\t\t\t\t<\/div>\n\t\t\t\t<\/div>\n\t\t\t\t<\/div>\n\t\t<div class=\"elementor-element elementor-element-f507aef e-flex e-con-boxed e-con e-parent\" data-id=\"f507aef\" data-element_type=\"container\">\n\t\t\t\t\t<div class=\"e-con-inner\">\n\t\t<div class=\"elementor-element elementor-element-183dfe8 e-con-full e-flex e-con e-child\" data-id=\"183dfe8\" data-element_type=\"container\">\n\t\t\t\t<div class=\"elementor-element elementor-element-1f99b69 elementor-position-top elementor-widget elementor-widget-image-box\" data-id=\"1f99b69\" data-element_type=\"widget\" data-widget_type=\"image-box.default\">\n\t\t\t\t<div class=\"elementor-widget-container\">\n\t\t\t\t\t<div class=\"elementor-image-box-wrapper\"><figure class=\"elementor-image-box-img\"><img decoding=\"async\" width=\"98\" height=\"87\" src=\"https:\/\/www.univ-sba.dz\/iceps\/wp-content\/uploads\/2025\/06\/adresse.png\" class=\"attachment-full size-full wp-image-430\" alt=\"\" \/><\/figure><div class=\"elementor-image-box-content\"><h3 class=\"elementor-image-box-title\">Adresse<\/h3><p class=\"elementor-image-box-description\">Universit\u00e9 Djillali Liabes bo\u00eete postale 89 Sidi Bel Abb\u00e8s Alg\u00e9rie.<\/p><\/div><\/div>\t\t\t\t<\/div>\n\t\t\t\t<\/div>\n\t\t\t\t<\/div>\n\t\t<div class=\"elementor-element elementor-element-e2f1881 e-con-full e-flex e-con e-child\" data-id=\"e2f1881\" data-element_type=\"container\">\n\t\t\t\t<div class=\"elementor-element elementor-element-12ccbec elementor-position-top elementor-widget elementor-widget-image-box\" data-id=\"12ccbec\" data-element_type=\"widget\" data-widget_type=\"image-box.default\">\n\t\t\t\t<div class=\"elementor-widget-container\">\n\t\t\t\t\t<div class=\"elementor-image-box-wrapper\"><figure class=\"elementor-image-box-img\"><img decoding=\"async\" width=\"93\" height=\"89\" src=\"https:\/\/www.univ-sba.dz\/iceps\/wp-content\/uploads\/2025\/06\/contactez.png\" class=\"attachment-full size-full wp-image-431\" alt=\"\" \/><\/figure><div class=\"elementor-image-box-content\"><h3 class=\"elementor-image-box-title\">Contactez-nous<\/h3><p class=\"elementor-image-box-description\">Tel: 048.79.90.06\nFax: 048.79.90.02\nE-Mail: rectorat@univ-sba.dz<\/p><\/div><\/div>\t\t\t\t<\/div>\n\t\t\t\t<\/div>\n\t\t\t\t<\/div>\n\t\t<div class=\"elementor-element elementor-element-53c1e2a e-con-full e-flex e-con e-child\" data-id=\"53c1e2a\" data-element_type=\"container\">\n\t\t\t\t<div class=\"elementor-element elementor-element-506c2b7 elementor-position-top elementor-widget elementor-widget-image-box\" data-id=\"506c2b7\" data-element_type=\"widget\" data-widget_type=\"image-box.default\">\n\t\t\t\t<div class=\"elementor-widget-container\">\n\t\t\t\t\t<div class=\"elementor-image-box-wrapper\"><figure class=\"elementor-image-box-img\"><img loading=\"lazy\" decoding=\"async\" width=\"95\" height=\"83\" src=\"https:\/\/www.univ-sba.dz\/iceps\/wp-content\/uploads\/2025\/06\/horaire.png\" class=\"attachment-full size-full wp-image-432\" alt=\"\" \/><\/figure><div class=\"elementor-image-box-content\"><h3 class=\"elementor-image-box-title\">Horaire<\/h3><p class=\"elementor-image-box-description\">Dimanche - jeudi de 08h00 \u00e0 16h30<\/p><\/div><\/div>\t\t\t\t<\/div>\n\t\t\t\t<\/div>\n\t\t\t\t<\/div>\n\t\t\t\t\t<\/div>\n\t\t\t\t<\/div>\n\t\t\t\t<\/div>\n\t\t","protected":false},"excerpt":{"rendered":"<p>Laboratoire de recherche: Intelligent Control and Electrical Power Systems (ICEPS) Adresse Universit\u00e9 Djillali Liabes bo\u00eete postale 89 Sidi Bel Abb\u00e8s Alg\u00e9rie. Contactez-nous Tel: 048.79.90.06 Fax: 048.79.90.02 E-Mail: rectorat@univ-sba.dz Horaire Dimanche &#8211; jeudi de 08h00 \u00e0 16h30<\/p>\n","protected":false},"author":1,"featured_media":0,"parent":0,"menu_order":0,"comment_status":"closed","ping_status":"closed","template":"","meta":{"footnotes":""},"class_list":["post-22","page","type-page","status-publish","hentry","entry"],"_links":{"self":[{"href":"https:\/\/www.univ-sba.dz\/iceps\/wp-json\/wp\/v2\/pages\/22","targetHints":{"allow":["GET"]}}],"collection":[{"href":"https:\/\/www.univ-sba.dz\/iceps\/wp-json\/wp\/v2\/pages"}],"about":[{"href":"https:\/\/www.univ-sba.dz\/iceps\/wp-json\/wp\/v2\/types\/page"}],"author":[{"embeddable":true,"href":"https:\/\/www.univ-sba.dz\/iceps\/wp-json\/wp\/v2\/users\/1"}],"replies":[{"embeddable":true,"href":"https:\/\/www.univ-sba.dz\/iceps\/wp-json\/wp\/v2\/comments?post=22"}],"version-history":[{"count":49,"href":"https:\/\/www.univ-sba.dz\/iceps\/wp-json\/wp\/v2\/pages\/22\/revisions"}],"predecessor-version":[{"id":1068,"href":"https:\/\/www.univ-sba.dz\/iceps\/wp-json\/wp\/v2\/pages\/22\/revisions\/1068"}],"wp:attachment":[{"href":"https:\/\/www.univ-sba.dz\/iceps\/wp-json\/wp\/v2\/media?parent=22"}],"curies":[{"name":"wp","href":"https:\/\/api.w.org\/{rel}","templated":true}]}}