{"id":669,"date":"2025-06-22T11:04:47","date_gmt":"2025-06-22T09:04:47","guid":{"rendered":"http:\/\/localhost\/yacine_app\/lecm\/?page_id=669"},"modified":"2025-09-22T10:05:29","modified_gmt":"2025-09-22T08:05:29","slug":"equipe2","status":"publish","type":"page","link":"https:\/\/www.univ-sba.dz\/iceps\/equipe2\/","title":{"rendered":"Equipe2"},"content":{"rendered":"\t\t<div data-elementor-type=\"wp-page\" data-elementor-id=\"669\" class=\"elementor elementor-669\">\n\t\t\t\t<div class=\"elementor-element elementor-element-b5e5abb e-con-full e-flex e-con e-parent\" data-id=\"b5e5abb\" data-element_type=\"container\">\n\t\t\t\t<div class=\"elementor-element elementor-element-c15eaaa elementor-widget elementor-widget-image\" data-id=\"c15eaaa\" data-element_type=\"widget\" data-widget_type=\"image.default\">\n\t\t\t\t<div class=\"elementor-widget-container\">\n\t\t\t\t\t\t\t\t\t\t\t\t\t\t\t<img fetchpriority=\"high\" decoding=\"async\" width=\"1958\" height=\"400\" src=\"https:\/\/www.univ-sba.dz\/iceps\/wp-content\/uploads\/2025\/09\/2022-gff-1.jpg\" class=\"attachment-full size-full wp-image-1213\" alt=\"\" srcset=\"https:\/\/www.univ-sba.dz\/iceps\/wp-content\/uploads\/2025\/09\/2022-gff-1.jpg 1958w, https:\/\/www.univ-sba.dz\/iceps\/wp-content\/uploads\/2025\/09\/2022-gff-1-300x61.jpg 300w, https:\/\/www.univ-sba.dz\/iceps\/wp-content\/uploads\/2025\/09\/2022-gff-1-1024x209.jpg 1024w, https:\/\/www.univ-sba.dz\/iceps\/wp-content\/uploads\/2025\/09\/2022-gff-1-768x157.jpg 768w, https:\/\/www.univ-sba.dz\/iceps\/wp-content\/uploads\/2025\/09\/2022-gff-1-1536x314.jpg 1536w\" sizes=\"(max-width: 1958px) 100vw, 1958px\" \/>\t\t\t\t\t\t\t\t\t\t\t\t\t\t\t<\/div>\n\t\t\t\t<\/div>\n\t\t\t\t<\/div>\n\t\t<div class=\"elementor-element elementor-element-b8bf84a e-flex e-con-boxed e-con e-parent\" data-id=\"b8bf84a\" data-element_type=\"container\">\n\t\t\t\t\t<div class=\"e-con-inner\">\n\t\t\t\t<div class=\"elementor-element elementor-element-7edae81 elementor-widget elementor-widget-heading\" data-id=\"7edae81\" data-element_type=\"widget\" data-widget_type=\"heading.default\">\n\t\t\t\t<div class=\"elementor-widget-container\">\n\t\t\t\t\t<h3 class=\"elementor-heading-title elementor-size-default\">Equipe2: Optimisation et contr\u00f4le intelligent des r\u00e9seaux \u00e9lectriques (HVDCO)<\/h3>\t\t\t\t<\/div>\n\t\t\t\t<\/div>\n\t\t\t\t<div class=\"elementor-element elementor-element-97e6291 elementor-widget elementor-widget-heading\" data-id=\"97e6291\" data-element_type=\"widget\" data-widget_type=\"heading.default\">\n\t\t\t\t<div class=\"elementor-widget-container\">\n\t\t\t\t\t<h1 class=\"elementor-heading-title elementor-size-default\">Th\u00e9matique\u00a0de l'\u00e9quipe<\/h1>\t\t\t\t<\/div>\n\t\t\t\t<\/div>\n\t\t\t\t<div class=\"elementor-element elementor-element-0ecd921 elementor-widget elementor-widget-text-editor\" data-id=\"0ecd921\" data-element_type=\"widget\" data-widget_type=\"text-editor.default\">\n\t\t\t\t<div class=\"elementor-widget-container\">\n\t\t\t\t\t\t\t\t\t<p>L&rsquo;\u00e9quipe s&rsquo;occupe principalement de la probl\u00e9matique du transport de l&rsquo;\u00e9nergie \u00e9lectrique en courant continu haute tension (HVDC). Raccordement des parcs \u00e9oliens offshores par des liaisons HVDC-VSC, \u00e0 base de convertisseur source de tension. Utilisation de convertisseurs multi-niveaux afin d&rsquo;augmenter les performances du syst\u00e8me. Etude et mod\u00e9lisation des dispositfs FACTS pour am\u00e9liorer la qualit\u00e9 de l&rsquo;\u00e9nergie. Optimisation et gestion de l&rsquo;\u00e9nergie dans les r\u00e9seaux \u00e9lectriques. D\u00e9velopper un mod\u00e8le math\u00e9matique adapt\u00e9 \u00e0 la simulation en temps r\u00e9el, \u00e9tudier diff\u00e9rentes topologies de commande et d\u00e9velopper les mod\u00e8les math\u00e9matiques constituent les points saillants de ce volet. Un autre d\u00e9fi que le groupe tente de relever est de solutionner en temps r\u00e9el et sur des ordinateurs parall\u00e8les les \u00e9quations simultan\u00e9es repr\u00e9sentatives de grands r\u00e9seaux. Un autre axe bas\u00e9 sur les smarts grids et les r\u00e9seaux \u00e9lectriques int\u00e9lligents fait l&rsquo;objet de recherche de cette \u00e9quipe,<\/p>\t\t\t\t\t\t\t\t<\/div>\n\t\t\t\t<\/div>\n\t\t\t\t<div class=\"elementor-element elementor-element-00dd89c elementor-widget elementor-widget-heading\" data-id=\"00dd89c\" data-element_type=\"widget\" data-widget_type=\"heading.default\">\n\t\t\t\t<div class=\"elementor-widget-container\">\n\t\t\t\t\t<h1 class=\"elementor-heading-title elementor-size-default\">Liste exhaustive des membres de l\u2019\u00e9quipe<\/h1>\t\t\t\t<\/div>\n\t\t\t\t<\/div>\n\t\t\t\t<div class=\"elementor-element elementor-element-4c8dc5a elementor-widget elementor-widget-html\" data-id=\"4c8dc5a\" data-element_type=\"widget\" data-widget_type=\"html.default\">\n\t\t\t\t<div class=\"elementor-widget-container\">\n\t\t\t\t\t<table class=\"mon-tableau\">\n  \n  <thead>\n    <tr>\n      <th scope=\"col\">Nom et pr\u00e9nom<\/th>\n      <th scope=\"col\">Grade<\/th>\n      <th scope=\"col\">Qualit\u00e9<\/th>\n      <th scope=\"col\">Domaine<\/th>\n      <th scope=\"col\">Profil<\/th>\n    <\/tr>\n  <\/thead>\n  <tbody>\n    <tr>\n       <td>HADJERI Samir<\/td>\n       <td>Prof<\/td>\n       <td>Chef<\/td>\n       <td>Ing\u00e9nierie<\/td>\n       <td><a href=\"http:\/\/localhost\/yacine_app\/iceps\/profil1\/\">Voir Profil<\/a><\/td>\n    <\/tr>\n    <tr>\n       <td>Zidi Sid Ahmed<\/td>\n       <td>Pr<\/td>\n       <td>Membre<\/td>\n       <td>Ing\u00e9nierie<\/td>\n       <td><a href=\"http:\/\/localhost\/yacine_app\/iceps\/profil1\/\">Voir Profil<\/a><\/td>\n    <\/tr>\n    <tr>\n       <td>Khatir Mohammed<\/td>\n       <td>Pr<\/td>\n       <td>Membre<\/td>\n       <td>Ing\u00e9nierie<\/td>\n       <td><a href=\"#\">Voir Profil<\/a><\/td>\n    <\/tr>\n    <tr>\n       <td>Zeblah Abdelkader<\/td>\n       <td>Pr<\/td>\n       <td>Membre<\/td>\n       <td>Ing\u00e9nierie<\/td>\n       <td><a href=\"#\">Voir Profil<\/a><\/td>\n    <\/tr>\n    <tr>\n       <td>FELLAH Mohammed-Karim<\/td>\n       <td>MCA<\/td>\n       <td>Membre<\/td>\n       <td>Ing\u00e9nierie<\/td>\n       <td><a href=\"#\">Voir Profil<\/a><\/td>\n    <\/tr>\n    <tr>\n       <td>DJEHAF Mohammed Abdeldjalil<\/td>\n       <td>MCA<\/td>\n       <td>Membre<\/td>\n       <td>Ing\u00e9nierie<\/td>\n       <td><a href=\"#\">Voir Profil<\/a><\/td>\n    <\/tr>\n    <tr>\n       <td>HANAFI Salah<\/td>\n       <td>MCA<\/td>\n       <td>Membre<\/td>\n       <td>Ing\u00e9nierie<\/td>\n       <td><a href=\"#\">Voir Profil<\/a><\/td>\n    <\/tr>\n    <tr>\n       <td>Ghezal Fatiha<\/td>\n       <td>MAA, Doc<\/td>\n       <td>Membre<\/td>\n       <td>Ing\u00e9nierie<\/td>\n       <td><a href=\"#\">Voir Profil<\/a><\/td>\n    <\/tr>\n    <tr>\n       <td>Flitti Mohamed<\/td>\n       <td>Pr<\/td>\n       <td>Membre<\/td>\n       <td>Ing\u00e9nierie<\/td>\n       <td><a href=\"#\">Voir Profil<\/a><\/td>\n    <\/tr>\n    <tr>\n       <td>Amiri Rabie<\/td>\n       <td>Doc<\/td>\n       <td>Membre<\/td>\n       <td>Ing\u00e9nierie<\/td>\n       <td><a href=\"#\">Voir Profil<\/a><\/td>\n    <\/tr>\n    <tr>\n       <td>AGGAB Karima<\/td>\n       <td>Doc<\/td>\n       <td>Membre<\/td>\n       <td>Ing\u00e9nierie<\/td>\n       <td><a href=\"#\">Voir Profil<\/a><\/td>\n    <\/tr>\n    <tr>\n       <td>SAIDI Ibrahim<\/td>\n       <td>Doc<\/td>\n       <td>Membre<\/td>\n       <td>Ing\u00e9nierie<\/td>\n       <td><a href=\"#\">Voir Profil<\/a><\/td>\n    <\/tr>\n    <tr>\n       <td>Tayeboun hadj Mustapha<\/td>\n       <td>Doc<\/td>\n       <td>Membre<\/td>\n       <td>Ing\u00e9nierie<\/td>\n       <td><a href=\"#\">Voir Profil<\/a><\/td>\n    <\/tr>\n    <tr>\n       <td>BELHACHEMI  Hachemi <\/td>\n       <td>Doc<\/td>\n       <td>Membre<\/td>\n       <td>Ing\u00e9nierie<\/td>\n       <td><a href=\"#\">Voir Profil<\/a><\/td>\n    <\/tr>\n    <tr>\n       <td>BELHABRI Rihab  <\/td>\n       <td>Doc<\/td>\n       <td>Membre<\/td>\n       <td>Ing\u00e9nierie<\/td>\n       <td><a href=\"#\">Voir Profil<\/a><\/td>\n    <\/tr>\n    <tr>\n       <td>ZAREB Mohammed Amine <\/td>\n       <td>Doc<\/td>\n       <td>Membre<\/td>\n       <td>Ing\u00e9nierie<\/td>\n       <td><a href=\"#\">Voir Profil<\/a><\/td>\n    <\/tr>\n    <tr>\n       <td>BOUBEKEUR Halima  <\/td>\n       <td>Doc<\/td>\n       <td>Membre<\/td>\n       <td>Ing\u00e9nierie<\/td>\n       <td><a href=\"#\">Voir Profil<\/a><\/td>\n    <\/tr>\n    <tr>\n       <td>ARARIA Khaled  <\/td>\n       <td>Doc<\/td>\n       <td>Membre<\/td>\n       <td>Ing\u00e9nierie<\/td>\n       <td><a href=\"#\">Voir Profil<\/a><\/td>\n    <\/tr>\n    \n  <\/tbody>\n  \n<\/table>\t\t\t\t<\/div>\n\t\t\t\t<\/div>\n\t\t\t\t\t<\/div>\n\t\t\t\t<\/div>\n\t\t\t\t<\/div>\n\t\t","protected":false},"excerpt":{"rendered":"<p>Equipe2: Optimisation et contr\u00f4le intelligent des r\u00e9seaux \u00e9lectriques (HVDCO) Th\u00e9matique\u00a0de l&rsquo;\u00e9quipe L&rsquo;\u00e9quipe s&rsquo;occupe principalement de la probl\u00e9matique du transport de l&rsquo;\u00e9nergie \u00e9lectrique en courant continu haute tension (HVDC). Raccordement des parcs \u00e9oliens offshores par des liaisons HVDC-VSC, \u00e0 base de convertisseur source de tension. Utilisation de convertisseurs multi-niveaux afin d&rsquo;augmenter les performances du syst\u00e8me. Etude [&hellip;]<\/p>\n","protected":false},"author":1,"featured_media":0,"parent":0,"menu_order":0,"comment_status":"closed","ping_status":"closed","template":"","meta":{"footnotes":""},"class_list":["post-669","page","type-page","status-publish","hentry","entry"],"_links":{"self":[{"href":"https:\/\/www.univ-sba.dz\/iceps\/wp-json\/wp\/v2\/pages\/669","targetHints":{"allow":["GET"]}}],"collection":[{"href":"https:\/\/www.univ-sba.dz\/iceps\/wp-json\/wp\/v2\/pages"}],"about":[{"href":"https:\/\/www.univ-sba.dz\/iceps\/wp-json\/wp\/v2\/types\/page"}],"author":[{"embeddable":true,"href":"https:\/\/www.univ-sba.dz\/iceps\/wp-json\/wp\/v2\/users\/1"}],"replies":[{"embeddable":true,"href":"https:\/\/www.univ-sba.dz\/iceps\/wp-json\/wp\/v2\/comments?post=669"}],"version-history":[{"count":73,"href":"https:\/\/www.univ-sba.dz\/iceps\/wp-json\/wp\/v2\/pages\/669\/revisions"}],"predecessor-version":[{"id":1259,"href":"https:\/\/www.univ-sba.dz\/iceps\/wp-json\/wp\/v2\/pages\/669\/revisions\/1259"}],"wp:attachment":[{"href":"https:\/\/www.univ-sba.dz\/iceps\/wp-json\/wp\/v2\/media?parent=669"}],"curies":[{"name":"wp","href":"https:\/\/api.w.org\/{rel}","templated":true}]}}