{"id":7,"date":"2025-05-28T15:36:36","date_gmt":"2025-05-28T13:36:36","guid":{"rendered":"http:\/\/localhost\/yacine_app\/lecm\/?page_id=7"},"modified":"2025-09-28T12:04:15","modified_gmt":"2025-09-28T10:04:15","slug":"accueil","status":"publish","type":"page","link":"https:\/\/www.univ-sba.dz\/iceps\/","title":{"rendered":"Accueil"},"content":{"rendered":"\t\t<div data-elementor-type=\"wp-page\" data-elementor-id=\"7\" class=\"elementor elementor-7\">\n\t\t\t\t<div class=\"elementor-element elementor-element-371ce5c e-con-full e-flex e-con e-parent\" data-id=\"371ce5c\" data-element_type=\"container\">\n\t\t\t\t<div class=\"elementor-element elementor-element-0645fdb elementor-widget elementor-widget-image\" data-id=\"0645fdb\" data-element_type=\"widget\" data-widget_type=\"image.default\">\n\t\t\t\t<div class=\"elementor-widget-container\">\n\t\t\t\t\t\t\t\t\t\t\t\t\t\t\t<img fetchpriority=\"high\" decoding=\"async\" width=\"2560\" height=\"1183\" src=\"https:\/\/www.univ-sba.dz\/iceps\/wp-content\/uploads\/2025\/09\/IMG_20220619_093645-scaled.jpg\" class=\"attachment-full size-full wp-image-1074\" alt=\"\" srcset=\"https:\/\/www.univ-sba.dz\/iceps\/wp-content\/uploads\/2025\/09\/IMG_20220619_093645-scaled.jpg 2560w, https:\/\/www.univ-sba.dz\/iceps\/wp-content\/uploads\/2025\/09\/IMG_20220619_093645-300x139.jpg 300w, https:\/\/www.univ-sba.dz\/iceps\/wp-content\/uploads\/2025\/09\/IMG_20220619_093645-1024x473.jpg 1024w, https:\/\/www.univ-sba.dz\/iceps\/wp-content\/uploads\/2025\/09\/IMG_20220619_093645-768x355.jpg 768w, https:\/\/www.univ-sba.dz\/iceps\/wp-content\/uploads\/2025\/09\/IMG_20220619_093645-1536x710.jpg 1536w, https:\/\/www.univ-sba.dz\/iceps\/wp-content\/uploads\/2025\/09\/IMG_20220619_093645-2048x946.jpg 2048w\" sizes=\"(max-width: 2560px) 100vw, 2560px\" \/>\t\t\t\t\t\t\t\t\t\t\t\t\t\t\t<\/div>\n\t\t\t\t<\/div>\n\t\t\t\t<\/div>\n\t\t<div class=\"elementor-element elementor-element-a264324 e-con-full e-flex e-con e-parent\" data-id=\"a264324\" data-element_type=\"container\">\n\t\t<div class=\"elementor-element elementor-element-9db8e20 e-con-full e-flex e-con e-child\" data-id=\"9db8e20\" data-element_type=\"container\">\n\t\t\t\t<div class=\"elementor-element elementor-element-1c2e40e elementor-widget elementor-widget-image\" data-id=\"1c2e40e\" data-element_type=\"widget\" data-widget_type=\"image.default\">\n\t\t\t\t<div class=\"elementor-widget-container\">\n\t\t\t\t\t\t\t\t\t\t\t\t\t\t\t<img decoding=\"async\" width=\"324\" height=\"448\" src=\"https:\/\/www.univ-sba.dz\/iceps\/wp-content\/uploads\/2025\/09\/Brahami-Mustapha-.jpg\" class=\"attachment-large size-large wp-image-1266\" alt=\"\" srcset=\"https:\/\/www.univ-sba.dz\/iceps\/wp-content\/uploads\/2025\/09\/Brahami-Mustapha-.jpg 324w, https:\/\/www.univ-sba.dz\/iceps\/wp-content\/uploads\/2025\/09\/Brahami-Mustapha--217x300.jpg 217w\" sizes=\"(max-width: 324px) 100vw, 324px\" \/>\t\t\t\t\t\t\t\t\t\t\t\t\t\t\t<\/div>\n\t\t\t\t<\/div>\n\t\t\t\t<\/div>\n\t\t<div class=\"elementor-element elementor-element-47adcaf e-con-full e-flex e-con e-child\" data-id=\"47adcaf\" data-element_type=\"container\">\n\t\t\t\t<div class=\"elementor-element elementor-element-f505c2f elementor-invisible elementor-widget elementor-widget-heading\" data-id=\"f505c2f\" data-element_type=\"widget\" data-settings=\"{&quot;_animation&quot;:&quot;zoomIn&quot;}\" data-widget_type=\"heading.default\">\n\t\t\t\t<div class=\"elementor-widget-container\">\n\t\t\t\t\t<h3 class=\"elementor-heading-title elementor-size-default\">Mot de Directeur <\/h3>\t\t\t\t<\/div>\n\t\t\t\t<\/div>\n\t\t\t\t<div class=\"elementor-element elementor-element-7abcf69 elementor-widget elementor-widget-heading\" data-id=\"7abcf69\" data-element_type=\"widget\" data-widget_type=\"heading.default\">\n\t\t\t\t<div class=\"elementor-widget-container\">\n\t\t\t\t\t<h2 class=\"elementor-heading-title elementor-size-default\">Professeur BRAHMI Mostefa<\/h2>\t\t\t\t<\/div>\n\t\t\t\t<\/div>\n\t\t\t\t<div class=\"elementor-element elementor-element-8656a1b elementor-widget elementor-widget-text-editor\" data-id=\"8656a1b\" data-element_type=\"widget\" data-widget_type=\"text-editor.default\">\n\t\t\t\t<div class=\"elementor-widget-container\">\n\t\t\t\t\t\t\t\t\t<p>Le laboratoire \u00ab\u00a0Intellegent Control and Electrical Power Systems\u00a0\u00bb a \u00e9t\u00e9 cr\u00e9\u00e9 en juillet 2000, les travaux de recherche du laboratoire ICEPS\u00a0 sont d\u00e9di\u00e9s \u00e0 la r\u00e9solution des probl\u00e8mes concernant l\u2019\u00e9tude, la gestion, l\u2019efficacit\u00e9, le transport, la distribution et la protection des r\u00e9seaux \u00e9lectriques.<\/p><p>\u00a0L\u2019int\u00e9gration des \u00e9nergies renouvelables de toute origine, le transport en courant continu, l\u2019am\u00e9lioration de la qualit\u00e9 de l\u2019\u00e9nergie \u00e9lectrique avec plusieurs types de commandes, l\u2019int\u00e9gration des \u00e9nergies renouvelables dans l\u2019agriculture, sont aussi une pr\u00e9occupation majeure de nos chercheurs.<\/p><p>Le laboratoire participe activement\u00a0: aux conf\u00e9rences organis\u00e9es par la facult\u00e9, \u00e0 la formation doctorale, \u00e0 l\u2018encadrement des th\u00e8ses de doctorats, des m\u00e9moires de masters et d\u2019ing\u00e9nieurs des \u00e9tudiants du d\u00e9partement d\u2019\u00e9lectrotechnique.<\/p><p>Nous travaillons actuellement pour d\u00e9velopper des travaux avec des universit\u00e9s \u00e9trang\u00e8res telles que\u00a0: l\u2019UQAC et l\u2019UQO du Canada, l\u2019universit\u00e9 de haute Alsace de Mulhouse France sur l\u2019efficacit\u00e9 \u00e9nerg\u00e9tique, le diagnostic de l\u2019\u00e9tat de sant\u00e9 des transformateurs de puissance ainsi que les nouvelles g\u00e9n\u00e9rations de transformateurs sans bobinage.<\/p>\t\t\t\t\t\t\t\t<\/div>\n\t\t\t\t<\/div>\n\t\t\t\t<\/div>\n\t\t\t\t<\/div>\n\t\t<div class=\"elementor-element elementor-element-ba1635b e-con-full e-flex e-con e-parent\" data-id=\"ba1635b\" data-element_type=\"container\">\n\t\t<div class=\"elementor-element elementor-element-a8b8028 e-con-full e-flex e-con e-child\" data-id=\"a8b8028\" data-element_type=\"container\">\n\t\t\t\t<div class=\"elementor-element elementor-element-86b0292 elementor-widget elementor-widget-image\" data-id=\"86b0292\" data-element_type=\"widget\" data-widget_type=\"image.default\">\n\t\t\t\t<div class=\"elementor-widget-container\">\n\t\t\t\t\t\t\t\t\t\t\t\t\t\t\t<img decoding=\"async\" width=\"1024\" height=\"357\" src=\"https:\/\/www.univ-sba.dz\/iceps\/wp-content\/uploads\/2025\/06\/fac-fge1_2009x700-1024x357.jpg\" class=\"attachment-large size-large wp-image-112\" alt=\"\" srcset=\"https:\/\/www.univ-sba.dz\/iceps\/wp-content\/uploads\/2025\/06\/fac-fge1_2009x700-1024x357.jpg 1024w, https:\/\/www.univ-sba.dz\/iceps\/wp-content\/uploads\/2025\/06\/fac-fge1_2009x700-300x105.jpg 300w, https:\/\/www.univ-sba.dz\/iceps\/wp-content\/uploads\/2025\/06\/fac-fge1_2009x700-768x268.jpg 768w, https:\/\/www.univ-sba.dz\/iceps\/wp-content\/uploads\/2025\/06\/fac-fge1_2009x700-1536x535.jpg 1536w, https:\/\/www.univ-sba.dz\/iceps\/wp-content\/uploads\/2025\/06\/fac-fge1_2009x700.jpg 2009w\" sizes=\"(max-width: 1024px) 100vw, 1024px\" \/>\t\t\t\t\t\t\t\t\t\t\t\t\t\t\t<\/div>\n\t\t\t\t<\/div>\n\t\t\t\t<\/div>\n\t\t<div class=\"elementor-element elementor-element-f3fa87b e-con-full e-flex e-con e-child\" data-id=\"f3fa87b\" data-element_type=\"container\">\n\t\t\t\t<div class=\"elementor-element elementor-element-3f6df6a elementor-invisible elementor-widget elementor-widget-heading\" data-id=\"3f6df6a\" data-element_type=\"widget\" data-settings=\"{&quot;_animation&quot;:&quot;zoomIn&quot;}\" data-widget_type=\"heading.default\">\n\t\t\t\t<div class=\"elementor-widget-container\">\n\t\t\t\t\t<h3 class=\"elementor-heading-title elementor-size-default\">Pr\u00e9sentation du Laboratoire de Recherche ICEPS<\/h3>\t\t\t\t<\/div>\n\t\t\t\t<\/div>\n\t\t\t\t<div class=\"elementor-element elementor-element-00a60d3 elementor-widget elementor-widget-text-editor\" data-id=\"00a60d3\" data-element_type=\"widget\" data-widget_type=\"text-editor.default\">\n\t\t\t\t<div class=\"elementor-widget-container\">\n\t\t\t\t\t\t\t\t\t<p>Le laboratoire \u2018Interaction R\u00e9seaux Electriques Convertisseurs Machines\u2019\u2019 (IRECOM) a \u00e9t\u00e9 agr\u00e9\u00e9 par Arr\u00eat\u00e9 N\u00b0 88 du 25\/07\/2000.<\/p>\n<p>Le laboratoire IRECOM est une entit\u00e9 de recherche dont les activit\u00e9s s\u2019articulent autour de sujets aussi vari\u00e9s&nbsp;:<\/p>\n<ul>\n<li>L\u2019\u00e9tude du comportement \u00e9lectrique d\u2019une particule pr\u00e9alablement charg\u00e9e et concevoir des installations innovantes dans le domaine du chargement tribo\u00e9lectrique et de s\u00e9paration \u00e9lectrostatique<\/li>\n<li>D\u00e9veloppement des outils pour analyser, optimiser le r\u00e9seau \u00e9lectrique. Proposer des solutions aux diff\u00e9rents probl\u00e8mes que peut rencontrer le r\u00e9seau \u00e9lectrique.<\/li>\n<li>Gestion de l\u2019\u00e9nergie, sp\u00e9cifiquement quand elle provient de plusieurs sources en utilisant l\u2019intelligence Artificielle.<\/li>\n<li>Commande des syst\u00e8mes \u00e9lectriques, mod\u00e9lisation, optimisation, identification des syst\u00e8mes, \u00e9laboration des strat\u00e9gies de contr\u00f4le, contr\u00f4le robuste, estimateurs et observateurs.<\/li>\n<li>Mod\u00e9lisation et optimisation des syst\u00e8mes \u00e9lectro \u00e9nerg\u00e9tique sur la recherche des mod\u00e8les de substitution les plus appropri\u00e9s et l\u2019utilisation des techniques telles que Design and Analysis of Computer Experiments (DACE).<\/li>\n<\/ul>\n<p>Le laboratoire est constitu\u00e9 de cinq \u00e9quipes&nbsp;:<\/p>\n<p><strong>Equipe1: Electrostatique et M\u00e9thodologie<\/strong><\/p>\n<p><strong>Equipe2: Commande \u00e9lectrique<\/strong><\/p>\n<p><strong>Equipe3: R\u00e9seaux Electrique- Association convertisseurs &#8211; Machines<\/strong><\/p>\n<p><strong>Equipe4: Chargement tribo\u00e9lectrique et s\u00e9paration \u00e9lectrostatique<\/strong><\/p>\n<p><strong>Equipe5: Energie Nouvelle et Intelligence Artificielle<\/strong><\/p>\n<p>L\u2019activit\u00e9 du laboratoire est essentiellement tourn\u00e9e vers la recherche-formation aussi bien que vers la r\u00e9alisation de projets de recherche PRFU et de projets PNR en essayant d\u2019y associer le milieu industriel par la proposition d&rsquo;insertion des techniques d\u00e9velopp\u00e9es par les six \u00e9quipes.<\/p>\t\t\t\t\t\t\t\t<\/div>\n\t\t\t\t<\/div>\n\t\t\t\t<\/div>\n\t\t\t\t<\/div>\n\t\t\t\t<\/div>\n\t\t","protected":false},"excerpt":{"rendered":"<p>Mot de Directeur Professeur BRAHMI Mostefa Le laboratoire \u00ab\u00a0Intellegent Control and Electrical Power Systems\u00a0\u00bb a \u00e9t\u00e9 cr\u00e9\u00e9 en juillet 2000, les travaux de recherche du laboratoire ICEPS\u00a0 sont d\u00e9di\u00e9s \u00e0 la r\u00e9solution des probl\u00e8mes concernant l\u2019\u00e9tude, la gestion, l\u2019efficacit\u00e9, le transport, la distribution et la protection des r\u00e9seaux \u00e9lectriques. \u00a0L\u2019int\u00e9gration des \u00e9nergies renouvelables de toute [&hellip;]<\/p>\n","protected":false},"author":1,"featured_media":0,"parent":0,"menu_order":0,"comment_status":"closed","ping_status":"closed","template":"","meta":{"footnotes":""},"class_list":["post-7","page","type-page","status-publish","hentry","entry"],"_links":{"self":[{"href":"https:\/\/www.univ-sba.dz\/iceps\/wp-json\/wp\/v2\/pages\/7","targetHints":{"allow":["GET"]}}],"collection":[{"href":"https:\/\/www.univ-sba.dz\/iceps\/wp-json\/wp\/v2\/pages"}],"about":[{"href":"https:\/\/www.univ-sba.dz\/iceps\/wp-json\/wp\/v2\/types\/page"}],"author":[{"embeddable":true,"href":"https:\/\/www.univ-sba.dz\/iceps\/wp-json\/wp\/v2\/users\/1"}],"replies":[{"embeddable":true,"href":"https:\/\/www.univ-sba.dz\/iceps\/wp-json\/wp\/v2\/comments?post=7"}],"version-history":[{"count":211,"href":"https:\/\/www.univ-sba.dz\/iceps\/wp-json\/wp\/v2\/pages\/7\/revisions"}],"predecessor-version":[{"id":1369,"href":"https:\/\/www.univ-sba.dz\/iceps\/wp-json\/wp\/v2\/pages\/7\/revisions\/1369"}],"wp:attachment":[{"href":"https:\/\/www.univ-sba.dz\/iceps\/wp-json\/wp\/v2\/media?parent=7"}],"curies":[{"name":"wp","href":"https:\/\/api.w.org\/{rel}","templated":true}]}}