{"id":749,"date":"2025-06-22T16:54:50","date_gmt":"2025-06-22T14:54:50","guid":{"rendered":"http:\/\/localhost\/yacine_app\/lecm\/?page_id=749"},"modified":"2025-09-22T10:00:10","modified_gmt":"2025-09-22T08:00:10","slug":"equipe1","status":"publish","type":"page","link":"https:\/\/www.univ-sba.dz\/iceps\/equipe1\/","title":{"rendered":"Equipe1"},"content":{"rendered":"\t\t<div data-elementor-type=\"wp-page\" data-elementor-id=\"749\" class=\"elementor elementor-749\">\n\t\t\t\t<div class=\"elementor-element elementor-element-b5e5abb e-con-full e-flex e-con e-parent\" data-id=\"b5e5abb\" data-element_type=\"container\">\n\t\t\t\t<div class=\"elementor-element elementor-element-c15eaaa elementor-widget elementor-widget-image\" data-id=\"c15eaaa\" data-element_type=\"widget\" data-widget_type=\"image.default\">\n\t\t\t\t<div class=\"elementor-widget-container\">\n\t\t\t\t\t\t\t\t\t\t\t\t\t\t\t<img fetchpriority=\"high\" decoding=\"async\" width=\"1958\" height=\"400\" src=\"https:\/\/www.univ-sba.dz\/iceps\/wp-content\/uploads\/2025\/09\/2022-gff-1.jpg\" class=\"attachment-full size-full wp-image-1213\" alt=\"\" srcset=\"https:\/\/www.univ-sba.dz\/iceps\/wp-content\/uploads\/2025\/09\/2022-gff-1.jpg 1958w, https:\/\/www.univ-sba.dz\/iceps\/wp-content\/uploads\/2025\/09\/2022-gff-1-300x61.jpg 300w, https:\/\/www.univ-sba.dz\/iceps\/wp-content\/uploads\/2025\/09\/2022-gff-1-1024x209.jpg 1024w, https:\/\/www.univ-sba.dz\/iceps\/wp-content\/uploads\/2025\/09\/2022-gff-1-768x157.jpg 768w, https:\/\/www.univ-sba.dz\/iceps\/wp-content\/uploads\/2025\/09\/2022-gff-1-1536x314.jpg 1536w\" sizes=\"(max-width: 1958px) 100vw, 1958px\" \/>\t\t\t\t\t\t\t\t\t\t\t\t\t\t\t<\/div>\n\t\t\t\t<\/div>\n\t\t\t\t<\/div>\n\t\t<div class=\"elementor-element elementor-element-b8bf84a e-flex e-con-boxed e-con e-parent\" data-id=\"b8bf84a\" data-element_type=\"container\">\n\t\t\t\t\t<div class=\"e-con-inner\">\n\t\t\t\t<div class=\"elementor-element elementor-element-da6a4be elementor-widget elementor-widget-heading\" data-id=\"da6a4be\" data-element_type=\"widget\" data-widget_type=\"heading.default\">\n\t\t\t\t<div class=\"elementor-widget-container\">\n\t\t\t\t\t<h3 class=\"elementor-heading-title elementor-size-default\">Equipe1: Commande Rapproch\u00e9e et Algorithmique des Convertisseurs Statiques (CRACS)<\/h3>\t\t\t\t<\/div>\n\t\t\t\t<\/div>\n\t\t\t\t<div class=\"elementor-element elementor-element-7c7dd7f elementor-widget elementor-widget-heading\" data-id=\"7c7dd7f\" data-element_type=\"widget\" data-widget_type=\"heading.default\">\n\t\t\t\t<div class=\"elementor-widget-container\">\n\t\t\t\t\t<h1 class=\"elementor-heading-title elementor-size-default\">Th\u00e9matique\u00a0de l\u2019\u00e9quipe<\/h1>\t\t\t\t<\/div>\n\t\t\t\t<\/div>\n\t\t\t\t<div class=\"elementor-element elementor-element-0ecd921 elementor-widget elementor-widget-text-editor\" data-id=\"0ecd921\" data-element_type=\"widget\" data-widget_type=\"text-editor.default\">\n\t\t\t\t<div class=\"elementor-widget-container\">\n\t\t\t\t\t\t\t\t\t<p>\u2022 Am\u00e9lioration des techniques avanc\u00e9es de commandes des syst\u00e8mes \u00e9lectrom\u00e9caniques.<br \/>\u2022 Am\u00e9lioration des structures et des commandes de diff\u00e9rents convertisseurs statiques.<br \/>\u2022 Mise en \u0153uvre de nouvelles lois de commandes rapproch\u00e9es et algorithmiques des syst\u00e8mes de conversion d&rsquo;\u00e9nergie \u00e9lectrique.<\/p>\t\t\t\t\t\t\t\t<\/div>\n\t\t\t\t<\/div>\n\t\t\t\t<div class=\"elementor-element elementor-element-7df792a elementor-widget elementor-widget-heading\" data-id=\"7df792a\" data-element_type=\"widget\" data-widget_type=\"heading.default\">\n\t\t\t\t<div class=\"elementor-widget-container\">\n\t\t\t\t\t<h1 class=\"elementor-heading-title elementor-size-default\">Liste exhaustive des membres de l\u2019\u00e9quipe<\/h1>\t\t\t\t<\/div>\n\t\t\t\t<\/div>\n\t\t\t\t<div class=\"elementor-element elementor-element-4c8dc5a elementor-widget elementor-widget-html\" data-id=\"4c8dc5a\" data-element_type=\"widget\" data-widget_type=\"html.default\">\n\t\t\t\t<div class=\"elementor-widget-container\">\n\t\t\t\t\t<table class=\"mon-tableau\">\n  \n  <thead>\n    <tr>\n      <th scope=\"col\">Nom et pr\u00e9nom<\/th>\n      <th scope=\"col\">Grade<\/th>\n      <th scope=\"col\">Qualit\u00e9<\/th>\n      <th scope=\"col\">Domaine<\/th>\n      <th scope=\"col\">Profil<\/th>\n    <\/tr>\n  <\/thead>\n  <tbody>\n    <tr>\n       <td> BENAISSA Abdelkader<\/td>\n       <td>Pr<\/td>\n       <td>Chef <\/td>\n       <td>Ing\u00e9nierie<\/td>\n       <td><a href=\"http:\/\/localhost\/yacine_app\/iceps\/profil1\/\">Voir Profil<\/a><\/td>\n    <\/tr>\n    <tr>\n       <td>HAMDAOUI Habib<\/td>\n       <td>Pr<\/td>\n       <td>Membre <\/td>\n       <td>Ing\u00e9nierie<\/td>\n       <td><a href=\"http:\/\/localhost\/yacine_app\/iceps\/profil1\/\">Voir Profil<\/a><\/td>\n    <\/tr>\n    <tr>\n       <td>CHEBI Hocine<\/td>\n       <td>MCA<\/td>\n       <td>Membre <\/td>\n       <td>Ing\u00e9nierie<\/td>\n       <td><a href=\"#\">Voir Profil<\/a><\/td>\n    <\/tr>\n    <tr>\n       <td>SAHALI Yamina<\/td>\n       <td>MAA, Doc<\/td>\n       <td>Membre <\/td>\n       <td>Ing\u00e9nierie<\/td>\n       <td><a href=\"#\">Voir Profil<\/a><\/td>\n    <\/tr>\n    <tr>\n       <td>BOUDRAA Hannane<\/td>\n       <td>Doc<\/td>\n       <td>Membre <\/td>\n       <td>Ing\u00e9nierie<\/td>\n       <td><a href=\"#\">Voir Profil<\/a><\/td>\n    <\/tr>\n    <tr>\n       <td>REZKALLAH Benali<\/td>\n       <td>MAA, Doc<\/td>\n       <td>Membre <\/td>\n       <td>Ing\u00e9nierie<\/td>\n       <td><a href=\"#\">Voir Profil<\/a><\/td>\n    <\/tr>\n    <tr>\n       <td>ADJOUDJ Redouane<\/td>\n       <td>Doc<\/td>\n       <td>Membre <\/td>\n       <td>Ing\u00e9nierie<\/td>\n       <td><a href=\"#\">Voir Profil<\/a><\/td>\n    <\/tr>\n    <tr>\n       <td>NEKROUF ATTOU Abdelkader<\/td>\n       <td>Doc<\/td>\n       <td>Membre <\/td>\n       <td>Ing\u00e9nierie<\/td>\n       <td><a href=\"#\">Voir Profil<\/a><\/td>\n    <\/tr>\n    <tr>\n       <td>BOUANANI Amina<\/td>\n       <td>Doc<\/td>\n       <td>Membre <\/td>\n       <td>Ing\u00e9nierie<\/td>\n       <td><a href=\"#\">Voir Profil<\/a><\/td>\n    <\/tr>\n    <tr>\n       <td>BENGRINE Ahmed<\/td>\n       <td>Doc<\/td>\n       <td>Membre <\/td>\n       <td>Ing\u00e9nierie<\/td>\n       <td><a href=\"#\">Voir Profil<\/a><\/td>\n    <\/tr>\n    <tr>\n       <td>Benali Amina Nedjoua<\/td>\n       <td>Doc<\/td>\n       <td>Membre <\/td>\n       <td>Ing\u00e9nierie<\/td>\n       <td><a href=\"#\">Voir Profil<\/a><\/td>\n    <\/tr>\n    <tr>\n       <td>Megaiz Mohamed Djawed<\/td>\n       <td>Doc<\/td>\n       <td>Membre <\/td>\n       <td>Ing\u00e9nierie<\/td>\n       <td><a href=\"#\">Voir Profil<\/a><\/td>\n    <\/tr>\n    <tr>\n       <td>MARREF Mohammed Amine<\/td>\n       <td>MAB<\/td>\n       <td>Membre <\/td>\n       <td>Ing\u00e9nierie<\/td>\n       <td><a href=\"#\">Voir Profil<\/a><\/td>\n    <\/tr>\n  <\/tbody>\n  \n<\/table>\t\t\t\t<\/div>\n\t\t\t\t<\/div>\n\t\t\t\t\t<\/div>\n\t\t\t\t<\/div>\n\t\t\t\t<\/div>\n\t\t","protected":false},"excerpt":{"rendered":"<p>Equipe1: Commande Rapproch\u00e9e et Algorithmique des Convertisseurs Statiques (CRACS) Th\u00e9matique\u00a0de l\u2019\u00e9quipe \u2022 Am\u00e9lioration des techniques avanc\u00e9es de commandes des syst\u00e8mes \u00e9lectrom\u00e9caniques.\u2022 Am\u00e9lioration des structures et des commandes de diff\u00e9rents convertisseurs statiques.\u2022 Mise en \u0153uvre de nouvelles lois de commandes rapproch\u00e9es et algorithmiques des syst\u00e8mes de conversion d&rsquo;\u00e9nergie \u00e9lectrique. Liste exhaustive des membres de l\u2019\u00e9quipe Nom [&hellip;]<\/p>\n","protected":false},"author":1,"featured_media":0,"parent":0,"menu_order":0,"comment_status":"closed","ping_status":"closed","template":"","meta":{"footnotes":""},"class_list":["post-749","page","type-page","status-publish","hentry","entry"],"_links":{"self":[{"href":"https:\/\/www.univ-sba.dz\/iceps\/wp-json\/wp\/v2\/pages\/749","targetHints":{"allow":["GET"]}}],"collection":[{"href":"https:\/\/www.univ-sba.dz\/iceps\/wp-json\/wp\/v2\/pages"}],"about":[{"href":"https:\/\/www.univ-sba.dz\/iceps\/wp-json\/wp\/v2\/types\/page"}],"author":[{"embeddable":true,"href":"https:\/\/www.univ-sba.dz\/iceps\/wp-json\/wp\/v2\/users\/1"}],"replies":[{"embeddable":true,"href":"https:\/\/www.univ-sba.dz\/iceps\/wp-json\/wp\/v2\/comments?post=749"}],"version-history":[{"count":34,"href":"https:\/\/www.univ-sba.dz\/iceps\/wp-json\/wp\/v2\/pages\/749\/revisions"}],"predecessor-version":[{"id":1256,"href":"https:\/\/www.univ-sba.dz\/iceps\/wp-json\/wp\/v2\/pages\/749\/revisions\/1256"}],"wp:attachment":[{"href":"https:\/\/www.univ-sba.dz\/iceps\/wp-json\/wp\/v2\/media?parent=749"}],"curies":[{"name":"wp","href":"https:\/\/api.w.org\/{rel}","templated":true}]}}