{"id":755,"date":"2025-06-22T16:58:22","date_gmt":"2025-06-22T14:58:22","guid":{"rendered":"http:\/\/localhost\/yacine_app\/lecm\/?page_id=755"},"modified":"2025-09-22T10:06:13","modified_gmt":"2025-09-22T08:06:13","slug":"equipe3-2","status":"publish","type":"page","link":"https:\/\/www.univ-sba.dz\/iceps\/equipe3-2\/","title":{"rendered":"Equipe3"},"content":{"rendered":"\t\t<div data-elementor-type=\"wp-page\" data-elementor-id=\"755\" class=\"elementor elementor-755\">\n\t\t\t\t<div class=\"elementor-element elementor-element-b5e5abb e-con-full e-flex e-con e-parent\" data-id=\"b5e5abb\" data-element_type=\"container\">\n\t\t\t\t<div class=\"elementor-element elementor-element-c15eaaa elementor-widget elementor-widget-image\" data-id=\"c15eaaa\" data-element_type=\"widget\" data-widget_type=\"image.default\">\n\t\t\t\t<div class=\"elementor-widget-container\">\n\t\t\t\t\t\t\t\t\t\t\t\t\t\t\t<img fetchpriority=\"high\" decoding=\"async\" width=\"1958\" height=\"400\" src=\"https:\/\/www.univ-sba.dz\/iceps\/wp-content\/uploads\/2025\/09\/2022-gff-1.jpg\" class=\"attachment-full size-full wp-image-1213\" alt=\"\" srcset=\"https:\/\/www.univ-sba.dz\/iceps\/wp-content\/uploads\/2025\/09\/2022-gff-1.jpg 1958w, https:\/\/www.univ-sba.dz\/iceps\/wp-content\/uploads\/2025\/09\/2022-gff-1-300x61.jpg 300w, https:\/\/www.univ-sba.dz\/iceps\/wp-content\/uploads\/2025\/09\/2022-gff-1-1024x209.jpg 1024w, https:\/\/www.univ-sba.dz\/iceps\/wp-content\/uploads\/2025\/09\/2022-gff-1-768x157.jpg 768w, https:\/\/www.univ-sba.dz\/iceps\/wp-content\/uploads\/2025\/09\/2022-gff-1-1536x314.jpg 1536w\" sizes=\"(max-width: 1958px) 100vw, 1958px\" \/>\t\t\t\t\t\t\t\t\t\t\t\t\t\t\t<\/div>\n\t\t\t\t<\/div>\n\t\t\t\t<\/div>\n\t\t<div class=\"elementor-element elementor-element-b8bf84a e-flex e-con-boxed e-con e-parent\" data-id=\"b8bf84a\" data-element_type=\"container\">\n\t\t\t\t\t<div class=\"e-con-inner\">\n\t\t\t\t<div class=\"elementor-element elementor-element-d34e997 elementor-widget elementor-widget-heading\" data-id=\"d34e997\" data-element_type=\"widget\" data-widget_type=\"heading.default\">\n\t\t\t\t<div class=\"elementor-widget-container\">\n\t\t\t\t\t<h3 class=\"elementor-heading-title elementor-size-default\">Equipe3:  R\u00e9seaux Electriques intelligence artificielle , Energies Renouvelables et Environnement (REIAERE)<\/h3>\t\t\t\t<\/div>\n\t\t\t\t<\/div>\n\t\t\t\t<div class=\"elementor-element elementor-element-e298af9 elementor-widget elementor-widget-heading\" data-id=\"e298af9\" data-element_type=\"widget\" data-widget_type=\"heading.default\">\n\t\t\t\t<div class=\"elementor-widget-container\">\n\t\t\t\t\t<h1 class=\"elementor-heading-title elementor-size-default\">Th\u00e9matique\u00a0de l'\u00e9quipe<\/h1>\t\t\t\t<\/div>\n\t\t\t\t<\/div>\n\t\t\t\t<div class=\"elementor-element elementor-element-0ecd921 elementor-widget elementor-widget-text-editor\" data-id=\"0ecd921\" data-element_type=\"widget\" data-widget_type=\"text-editor.default\">\n\t\t\t\t<div class=\"elementor-widget-container\">\n\t\t\t\t\t\t\t\t\t<p>L&rsquo;\u00e9quipe REIAERE travaille sur quatre axes: \u00e9nergie photovoltaique, traitement de l&rsquo;eau par l&rsquo;ozone, m\u00e9thodes innovantes de diagnostic des transformateurs de puissance, ainsi que le pompage solaire. En collaboration avec l&rsquo;entreprise KCA Automobiles on a r\u00e9alis\u00e9 deux g\u00e9narateurs solaires de 340 Watts et 810 Watts \u00e0 deux axes (orientation et inclinaison). On a d\u00e9velopp\u00e9 \u00e9galement un r\u00e9gulateur de charge \u00e0 commande MPPT ainsi qu&rsquo;un onduleur sans transformateur compos\u00e9 d&rsquo;un \u00e9tage hacheur et un \u00e9tage onduleur. on a d\u00e9velopp\u00e9 un suiveur qui permet au g\u00e9n\u00e9rateur solaire de 810 Watts de suivre le soleil selon l&rsquo;angle d&rsquo;orientation. En collaboration avec un chercheur du centre de recherche de Ghardaia on travaille sur le pompage solaire. On travaille \u00e9galement sur les m\u00e9thodes utilisant l&rsquo;intelligence artificielle pour le diagnostic de transformateurs de puissance. En collaboration avec le laboratoire APELEC on travaille \u00e9galement sur le traitement de l&rsquo;eau par l&rsquo;ozone.<\/p>\t\t\t\t\t\t\t\t<\/div>\n\t\t\t\t<\/div>\n\t\t\t\t<div class=\"elementor-element elementor-element-59390f9 elementor-widget elementor-widget-heading\" data-id=\"59390f9\" data-element_type=\"widget\" data-widget_type=\"heading.default\">\n\t\t\t\t<div class=\"elementor-widget-container\">\n\t\t\t\t\t<h1 class=\"elementor-heading-title elementor-size-default\">Liste exhaustive des membres de l\u2019\u00e9quipe<\/h1>\t\t\t\t<\/div>\n\t\t\t\t<\/div>\n\t\t\t\t<div class=\"elementor-element elementor-element-4c8dc5a elementor-widget elementor-widget-html\" data-id=\"4c8dc5a\" data-element_type=\"widget\" data-widget_type=\"html.default\">\n\t\t\t\t<div class=\"elementor-widget-container\">\n\t\t\t\t\t<table class=\"mon-tableau\">\n  \n  <thead>\n    <tr>\n      <th scope=\"col\">Nom et pr\u00e9nom<\/th>\n      <th scope=\"col\">Grade<\/th>\n      <th scope=\"col\">Qualit\u00e9<\/th>\n      <th scope=\"col\">Domaine<\/th>\n      <th scope=\"col\">Profil<\/th>\n    <\/tr>\n  <\/thead>\n  <tbody>\n    <tr>\n       <td>Brahami Mostefa<\/td>\n       <td>Prof<\/td>\n       <td>Chef<\/td>\n       <td><\/td>\n       <td><a href=\"http:\/\/localhost\/yacine_app\/lecm\/profil1\/\">Voir Profil<\/a><\/td>\n    <\/tr>\n    <tr>\n       <td>Nassour Kamel<\/td>\n       <td>Prof<\/td>\n       <td>Membre<\/td>\n       <td><\/td>\n       <td><a href=\"http:\/\/localhost\/yacine_app\/lecm\/profil1\/\">Voir Profil<\/a><\/td>\n    <\/tr>\n    <tr>\n       <td>Sekkal Sidi Mohammed<\/td>\n       <td>MAA<\/td>\n       <td>Membre<\/td>\n       <td><\/td>\n       <td><a href=\"#\">Voir Profil<\/a><\/td>\n    <\/tr>\n    <tr>\n       <td>Jbilou Mokhtaria<\/td>\n       <td>MCA<\/td>\n       <td>Membre<\/td>\n       <td><\/td>\n       <td><a href=\"#\">Voir Profil<\/a><\/td>\n    <\/tr>\n    <tr>\n       <td>Senoussaoui M. El Amine<\/td>\n       <td>MCA<\/td>\n       <td>Membre<\/td>\n       <td><\/td>\n       <td><a href=\"#\">Voir Profil<\/a><\/td>\n    <\/tr>\n    <tr>\n       <td>Bechekir Seyf-Eddine<\/td>\n       <td>MCB<\/td>\n       <td>Membre<\/td>\n       <td><\/td>\n       <td><a href=\"#\">Voir Profil<\/a><\/td>\n    <\/tr>\n    <tr>\n       <td>Bousmaha Imen souhila<\/td>\n       <td>MCA<\/td>\n       <td>Membre<\/td>\n       <td><\/td>\n       <td><a href=\"#\">Voir Profil<\/a><\/td>\n    <\/tr>\n    <tr>\n       <td>Brahami Mohamed Nadjib <\/td>\n       <td>MCA<\/td>\n       <td>Membre<\/td>\n       <td><\/td>\n       <td><a href=\"#\">Voir Profil<\/a><\/td>\n    <\/tr>\n    <tr>\n       <td>Marref Mohammed Amine <\/td>\n       <td>MCB<\/td>\n       <td>Membre<\/td>\n       <td><\/td>\n       <td><a href=\"#\">Voir Profil<\/a><\/td>\n    <\/tr>\n    <tr>\n       <td>ALLALI Mekhlouf<\/td>\n       <td>Doc<\/td>\n       <td>Membre<\/td>\n       <td><\/td>\n       <td><a href=\"#\">Voir Profil<\/a><\/td>\n    <\/tr>\n    <tr>\n       <td>BOUROUMEID Yassine  <\/td>\n       <td>Doc<\/td>\n       <td>Membre<\/td>\n       <td><\/td>\n       <td><a href=\"#\">Voir Profil<\/a><\/td>\n    <\/tr>\n    <tr>\n       <td>KHELIFI Elmabrouk  <\/td>\n       <td>Doc<\/td>\n       <td>Membre<\/td>\n       <td><\/td>\n       <td><a href=\"#\">Voir Profil<\/a><\/td>\n    <\/tr>\n    <tr>\n       <td>BELABED Meriem  <\/td>\n       <td>Doc<\/td>\n       <td>Membre<\/td>\n       <td><\/td>\n       <td><a href=\"#\">Voir Profil<\/a><\/td>\n    <\/tr>\n    <tr>\n       <td>Ghaitaoui Essama Ahmed<\/td>\n       <td>Doc<\/td>\n       <td>Membre<\/td>\n       <td><\/td>\n       <td><a href=\"#\">Voir Profil<\/a><\/td>\n    <\/tr>\n    \n    \n  <\/tbody>\n  \n<\/table>\t\t\t\t<\/div>\n\t\t\t\t<\/div>\n\t\t\t\t\t<\/div>\n\t\t\t\t<\/div>\n\t\t\t\t<\/div>\n\t\t","protected":false},"excerpt":{"rendered":"<p>Equipe3: R\u00e9seaux Electriques intelligence artificielle , Energies Renouvelables et Environnement (REIAERE) Th\u00e9matique\u00a0de l&rsquo;\u00e9quipe L&rsquo;\u00e9quipe REIAERE travaille sur quatre axes: \u00e9nergie photovoltaique, traitement de l&rsquo;eau par l&rsquo;ozone, m\u00e9thodes innovantes de diagnostic des transformateurs de puissance, ainsi que le pompage solaire. En collaboration avec l&rsquo;entreprise KCA Automobiles on a r\u00e9alis\u00e9 deux g\u00e9narateurs solaires de 340 Watts et [&hellip;]<\/p>\n","protected":false},"author":1,"featured_media":0,"parent":0,"menu_order":0,"comment_status":"closed","ping_status":"closed","template":"","meta":{"footnotes":""},"class_list":["post-755","page","type-page","status-publish","hentry","entry"],"_links":{"self":[{"href":"https:\/\/www.univ-sba.dz\/iceps\/wp-json\/wp\/v2\/pages\/755","targetHints":{"allow":["GET"]}}],"collection":[{"href":"https:\/\/www.univ-sba.dz\/iceps\/wp-json\/wp\/v2\/pages"}],"about":[{"href":"https:\/\/www.univ-sba.dz\/iceps\/wp-json\/wp\/v2\/types\/page"}],"author":[{"embeddable":true,"href":"https:\/\/www.univ-sba.dz\/iceps\/wp-json\/wp\/v2\/users\/1"}],"replies":[{"embeddable":true,"href":"https:\/\/www.univ-sba.dz\/iceps\/wp-json\/wp\/v2\/comments?post=755"}],"version-history":[{"count":46,"href":"https:\/\/www.univ-sba.dz\/iceps\/wp-json\/wp\/v2\/pages\/755\/revisions"}],"predecessor-version":[{"id":1262,"href":"https:\/\/www.univ-sba.dz\/iceps\/wp-json\/wp\/v2\/pages\/755\/revisions\/1262"}],"wp:attachment":[{"href":"https:\/\/www.univ-sba.dz\/iceps\/wp-json\/wp\/v2\/media?parent=755"}],"curies":[{"name":"wp","href":"https:\/\/api.w.org\/{rel}","templated":true}]}}