{"id":866,"date":"2025-06-26T11:31:15","date_gmt":"2025-06-26T09:31:15","guid":{"rendered":"http:\/\/localhost\/yacine_app\/irecom\/?page_id=866"},"modified":"2025-09-28T11:58:21","modified_gmt":"2025-09-28T09:58:21","slug":"production","status":"publish","type":"page","link":"https:\/\/www.univ-sba.dz\/iceps\/production\/","title":{"rendered":"production"},"content":{"rendered":"\t\t<div data-elementor-type=\"wp-page\" data-elementor-id=\"866\" class=\"elementor elementor-866\">\n\t\t\t\t<div class=\"elementor-element elementor-element-1a0f1dc e-flex e-con-boxed e-con e-parent\" data-id=\"1a0f1dc\" data-element_type=\"container\">\n\t\t\t\t\t<div class=\"e-con-inner\">\n\t\t<div class=\"elementor-element elementor-element-2c04249 e-con-full e-flex e-con e-child\" data-id=\"2c04249\" data-element_type=\"container\">\n\t\t\t\t<div class=\"elementor-element elementor-element-2438c12 elementor-widget elementor-widget-heading\" data-id=\"2438c12\" data-element_type=\"widget\" data-widget_type=\"heading.default\">\n\t\t\t\t<div class=\"elementor-widget-container\">\n\t\t\t\t\t<h3 class=\"elementor-heading-title elementor-size-default\">Publications A<\/h3>\t\t\t\t<\/div>\n\t\t\t\t<\/div>\n\t\t\t\t<\/div>\n\t\t<div class=\"elementor-element elementor-element-9bcff77 e-con-full e-flex e-con e-child\" data-id=\"9bcff77\" data-element_type=\"container\">\n\t\t\t\t<div class=\"elementor-element elementor-element-06b4fd5 elementor-widget elementor-widget-text-editor\" data-id=\"06b4fd5\" data-element_type=\"widget\" data-widget_type=\"text-editor.default\">\n\t\t\t\t<div class=\"elementor-widget-container\">\n\t\t\t\t\t\t\t\t\t<ol><li>Yassine Bouroumeid, Mokhtaria Jbilou, Seyf Eddine Bechekir , Said Nemmich,Essama Ahmed Ghaitaoui , Mostefa Brahami. Evaluation of the efficiency of grid-connected photovoltaic systems in Sidi Bel-Abbes, Algeria. International Journal of Power Electronics and Drive System (IJPEDS) Vol. 16, No. 1, June 2025, pp. ab~cd<br \/>ISSN: 2088-8694, DOI: 10.11591\/ijpeds.v16.i1.ppab-cd<\/li><li>Bechekir, S. E., Jbilou, M., Brahami, M., Boudjella, F. Z., Bousmaha, I. S., Oukli, M., &amp; Nemmich, S<strong>.<\/strong>(2025). Improving inverter efficiency for electric vehicles: Experimental validation of the neural network-based SHE technique using RT-LAB.\u00a0<em>ITEGAM-JETIA: Journal of Engineering and Technology for Industrial Applications,<br \/><\/em><a href=\"https:\/\/itegam-jetia.org\/journal\/index.php\/jetia\/article\/view\/1244\">https:\/\/itegam-jetia.org\/journal\/index.php\/jetia\/article\/view\/1244<\/a><p>Manaus, v.11 n.53, p. 29-35. May\/June., 2025 <br \/><u>DOI:https:\/\/doi.org\/10.5935\/jetia. v11i53.1244<\/u><\/p><\/li><li>Khelifi, E., Brahami, M.N., Bousmaha, I.S., Brahami M., Nemmich, S., Bechekir, S., Jbilou, M., Belabed, M.,\u00a0Optimization of ozone generator sizing and performance using response surface modeling and metaheuristic algorithms: a comparative study of HLOA and LCA.\u00a0<em> Korean Phys. Soc.<\/em>(28 mars 2025). <a href=\"https:\/\/doi.org\/10.1007\/s40042-025-01302-z\">https:\/\/doi.org\/10.1007\/s40042-025-01302-z<\/a> Cat\u00e9gorie A.<\/li><li>Hendel, M; Bousmaha, I.S; Meghnefi, F; Fofana, I; Brahami, M. An Intelligent Power Transformers Diagnostic System Based on Hierarchical Radial Basis Functions Improved by Linde Buzo Gray and Single-Layer Perceptron Algorithms. Energies 2024, 17, 3171 <a href=\"https:\/\/doi.org\/10.3390\/en17133171\">https:\/\/doi.org\/10.3390\/en17133171<\/a><a href=\"https:\/\/www.mdpi.com\/1996-1073\/17\/13\/3171\">https:\/\/www.mdpi.com\/1996-1073\/17\/13\/3171<\/a>\u00a0\u00a0 Cat\u00e9gorie A<\/li><li>Hendel, M., Kessairi, K., Brahami, M., Mansouri, A. (2024). A MLP neural network-based unified intelligent model for predicting short-gap breakdown voltages in air. Instrumentation Mesure M\u00e9trologie, Vol. 23, No. 3, pp. 205-215.<br \/><a href=\"https:\/\/doi.org\/10.18280\/i2m.230304\">https:\/\/doi.org\/10.18280\/i2m.230304<\/a> Cat\u00e9gorie A<\/li><li>M.N. Brahami, I.S. Bousmaha, S. Boudjella, FZ. Boudjella, M. Brahami. S.E. Bechekir, Khelifi El Mabrouk A new multilevel inverter topology, controlled by the pulse width and height modulation (PWHM) technique, with a reduced number of switches. PRZEGL\u0104D ELEKTROTECHNICZNY, ISSN 0033-2097, R. 100 NR 8\/2024.<\/li><li>Hendel, M.; Meghnefi, F.; Senoussaoui, M.E.A.; Fofana, I.; Brahami, M. Using Generic Direct M-SVM Model Improved by Kohonen Map and Dempster\u2013Shafer Theory to Enhance Power Transformers Diagnostic. Sustainability 2023, 15, 15453.<p>pp 1-23, ISSN 2071-1050 MDPI<br \/><a href=\"https:\/\/doi.org\/10.3390\/su152115453\">https:\/\/doi.org\/10.3390\/su152115453<\/a><\/p><\/li><li>Mohammed El Amine Senoussaoui, Mostefa Brahami, and Issouf Fofana. Transformer Oil Quality Assessment Using Random Forest with Feature Engineering. Energies MDPI, Energies 2021, 14, 1809. 1996-1073 MDPI, pp 1-19 <a href=\"https:\/\/doi.org\/10.3390\/en14071809\">https:\/\/doi.org\/10.3390\/en14071809<\/a> , <a href=\"https:\/\/www.mdpi.com\/1996-1073\/14\/7\/1809\/pdf\">https:\/\/www.mdpi.com\/1996-1073\/14\/7\/1809\/pdf<\/a><\/li><li>Mokhtar Benasla, Mouloud Dena\u00ef, Jun Liang, Tayeb Allaoui, Mostefa Brahami, Performance of wide-area power system stabilizers during major system upsets: investigation and proposal of solutions, Electrical Engineering, Published 03 January 2021, \u00a9 Springer-Verlag GmbH Germany, part of Springer Nature 2021 pp 1-15, ISSN 0948-7921, eISSN 1432-0487<br \/><a href=\"https:\/\/doi.org\/10.1007\/s00202-020-01168-3\">https:\/\/doi.org\/10.1007\/s00202-020-01168-3<\/a><\/li><li>Brahami MN, Boudjella FZ, Nemmich S, Tilmatine A, Hadjeri S, Brahami M Identifying Optimal Orientation Of A Photovoltaic Generator For Ozone Water Treatment\u201d Environmental Engineering and Management Journal, issue 12, Volume 19\/2020 pp 2241-2248, ISSN 1582-9596, eISSN 1843-3707 <a href=\"http:\/\/www.eemj.icpm.tuiasi.ro\/issues\/vol19\/vol19no12.htm\">http:\/\/www.eemj.icpm.tuiasi.ro\/issues\/vol19\/vol19no12.htm<\/a><\/li><\/ol>\t\t\t\t\t\t\t\t<\/div>\n\t\t\t\t<\/div>\n\t\t\t\t<\/div>\n\t\t<div class=\"elementor-element elementor-element-5a1627a e-con-full e-flex e-con e-child\" data-id=\"5a1627a\" data-element_type=\"container\">\n\t\t\t\t<div class=\"elementor-element elementor-element-b9c81e0 elementor-widget elementor-widget-heading\" data-id=\"b9c81e0\" data-element_type=\"widget\" data-widget_type=\"heading.default\">\n\t\t\t\t<div class=\"elementor-widget-container\">\n\t\t\t\t\t<h3 class=\"elementor-heading-title elementor-size-default\">Publications internationales B<\/h3>\t\t\t\t<\/div>\n\t\t\t\t<\/div>\n\t\t\t\t<\/div>\n\t\t<div class=\"elementor-element elementor-element-1fe1436 e-con-full e-flex e-con e-child\" data-id=\"1fe1436\" data-element_type=\"container\">\n\t\t\t\t<div class=\"elementor-element elementor-element-5ccb8ea elementor-widget elementor-widget-text-editor\" data-id=\"5ccb8ea\" data-element_type=\"widget\" data-widget_type=\"text-editor.default\">\n\t\t\t\t<div class=\"elementor-widget-container\">\n\t\t\t\t\t\t\t\t\t<ol><li>Bechekir, A. Zeghoudi, D. Ould-Abdeslam, M. Brahami, H. Slimani, A. Bendaoud, Development of a boost-inverter converter under electromagnetic compatibility stress equipping a photovoltaic generator. Electrical Engineering &amp; Electromechanics, sept\/2023, no. 5 Industrial Electronics, pp 14-19, ISSN 2074272X, eISSN 23093404<br \/><a href=\"https:\/\/doi.org\/10.20998\/2074-272X.2023.5.02\">https:\/\/doi.org\/10.20998\/2074-272X.2023.5.02<\/a><\/li><li>Imen Souhila Bousmaha, Seyf Eddine Bechekir, Djaffar Ould Abdeslam,Marref Mohammed Amine, Mokhtaria Jbilou, Mostefa Brahami SHEPWM in three-phase voltage source inverters by modifiedNewton\u2013Raphson. International Journal of Power Electronics and Drive Systems (IJPEDS) 14, No. 1, March 2023, pp. 25~40ISSN: 2088-8694, DOI: 10.11591\/ijpeds.v14.i1.pp25-40<a href=\"https:\/\/ijpeds.iaescore.com\/index.php\/IJPEDS\">https:\/\/ijpeds.iaescore.com\/index.php\/IJPEDS<\/a><\/li><li>Mokhtaria Jbilou, Said Nemmich, Kamel Nassour, Mohamed Nadjib Brahami, Mohamed Bouhmama, Mostafa Bahami, Amar Tilmatine, Ozonation of wastewater for irrigation in a plant powered by photovoltaic energy. J. Plasma Environ. Sci. Technol. 16 (2022) e01001 (10pp) DOI: 10.34343\/ijpest.2022.16.e01001 ISSN 18818692, eISSN 24350125, pp 1-10<br \/><u>http:\/\/ijpest.com\/Contents\/16\/1\/e01001.html<\/u><\/li><li>Fatima Zohra Boudjella, Fouad Boukli Hac\u00e8ne, Abdelhak Bouchakour, <strong>Most\u00e9fa Brahami<\/strong>&amp; Djaffar Ould-Abdeslam (2020): Simulation and realisation of a three-phase inverter controlled through sinus triangle and space vector pulse width modulation for photovoltaic systems, International Journal of Ambient Energy, Francis and Taylor, ISSN 0143-0750, eISSN 2162-8246, pp 1-9<br \/><a href=\"https:\/\/doi.org\/10.1080\/01430750.2020.1730953\">https:\/\/doi.org\/10.1080\/01430750.2020.1730953<\/a><\/li><\/ol>\t\t\t\t\t\t\t\t<\/div>\n\t\t\t\t<\/div>\n\t\t\t\t<\/div>\n\t\t<div class=\"elementor-element elementor-element-877a707 e-con-full e-flex e-con e-child\" data-id=\"877a707\" data-element_type=\"container\">\n\t\t\t\t<div class=\"elementor-element elementor-element-b4ba02d elementor-widget elementor-widget-heading\" data-id=\"b4ba02d\" data-element_type=\"widget\" data-widget_type=\"heading.default\">\n\t\t\t\t<div class=\"elementor-widget-container\">\n\t\t\t\t\t<h3 class=\"elementor-heading-title elementor-size-default\">Communications internationales<\/h3>\t\t\t\t<\/div>\n\t\t\t\t<\/div>\n\t\t\t\t<\/div>\n\t\t<div class=\"elementor-element elementor-element-0101cf3 e-con-full e-flex e-con e-child\" data-id=\"0101cf3\" data-element_type=\"container\">\n\t\t\t\t<div class=\"elementor-element elementor-element-bfbfc35 elementor-widget elementor-widget-text-editor\" data-id=\"bfbfc35\" data-element_type=\"widget\" data-widget_type=\"text-editor.default\">\n\t\t\t\t<div class=\"elementor-widget-container\">\n\t\t\t\t\t\t\t\t\t<ol>\n \t<li>Meriem Belabed, S. Bechekir, M.Jbilou, Nemmich Said, Mostefa Brahami, Mohammed Amine Marref. Development of a High frequency Power Source, dedicated to DBD reactors of Ozone Production, ICAEE 2024 November, 5-7 Sidi Bel Abb\u00e8s, Algeria. <strong>DOI:\u00a0<\/strong><a href=\"https:\/\/doi.org\/10.1109\/ICAEE61760.2024.10783339\">1109\/ICAEE61760.2024.10783339<\/a><\/li>\n \t<li>Belabed, S. Bechekir, M. Brahami, H. Bendaho, A. Brahimi And I. S. Bousmaha. Comparative analysis of MPPT algorithms: P&amp;O and Incfor optimizing PV systems. IC.AIRES 2O24. Eighth International Conference on Artificial Intelligence in Renewable Energetic Systems. Held on October 26-28, 2024 in Maison de l&rsquo;Environnement de Tipasa, Algeria<\/li>\n \t<li>Brahami, Optimizing Photovoltaic Solar Systems for Isolated Water Treatment<\/li>\n\nplant: A Hybrid Approach Combining Response Surface Methodology and Metaheuristic Algorithms. 3rd International Conference on Frontiers in Academic Research on 15-16 June in 2024 at Konya\/Turkey.\n\n \t<li>Brahami, Photovoltaic Solar System Optimization for a Water Treatment Plant in Remote Areas: Hippopotamus and Puma-Inspired Algorithms. 3rd International Conference on Frontiers in Academic Research on 15-16 June in 2024 at Konya\/Turkey.<\/li>\n \t<li>Boudjella Souhila, ME Senoussaoui, FZ Boudjella, DE Chaouch, MN Brahami, IS Bousmaha, M.Brahami, assessment of the health of the electrical transformer using the fusion of machines learning algorithms (decision tree and random forest). International conference on renewable energies and power systems ICREPS\u20192024, May, 13, 14, 2024 University center Salhi Ahmed, of Naama, Algeria. <a href=\"http:\/\/cuniv.-naama.dz\/icreps\">http:\/\/cuniv.-naama.dz\/icreps<\/a><\/li>\n \t<li>Sakina Behelil, Mounia Hendal, Mostefa Brahami, A modeling of different Schemses for electrical faults simulation in photovoltaic panels. International conference on renewable energies and power systems ICREPS\u20192024, May, 13, 14, 2024 University center Salhi Ahmed, of Naama, Algeria. <a href=\"http:\/\/cuniv.-naama.dz\/icreps\">http:\/\/cuniv.-naama.dz\/icreps<\/a><\/li>\n \t<li>Belabed Meriem, Bechekir Seyf Eddine, Bousmaha Imen Souhila, Elyamani Benmohamed Fayssal, Jbilou Mokhtaria, Mostefa Brahami. Modeling of PV systems and identification of electrical. Systems. IEEE 2nd INTERNATIONAL CONFERENCE ON ELECTRICAL ENGINEERING AND AUTOMATIC CONTROL IEEE ICEEAC 2024. 12-14 Mai 2024, Setif, Algeria Web site: <a href=\"https:\/\/iceeac23.univ-setif.dz\/\">https:\/\/iceeac23.univ-setif.dz\/<\/a>DOI: 10.1109\/ICEEAC61226.2024.1057661<\/li>\n \t<li>Boudjella Souhila MN Brahami, FZ Boudjella, S.Nemmich, A.Tilmatine, M.Brahami Water Treatment Using a Kit Consisting of Two Identical Series Ozone Generators Powered By a PV System, Designed For Isolated areas. Fist International conference on Advances in Electronics, Control and Computer Technologies October 25-26 2023 Mascara Algeria.<\/li>\n \t<li>Abdelkader Gourbi Mohamed Miloudi, Mostefa Brahami and Kadda Zemalache Meguenni Simulation of a Photovoltaic Diesel Battery Hybrid Power Supply System e first International Conference on Sustainable Energy and Advanced Materials IC-SEAM\u201921 April 21-22, 2021, Ouargla, ALGERIA<\/li>\n \t<li>Gourbi, M.Miloudi, <strong>M.Brahami<\/strong>, ZEMALACHE MEGUNNI Kadda Etude \u00e9nerg\u00e9tique d\u2019un syst\u00e8me photovolta\u00efque hybride <strong>S\u00e9minaire International Sur Les Sciences De La Mati\u00e8re (Physique Et Chimie) <\/strong><a href=\"https:\/\/www.aneau.org\/ajeau\/\"><strong>https:\/\/www.aneau.org\/ajeau\/<\/strong><\/a><\/li>\n\nAlgerian Journal of Engineering, Architecture and Urbanism le 22 Janvier 2021\n\n \t<li>GOURBI, M. Miloudi, <strong>M. Brahami<\/strong>, Analysis of hybrid photovoltaic system performance<strong>, <\/strong><em>Algerian Symposium on Renewable Energy and Materials<\/em><\/li>\n\n<em>ASREM2020, December 16-17, 2020 M\u00e9d\u00e9a- Algeria <\/em><a href=\"http:\/\/www.asrem2020.cf\/\">http:\/\/www.asrem2020.cf\/<\/a>\n\n \t<li>Jbilou, S.Nemmich, M.Brahami, A.Tilmatine, Opportunit\u00e9 d\u2019utiliser un syst\u00e8me photovolta\u00efque pour les sites isol\u00e9s en Alg\u00e9rie : application pour le stockage d\u2019aliments \u00e0 l&rsquo;ozone. The 6th Edition of the International Congress of Thermal Sciences AMT&rsquo;2020 Khouribga-Morocco 1<sup>st <\/sup>et 2<sup>nd<\/sup> December.<\/li>\n \t<li>Brahami Mohammed Nadjib, Boudjella Fatima Zohra, Karboua Abdelfettah, Nemmich Said, <strong>Brahami Mostefa,<\/strong> Identifying Optimal Orientation of a Photovoltaic Generator for Ozone Food Storage.8th Global Congress on Renewable Energy and Environment (REE 2020) Istanbul Nisantas\u0131 University Maslak, Sar\u0131yer, Istanbul, Turkey 20-22 November, 2020 <a href=\"https:\/\/www.globalcenter.info\/eswae\/?page_id=38\">https:\/\/www.globalcenter.info\/eswae\/?page_id=38<\/a><\/li>\n<\/ol>\t\t\t\t\t\t\t\t<\/div>\n\t\t\t\t<\/div>\n\t\t\t\t<\/div>\n\t\t<div class=\"elementor-element elementor-element-167acb0 e-con-full e-flex e-con e-child\" data-id=\"167acb0\" data-element_type=\"container\">\n\t\t\t\t<div class=\"elementor-element elementor-element-aa9a032 elementor-widget elementor-widget-heading\" data-id=\"aa9a032\" data-element_type=\"widget\" data-widget_type=\"heading.default\">\n\t\t\t\t<div class=\"elementor-widget-container\">\n\t\t\t\t\t<h3 class=\"elementor-heading-title elementor-size-default\">Journ\u00e9es doctorales<\/h3>\t\t\t\t<\/div>\n\t\t\t\t<\/div>\n\t\t\t\t<\/div>\n\t\t<div class=\"elementor-element elementor-element-6104402 e-con-full e-flex e-con e-child\" data-id=\"6104402\" data-element_type=\"container\">\n\t\t\t\t<div class=\"elementor-element elementor-element-7af6b1b elementor-widget elementor-widget-text-editor\" data-id=\"7af6b1b\" data-element_type=\"widget\" data-widget_type=\"text-editor.default\">\n\t\t\t\t<div class=\"elementor-widget-container\">\n\t\t\t\t\t\t\t\t\t<ol><li style=\"list-style-type: none;\"><ol><li>Khelifi, M.N. Brahami, I.S. Bousmaha, F.Z. Boudjella, M. Brahami, S. Bechekir, A. Elottri, B.E. Oulad Naoui, M. Jbilou. A Novel Approach to Enhance Ozone Generation Using RSM and WOA Algorithm. JDGE\u20192024, Cinqui\u00e8me Journ\u00e9es Doctorales de G\u00e9nie Electrique, 5-6 Novembre 2024 SBA.<\/li><li>Belabed, S. Bechekir, M. Brahami, M. N. Brahami, Y. Bouroumeid, M. Jbilou, S,Nemmich, I.S. Bousmaha. Design of a High Frequency High Voltage Source for a DBD Ozone Generator. JDGE\u20192024, Cinqui\u00e8me Journ\u00e9es Doctorales de G\u00e9nie Electrique, 5-6 Novembre 2024 SBA.<\/li><li>Bouroumeid Yassine, Jbilou mokhtaria, S.Bechekir, M. Brahami, S,Nemmich, M. Belabed, Ouled Naoui Brahim El Khalil, Ghaitaoui Essama. Analyse Technico-\u00e9conomique d\u2019un Syst\u00e8me Hybride (Photovoltaique\/Turbine Hydrocin\u00e9tique. JDGE\u20192024, Cinqui\u00e8me Journ\u00e9es Doctorales de G\u00e9nie Electrique, 5-6 Novembre 2024 SBA.<\/li><li>Y Bouroumeid M.Jbilou, SE Bechekir, M.Brahami Dimensioning of a Photovoltaic Pumping System for a Drip Irrigation System Aimed at Minimizing energy Losses, Quatri\u00e8mes Journ\u00e9es Doctorales, 28, 29 Novembre 2023, UDL SBA<br \/><a style=\"font-size: 16px; background-color: #ffffff;\" href=\"https:\/\/www.univ-sba.dz\/fge\/index.php\/fr\/jdge-2023\">https:\/\/www.univ-sba.dz\/fge\/index.php\/fr\/jdge-2023<\/a><\/li><li>Y Bouroumeid M.Jbilou, SE Bechekir, M.Brahami, Analyse Technico-\u00e9conomique d\u2019un syst\u00e8me D\u2019\u00e9nergie Hybride Hors R\u00e9seau \u00e0 SBA.<\/li><\/ol><\/li><\/ol><p>Quatri\u00e8mes Journ\u00e9es Doctorales, 28, 29 Novembre 2023, UDL SBA<br \/><a style=\"font-size: 16px; background-color: #ffffff;\" href=\"https:\/\/www.univ-sba.dz\/fge\/index.php\/fr\/jdge-2023\">https:\/\/www.univ-sba.dz\/fge\/index.php\/fr\/jdge-2023<\/a><\/p><ol><li>Belabed M, Bechekir SE, Jbilou M, Brahami MN, Brahami M Station de Traitement de l\u2019eau \u00e0 l\u2019Ozone pour les Zones Isol\u00e9es. Quatri\u00e8mes Journ\u00e9es Doctorales, 28, 29 Novembre 2023, UDL SBA.<br \/><a style=\"font-size: 16px; background-color: #ffffff;\" href=\"https:\/\/www.univ-sba.dz\/fge\/index.php\/fr\/jdge-2023\">https:\/\/www.univ-sba.dz\/fge\/index.php\/fr\/jdge-2023<\/a><\/li><\/ol>\t\t\t\t\t\t\t\t<\/div>\n\t\t\t\t<\/div>\n\t\t\t\t<\/div>\n\t\t<div class=\"elementor-element elementor-element-1dfc1cb e-con-full e-flex e-con e-child\" data-id=\"1dfc1cb\" data-element_type=\"container\">\n\t\t\t\t<div class=\"elementor-element elementor-element-75e7671 elementor-widget elementor-widget-heading\" data-id=\"75e7671\" data-element_type=\"widget\" data-widget_type=\"heading.default\">\n\t\t\t\t<div class=\"elementor-widget-container\">\n\t\t\t\t\t<h3 class=\"elementor-heading-title elementor-size-default\">Communications nationales<\/h3>\t\t\t\t<\/div>\n\t\t\t\t<\/div>\n\t\t\t\t<\/div>\n\t\t<div class=\"elementor-element elementor-element-e71792c e-con-full e-flex e-con e-child\" data-id=\"e71792c\" data-element_type=\"container\">\n\t\t\t\t<div class=\"elementor-element elementor-element-24c6ae6 elementor-widget elementor-widget-text-editor\" data-id=\"24c6ae6\" data-element_type=\"widget\" data-widget_type=\"text-editor.default\">\n\t\t\t\t<div class=\"elementor-widget-container\">\n\t\t\t\t\t\t\t\t\t<ol>\n \t<li>Boudjella Fatima Zohra, Boudjella Souhila, Brahami Mohamed Nadjib, Brahami Mostefa, Khelifi El Mabrouk, Messafeur Radjaa, Bousmaha imen Souhila. Transformer Monitoring with ML. FIRST NATIONAL CONFERENCE ON INNOVATION IN DATA ENGINEERING AND AI SCIENCE IDEAS\u20192025, USTO-MB Oran, juin 2025 On line.<\/li>\n \t<li>Boudjella Fatima Zohra, Boudjella Souhila, Brahami Mohamed Nadjib, Brahami Mostefa, Khelifi El Mabrouk, Messafeur Radjaa, Bousmaha imen Souhila. Optimization approach for power transformer diagnostic intelligent of dissolved gas analysis and machine learning. FIRST NATIONAL CONFERENCE ON INNOVATION IN DATA ENGINEERING AND AI SCIENCE IDEAS\u20192025 USTO-MB Oran, juin 2025 On line<\/li>\n \t<li>IS Bousmaha, Ghezouani A, M.Brahami, M.Hendel, SE.Bechekir, Simulation of a microgrid integrating renewlable energies and electrical vehicles: analysis of energy management. Fist national conference on smart Grid, Power and Applications (NCSGPA) December 04<sup>th<\/sup> 2024, Oran<\/li>\n \t<li>Ghezouani Abdelkader Bousmaha Imen Souhila, Brahami Mostefa, Boudjella Fatima Zohra, Brahami Mohamed Nadjib. Impact of integrating electric vehicles into a microgrid. National Conference of Applied Sciences and Engineering NCASE\u201924* held in November 17 and 18, 2024 and Organized by the Applied Sciences Laboratory (LSA) of the National Higher School of Advanced Technologies (ENSTA) Algiers, Algeria<\/li>\n \t<li>Belabed Meriem, S. Bechekir, M. Brahami, S. I. Bousmaha Comparison of MPPT Techniques: P&amp;O vs. Fuzzy Controllers for Optimizing of MPPT Techniques. The Second National Conference Of Materials Sciences And Renewable Energy (CMSRE24)November, 09-10 Th ,2024\/ Relizane, Algeria<\/li>\n \t<li>El Mabrouk Khelifi, Mohamed Nadjib Brahami, Imen Souhila Bousmaha, Fatima Zohra Boudjella, Mostefa Brahami, Seyf Eddine Bechekir, Ahmed Elottri, Oulad Naoui Brahim El Khalil, Mokhtaria Jbilou. Advanced Optimization Techniques for Ozone Generators: Integrating Response Surface Modeling with Secretary Bird Optimization. 3rd National Edition Seminar on Environment and sutainable Management. On December 8, 9, 2024 as online oral<\/li>\n \t<li>Imen Souhila Bousmaha, Abdelkader Ghezouani, Hicham Megnafi, MN Brahami, Khelifi El Mebrouk, M.Brahami, Energy management in a PV-batterie microgrid 2<sup>nd<\/sup> conference on renewable Energie, Photovoltaic Materiel And Devices, (NC-PEPVDM\u201924) University of Bechar-Tahri Mohamed, 17-18 Janvier 2024<\/li>\n\n&nbsp;\n\n \t<li>Khelifi El Mabrouk M.Brahami, Comparing Metaheuristic Algorithms for Enhanced Performance in Algeria\u2019s Adrar Power System Optimization in the presence of Wind Energy, Fist National conference of Materiels Sciences and Renewable energy CMSRE23 Nov 22-23, 2023 Relizane, Algeria<\/li>\n \t<li>FZ Boudjella, IS Bousmaha, MN Brahami, SE Bechekir, S.Boudjella, M.Brahami, Simulation et r\u00e9alisation d\u2019un onduleur triphas\u00e9 NPC \u00e0 trois niveaux command\u00e9 par la technique SHE, fist Energy alliance symposium Easy 2023, 03-04 jun 2023 in ECS Kol\u00e9a-Tipaza Algeria.<\/li>\n \t<li>Mokhtaria Jbilou, Said Nemmich, Nassour Kamel, Seyf Eddine B-echekir, Brahami Mostefa, Tilmatine amar. Ozonation of river water for irrigation powered by photovoltaic\/diesel hybrid system. 12 conf\u00e9rence national HT SBA 04 au 06 octobre 2022<\/li>\n \t<li>GOURBI, M. Miloudi, M. Brahami, Analysis of hybrid photovoltaic system performance Algerian Symposium on Renewable Energy and Materials ASREM2020, December 16-17, 2020 M\u00e9d\u00e9a- Algeria http:\/\/www.asrem2020.cf\/<\/li>\n<\/ol>\t\t\t\t\t\t\t\t<\/div>\n\t\t\t\t<\/div>\n\t\t\t\t<\/div>\n\t\t\t\t\t<\/div>\n\t\t\t\t<\/div>\n\t\t\t\t<\/div>\n\t\t","protected":false},"excerpt":{"rendered":"<p>Publications A Yassine Bouroumeid, Mokhtaria Jbilou, Seyf Eddine Bechekir , Said Nemmich,Essama Ahmed Ghaitaoui , Mostefa Brahami. Evaluation of the efficiency of grid-connected photovoltaic systems in Sidi Bel-Abbes, Algeria. International Journal of Power Electronics and Drive System (IJPEDS) Vol. 16, No. 1, June 2025, pp. ab~cdISSN: 2088-8694, DOI: 10.11591\/ijpeds.v16.i1.ppab-cd Bechekir, S. E., Jbilou, M., Brahami, [&hellip;]<\/p>\n","protected":false},"author":1,"featured_media":0,"parent":0,"menu_order":0,"comment_status":"closed","ping_status":"closed","template":"","meta":{"footnotes":""},"class_list":["post-866","page","type-page","status-publish","hentry","entry"],"_links":{"self":[{"href":"https:\/\/www.univ-sba.dz\/iceps\/wp-json\/wp\/v2\/pages\/866","targetHints":{"allow":["GET"]}}],"collection":[{"href":"https:\/\/www.univ-sba.dz\/iceps\/wp-json\/wp\/v2\/pages"}],"about":[{"href":"https:\/\/www.univ-sba.dz\/iceps\/wp-json\/wp\/v2\/types\/page"}],"author":[{"embeddable":true,"href":"https:\/\/www.univ-sba.dz\/iceps\/wp-json\/wp\/v2\/users\/1"}],"replies":[{"embeddable":true,"href":"https:\/\/www.univ-sba.dz\/iceps\/wp-json\/wp\/v2\/comments?post=866"}],"version-history":[{"count":52,"href":"https:\/\/www.univ-sba.dz\/iceps\/wp-json\/wp\/v2\/pages\/866\/revisions"}],"predecessor-version":[{"id":1366,"href":"https:\/\/www.univ-sba.dz\/iceps\/wp-json\/wp\/v2\/pages\/866\/revisions\/1366"}],"wp:attachment":[{"href":"https:\/\/www.univ-sba.dz\/iceps\/wp-json\/wp\/v2\/media?parent=866"}],"curies":[{"name":"wp","href":"https:\/\/api.w.org\/{rel}","templated":true}]}}