{"id":669,"date":"2025-06-22T11:04:47","date_gmt":"2025-06-22T09:04:47","guid":{"rendered":"http:\/\/localhost\/yacine_app\/lecm\/?page_id=669"},"modified":"2025-09-03T11:50:57","modified_gmt":"2025-09-03T09:50:57","slug":"equipe2","status":"publish","type":"page","link":"https:\/\/www.univ-sba.dz\/irecom\/equipe2\/","title":{"rendered":"Equipe2"},"content":{"rendered":"\t\t<div data-elementor-type=\"wp-page\" data-elementor-id=\"669\" class=\"elementor elementor-669\">\n\t\t\t\t<div class=\"elementor-element elementor-element-b5e5abb e-con-full e-flex e-con e-parent\" data-id=\"b5e5abb\" data-element_type=\"container\">\n\t\t\t\t<div class=\"elementor-element elementor-element-c15eaaa elementor-widget elementor-widget-image\" data-id=\"c15eaaa\" data-element_type=\"widget\" data-widget_type=\"image.default\">\n\t\t\t\t<div class=\"elementor-widget-container\">\n\t\t\t\t\t\t\t\t\t\t\t\t\t\t\t<img fetchpriority=\"high\" decoding=\"async\" width=\"1905\" height=\"425\" src=\"https:\/\/www.univ-sba.dz\/irecom\/wp-content\/uploads\/2025\/06\/baniere.png\" class=\"attachment-full size-full wp-image-745\" alt=\"\" srcset=\"https:\/\/www.univ-sba.dz\/irecom\/wp-content\/uploads\/2025\/06\/baniere.png 1905w, https:\/\/www.univ-sba.dz\/irecom\/wp-content\/uploads\/2025\/06\/baniere-300x67.png 300w, https:\/\/www.univ-sba.dz\/irecom\/wp-content\/uploads\/2025\/06\/baniere-1024x228.png 1024w, https:\/\/www.univ-sba.dz\/irecom\/wp-content\/uploads\/2025\/06\/baniere-768x171.png 768w, https:\/\/www.univ-sba.dz\/irecom\/wp-content\/uploads\/2025\/06\/baniere-1536x343.png 1536w\" sizes=\"(max-width: 1905px) 100vw, 1905px\" \/>\t\t\t\t\t\t\t\t\t\t\t\t\t\t\t<\/div>\n\t\t\t\t<\/div>\n\t\t\t\t<\/div>\n\t\t<div class=\"elementor-element elementor-element-b8bf84a e-flex e-con-boxed e-con e-parent\" data-id=\"b8bf84a\" data-element_type=\"container\">\n\t\t\t\t\t<div class=\"e-con-inner\">\n\t\t\t\t<div class=\"elementor-element elementor-element-8cf33b8 elementor-widget elementor-widget-heading\" data-id=\"8cf33b8\" data-element_type=\"widget\" data-widget_type=\"heading.default\">\n\t\t\t\t<div class=\"elementor-widget-container\">\n\t\t\t\t\t<h3 class=\"elementor-heading-title elementor-size-default\"><b><span style=\"font-size:12.0pt;,serif\">\u00c9quipe 2<\/span><\/b><span style=\"font-size:12.0pt;,serif\"> : <i>R\u00e9seaux \u00c9lectriques \u2013 Association Convertisseurs - Machines <b>(REACM)<\/b><\/i><b>, <\/b>dirig\u00e9e par le Pr. BENHAMIDA Farid<\/span><\/h3>\t\t\t\t<\/div>\n\t\t\t\t<\/div>\n\t\t\t\t<div class=\"elementor-element elementor-element-0ecd921 elementor-widget elementor-widget-text-editor\" data-id=\"0ecd921\" data-element_type=\"widget\" data-widget_type=\"text-editor.default\">\n\t\t\t\t<div class=\"elementor-widget-container\">\n\t\t\t\t\t\t\t\t\t<p><strong>Th\u00e9matique\u00a0de l\u2019\u00e9quipe 2<\/strong><\/p><p>\u00a0<\/p><p>Les membres de l\u2019\u00e9quipe : R\u00e9seaux Electrique- Commandes \u00e9lectriques- Association convertisseurs \u2013 Machines (REACM) focalisent actuellement leurs travaux de recherches sur la recherche des mod\u00e8les de substitution les plus appropri\u00e9s \u00e0 l\u2019ensemble Association convertisseurs &#8211; Machines (mod\u00e9lisations optimisation, Design and Analysis of Computer Experiments) aussi sur\u00a0 le d\u00e9veloppement des outils d\u2019analyse et contr\u00f4le des\u00a0 r\u00e9seaux \u00e9lectriques hybrides (conventionnel-renouvelable), en essayant de r\u00e9soudre les diff\u00e9rents probl\u00e8mes techniques et \u00e9conomiques du r\u00e9seau \u00e9lectrique hybride.<\/p>\t\t\t\t\t\t\t\t<\/div>\n\t\t\t\t<\/div>\n\t\t\t\t<div class=\"elementor-element elementor-element-528fa58 elementor-widget elementor-widget-heading\" data-id=\"528fa58\" data-element_type=\"widget\" data-widget_type=\"heading.default\">\n\t\t\t\t<div class=\"elementor-widget-container\">\n\t\t\t\t\t<h3 class=\"elementor-heading-title elementor-size-default\">Liste exhaustive des membres de l\u2019\u00e9quipe2<\/h3>\t\t\t\t<\/div>\n\t\t\t\t<\/div>\n\t\t\t\t<div class=\"elementor-element elementor-element-4c8dc5a elementor-widget elementor-widget-html\" data-id=\"4c8dc5a\" data-element_type=\"widget\" data-widget_type=\"html.default\">\n\t\t\t\t<div class=\"elementor-widget-container\">\n\t\t\t\t\t<table class=\"mon-tableau\">\n  \n  <thead>\n    <tr>\n      <th scope=\"col\">Nom et pr\u00e9nom<\/th>\n      <th scope=\"col\">Grade<\/th>\n      <th scope=\"col\">Qualit\u00e9<\/th>\n      <th scope=\"col\">Domaine<\/th>\n      <th scope=\"col\">Profil<\/th>\n    <\/tr>\n  <\/thead>\n  <tbody>\n    <tr>\n       <td>BENHAMIDA Farid<\/td>\n       <td>Prof<\/td>\n       <td>Chef<\/td>\n       <td><\/td>\n       <td><a href=\"https:\/\/www.univ-sba.dz\/irecom\/profil- BENHAMIDA\/\">Voir Profil<\/a><\/td>\n    <\/tr>\n    <tr>\n       <td>RAMI Abdelkader<\/td>\n       <td>MCA<\/td>\n       <td>Membre<\/td>\n       <td><\/td>\n       <td><a href=\"http:\/\/localhost\/yacine_app\/lecm\/profil1\/\">Voir Profil<\/a><\/td>\n    <\/tr>\n    <tr>\n       <td>BLAHA Lahcen<\/td>\n       <td>MCA<\/td>\n       <td>Membre<\/td>\n       <td><\/td>\n       <td><a href=\"#\">Voir Profil<\/a><\/td>\n    <\/tr>\n    <tr>\n       <td>Blakhdar meriem<\/td>\n       <td>DOC<\/td>\n       <td>Membre<\/td>\n       <td><\/td>\n       <td><a href=\"#\">Voir Profil<\/a><\/td>\n    <\/tr>\n    <tr>\n       <td><\/td>\n       <td><\/td>\n       <td><\/td>\n       <td><\/td>\n       <td><a href=\"#\">Voir Profil<\/a><\/td>\n    <\/tr>\n    <tr>\n       <td><\/td>\n       <td><\/td>\n       <td><\/td>\n       <td><\/td>\n       <td><a href=\"#\">Voir Profil<\/a><\/td>\n    <\/tr>\n    <tr>\n       <td>ALI-DAHMANE Mohamed<\/td>\n       <td>DOC<\/td>\n       <td>Membre<\/td>\n       <td><\/td>\n       <td><a href=\"#\">Voir Profil<\/a><\/td>\n    <\/tr>\n    <tr>\n       <td>BELHACHEM Rachid<\/td>\n       <td>DOC<\/td>\n       <td>Membre<\/td>\n       <td><\/td>\n       <td><a href=\"#\">Voir Profil<\/a><\/td>\n    <\/tr>\n    <tr>\n       <td>HABA Mekki<\/td>\n       <td>DOC<\/td>\n       <td>Membre<\/td>\n       <td><\/td>\n       <td><a href=\"#\">Voir Profil<\/a><\/td>\n    <\/tr>\n    <tr>\n       <td>ZEGGAI Amine<\/td>\n       <td>DOC<\/td>\n       <td>Membre<\/td>\n       <td><\/td>\n       <td><a href=\"#\">Voir Profil<\/a><\/td>\n    <\/tr>\n    <tr>\n       <td><\/td>\n       <td><\/td>\n       <td><\/td>\n       <td><\/td>\n       <td><a href=\"#\">Voir Profil<\/a><\/td>\n    <\/tr>\n    \n  <\/tbody>\n  \n<\/table>\t\t\t\t<\/div>\n\t\t\t\t<\/div>\n\t\t\t\t\t<\/div>\n\t\t\t\t<\/div>\n\t\t\t\t<\/div>\n\t\t","protected":false},"excerpt":{"rendered":"<p>\u00c9quipe 2 : R\u00e9seaux \u00c9lectriques \u2013 Association Convertisseurs &#8211; Machines (REACM), dirig\u00e9e par le Pr. BENHAMIDA Farid Th\u00e9matique\u00a0de l\u2019\u00e9quipe 2 \u00a0 Les membres de l\u2019\u00e9quipe : R\u00e9seaux Electrique- Commandes \u00e9lectriques- Association convertisseurs \u2013 Machines (REACM) focalisent actuellement leurs travaux de recherches sur la recherche des mod\u00e8les de substitution les plus appropri\u00e9s \u00e0 l\u2019ensemble Association convertisseurs [&hellip;]<\/p>\n","protected":false},"author":1,"featured_media":0,"parent":0,"menu_order":0,"comment_status":"closed","ping_status":"closed","template":"","meta":{"footnotes":""},"class_list":["post-669","page","type-page","status-publish","hentry","entry"],"_links":{"self":[{"href":"https:\/\/www.univ-sba.dz\/irecom\/wp-json\/wp\/v2\/pages\/669","targetHints":{"allow":["GET"]}}],"collection":[{"href":"https:\/\/www.univ-sba.dz\/irecom\/wp-json\/wp\/v2\/pages"}],"about":[{"href":"https:\/\/www.univ-sba.dz\/irecom\/wp-json\/wp\/v2\/types\/page"}],"author":[{"embeddable":true,"href":"https:\/\/www.univ-sba.dz\/irecom\/wp-json\/wp\/v2\/users\/1"}],"replies":[{"embeddable":true,"href":"https:\/\/www.univ-sba.dz\/irecom\/wp-json\/wp\/v2\/comments?post=669"}],"version-history":[{"count":55,"href":"https:\/\/www.univ-sba.dz\/irecom\/wp-json\/wp\/v2\/pages\/669\/revisions"}],"predecessor-version":[{"id":1262,"href":"https:\/\/www.univ-sba.dz\/irecom\/wp-json\/wp\/v2\/pages\/669\/revisions\/1262"}],"wp:attachment":[{"href":"https:\/\/www.univ-sba.dz\/irecom\/wp-json\/wp\/v2\/media?parent=669"}],"curies":[{"name":"wp","href":"https:\/\/api.w.org\/{rel}","templated":true}]}}