{"id":7,"date":"2025-05-28T15:36:36","date_gmt":"2025-05-28T13:36:36","guid":{"rendered":"http:\/\/localhost\/yacine_app\/lecm\/?page_id=7"},"modified":"2025-07-14T12:35:01","modified_gmt":"2025-07-14T10:35:01","slug":"accueil","status":"publish","type":"page","link":"https:\/\/www.univ-sba.dz\/irecom\/","title":{"rendered":"Accueil"},"content":{"rendered":"\t\t<div data-elementor-type=\"wp-page\" data-elementor-id=\"7\" class=\"elementor elementor-7\">\n\t\t\t\t<div class=\"elementor-element elementor-element-a9f61f4 e-con-full e-flex e-con e-parent\" data-id=\"a9f61f4\" data-element_type=\"container\">\n\t\t\t\t<div class=\"elementor-element elementor-element-3299e4b e-transform elementor-arrows-position-inside elementor-pagination-position-outside elementor-widget elementor-widget-image-carousel\" data-id=\"3299e4b\" data-element_type=\"widget\" data-settings=\"{&quot;slides_to_show&quot;:&quot;1&quot;,&quot;navigation&quot;:&quot;both&quot;,&quot;autoplay&quot;:&quot;yes&quot;,&quot;pause_on_hover&quot;:&quot;yes&quot;,&quot;pause_on_interaction&quot;:&quot;yes&quot;,&quot;autoplay_speed&quot;:5000,&quot;infinite&quot;:&quot;yes&quot;,&quot;effect&quot;:&quot;slide&quot;,&quot;speed&quot;:500,&quot;_transform_skewX_effect&quot;:{&quot;unit&quot;:&quot;px&quot;,&quot;size&quot;:&quot;&quot;,&quot;sizes&quot;:[]},&quot;_transform_skewX_effect_tablet&quot;:{&quot;unit&quot;:&quot;deg&quot;,&quot;size&quot;:&quot;&quot;,&quot;sizes&quot;:[]},&quot;_transform_skewX_effect_mobile&quot;:{&quot;unit&quot;:&quot;deg&quot;,&quot;size&quot;:&quot;&quot;,&quot;sizes&quot;:[]},&quot;_transform_skewY_effect&quot;:{&quot;unit&quot;:&quot;px&quot;,&quot;size&quot;:&quot;&quot;,&quot;sizes&quot;:[]},&quot;_transform_skewY_effect_tablet&quot;:{&quot;unit&quot;:&quot;deg&quot;,&quot;size&quot;:&quot;&quot;,&quot;sizes&quot;:[]},&quot;_transform_skewY_effect_mobile&quot;:{&quot;unit&quot;:&quot;deg&quot;,&quot;size&quot;:&quot;&quot;,&quot;sizes&quot;:[]}}\" data-widget_type=\"image-carousel.default\">\n\t\t\t\t<div class=\"elementor-widget-container\">\n\t\t\t\t\t\t\t<div class=\"elementor-image-carousel-wrapper swiper\" role=\"region\" aria-roledescription=\"carousel\" aria-label=\"Carrousel d\u2019images\" dir=\"ltr\">\n\t\t\t<div class=\"elementor-image-carousel swiper-wrapper swiper-image-stretch\" aria-live=\"off\">\n\t\t\t\t\t\t\t\t<div class=\"swiper-slide\" role=\"group\" aria-roledescription=\"slide\" aria-label=\"1 sur 2\"><figure class=\"swiper-slide-inner\"><img decoding=\"async\" class=\"swiper-slide-image\" src=\"https:\/\/www.univ-sba.dz\/irecom\/wp-content\/uploads\/2025\/06\/essai1.png\" alt=\"essai1\" \/><\/figure><\/div><div class=\"swiper-slide\" role=\"group\" aria-roledescription=\"slide\" aria-label=\"2 sur 2\"><figure class=\"swiper-slide-inner\"><img decoding=\"async\" class=\"swiper-slide-image\" src=\"https:\/\/www.univ-sba.dz\/irecom\/wp-content\/uploads\/2025\/06\/essai2.png\" alt=\"essai2\" \/><\/figure><\/div>\t\t\t<\/div>\n\t\t\t\t\t\t\t\t\t\t\t\t<div class=\"elementor-swiper-button elementor-swiper-button-prev\" role=\"button\" tabindex=\"0\">\n\t\t\t\t\t\t<svg aria-hidden=\"true\" class=\"e-font-icon-svg e-eicon-chevron-left\" viewBox=\"0 0 1000 1000\" xmlns=\"http:\/\/www.w3.org\/2000\/svg\"><path d=\"M646 125C629 125 613 133 604 142L308 442C296 454 292 471 292 487 292 504 296 521 308 533L604 854C617 867 629 875 646 875 663 875 679 871 692 858 704 846 713 829 713 812 713 796 708 779 692 767L438 487 692 225C700 217 708 204 708 187 708 171 704 154 692 142 675 129 663 125 646 125Z\"><\/path><\/svg>\t\t\t\t\t<\/div>\n\t\t\t\t\t<div class=\"elementor-swiper-button elementor-swiper-button-next\" role=\"button\" tabindex=\"0\">\n\t\t\t\t\t\t<svg aria-hidden=\"true\" class=\"e-font-icon-svg e-eicon-chevron-right\" viewBox=\"0 0 1000 1000\" xmlns=\"http:\/\/www.w3.org\/2000\/svg\"><path d=\"M696 533C708 521 713 504 713 487 713 471 708 454 696 446L400 146C388 133 375 125 354 125 338 125 325 129 313 142 300 154 292 171 292 187 292 204 296 221 308 233L563 492 304 771C292 783 288 800 288 817 288 833 296 850 308 863 321 871 338 875 354 875 371 875 388 867 400 854L696 533Z\"><\/path><\/svg>\t\t\t\t\t<\/div>\n\t\t\t\t\n\t\t\t\t\t\t\t\t\t<div class=\"swiper-pagination\"><\/div>\n\t\t\t\t\t\t\t\t\t<\/div>\n\t\t\t\t\t\t<\/div>\n\t\t\t\t<\/div>\n\t\t\t\t<\/div>\n\t\t<div class=\"elementor-element elementor-element-a264324 e-con-full e-flex e-con e-parent\" data-id=\"a264324\" data-element_type=\"container\">\n\t\t<div class=\"elementor-element elementor-element-9db8e20 e-con-full e-flex e-con e-child\" data-id=\"9db8e20\" data-element_type=\"container\">\n\t\t\t\t<div class=\"elementor-element elementor-element-1c2e40e elementor-widget elementor-widget-image\" data-id=\"1c2e40e\" data-element_type=\"widget\" data-widget_type=\"image.default\">\n\t\t\t\t<div class=\"elementor-widget-container\">\n\t\t\t\t\t\t\t\t\t\t\t\t\t\t\t<img fetchpriority=\"high\" decoding=\"async\" width=\"720\" height=\"480\" src=\"https:\/\/www.univ-sba.dz\/irecom\/wp-content\/uploads\/2025\/07\/FB_IMG_17513904001441.jpg\" class=\"attachment-large size-large wp-image-1020\" alt=\"\" srcset=\"https:\/\/www.univ-sba.dz\/irecom\/wp-content\/uploads\/2025\/07\/FB_IMG_17513904001441.jpg 720w, https:\/\/www.univ-sba.dz\/irecom\/wp-content\/uploads\/2025\/07\/FB_IMG_17513904001441-300x200.jpg 300w\" sizes=\"(max-width: 720px) 100vw, 720px\" \/>\t\t\t\t\t\t\t\t\t\t\t\t\t\t\t<\/div>\n\t\t\t\t<\/div>\n\t\t\t\t<\/div>\n\t\t<div class=\"elementor-element elementor-element-47adcaf e-con-full e-flex e-con e-child\" data-id=\"47adcaf\" data-element_type=\"container\">\n\t\t\t\t<div class=\"elementor-element elementor-element-84e09e2 elementor-invisible elementor-widget elementor-widget-heading\" data-id=\"84e09e2\" data-element_type=\"widget\" data-settings=\"{&quot;_animation&quot;:&quot;zoomIn&quot;}\" data-widget_type=\"heading.default\">\n\t\t\t\t<div class=\"elementor-widget-container\">\n\t\t\t\t\t<h3 class=\"elementor-heading-title elementor-size-default\">Mot de Directeur du Laboratoire de Recherche IRECOM<\/h3>\t\t\t\t<\/div>\n\t\t\t\t<\/div>\n\t\t\t\t<div class=\"elementor-element elementor-element-03a442e elementor-widget elementor-widget-heading\" data-id=\"03a442e\" data-element_type=\"widget\" data-widget_type=\"heading.default\">\n\t\t\t\t<div class=\"elementor-widget-container\">\n\t\t\t\t\t<h2 class=\"elementor-heading-title elementor-size-default\">Directeur du laboratoire : Pr. ABID Mohamed<\/h2>\t\t\t\t<\/div>\n\t\t\t\t<\/div>\n\t\t\t\t<div class=\"elementor-element elementor-element-8656a1b elementor-widget elementor-widget-text-editor\" data-id=\"8656a1b\" data-element_type=\"widget\" data-widget_type=\"text-editor.default\">\n\t\t\t\t<div class=\"elementor-widget-container\">\n\t\t\t\t\t\t\t\t\t<ul><li><span style=\"font-size: 14px;\">Le laboratoire \u00ab\u00a0Interaction R\u00e9seaux Electriques Convertisseurs Machines\u00a0\u00bb (IRECOM) a \u00e9t\u00e9 agr\u00e9\u00e9 par Arr\u00eat\u00e9 N\u00b0 88 du 25\/07\/2000.<\/span><\/li><\/ul><p style=\"margin-bottom: 8.0pt; line-height: 115%;\">Le laboratoire IRECOM est une entit\u00e9 de recherche dont les activit\u00e9s s\u2019articulent autour des objectifs de recherche scientifique aussi vari\u00e9s\u00a0:<\/p><p style=\"margin-bottom: 8.0pt; line-height: 115%;\"><b>Objectifs 1:<\/b><\/p><p style=\"margin-bottom: 8.0pt; line-height: 115%;\">\u2022 R\u00e9pondre aux besoins de l\u2019industrie du recyclage des DEEE en utilisant la s\u00e9paration \u00e9lectrostatique.<\/p><p style=\"margin-bottom: 8.0pt; line-height: 115%;\">\u2022 Mener des recherches sur la technique de s\u00e9paration \u00e9lectrostatique des mat\u00e9riaux plastiques granulaires et les m\u00e9canismes de charge impliqu\u00e9s.<\/p><p style=\"margin-bottom: 8.0pt; line-height: 115%;\">\u2022 Concevoir des installations innovantes dans le domaine du chargement tribo\u00e9lectrique et de la s\u00e9paration \u00e9lectrostatique.<\/p><p style=\"margin-bottom: 8.0pt; line-height: 115%;\">\u2022 Concevoir et mettre en marche des dispositifs \u00e9lectrostatiques (prototypes de laboratoire) tels que des chargeurs tribo\u00e9lectriques, des chargeurs \u00e0 d\u00e9charge \u00e9lectrique, des neutralisateurs \u00e0 courant alternatif, et des \u00e9lectro-s\u00e9parateurs pour diff\u00e9rentes tailles de particules.<\/p><p style=\"margin-bottom: 8.0pt; line-height: 115%;\">\u2022 R\u00e9aliser et mettre en marche des prototypes semi-industriels.<\/p><p><span style=\"font-size: 14px;\">\u2022\u00a0<\/span><span style=\"font-size: 14px;\">Valoriser l\u2019\u00e9conomie nationale en d\u00e9veloppant l&rsquo;industrie du recyclage.<\/span><span style=\"font-size: 14px;\">.<\/span><\/p><div><p style=\"margin-bottom: 8.0pt; line-height: 115%;\"><b>Objectifs 2 :<\/b><\/p><p style=\"margin-bottom: 8.0pt; line-height: 115%;\">\u2022 Identifier les mod\u00e8les de substitution les plus appropri\u00e9s pour l\u2019ensemble Association convertisseurs &#8211; Machines, en utilisant des techniques de mod\u00e9lisation, optimisation, et Design and Analysis of Computer Experiments.<\/p><p style=\"margin-bottom: 8.0pt; line-height: 115%;\">\u2022 D\u00e9velopper des outils d\u2019analyse et de contr\u00f4le pour les r\u00e9seaux \u00e9lectriques hybrides, combinant sources conventionnelles et renouvelables.<\/p><p style=\"margin-bottom: 8.0pt; line-height: 115%;\">\u2022 R\u00e9soudre les probl\u00e8mes techniques et \u00e9conomiques li\u00e9s aux r\u00e9seaux \u00e9lectriques hybrides.<\/p><p style=\"margin-bottom: 8.0pt; line-height: 115%;\"><b>Objectifs 3 :<\/b><\/p><p style=\"margin-bottom: 8.0pt; line-height: 115%;\">\u2022 D\u00e9velopper des mod\u00e8les pour le dimensionnement et l&rsquo;\u00e9valuation de l&rsquo;impact des syst\u00e8mes d&rsquo;\u00e9nergie renouvelable (ENR) sur le syst\u00e8me \u00e9lectrique.<\/p><p style=\"margin-bottom: 8.0pt; line-height: 115%;\">\u2022 Concevoir des m\u00e9thodes de contr\u00f4le et d&rsquo;optimisation qui tiennent compte des incertitudes inh\u00e9rentes aux syst\u00e8mes renouvelables et variables.<\/p><p style=\"margin-bottom: 8.0pt; line-height: 115%;\">\u2022 Int\u00e9grer des contr\u00f4les avanc\u00e9s au sein des syst\u00e8mes d&rsquo;information pour am\u00e9liorer la gestion et la performance des syst\u00e8mes \u00e9lectriques.<\/p><p>L\u2019activit\u00e9 du laboratoire est essentiellement tourn\u00e9e vers la recherche-formation aussi bien que vers la r\u00e9alisation de projets de recherche PRFU et de projets PNR en essayant d\u2019y associer le milieu industriel par la proposition d&rsquo;insertion des techniques d\u00e9velopp\u00e9es par les quatre \u00e9quipes.<\/p><\/div>\t\t\t\t\t\t\t\t<\/div>\n\t\t\t\t<\/div>\n\t\t\t\t<\/div>\n\t\t\t\t<\/div>\n\t\t<div class=\"elementor-element elementor-element-ba1635b e-con-full e-flex e-con e-parent\" data-id=\"ba1635b\" data-element_type=\"container\">\n\t\t<div class=\"elementor-element elementor-element-a8b8028 e-con-full e-flex e-con e-child\" data-id=\"a8b8028\" data-element_type=\"container\">\n\t\t\t\t<div class=\"elementor-element elementor-element-86b0292 elementor-widget elementor-widget-image\" data-id=\"86b0292\" data-element_type=\"widget\" data-widget_type=\"image.default\">\n\t\t\t\t<div class=\"elementor-widget-container\">\n\t\t\t\t\t\t\t\t\t\t\t\t\t\t\t<img decoding=\"async\" width=\"1024\" height=\"357\" src=\"https:\/\/www.univ-sba.dz\/irecom\/wp-content\/uploads\/2025\/06\/fac-fge1_2009x700-1024x357.jpg\" class=\"attachment-large size-large wp-image-112\" alt=\"\" srcset=\"https:\/\/www.univ-sba.dz\/irecom\/wp-content\/uploads\/2025\/06\/fac-fge1_2009x700-1024x357.jpg 1024w, https:\/\/www.univ-sba.dz\/irecom\/wp-content\/uploads\/2025\/06\/fac-fge1_2009x700-300x105.jpg 300w, https:\/\/www.univ-sba.dz\/irecom\/wp-content\/uploads\/2025\/06\/fac-fge1_2009x700-768x268.jpg 768w, https:\/\/www.univ-sba.dz\/irecom\/wp-content\/uploads\/2025\/06\/fac-fge1_2009x700-1536x535.jpg 1536w, https:\/\/www.univ-sba.dz\/irecom\/wp-content\/uploads\/2025\/06\/fac-fge1_2009x700.jpg 2009w\" sizes=\"(max-width: 1024px) 100vw, 1024px\" \/>\t\t\t\t\t\t\t\t\t\t\t\t\t\t\t<\/div>\n\t\t\t\t<\/div>\n\t\t\t\t<\/div>\n\t\t<div class=\"elementor-element elementor-element-f3fa87b e-con-full e-flex e-con e-child\" data-id=\"f3fa87b\" data-element_type=\"container\">\n\t\t\t\t<div class=\"elementor-element elementor-element-064ae1a elementor-invisible elementor-widget elementor-widget-heading\" data-id=\"064ae1a\" data-element_type=\"widget\" data-settings=\"{&quot;_animation&quot;:&quot;zoomIn&quot;}\" data-widget_type=\"heading.default\">\n\t\t\t\t<div class=\"elementor-widget-container\">\n\t\t\t\t\t<h3 class=\"elementor-heading-title elementor-size-default\">Pr\u00e9sentation du Laboratoire de Recherche IRECOM<\/h3>\t\t\t\t<\/div>\n\t\t\t\t<\/div>\n\t\t\t\t<div class=\"elementor-element elementor-element-00a60d3 elementor-widget elementor-widget-text-editor\" data-id=\"00a60d3\" data-element_type=\"widget\" data-widget_type=\"text-editor.default\">\n\t\t\t\t<div class=\"elementor-widget-container\">\n\t\t\t\t\t\t\t\t\t<p>Le laboratoire \u00ab\u00a0Interaction R\u00e9seaux Electriques Convertisseurs Machines\u00a0\u00bb (IRECOM) a \u00e9t\u00e9 agr\u00e9\u00e9 par Arr\u00eat\u00e9 N\u00b0 88 du 25\/07\/2000.<\/p><p>Il est compos\u00e9 de quatre \u00e9quipes de recherche \u00e0 savoir :<br \/><strong>\u00c9quipe 1<\/strong> : \u00c9lectrostatique et M\u00e9thodologie, dirig\u00e9e par le Pr. AKSA Wessim.<br \/><strong>\u00c9quipe 2<\/strong> : Commande \u00c9lectrique \u2013 Chargement Tribo\u00e9lectrique et S\u00e9paration \u00c9lectrostatique (CECTSE), dirig\u00e9e par le Pr. ABID Mohamed.<br \/><strong>\u00c9quipe 3<\/strong> : R\u00e9seaux \u00c9lectriques \u2013 Association Convertisseurs &#8211; Machines (REACM), dirig\u00e9e par le Pr. BENHAMIDA Farid.<br \/><strong>\u00c9quipe 4<\/strong> : \u00c9nergie Nouvelle et Intelligence Artificielle, dirig\u00e9e par le Pr. NACERI Abdellatif.<\/p><p>L\u2019activit\u00e9 du laboratoire est essentiellement ax\u00e9e sur la recherche-formation, tout en s\u2019investissant dans la r\u00e9alisation de projets de recherche tels que les PRFU et les PNR. Nous veillons \u00e0 y associer le milieu industriel, notamment par la proposition de l\u2019int\u00e9gration des techniques d\u00e9velopp\u00e9es par nos \u00e9quipes.<\/p><p>Nous ambitionnons \u00e9galement de faire de notre laboratoire un environnement favorable \u00e0 l\u2019\u00e9mergence de nouvelles th\u00e9matiques de recherche et \u00e0 l\u2019accueil de nouvelles \u00e9quipes, dans un esprit d\u2019ouverture et d\u2019\u00e9volution vers des disciplines innovantes de l\u2019\u00e9lectrotechnique avanc\u00e9e.<\/p>\t\t\t\t\t\t\t\t<\/div>\n\t\t\t\t<\/div>\n\t\t\t\t<\/div>\n\t\t\t\t<\/div>\n\t\t<div class=\"elementor-element elementor-element-be22b7e e-flex e-con-boxed e-con e-parent\" data-id=\"be22b7e\" data-element_type=\"container\">\n\t\t\t\t\t<div class=\"e-con-inner\">\n\t\t<div class=\"elementor-element elementor-element-4d42dc1 e-con-full e-flex e-con e-child\" data-id=\"4d42dc1\" data-element_type=\"container\">\n\t\t\t\t<div class=\"elementor-element elementor-element-298ce21 elementor-widget elementor-widget-image\" data-id=\"298ce21\" data-element_type=\"widget\" data-widget_type=\"image.default\">\n\t\t\t\t<div class=\"elementor-widget-container\">\n\t\t\t\t\t\t\t\t\t\t\t\t\t\t\t<img decoding=\"async\" width=\"1024\" height=\"600\" src=\"https:\/\/www.univ-sba.dz\/irecom\/wp-content\/uploads\/2025\/06\/fac-fge1_1024x600.jpg\" class=\"attachment-large size-large wp-image-107\" alt=\"\" srcset=\"https:\/\/www.univ-sba.dz\/irecom\/wp-content\/uploads\/2025\/06\/fac-fge1_1024x600.jpg 1024w, https:\/\/www.univ-sba.dz\/irecom\/wp-content\/uploads\/2025\/06\/fac-fge1_1024x600-300x176.jpg 300w, https:\/\/www.univ-sba.dz\/irecom\/wp-content\/uploads\/2025\/06\/fac-fge1_1024x600-768x450.jpg 768w\" sizes=\"(max-width: 1024px) 100vw, 1024px\" \/>\t\t\t\t\t\t\t\t\t\t\t\t\t\t\t<\/div>\n\t\t\t\t<\/div>\n\t\t\t\t<\/div>\n\t\t<div class=\"elementor-element elementor-element-984e5ad e-con-full e-flex e-con e-child\" data-id=\"984e5ad\" data-element_type=\"container\">\n\t\t\t\t<div class=\"elementor-element elementor-element-0814ef3 elementor-widget elementor-widget-image\" data-id=\"0814ef3\" data-element_type=\"widget\" data-widget_type=\"image.default\">\n\t\t\t\t<div class=\"elementor-widget-container\">\n\t\t\t\t\t\t\t\t\t\t\t\t\t\t\t<img loading=\"lazy\" decoding=\"async\" width=\"1024\" height=\"600\" src=\"https:\/\/www.univ-sba.dz\/irecom\/wp-content\/uploads\/2025\/06\/fac-fge_1024x600.jpg\" class=\"attachment-large size-large wp-image-106\" alt=\"\" srcset=\"https:\/\/www.univ-sba.dz\/irecom\/wp-content\/uploads\/2025\/06\/fac-fge_1024x600.jpg 1024w, https:\/\/www.univ-sba.dz\/irecom\/wp-content\/uploads\/2025\/06\/fac-fge_1024x600-300x176.jpg 300w, https:\/\/www.univ-sba.dz\/irecom\/wp-content\/uploads\/2025\/06\/fac-fge_1024x600-768x450.jpg 768w\" sizes=\"(max-width: 1024px) 100vw, 1024px\" \/>\t\t\t\t\t\t\t\t\t\t\t\t\t\t\t<\/div>\n\t\t\t\t<\/div>\n\t\t\t\t<\/div>\n\t\t\t\t\t<\/div>\n\t\t\t\t<\/div>\n\t\t\t\t<\/div>\n\t\t","protected":false},"excerpt":{"rendered":"<p>Mot de Directeur du Laboratoire de Recherche IRECOM Directeur du laboratoire : Pr. ABID Mohamed Le laboratoire \u00ab\u00a0Interaction R\u00e9seaux Electriques Convertisseurs Machines\u00a0\u00bb (IRECOM) a \u00e9t\u00e9 agr\u00e9\u00e9 par Arr\u00eat\u00e9 N\u00b0 88 du 25\/07\/2000. Le laboratoire IRECOM est une entit\u00e9 de recherche dont les activit\u00e9s s\u2019articulent autour des objectifs de recherche scientifique aussi vari\u00e9s\u00a0: Objectifs 1: \u2022 [&hellip;]<\/p>\n","protected":false},"author":1,"featured_media":0,"parent":0,"menu_order":0,"comment_status":"closed","ping_status":"closed","template":"","meta":{"footnotes":""},"class_list":["post-7","page","type-page","status-publish","hentry","entry"],"_links":{"self":[{"href":"https:\/\/www.univ-sba.dz\/irecom\/wp-json\/wp\/v2\/pages\/7","targetHints":{"allow":["GET"]}}],"collection":[{"href":"https:\/\/www.univ-sba.dz\/irecom\/wp-json\/wp\/v2\/pages"}],"about":[{"href":"https:\/\/www.univ-sba.dz\/irecom\/wp-json\/wp\/v2\/types\/page"}],"author":[{"embeddable":true,"href":"https:\/\/www.univ-sba.dz\/irecom\/wp-json\/wp\/v2\/users\/1"}],"replies":[{"embeddable":true,"href":"https:\/\/www.univ-sba.dz\/irecom\/wp-json\/wp\/v2\/comments?post=7"}],"version-history":[{"count":217,"href":"https:\/\/www.univ-sba.dz\/irecom\/wp-json\/wp\/v2\/pages\/7\/revisions"}],"predecessor-version":[{"id":1172,"href":"https:\/\/www.univ-sba.dz\/irecom\/wp-json\/wp\/v2\/pages\/7\/revisions\/1172"}],"wp:attachment":[{"href":"https:\/\/www.univ-sba.dz\/irecom\/wp-json\/wp\/v2\/media?parent=7"}],"curies":[{"name":"wp","href":"https:\/\/api.w.org\/{rel}","templated":true}]}}