{"id":749,"date":"2025-06-22T16:54:50","date_gmt":"2025-06-22T14:54:50","guid":{"rendered":"http:\/\/localhost\/yacine_app\/lecm\/?page_id=749"},"modified":"2025-09-03T11:44:24","modified_gmt":"2025-09-03T09:44:24","slug":"equipe1","status":"publish","type":"page","link":"https:\/\/www.univ-sba.dz\/irecom\/equipe1\/","title":{"rendered":"Equipe1"},"content":{"rendered":"\t\t<div data-elementor-type=\"wp-page\" data-elementor-id=\"749\" class=\"elementor elementor-749\">\n\t\t\t\t<div class=\"elementor-element elementor-element-b5e5abb e-con-full e-flex e-con e-parent\" data-id=\"b5e5abb\" data-element_type=\"container\">\n\t\t\t\t<div class=\"elementor-element elementor-element-c15eaaa elementor-widget elementor-widget-image\" data-id=\"c15eaaa\" data-element_type=\"widget\" data-widget_type=\"image.default\">\n\t\t\t\t<div class=\"elementor-widget-container\">\n\t\t\t\t\t\t\t\t\t\t\t\t\t\t\t<img fetchpriority=\"high\" decoding=\"async\" width=\"1905\" height=\"425\" src=\"https:\/\/www.univ-sba.dz\/irecom\/wp-content\/uploads\/2025\/06\/baniere.png\" class=\"attachment-full size-full wp-image-745\" alt=\"\" srcset=\"https:\/\/www.univ-sba.dz\/irecom\/wp-content\/uploads\/2025\/06\/baniere.png 1905w, https:\/\/www.univ-sba.dz\/irecom\/wp-content\/uploads\/2025\/06\/baniere-300x67.png 300w, https:\/\/www.univ-sba.dz\/irecom\/wp-content\/uploads\/2025\/06\/baniere-1024x228.png 1024w, https:\/\/www.univ-sba.dz\/irecom\/wp-content\/uploads\/2025\/06\/baniere-768x171.png 768w, https:\/\/www.univ-sba.dz\/irecom\/wp-content\/uploads\/2025\/06\/baniere-1536x343.png 1536w\" sizes=\"(max-width: 1905px) 100vw, 1905px\" \/>\t\t\t\t\t\t\t\t\t\t\t\t\t\t\t<\/div>\n\t\t\t\t<\/div>\n\t\t\t\t<\/div>\n\t\t<div class=\"elementor-element elementor-element-b8bf84a e-flex e-con-boxed e-con e-parent\" data-id=\"b8bf84a\" data-element_type=\"container\">\n\t\t\t\t\t<div class=\"e-con-inner\">\n\t\t\t\t<div class=\"elementor-element elementor-element-8cf33b8 elementor-widget elementor-widget-heading\" data-id=\"8cf33b8\" data-element_type=\"widget\" data-widget_type=\"heading.default\">\n\t\t\t\t<div class=\"elementor-widget-container\">\n\t\t\t\t\t<h3 class=\"elementor-heading-title elementor-size-default\">\u00c9quipe 1 : \u00c9lectrostatique et M\u00e9thodologie, dirig\u00e9e par le Pr. AKSA Wessim. (ELEME)<\/h3>\t\t\t\t<\/div>\n\t\t\t\t<\/div>\n\t\t\t\t<div class=\"elementor-element elementor-element-0ecd921 elementor-widget elementor-widget-text-editor\" data-id=\"0ecd921\" data-element_type=\"widget\" data-widget_type=\"text-editor.default\">\n\t\t\t\t<div class=\"elementor-widget-container\">\n\t\t\t\t\t\t\t\t\t<p>\u00a0<\/p><p><strong>Th\u00e9matique\u00a0de l\u2019\u00e9quipe 1<\/strong><\/p><p>\u00a0<\/p><p>L&rsquo;objectif principal des travaux men\u00e9s par cette \u00e9quipe porte sur le d\u00e9veloppement et l&rsquo;optimisation des s\u00e9parateurs \u00e9lectrostatiques, sp\u00e9cifiquement con\u00e7us pour le recyclage et le traitement des d\u00e9chets issus des \u00e9quipements \u00e9lectriques et \u00e9lectroniques (DEEE). Ces travaux visent \u00e0 apporter des solutions innovantes et durables face aux d\u00e9fis pos\u00e9s par la gestion des DEEE, en exploitant les propri\u00e9t\u00e9s \u00e9lectrostatiques des mat\u00e9riaux pour s\u00e9parer et trier les diff\u00e9rentes fractions constituant ces d\u00e9chets. Le programme de l&rsquo;\u00e9quipe peut \u00eatre d\u00e9crit comme suit :<\/p><p>1- L&rsquo;\u00e9tude th\u00e9orique des ph\u00e9nom\u00e8nes li\u00e9s \u00e0 la tribo\u00e9lectricit\u00e9, aux champs \u00e9lectriques et magn\u00e9tiques, \u00e0 l&rsquo;effet couronne, au transfert de charge entre diff\u00e9rents types de mat\u00e9riaux, ainsi qu&rsquo;\u00e0 la neutralisation des mat\u00e9riaux charg\u00e9s ;<\/p><p>\u00a02- La conception et la mise en marche de dispositifs \u00e9lectrostatiques en laboratoire, tels que des chargeurs tribo\u00e9lectriques, des chargeurs \u00e0 d\u00e9charge couronne, des neutralisateurs \u00e0 courant alternatif, et des s\u00e9parateurs \u00e9lectrostatiques adapt\u00e9s \u00e0 diff\u00e9rentes tailles de particules (micronis\u00e9es, sous-millim\u00e9triques, millim\u00e9triques) ;<\/p><p>\u00a03- La conception, la mod\u00e9lisation et l&rsquo;optimisation des prototypes en utilisant diverses m\u00e9thodes (num\u00e9riques, m\u00e9thodes bas\u00e9es sur l&rsquo;intelligence artificielle, plans d&rsquo;exp\u00e9rience, etc.) ;<\/p><p>4-\u00a0 La r\u00e9alisation et la mise en marche de prototypes semi-industriels.<\/p>\t\t\t\t\t\t\t\t<\/div>\n\t\t\t\t<\/div>\n\t\t\t\t<div class=\"elementor-element elementor-element-528fa58 elementor-widget elementor-widget-heading\" data-id=\"528fa58\" data-element_type=\"widget\" data-widget_type=\"heading.default\">\n\t\t\t\t<div class=\"elementor-widget-container\">\n\t\t\t\t\t<h3 class=\"elementor-heading-title elementor-size-default\">Liste exhaustive des membres de l\u2019\u00e9quipe1<\/h3>\t\t\t\t<\/div>\n\t\t\t\t<\/div>\n\t\t\t\t<div class=\"elementor-element elementor-element-4c8dc5a elementor-widget elementor-widget-html\" data-id=\"4c8dc5a\" data-element_type=\"widget\" data-widget_type=\"html.default\">\n\t\t\t\t<div class=\"elementor-widget-container\">\n\t\t\t\t\t<table class=\"mon-tableau\">\n \n  <thead>\n    <tr>\n      <th scope=\"col\">Nom et pr\u00e9nom<\/th>\n      <th scope=\"col\">Grade<\/th>\n      <th scope=\"col\">Qualit\u00e9<\/th>\n      <th scope=\"col\">Domaine<\/th>\n      <th scope=\"col\">Profil<\/th>\n    <\/tr>\n  <\/thead>\n  <tbody>\n    <tr>\n       <td> AKSA Wessim<\/td>\n       <td>Prof<\/td>\n       <td>Chef <\/td>\n       <td>Ing\u00e9nierie<\/td>\n       <td><a href=\"https:\/\/www.univ-sba.dz\/irecom\/profil1\/\">Voir Profil<\/a><\/td>\n    <\/tr>\n    <tr>\n       <td>Touhami Seddik<\/td>\n       <td>MCA<\/td>\n       <td>Membre <\/td>\n       <td>Ing\u00e9nierie<\/td>\n       <td><a href=\"https:\/\/www.univ-sba.dz\/irecom\/profil-touhami\/\">Voir Profil<\/a><\/td>\n    <\/tr>\n    <tr>\n       <td>Maammar Mohamed<\/td>\n       <td>MCB<\/td>\n       <td>Membre <\/td>\n       <td>Ing\u00e9nierie<\/td>\n       <td><a href=\"#\">Voir Profil<\/a><\/td>\n    <\/tr>\n    <tr>\n       <td>Dahou Omar<\/td>\n       <td>MCA<\/td>\n       <td>Membre <\/td>\n       <td>Ing\u00e9nierie<\/td>\n       <td><a href=\"#\">Voir Profil<\/a><\/td>\n    <\/tr>\n    \n    <tr>\n       <td>BENNIHI Mohamed Sami<\/td>\n       <td>Doc<\/td>\n       <td>Membre <\/td>\n       <td>Ing\u00e9nierie<\/td>\n       <td><a href=\"#\">Voir Profil<\/a><\/td>\n    <\/tr>\n    <tr>\n       <td>Hader Abderrahmane<\/td>\n       <td>Doc<\/td>\n       <td>Membre <\/td>\n       <td>Ing\u00e9nierie<\/td>\n       <td><a href=\"#\">Voir Profil<\/a><\/td>\n    <\/tr>\n    <tr>\n       <td>LOUAHEDJ Mustafa  <\/td>\n       <td>Doc<\/td>\n       <td>Membre <\/td>\n       <td>Ing\u00e9nierie<\/td>\n       <td><a href=\"#\">Voir Profil<\/a><\/td>\n    <\/tr>\n    <tr>\n       <td>Rezzoug Boudjema<\/td>\n       <td>Doc<\/td>\n       <td>Membre <\/td>\n       <td>Ing\u00e9nierie<\/td>\n       <td><a href=\"#\">Voir Profil<\/a><\/td>\n    <\/tr>\n    <tr>\n       <td>LAHCEN Azzeddine <\/td>\n       <td>Doc<\/td>\n       <td>Membre <\/td>\n       <td><\/td>\n       <td><a href=\"#\">Voir Profil<\/a><\/td>\n    <\/tr>\n    \n  <\/tbody>\n  \n<\/table>\t\t\t\t<\/div>\n\t\t\t\t<\/div>\n\t\t\t\t\t<\/div>\n\t\t\t\t<\/div>\n\t\t\t\t<\/div>\n\t\t","protected":false},"excerpt":{"rendered":"<p>\u00c9quipe 1 : \u00c9lectrostatique et M\u00e9thodologie, dirig\u00e9e par le Pr. AKSA Wessim. (ELEME) \u00a0 Th\u00e9matique\u00a0de l\u2019\u00e9quipe 1 \u00a0 L&rsquo;objectif principal des travaux men\u00e9s par cette \u00e9quipe porte sur le d\u00e9veloppement et l&rsquo;optimisation des s\u00e9parateurs \u00e9lectrostatiques, sp\u00e9cifiquement con\u00e7us pour le recyclage et le traitement des d\u00e9chets issus des \u00e9quipements \u00e9lectriques et \u00e9lectroniques (DEEE). Ces travaux visent [&hellip;]<\/p>\n","protected":false},"author":1,"featured_media":0,"parent":0,"menu_order":0,"comment_status":"closed","ping_status":"closed","template":"","meta":{"footnotes":""},"class_list":["post-749","page","type-page","status-publish","hentry","entry"],"_links":{"self":[{"href":"https:\/\/www.univ-sba.dz\/irecom\/wp-json\/wp\/v2\/pages\/749","targetHints":{"allow":["GET"]}}],"collection":[{"href":"https:\/\/www.univ-sba.dz\/irecom\/wp-json\/wp\/v2\/pages"}],"about":[{"href":"https:\/\/www.univ-sba.dz\/irecom\/wp-json\/wp\/v2\/types\/page"}],"author":[{"embeddable":true,"href":"https:\/\/www.univ-sba.dz\/irecom\/wp-json\/wp\/v2\/users\/1"}],"replies":[{"embeddable":true,"href":"https:\/\/www.univ-sba.dz\/irecom\/wp-json\/wp\/v2\/comments?post=749"}],"version-history":[{"count":46,"href":"https:\/\/www.univ-sba.dz\/irecom\/wp-json\/wp\/v2\/pages\/749\/revisions"}],"predecessor-version":[{"id":1259,"href":"https:\/\/www.univ-sba.dz\/irecom\/wp-json\/wp\/v2\/pages\/749\/revisions\/1259"}],"wp:attachment":[{"href":"https:\/\/www.univ-sba.dz\/irecom\/wp-json\/wp\/v2\/media?parent=749"}],"curies":[{"name":"wp","href":"https:\/\/api.w.org\/{rel}","templated":true}]}}