{"id":755,"date":"2025-06-22T16:58:22","date_gmt":"2025-06-22T14:58:22","guid":{"rendered":"http:\/\/localhost\/yacine_app\/lecm\/?page_id=755"},"modified":"2026-04-19T11:34:56","modified_gmt":"2026-04-19T09:34:56","slug":"equipe3","status":"publish","type":"page","link":"https:\/\/www.univ-sba.dz\/irecom\/equipe3\/","title":{"rendered":"Equipe3"},"content":{"rendered":"\t\t<div data-elementor-type=\"wp-page\" data-elementor-id=\"755\" class=\"elementor elementor-755\">\n\t\t\t\t<div class=\"elementor-element elementor-element-b5e5abb e-con-full e-flex e-con e-parent\" data-id=\"b5e5abb\" data-element_type=\"container\">\n\t\t\t\t<div class=\"elementor-element elementor-element-c15eaaa elementor-widget elementor-widget-image\" data-id=\"c15eaaa\" data-element_type=\"widget\" data-widget_type=\"image.default\">\n\t\t\t\t<div class=\"elementor-widget-container\">\n\t\t\t\t\t\t\t\t\t\t\t\t\t\t\t<img fetchpriority=\"high\" decoding=\"async\" width=\"1905\" height=\"425\" src=\"https:\/\/www.univ-sba.dz\/irecom\/wp-content\/uploads\/2025\/06\/baniere.png\" class=\"attachment-full size-full wp-image-745\" alt=\"\" srcset=\"https:\/\/www.univ-sba.dz\/irecom\/wp-content\/uploads\/2025\/06\/baniere.png 1905w, https:\/\/www.univ-sba.dz\/irecom\/wp-content\/uploads\/2025\/06\/baniere-300x67.png 300w, https:\/\/www.univ-sba.dz\/irecom\/wp-content\/uploads\/2025\/06\/baniere-1024x228.png 1024w, https:\/\/www.univ-sba.dz\/irecom\/wp-content\/uploads\/2025\/06\/baniere-768x171.png 768w, https:\/\/www.univ-sba.dz\/irecom\/wp-content\/uploads\/2025\/06\/baniere-1536x343.png 1536w\" sizes=\"(max-width: 1905px) 100vw, 1905px\" \/>\t\t\t\t\t\t\t\t\t\t\t\t\t\t\t<\/div>\n\t\t\t\t<\/div>\n\t\t\t\t<\/div>\n\t\t<div class=\"elementor-element elementor-element-b8bf84a e-flex e-con-boxed e-con e-parent\" data-id=\"b8bf84a\" data-element_type=\"container\">\n\t\t\t\t\t<div class=\"e-con-inner\">\n\t\t\t\t<div class=\"elementor-element elementor-element-8cf33b8 elementor-widget elementor-widget-heading\" data-id=\"8cf33b8\" data-element_type=\"widget\" data-widget_type=\"heading.default\">\n\t\t\t\t<div class=\"elementor-widget-container\">\n\t\t\t\t\t<h3 class=\"elementor-heading-title elementor-size-default\">\u00c9quipe 3 : Commande \u00c9lectrique \u2013 Chargement Tribo\u00e9lectrique et S\u00e9paration \u00c9lectrostatique (CECTSE), dirig\u00e9e par le Pr. ABID Mohamed.<\/h3>\t\t\t\t<\/div>\n\t\t\t\t<\/div>\n\t\t\t\t<div class=\"elementor-element elementor-element-0ecd921 elementor-widget elementor-widget-text-editor\" data-id=\"0ecd921\" data-element_type=\"widget\" data-widget_type=\"text-editor.default\">\n\t\t\t\t<div class=\"elementor-widget-container\">\n\t\t\t\t\t\t\t\t\t<h2><strong>Th\u00e9matique\u00a0de l&rsquo;\u00e9quipe 3<\/strong><\/h2><p>L\u2019\u00e9quipe CECTSE est structur\u00e9e en deux sous-groupes compl\u00e9mentaires :<\/p><ol><li><strong>Commande \u00c9lectrique<\/strong> : d\u00e9di\u00e9 \u00e0 la mod\u00e9lisation, l\u2019optimisation et la commande des syst\u00e8mes \u00e9lectriques.<\/li><li><strong>Chargement Tribo\u00e9lectrique et S\u00e9paration \u00c9lectrostatique<\/strong> : focalis\u00e9 sur la simulation, la conception et l\u2019exp\u00e9rimentation d\u2019installations de s\u00e9paration \u00e9lectrostatique.<\/li><\/ol><p><strong>Axe 1 : Commande \u00c9lectrique<\/strong><\/p><p>Les recherches portent sur :<\/p><ul><li>D\u00e9veloppement de techniques de commande avanc\u00e9es : robustes (logique floue, neuronale, glissante, MRLC), non \u00a0lin\u00e9aires (H\u2082, H\u221e,\u2026) ou hybrides (ANFIS, FSMC, FMRLC, mixte H\u2082\/H\u221e, FH\u221e), avec mise en \u0153uvre de strat\u00e9gies de commande robustes, estimateurs et observateurs.<\/li><li>Optimisation des performances : maximisation de la puissance produite, r\u00e9gulation de tension et am\u00e9lioration de la qualit\u00e9 de service, s\u00e9curit\u00e9 et stabilit\u00e9 des syst\u00e8mes \u00e9lectriques et hybrides renouvelables (\u00e9olien, solaire, stockage) par le contr\u00f4le des convertisseurs et actionneurs.<\/li><\/ul><p><strong>Axe 2 : Chargement Tribo\u00e9lectrique et S\u00e9paration \u00c9lectrostatique<\/strong><\/p><p>Face \u00e0 l\u2019augmentation rapide des d\u00e9chets d\u2019\u00e9quipements \u00e9lectriques et \u00e9lectroniques (DEEE), le groupe d\u00e9veloppe des solutions innovantes de s\u00e9paration \u00e9lectrostatique des plastiques granulaires.<br \/>Objectifs :<\/p><ul><li>Concevoir des installations performantes bas\u00e9es sur le chargement tribo\u00e9lectrique.<\/li><li>Contribuer \u00e0 la protection de l\u2019environnement en r\u00e9duisant l\u2019impact des DEEE (dont la d\u00e9gradation prend des si\u00e8cles).<\/li><\/ul><p>.<\/p>\t\t\t\t\t\t\t\t<\/div>\n\t\t\t\t<\/div>\n\t\t\t\t<div class=\"elementor-element elementor-element-528fa58 elementor-widget elementor-widget-heading\" data-id=\"528fa58\" data-element_type=\"widget\" data-widget_type=\"heading.default\">\n\t\t\t\t<div class=\"elementor-widget-container\">\n\t\t\t\t\t<h3 class=\"elementor-heading-title elementor-size-default\">Liste exhaustive des membres de l\u2019\u00e9quipe3<\/h3>\t\t\t\t<\/div>\n\t\t\t\t<\/div>\n\t\t\t\t<div class=\"elementor-element elementor-element-4c8dc5a elementor-widget elementor-widget-html\" data-id=\"4c8dc5a\" data-element_type=\"widget\" data-widget_type=\"html.default\">\n\t\t\t\t<div class=\"elementor-widget-container\">\n\t\t\t\t\t<table class=\"mon-tableau\">\n  \n  <thead>\n    <tr>\n      <th scope=\"col\">Nom et pr\u00e9nom<\/th>\n      <th scope=\"col\">Grade<\/th>\n      <th scope=\"col\">Qualit\u00e9<\/th>\n      <th scope=\"col\">Domaine<\/th>\n      <th scope=\"col\">Profil<\/th>\n    <\/tr>\n  <\/thead>\n  <tbody>\n    <tr>\n       <td>ABID Mohamed<\/td>\n       <td>Prof<\/td>\n       <td>Chef<\/td>\n       <td>Ing\u00e9nierie\t\t\t\n<\/td>\n       <td><a href=\"https:\/\/www.univ-sba.dz\/irecom\/profil-abid\/\">Voir Profil<\/a><\/td>\n    <\/tr>\n    <tr>\n      \n       <td>ARDJOUN Ahmed ElMehd<\/td>\n       <td>Prof<\/td>\n       <td>Membre<\/td>\n       <td>Ing\u00e9nierie\t\t\t\n<\/td>\n       <td><a href=\"https:\/\/www.univ-sba.dz\/irecom\/Profil-ardjoun\">Voir Profil<\/a><\/td>\n    <\/tr>\n    <tr>\n       <td>AISSAOUI Abdelghani<\/td>\n       <td>Prof<\/td>\n       <td>Membre<\/td>\n       <td><\/td>\n       <td><a href=\"#\">Voir Profil<\/a><\/td>\n    <\/tr>\n    <tr>\n       <td>TAHOUR Ahmed<\/td>\n       <td>Prof<\/td>\n       <td>Membre<\/td>\n       <td><\/td>\n       <td><a href=\"#\">Voir Profil<\/a><\/td>\n    <\/tr>\n    <tr>\n         <td>BOUKHOLDA Mohamed Fodil<\/td>\n       <td>Prof<\/td>\n       <td>Membre<\/td>\n       <td><\/td>\n       <td><a href=\"#\">Voir Profil<\/a><\/td>\n    <\/tr>\n    <tr>\n        <td>REZOUG Mohamed<\/td>\n       <td>MCA<\/td>\n       <td>Membre<\/td>\n       <td><\/td>\n       <td><a href=\"#\">Voir Profil<\/a><\/td>\n    <\/tr>\n    <tr>\n       <td>KARBOUA Abdelfettah<\/td>\n       <td>MCA<\/td>\n       <td>Membre<\/td>\n       <td><\/td>\n       <td><a href=\"#\">Voir Profil<\/a><\/td>\n    <\/tr>\n    <tr>\n       <td>MENDAZ  Kheira <\/td>\n       <td>MCA<\/td>\n       <td>Membre<\/td>\n       <td><\/td>\n       <td><a href=\"#\">Voir Profil<\/a><\/td>\n    <\/tr>\n    <tr>\n       <td>SALAH Sarah<\/td>\n       <td>Doc<\/td>\n       <td>Membre<\/td>\n       <td><\/td>\n       <td><a href=\"#\">Voir Profil<\/a><\/td>\n    <\/tr>\n    \n    <tr>\n       <td>Djouhri Mustapha <\/td>\n       <td>MAA<\/td>\n       <td>Membre<\/td>\n       <td><\/td>\n       <td><a href=\"#\">Voir Profil<\/a><\/td>\n    <\/tr>\n    <tr>\n       <td>abbes mohammed<\/td>\n       <td>Doc<\/td>\n       <td>Membre<\/td>\n       <td><\/td>\n       <td><a href=\"#\">Voir Profil<\/a><\/td>\n    <\/tr>\n    <tr>\n       <td>ZIANE  Sofiane<\/td>\n       <td>Doc<\/td>\n       <td>Membre<\/td>\n       <td><\/td>\n       <td><a href=\"#\">Voir Profil<\/a><\/td>\n    <\/tr>\n    <tr>\n       <td>BAHACHE Hicham<\/td>\n       <td>Doc<\/td>\n       <td>Membre<\/td>\n       <td><\/td>\n       <td><a href=\"#\">Voir Profil<\/a><\/td>\n    <\/tr>\n    <tr>\n       <td>BENSAID BOUBAKEUR<\/td>\n       <td>Doc<\/td>\n       <td>Membre<\/td>\n       <td><\/td>\n       <td><a href=\"#\">Voir Profil<\/a><\/td>\n    <\/tr>\n    <tr>\n       <td>ABBAR Samir<\/td>\n       <td>Doc<\/td>\n       <td>Membre<\/td>\n       <td><\/td>\n       <td><a href=\"#\">Voir Profil<\/a><\/td>\n    <\/tr>\n    <tr>\n       <td>ALLALI Izzeddine<\/td>\n       <td>Doc<\/td>\n       <td>Membre<\/td>\n       <td><\/td>\n       <td><a href=\"#\">Voir Profil<\/a><\/td>\n    <\/tr>\n    <tr>\n       <td>KADRI Rania <\/td>\n       <td>Doc<\/td>\n       <td>Membre<\/td>\n       <td><\/td>\n       <td><a href=\"#\">Voir Profil<\/a><\/td>\n    <\/tr>\n    <tr>\n        <td>BELDJILALI Brahim <\/td>\n       <td>Doc<\/td>\n       <td>Membre<\/td>\n       <td><\/td>\n       <td><a href=\"#\">Voir Profil<\/a><\/td>\n    <\/tr>\n    <tr>\n        <td>LEMEZERI Abdennour<\/td>\n       <td>Doc<\/td>\n       <td>Membre<\/td>\n       <td><\/td>\n       <td><a href=\"#\">Voir Profil<\/a><\/td>\n    <\/tr>\n    <tr>\n         <td>KADA ZAIR Ikram<\/td>\n       <td>Doc<\/td>\n       <td>Membre<\/td>\n       <td><\/td>\n       <td><a href=\"#\">Voir Profil<\/a><\/td>\n    <\/tr>\n    <tr>\n       <td>GUEBLI Abderrahmen<\/td>\n       <td>Doc<\/td>\n       <td>Membre<\/td>\n       <td><\/td>\n       <td><a href=\"#\">Voir Profil<\/a><\/td>\n    <\/tr>\n    \n  <\/tbody>\n  \n<\/table>\t\t\t\t<\/div>\n\t\t\t\t<\/div>\n\t\t\t\t\t<\/div>\n\t\t\t\t<\/div>\n\t\t\t\t<\/div>\n\t\t","protected":false},"excerpt":{"rendered":"<p>\u00c9quipe 3 : Commande \u00c9lectrique \u2013 Chargement Tribo\u00e9lectrique et S\u00e9paration \u00c9lectrostatique (CECTSE), dirig\u00e9e par le Pr. ABID Mohamed. Th\u00e9matique\u00a0de l&rsquo;\u00e9quipe 3 L\u2019\u00e9quipe CECTSE est structur\u00e9e en deux sous-groupes compl\u00e9mentaires : Commande \u00c9lectrique : d\u00e9di\u00e9 \u00e0 la mod\u00e9lisation, l\u2019optimisation et la commande des syst\u00e8mes \u00e9lectriques. Chargement Tribo\u00e9lectrique et S\u00e9paration \u00c9lectrostatique : focalis\u00e9 sur la simulation, la [&hellip;]<\/p>\n","protected":false},"author":1,"featured_media":0,"parent":0,"menu_order":0,"comment_status":"closed","ping_status":"closed","template":"","meta":{"footnotes":""},"class_list":["post-755","page","type-page","status-publish","hentry","entry"],"_links":{"self":[{"href":"https:\/\/www.univ-sba.dz\/irecom\/wp-json\/wp\/v2\/pages\/755","targetHints":{"allow":["GET"]}}],"collection":[{"href":"https:\/\/www.univ-sba.dz\/irecom\/wp-json\/wp\/v2\/pages"}],"about":[{"href":"https:\/\/www.univ-sba.dz\/irecom\/wp-json\/wp\/v2\/types\/page"}],"author":[{"embeddable":true,"href":"https:\/\/www.univ-sba.dz\/irecom\/wp-json\/wp\/v2\/users\/1"}],"replies":[{"embeddable":true,"href":"https:\/\/www.univ-sba.dz\/irecom\/wp-json\/wp\/v2\/comments?post=755"}],"version-history":[{"count":40,"href":"https:\/\/www.univ-sba.dz\/irecom\/wp-json\/wp\/v2\/pages\/755\/revisions"}],"predecessor-version":[{"id":1271,"href":"https:\/\/www.univ-sba.dz\/irecom\/wp-json\/wp\/v2\/pages\/755\/revisions\/1271"}],"wp:attachment":[{"href":"https:\/\/www.univ-sba.dz\/irecom\/wp-json\/wp\/v2\/media?parent=755"}],"curies":[{"name":"wp","href":"https:\/\/api.w.org\/{rel}","templated":true}]}}