{"id":837,"date":"2025-06-26T11:03:16","date_gmt":"2025-06-26T09:03:16","guid":{"rendered":"https:\/\/www.univ-sba.dz\/irecom\/?page_id=837"},"modified":"2025-09-03T11:57:06","modified_gmt":"2025-09-03T09:57:06","slug":"equipe4","status":"publish","type":"page","link":"https:\/\/www.univ-sba.dz\/irecom\/equipe4\/","title":{"rendered":"Equipe4"},"content":{"rendered":"\t\t<div data-elementor-type=\"wp-page\" data-elementor-id=\"837\" class=\"elementor elementor-837\">\n\t\t\t\t<div class=\"elementor-element elementor-element-b5e5abb e-con-full e-flex e-con e-parent\" data-id=\"b5e5abb\" data-element_type=\"container\">\n\t\t\t\t<div class=\"elementor-element elementor-element-c15eaaa elementor-widget elementor-widget-image\" data-id=\"c15eaaa\" data-element_type=\"widget\" data-widget_type=\"image.default\">\n\t\t\t\t<div class=\"elementor-widget-container\">\n\t\t\t\t\t\t\t\t\t\t\t\t\t\t\t<img fetchpriority=\"high\" decoding=\"async\" width=\"1905\" height=\"425\" src=\"https:\/\/www.univ-sba.dz\/irecom\/wp-content\/uploads\/2025\/06\/baniere.png\" class=\"attachment-full size-full wp-image-745\" alt=\"\" srcset=\"https:\/\/www.univ-sba.dz\/irecom\/wp-content\/uploads\/2025\/06\/baniere.png 1905w, https:\/\/www.univ-sba.dz\/irecom\/wp-content\/uploads\/2025\/06\/baniere-300x67.png 300w, https:\/\/www.univ-sba.dz\/irecom\/wp-content\/uploads\/2025\/06\/baniere-1024x228.png 1024w, https:\/\/www.univ-sba.dz\/irecom\/wp-content\/uploads\/2025\/06\/baniere-768x171.png 768w, https:\/\/www.univ-sba.dz\/irecom\/wp-content\/uploads\/2025\/06\/baniere-1536x343.png 1536w\" sizes=\"(max-width: 1905px) 100vw, 1905px\" \/>\t\t\t\t\t\t\t\t\t\t\t\t\t\t\t<\/div>\n\t\t\t\t<\/div>\n\t\t\t\t<\/div>\n\t\t<div class=\"elementor-element elementor-element-b8bf84a e-flex e-con-boxed e-con e-parent\" data-id=\"b8bf84a\" data-element_type=\"container\">\n\t\t\t\t\t<div class=\"e-con-inner\">\n\t\t\t\t<div class=\"elementor-element elementor-element-8cf33b8 elementor-widget elementor-widget-heading\" data-id=\"8cf33b8\" data-element_type=\"widget\" data-widget_type=\"heading.default\">\n\t\t\t\t<div class=\"elementor-widget-container\">\n\t\t\t\t\t<h3 class=\"elementor-heading-title elementor-size-default\"><p style=\"text-align:justify\"><b><span style=\"font-size:12.0pt;,serif\">\u00c9quipe 4<\/span><\/b><span style=\"font-size:12.0pt;,serif\"> : <i>\u00c9nergie Nouvelle et Intelligence\nArtificielle<\/i>, dirig\u00e9e par le Pr. NACERI Abdellatif.<\/span><\/p><\/h3>\t\t\t\t<\/div>\n\t\t\t\t<\/div>\n\t\t\t\t<div class=\"elementor-element elementor-element-0ecd921 elementor-widget elementor-widget-text-editor\" data-id=\"0ecd921\" data-element_type=\"widget\" data-widget_type=\"text-editor.default\">\n\t\t\t\t<div class=\"elementor-widget-container\">\n\t\t\t\t\t\t\t\t\t<h2><strong>Th\u00e9matique de l&rsquo;\u00e9quipe 4:<\/strong><\/h2>\n<p>L\u2019Energie Nouvelle peut se r\u00e9sumer en trois r\u00e9volutions profondes : propre, fermer et intelligente. Que certains ont tendances \u00e0 d\u00e9couper en un mouvement environnemental, une tendance soci\u00e9tale (\u00e9conomie collaborative) et des progr\u00e8s dans l\u2019automatisation du pilotage de syst\u00e8mes \u00e9nerg\u00e9tiques (smart grids). Ce qui impliquent des syst\u00e8mes \u00e9nerg\u00e9tiques de plus en plus locaux, imbriqu\u00e9s, interd\u00e9pendants, peu pr\u00e9dictibles, qui vont devoir s\u2019\u00e9quiper d\u2019une intelligence \u00ab temps r\u00e9el \u00bb adapt\u00e9e \u00e0 cette complexit\u00e9 croissante et capable d\u2019auto-apprendre des comportements des Assets (moyens de production, \u00e9quipements r\u00e9seaux, bo\u00eetiers smart-home\u2026) et des \u00ab consommateurs \u00bb constituant ce syst\u00e8me \u00e9nerg\u00e9tique \u00e9largi.<br>L\u2019objectif principal de l\u2019\u00e9quipe :&nbsp; Comment l\u2019AI red\u00e9finit-elle les enjeux autour de l\u2019\u00e9nergie, que ce soit aupr\u00e8s des fournisseurs, clients, interm\u00e9diaires facilitateurs ? Que va-t-elle fondamentalement transformer dans cet \u00e9cosyst\u00e8me ?&nbsp;<br>Dans le cadre des travaux de recherches envisag\u00e9s par l\u2019\u00e9quipe, l\u2019IA doit r\u00e9pondre aux probl\u00e9matiques \u00e9nerg\u00e9tiques suivantes :<br>\u2022 La gestion de l\u2019\u00e9nergie, sp\u00e9cifiquement quand elle provient de plusieurs sources.<br>\u2022 La gestion des Assets .<br>\u2022 Ainsi l\u2019\u00e9quipe aborde les axes de recherches suivants :<br>\u00fc On doit Proposer des plateformes Big Data et IoT qui permet d\u2019agr\u00e9ger en temps r\u00e9el des donn\u00e9es h\u00e9t\u00e9rog\u00e8nes c\u2019est-\u00e0-dire de structures ou formats diff\u00e9rents \u2013 pour les rendre compr\u00e9hensibles \u00e0 ses utilisateurs (municipalit\u00e9s, entreprises gestionnaires de parcs immobiliers ou industriels).<br>\u00fc Quand-es l\u2019IA transforme la relation avec les clients ? L\u2019\u00e9volution de la relation client est aussi li\u00e9e \u00e0 d\u2019autres facteurs. Les clients ont besoin de comprendre les solutions d\u2019IA.&nbsp;<br>\u00fc Questions d\u2019\u00e9thique et de s\u00e9curit\u00e9 (Cyber Security) : Les clients s\u2019interrogent \u00e9videmment sur la s\u00e9curit\u00e9 de leurs donn\u00e9es. Cela nous pousse \u00e0 vraiment r\u00e9fl\u00e9chir \u00e0 l\u2019architecture de nos syst\u00e8mes, pour que les donn\u00e9es ne soient pas diffus\u00e9es au mauvais endroit.<br>\u00fc Vers un renouveau de l\u2019\u00e9cosyst\u00e8me de l\u2019\u00e9nergie. L\u2019IA sera de plus en plus pr\u00e9sente dans les ann\u00e9es \u00e0 venir. Notamment parce qu\u2019elle permet de d\u00e9terminer les causes d\u2019anomalies de plus en plus vite et, ensuite, de pr\u00e9coniser des plans techniques ou \u00e9conomiques toujours plus rapides.<\/p>\t\t\t\t\t\t\t\t<\/div>\n\t\t\t\t<\/div>\n\t\t\t\t<div class=\"elementor-element elementor-element-528fa58 elementor-widget elementor-widget-heading\" data-id=\"528fa58\" data-element_type=\"widget\" data-widget_type=\"heading.default\">\n\t\t\t\t<div class=\"elementor-widget-container\">\n\t\t\t\t\t<h3 class=\"elementor-heading-title elementor-size-default\">Liste exhaustive des membres de l\u2019\u00e9quipe5<\/h3>\t\t\t\t<\/div>\n\t\t\t\t<\/div>\n\t\t\t\t<div class=\"elementor-element elementor-element-4c8dc5a elementor-widget elementor-widget-html\" data-id=\"4c8dc5a\" data-element_type=\"widget\" data-widget_type=\"html.default\">\n\t\t\t\t<div class=\"elementor-widget-container\">\n\t\t\t\t\t<table class=\"mon-tableau\">\n  \n  <thead>\n    <tr>\n      <th scope=\"col\">Nom et pr\u00e9nom<\/th>\n      <th scope=\"col\">Grade<\/th>\n      <th scope=\"col\">Qualit\u00e9<\/th>\n      <th scope=\"col\">Domaine<\/th>\n      <th scope=\"col\">Profil<\/th>\n    <\/tr>\n  <\/thead>\n  <tbody>\n    <tr>\n       <td>NACERI  Abdellatif<\/td>\n       <td>Prof<\/td>\n       <td>Chef<\/td>\n       <td><\/td>\n       <td><a href=\"http:\/\/localhost\/yacine_app\/lecm\/profil1\/\">Voir Profil<\/a><\/td>\n    <\/tr>\n    <tr>\n       <td>ZATLA Hichem<\/td>\n       <td>MCA<\/td>\n       <td>Membre<\/td>\n       <td><\/td>\n       <td><a href=\"http:\/\/localhost\/yacine_app\/lecm\/profil1\/\">Voir Profil<\/a><\/td>\n    <\/tr>\n    <tr>\n       <td>BOUNOUA Hourria n\u00e9e SEMMACHE<\/td>\n       <td>Pr<\/td>\n       <td>Membre<\/td>\n       <td><\/td>\n       <td><a href=\"#\">Voir Profil<\/a><\/td>\n    <\/tr>\n    <tr>\n       <td>GHALEM Abdelhak<\/td>\n       <td>Doc<\/td>\n       <td>Membre<\/td>\n       <td><\/td>\n       <td><a href=\"#\">Voir Profil<\/a><\/td>\n    <\/tr>\n    <tr>\n       <td>BOUDEBOUDA   OUSSAMA<\/td>\n       <td>Doc<\/td>\n       <td>Membre<\/td>\n       <td><\/td>\n       <td><a href=\"#\">Voir Profil<\/a><\/td>\n    <\/tr>\n    <tr>\n       <td>ATMANE  Mohamed Amine <\/td>\n       <td>Doc<\/td>\n       <td>Membre<\/td>\n       <td><\/td>\n       <td><a href=\"#\">Voir Profil<\/a><\/td>\n    <\/tr>\n    <tr>\n       <td>SASSI     AHMED WALID<\/td>\n       <td>Doc<\/td>\n       <td>Membre<\/td>\n       <td><\/td>\n       <td><a href=\"#\">Voir Profil<\/a><\/td>\n    <\/tr>\n    <tr>\n       <td>AZZEDDINE Yasser Nadhir<\/td>\n       <td>Doc<\/td>\n       <td>Membre<\/td>\n       <td><\/td>\n       <td><a href=\"#\">Voir Profil<\/a><\/td>\n    <\/tr>\n    \n  <\/tbody>\n  \n<\/table>\t\t\t\t<\/div>\n\t\t\t\t<\/div>\n\t\t\t\t\t<\/div>\n\t\t\t\t<\/div>\n\t\t\t\t<\/div>\n\t\t","protected":false},"excerpt":{"rendered":"<p>\u00c9quipe 4 : \u00c9nergie Nouvelle et Intelligence Artificielle, dirig\u00e9e par le Pr. NACERI Abdellatif. Th\u00e9matique de l&rsquo;\u00e9quipe 4: L\u2019Energie Nouvelle peut se r\u00e9sumer en trois r\u00e9volutions profondes : propre, fermer et intelligente. Que certains ont tendances \u00e0 d\u00e9couper en un mouvement environnemental, une tendance soci\u00e9tale (\u00e9conomie collaborative) et des progr\u00e8s dans l\u2019automatisation du pilotage de [&hellip;]<\/p>\n","protected":false},"author":1,"featured_media":0,"parent":0,"menu_order":0,"comment_status":"closed","ping_status":"closed","template":"","meta":{"footnotes":""},"class_list":["post-837","page","type-page","status-publish","hentry","entry"],"_links":{"self":[{"href":"https:\/\/www.univ-sba.dz\/irecom\/wp-json\/wp\/v2\/pages\/837","targetHints":{"allow":["GET"]}}],"collection":[{"href":"https:\/\/www.univ-sba.dz\/irecom\/wp-json\/wp\/v2\/pages"}],"about":[{"href":"https:\/\/www.univ-sba.dz\/irecom\/wp-json\/wp\/v2\/types\/page"}],"author":[{"embeddable":true,"href":"https:\/\/www.univ-sba.dz\/irecom\/wp-json\/wp\/v2\/users\/1"}],"replies":[{"embeddable":true,"href":"https:\/\/www.univ-sba.dz\/irecom\/wp-json\/wp\/v2\/comments?post=837"}],"version-history":[{"count":21,"href":"https:\/\/www.univ-sba.dz\/irecom\/wp-json\/wp\/v2\/pages\/837\/revisions"}],"predecessor-version":[{"id":1133,"href":"https:\/\/www.univ-sba.dz\/irecom\/wp-json\/wp\/v2\/pages\/837\/revisions\/1133"}],"wp:attachment":[{"href":"https:\/\/www.univ-sba.dz\/irecom\/wp-json\/wp\/v2\/media?parent=837"}],"curies":[{"name":"wp","href":"https:\/\/api.w.org\/{rel}","templated":true}]}}