{"id":927,"date":"2025-06-26T15:24:46","date_gmt":"2025-06-26T13:24:46","guid":{"rendered":"https:\/\/www.univ-sba.dz\/irecom\/?page_id=927"},"modified":"2025-07-15T13:34:26","modified_gmt":"2025-07-15T11:34:26","slug":"pr-equipe1","status":"publish","type":"page","link":"https:\/\/www.univ-sba.dz\/irecom\/pr-equipe1\/","title":{"rendered":"pr-equipe1"},"content":{"rendered":"\t\t<div data-elementor-type=\"wp-page\" data-elementor-id=\"927\" class=\"elementor elementor-927\">\n\t\t\t\t<div class=\"elementor-element elementor-element-2f9735d e-flex e-con-boxed e-con e-parent\" data-id=\"2f9735d\" data-element_type=\"container\">\n\t\t\t\t\t<div class=\"e-con-inner\">\n\t\t\t\t<div class=\"elementor-element elementor-element-28a5fb9 elementor-widget elementor-widget-heading\" data-id=\"28a5fb9\" data-element_type=\"widget\" data-widget_type=\"heading.default\">\n\t\t\t\t<div class=\"elementor-widget-container\">\n\t\t\t\t\t<h2 class=\"elementor-heading-title elementor-size-default\">Production scientifique de l'\u00e9quipe1<\/h2>\t\t\t\t<\/div>\n\t\t\t\t<\/div>\n\t\t\t\t\t<\/div>\n\t\t\t\t<\/div>\n\t\t<div class=\"elementor-element elementor-element-bc83490 e-flex e-con-boxed e-con e-parent\" data-id=\"bc83490\" data-element_type=\"container\" data-settings=\"{&quot;background_background&quot;:&quot;classic&quot;}\">\n\t\t\t\t\t<div class=\"e-con-inner\">\n\t\t\t\t<div class=\"elementor-element elementor-element-f079cc8 elementor-widget elementor-widget-heading\" data-id=\"f079cc8\" data-element_type=\"widget\" data-widget_type=\"heading.default\">\n\t\t\t\t<div class=\"elementor-widget-container\">\n\t\t\t\t\t<h2 class=\"elementor-heading-title elementor-size-default\">1. Publications internationales :<\/h2>\t\t\t\t<\/div>\n\t\t\t\t<\/div>\n\t\t\t\t<div class=\"elementor-element elementor-element-20fe5ed elementor-widget elementor-widget-text-editor\" data-id=\"20fe5ed\" data-element_type=\"widget\" data-widget_type=\"text-editor.default\">\n\t\t\t\t<div class=\"elementor-widget-container\">\n\t\t\t\t\t\t\t\t\t<table><tbody><tr><td><p>1.\u00a0<span style=\"font-size: 14px;\">THAMI Zeghloul, TOUHAMI Seddik, GONTRAN Richard, MILOUDI Mohamed, DAHOU Omar and DASCALESCU Lucien, \u201c\u00a0Optimal Operation of a Plate-Type Corona-Electrostatic Separator for the Recovery of Metals and Plastics from Granular Wastes\u201d, IEEE T IND APPL, Vol 52, Issue 3, pp : 2506-2512, May-June 2016.<\/span><\/p><p><span style=\"font-size: 14px;\">2.\u00a0<\/span><span style=\"font-size: 14px;\">BOUKHOULDA Mohamed Fodil, REZOUG Mohamed, AKSA Wessim, MILOUDI Mohamed and MEDLES Karim, \u201cTriboelectrostatic separation of granular plastics mixtures from waste electric and electronic equipment\u201d PARTICUL SCI TECHNOL, Vol 35, Issue 5, pp : 621-626, 2017<\/span><\/p><p><span style=\"font-size: 14px;\">3.\u00a0<\/span><span style=\"font-size: 14px;\">ZELMAT Mohamed Elmouloud, TILMATINE Amar, TOUHAMI Seddik, BENDAOUED Abdelber, MEDLES Karim, OUIDDIR Rabah and DASCALESCU Lucien, \u201cExperimental Investigation of a New Tribo-Aeroelectrostatic Separation Process for Micronized Plastics From WEEE\u201d IEEE T IND APPL,Vol 53, Issue 5, pp : 4950-4956, Sept-Oct 2017.<\/span><\/p><p>4.LABAIR Hakima, TOUHAMI Seddik, TILMATINE Amar, HADJERI Samir, MEDLES Karim and DASCALESCU Lucien, \u201c Study of charged particles trajectories in free-fall electrostatic separators\u201d J ELECTROSTAT, Vol 88, pp: 10-14, August 2017.<\/p><p>5.GONTRAN Richard, RAGAB SALAMA Abdelhady, MEDLES Karim, LUBAT C\u00e9dric, TOUHAMI Seddik and DASCALESCU Lucien, \u201c Experimental and Numerical Study of the Electrostatic Separation of Two Types of Copper Wires From Electric Cable Wastes\u201d, IEEE T IND APPL, Vol 53, Issue 4, pp. 3960-3969, July-Aug 2017.<\/p><p>6.GONTRAN Richard, TOUHAMI Seddik, THAMI Zeghloul, SALAMA Abdelhady and DASCALESCU Lucien, \u201c Experimental and numerical evaluation of two electrode systems for plate-type electrostatic separator\u201d J ELECTROSTAT, Vol 85, pp. 1-10, February 2017.<\/p><p>7. GONTRAN Richard, TOUHAMI Seddik, THAMI Zeghloul and DASCALESCU Lucien, \u201c Optimization of metals and plastics recovery from electric cable wastes using a plate-type electrostatic separator\u201d Vol 60, pp. 112-122, February 2017.<\/p><p>8. MEKHALEF BENHAFSSA Abdelkader, Thami Zeghloul, AKSA Wessim, MEDLES Karim and DASCALESCU Lucien, \u201c Continuous operation of a fluidized-bed disk-type electrostatic separator for micronized plastic waste\u201d Vol. 79, pp. 763-769, September 2018.<\/p><p>9. TOUHAMI Seddik, AKSA Wessim, MAAMMAR Mohamed, THAMI Zeghloul, MEDLES Karim and DASCALESCU Lucien, \u201cNumerical simulation of the behavior of insulating particles in a free fall tribo-electrostatic separator with four vertical cylindrical electrodes\u201d J ELECTROSTAT, Vol 97, pp. 8-14, 2019.<\/p><p>10.BENABDERRAHMANE Ahlem, Thami Zeghloul, AKSA Wessim, TILMATINE Amar, MEDLES Karim and DASCALESCU Lucien, \u201cShredding as simultaneous size-reduction and tribo-charging operation for improved performances of an electrostatic separation process for granular plastic wastes\u201d PARTICUL SCI TECHNOL, 1548-0046, 2019.<\/p><p>11. MAAMMAR Mohamed, AKSA Wessim, BOUKHOULDA Mohamed Fodil, TOUHAMI Seddik, DASCALESCU Lucien and Thami Zeghloul, \u201cModeling and Simulation of Nonconductive Particles Trajectories in a Multifunctional Electrostatic Separator\u201d IEEE T IND APPL, Vol. 55, Issue 5, pp. 5244-5252, Sept-Oct 2019.<\/p><p>MAAMMAR Mohamed, Thami Zeghloul, AKSA Wessim, MEDLES Karim, BENABDERRAHMANE Ahlem, RENOUX Pascal and DASCALESCU Lucien, \u201cImproved mathematical model of particle trajectories in multimodal electrostatic separators\u201d Journal of Physics, Vol. 1322, 012020, 2019.<\/p><p>12. REZOUG Mohamed, AKSA Wessim, BOUKHOULDA Mohamed Fodil, MEDLES Karim and DASCALESCU Lucien, \u201cA novel tribo-electrostatic device for the treatment of granular waste plastics mixtures\u201d International Journal of Environmental Studies, Vol 76, Issue 2, pp. 225-235, 2019.<\/p><\/td><td>\u00a0<\/td><\/tr><\/tbody><\/table><p>\u00a0<\/p>\t\t\t\t\t\t\t\t<\/div>\n\t\t\t\t<\/div>\n\t\t\t\t\t<\/div>\n\t\t\t\t<\/div>\n\t\t<div class=\"elementor-element elementor-element-106874a e-flex e-con-boxed e-con e-parent\" data-id=\"106874a\" data-element_type=\"container\">\n\t\t\t\t\t<div class=\"e-con-inner\">\n\t\t\t\t<div class=\"elementor-element elementor-element-9362009 elementor-widget elementor-widget-heading\" data-id=\"9362009\" data-element_type=\"widget\" data-widget_type=\"heading.default\">\n\t\t\t\t<div class=\"elementor-widget-container\">\n\t\t\t\t\t<h2 class=\"elementor-heading-title elementor-size-default\">2. Communications :<\/h2>\t\t\t\t<\/div>\n\t\t\t\t<\/div>\n\t\t\t\t<div class=\"elementor-element elementor-element-9e82203 elementor-widget elementor-widget-text-editor\" data-id=\"9e82203\" data-element_type=\"widget\" data-widget_type=\"text-editor.default\">\n\t\t\t\t<div class=\"elementor-widget-container\">\n\t\t\t\t\t\t\t\t\t<table><tbody><tr><td><ol><li>W. Aksa, S. Touhami, M. Rezoug, K. Medles1, L. Dascalescu, \u00ab Simulation num\u00e9rique des trajectoires des particules isolantes dans le s\u00e9parateur tribo-a\u00e9ro-\u00e9lectrostatique \u00e0 deux \u00e9tages\u00a0\u00bb Soci\u00e9t\u00e9 Fran\u00e7aise d&rsquo;El\u00e9ctrostatique SFE 2016 Poitier France.<\/li><li>Rezoug, R. Messafeur, W.Aksa, K. Medles, M. Rahli, L. Dascalescu, \u00ab\u00a0S\u00e9parateur \u00e9lectrostatique \u00e0 bande conductrice pour le traitement des m\u00e9langes granulaires diversifi\u00e9s\u00a0\u00bb, Soci\u00e9t\u00e9 Fran\u00e7aise d&rsquo;El\u00e9ctrostatique SFE 2016 Poitier France.<\/li><li>M. F. Boukhoulda, M. Rezoug, K. Medles, W. Aksa, L. Dascalescu, \u201c Etude de la s\u00e9paration tribo-\u00e9lectrostatique de m\u00e9langes de plastiques granulaires\u00a0\u00bb, Soci\u00e9t\u00e9 Fran\u00e7aise d&rsquo;El\u00e9ctrostatique SFE 2016 Poitier France.<\/li><li>O. Dahou, S. Touhami, K. Medles , T. Zeghloul, L. Dascalescu, \u00ab\u00a0Etude comparative des techniques d\u2019intelligence artificielle dans le contexte du contr\u00f4le optimale d\u2019un s\u00e9parateur \u00e9lectrostatique industriel \u00e0 \u00e9lectrode rotative\u00a0\u00bb, Soci\u00e9t\u00e9 Fran\u00e7aise d&rsquo;El\u00e9ctrostatique SFE 2016 Poitier France.<\/li><\/ol><p>Hakima Labair, Seddik Touhami, Amar Tilmatine, Samir Hadjeri, Karim Medles, Lucien Dascalescu, \u00ab\u00a0Etude de la trajectoire des particules dans un s\u00e9parateur \u00e9lectrostatique \u00e0 chute libre\u00a0\u00bb, Soci\u00e9t\u00e9 Fran\u00e7aise d&rsquo;El\u00e9ctrostatique SFE 2016 Poitier France.<\/p><ol start=\"4\"><li>M. MAAMMAR, W. AKSA, M. F. BOUKHOULDA, S. TOUHAMI, L. DASCALESCU, Z. THAMI, \u00abSimulation nume\u0301rique des trajectoires des particules isolantes dans un s\u00e9parateur \u00e9lectrostatique multifonctionnel\u00a0\u00bb Soci\u00e9t\u00e9 Fran\u00e7aise d&rsquo;El\u00e9ctrostatique SFE 2018 Grenoble France.<\/li><li>S. TOUHAMI, W. AKSA, K. MEDLES, M. MAAMMAR, Z. THAMI, L. DASCALESCU, \u201cAnalyse de la trajectoire des particules isolantes dans un s\u00e9parateur \u00e9lectrostatique \u00e0 chute libre \u00e0 quartes \u00e9lectrodes cylindrique\u00a0\u00bb Soci\u00e9t\u00e9 Fran\u00e7aise d&rsquo;El\u00e9ctrostatique SFE 2018 Grenoble France.<\/li><li>M. MAAMMAR, W. AKSA, M. F. BOUKHOULDA, S. TOUHAMI, L. DASCALESCU, Z. THAMI, \u00abNumerical simulation of insulating particles trajectories in a multifunctional electrostatic separator\u201d, Electrostatics Joint Conference 2018 Boston USA.<\/li><li>S. TOUHAMI, W. AKSA, K. MEDLES, M. MAAMMAR, Z. THAMI, L. DASCALESCU, \u201cAnalysis of the trajectory of insulating particles in a free fall electrostatic separator with four cylindrical electrodes\u201d \u201d, Electrostatics Joint Conference 2018 Boston USA.<\/li><li>RERIBALLAH, W. AKSA, S. TOUHAMI, K. MEDLES, Z. THAMI, L. DASCALESCU, \u201cExperimental analysis of the operation of a free-fall separator equipped with four rotating cylinders\u201d Annual Meeting IAS IEEE 2019 Baltimore USA.<\/li><li>M. F. BOUKHOULDA, M. REZOUG, W. AKSA, K. MEDLES, Z. THAMI, \u201cExperimental study of a new tribocharging device for the electrostatic separation of mixed granular insulating materials\u201d Annual Meeting IAS IEEE 2019 Baltimore USA.<\/li><li>M. MAAMMAR, K. MEDLES, W. AKSA, S. TOUHAMI, Z. THAMI, L. DASCALESCU, \u201c Validation of the numerical model of particle trajectories in a multifunctional electrostatic separator\u201d Annual Meeting IAS IEEE 2019 Baltimore USA.<\/li><\/ol><\/td><td><p>\u00a0<\/p><\/td><\/tr><\/tbody><\/table>\t\t\t\t\t\t\t\t<\/div>\n\t\t\t\t<\/div>\n\t\t\t\t\t<\/div>\n\t\t\t\t<\/div>\n\t\t<div class=\"elementor-element elementor-element-5f32c56 e-flex e-con-boxed e-con e-parent\" data-id=\"5f32c56\" data-element_type=\"container\">\n\t\t\t\t\t<div class=\"e-con-inner\">\n\t\t\t\t<div class=\"elementor-element elementor-element-ecc7cfa elementor-widget elementor-widget-heading\" data-id=\"ecc7cfa\" data-element_type=\"widget\" data-widget_type=\"heading.default\">\n\t\t\t\t<div class=\"elementor-widget-container\">\n\t\t\t\t\t<h2 class=\"elementor-heading-title elementor-size-default\">3. Autres<\/h2>\t\t\t\t<\/div>\n\t\t\t\t<\/div>\n\t\t\t\t\t<\/div>\n\t\t\t\t<\/div>\n\t\t\t\t<\/div>\n\t\t","protected":false},"excerpt":{"rendered":"<p>Production scientifique de l&rsquo;\u00e9quipe1 1. Publications internationales : 1.\u00a0THAMI Zeghloul, TOUHAMI Seddik, GONTRAN Richard, MILOUDI Mohamed, DAHOU Omar and DASCALESCU Lucien, \u201c\u00a0Optimal Operation of a Plate-Type Corona-Electrostatic Separator for the Recovery of Metals and Plastics from Granular Wastes\u201d, IEEE T IND APPL, Vol 52, Issue 3, pp : 2506-2512, May-June 2016. 2.\u00a0BOUKHOULDA Mohamed Fodil, REZOUG [&hellip;]<\/p>\n","protected":false},"author":1,"featured_media":0,"parent":0,"menu_order":0,"comment_status":"closed","ping_status":"closed","template":"","meta":{"footnotes":""},"class_list":["post-927","page","type-page","status-publish","hentry","entry"],"_links":{"self":[{"href":"https:\/\/www.univ-sba.dz\/irecom\/wp-json\/wp\/v2\/pages\/927","targetHints":{"allow":["GET"]}}],"collection":[{"href":"https:\/\/www.univ-sba.dz\/irecom\/wp-json\/wp\/v2\/pages"}],"about":[{"href":"https:\/\/www.univ-sba.dz\/irecom\/wp-json\/wp\/v2\/types\/page"}],"author":[{"embeddable":true,"href":"https:\/\/www.univ-sba.dz\/irecom\/wp-json\/wp\/v2\/users\/1"}],"replies":[{"embeddable":true,"href":"https:\/\/www.univ-sba.dz\/irecom\/wp-json\/wp\/v2\/comments?post=927"}],"version-history":[{"count":10,"href":"https:\/\/www.univ-sba.dz\/irecom\/wp-json\/wp\/v2\/pages\/927\/revisions"}],"predecessor-version":[{"id":1238,"href":"https:\/\/www.univ-sba.dz\/irecom\/wp-json\/wp\/v2\/pages\/927\/revisions\/1238"}],"wp:attachment":[{"href":"https:\/\/www.univ-sba.dz\/irecom\/wp-json\/wp\/v2\/media?parent=927"}],"curies":[{"name":"wp","href":"https:\/\/api.w.org\/{rel}","templated":true}]}}