{"id":7,"date":"2025-05-28T15:36:36","date_gmt":"2025-05-28T13:36:36","guid":{"rendered":"https:\/\/www.univ-sba.dz\/lecm\/?page_id=7"},"modified":"2025-09-16T12:00:56","modified_gmt":"2025-09-16T10:00:56","slug":"accueil","status":"publish","type":"page","link":"https:\/\/www.univ-sba.dz\/lecm\/","title":{"rendered":"Accueil"},"content":{"rendered":"\t\t<div data-elementor-type=\"wp-page\" data-elementor-id=\"7\" class=\"elementor elementor-7\">\n\t\t\t\t<div class=\"elementor-element elementor-element-083df0a e-con-full e-flex e-con e-parent\" data-id=\"083df0a\" data-element_type=\"container\">\n\t\t\t\t<div class=\"elementor-element elementor-element-ab2c4df elementor-widget elementor-widget-image\" data-id=\"ab2c4df\" data-element_type=\"widget\" data-widget_type=\"image.default\">\n\t\t\t\t<div class=\"elementor-widget-container\">\n\t\t\t\t\t\t\t\t\t\t\t\t\t\t\t<img fetchpriority=\"high\" decoding=\"async\" width=\"1897\" height=\"738\" src=\"https:\/\/www.univ-sba.dz\/lecm\/wp-content\/uploads\/2025\/08\/Capture1.png\" class=\"attachment-full size-full wp-image-870\" alt=\"\" srcset=\"https:\/\/www.univ-sba.dz\/lecm\/wp-content\/uploads\/2025\/08\/Capture1.png 1897w, https:\/\/www.univ-sba.dz\/lecm\/wp-content\/uploads\/2025\/08\/Capture1-300x117.png 300w, https:\/\/www.univ-sba.dz\/lecm\/wp-content\/uploads\/2025\/08\/Capture1-1024x398.png 1024w, https:\/\/www.univ-sba.dz\/lecm\/wp-content\/uploads\/2025\/08\/Capture1-768x299.png 768w, https:\/\/www.univ-sba.dz\/lecm\/wp-content\/uploads\/2025\/08\/Capture1-1536x598.png 1536w\" sizes=\"(max-width: 1897px) 100vw, 1897px\" \/>\t\t\t\t\t\t\t\t\t\t\t\t\t\t\t<\/div>\n\t\t\t\t<\/div>\n\t\t\t\t<\/div>\n\t\t<div class=\"elementor-element elementor-element-c673ef0 e-flex e-con-boxed e-con e-parent\" data-id=\"c673ef0\" data-element_type=\"container\">\n\t\t\t\t\t<div class=\"e-con-inner\">\n\t\t\t\t<div class=\"elementor-element elementor-element-c47494f elementor-invisible elementor-widget elementor-widget-heading\" data-id=\"c47494f\" data-element_type=\"widget\" data-settings=\"{&quot;_animation&quot;:&quot;slideInRight&quot;}\" data-widget_type=\"heading.default\">\n\t\t\t\t<div class=\"elementor-widget-container\">\n\t\t\t\t\t<h2 class=\"elementor-heading-title elementor-size-default\">Elaboration et caract\u00e9risation \n<\/h2>\t\t\t\t<\/div>\n\t\t\t\t<\/div>\n\t\t\t\t<div class=\"elementor-element elementor-element-2e14df0 elementor-invisible elementor-widget elementor-widget-heading\" data-id=\"2e14df0\" data-element_type=\"widget\" data-settings=\"{&quot;_animation&quot;:&quot;slideInRight&quot;}\" data-widget_type=\"heading.default\">\n\t\t\t\t<div class=\"elementor-widget-container\">\n\t\t\t\t\t<h2 class=\"elementor-heading-title elementor-size-default\">des mat\u00e9riaux <\/h2>\t\t\t\t<\/div>\n\t\t\t\t<\/div>\n\t\t\t\t\t<\/div>\n\t\t\t\t<\/div>\n\t\t<div class=\"elementor-element elementor-element-a264324 e-con-full e-flex e-con e-parent\" data-id=\"a264324\" data-element_type=\"container\" data-settings=\"{&quot;background_background&quot;:&quot;classic&quot;}\">\n\t\t<div class=\"elementor-element elementor-element-9db8e20 e-con-full e-flex e-con e-child\" data-id=\"9db8e20\" data-element_type=\"container\">\n\t\t\t\t<div class=\"elementor-element elementor-element-7fbc41b elementor-widget elementor-widget-image\" data-id=\"7fbc41b\" data-element_type=\"widget\" data-widget_type=\"image.default\">\n\t\t\t\t<div class=\"elementor-widget-container\">\n\t\t\t\t\t\t\t\t\t\t\t\t\t\t\t<img decoding=\"async\" width=\"930\" height=\"814\" src=\"https:\/\/www.univ-sba.dz\/lecm\/wp-content\/uploads\/2025\/06\/Khadraoui.png\" class=\"attachment-full size-full wp-image-607\" alt=\"\" srcset=\"https:\/\/www.univ-sba.dz\/lecm\/wp-content\/uploads\/2025\/06\/Khadraoui.png 930w, https:\/\/www.univ-sba.dz\/lecm\/wp-content\/uploads\/2025\/06\/Khadraoui-300x263.png 300w, https:\/\/www.univ-sba.dz\/lecm\/wp-content\/uploads\/2025\/06\/Khadraoui-768x672.png 768w\" sizes=\"(max-width: 930px) 100vw, 930px\" \/>\t\t\t\t\t\t\t\t\t\t\t\t\t\t\t<\/div>\n\t\t\t\t<\/div>\n\t\t\t\t<\/div>\n\t\t<div class=\"elementor-element elementor-element-47adcaf e-con-full e-flex e-con e-child\" data-id=\"47adcaf\" data-element_type=\"container\">\n\t\t\t\t<div class=\"elementor-element elementor-element-ca6330f elementor-widget elementor-widget-spacer\" data-id=\"ca6330f\" data-element_type=\"widget\" data-widget_type=\"spacer.default\">\n\t\t\t\t<div class=\"elementor-widget-container\">\n\t\t\t\t\t\t\t<div class=\"elementor-spacer\">\n\t\t\t<div class=\"elementor-spacer-inner\"><\/div>\n\t\t<\/div>\n\t\t\t\t\t\t<\/div>\n\t\t\t\t<\/div>\n\t\t\t\t<div class=\"elementor-element elementor-element-84e09e2 elementor-invisible elementor-widget elementor-widget-heading\" data-id=\"84e09e2\" data-element_type=\"widget\" data-settings=\"{&quot;_animation&quot;:&quot;zoomIn&quot;}\" data-widget_type=\"heading.default\">\n\t\t\t\t<div class=\"elementor-widget-container\">\n\t\t\t\t\t<h3 class=\"elementor-heading-title elementor-size-default\">Mot de Directeur <\/h3>\t\t\t\t<\/div>\n\t\t\t\t<\/div>\n\t\t\t\t<div class=\"elementor-element elementor-element-03a442e elementor-widget elementor-widget-heading\" data-id=\"03a442e\" data-element_type=\"widget\" data-widget_type=\"heading.default\">\n\t\t\t\t<div class=\"elementor-widget-container\">\n\t\t\t\t\t<h2 class=\"elementor-heading-title elementor-size-default\">Professeur khadraoui Mohamed<\/h2>\t\t\t\t<\/div>\n\t\t\t\t<\/div>\n\t\t\t\t<div class=\"elementor-element elementor-element-8656a1b elementor-widget elementor-widget-text-editor\" data-id=\"8656a1b\" data-element_type=\"widget\" data-widget_type=\"text-editor.default\">\n\t\t\t\t<div class=\"elementor-widget-container\">\n\t\t\t\t\t\t\t\t\t<p>Bienvenue \u00e0 la Facult\u00e9 de G\u00e9nie \u00c9lectrique. Au nom de toute la communaut\u00e9 de la Facult\u00e9 de G\u00e9nie \u00c9lectrique, j\u2019ai le plaisir de vous souhaiter la bienvenue. Notre facult\u00e9 est un lieu d\u2019excellence o\u00f9 l\u2019innovation, le savoir et l\u2019engagement se rencontrent pour former les cadres de demain. Nous sommes fiers d\u2019offrir des programmes d\u2019enseignement de haute qualit\u00e9, alliant des bases th\u00e9oriques solides \u00e0 des applications pratiques dans un environnement acad\u00e9mique dynamique et pluridisciplinaire. Notre \u00e9quipe p\u00e9dagogique et de recherche s\u2019investit pleinement pour accompagner chaque \u00e9tudiant vers la r\u00e9ussite et l\u2019\u00e9panouissement personnel. Nous encourageons \u00e9galement la collaboration avec le secteur industriel et la recherche scientifique afin de d\u00e9velopper des solutions technologiques r\u00e9pondant aux d\u00e9fis actuels et futurs.<\/p>\t\t\t\t\t\t\t\t<\/div>\n\t\t\t\t<\/div>\n\t\t\t\t<\/div>\n\t\t\t\t<\/div>\n\t\t<div class=\"elementor-element elementor-element-ba1635b e-con-full e-flex e-con e-parent\" data-id=\"ba1635b\" data-element_type=\"container\">\n\t\t<div class=\"elementor-element elementor-element-a8b8028 e-con-full e-flex e-con e-child\" data-id=\"a8b8028\" data-element_type=\"container\">\n\t\t\t\t<div class=\"elementor-element elementor-element-86b0292 elementor-widget elementor-widget-image\" data-id=\"86b0292\" data-element_type=\"widget\" data-widget_type=\"image.default\">\n\t\t\t\t<div class=\"elementor-widget-container\">\n\t\t\t\t\t\t\t\t\t\t\t\t\t\t\t<img decoding=\"async\" width=\"2560\" height=\"1183\" src=\"https:\/\/www.univ-sba.dz\/lecm\/wp-content\/uploads\/2025\/08\/IMG_20220619_093645-scaled.jpg\" class=\"attachment-full size-full wp-image-844\" alt=\"\" srcset=\"https:\/\/www.univ-sba.dz\/lecm\/wp-content\/uploads\/2025\/08\/IMG_20220619_093645-scaled.jpg 2560w, https:\/\/www.univ-sba.dz\/lecm\/wp-content\/uploads\/2025\/08\/IMG_20220619_093645-300x139.jpg 300w, https:\/\/www.univ-sba.dz\/lecm\/wp-content\/uploads\/2025\/08\/IMG_20220619_093645-1024x473.jpg 1024w, https:\/\/www.univ-sba.dz\/lecm\/wp-content\/uploads\/2025\/08\/IMG_20220619_093645-768x355.jpg 768w, https:\/\/www.univ-sba.dz\/lecm\/wp-content\/uploads\/2025\/08\/IMG_20220619_093645-1536x710.jpg 1536w, https:\/\/www.univ-sba.dz\/lecm\/wp-content\/uploads\/2025\/08\/IMG_20220619_093645-2048x946.jpg 2048w\" sizes=\"(max-width: 2560px) 100vw, 2560px\" \/>\t\t\t\t\t\t\t\t\t\t\t\t\t\t\t<\/div>\n\t\t\t\t<\/div>\n\t\t\t\t<\/div>\n\t\t<div class=\"elementor-element elementor-element-f3fa87b e-con-full e-flex e-con e-child\" data-id=\"f3fa87b\" data-element_type=\"container\">\n\t\t\t\t<div class=\"elementor-element elementor-element-064ae1a elementor-invisible elementor-widget elementor-widget-heading\" data-id=\"064ae1a\" data-element_type=\"widget\" data-settings=\"{&quot;_animation&quot;:&quot;zoomIn&quot;}\" data-widget_type=\"heading.default\">\n\t\t\t\t<div class=\"elementor-widget-container\">\n\t\t\t\t\t<h3 class=\"elementor-heading-title elementor-size-default\">Pr\u00e9sentation du Laboratoire LECM<\/h3>\t\t\t\t<\/div>\n\t\t\t\t<\/div>\n\t\t\t\t<div class=\"elementor-element elementor-element-00a60d3 elementor-widget elementor-widget-text-editor\" data-id=\"00a60d3\" data-element_type=\"widget\" data-widget_type=\"text-editor.default\">\n\t\t\t\t<div class=\"elementor-widget-container\">\n\t\t\t\t\t\t\t\t\t<p>Bienvenue \u00e0 la Facult\u00e9 de G\u00e9nie \u00c9lectrique. Au nom de toute la communaut\u00e9 de la Facult\u00e9 de G\u00e9nie \u00c9lectrique, j\u2019ai le plaisir de vous souhaiter la bienvenue. Notre facult\u00e9 est un lieu d\u2019excellence o\u00f9 l\u2019innovation, le savoir et l\u2019engagement se rencontrent pour former les cadres de demain. Nous sommes fiers d\u2019offrir des programmes d\u2019enseignement de haute qualit\u00e9, alliant des bases th\u00e9oriques solides \u00e0 des applications pratiques dans un environnement acad\u00e9mique dynamique et pluridisciplinaire. Notre \u00e9quipe p\u00e9dagogique et de recherche s\u2019investit pleinement pour accompagner chaque \u00e9tudiant vers la r\u00e9ussite et l\u2019\u00e9panouissement personnel. Nous encourageons \u00e9galement la collaboration avec le secteur industriel et la recherche scientifique afin de d\u00e9velopper des solutions technologiques r\u00e9pondant aux d\u00e9fis actuels et futurs.<\/p>\t\t\t\t\t\t\t\t<\/div>\n\t\t\t\t<\/div>\n\t\t\t\t<\/div>\n\t\t\t\t<\/div>\n\t\t\t\t<\/div>\n\t\t","protected":false},"excerpt":{"rendered":"<p>Elaboration et caract\u00e9risation des mat\u00e9riaux Mot de Directeur Professeur khadraoui Mohamed Bienvenue \u00e0 la Facult\u00e9 de G\u00e9nie \u00c9lectrique. Au nom de toute la communaut\u00e9 de la Facult\u00e9 de G\u00e9nie \u00c9lectrique, j\u2019ai le plaisir de vous souhaiter la bienvenue. Notre facult\u00e9 est un lieu d\u2019excellence o\u00f9 l\u2019innovation, le savoir et l\u2019engagement se rencontrent pour former les [&hellip;]<\/p>\n","protected":false},"author":1,"featured_media":0,"parent":0,"menu_order":0,"comment_status":"closed","ping_status":"closed","template":"","meta":{"footnotes":""},"class_list":["post-7","page","type-page","status-publish","hentry","entry"],"_links":{"self":[{"href":"https:\/\/www.univ-sba.dz\/lecm\/wp-json\/wp\/v2\/pages\/7","targetHints":{"allow":["GET"]}}],"collection":[{"href":"https:\/\/www.univ-sba.dz\/lecm\/wp-json\/wp\/v2\/pages"}],"about":[{"href":"https:\/\/www.univ-sba.dz\/lecm\/wp-json\/wp\/v2\/types\/page"}],"author":[{"embeddable":true,"href":"https:\/\/www.univ-sba.dz\/lecm\/wp-json\/wp\/v2\/users\/1"}],"replies":[{"embeddable":true,"href":"https:\/\/www.univ-sba.dz\/lecm\/wp-json\/wp\/v2\/comments?post=7"}],"version-history":[{"count":326,"href":"https:\/\/www.univ-sba.dz\/lecm\/wp-json\/wp\/v2\/pages\/7\/revisions"}],"predecessor-version":[{"id":1153,"href":"https:\/\/www.univ-sba.dz\/lecm\/wp-json\/wp\/v2\/pages\/7\/revisions\/1153"}],"wp:attachment":[{"href":"https:\/\/www.univ-sba.dz\/lecm\/wp-json\/wp\/v2\/media?parent=7"}],"curies":[{"name":"wp","href":"https:\/\/api.w.org\/{rel}","templated":true}]}}