{"id":2265,"date":"2024-11-28T11:19:23","date_gmt":"2024-11-28T10:19:23","guid":{"rendered":"http:\/\/www.univ-sba.dz\/lla\/?page_id=2265"},"modified":"2025-08-28T05:42:55","modified_gmt":"2025-08-28T03:42:55","slug":"%d9%86%d8%aa%d8%a7%d8%a6%d8%ac-%d8%a7%d9%84%d8%a7%d9%85%d8%aa%d8%ad%d8%a7%d9%86%d8%a7%d8%aa","status":"publish","type":"page","link":"https:\/\/www.univ-sba.dz\/lla\/%d9%86%d8%aa%d8%a7%d8%a6%d8%ac-%d8%a7%d9%84%d8%a7%d9%85%d8%aa%d8%ad%d8%a7%d9%86%d8%a7%d8%aa\/","title":{"rendered":"\u0646\u062a\u0627\u0626\u062c \u0627\u0644\u0627\u0645\u062a\u062d\u0627\u0646\u0627\u062a"},"content":{"rendered":"\t\t<div data-elementor-type=\"wp-page\" data-elementor-id=\"2265\" class=\"elementor elementor-2265\">\n\t\t\t\t<div data-ka-cursor-size=\"1\" class=\"elementor-element elementor-element-122e55f e-flex e-con-boxed e-con e-parent\" data-id=\"122e55f\" data-element_type=\"container\" data-e-type=\"container\" data-settings=\"{&quot;background_background&quot;:&quot;classic&quot;,&quot;kng_cursor_interaction&quot;:&quot;default&quot;,&quot;kng_cursor_magnetic&quot;:&quot;none&quot;,&quot;kng_cursor_size_multiplier&quot;:{&quot;unit&quot;:&quot;px&quot;,&quot;size&quot;:1,&quot;sizes&quot;:[]}}\">\n\t\t\t\t\t<div class=\"e-con-inner\">\n\t\t<div data-ka-cursor-size=\"1\" class=\"elementor-element elementor-element-d4f38d4 e-con-full e-grid e-con e-child\" data-id=\"d4f38d4\" data-element_type=\"container\" data-e-type=\"container\" data-settings=\"{&quot;kng_cursor_interaction&quot;:&quot;default&quot;,&quot;kng_cursor_magnetic&quot;:&quot;none&quot;,&quot;kng_cursor_size_multiplier&quot;:{&quot;unit&quot;:&quot;px&quot;,&quot;size&quot;:1,&quot;sizes&quot;:[]}}\">\n\t\t\t\t<div data-ka-cursor-size=\"1\" class=\"elementor-element elementor-element-c836491 elementor-widget elementor-widget-text-editor\" data-id=\"c836491\" data-element_type=\"widget\" data-e-type=\"widget\" data-settings=\"{&quot;kng_cursor_interaction&quot;:&quot;default&quot;,&quot;kng_cursor_magnetic&quot;:&quot;none&quot;,&quot;kng_cursor_size_multiplier&quot;:{&quot;unit&quot;:&quot;px&quot;,&quot;size&quot;:1,&quot;sizes&quot;:[]}}\" data-widget_type=\"text-editor.default\">\n\t\t\t\t<div class=\"elementor-widget-container\">\n\t\t\t\t\t\t\t\t\t<style>\n.header-title {\n  text-align: center;\n  font-size: 36px;\n  font-weight: 900; \/* texte bien gras *\/\n  color: #ffffff !important; \/* blanc forc\u00e9 *\/\n  text-shadow: 2px 2px 4px rgba(0,0,0,0.5), \n               -2px -2px 4px rgba(0,0,0,0.3); \/* effet 3D l\u00e9ger *\/\n  animation: floatText 2s ease-in-out infinite alternate;\n}\n\n@keyframes floatText {\n  0% { transform: translateY(0px); }\n  50% { transform: translateY(-8px); }\n  100% { transform: translateY(0px); }\n}\n<\/style>\n\n<h1 class=\"header-title\">\u0646\u062a\u0627\u0626\u062c \u0627\u0644\u0625\u0645\u062a\u062d\u0627\u0646\u0627\u062a<\/h1>\n\t\t\t\t\t\t\t\t<\/div>\n\t\t\t\t<\/div>\n\t\t\t\t<\/div>\n\t\t\t\t\t<\/div>\n\t\t\t\t<\/div>\n\t\t<div data-ka-cursor-size=\"1\" class=\"elementor-element elementor-element-983b297 e-flex e-con-boxed e-con e-parent\" data-id=\"983b297\" data-element_type=\"container\" data-e-type=\"container\" data-settings=\"{&quot;kng_cursor_interaction&quot;:&quot;default&quot;,&quot;kng_cursor_magnetic&quot;:&quot;none&quot;,&quot;kng_cursor_size_multiplier&quot;:{&quot;unit&quot;:&quot;px&quot;,&quot;size&quot;:1,&quot;sizes&quot;:[]}}\">\n\t\t\t\t\t<div class=\"e-con-inner\">\n\t\t<div data-ka-cursor-size=\"1\" class=\"elementor-element elementor-element-858522f e-con-full e-flex e-con e-child\" data-id=\"858522f\" data-element_type=\"container\" data-e-type=\"container\" data-settings=\"{&quot;kng_cursor_interaction&quot;:&quot;default&quot;,&quot;kng_cursor_magnetic&quot;:&quot;none&quot;,&quot;kng_cursor_size_multiplier&quot;:{&quot;unit&quot;:&quot;px&quot;,&quot;size&quot;:1,&quot;sizes&quot;:[]}}\">\n\t\t\t\t<div data-ka-cursor-size=\"1\" class=\"elementor-element elementor-element-b9637cf elementor-widget elementor-widget-text-editor\" data-id=\"b9637cf\" data-element_type=\"widget\" data-e-type=\"widget\" data-settings=\"{&quot;kng_cursor_interaction&quot;:&quot;default&quot;,&quot;kng_cursor_magnetic&quot;:&quot;none&quot;,&quot;kng_cursor_size_multiplier&quot;:{&quot;unit&quot;:&quot;px&quot;,&quot;size&quot;:1,&quot;sizes&quot;:[]}}\" data-widget_type=\"text-editor.default\">\n\t\t\t\t<div class=\"elementor-widget-container\">\n\t\t\t\t\t\t\t\t\t<style>\n.services-container {\n  max-width: 700px;\n  margin: 30px auto;\n  font-family: Arial, sans-serif;\n  direction: rtl;\n  font-size: 18px;\n  line-height: 1.6;\n}\n\n\/* Animation fade-in lourde avec delay pour chaque \u00e9l\u00e9ment *\/\n.services-list li {\n  opacity: 0;\n  transform: translateY(50px); \/* plus lourd, plus de d\u00e9placement *\/\n  animation: fadeInUp 1.5s forwards; \/* dur\u00e9e plus longue pour ralentir l'effet *\/\n}\n\n\/* Delai pour chaque \u00e9l\u00e9ment pour appara\u00eetre un par un *\/\n.services-list li:nth-child(1) { animation-delay: 0.4s; }\n.services-list li:nth-child(2) { animation-delay: 0.9s; }\n.services-list li:nth-child(3) { animation-delay: 1.4s; }\n.services-list li:nth-child(4) { animation-delay: 1.9s; }\n.services-list li:nth-child(5) { animation-delay: 2.4s; }\n\n@keyframes fadeInUp {\n  to {\n    opacity: 1;\n    transform: translateY(0);\n  }\n}\n<\/style>\n\n<div class=\"services-container\">\n\n\u0646\u0636\u0639 \u062a\u062d\u062a \u062a\u0635\u0631\u0641 \u0627\u0644\u0637\u0644\u0628\u0629 \u062a\u0637\u0628\u064a\u0642 \u0628\u0631\u0648\u063a\u0631\u0633 \u0623\u0646\u062f\u0631\u0648\u064a\u062f \u064a\u0645\u0643\u0646\u0647\u0645 \u0645\u0646 \u0645\u062a\u0627\u0628\u0639\u0629 \u062a\u0645\u062f\u0631\u0633\u0647\u0645 \u0628\u0643\u0644\u064a\u0629 \u0627\u0644\u0627\u062f\u0627\u0628 \u0648 \u0627\u0644\u0644\u063a\u0627\u062a \u0648 \u0627\u0644\u0641\u0646\u0648\u0646 \u2013 \u062c\u0627\u0645\u0639\u0629 \u062c\u064a\u0644\u0627\u0644\u064a \u0644\u064a\u0627\u0628\u0633 \u2013 \u0633\u064a\u062f\u064a \u0628\u0644\u0639\u0628\u0627\u0633.\n\n\u0639\u0628\u0631 \u0627\u0644\u062a\u0637\u0628\u064a\u0642 \u064a\u0645\u0643\u0646 \u0645\u0637\u0627\u0644\u0639\u0629:\n<ul class=\"services-list\">\n  <li>\u2013 \u0645\u062c\u0645\u0648\u0639\u0629 \u0627\u0644\u0637\u0627\u0644\u0628 \u0648\u0627\u0644\u0641\u0648\u062c<\/li>\n  <li>\u2013 \u0627\u0633\u062a\u0639\u0645\u0627\u0644 \u0627\u0644\u0632\u0645\u0646<\/li>\n  <li>\u2013 \u0646\u062a\u0627\u0626\u062c\u0643\u0645 \u0627\u0644\u062f\u0631\u0627\u0633\u064a\u0629<\/li>\n  <li>\u2013 \u0628\u0637\u0627\u0642\u0629 \u0627\u0644\u0637\u0627\u0644\u0628<\/li>\n  <li>\u2013 \u0645\u062a\u0627\u0628\u0639\u0629 \u0627\u0644\u062f\u064a\u0648\u0646 \u0648\u0627\u0644\u0639\u0637\u0644 \u0627\u0644\u0623\u0643\u0627\u062f\u064a\u0645\u064a\u0629 \u0648\u062e\u062f\u0645\u0627\u062a \u0623\u062e\u0631\u0649 \u063a\u0627\u064a\u0629 \u0641\u064a \u0627\u0644\u0623\u0647\u0645\u064a\u0629<\/li>\n<\/ul>\n<\/div>\n\t\t\t\t\t\t\t\t<\/div>\n\t\t\t\t<\/div>\n\t\t\t\t<\/div>\n\t\t<div data-ka-cursor-size=\"1\" class=\"elementor-element elementor-element-bfb2634 e-con-full e-flex e-con e-child\" data-id=\"bfb2634\" data-element_type=\"container\" data-e-type=\"container\" data-settings=\"{&quot;kng_cursor_interaction&quot;:&quot;default&quot;,&quot;kng_cursor_magnetic&quot;:&quot;none&quot;,&quot;kng_cursor_size_multiplier&quot;:{&quot;unit&quot;:&quot;px&quot;,&quot;size&quot;:1,&quot;sizes&quot;:[]}}\">\n\t\t\t\t<div data-ka-cursor-size=\"1\" class=\"elementor-element elementor-element-655a2d0 elementor-widget elementor-widget-image\" data-id=\"655a2d0\" data-element_type=\"widget\" data-e-type=\"widget\" data-settings=\"{&quot;kng_cursor_interaction&quot;:&quot;default&quot;,&quot;kng_cursor_magnetic&quot;:&quot;none&quot;,&quot;kng_cursor_size_multiplier&quot;:{&quot;unit&quot;:&quot;px&quot;,&quot;size&quot;:1,&quot;sizes&quot;:[]}}\" data-widget_type=\"image.default\">\n\t\t\t\t<div class=\"elementor-widget-container\">\n\t\t\t\t\t\t\t\t\t\t\t\t\t\t\t<img fetchpriority=\"high\" decoding=\"async\" width=\"764\" height=\"428\" src=\"https:\/\/www.univ-sba.dz\/lla\/wp-content\/uploads\/2025\/08\/Progress-SITE.jpg\" class=\"attachment-large size-large wp-image-3871\" alt=\"\" srcset=\"https:\/\/www.univ-sba.dz\/lla\/wp-content\/uploads\/2025\/08\/Progress-SITE.jpg 764w, https:\/\/www.univ-sba.dz\/lla\/wp-content\/uploads\/2025\/08\/Progress-SITE-300x168.jpg 300w\" sizes=\"(max-width: 764px) 100vw, 764px\" \/>\t\t\t\t\t\t\t\t\t\t\t\t\t\t\t<\/div>\n\t\t\t\t<\/div>\n\t\t\t\t<\/div>\n\t\t\t\t\t<\/div>\n\t\t\t\t<\/div>\n\t\t<div data-ka-cursor-size=\"1\" class=\"elementor-element elementor-element-6d9ee6d e-flex e-con-boxed e-con e-parent\" data-id=\"6d9ee6d\" data-element_type=\"container\" data-e-type=\"container\" data-settings=\"{&quot;kng_cursor_interaction&quot;:&quot;default&quot;,&quot;kng_cursor_magnetic&quot;:&quot;none&quot;,&quot;kng_cursor_size_multiplier&quot;:{&quot;unit&quot;:&quot;px&quot;,&quot;size&quot;:1,&quot;sizes&quot;:[]}}\">\n\t\t\t\t\t<div class=\"e-con-inner\">\n\t\t<div data-ka-cursor-size=\"1\" class=\"elementor-element elementor-element-cae5e8b e-con-full e-flex e-con e-child\" data-id=\"cae5e8b\" data-element_type=\"container\" data-e-type=\"container\" data-settings=\"{&quot;kng_cursor_interaction&quot;:&quot;default&quot;,&quot;kng_cursor_magnetic&quot;:&quot;none&quot;,&quot;kng_cursor_size_multiplier&quot;:{&quot;unit&quot;:&quot;px&quot;,&quot;size&quot;:1,&quot;sizes&quot;:[]}}\">\n\t\t\t\t<div data-ka-cursor-size=\"1\" class=\"elementor-element elementor-element-f9ef9c1 elementor-widget elementor-widget-text-editor\" data-id=\"f9ef9c1\" data-element_type=\"widget\" data-e-type=\"widget\" data-settings=\"{&quot;kng_cursor_interaction&quot;:&quot;default&quot;,&quot;kng_cursor_magnetic&quot;:&quot;none&quot;,&quot;kng_cursor_size_multiplier&quot;:{&quot;unit&quot;:&quot;px&quot;,&quot;size&quot;:1,&quot;sizes&quot;:[]}}\" data-widget_type=\"text-editor.default\">\n\t\t\t\t<div class=\"elementor-widget-container\">\n\t\t\t\t\t\t\t\t\t<style>\n\/* Animation pulse pour le lien *\/\n.pulse-link {\n  color: #0073e6;\n  text-decoration: none;\n  font-weight: bold;\n  display: inline-block;\n  animation: pulse 1.2s infinite;\n}\n\n@keyframes pulse {\n  0% { transform: scale(1); }\n  50% { transform: scale(1.1); }\n  100% { transform: scale(1); }\n}\n<\/style>\n\n<div style=\"\n  max-width: 700px; \n  margin: 20px auto; \n  font-family: Arial, sans-serif; \n  direction: rtl; \n  font-size: 18px; \n  line-height: 1.8; \n  background-color: #f0f0f0; \n  padding: 20px; \n  border-radius: 10px; \n  border: 3px dotted #0073e6;\n  box-shadow: 0 4px 12px rgba(0,0,0,0.1);\n  transition: all 0.3s ease;\n\">\n\n  <p><strong>\u0627\u0644\u062a\u0637\u0628\u064a\u0642 \u0633\u0647\u0644 \u0627\u0644\u0627\u0633\u062a\u0639\u0645\u0627\u0644\u060c \u064a\u0631\u062c\u0649 \u062a\u062d\u0645\u064a\u0644\u0647 \u0645\u0646 \u0647\u0646\u0627:<\/strong><\/p>\n  <p><a href=\"lien_telechargement_app.apk\" class=\"pulse-link\">\u062a\u062d\u0645\u064a\u0644 \u062a\u0637\u0628\u064a\u0642 \u0628\u0631\u0648\u063a\u0631\u0633 \u0623\u0646\u062f\u0631\u0648\u064a\u062f<\/a><\/p>\n\n  <hr style=\"margin: 20px 0;\">\n\n  <p><strong>\u0627\u0633\u0645 \u0627\u0644\u0645\u0633\u062a\u062e\u062f\u0645:<\/strong><\/p>\n  <p>\u064a\u062a\u0634\u0643\u0644 \u0645\u0646 \u0633\u0646\u0629 \u0627\u0644\u062d\u0635\u0648\u0644 \u0639\u0644\u0649 \u0627\u0644\u0628\u0643\u0627\u0644\u0648\u0631\u064a\u0627 + \u0631\u0642\u0645 \u0627\u0644\u062a\u0633\u062c\u064a\u0644 \u0627\u0644\u062e\u0627\u0635 \u0628\u0627\u0644\u0628\u0643\u0627\u0644\u0648\u0631\u064a\u0627\u060c \u0645\u062b\u0644\u0627: <strong>201932047863<\/strong><\/p>\n\n  <p><strong>\u0631\u0645\u0632 \u0627\u0644\u062f\u062e\u0648\u0644:<\/strong><\/p>\n  <p>\u0647\u0648 \u062a\u0627\u0631\u064a\u062e \u0645\u064a\u0644\u0627\u062f \u0627\u0644\u0637\u0627\u0644\u0628 (\u0627\u0644\u064a\u0648\u0645 \u0648\u0627\u0644\u0634\u0647\u0631 \u0648\u0627\u0644\u0633\u0646\u0629)\u060c \u0645\u062b\u0644\u0627: <strong>04041982<\/strong><\/p>\n\n<\/div>\n\t\t\t\t\t\t\t\t<\/div>\n\t\t\t\t<\/div>\n\t\t\t\t<\/div>\n\t\t\t\t<div data-ka-cursor-size=\"1\" class=\"elementor-element elementor-element-a114632 elementor-widget elementor-widget-image\" data-id=\"a114632\" data-element_type=\"widget\" data-e-type=\"widget\" data-settings=\"{&quot;kng_cursor_interaction&quot;:&quot;default&quot;,&quot;kng_cursor_magnetic&quot;:&quot;none&quot;,&quot;kng_cursor_size_multiplier&quot;:{&quot;unit&quot;:&quot;px&quot;,&quot;size&quot;:1,&quot;sizes&quot;:[]}}\" data-widget_type=\"image.default\">\n\t\t\t\t<div class=\"elementor-widget-container\">\n\t\t\t\t\t\t\t\t\t\t\t\t\t\t\t<img decoding=\"async\" width=\"181\" height=\"358\" src=\"https:\/\/www.univ-sba.dz\/lla\/wp-content\/uploads\/2025\/08\/PROGRESS.png\" class=\"attachment-large size-large wp-image-3873\" alt=\"\" srcset=\"https:\/\/www.univ-sba.dz\/lla\/wp-content\/uploads\/2025\/08\/PROGRESS.png 181w, https:\/\/www.univ-sba.dz\/lla\/wp-content\/uploads\/2025\/08\/PROGRESS-152x300.png 152w\" sizes=\"(max-width: 181px) 100vw, 181px\" \/>\t\t\t\t\t\t\t\t\t\t\t\t\t\t\t<\/div>\n\t\t\t\t<\/div>\n\t\t\t\t\t<\/div>\n\t\t\t\t<\/div>\n\t\t\t\t<\/div>\n\t\t","protected":false},"excerpt":{"rendered":"<p>\u0646\u062a\u0627\u0626\u062c \u0627\u0644\u0625\u0645\u062a\u062d\u0627\u0646\u0627\u062a \u0646\u0636\u0639 \u062a\u062d\u062a \u062a\u0635\u0631\u0641 \u0627\u0644\u0637\u0644\u0628\u0629 \u062a\u0637\u0628\u064a\u0642 \u0628\u0631\u0648\u063a\u0631\u0633 \u0623\u0646\u062f\u0631\u0648\u064a\u062f \u064a\u0645\u0643\u0646\u0647\u0645 \u0645\u0646 \u0645\u062a\u0627\u0628\u0639\u0629 \u062a\u0645\u062f\u0631\u0633\u0647\u0645 \u0628\u0643\u0644\u064a\u0629 \u0627\u0644\u0627\u062f\u0627\u0628 \u0648 \u0627\u0644\u0644\u063a\u0627\u062a \u0648 \u0627\u0644\u0641\u0646\u0648\u0646 \u2013 \u062c\u0627\u0645\u0639\u0629 \u062c\u064a\u0644\u0627\u0644\u064a \u0644\u064a\u0627\u0628\u0633 \u2013 \u0633\u064a\u062f\u064a \u0628\u0644\u0639\u0628\u0627\u0633. \u0639\u0628\u0631 \u0627\u0644\u062a\u0637\u0628\u064a\u0642 \u064a\u0645\u0643\u0646 \u0645\u0637\u0627\u0644\u0639\u0629: \u2013 \u0645\u062c\u0645\u0648\u0639\u0629 \u0627\u0644\u0637\u0627\u0644\u0628 \u0648\u0627\u0644\u0641\u0648\u062c \u2013 \u0627\u0633\u062a\u0639\u0645\u0627\u0644 \u0627\u0644\u0632\u0645\u0646 \u2013 \u0646\u062a\u0627\u0626\u062c\u0643\u0645 \u0627\u0644\u062f\u0631\u0627\u0633\u064a\u0629 \u2013 \u0628\u0637\u0627\u0642\u0629 \u0627\u0644\u0637\u0627\u0644\u0628 \u2013 \u0645\u062a\u0627\u0628\u0639\u0629 \u0627\u0644\u062f\u064a\u0648\u0646 \u0648\u0627\u0644\u0639\u0637\u0644 \u0627\u0644\u0623\u0643\u0627\u062f\u064a\u0645\u064a\u0629 \u0648\u062e\u062f\u0645\u0627\u062a \u0623\u062e\u0631\u0649 \u063a\u0627\u064a\u0629 \u0641\u064a \u0627\u0644\u0623\u0647\u0645\u064a\u0629 \u0627\u0644\u062a\u0637\u0628\u064a\u0642 \u0633\u0647\u0644 [&hellip;]<\/p>\n","protected":false},"author":3,"featured_media":0,"parent":0,"menu_order":0,"comment_status":"closed","ping_status":"closed","template":"","meta":{"_crdt_document":"","site-sidebar-layout":"no-sidebar","site-content-layout":"page-builder","ast-site-content-layout":"default","site-content-style":"default","site-sidebar-style":"default","ast-global-header-display":"","ast-banner-title-visibility":"","ast-main-header-display":"","ast-hfb-above-header-display":"","ast-hfb-below-header-display":"","ast-hfb-mobile-header-display":"","site-post-title":"disabled","ast-breadcrumbs-content":"disabled","ast-featured-img":"disabled","footer-sml-layout":"","ast-disable-related-posts":"","theme-transparent-header-meta":"enabled","adv-header-id-meta":"","stick-header-meta":"","header-above-stick-meta":"","header-main-stick-meta":"","header-below-stick-meta":"","astra-migrate-meta-layouts":"default","ast-page-background-enabled":"default","ast-page-background-meta":{"desktop":{"background-color":"var(--ast-global-color-4)","background-image":"","background-repeat":"repeat","background-position":"center center","background-size":"auto","background-attachment":"scroll","background-type":"","background-media":"","overlay-type":"","overlay-color":"","overlay-opacity":"","overlay-gradient":""},"tablet":{"background-color":"","background-image":"","background-repeat":"repeat","background-position":"center center","background-size":"auto","background-attachment":"scroll","background-type":"","background-media":"","overlay-type":"","overlay-color":"","overlay-opacity":"","overlay-gradient":""},"mobile":{"background-color":"","background-image":"","background-repeat":"repeat","background-position":"center center","background-size":"auto","background-attachment":"scroll","background-type":"","background-media":"","overlay-type":"","overlay-color":"","overlay-opacity":"","overlay-gradient":""}},"ast-content-background-meta":{"desktop":{"background-color":"var(--ast-global-color-5)","background-image":"","background-repeat":"repeat","background-position":"center center","background-size":"auto","background-attachment":"scroll","background-type":"","background-media":"","overlay-type":"","overlay-color":"","overlay-opacity":"","overlay-gradient":""},"tablet":{"background-color":"var(--ast-global-color-5)","background-image":"","background-repeat":"repeat","background-position":"center center","background-size":"auto","background-attachment":"scroll","background-type":"","background-media":"","overlay-type":"","overlay-color":"","overlay-opacity":"","overlay-gradient":""},"mobile":{"background-color":"var(--ast-global-color-5)","background-image":"","background-repeat":"repeat","background-position":"center center","background-size":"auto","background-attachment":"scroll","background-type":"","background-media":"","overlay-type":"","overlay-color":"","overlay-opacity":"","overlay-gradient":""}},"footnotes":""},"class_list":["post-2265","page","type-page","status-publish","hentry"],"rttpg_featured_image_url":null,"rttpg_author":{"display_name":"admflla","author_link":"https:\/\/www.univ-sba.dz\/lla\/author\/admflla\/"},"rttpg_comment":0,"rttpg_category":" <a href=\"https:\/\/www.univ-sba.dz\/lla\/\" rel=\"tag\">\u0627\u0644\u0639\u0631\u0628\u064a\u0629<\/a>","rttpg_excerpt":"\u0646\u062a\u0627\u0626\u062c \u0627\u0644\u0625\u0645\u062a\u062d\u0627\u0646\u0627\u062a \u0646\u0636\u0639 \u062a\u062d\u062a \u062a\u0635\u0631\u0641 \u0627\u0644\u0637\u0644\u0628\u0629 \u062a\u0637\u0628\u064a\u0642 \u0628\u0631\u0648\u063a\u0631\u0633 \u0623\u0646\u062f\u0631\u0648\u064a\u062f \u064a\u0645\u0643\u0646\u0647\u0645 \u0645\u0646 \u0645\u062a\u0627\u0628\u0639\u0629 \u062a\u0645\u062f\u0631\u0633\u0647\u0645 \u0628\u0643\u0644\u064a\u0629 \u0627\u0644\u0627\u062f\u0627\u0628 \u0648 \u0627\u0644\u0644\u063a\u0627\u062a \u0648 \u0627\u0644\u0641\u0646\u0648\u0646 \u2013 \u062c\u0627\u0645\u0639\u0629 \u062c\u064a\u0644\u0627\u0644\u064a \u0644\u064a\u0627\u0628\u0633 \u2013 \u0633\u064a\u062f\u064a \u0628\u0644\u0639\u0628\u0627\u0633. \u0639\u0628\u0631 \u0627\u0644\u062a\u0637\u0628\u064a\u0642 \u064a\u0645\u0643\u0646 \u0645\u0637\u0627\u0644\u0639\u0629: \u2013 \u0645\u062c\u0645\u0648\u0639\u0629 \u0627\u0644\u0637\u0627\u0644\u0628 \u0648\u0627\u0644\u0641\u0648\u062c \u2013 \u0627\u0633\u062a\u0639\u0645\u0627\u0644 \u0627\u0644\u0632\u0645\u0646 \u2013 \u0646\u062a\u0627\u0626\u062c\u0643\u0645 \u0627\u0644\u062f\u0631\u0627\u0633\u064a\u0629 \u2013 \u0628\u0637\u0627\u0642\u0629 \u0627\u0644\u0637\u0627\u0644\u0628 \u2013 \u0645\u062a\u0627\u0628\u0639\u0629 \u0627\u0644\u062f\u064a\u0648\u0646 \u0648\u0627\u0644\u0639\u0637\u0644 \u0627\u0644\u0623\u0643\u0627\u062f\u064a\u0645\u064a\u0629 \u0648\u062e\u062f\u0645\u0627\u062a \u0623\u062e\u0631\u0649 \u063a\u0627\u064a\u0629 \u0641\u064a \u0627\u0644\u0623\u0647\u0645\u064a\u0629 \u0627\u0644\u062a\u0637\u0628\u064a\u0642 \u0633\u0647\u0644\u2026","_links":{"self":[{"href":"https:\/\/www.univ-sba.dz\/lla\/wp-json\/wp\/v2\/pages\/2265","targetHints":{"allow":["GET"]}}],"collection":[{"href":"https:\/\/www.univ-sba.dz\/lla\/wp-json\/wp\/v2\/pages"}],"about":[{"href":"https:\/\/www.univ-sba.dz\/lla\/wp-json\/wp\/v2\/types\/page"}],"author":[{"embeddable":true,"href":"https:\/\/www.univ-sba.dz\/lla\/wp-json\/wp\/v2\/users\/3"}],"replies":[{"embeddable":true,"href":"https:\/\/www.univ-sba.dz\/lla\/wp-json\/wp\/v2\/comments?post=2265"}],"version-history":[{"count":13,"href":"https:\/\/www.univ-sba.dz\/lla\/wp-json\/wp\/v2\/pages\/2265\/revisions"}],"predecessor-version":[{"id":3879,"href":"https:\/\/www.univ-sba.dz\/lla\/wp-json\/wp\/v2\/pages\/2265\/revisions\/3879"}],"wp:attachment":[{"href":"https:\/\/www.univ-sba.dz\/lla\/wp-json\/wp\/v2\/media?parent=2265"}],"curies":[{"name":"wp","href":"https:\/\/api.w.org\/{rel}","templated":true}]}}