{"id":3807,"date":"2025-08-28T03:36:18","date_gmt":"2025-08-28T01:36:18","guid":{"rendered":"https:\/\/www.univ-sba.dz\/lla\/?page_id=3807"},"modified":"2025-08-28T04:34:40","modified_gmt":"2025-08-28T02:34:40","slug":"%d9%82%d8%b3%d9%85-%d8%a7%d9%84%d9%84%d8%ba%d8%a9-%d8%a7%d9%84%d8%a7%d9%86%d8%ac%d9%84%d9%8a%d8%b2%d9%8a%d8%a9","status":"publish","type":"page","link":"https:\/\/www.univ-sba.dz\/lla\/%d9%82%d8%b3%d9%85-%d8%a7%d9%84%d9%84%d8%ba%d8%a9-%d8%a7%d9%84%d8%a7%d9%86%d8%ac%d9%84%d9%8a%d8%b2%d9%8a%d8%a9\/","title":{"rendered":"\u0642\u0633\u0645 \u0627\u0644\u0644\u063a\u0629 \u0627\u0644\u0627\u0646\u062c\u0644\u064a\u0632\u064a\u0629"},"content":{"rendered":"\t\t<div data-elementor-type=\"wp-page\" data-elementor-id=\"3807\" class=\"elementor elementor-3807\">\n\t\t\t\t<div data-ka-cursor-size=\"1\" class=\"elementor-element elementor-element-122e55f e-flex e-con-boxed e-con e-parent\" data-id=\"122e55f\" data-element_type=\"container\" data-e-type=\"container\" data-settings=\"{&quot;background_background&quot;:&quot;classic&quot;,&quot;kng_cursor_interaction&quot;:&quot;default&quot;,&quot;kng_cursor_magnetic&quot;:&quot;none&quot;,&quot;kng_cursor_size_multiplier&quot;:{&quot;unit&quot;:&quot;px&quot;,&quot;size&quot;:1,&quot;sizes&quot;:[]}}\">\n\t\t\t\t\t<div class=\"e-con-inner\">\n\t\t<div data-ka-cursor-size=\"1\" class=\"elementor-element elementor-element-d4f38d4 e-con-full e-grid e-con e-child\" data-id=\"d4f38d4\" data-element_type=\"container\" data-e-type=\"container\" data-settings=\"{&quot;kng_cursor_interaction&quot;:&quot;default&quot;,&quot;kng_cursor_magnetic&quot;:&quot;none&quot;,&quot;kng_cursor_size_multiplier&quot;:{&quot;unit&quot;:&quot;px&quot;,&quot;size&quot;:1,&quot;sizes&quot;:[]}}\">\n\t\t\t\t<div data-ka-cursor-size=\"1\" class=\"elementor-element elementor-element-86a3cf0 elementor-widget elementor-widget-text-editor\" data-id=\"86a3cf0\" data-element_type=\"widget\" data-e-type=\"widget\" data-settings=\"{&quot;kng_cursor_interaction&quot;:&quot;default&quot;,&quot;kng_cursor_magnetic&quot;:&quot;none&quot;,&quot;kng_cursor_size_multiplier&quot;:{&quot;unit&quot;:&quot;px&quot;,&quot;size&quot;:1,&quot;sizes&quot;:[]}}\" data-widget_type=\"text-editor.default\">\n\t\t\t\t<div class=\"elementor-widget-container\">\n\t\t\t\t\t\t\t\t\t<style>\n.header-title {\n  text-align: center;\n  font-size: 36px;\n  font-weight: 900; \/* texte bien gras *\/\n  color: #ffffff !important; \/* blanc forc\u00e9 *\/\n  text-shadow: 2px 2px 4px rgba(0,0,0,0.5), \n               -2px -2px 4px rgba(0,0,0,0.3); \/* effet 3D l\u00e9ger *\/\n  animation: floatText 2s ease-in-out infinite alternate;\n}\n\n@keyframes floatText {\n  0% { transform: translateY(0px); }\n  50% { transform: translateY(-8px); }\n  100% { transform: translateY(0px); }\n}\n<\/style>\n\n<h1 class=\"header-title\">\u0642\u0633\u0645 \u0627\u0644\u0644\u063a\u0629 \u0627\u0644\u0625\u0646\u062c\u0644\u064a\u0632\u064a\u0629<\/h1>\n\t\t\t\t\t\t\t\t<\/div>\n\t\t\t\t<\/div>\n\t\t\t\t<\/div>\n\t\t\t\t\t<\/div>\n\t\t\t\t<\/div>\n\t\t<div data-ka-cursor-size=\"1\" class=\"elementor-element elementor-element-2338203 e-flex e-con-boxed e-con e-parent\" data-id=\"2338203\" data-element_type=\"container\" data-e-type=\"container\" data-settings=\"{&quot;kng_cursor_interaction&quot;:&quot;default&quot;,&quot;kng_cursor_magnetic&quot;:&quot;none&quot;,&quot;kng_cursor_size_multiplier&quot;:{&quot;unit&quot;:&quot;px&quot;,&quot;size&quot;:1,&quot;sizes&quot;:[]}}\">\n\t\t\t\t\t<div class=\"e-con-inner\">\n\t\t<div data-ka-cursor-size=\"1\" class=\"elementor-element elementor-element-c4b4632 e-con-full e-flex e-con e-child\" data-id=\"c4b4632\" data-element_type=\"container\" data-e-type=\"container\" data-settings=\"{&quot;kng_cursor_interaction&quot;:&quot;default&quot;,&quot;kng_cursor_magnetic&quot;:&quot;none&quot;,&quot;kng_cursor_size_multiplier&quot;:{&quot;unit&quot;:&quot;px&quot;,&quot;size&quot;:1,&quot;sizes&quot;:[]}}\">\n\t\t\t\t<div data-ka-cursor-size=\"1\" class=\"elementor-element elementor-element-ab5ca06 elementor-widget elementor-widget-image\" data-id=\"ab5ca06\" data-element_type=\"widget\" data-e-type=\"widget\" data-settings=\"{&quot;kng_cursor_interaction&quot;:&quot;default&quot;,&quot;kng_cursor_magnetic&quot;:&quot;none&quot;,&quot;kng_cursor_size_multiplier&quot;:{&quot;unit&quot;:&quot;px&quot;,&quot;size&quot;:1,&quot;sizes&quot;:[]}}\" data-widget_type=\"image.default\">\n\t\t\t\t<div class=\"elementor-widget-container\">\n\t\t\t\t\t\t\t\t\t\t\t\t\t\t\t<img fetchpriority=\"high\" decoding=\"async\" width=\"375\" height=\"134\" src=\"https:\/\/www.univ-sba.dz\/lla\/wp-content\/uploads\/2025\/08\/images-3.jpg\" class=\"elementor-animation-grow attachment-large size-large wp-image-3821\" alt=\"\" srcset=\"https:\/\/www.univ-sba.dz\/lla\/wp-content\/uploads\/2025\/08\/images-3.jpg 375w, https:\/\/www.univ-sba.dz\/lla\/wp-content\/uploads\/2025\/08\/images-3-300x107.jpg 300w\" sizes=\"(max-width: 375px) 100vw, 375px\" \/>\t\t\t\t\t\t\t\t\t\t\t\t\t\t\t<\/div>\n\t\t\t\t<\/div>\n\t\t\t\t<\/div>\n\t\t<div data-ka-cursor-size=\"1\" class=\"elementor-element elementor-element-f621562 e-con-full e-flex e-con e-child\" data-id=\"f621562\" data-element_type=\"container\" data-e-type=\"container\" data-settings=\"{&quot;kng_cursor_interaction&quot;:&quot;default&quot;,&quot;kng_cursor_magnetic&quot;:&quot;none&quot;,&quot;kng_cursor_size_multiplier&quot;:{&quot;unit&quot;:&quot;px&quot;,&quot;size&quot;:1,&quot;sizes&quot;:[]}}\">\n\t\t<div data-ka-cursor-size=\"1\" class=\"elementor-element elementor-element-09c5307 e-con-full e-flex e-con e-child\" data-id=\"09c5307\" data-element_type=\"container\" data-e-type=\"container\" data-settings=\"{&quot;kng_cursor_interaction&quot;:&quot;default&quot;,&quot;kng_cursor_magnetic&quot;:&quot;none&quot;,&quot;kng_cursor_size_multiplier&quot;:{&quot;unit&quot;:&quot;px&quot;,&quot;size&quot;:1,&quot;sizes&quot;:[]}}\">\n\t\t\t\t<div data-ka-cursor-size=\"1\" class=\"elementor-element elementor-element-f227705 section-title-style-style1 elementor-widget elementor-widget-tpg-section-title\" data-id=\"f227705\" data-element_type=\"widget\" data-e-type=\"widget\" data-settings=\"{&quot;kng_cursor_interaction&quot;:&quot;default&quot;,&quot;kng_cursor_magnetic&quot;:&quot;none&quot;,&quot;kng_cursor_size_multiplier&quot;:{&quot;unit&quot;:&quot;px&quot;,&quot;size&quot;:1,&quot;sizes&quot;:[]}}\" data-widget_type=\"tpg-section-title.default\">\n\t\t\t\t<div class=\"elementor-widget-container\">\n\t\t\t\t\t\t\t<div class=\"rt-container-fluid rt-tpg-container tpg-el-main-wrapper clearfix  section-title-style-style1\">\n\t\t\t<div class='tpg-header-wrapper'>\n        <div class=\"tpg-widget-heading-wrapper rt-clear heading-style1 \">\n            <span class=\"tpg-widget-heading-line line-left\"><\/span>\n\t\t\t<h2 class='tpg-widget-heading'>\n\t\t\t\n\t\t\t\t                    <span>\n\t\t\t\t\t\t\u0645\u0639\u0644\u0648\u0645\u0627\u062a \u062d\u0648\u0644 \u0627\u0644\u0642\u0633\u0645 \t\t\t\t\t<\/span>\n\t\t\t\t\t\n\t\t\t\t\t\t\t<\/h2>            <span class=\"tpg-widget-heading-line line-right\"><\/span>\n\n\t\t\t\n        <\/div>\n\n\t\t\n\t\t<\/div>\t\t<\/div>\n\t\t\t\t\t\t<\/div>\n\t\t\t\t<\/div>\n\t\t\t\t<\/div>\n\t\t<div data-ka-cursor-size=\"1\" class=\"elementor-element elementor-element-f9406c0 e-con-full e-flex e-con e-child\" data-id=\"f9406c0\" data-element_type=\"container\" data-e-type=\"container\" data-settings=\"{&quot;kng_cursor_interaction&quot;:&quot;default&quot;,&quot;kng_cursor_magnetic&quot;:&quot;none&quot;,&quot;kng_cursor_size_multiplier&quot;:{&quot;unit&quot;:&quot;px&quot;,&quot;size&quot;:1,&quot;sizes&quot;:[]}}\">\n\t\t\t\t<div data-ka-cursor-size=\"1\" class=\"elementor-element elementor-element-1a559c6 elementor-widget__width-initial elementor-widget elementor-widget-text-editor\" data-id=\"1a559c6\" data-element_type=\"widget\" data-e-type=\"widget\" data-settings=\"{&quot;kng_cursor_interaction&quot;:&quot;default&quot;,&quot;kng_cursor_magnetic&quot;:&quot;none&quot;,&quot;kng_cursor_size_multiplier&quot;:{&quot;unit&quot;:&quot;px&quot;,&quot;size&quot;:1,&quot;sizes&quot;:[]}}\" data-widget_type=\"text-editor.default\">\n\t\t\t\t<div class=\"elementor-widget-container\">\n\t\t\t\t\t\t\t\t\t<style>\n\/* Style global de la liste *\/\n.interactive-list {\n  list-style: none;\n  padding: 0;\n  margin: 0;\n  direction: rtl;\n  font-weight: bold;\n}\n\n\/* Style des items *\/\n.interactive-list li {\n  margin: 8px 0;\n  display: flex;\n  flex-direction: row;\n  align-items: center;\n  gap: 6px;\n  position: relative;\n  cursor: pointer;\n  color: #000;\n  transition: color 0.3s;\n}\n\n\/* Changement couleur au survol *\/\n.interactive-list li:hover {\n  color: #0073e6;\n}\n\n\/* Tooltip \/ fen\u00eatre info *\/\n.tooltip {\n  display: none;\n  position: absolute;\n  top: 100%; \/* sous l\u2019item *\/\n  left: 0;\n  background: #ffffff;\n  color: #000;\n  padding: 12px;\n  border: 1px solid #0073e6;\n  border-radius: 8px;\n  box-shadow: 0 4px 12px rgba(0,0,0,0.2);\n  min-width: 220px;\n  z-index: 100;\n  opacity: 0;\n  transform: translateY(10px);\n  transition: all 0.3s ease;\n}\n\n\/* Affichage au survol avec animation *\/\n.interactive-list li:hover .tooltip {\n  display: block;\n  opacity: 1;\n  transform: translateY(0);\n}\n\n\/* Lien dans tooltip *\/\n.tooltip a {\n  color: #0073e6;\n  text-decoration: none;\n}\n\n.tooltip a:hover {\n  text-decoration: underline;\n}\n\n\/* Style pour lien simple *\/\n.simple-link {\n  text-decoration: none;\n  color: inherit;\n}\n\n.simple-link:hover {\n  color: #0073e6;\n}\n<\/style>\n\n<ul class=\"interactive-list\">\n  <!-- Tooltip avec infos -->\n  <li>\n    <i class=\"fas fa-user-graduate\" style=\"color: blue;\"><\/i>\n    \u0631\u0626\u064a\u0633 \u0642\u0633\u0645 \u0627\u0644\u0644\u063a\u0629 \u0627\u0644\u0627\u0646\u062c\u0644\u064a\u0632\u064a\u0629\n    <div class=\"tooltip\">\n      \u0627\u0633\u0645 \u0631\u0626\u064a\u0633 \u0627\u0644\u0642\u0633\u0645: \u062f. <br>\n      \u0627\u0644\u0628\u0631\u064a\u062f \u0627\u0644\u0625\u0644\u0643\u062a\u0631\u0648\u0646\u064a: example@email.com\n    <\/div>\n  <\/li>\n\n  <!-- Lien simple -->\n  <li>\n    <i class=\"fas fa-home\" style=\"color: blue;\"><\/i>\n    <a href=\"page_principale.html\" class=\"simple-link\">\u0627\u0644\u0635\u0641\u062d\u0629 \u0627\u0644\u0631\u0626\u064a\u0633\u064a\u0629 \u0644\u0644\u0642\u0633\u0645<\/a>\n  <\/li>\n\n  <!-- Tooltip avec lien vers document -->\n  <li>\n    <i class=\"fas fa-file-alt\" style=\"color: blue;\"><\/i>\n    \u0643\u0644\u0645\u0629 \u0631\u0626\u064a\u0633 \u0627\u0644\u0642\u0633\u0645\n    <div class=\"tooltip\">\n      \u0644\u0645\u0632\u064a\u062f \u0645\u0646 \u0627\u0644\u0645\u0639\u0644\u0648\u0645\u0627\u062a\u060c <a href=\"mot_du_chef.pdf\" target=\"_blank\">\u0627\u0646\u0642\u0631 \u0639\u0644\u0649 \u0627\u0644\u0648\u062b\u064a\u0642\u0629<\/a>\n    <\/div>\n  <\/li>\n  <li>\n    <i class=\"fas fa-chalkboard-teacher\" style=\"color: blue;\"><\/i>\n    \u0627\u0644\u0637\u0627\u0642\u0645 \u0627\u0644\u0628\u064a\u062f\u0627\u063a\u0648\u062c\u064a\n    <div class=\"tooltip\">\n      \u0644\u0645\u0632\u064a\u062f \u0645\u0646 \u0627\u0644\u0645\u0639\u0644\u0648\u0645\u0627\u062a\u060c <a href=\"liste_enseignants.pdf\" target=\"_blank\">\u0627\u0646\u0642\u0631 \u0639\u0644\u0649 \u0627\u0644\u0648\u062b\u064a\u0642\u0629<\/a>\n    <\/div>\n  <\/li>\n  <li>\n    <i class=\"fas fa-list\" style=\"color: blue;\"><\/i>\n    \u0642\u0627\u0626\u0645\u0629 \u0627\u0644\u0623\u0633\u0627\u062a\u0630\u0629\n    <div class=\"tooltip\">\n      \u0644\u0645\u0632\u064a\u062f \u0645\u0646 \u0627\u0644\u0645\u0639\u0644\u0648\u0645\u0627\u062a\u060c <a href=\"liste_profs.pdf\" target=\"_blank\">\u0627\u0646\u0642\u0631 \u0639\u0644\u0649 \u0627\u0644\u0648\u062b\u064a\u0642\u0629<\/a>\n    <\/div>\n  <\/li>\n  <li>\n    <i class=\"fas fa-users\" style=\"color: blue;\"><\/i>\n    \u0642\u0627\u0626\u0645\u0629 \u0627\u0644\u0644\u062c\u0646\u0629 \u0627\u0644\u0639\u0644\u0645\u064a\u0629\n    <div class=\"tooltip\">\n      \u0644\u0645\u0632\u064a\u062f \u0645\u0646 \u0627\u0644\u0645\u0639\u0644\u0648\u0645\u0627\u062a\u060c <a href=\"liste_commission.pdf\" target=\"_blank\">\u0627\u0646\u0642\u0631 \u0639\u0644\u0649 \u0627\u0644\u0648\u062b\u064a\u0642\u0629<\/a>\n    <\/div>\n  <\/li>\n  <li>\n    <i class=\"fas fa-gavel\" style=\"color: blue;\"><\/i>\n    \u0642\u0627\u0626\u0645\u0629 \u0627\u0644\u0645\u062c\u0644\u0633 \u0627\u0644\u062a\u0623\u062f\u064a\u0628\u064a\n    <div class=\"tooltip\">\n      \u0644\u0645\u0632\u064a\u062f \u0645\u0646 \u0627\u0644\u0645\u0639\u0644\u0648\u0645\u0627\u062a\u060c <a href=\"liste_conseil.pdf\" target=\"_blank\">\u0627\u0646\u0642\u0631 \u0639\u0644\u0649 \u0627\u0644\u0648\u062b\u064a\u0642\u0629<\/a>\n    <\/div>\n  <\/li>\n  <li>\n    <i class=\"fas fa-user-friends\" style=\"color: blue;\"><\/i>\n    \u0642\u0627\u0626\u0645\u0629 \u0645\u0645\u062b\u0644\u064a \u0627\u0644\u0623\u0641\u0648\u0627\u062c\n    <div class=\"tooltip\">\n      \u0644\u0645\u0632\u064a\u062f \u0645\u0646 \u0627\u0644\u0645\u0639\u0644\u0648\u0645\u0627\u062a\u060c <a href=\"liste_representants.pdf\" target=\"_blank\">\u0627\u0646\u0642\u0631 \u0639\u0644\u0649 \u0627\u0644\u0648\u062b\u064a\u0642\u0629<\/a>\n    <\/div>\n  <\/li>\n  <li>\n    <i class=\"fas fa-sitemap\" style=\"color: blue;\"><\/i>\n    \u0642\u0627\u0626\u0645\u0629 \u0631\u0624\u0633\u0627\u0621 \u0627\u0644\u0634\u0639\u0628 \u0648\u0627\u0644\u062a\u062e\u0635\u0635\u0627\u062a\n    <div class=\"tooltip\">\n      \u0644\u0645\u0632\u064a\u062f \u0645\u0646 \u0627\u0644\u0645\u0639\u0644\u0648\u0645\u0627\u062a\u060c <a href=\"liste_responsables.pdf\" target=\"_blank\">\u0627\u0646\u0642\u0631 \u0639\u0644\u0649 \u0627\u0644\u0648\u062b\u064a\u0642\u0629<\/a>\n    <\/div>\n  <\/li>\n<\/ul>\n\t\t\t\t\t\t\t\t<\/div>\n\t\t\t\t<\/div>\n\t\t\t\t<\/div>\n\t\t\t\t<\/div>\n\t\t\t\t\t<\/div>\n\t\t\t\t<\/div>\n\t\t<div data-ka-cursor-size=\"1\" class=\"elementor-element elementor-element-eb423b3 e-grid e-con-boxed e-con e-parent\" data-id=\"eb423b3\" data-element_type=\"container\" data-e-type=\"container\" data-settings=\"{&quot;kng_cursor_interaction&quot;:&quot;default&quot;,&quot;kng_cursor_magnetic&quot;:&quot;none&quot;,&quot;kng_cursor_size_multiplier&quot;:{&quot;unit&quot;:&quot;px&quot;,&quot;size&quot;:1,&quot;sizes&quot;:[]}}\">\n\t\t\t\t\t<div class=\"e-con-inner\">\n\t\t\t\t<div data-ka-cursor-size=\"1\" class=\"elementor-element elementor-element-1961542 elementor-widget elementor-widget-text-editor\" data-id=\"1961542\" data-element_type=\"widget\" data-e-type=\"widget\" data-settings=\"{&quot;kng_cursor_interaction&quot;:&quot;default&quot;,&quot;kng_cursor_magnetic&quot;:&quot;none&quot;,&quot;kng_cursor_size_multiplier&quot;:{&quot;unit&quot;:&quot;px&quot;,&quot;size&quot;:1,&quot;sizes&quot;:[]}}\" data-widget_type=\"text-editor.default\">\n\t\t\t\t<div class=\"elementor-widget-container\">\n\t\t\t\t\t\t\t\t\t<style>\n\/* Animation simple pour \"\u0627\u062a\u0635\u0644 \u0628\u0646\u0627\" *\/\n.contact-title {\n  display: inline-block;\n  font-weight: bold;\n  color: blue;\n  animation: pulse 1.5s infinite;\n}\n\n@keyframes pulse {\n  0% { transform: scale(1); color: blue; }\n  50% { transform: scale(1.1); color: darkblue; }\n  100% { transform: scale(1); color: blue; }\n}\n\n\/* Liste avec ic\u00f4nes *\/\n.contact-list {\n  list-style: none;\n  padding: 0;\n  margin: 0;\n  direction: rtl; \/* garde texte arabe align\u00e9 \u00e0 droite *\/\n  font-weight: bold;\n  gap: 6px;\n}\n\n.contact-list li {\n  margin: 8px 0;\n  display: flex;\n  flex-direction: row; \/* ic\u00f4ne \u00e0 gauche, texte \u00e0 droite *\/\n  align-items: center;\n  gap: 6px;\n}\n<\/style>\n\n<ul class=\"contact-list\">\n  <li>\n    <span class=\"contact-title\">\u0627\u062a\u0635\u0644 \u0628\u0646\u0627<\/span>\n  <\/li>\n  <li>\n    <i class=\"fas fa-phone\" style=\"color: blue;\"><\/i>\n    <span>\u0627\u0644\u0647\u0627\u062a\u0641\/\u0627\u0644\u0641\u0627\u0643\u0633: <\/span>\n  <\/li>\n  <li>\n    <i class=\"fas fa-envelope\" style=\"color: blue;\"><\/i>\n    <span>\u0627\u0644\u0628\u0631\u064a\u062f \u0627\u0644\u0627\u0644\u0643\u062a\u0631\u0648\u0646\u064a<\/span>\n  <\/li>\n<\/ul>\n\t\t\t\t\t\t\t\t<\/div>\n\t\t\t\t<\/div>\n\t\t\t\t\t<\/div>\n\t\t\t\t<\/div>\n\t\t<div data-ka-cursor-size=\"1\" class=\"elementor-element elementor-element-4314517 e-flex e-con-boxed e-con e-parent\" data-id=\"4314517\" data-element_type=\"container\" data-e-type=\"container\" data-settings=\"{&quot;kng_cursor_interaction&quot;:&quot;default&quot;,&quot;kng_cursor_magnetic&quot;:&quot;none&quot;,&quot;kng_cursor_size_multiplier&quot;:{&quot;unit&quot;:&quot;px&quot;,&quot;size&quot;:1,&quot;sizes&quot;:[]}}\">\n\t\t\t\t\t<div class=\"e-con-inner\">\n\t\t\t\t\t<\/div>\n\t\t\t\t<\/div>\n\t\t\t\t<\/div>\n\t\t","protected":false},"excerpt":{"rendered":"<p>\u0642\u0633\u0645 \u0627\u0644\u0644\u063a\u0629 \u0627\u0644\u0625\u0646\u062c\u0644\u064a\u0632\u064a\u0629 \u0645\u0639\u0644\u0648\u0645\u0627\u062a \u062d\u0648\u0644 \u0627\u0644\u0642\u0633\u0645 \u0631\u0626\u064a\u0633 \u0642\u0633\u0645 \u0627\u0644\u0644\u063a\u0629 \u0627\u0644\u0627\u0646\u062c\u0644\u064a\u0632\u064a\u0629 \u0627\u0633\u0645 \u0631\u0626\u064a\u0633 \u0627\u0644\u0642\u0633\u0645: \u062f. \u0627\u0644\u0628\u0631\u064a\u062f \u0627\u0644\u0625\u0644\u0643\u062a\u0631\u0648\u0646\u064a: example@email.com \u0627\u0644\u0635\u0641\u062d\u0629 \u0627\u0644\u0631\u0626\u064a\u0633\u064a\u0629 \u0644\u0644\u0642\u0633\u0645 \u0643\u0644\u0645\u0629 \u0631\u0626\u064a\u0633 \u0627\u0644\u0642\u0633\u0645 \u0644\u0645\u0632\u064a\u062f \u0645\u0646 \u0627\u0644\u0645\u0639\u0644\u0648\u0645\u0627\u062a\u060c \u0627\u0646\u0642\u0631 \u0639\u0644\u0649 \u0627\u0644\u0648\u062b\u064a\u0642\u0629 \u0627\u0644\u0637\u0627\u0642\u0645 \u0627\u0644\u0628\u064a\u062f\u0627\u063a\u0648\u062c\u064a \u0644\u0645\u0632\u064a\u062f \u0645\u0646 \u0627\u0644\u0645\u0639\u0644\u0648\u0645\u0627\u062a\u060c \u0627\u0646\u0642\u0631 \u0639\u0644\u0649 \u0627\u0644\u0648\u062b\u064a\u0642\u0629 \u0642\u0627\u0626\u0645\u0629 \u0627\u0644\u0623\u0633\u0627\u062a\u0630\u0629 \u0644\u0645\u0632\u064a\u062f \u0645\u0646 \u0627\u0644\u0645\u0639\u0644\u0648\u0645\u0627\u062a\u060c \u0627\u0646\u0642\u0631 \u0639\u0644\u0649 \u0627\u0644\u0648\u062b\u064a\u0642\u0629 \u0642\u0627\u0626\u0645\u0629 \u0627\u0644\u0644\u062c\u0646\u0629 \u0627\u0644\u0639\u0644\u0645\u064a\u0629 \u0644\u0645\u0632\u064a\u062f \u0645\u0646 \u0627\u0644\u0645\u0639\u0644\u0648\u0645\u0627\u062a\u060c \u0627\u0646\u0642\u0631 \u0639\u0644\u0649 \u0627\u0644\u0648\u062b\u064a\u0642\u0629 \u0642\u0627\u0626\u0645\u0629 [&hellip;]<\/p>\n","protected":false},"author":3,"featured_media":0,"parent":0,"menu_order":0,"comment_status":"closed","ping_status":"closed","template":"","meta":{"_crdt_document":"","site-sidebar-layout":"no-sidebar","site-content-layout":"page-builder","ast-site-content-layout":"default","site-content-style":"default","site-sidebar-style":"default","ast-global-header-display":"","ast-banner-title-visibility":"","ast-main-header-display":"","ast-hfb-above-header-display":"","ast-hfb-below-header-display":"","ast-hfb-mobile-header-display":"","site-post-title":"","ast-breadcrumbs-content":"","ast-featured-img":"disabled","footer-sml-layout":"","ast-disable-related-posts":"","theme-transparent-header-meta":"","adv-header-id-meta":"","stick-header-meta":"","header-above-stick-meta":"","header-main-stick-meta":"","header-below-stick-meta":"","astra-migrate-meta-layouts":"default","ast-page-background-enabled":"default","ast-page-background-meta":{"desktop":{"background-color":"var(--ast-global-color-4)","background-image":"","background-repeat":"repeat","background-position":"center center","background-size":"auto","background-attachment":"scroll","background-type":"","background-media":"","overlay-type":"","overlay-color":"","overlay-opacity":"","overlay-gradient":""},"tablet":{"background-color":"","background-image":"","background-repeat":"repeat","background-position":"center center","background-size":"auto","background-attachment":"scroll","background-type":"","background-media":"","overlay-type":"","overlay-color":"","overlay-opacity":"","overlay-gradient":""},"mobile":{"background-color":"","background-image":"","background-repeat":"repeat","background-position":"center center","background-size":"auto","background-attachment":"scroll","background-type":"","background-media":"","overlay-type":"","overlay-color":"","overlay-opacity":"","overlay-gradient":""}},"ast-content-background-meta":{"desktop":{"background-color":"var(--ast-global-color-5)","background-image":"","background-repeat":"repeat","background-position":"center center","background-size":"auto","background-attachment":"scroll","background-type":"","background-media":"","overlay-type":"","overlay-color":"","overlay-opacity":"","overlay-gradient":""},"tablet":{"background-color":"var(--ast-global-color-5)","background-image":"","background-repeat":"repeat","background-position":"center center","background-size":"auto","background-attachment":"scroll","background-type":"","background-media":"","overlay-type":"","overlay-color":"","overlay-opacity":"","overlay-gradient":""},"mobile":{"background-color":"var(--ast-global-color-5)","background-image":"","background-repeat":"repeat","background-position":"center center","background-size":"auto","background-attachment":"scroll","background-type":"","background-media":"","overlay-type":"","overlay-color":"","overlay-opacity":"","overlay-gradient":""}},"footnotes":""},"class_list":["post-3807","page","type-page","status-publish","hentry"],"rttpg_featured_image_url":null,"rttpg_author":{"display_name":"admflla","author_link":"https:\/\/www.univ-sba.dz\/lla\/author\/admflla\/"},"rttpg_comment":0,"rttpg_category":" <a href=\"https:\/\/www.univ-sba.dz\/lla\/\" rel=\"tag\">\u0627\u0644\u0639\u0631\u0628\u064a\u0629<\/a>","rttpg_excerpt":"\u0642\u0633\u0645 \u0627\u0644\u0644\u063a\u0629 \u0627\u0644\u0625\u0646\u062c\u0644\u064a\u0632\u064a\u0629 \u0645\u0639\u0644\u0648\u0645\u0627\u062a \u062d\u0648\u0644 \u0627\u0644\u0642\u0633\u0645 \u0631\u0626\u064a\u0633 \u0642\u0633\u0645 \u0627\u0644\u0644\u063a\u0629 \u0627\u0644\u0627\u0646\u062c\u0644\u064a\u0632\u064a\u0629 \u0627\u0633\u0645 \u0631\u0626\u064a\u0633 \u0627\u0644\u0642\u0633\u0645: \u062f. \u0627\u0644\u0628\u0631\u064a\u062f \u0627\u0644\u0625\u0644\u0643\u062a\u0631\u0648\u0646\u064a: example@email.com \u0627\u0644\u0635\u0641\u062d\u0629 \u0627\u0644\u0631\u0626\u064a\u0633\u064a\u0629 \u0644\u0644\u0642\u0633\u0645 \u0643\u0644\u0645\u0629 \u0631\u0626\u064a\u0633 \u0627\u0644\u0642\u0633\u0645 \u0644\u0645\u0632\u064a\u062f \u0645\u0646 \u0627\u0644\u0645\u0639\u0644\u0648\u0645\u0627\u062a\u060c \u0627\u0646\u0642\u0631 \u0639\u0644\u0649 \u0627\u0644\u0648\u062b\u064a\u0642\u0629 \u0627\u0644\u0637\u0627\u0642\u0645 \u0627\u0644\u0628\u064a\u062f\u0627\u063a\u0648\u062c\u064a \u0644\u0645\u0632\u064a\u062f \u0645\u0646 \u0627\u0644\u0645\u0639\u0644\u0648\u0645\u0627\u062a\u060c \u0627\u0646\u0642\u0631 \u0639\u0644\u0649 \u0627\u0644\u0648\u062b\u064a\u0642\u0629 \u0642\u0627\u0626\u0645\u0629 \u0627\u0644\u0623\u0633\u0627\u062a\u0630\u0629 \u0644\u0645\u0632\u064a\u062f \u0645\u0646 \u0627\u0644\u0645\u0639\u0644\u0648\u0645\u0627\u062a\u060c \u0627\u0646\u0642\u0631 \u0639\u0644\u0649 \u0627\u0644\u0648\u062b\u064a\u0642\u0629 \u0642\u0627\u0626\u0645\u0629 \u0627\u0644\u0644\u062c\u0646\u0629 \u0627\u0644\u0639\u0644\u0645\u064a\u0629 \u0644\u0645\u0632\u064a\u062f \u0645\u0646 \u0627\u0644\u0645\u0639\u0644\u0648\u0645\u0627\u062a\u060c \u0627\u0646\u0642\u0631 \u0639\u0644\u0649 \u0627\u0644\u0648\u062b\u064a\u0642\u0629 \u0642\u0627\u0626\u0645\u0629\u2026","_links":{"self":[{"href":"https:\/\/www.univ-sba.dz\/lla\/wp-json\/wp\/v2\/pages\/3807","targetHints":{"allow":["GET"]}}],"collection":[{"href":"https:\/\/www.univ-sba.dz\/lla\/wp-json\/wp\/v2\/pages"}],"about":[{"href":"https:\/\/www.univ-sba.dz\/lla\/wp-json\/wp\/v2\/types\/page"}],"author":[{"embeddable":true,"href":"https:\/\/www.univ-sba.dz\/lla\/wp-json\/wp\/v2\/users\/3"}],"replies":[{"embeddable":true,"href":"https:\/\/www.univ-sba.dz\/lla\/wp-json\/wp\/v2\/comments?post=3807"}],"version-history":[{"count":25,"href":"https:\/\/www.univ-sba.dz\/lla\/wp-json\/wp\/v2\/pages\/3807\/revisions"}],"predecessor-version":[{"id":3839,"href":"https:\/\/www.univ-sba.dz\/lla\/wp-json\/wp\/v2\/pages\/3807\/revisions\/3839"}],"wp:attachment":[{"href":"https:\/\/www.univ-sba.dz\/lla\/wp-json\/wp\/v2\/media?parent=3807"}],"curies":[{"name":"wp","href":"https:\/\/api.w.org\/{rel}","templated":true}]}}