{"id":4178,"date":"2026-03-12T12:32:12","date_gmt":"2026-03-12T11:32:12","guid":{"rendered":"https:\/\/www.univ-sba.dz\/lla\/?page_id=4178"},"modified":"2026-03-12T12:40:19","modified_gmt":"2026-03-12T11:40:19","slug":"scientific-and-cultural-activities","status":"publish","type":"page","link":"https:\/\/www.univ-sba.dz\/lla\/en\/scientific-and-cultural-activities\/","title":{"rendered":"SCIENTIFIC AND CULTURAL ACTIVITIES"},"content":{"rendered":"\t\t<div data-elementor-type=\"wp-page\" data-elementor-id=\"4178\" class=\"elementor elementor-4178\">\n\t\t\t\t<div data-ka-cursor-size=\"1\" class=\"elementor-element elementor-element-122e55f e-flex e-con-boxed e-con e-parent\" data-id=\"122e55f\" data-element_type=\"container\" data-e-type=\"container\" data-settings=\"{&quot;background_background&quot;:&quot;classic&quot;,&quot;kng_cursor_interaction&quot;:&quot;default&quot;,&quot;kng_cursor_magnetic&quot;:&quot;none&quot;,&quot;kng_cursor_size_multiplier&quot;:{&quot;unit&quot;:&quot;px&quot;,&quot;size&quot;:1,&quot;sizes&quot;:[]}}\">\n\t\t\t\t\t<div class=\"e-con-inner\">\n\t\t<div data-ka-cursor-size=\"1\" class=\"elementor-element elementor-element-d4f38d4 e-con-full e-flex e-con e-child\" data-id=\"d4f38d4\" data-element_type=\"container\" data-e-type=\"container\" data-settings=\"{&quot;kng_cursor_interaction&quot;:&quot;default&quot;,&quot;kng_cursor_magnetic&quot;:&quot;none&quot;,&quot;kng_cursor_size_multiplier&quot;:{&quot;unit&quot;:&quot;px&quot;,&quot;size&quot;:1,&quot;sizes&quot;:[]}}\">\n\t\t\t\t<div data-ka-cursor-size=\"1\" class=\"elementor-element elementor-element-63d7f54 elementor-widget elementor-widget-heading\" data-id=\"63d7f54\" data-element_type=\"widget\" data-e-type=\"widget\" data-settings=\"{&quot;kng_cursor_interaction&quot;:&quot;default&quot;,&quot;kng_cursor_magnetic&quot;:&quot;none&quot;,&quot;kng_cursor_size_multiplier&quot;:{&quot;unit&quot;:&quot;px&quot;,&quot;size&quot;:1,&quot;sizes&quot;:[]}}\" data-widget_type=\"heading.default\">\n\t\t\t\t<div class=\"elementor-widget-container\">\n\t\t\t\t\t<h1 class=\"elementor-heading-title elementor-size-default\">SCIENTIFIC AND CULTURAL ACTIVITIES<\/h1>\t\t\t\t<\/div>\n\t\t\t\t<\/div>\n\t\t\t\t<\/div>\n\t\t\t\t\t<\/div>\n\t\t\t\t<\/div>\n\t\t<div data-ka-cursor-size=\"1\" class=\"elementor-element elementor-element-816b9c8 e-grid e-con-boxed e-con e-parent\" data-id=\"816b9c8\" data-element_type=\"container\" data-e-type=\"container\" data-settings=\"{&quot;kng_cursor_interaction&quot;:&quot;default&quot;,&quot;kng_cursor_magnetic&quot;:&quot;none&quot;,&quot;kng_cursor_size_multiplier&quot;:{&quot;unit&quot;:&quot;px&quot;,&quot;size&quot;:1,&quot;sizes&quot;:[]}}\">\n\t\t\t\t\t<div class=\"e-con-inner\">\n\t\t\t\t<div data-ka-cursor-size=\"1\" class=\"elementor-element elementor-element-dc856bb elementor-grid-eael-col-4 elementor-grid-tablet-eael-col-2 elementor-grid-mobile-eael-col-1 elementor-widget elementor-widget-eael-post-grid\" data-id=\"dc856bb\" data-element_type=\"widget\" data-e-type=\"widget\" data-settings=\"{&quot;eael_post_grid_columns&quot;:&quot;eael-col-4&quot;,&quot;eael_post_grid_columns_tablet&quot;:&quot;eael-col-2&quot;,&quot;eael_post_grid_columns_mobile&quot;:&quot;eael-col-1&quot;,&quot;kng_cursor_interaction&quot;:&quot;default&quot;,&quot;kng_cursor_magnetic&quot;:&quot;none&quot;,&quot;kng_cursor_size_multiplier&quot;:{&quot;unit&quot;:&quot;px&quot;,&quot;size&quot;:1,&quot;sizes&quot;:[]}}\" data-widget_type=\"eael-post-grid.default\">\n\t\t\t\t<div class=\"elementor-widget-container\">\n\t\t\t\t\t<div id=\"eael-post-grid-dc856bb\" class=\"eael-post-grid-container\">\n            <div class=\"eael-post-grid eael-post-appender eael-post-appender-dc856bb eael-post-grid-style-default\" data-layout-mode=\"grid\"><article class=\"eael-grid-post eael-post-grid-column eael-pg-post-4917 category-en-prof-en-scientific-and-cultural-activities-student-%d9%85%d8%ac%d9%84%d8%af-%d8%a7%d9%84%d8%a3%d8%ae%d8%a8%d8%a7%d8%b1-en\" data-id=\"4917\">\n        <div class=\"eael-grid-post-holder\">\n            <div class=\"eael-grid-post-holder-inner\"><div class=\"eael-entry-wrapper\"><header class=\"eael-entry-header\"><h2 class=\"eael-entry-title\"><a\n                        class=\"eael-grid-post-link\"\n                        href=\"https:\/\/www.univ-sba.dz\/lla\/en\/pedagogical-training-day\/\"\n                        title=\"Pedagogical Training Day\">Pedagogical Training Day<\/a><\/h2><\/header><div class=\"eael-entry-content\">\n                        <div class=\"eael-grid-post-excerpt\"><p>journ\u00e9e de formation p\u00e9d afficheT\u00e9l\u00e9charger<\/p><a href=\"https:\/\/www.univ-sba.dz\/lla\/en\/pedagogical-training-day\/\" class=\"eael-post-elements-readmore-btn\">Read more<\/a><\/div>\n                    <\/div><div class=\"eael-entry-footer\"><div class=\"eael-author-avatar\"><a href=\"https:\/\/www.univ-sba.dz\/lla\/author\/admflla\/\"><\/a><\/div><div class=\"eael-entry-meta\"><span class=\"eael-posted-by\"><a href=\"https:\/\/www.univ-sba.dz\/lla\/author\/admflla\/\" title=\"Posts by admflla\" rel=\"author\">admflla<\/a><\/span><span class=\"eael-posted-on\"><time datetime=\"17 mars 2026\">17 mars 2026<\/time><\/span><\/div><\/div><\/div><div class=\"eael-entry-media\"><div class=\"eael-entry-overlay fade-in\"><i class=\"fas fa-long-arrow-alt-right\" aria-hidden=\"true\"><\/i><a href=\"https:\/\/www.univ-sba.dz\/lla\/en\/pedagogical-training-day\/\"><\/a><\/div><div class=\"eael-entry-thumbnail \">\n                <img decoding=\"async\" width=\"300\" height=\"164\" src=\"https:\/\/www.univ-sba.dz\/lla\/wp-content\/uploads\/2026\/03\/\u064a\u0648\u0645-\u062a\u0643\u0648\u064a\u0646\u064a--300x164.png\" class=\"attachment-medium size-medium wp-image-4910\" alt=\"\" srcset=\"https:\/\/www.univ-sba.dz\/lla\/wp-content\/uploads\/2026\/03\/\u064a\u0648\u0645-\u062a\u0643\u0648\u064a\u0646\u064a--300x164.png 300w, https:\/\/www.univ-sba.dz\/lla\/wp-content\/uploads\/2026\/03\/\u064a\u0648\u0645-\u062a\u0643\u0648\u064a\u0646\u064a--1024x559.png 1024w, https:\/\/www.univ-sba.dz\/lla\/wp-content\/uploads\/2026\/03\/\u064a\u0648\u0645-\u062a\u0643\u0648\u064a\u0646\u064a--768x419.png 768w, https:\/\/www.univ-sba.dz\/lla\/wp-content\/uploads\/2026\/03\/\u064a\u0648\u0645-\u062a\u0643\u0648\u064a\u0646\u064a-.png 1408w\" sizes=\"(max-width: 300px) 100vw, 300px\" \/>\n            <\/div>\n        <\/div><\/div>\n        <\/div>\n    <\/article><article class=\"eael-grid-post eael-post-grid-column eael-pg-post-4620 category-en-non-classe-en-prof-en-scientific-and-cultural-activities-student\" data-id=\"4620\">\n        <div class=\"eael-grid-post-holder\">\n            <div class=\"eael-grid-post-holder-inner\"><div class=\"eael-entry-wrapper\"><header class=\"eael-entry-header\"><h2 class=\"eael-entry-title\"><a\n                        class=\"eael-grid-post-link\"\n                        href=\"https:\/\/www.univ-sba.dz\/lla\/en\/call-for-applications-international-week-2026\/\"\n                        title=\"call for Applications &#8211; International Week 2026\">call for Applications &#8211; International Week 2026<\/a><\/h2><\/header><div class=\"eael-entry-content\">\n                        <div class=\"eael-grid-post-excerpt\"><p>Call for Applications &#8211; International Week 2026 Call for Applications...<\/p><a href=\"https:\/\/www.univ-sba.dz\/lla\/en\/call-for-applications-international-week-2026\/\" class=\"eael-post-elements-readmore-btn\">Read more<\/a><\/div>\n                    <\/div><div class=\"eael-entry-footer\"><div class=\"eael-author-avatar\"><a href=\"https:\/\/www.univ-sba.dz\/lla\/author\/admflla\/\"><\/a><\/div><div class=\"eael-entry-meta\"><span class=\"eael-posted-by\"><a href=\"https:\/\/www.univ-sba.dz\/lla\/author\/admflla\/\" title=\"Posts by admflla\" rel=\"author\">admflla<\/a><\/span><span class=\"eael-posted-on\"><time datetime=\"7 mars 2026\">7 mars 2026<\/time><\/span><\/div><\/div><\/div><div class=\"eael-entry-media\"><div class=\"eael-entry-overlay fade-in\"><i class=\"fas fa-long-arrow-alt-right\" aria-hidden=\"true\"><\/i><a href=\"https:\/\/www.univ-sba.dz\/lla\/en\/call-for-applications-international-week-2026\/\"><\/a><\/div><div class=\"eael-entry-thumbnail \">\n                <img fetchpriority=\"high\" decoding=\"async\" width=\"300\" height=\"225\" src=\"https:\/\/www.univ-sba.dz\/lla\/wp-content\/uploads\/2026\/03\/646509036_1456080443195522_8141259842049614240_n-300x225.jpg\" class=\"attachment-medium size-medium wp-image-4613\" alt=\"\" srcset=\"https:\/\/www.univ-sba.dz\/lla\/wp-content\/uploads\/2026\/03\/646509036_1456080443195522_8141259842049614240_n-300x225.jpg 300w, https:\/\/www.univ-sba.dz\/lla\/wp-content\/uploads\/2026\/03\/646509036_1456080443195522_8141259842049614240_n-768x576.jpg 768w, https:\/\/www.univ-sba.dz\/lla\/wp-content\/uploads\/2026\/03\/646509036_1456080443195522_8141259842049614240_n.jpg 800w\" sizes=\"(max-width: 300px) 100vw, 300px\" \/>\n            <\/div>\n        <\/div><\/div>\n        <\/div>\n    <\/article><article class=\"eael-grid-post eael-post-grid-column eael-pg-post-4416 category-en-prof-en-scientific-and-cultural-activities-student-%d9%85%d8%ac%d9%84%d8%af-%d8%a7%d9%84%d8%a3%d8%ae%d8%a8%d8%a7%d8%b1-en\" data-id=\"4416\">\n        <div class=\"eael-grid-post-holder\">\n            <div class=\"eael-grid-post-holder-inner\"><div class=\"eael-entry-wrapper\"><header class=\"eael-entry-header\"><h2 class=\"eael-entry-title\"><a\n                        class=\"eael-grid-post-link\"\n                        href=\"https:\/\/www.univ-sba.dz\/lla\/en\/a-scholarship-offer-for-the-academic-year-2026-2027-from-the-romanian-governmentfor-students\/\"\n                        title=\"a scholarship offer for the academic year 2026\u20132027 from the Romanian Governmentfor students\">a scholarship offer for the academic year 2026\u20132027 from the Romanian Governmentfor students<\/a><\/h2><\/header><div class=\"eael-entry-content\">\n                        <div class=\"eael-grid-post-excerpt\"><p>Romanian Government Scholarships (Master\u2019s &#038; PhD) 2026\u20132027 The Ministry of...<\/p><a href=\"https:\/\/www.univ-sba.dz\/lla\/en\/a-scholarship-offer-for-the-academic-year-2026-2027-from-the-romanian-governmentfor-students\/\" class=\"eael-post-elements-readmore-btn\">Read more<\/a><\/div>\n                    <\/div><div class=\"eael-entry-footer\"><div class=\"eael-author-avatar\"><a href=\"https:\/\/www.univ-sba.dz\/lla\/author\/admflla\/\"><\/a><\/div><div class=\"eael-entry-meta\"><span class=\"eael-posted-by\"><a href=\"https:\/\/www.univ-sba.dz\/lla\/author\/admflla\/\" title=\"Posts by admflla\" rel=\"author\">admflla<\/a><\/span><span class=\"eael-posted-on\"><time datetime=\"2 mars 2026\">2 mars 2026<\/time><\/span><\/div><\/div><\/div><div class=\"eael-entry-media\"><div class=\"eael-entry-overlay fade-in\"><i class=\"fas fa-long-arrow-alt-right\" aria-hidden=\"true\"><\/i><a href=\"https:\/\/www.univ-sba.dz\/lla\/en\/a-scholarship-offer-for-the-academic-year-2026-2027-from-the-romanian-governmentfor-students\/\"><\/a><\/div><div class=\"eael-entry-thumbnail \">\n                <img decoding=\"async\" width=\"300\" height=\"216\" src=\"https:\/\/www.univ-sba.dz\/lla\/wp-content\/uploads\/2026\/03\/Gemini_Generated_Image_ybzumbybzumbybzu-1024x1024-1-e1772408279770-300x216.png\" class=\"attachment-medium size-medium wp-image-4412\" alt=\"\" srcset=\"https:\/\/www.univ-sba.dz\/lla\/wp-content\/uploads\/2026\/03\/Gemini_Generated_Image_ybzumbybzumbybzu-1024x1024-1-e1772408279770-300x216.png 300w, https:\/\/www.univ-sba.dz\/lla\/wp-content\/uploads\/2026\/03\/Gemini_Generated_Image_ybzumbybzumbybzu-1024x1024-1-e1772408279770-768x553.png 768w, https:\/\/www.univ-sba.dz\/lla\/wp-content\/uploads\/2026\/03\/Gemini_Generated_Image_ybzumbybzumbybzu-1024x1024-1-e1772408279770.png 1024w\" sizes=\"(max-width: 300px) 100vw, 300px\" \/>\n            <\/div>\n        <\/div><\/div>\n        <\/div>\n    <\/article><article class=\"eael-grid-post eael-post-grid-column eael-pg-post-4403 category-en-non-classe-en-prof-en-scientific-and-cultural-activities-student-%d9%85%d8%ac%d9%84%d8%af-%d8%a7%d9%84%d8%a3%d8%ae%d8%a8%d8%a7%d8%b1-en\" data-id=\"4403\">\n        <div class=\"eael-grid-post-holder\">\n            <div class=\"eael-grid-post-holder-inner\"><div class=\"eael-entry-wrapper\"><header class=\"eael-entry-header\"><h2 class=\"eael-entry-title\"><a\n                        class=\"eael-grid-post-link\"\n                        href=\"https:\/\/www.univ-sba.dz\/lla\/en\/the-abdul-hameed-shoman-award-for-arab-researchers-announces-the-opening-of-applications-for-its-44th-cycle-2026\/\"\n                        title=\"The Abdul Hameed Shoman Award for Arab Researchers announces the opening of applications        for its 44th cycle (2026)\">The Abdul Hameed Shoman Award for Arab Researchers announces the opening of applications        for its 44th cycle (2026)<\/a><\/h2><\/header><div class=\"eael-entry-content\">\n                        <div class=\"eael-grid-post-excerpt\"><p>Call for Applications Abdul Hameed Shoman Award for Arab Researchers...<\/p><a href=\"https:\/\/www.univ-sba.dz\/lla\/en\/the-abdul-hameed-shoman-award-for-arab-researchers-announces-the-opening-of-applications-for-its-44th-cycle-2026\/\" class=\"eael-post-elements-readmore-btn\">Read more<\/a><\/div>\n                    <\/div><div class=\"eael-entry-footer\"><div class=\"eael-author-avatar\"><a href=\"https:\/\/www.univ-sba.dz\/lla\/author\/admflla\/\"><\/a><\/div><div class=\"eael-entry-meta\"><span class=\"eael-posted-by\"><a href=\"https:\/\/www.univ-sba.dz\/lla\/author\/admflla\/\" title=\"Posts by admflla\" rel=\"author\">admflla<\/a><\/span><span class=\"eael-posted-on\"><time datetime=\"2 mars 2026\">2 mars 2026<\/time><\/span><\/div><\/div><\/div><div class=\"eael-entry-media\"><div class=\"eael-entry-overlay fade-in\"><i class=\"fas fa-long-arrow-alt-right\" aria-hidden=\"true\"><\/i><a href=\"https:\/\/www.univ-sba.dz\/lla\/en\/the-abdul-hameed-shoman-award-for-arab-researchers-announces-the-opening-of-applications-for-its-44th-cycle-2026\/\"><\/a><\/div><div class=\"eael-entry-thumbnail \">\n                <img loading=\"lazy\" decoding=\"async\" width=\"300\" height=\"237\" src=\"https:\/\/www.univ-sba.dz\/lla\/wp-content\/uploads\/2026\/03\/image-300x237.png\" class=\"attachment-medium size-medium wp-image-4398\" alt=\"\" srcset=\"https:\/\/www.univ-sba.dz\/lla\/wp-content\/uploads\/2026\/03\/image-300x237.png 300w, https:\/\/www.univ-sba.dz\/lla\/wp-content\/uploads\/2026\/03\/image-1024x810.png 1024w, https:\/\/www.univ-sba.dz\/lla\/wp-content\/uploads\/2026\/03\/image-768x607.png 768w, https:\/\/www.univ-sba.dz\/lla\/wp-content\/uploads\/2026\/03\/image.png 1142w\" sizes=\"(max-width: 300px) 100vw, 300px\" \/>\n            <\/div>\n        <\/div><\/div>\n        <\/div>\n    <\/article><article class=\"eael-grid-post eael-post-grid-column eael-pg-post-4150 category-en-prof-en-scientific-and-cultural-activities-student\" data-id=\"4150\">\n        <div class=\"eael-grid-post-holder\">\n            <div class=\"eael-grid-post-holder-inner\"><div class=\"eael-entry-wrapper\"><header class=\"eael-entry-header\"><h2 class=\"eael-entry-title\"><a\n                        class=\"eael-grid-post-link\"\n                        href=\"https:\/\/www.univ-sba.dz\/lla\/en\/national-hybrid-conference-world-literature-texts-traditions-and-transformations\/\"\n                        title=\"National Hybrid Conference: World Literature \u2013 Texts, Traditions, and Transformations\">National Hybrid Conference: World Literature \u2013 Texts, Traditions, and Transformations<\/a><\/h2><\/header><div class=\"eael-entry-content\">\n                        <div class=\"eael-grid-post-excerpt\"><p>Livre anim\u00e9 \u0628\u062b\u0644\u0627\u062b \u0635\u0648\u0631<\/p><a href=\"https:\/\/www.univ-sba.dz\/lla\/en\/national-hybrid-conference-world-literature-texts-traditions-and-transformations\/\" class=\"eael-post-elements-readmore-btn\">Read more<\/a><\/div>\n                    <\/div><div class=\"eael-entry-footer\"><div class=\"eael-author-avatar\"><a href=\"https:\/\/www.univ-sba.dz\/lla\/author\/admflla\/\"><\/a><\/div><div class=\"eael-entry-meta\"><span class=\"eael-posted-by\"><a href=\"https:\/\/www.univ-sba.dz\/lla\/author\/admflla\/\" title=\"Posts by admflla\" rel=\"author\">admflla<\/a><\/span><span class=\"eael-posted-on\"><time datetime=\"29 septembre 2025\">29 septembre 2025<\/time><\/span><\/div><\/div><\/div><div class=\"eael-entry-media\"><div class=\"eael-entry-overlay fade-in\"><i class=\"fas fa-long-arrow-alt-right\" aria-hidden=\"true\"><\/i><a href=\"https:\/\/www.univ-sba.dz\/lla\/en\/national-hybrid-conference-world-literature-texts-traditions-and-transformations\/\"><\/a><\/div><div class=\"eael-entry-thumbnail \">\n                <img loading=\"lazy\" decoding=\"async\" width=\"212\" height=\"300\" src=\"https:\/\/www.univ-sba.dz\/lla\/wp-content\/uploads\/2025\/09\/IMG-20250928-WA0002-212x300.jpg\" class=\"attachment-medium size-medium wp-image-4131\" alt=\"\" srcset=\"https:\/\/www.univ-sba.dz\/lla\/wp-content\/uploads\/2025\/09\/IMG-20250928-WA0002-212x300.jpg 212w, https:\/\/www.univ-sba.dz\/lla\/wp-content\/uploads\/2025\/09\/IMG-20250928-WA0002-724x1024.jpg 724w, https:\/\/www.univ-sba.dz\/lla\/wp-content\/uploads\/2025\/09\/IMG-20250928-WA0002.jpg 764w\" sizes=\"(max-width: 212px) 100vw, 212px\" \/>\n            <\/div>\n        <\/div><\/div>\n        <\/div>\n    <\/article><\/div>\n            <div class=\"clearfix\"><\/div>\n        <\/div>\t\t\t\t<\/div>\n\t\t\t\t<\/div>\n\t\t\t\t\t<\/div>\n\t\t\t\t<\/div>\n\t\t\t\t<\/div>\n\t\t","protected":false},"excerpt":{"rendered":"<p>SCIENTIFIC AND CULTURAL ACTIVITIES call for Applications &#8211; International Week 2026 Call for Applications &#8211; International Week 2026 Call for Applications&#8230; Read more admflla7 March 2026 a scholarship offer for the academic year 2026\u20132027 from the Romanian Governmentfor students Romanian Government Scholarships (Master\u2019s &#038; PhD) 2026\u20132027 The Ministry of&#8230; Read more admflla2 March 2026 The [&hellip;]<\/p>\n","protected":false},"author":3,"featured_media":0,"parent":0,"menu_order":0,"comment_status":"closed","ping_status":"closed","template":"","meta":{"_crdt_document":"","site-sidebar-layout":"no-sidebar","site-content-layout":"page-builder","ast-site-content-layout":"full-width-container","site-content-style":"unboxed","site-sidebar-style":"unboxed","ast-global-header-display":"","ast-banner-title-visibility":"","ast-main-header-display":"","ast-hfb-above-header-display":"","ast-hfb-below-header-display":"","ast-hfb-mobile-header-display":"","site-post-title":"disabled","ast-breadcrumbs-content":"disabled","ast-featured-img":"disabled","footer-sml-layout":"","ast-disable-related-posts":"","theme-transparent-header-meta":"enabled","adv-header-id-meta":"","stick-header-meta":"","header-above-stick-meta":"","header-main-stick-meta":"","header-below-stick-meta":"","astra-migrate-meta-layouts":"set","ast-page-background-enabled":"default","ast-page-background-meta":{"desktop":{"background-color":"var(--ast-global-color-4)","background-image":"","background-repeat":"repeat","background-position":"center center","background-size":"auto","background-attachment":"scroll","background-type":"","background-media":"","overlay-type":"","overlay-color":"","overlay-opacity":"","overlay-gradient":""},"tablet":{"background-color":"","background-image":"","background-repeat":"repeat","background-position":"center center","background-size":"auto","background-attachment":"scroll","background-type":"","background-media":"","overlay-type":"","overlay-color":"","overlay-opacity":"","overlay-gradient":""},"mobile":{"background-color":"","background-image":"","background-repeat":"repeat","background-position":"center center","background-size":"auto","background-attachment":"scroll","background-type":"","background-media":"","overlay-type":"","overlay-color":"","overlay-opacity":"","overlay-gradient":""}},"ast-content-background-meta":{"desktop":{"background-color":"var(--ast-global-color-5)","background-image":"","background-repeat":"repeat","background-position":"center center","background-size":"auto","background-attachment":"scroll","background-type":"","background-media":"","overlay-type":"","overlay-color":"","overlay-opacity":"","overlay-gradient":""},"tablet":{"background-color":"var(--ast-global-color-5)","background-image":"","background-repeat":"repeat","background-position":"center center","background-size":"auto","background-attachment":"scroll","background-type":"","background-media":"","overlay-type":"","overlay-color":"","overlay-opacity":"","overlay-gradient":""},"mobile":{"background-color":"var(--ast-global-color-5)","background-image":"","background-repeat":"repeat","background-position":"center center","background-size":"auto","background-attachment":"scroll","background-type":"","background-media":"","overlay-type":"","overlay-color":"","overlay-opacity":"","overlay-gradient":""}},"footnotes":""},"class_list":["post-4178","page","type-page","status-publish","hentry"],"rttpg_featured_image_url":null,"rttpg_author":{"display_name":"admflla","author_link":"https:\/\/www.univ-sba.dz\/lla\/author\/admflla\/"},"rttpg_comment":0,"rttpg_category":"","rttpg_excerpt":"SCIENTIFIC AND CULTURAL ACTIVITIES call for Applications &#8211; International Week 2026 Call for Applications &#8211; International Week 2026 Call for Applications&#8230; Read more admflla7 March 2026 a scholarship offer for the academic year 2026\u20132027 from the Romanian Governmentfor students Romanian Government Scholarships (Master\u2019s &#038; PhD) 2026\u20132027 The Ministry of&#8230; Read more admflla2 March 2026 The\u2026","_links":{"self":[{"href":"https:\/\/www.univ-sba.dz\/lla\/wp-json\/wp\/v2\/pages\/4178","targetHints":{"allow":["GET"]}}],"collection":[{"href":"https:\/\/www.univ-sba.dz\/lla\/wp-json\/wp\/v2\/pages"}],"about":[{"href":"https:\/\/www.univ-sba.dz\/lla\/wp-json\/wp\/v2\/types\/page"}],"author":[{"embeddable":true,"href":"https:\/\/www.univ-sba.dz\/lla\/wp-json\/wp\/v2\/users\/3"}],"replies":[{"embeddable":true,"href":"https:\/\/www.univ-sba.dz\/lla\/wp-json\/wp\/v2\/comments?post=4178"}],"version-history":[{"count":8,"href":"https:\/\/www.univ-sba.dz\/lla\/wp-json\/wp\/v2\/pages\/4178\/revisions"}],"predecessor-version":[{"id":4789,"href":"https:\/\/www.univ-sba.dz\/lla\/wp-json\/wp\/v2\/pages\/4178\/revisions\/4789"}],"wp:attachment":[{"href":"https:\/\/www.univ-sba.dz\/lla\/wp-json\/wp\/v2\/media?parent=4178"}],"curies":[{"name":"wp","href":"https:\/\/api.w.org\/{rel}","templated":true}]}}