{"id":4449,"date":"2026-03-02T02:07:42","date_gmt":"2026-03-02T01:07:42","guid":{"rendered":"https:\/\/www.univ-sba.dz\/lla\/?page_id=4449"},"modified":"2026-03-23T14:09:27","modified_gmt":"2026-03-23T13:09:27","slug":"doyen-de-la-faculte-fr","status":"publish","type":"page","link":"https:\/\/www.univ-sba.dz\/lla\/fr\/doyen-de-la-faculte-fr\/","title":{"rendered":"doyen de la facult\u00e9 fr"},"content":{"rendered":"\t\t<div data-elementor-type=\"wp-page\" data-elementor-id=\"4449\" class=\"elementor elementor-4449\">\n\t\t\t\t<div data-ka-cursor-size=\"1\" class=\"elementor-element elementor-element-19b8c8c e-flex e-con-boxed e-con e-parent\" data-id=\"19b8c8c\" data-element_type=\"container\" data-e-type=\"container\" data-settings=\"{&quot;background_background&quot;:&quot;classic&quot;,&quot;kng_cursor_interaction&quot;:&quot;default&quot;,&quot;kng_cursor_magnetic&quot;:&quot;none&quot;,&quot;kng_cursor_size_multiplier&quot;:{&quot;unit&quot;:&quot;px&quot;,&quot;size&quot;:1,&quot;sizes&quot;:[]}}\">\n\t\t\t\t\t<div class=\"e-con-inner\">\n\t\t<div data-ka-cursor-size=\"1\" class=\"elementor-element elementor-element-372848a e-con-full e-flex e-con e-child\" data-id=\"372848a\" data-element_type=\"container\" data-e-type=\"container\" data-settings=\"{&quot;kng_cursor_interaction&quot;:&quot;default&quot;,&quot;kng_cursor_magnetic&quot;:&quot;none&quot;,&quot;kng_cursor_size_multiplier&quot;:{&quot;unit&quot;:&quot;px&quot;,&quot;size&quot;:1,&quot;sizes&quot;:[]}}\">\n\t\t\t\t<div data-ka-cursor-size=\"1\" class=\"elementor-element elementor-element-0ccf104 animated-slow elementor-invisible elementor-widget elementor-widget-heading\" data-id=\"0ccf104\" data-element_type=\"widget\" data-e-type=\"widget\" data-settings=\"{&quot;_animation&quot;:&quot;zoomInUp&quot;,&quot;kng_cursor_interaction&quot;:&quot;default&quot;,&quot;kng_cursor_magnetic&quot;:&quot;none&quot;,&quot;kng_cursor_size_multiplier&quot;:{&quot;unit&quot;:&quot;px&quot;,&quot;size&quot;:1,&quot;sizes&quot;:[]}}\" data-widget_type=\"heading.default\">\n\t\t\t\t<div class=\"elementor-widget-container\">\n\t\t\t\t\t<h1 class=\"elementor-heading-title elementor-size-default\">Doyenne de la facult\u00e9<\/h1>\t\t\t\t<\/div>\n\t\t\t\t<\/div>\n\t\t\t\t<\/div>\n\t\t\t\t\t<\/div>\n\t\t\t\t<\/div>\n\t\t<div data-ka-cursor-size=\"1\" class=\"elementor-element elementor-element-eae376b e-flex e-con-boxed e-con e-parent\" data-id=\"eae376b\" data-element_type=\"container\" data-e-type=\"container\" data-settings=\"{&quot;kng_cursor_interaction&quot;:&quot;default&quot;,&quot;kng_cursor_magnetic&quot;:&quot;none&quot;,&quot;kng_cursor_size_multiplier&quot;:{&quot;unit&quot;:&quot;px&quot;,&quot;size&quot;:1,&quot;sizes&quot;:[]}}\">\n\t\t\t\t\t<div class=\"e-con-inner\">\n\t\t\t\t<div data-ka-cursor-size=\"1\" class=\"elementor-element elementor-element-d42ed0a elementor-widget elementor-widget-text-editor\" data-id=\"d42ed0a\" data-element_type=\"widget\" data-e-type=\"widget\" data-settings=\"{&quot;kng_cursor_interaction&quot;:&quot;default&quot;,&quot;kng_cursor_magnetic&quot;:&quot;none&quot;,&quot;kng_cursor_size_multiplier&quot;:{&quot;unit&quot;:&quot;px&quot;,&quot;size&quot;:1,&quot;sizes&quot;:[]}}\" data-widget_type=\"text-editor.default\">\n\t\t\t\t<div class=\"elementor-widget-container\">\n\t\t\t\t\t\t\t\t\t<!doctype html>\n\n<style>\n:root{\n  --bg: #f7fbff;\n  --card: #ffffff;\n  --muted: #6b7280;\n  --accent: #ff9900;\n  --accent-dark: #e07b00;\n  --text: #0f172a;\n  --shadow: 0 8px 30px rgba(15,23,42,0.06);\n  --maxw: 980px;\n}\n\n*{box-sizing:border-box;}\n\nhtml,body{\n  height:100%;\n  margin:0;\n  font-family: \"Merriweather\", \"Georgia\", Arial, sans-serif;\n  background: linear-gradient(180deg, var(--bg), #ffffff 60%);\n  color:var(--text);\n  line-height:1.8;\n  direction: ltr;\n  text-align: left;\n}\n\n.container{\n  max-width: var(--maxw);\n  margin: 48px auto;\n  padding: 28px;\n}\n\n.card{\n  background: var(--card);\n  border-radius: 14px;\n  box-shadow: var(--shadow);\n  padding: 34px;\n  border: 1px solid rgba(15,23,42,0.04);\n}\n\n.header{\n  display:flex;\n  gap:20px;\n  align-items:center;\n  margin-bottom: 18px;\n}\n\n.badge{\n  background: linear-gradient(135deg,var(--accent),var(--accent-dark));\n  color:white;\n  padding:12px 16px;\n  border-radius:10px;\n  font-weight:700;\n  font-size:14px;\n}\n\n.title{flex:1;}\n\n.title h1{\n  margin:0;\n  font-family: \"Merriweather\", serif;\n  font-size:22px;\n}\n\n.title p{\n  margin:6px 0 0;\n  color:var(--muted);\n  font-size:14px;\n}\n\n.content{\n  display: grid;\n  grid-template-columns: 1fr 300px;\n  gap: 28px;\n  margin-top: 18px;\n}\n\n.message{\n  font-size:16px;\n  padding: 22px;\n  border-radius: 10px;\n  background: linear-gradient(180deg, rgba(255,153,0,0.02), transparent);\n}\n\n.message h2{\n  margin-top:0;\n  font-size:18px;\n}\n\n.message .lead{\n  font-weight:600;\n  margin-bottom: 12px;\n}\n\n.message p{margin: 12px 0; text-align: justify;}\n\n.quote{\n  margin-top:18px;\n  padding:14px;\n  border-left:4px solid var(--accent);\n  background: rgba(255,153,0,0.03);\n  border-radius:6px;\n  font-style: italic;\n}\n\n.aside{text-align:center;}\n\n.portrait{\n  width:200px;\n  margin: 0 auto 12px;\n  border-radius:10px;\n  overflow:hidden;\n}\n\n.portrait img{\n  width:100%;\n  display:block;\n}\n\n.name{\n  margin-top:10px;\n  font-weight:700;\n  font-size:15px;\n}\n\n.role{\n  color:var(--muted);\n  font-size:13px;\n}\n\n.signature{\n  margin-top:18px;\n  height:56px;\n  display:flex;\n  align-items:center;\n  justify-content:center;\n  font-style:italic;\n  color: var(--muted);\n}\n\n.meta{\n  margin-top:20px;\n  display:flex;\n  justify-content:space-between;\n  font-size:13px;\n  color:var(--muted);\n}\n\n@media (max-width:880px){\n  .content{ grid-template-columns: 1fr; }\n  .aside{ order: -1; text-align:left;}\n}\n<\/style>\n\n<div class=\"container\">\n<div class=\"card\">\n\n<div class=\"header\">\n<div class=\"badge\">Mot de la Doyenne<\/div>\n\n<div class=\"title\">\n<h1>Bienvenue \u00e0 notre Facult\u00e9<\/h1>\n<p>Facult\u00e9 des Lettres, Langues et Arts \u2014 Universit\u00e9 Djillali Liabes (Ann\u00e9e universitaire 2025\/2026)<\/p>\n<\/div>\n<\/div>\n\n<div class=\"content\">\n\n<div class=\"message\">\n\n<h2>Bienvenue \u00e0 notre Facult\u00e9<\/h2>\n\n<p class=\"lead\">\n<strong>La Facult\u00e9 des Lettres, Langues et Arts est l&rsquo;une des facult\u00e9s les plus prestigieuses de l&rsquo;Universit\u00e9 Djillali Liabes \u00e0 Sidi Bel Abb\u00e8s.<\/strong>\n<\/p>\n\n<p>\nElle poss\u00e8de une r\u00e9putation acad\u00e9mique et culturelle remarquable, avec une grande diversit\u00e9 de sp\u00e9cialisations et de programmes.\n<\/p>\n\n<p>\nLa cr\u00e9ation de la Facult\u00e9 r\u00e9pond \u00e0 la richesse culturelle et intellectuelle de la r\u00e9gion.\n<\/p>\n\n<p>\nAujourd&rsquo;hui, le besoin de la soci\u00e9t\u00e9 pour les \u00e9tudes en lettres, langues et arts est plus important que jamais.\n<\/p>\n\n<div class=\"quote\">\nNotre mission est de promouvoir la recherche scientifique rigoureuse et de former des g\u00e9n\u00e9rations engag\u00e9es au service de l\u2019Alg\u00e9rie.\n<\/div>\n\n<\/div>\n\n<aside class=\"aside\">\n\n<div class=\"portrait\">\n<img decoding=\"async\" src=\"http:\/\/www.univ-sba.dz\/lla\/wp-\n\ncontent\/uploads\/2026\/03\/651783855_1491205915707097_5066\n\n852831612736433_n.jpg\" alt=\"Doyenne de la Facult\u00e9\" \/>\n<\/div>\n\n<div class=\"name\">Pr. Raffas Samira<\/div>\n<div class=\"role\">Doyenne de la Facult\u00e9<\/div>\n\n<div class=\"signature\">Signature de la Doyenne<\/div>\n\n<div class=\"meta\">\n<span>Ann\u00e9e universitaire 2025\/2026<\/span>\n<span>Universit\u00e9 Djillali Liabes<\/span>\n<\/div>\n\n<\/aside>\n\n<\/div>\n<\/div>\n<\/div>\t\t\t\t\t\t\t\t<\/div>\n\t\t\t\t<\/div>\n\t\t\t\t\t<\/div>\n\t\t\t\t<\/div>\n\t\t<div data-ka-cursor-size=\"1\" class=\"elementor-element elementor-element-6ebfa45 e-flex e-con-boxed e-con e-parent\" data-id=\"6ebfa45\" data-element_type=\"container\" data-e-type=\"container\" data-settings=\"{&quot;kng_cursor_interaction&quot;:&quot;default&quot;,&quot;kng_cursor_magnetic&quot;:&quot;none&quot;,&quot;kng_cursor_size_multiplier&quot;:{&quot;unit&quot;:&quot;px&quot;,&quot;size&quot;:1,&quot;sizes&quot;:[]}}\">\n\t\t\t\t\t<div class=\"e-con-inner\">\n\t\t\t\t<div data-ka-cursor-size=\"1\" class=\"elementor-element elementor-element-5c2f011 elementor-widget elementor-widget-video\" data-id=\"5c2f011\" data-element_type=\"widget\" data-e-type=\"widget\" data-settings=\"{&quot;youtube_url&quot;:&quot;https:\\\/\\\/www.youtube.com\\\/watch?v=vMIvYJnu1Is&quot;,&quot;video_type&quot;:&quot;youtube&quot;,&quot;controls&quot;:&quot;yes&quot;,&quot;kng_cursor_interaction&quot;:&quot;default&quot;,&quot;kng_cursor_magnetic&quot;:&quot;none&quot;,&quot;kng_cursor_size_multiplier&quot;:{&quot;unit&quot;:&quot;px&quot;,&quot;size&quot;:1,&quot;sizes&quot;:[]}}\" data-widget_type=\"video.default\">\n\t\t\t\t<div class=\"elementor-widget-container\">\n\t\t\t\t\t\t\t<div class=\"elementor-wrapper elementor-open-inline\">\n\t\t\t<div class=\"elementor-video\"><\/div>\t\t<\/div>\n\t\t\t\t\t\t<\/div>\n\t\t\t\t<\/div>\n\t\t\t\t\t<\/div>\n\t\t\t\t<\/div>\n\t\t\t\t<\/div>\n\t\t","protected":false},"excerpt":{"rendered":"<p>Doyenne de la facult\u00e9 Mot de la Doyenne Bienvenue \u00e0 notre Facult\u00e9 Facult\u00e9 des Lettres, Langues et Arts \u2014 Universit\u00e9 Djillali Liabes (Ann\u00e9e universitaire 2025\/2026) Bienvenue \u00e0 notre Facult\u00e9 La Facult\u00e9 des Lettres, Langues et Arts est l&rsquo;une des facult\u00e9s les plus prestigieuses de l&rsquo;Universit\u00e9 Djillali Liabes \u00e0 Sidi Bel Abb\u00e8s. Elle poss\u00e8de une r\u00e9putation [&hellip;]<\/p>\n","protected":false},"author":3,"featured_media":0,"parent":0,"menu_order":0,"comment_status":"closed","ping_status":"closed","template":"","meta":{"_crdt_document":"","site-sidebar-layout":"no-sidebar","site-content-layout":"page-builder","ast-site-content-layout":"full-width-container","site-content-style":"unboxed","site-sidebar-style":"unboxed","ast-global-header-display":"","ast-banner-title-visibility":"","ast-main-header-display":"","ast-hfb-above-header-display":"","ast-hfb-below-header-display":"","ast-hfb-mobile-header-display":"","site-post-title":"disabled","ast-breadcrumbs-content":"disabled","ast-featured-img":"disabled","footer-sml-layout":"","ast-disable-related-posts":"","theme-transparent-header-meta":"enabled","adv-header-id-meta":"","stick-header-meta":"","header-above-stick-meta":"","header-main-stick-meta":"","header-below-stick-meta":"","astra-migrate-meta-layouts":"set","ast-page-background-enabled":"default","ast-page-background-meta":{"desktop":{"background-color":"var(--ast-global-color-4)","background-image":"","background-repeat":"repeat","background-position":"center center","background-size":"auto","background-attachment":"scroll","background-type":"","background-media":"","overlay-type":"","overlay-color":"","overlay-opacity":"","overlay-gradient":""},"tablet":{"background-color":"","background-image":"","background-repeat":"repeat","background-position":"center center","background-size":"auto","background-attachment":"scroll","background-type":"","background-media":"","overlay-type":"","overlay-color":"","overlay-opacity":"","overlay-gradient":""},"mobile":{"background-color":"","background-image":"","background-repeat":"repeat","background-position":"center center","background-size":"auto","background-attachment":"scroll","background-type":"","background-media":"","overlay-type":"","overlay-color":"","overlay-opacity":"","overlay-gradient":""}},"ast-content-background-meta":{"desktop":{"background-color":"var(--ast-global-color-5)","background-image":"","background-repeat":"repeat","background-position":"center center","background-size":"auto","background-attachment":"scroll","background-type":"","background-media":"","overlay-type":"","overlay-color":"","overlay-opacity":"","overlay-gradient":""},"tablet":{"background-color":"var(--ast-global-color-5)","background-image":"","background-repeat":"repeat","background-position":"center center","background-size":"auto","background-attachment":"scroll","background-type":"","background-media":"","overlay-type":"","overlay-color":"","overlay-opacity":"","overlay-gradient":""},"mobile":{"background-color":"var(--ast-global-color-5)","background-image":"","background-repeat":"repeat","background-position":"center center","background-size":"auto","background-attachment":"scroll","background-type":"","background-media":"","overlay-type":"","overlay-color":"","overlay-opacity":"","overlay-gradient":""}},"footnotes":""},"class_list":["post-4449","page","type-page","status-publish","hentry"],"rttpg_featured_image_url":null,"rttpg_author":{"display_name":"admflla","author_link":"https:\/\/www.univ-sba.dz\/lla\/author\/admflla\/"},"rttpg_comment":0,"rttpg_category":" <a href=\"https:\/\/www.univ-sba.dz\/lla\/fr\/\" rel=\"tag\">Fran\u00e7ais<\/a>","rttpg_excerpt":"Doyenne de la facult\u00e9 Mot de la Doyenne Bienvenue \u00e0 notre Facult\u00e9 Facult\u00e9 des Lettres, Langues et Arts \u2014 Universit\u00e9 Djillali Liabes (Ann\u00e9e universitaire 2025\/2026) Bienvenue \u00e0 notre Facult\u00e9 La Facult\u00e9 des Lettres, Langues et Arts est l&rsquo;une des facult\u00e9s les plus prestigieuses de l&rsquo;Universit\u00e9 Djillali Liabes \u00e0 Sidi Bel Abb\u00e8s. Elle poss\u00e8de une r\u00e9putation\u2026","_links":{"self":[{"href":"https:\/\/www.univ-sba.dz\/lla\/wp-json\/wp\/v2\/pages\/4449","targetHints":{"allow":["GET"]}}],"collection":[{"href":"https:\/\/www.univ-sba.dz\/lla\/wp-json\/wp\/v2\/pages"}],"about":[{"href":"https:\/\/www.univ-sba.dz\/lla\/wp-json\/wp\/v2\/types\/page"}],"author":[{"embeddable":true,"href":"https:\/\/www.univ-sba.dz\/lla\/wp-json\/wp\/v2\/users\/3"}],"replies":[{"embeddable":true,"href":"https:\/\/www.univ-sba.dz\/lla\/wp-json\/wp\/v2\/comments?post=4449"}],"version-history":[{"count":7,"href":"https:\/\/www.univ-sba.dz\/lla\/wp-json\/wp\/v2\/pages\/4449\/revisions"}],"predecessor-version":[{"id":4932,"href":"https:\/\/www.univ-sba.dz\/lla\/wp-json\/wp\/v2\/pages\/4449\/revisions\/4932"}],"wp:attachment":[{"href":"https:\/\/www.univ-sba.dz\/lla\/wp-json\/wp\/v2\/media?parent=4449"}],"curies":[{"name":"wp","href":"https:\/\/api.w.org\/{rel}","templated":true}]}}