{"id":4778,"date":"2026-03-12T12:33:47","date_gmt":"2026-03-12T11:33:47","guid":{"rendered":"https:\/\/www.univ-sba.dz\/lla\/?page_id=4778"},"modified":"2026-03-12T12:37:20","modified_gmt":"2026-03-12T11:37:20","slug":"activites-scientifiques-et-culturelles","status":"publish","type":"page","link":"https:\/\/www.univ-sba.dz\/lla\/fr\/activites-scientifiques-et-culturelles\/","title":{"rendered":"Activit\u00e9s scientifiques et culturelles"},"content":{"rendered":"\t\t<div data-elementor-type=\"wp-page\" data-elementor-id=\"4778\" class=\"elementor elementor-4778\">\n\t\t\t\t<div data-ka-cursor-size=\"1\" class=\"elementor-element elementor-element-122e55f e-flex e-con-boxed e-con e-parent\" data-id=\"122e55f\" data-element_type=\"container\" data-e-type=\"container\" data-settings=\"{&quot;background_background&quot;:&quot;classic&quot;,&quot;kng_cursor_interaction&quot;:&quot;default&quot;,&quot;kng_cursor_magnetic&quot;:&quot;none&quot;,&quot;kng_cursor_size_multiplier&quot;:{&quot;unit&quot;:&quot;px&quot;,&quot;size&quot;:1,&quot;sizes&quot;:[]}}\">\n\t\t\t\t\t<div class=\"e-con-inner\">\n\t\t<div data-ka-cursor-size=\"1\" class=\"elementor-element elementor-element-d4f38d4 e-con-full e-flex e-con e-child\" data-id=\"d4f38d4\" data-element_type=\"container\" data-e-type=\"container\" data-settings=\"{&quot;kng_cursor_interaction&quot;:&quot;default&quot;,&quot;kng_cursor_magnetic&quot;:&quot;none&quot;,&quot;kng_cursor_size_multiplier&quot;:{&quot;unit&quot;:&quot;px&quot;,&quot;size&quot;:1,&quot;sizes&quot;:[]}}\">\n\t\t\t\t<div data-ka-cursor-size=\"1\" class=\"elementor-element elementor-element-63d7f54 elementor-widget elementor-widget-heading\" data-id=\"63d7f54\" data-element_type=\"widget\" data-e-type=\"widget\" data-settings=\"{&quot;kng_cursor_interaction&quot;:&quot;default&quot;,&quot;kng_cursor_magnetic&quot;:&quot;none&quot;,&quot;kng_cursor_size_multiplier&quot;:{&quot;unit&quot;:&quot;px&quot;,&quot;size&quot;:1,&quot;sizes&quot;:[]}}\" data-widget_type=\"heading.default\">\n\t\t\t\t<div class=\"elementor-widget-container\">\n\t\t\t\t\t<h1 class=\"elementor-heading-title elementor-size-default\">Activit\u00e9s scientifiques et culturelles<\/h1>\t\t\t\t<\/div>\n\t\t\t\t<\/div>\n\t\t\t\t<\/div>\n\t\t\t\t\t<\/div>\n\t\t\t\t<\/div>\n\t\t<div data-ka-cursor-size=\"1\" class=\"elementor-element elementor-element-816b9c8 e-grid e-con-boxed e-con e-parent\" data-id=\"816b9c8\" data-element_type=\"container\" data-e-type=\"container\" data-settings=\"{&quot;kng_cursor_interaction&quot;:&quot;default&quot;,&quot;kng_cursor_magnetic&quot;:&quot;none&quot;,&quot;kng_cursor_size_multiplier&quot;:{&quot;unit&quot;:&quot;px&quot;,&quot;size&quot;:1,&quot;sizes&quot;:[]}}\">\n\t\t\t\t\t<div class=\"e-con-inner\">\n\t\t\t\t<div data-ka-cursor-size=\"1\" class=\"elementor-element elementor-element-dc856bb elementor-grid-eael-col-5 elementor-grid-tablet-eael-col-2 elementor-grid-mobile-eael-col-1 elementor-widget elementor-widget-eael-post-grid\" data-id=\"dc856bb\" data-element_type=\"widget\" data-e-type=\"widget\" data-settings=\"{&quot;eael_post_grid_columns&quot;:&quot;eael-col-5&quot;,&quot;eael_post_grid_columns_tablet&quot;:&quot;eael-col-2&quot;,&quot;eael_post_grid_columns_mobile&quot;:&quot;eael-col-1&quot;,&quot;kng_cursor_interaction&quot;:&quot;default&quot;,&quot;kng_cursor_magnetic&quot;:&quot;none&quot;,&quot;kng_cursor_size_multiplier&quot;:{&quot;unit&quot;:&quot;px&quot;,&quot;size&quot;:1,&quot;sizes&quot;:[]}}\" data-widget_type=\"eael-post-grid.default\">\n\t\t\t\t<div class=\"elementor-widget-container\">\n\t\t\t\t\t<div id=\"eael-post-grid-dc856bb\" class=\"eael-post-grid-container\">\n            <div class=\"eael-post-grid eael-post-appender eael-post-appender-dc856bb eael-post-grid-style-three\" data-layout-mode=\"grid\"><article class=\"eael-grid-post  eael-post-grid-column eael-pg-post-4914 category-activite-scientifique-derniers-articles-etudiants-les-actualites-professeur-%d9%85%d8%ac%d9%84%d8%af-%d8%a7%d9%84%d8%a3%d8%ae%d8%a8%d8%a7%d8%b1-fr\" data-id=\"4914\">\n        <div class=\"eael-grid-post-holder\">\n            <div class=\"eael-grid-post-holder-inner\"><div class=\"eael-entry-media\"><div class=\"eael-entry-overlay fade-in\"><i class=\"fas fa-long-arrow-alt-right\" aria-hidden=\"true\"><\/i><a href=\"https:\/\/www.univ-sba.dz\/lla\/fr\/journee-de-formation-pedagogiquedestinee-aux-etudiants-de-licence-3-mardi-07-avril-2026\/\"><\/a><\/div><div class=\"eael-entry-thumbnail \">\n                 <img decoding=\"async\" width=\"300\" height=\"164\" src=\"https:\/\/www.univ-sba.dz\/lla\/wp-content\/uploads\/2026\/03\/\u064a\u0648\u0645-\u062a\u0643\u0648\u064a\u0646\u064a--300x164.png\" class=\"attachment-medium size-medium wp-image-4910\" alt=\"\" srcset=\"https:\/\/www.univ-sba.dz\/lla\/wp-content\/uploads\/2026\/03\/\u064a\u0648\u0645-\u062a\u0643\u0648\u064a\u0646\u064a--300x164.png 300w, https:\/\/www.univ-sba.dz\/lla\/wp-content\/uploads\/2026\/03\/\u064a\u0648\u0645-\u062a\u0643\u0648\u064a\u0646\u064a--1024x559.png 1024w, https:\/\/www.univ-sba.dz\/lla\/wp-content\/uploads\/2026\/03\/\u064a\u0648\u0645-\u062a\u0643\u0648\u064a\u0646\u064a--768x419.png 768w, https:\/\/www.univ-sba.dz\/lla\/wp-content\/uploads\/2026\/03\/\u064a\u0648\u0645-\u062a\u0643\u0648\u064a\u0646\u064a-.png 1408w\" sizes=\"(max-width: 300px) 100vw, 300px\" \/>\n             <\/div>\n        <\/div><div class=\"eael-entry-wrapper\"><header class=\"eael-entry-header\"><h2 class=\"eael-entry-title\"><a class=\"eael-grid-post-link\" href=\"https:\/\/www.univ-sba.dz\/lla\/fr\/journee-de-formation-pedagogiquedestinee-aux-etudiants-de-licence-3-mardi-07-avril-2026\/\" title=\"JOURN\u00c9E DE FORMATION P\u00c9DAGOGIQUE Destin\u00e9e aux \u00e9tudiants de Licence 3      Mardi 07 avril 2026\">JOURN\u00c9E DE FORMATION P\u00c9DAGOGIQUE Destin\u00e9e aux \u00e9tudiants de Licence 3      Mardi 07 avril 2026<\/a><\/h2><\/header><div class=\"eael-entry-meta\"><span class=\"eael-posted-by\"><a href=\"https:\/\/www.univ-sba.dz\/lla\/author\/admflla\/\" title=\"Posts by admflla\" rel=\"author\">admflla<\/a><\/span><span class=\"eael-posted-on\"><time datetime=\"17 mars 2026\">17 mars 2026<\/time><\/span><\/div><div class=\"eael-entry-content\">\n                        <div class=\"eael-grid-post-excerpt\"><p>journ\u00e9e de formation p\u00e9d afficheT\u00e9l\u00e9charger<\/p><a href=\"https:\/\/www.univ-sba.dz\/lla\/fr\/journee-de-formation-pedagogiquedestinee-aux-etudiants-de-licence-3-mardi-07-avril-2026\/\" class=\"eael-post-elements-readmore-btn\">LIRE PLUS<\/a><\/div>\n                    <\/div><\/div><\/div>\n        <\/div>\n    <\/article><article class=\"eael-grid-post  eael-post-grid-column eael-pg-post-4601 category-activite-scientifique-derniers-articles-etudiants-les-actualites-non-classe-fr-professeur\" data-id=\"4601\">\n        <div class=\"eael-grid-post-holder\">\n            <div class=\"eael-grid-post-holder-inner\"><div class=\"eael-entry-media\"><div class=\"eael-entry-overlay fade-in\"><i class=\"fas fa-long-arrow-alt-right\" aria-hidden=\"true\"><\/i><a href=\"https:\/\/www.univ-sba.dz\/lla\/fr\/appel-a-candidatures\/\"><\/a><\/div><div class=\"eael-entry-thumbnail \">\n                 <img fetchpriority=\"high\" decoding=\"async\" width=\"300\" height=\"225\" src=\"https:\/\/www.univ-sba.dz\/lla\/wp-content\/uploads\/2026\/03\/646509036_1456080443195522_8141259842049614240_n-300x225.jpg\" class=\"attachment-medium size-medium wp-image-4613\" alt=\"\" srcset=\"https:\/\/www.univ-sba.dz\/lla\/wp-content\/uploads\/2026\/03\/646509036_1456080443195522_8141259842049614240_n-300x225.jpg 300w, https:\/\/www.univ-sba.dz\/lla\/wp-content\/uploads\/2026\/03\/646509036_1456080443195522_8141259842049614240_n-768x576.jpg 768w, https:\/\/www.univ-sba.dz\/lla\/wp-content\/uploads\/2026\/03\/646509036_1456080443195522_8141259842049614240_n.jpg 800w\" sizes=\"(max-width: 300px) 100vw, 300px\" \/>\n             <\/div>\n        <\/div><div class=\"eael-entry-wrapper\"><header class=\"eael-entry-header\"><h2 class=\"eael-entry-title\"><a class=\"eael-grid-post-link\" href=\"https:\/\/www.univ-sba.dz\/lla\/fr\/appel-a-candidatures\/\" title=\"Appel \u00e0 candidatures\">Appel \u00e0 candidatures<\/a><\/h2><\/header><div class=\"eael-entry-meta\"><span class=\"eael-posted-by\"><a href=\"https:\/\/www.univ-sba.dz\/lla\/author\/admflla\/\" title=\"Posts by admflla\" rel=\"author\">admflla<\/a><\/span><span class=\"eael-posted-on\"><time datetime=\"7 mars 2026\">7 mars 2026<\/time><\/span><\/div><div class=\"eael-entry-content\">\n                        <div class=\"eael-grid-post-excerpt\"><p>Appel \u00e0 candidatures &#8211; International Week 2026 Appel \u00e0 candidatures...<\/p><a href=\"https:\/\/www.univ-sba.dz\/lla\/fr\/appel-a-candidatures\/\" class=\"eael-post-elements-readmore-btn\">LIRE PLUS<\/a><\/div>\n                    <\/div><\/div><\/div>\n        <\/div>\n    <\/article><article class=\"eael-grid-post  eael-post-grid-column eael-pg-post-4498 category-activite-scientifique-derniers-articles-etudiants-infos-les-actualites-non-classe-fr-professeur\" data-id=\"4498\">\n        <div class=\"eael-grid-post-holder\">\n            <div class=\"eael-grid-post-holder-inner\"><div class=\"eael-entry-media\"><div class=\"eael-entry-overlay fade-in\"><i class=\"fas fa-long-arrow-alt-right\" aria-hidden=\"true\"><\/i><a href=\"https:\/\/www.univ-sba.dz\/lla\/fr\/concours-doctorat\/\"><\/a><\/div><div class=\"eael-entry-thumbnail \">\n                 <img decoding=\"async\" width=\"212\" height=\"300\" src=\"https:\/\/www.univ-sba.dz\/lla\/wp-content\/uploads\/2026\/02\/637907512_1444408827696017_6113712274740986301_n-212x300.jpg\" class=\"attachment-medium size-medium wp-image-4376\" alt=\"\" srcset=\"https:\/\/www.univ-sba.dz\/lla\/wp-content\/uploads\/2026\/02\/637907512_1444408827696017_6113712274740986301_n-212x300.jpg 212w, https:\/\/www.univ-sba.dz\/lla\/wp-content\/uploads\/2026\/02\/637907512_1444408827696017_6113712274740986301_n.jpg 620w\" sizes=\"(max-width: 212px) 100vw, 212px\" \/>\n             <\/div>\n        <\/div><div class=\"eael-entry-wrapper\"><header class=\"eael-entry-header\"><h2 class=\"eael-entry-title\"><a class=\"eael-grid-post-link\" href=\"https:\/\/www.univ-sba.dz\/lla\/fr\/concours-doctorat\/\" title=\"Annonce du Concours de Doctorat 2026\">Annonce du Concours de Doctorat 2026<\/a><\/h2><\/header><div class=\"eael-entry-meta\"><span class=\"eael-posted-by\"><a href=\"https:\/\/www.univ-sba.dz\/lla\/author\/admflla\/\" title=\"Posts by admflla\" rel=\"author\">admflla<\/a><\/span><span class=\"eael-posted-on\"><time datetime=\"2 mars 2026\">2 mars 2026<\/time><\/span><\/div><div class=\"eael-entry-content\">\n                        <div class=\"eael-grid-post-excerpt\"><p>Annonce du Concours de Doctorat 2026 La Facult\u00e9 informe les...<\/p><a href=\"https:\/\/www.univ-sba.dz\/lla\/fr\/concours-doctorat\/\" class=\"eael-post-elements-readmore-btn\">LIRE PLUS<\/a><\/div>\n                    <\/div><\/div><\/div>\n        <\/div>\n    <\/article><article class=\"eael-grid-post  eael-post-grid-column eael-pg-post-4486 category-activite-scientifique-derniers-articles-etudiants-infos-les-actualites-non-classe-fr-professeur\" data-id=\"4486\">\n        <div class=\"eael-grid-post-holder\">\n            <div class=\"eael-grid-post-holder-inner\"><div class=\"eael-entry-media\"><div class=\"eael-entry-overlay fade-in\"><i class=\"fas fa-long-arrow-alt-right\" aria-hidden=\"true\"><\/i><a href=\"https:\/\/www.univ-sba.dz\/lla\/fr\/prix-abdul-hameed-shoman-dans-sa-quarante-quatrieme-44%e1%b5%89-edition\/\"><\/a><\/div><div class=\"eael-entry-thumbnail \">\n                 <img loading=\"lazy\" decoding=\"async\" width=\"300\" height=\"292\" src=\"https:\/\/www.univ-sba.dz\/lla\/wp-content\/uploads\/2026\/03\/643896771_1453752090095024_4394477318049525835_n-300x292.jpg\" class=\"attachment-medium size-medium wp-image-4488\" alt=\"\" srcset=\"https:\/\/www.univ-sba.dz\/lla\/wp-content\/uploads\/2026\/03\/643896771_1453752090095024_4394477318049525835_n-300x292.jpg 300w, https:\/\/www.univ-sba.dz\/lla\/wp-content\/uploads\/2026\/03\/643896771_1453752090095024_4394477318049525835_n.jpg 561w\" sizes=\"(max-width: 300px) 100vw, 300px\" \/>\n             <\/div>\n        <\/div><div class=\"eael-entry-wrapper\"><header class=\"eael-entry-header\"><h2 class=\"eael-entry-title\"><a class=\"eael-grid-post-link\" href=\"https:\/\/www.univ-sba.dz\/lla\/fr\/prix-abdul-hameed-shoman-dans-sa-quarante-quatrieme-44%e1%b5%89-edition\/\" title=\"Prix Abdul Hameed Shoman dans sa quarante-quatri\u00e8me (44\u1d49) \u00e9dition\">Prix Abdul Hameed Shoman dans sa quarante-quatri\u00e8me (44\u1d49) \u00e9dition<\/a><\/h2><\/header><div class=\"eael-entry-meta\"><span class=\"eael-posted-by\"><a href=\"https:\/\/www.univ-sba.dz\/lla\/author\/admflla\/\" title=\"Posts by admflla\" rel=\"author\">admflla<\/a><\/span><span class=\"eael-posted-on\"><time datetime=\"2 mars 2026\">2 mars 2026<\/time><\/span><\/div><div class=\"eael-entry-content\">\n                        <div class=\"eael-grid-post-excerpt\"><p>Appel \u00e0 candidatures Prix Abdul Hameed Shoman pour les chercheurs...<\/p><a href=\"https:\/\/www.univ-sba.dz\/lla\/fr\/prix-abdul-hameed-shoman-dans-sa-quarante-quatrieme-44%e1%b5%89-edition\/\" class=\"eael-post-elements-readmore-btn\">LIRE PLUS<\/a><\/div>\n                    <\/div><\/div><\/div>\n        <\/div>\n    <\/article><article class=\"eael-grid-post  eael-post-grid-column eael-pg-post-4479 category-activite-scientifique-derniers-articles-etudiants-infos-les-actualites-professeur\" data-id=\"4479\">\n        <div class=\"eael-grid-post-holder\">\n            <div class=\"eael-grid-post-holder-inner\"><div class=\"eael-entry-media\"><div class=\"eael-entry-overlay fade-in\"><i class=\"fas fa-long-arrow-alt-right\" aria-hidden=\"true\"><\/i><a href=\"https:\/\/www.univ-sba.dz\/lla\/fr\/offre-de-bourse-pour-lannee-universitaire-2026-2027-du-gouvernement-roumain-pour-les-etudiants\/\"><\/a><\/div><div class=\"eael-entry-thumbnail \">\n                 <img loading=\"lazy\" decoding=\"async\" width=\"300\" height=\"216\" src=\"https:\/\/www.univ-sba.dz\/lla\/wp-content\/uploads\/2026\/03\/Gemini_Generated_Image_ybzumbybzumbybzu-1024x1024-1-e1772408279770-300x216.png\" class=\"attachment-medium size-medium wp-image-4412\" alt=\"\" srcset=\"https:\/\/www.univ-sba.dz\/lla\/wp-content\/uploads\/2026\/03\/Gemini_Generated_Image_ybzumbybzumbybzu-1024x1024-1-e1772408279770-300x216.png 300w, https:\/\/www.univ-sba.dz\/lla\/wp-content\/uploads\/2026\/03\/Gemini_Generated_Image_ybzumbybzumbybzu-1024x1024-1-e1772408279770-768x553.png 768w, https:\/\/www.univ-sba.dz\/lla\/wp-content\/uploads\/2026\/03\/Gemini_Generated_Image_ybzumbybzumbybzu-1024x1024-1-e1772408279770.png 1024w\" sizes=\"(max-width: 300px) 100vw, 300px\" \/>\n             <\/div>\n        <\/div><div class=\"eael-entry-wrapper\"><header class=\"eael-entry-header\"><h2 class=\"eael-entry-title\"><a class=\"eael-grid-post-link\" href=\"https:\/\/www.univ-sba.dz\/lla\/fr\/offre-de-bourse-pour-lannee-universitaire-2026-2027-du-gouvernement-roumain-pour-les-etudiants\/\" title=\"Offre de bourse pour l\u2019ann\u00e9e universitaire 2026\u20132027 du gouvernement roumain pour les \u00e9tudiants\">Offre de bourse pour l\u2019ann\u00e9e universitaire 2026\u20132027 du gouvernement roumain pour les \u00e9tudiants<\/a><\/h2><\/header><div class=\"eael-entry-meta\"><span class=\"eael-posted-by\"><a href=\"https:\/\/www.univ-sba.dz\/lla\/author\/admflla\/\" title=\"Posts by admflla\" rel=\"author\">admflla<\/a><\/span><span class=\"eael-posted-on\"><time datetime=\"2 mars 2026\">2 mars 2026<\/time><\/span><\/div><div class=\"eael-entry-content\">\n                        <div class=\"eael-grid-post-excerpt\"><p>Bourses du gouvernement roumain (Master &#038; Doctorat) 2026\u20132027 Le Minist\u00e8re...<\/p><a href=\"https:\/\/www.univ-sba.dz\/lla\/fr\/offre-de-bourse-pour-lannee-universitaire-2026-2027-du-gouvernement-roumain-pour-les-etudiants\/\" class=\"eael-post-elements-readmore-btn\">LIRE PLUS<\/a><\/div>\n                    <\/div><\/div><\/div>\n        <\/div>\n    <\/article><\/div>\n            <div class=\"clearfix\"><\/div>\n        <\/div>\t\t\t\t<\/div>\n\t\t\t\t<\/div>\n\t\t\t\t\t<\/div>\n\t\t\t\t<\/div>\n\t\t\t\t<\/div>\n\t\t","protected":false},"excerpt":{"rendered":"<p>Activit\u00e9s scientifiques et culturelles Appel \u00e0 candidatures admflla7 mars 2026 Appel \u00e0 candidatures &#8211; International Week 2026 Appel \u00e0 candidatures&#8230; LIRE PLUS Annonce du Concours de Doctorat 2026 admflla2 mars 2026 Annonce du Concours de Doctorat 2026 La Facult\u00e9 informe les&#8230; LIRE PLUS Prix Abdul Hameed Shoman dans sa quarante-quatri\u00e8me (44\u1d49) \u00e9dition admflla2 mars 2026 [&hellip;]<\/p>\n","protected":false},"author":3,"featured_media":0,"parent":0,"menu_order":0,"comment_status":"closed","ping_status":"closed","template":"","meta":{"_crdt_document":"","site-sidebar-layout":"no-sidebar","site-content-layout":"page-builder","ast-site-content-layout":"full-width-container","site-content-style":"unboxed","site-sidebar-style":"unboxed","ast-global-header-display":"","ast-banner-title-visibility":"","ast-main-header-display":"","ast-hfb-above-header-display":"","ast-hfb-below-header-display":"","ast-hfb-mobile-header-display":"","site-post-title":"disabled","ast-breadcrumbs-content":"disabled","ast-featured-img":"disabled","footer-sml-layout":"","ast-disable-related-posts":"","theme-transparent-header-meta":"enabled","adv-header-id-meta":"","stick-header-meta":"","header-above-stick-meta":"","header-main-stick-meta":"","header-below-stick-meta":"","astra-migrate-meta-layouts":"set","ast-page-background-enabled":"default","ast-page-background-meta":{"desktop":{"background-color":"var(--ast-global-color-4)","background-image":"","background-repeat":"repeat","background-position":"center center","background-size":"auto","background-attachment":"scroll","background-type":"","background-media":"","overlay-type":"","overlay-color":"","overlay-opacity":"","overlay-gradient":""},"tablet":{"background-color":"","background-image":"","background-repeat":"repeat","background-position":"center center","background-size":"auto","background-attachment":"scroll","background-type":"","background-media":"","overlay-type":"","overlay-color":"","overlay-opacity":"","overlay-gradient":""},"mobile":{"background-color":"","background-image":"","background-repeat":"repeat","background-position":"center center","background-size":"auto","background-attachment":"scroll","background-type":"","background-media":"","overlay-type":"","overlay-color":"","overlay-opacity":"","overlay-gradient":""}},"ast-content-background-meta":{"desktop":{"background-color":"var(--ast-global-color-5)","background-image":"","background-repeat":"repeat","background-position":"center center","background-size":"auto","background-attachment":"scroll","background-type":"","background-media":"","overlay-type":"","overlay-color":"","overlay-opacity":"","overlay-gradient":""},"tablet":{"background-color":"var(--ast-global-color-5)","background-image":"","background-repeat":"repeat","background-position":"center center","background-size":"auto","background-attachment":"scroll","background-type":"","background-media":"","overlay-type":"","overlay-color":"","overlay-opacity":"","overlay-gradient":""},"mobile":{"background-color":"var(--ast-global-color-5)","background-image":"","background-repeat":"repeat","background-position":"center center","background-size":"auto","background-attachment":"scroll","background-type":"","background-media":"","overlay-type":"","overlay-color":"","overlay-opacity":"","overlay-gradient":""}},"footnotes":""},"class_list":["post-4778","page","type-page","status-publish","hentry"],"rttpg_featured_image_url":null,"rttpg_author":{"display_name":"admflla","author_link":"https:\/\/www.univ-sba.dz\/lla\/author\/admflla\/"},"rttpg_comment":0,"rttpg_category":"","rttpg_excerpt":"Activit\u00e9s scientifiques et culturelles Appel \u00e0 candidatures admflla7 mars 2026 Appel \u00e0 candidatures &#8211; International Week 2026 Appel \u00e0 candidatures&#8230; LIRE PLUS Annonce du Concours de Doctorat 2026 admflla2 mars 2026 Annonce du Concours de Doctorat 2026 La Facult\u00e9 informe les&#8230; LIRE PLUS Prix Abdul Hameed Shoman dans sa quarante-quatri\u00e8me (44\u1d49) \u00e9dition admflla2 mars 2026\u2026","_links":{"self":[{"href":"https:\/\/www.univ-sba.dz\/lla\/wp-json\/wp\/v2\/pages\/4778","targetHints":{"allow":["GET"]}}],"collection":[{"href":"https:\/\/www.univ-sba.dz\/lla\/wp-json\/wp\/v2\/pages"}],"about":[{"href":"https:\/\/www.univ-sba.dz\/lla\/wp-json\/wp\/v2\/types\/page"}],"author":[{"embeddable":true,"href":"https:\/\/www.univ-sba.dz\/lla\/wp-json\/wp\/v2\/users\/3"}],"replies":[{"embeddable":true,"href":"https:\/\/www.univ-sba.dz\/lla\/wp-json\/wp\/v2\/comments?post=4778"}],"version-history":[{"count":4,"href":"https:\/\/www.univ-sba.dz\/lla\/wp-json\/wp\/v2\/pages\/4778\/revisions"}],"predecessor-version":[{"id":4783,"href":"https:\/\/www.univ-sba.dz\/lla\/wp-json\/wp\/v2\/pages\/4778\/revisions\/4783"}],"wp:attachment":[{"href":"https:\/\/www.univ-sba.dz\/lla\/wp-json\/wp\/v2\/media?parent=4778"}],"curies":[{"name":"wp","href":"https:\/\/api.w.org\/{rel}","templated":true}]}}