{"id":1796,"date":"2021-12-16T00:04:45","date_gmt":"2021-12-15T23:04:45","guid":{"rendered":"http:\/\/localhost\/lsps\/?page_id=1796"},"modified":"2024-05-12T11:46:31","modified_gmt":"2024-05-12T10:46:31","slug":"activites-scientifique","status":"publish","type":"page","link":"https:\/\/www.univ-sba.dz\/lsps\/activites-scientifique\/","title":{"rendered":"Activit\u00e9s scientifique"},"content":{"rendered":"\t\t<div data-elementor-type=\"wp-page\" data-elementor-id=\"1796\" class=\"elementor elementor-1796\">\n\t\t\t\t\t\t<section class=\"elementor-section elementor-top-section elementor-element elementor-element-d19f18d elementor-section-boxed elementor-section-height-default elementor-section-height-default\" data-id=\"d19f18d\" data-element_type=\"section\" data-e-type=\"section\">\n\t\t\t\t\t\t<div class=\"elementor-container elementor-column-gap-default\">\n\t\t\t\t\t<div class=\"elementor-column elementor-col-100 elementor-top-column elementor-element elementor-element-5ebb7f7\" data-id=\"5ebb7f7\" data-element_type=\"column\" data-e-type=\"column\">\n\t\t\t<div class=\"elementor-widget-wrap elementor-element-populated\">\n\t\t\t\t\t\t<div class=\"elementor-element elementor-element-fe1c5b8 elementor-widget elementor-widget-heading\" data-id=\"fe1c5b8\" data-element_type=\"widget\" data-e-type=\"widget\" data-widget_type=\"heading.default\">\n\t\t\t\t<div class=\"elementor-widget-container\">\n\t\t\t\t\t<h4 class=\"elementor-heading-title elementor-size-default\">Activit\u00e9s scientifique<\/h4>\t\t\t\t<\/div>\n\t\t\t\t<\/div>\n\t\t\t\t\t<\/div>\n\t\t<\/div>\n\t\t\t\t\t<\/div>\n\t\t<\/section>\n\t\t\t\t<section class=\"elementor-section elementor-top-section elementor-element elementor-element-6d54654d elementor-section-boxed elementor-section-height-default elementor-section-height-default\" data-id=\"6d54654d\" data-element_type=\"section\" data-e-type=\"section\" data-settings=\"{&quot;background_background&quot;:&quot;classic&quot;}\">\n\t\t\t\t\t\t<div class=\"elementor-container elementor-column-gap-no\">\n\t\t\t\t\t<div class=\"elementor-column elementor-col-100 elementor-top-column elementor-element elementor-element-3759869e\" data-id=\"3759869e\" data-element_type=\"column\" data-e-type=\"column\">\n\t\t\t<div class=\"elementor-widget-wrap elementor-element-populated\">\n\t\t\t\t\t\t<section class=\"elementor-section elementor-inner-section elementor-element elementor-element-3390b1d elementor-section-boxed elementor-section-height-default elementor-section-height-default\" data-id=\"3390b1d\" data-element_type=\"section\" data-e-type=\"section\">\n\t\t\t\t\t\t<div class=\"elementor-container elementor-column-gap-no\">\n\t\t\t\t\t<div class=\"elementor-column elementor-col-100 elementor-inner-column elementor-element elementor-element-62f3ca7\" data-id=\"62f3ca7\" data-element_type=\"column\" data-e-type=\"column\" data-settings=\"{&quot;background_background&quot;:&quot;classic&quot;}\">\n\t\t\t<div class=\"elementor-widget-wrap elementor-element-populated\">\n\t\t\t\t\t\t<div class=\"elementor-element elementor-element-a2fbb51 elementor-widget elementor-widget-text-editor\" data-id=\"a2fbb51\" data-element_type=\"widget\" data-e-type=\"widget\" data-widget_type=\"text-editor.default\">\n\t\t\t\t<div class=\"elementor-widget-container\">\n\t\t\t\t\t\t\t\t\t<p>Le laboratoire organise chaque mardi \u00e0 14h30 un s\u00e9minaire de recherche qui est propos\u00e9s aux doctorant(e)s dans le cadre de leur formation doctorale. Il est un lieu de d\u00e9bat et de r\u00e9flexion pour l&rsquo;ensemble des membres du laboratoire qui sont invit\u00e9s \u00e0 y pr\u00e9senter leurs travaux de recherche.<br>Responsable du s\u00e9minaire: Dr. Righi Ali<\/p>\t\t\t\t\t\t\t\t<\/div>\n\t\t\t\t<\/div>\n\t\t\t\t\t<\/div>\n\t\t<\/div>\n\t\t\t\t\t<\/div>\n\t\t<\/section>\n\t\t\t\t\t<\/div>\n\t\t<\/div>\n\t\t\t\t\t<\/div>\n\t\t<\/section>\n\t\t\t\t<section class=\"elementor-section elementor-top-section elementor-element elementor-element-79594e3 elementor-section-boxed elementor-section-height-default elementor-section-height-default\" data-id=\"79594e3\" data-element_type=\"section\" data-e-type=\"section\">\n\t\t\t\t\t\t<div class=\"elementor-container elementor-column-gap-default\">\n\t\t\t\t\t<div class=\"elementor-column elementor-col-100 elementor-top-column elementor-element elementor-element-777f6ff\" data-id=\"777f6ff\" data-element_type=\"column\" data-e-type=\"column\">\n\t\t\t<div class=\"elementor-widget-wrap elementor-element-populated\">\n\t\t\t\t\t\t<div class=\"elementor-element elementor-element-9e03fba elementor-widget elementor-widget-text-editor\" data-id=\"9e03fba\" data-element_type=\"widget\" data-e-type=\"widget\" data-widget_type=\"text-editor.default\">\n\t\t\t\t<div class=\"elementor-widget-container\">\n\t\t\t\t\t\t\t\t\t<p><span style=\"text-decoration: underline;\"><strong>Programme du s\u00e9minaire:<\/strong><\/span><\/p><p>\u00a0<\/p><p><strong>1-\u00a0 Mardi 23 Avril 2024:<\/strong>\u00a0<em>Dr\u00a0 Fetitah Omar<\/em><\/p><p><strong>\u00a0<\/strong><\/p><p><strong>2- Mardi 30 Avril 2024<\/strong>: <em>Dr. Boulenoir Zouaouia,<\/em>\u00a0<\/p><p><strong>Titre:<\/strong> Tail probabilities and complete convergence for weighted sequences of LNQD random variables with application to first-order autoregressive processes model.<\/p><p><strong>3-<\/strong> <strong>Mardi 7 Mai 2024:<\/strong>\u00a0 <em>Dr.<\/em> <em>Benchiha Sid-Ahmed,\u00a0<\/em><\/p><p><b>Title<\/b>: Statistical Models in Survival Analysis: Advancing Beyond Classical Distributions.<\/p><p>\u00a0<\/p><p><b>Abstract:<\/b><\/p><p>Statistical models have a prominent status in survival analysis due to their significant role in treating statistical data and deriving important information. Choosing the appropriate model for particular data is a decisive step in survival analysis. However, with the remarkable development in various areas such as medical science, reliability engineering, and several other domains, classical distributions often fall short in adequately modeling these new types of data. This has motivated researchers to develop new flexible distributions using different methods and techniques, which can be utilized in complex situations to best fit data, study their characterizations, and gain more insights into the shape of their empirical distribution.<\/p><p>\u00a0<\/p><p>The main objective of our work is to propose new distributions by employing various techniques to enhance their efficiency in fitting various real datasets. The parameters of the proposed distributions are estimated using different estimation methods. Additionally, we propose an alternative method to simple random sampling for collecting data to achieve the best possible representation of the population.<\/p><p>\u00a0<\/p>\t\t\t\t\t\t\t\t<\/div>\n\t\t\t\t<\/div>\n\t\t\t\t\t<\/div>\n\t\t<\/div>\n\t\t\t\t\t<\/div>\n\t\t<\/section>\n\t\t\t\t<\/div>\n\t\t","protected":false},"excerpt":{"rendered":"<p>Activit\u00e9s scientifique Le laboratoire organise chaque mardi \u00e0 14h30 un s\u00e9minaire de recherche qui est propos\u00e9s aux doctorant(e)s dans le cadre de leur formation doctorale. Il est un lieu de d\u00e9bat et de r\u00e9flexion pour l&rsquo;ensemble des membres du laboratoire qui sont invit\u00e9s \u00e0 y pr\u00e9senter leurs travaux de recherche.Responsable du s\u00e9minaire: Dr. Righi Ali [&hellip;]<\/p>\n","protected":false},"author":1,"featured_media":0,"parent":0,"menu_order":0,"comment_status":"closed","ping_status":"closed","template":"","meta":{"site-sidebar-layout":"no-sidebar","site-content-layout":"page-builder","ast-site-content-layout":"","site-content-style":"default","site-sidebar-style":"default","ast-global-header-display":"","ast-banner-title-visibility":"","ast-main-header-display":"","ast-hfb-above-header-display":"","ast-hfb-below-header-display":"","ast-hfb-mobile-header-display":"","site-post-title":"disabled","ast-breadcrumbs-content":"","ast-featured-img":"disabled","footer-sml-layout":"","theme-transparent-header-meta":"default","adv-header-id-meta":"","stick-header-meta":"","header-above-stick-meta":"","header-main-stick-meta":"","header-below-stick-meta":"","astra-migrate-meta-layouts":"default","ast-page-background-enabled":"default","ast-page-background-meta":{"desktop":{"background-color":"","background-image":"","background-repeat":"repeat","background-position":"center center","background-size":"auto","background-attachment":"scroll","background-type":"","background-media":"","overlay-type":"","overlay-color":"","overlay-opacity":"","overlay-gradient":""},"tablet":{"background-color":"","background-image":"","background-repeat":"repeat","background-position":"center center","background-size":"auto","background-attachment":"scroll","background-type":"","background-media":"","overlay-type":"","overlay-color":"","overlay-opacity":"","overlay-gradient":""},"mobile":{"background-color":"","background-image":"","background-repeat":"repeat","background-position":"center center","background-size":"auto","background-attachment":"scroll","background-type":"","background-media":"","overlay-type":"","overlay-color":"","overlay-opacity":"","overlay-gradient":""}},"ast-content-background-meta":{"desktop":{"background-color":"var(--ast-global-color-5)","background-image":"","background-repeat":"repeat","background-position":"center center","background-size":"auto","background-attachment":"scroll","background-type":"","background-media":"","overlay-type":"","overlay-color":"","overlay-opacity":"","overlay-gradient":""},"tablet":{"background-color":"var(--ast-global-color-5)","background-image":"","background-repeat":"repeat","background-position":"center center","background-size":"auto","background-attachment":"scroll","background-type":"","background-media":"","overlay-type":"","overlay-color":"","overlay-opacity":"","overlay-gradient":""},"mobile":{"background-color":"var(--ast-global-color-5)","background-image":"","background-repeat":"repeat","background-position":"center center","background-size":"auto","background-attachment":"scroll","background-type":"","background-media":"","overlay-type":"","overlay-color":"","overlay-opacity":"","overlay-gradient":""}},"footnotes":""},"class_list":["post-1796","page","type-page","status-publish","hentry"],"_links":{"self":[{"href":"https:\/\/www.univ-sba.dz\/lsps\/wp-json\/wp\/v2\/pages\/1796","targetHints":{"allow":["GET"]}}],"collection":[{"href":"https:\/\/www.univ-sba.dz\/lsps\/wp-json\/wp\/v2\/pages"}],"about":[{"href":"https:\/\/www.univ-sba.dz\/lsps\/wp-json\/wp\/v2\/types\/page"}],"author":[{"embeddable":true,"href":"https:\/\/www.univ-sba.dz\/lsps\/wp-json\/wp\/v2\/users\/1"}],"replies":[{"embeddable":true,"href":"https:\/\/www.univ-sba.dz\/lsps\/wp-json\/wp\/v2\/comments?post=1796"}],"version-history":[{"count":44,"href":"https:\/\/www.univ-sba.dz\/lsps\/wp-json\/wp\/v2\/pages\/1796\/revisions"}],"predecessor-version":[{"id":4589,"href":"https:\/\/www.univ-sba.dz\/lsps\/wp-json\/wp\/v2\/pages\/1796\/revisions\/4589"}],"wp:attachment":[{"href":"https:\/\/www.univ-sba.dz\/lsps\/wp-json\/wp\/v2\/media?parent=1796"}],"curies":[{"name":"wp","href":"https:\/\/api.w.org\/{rel}","templated":true}]}}