{"id":2009,"date":"2021-12-17T19:56:51","date_gmt":"2021-12-17T18:56:51","guid":{"rendered":"http:\/\/localhost\/lsps\/?page_id=2009"},"modified":"2024-02-22T11:31:07","modified_gmt":"2024-02-22T10:31:07","slug":"theses-soutenus","status":"publish","type":"page","link":"https:\/\/www.univ-sba.dz\/lsps\/theses-soutenus\/","title":{"rendered":"Th\u00e8ses Soutenus"},"content":{"rendered":"\t\t<div data-elementor-type=\"wp-page\" data-elementor-id=\"2009\" class=\"elementor elementor-2009\">\n\t\t\t\t\t\t<section class=\"elementor-section elementor-top-section elementor-element elementor-element-d19f18d elementor-section-boxed elementor-section-height-default elementor-section-height-default\" data-id=\"d19f18d\" data-element_type=\"section\" data-e-type=\"section\">\n\t\t\t\t\t\t<div class=\"elementor-container elementor-column-gap-default\">\n\t\t\t\t\t<div class=\"elementor-column elementor-col-100 elementor-top-column elementor-element elementor-element-5ebb7f7\" data-id=\"5ebb7f7\" data-element_type=\"column\" data-e-type=\"column\">\n\t\t\t<div class=\"elementor-widget-wrap elementor-element-populated\">\n\t\t\t\t\t\t<div class=\"elementor-element elementor-element-fe1c5b8 elementor-widget elementor-widget-heading\" data-id=\"fe1c5b8\" data-element_type=\"widget\" data-e-type=\"widget\" data-widget_type=\"heading.default\">\n\t\t\t\t<div class=\"elementor-widget-container\">\n\t\t\t\t\t<h4 class=\"elementor-heading-title elementor-size-default\">Th\u00e8ses Soutenus<\/h4>\t\t\t\t<\/div>\n\t\t\t\t<\/div>\n\t\t\t\t<div class=\"elementor-element elementor-element-2f8cd8f elementor-widget elementor-widget-text-editor\" data-id=\"2f8cd8f\" data-element_type=\"widget\" data-e-type=\"widget\" data-widget_type=\"text-editor.default\">\n\t\t\t\t<div class=\"elementor-widget-container\">\n\t\t\t\t\t\t\t\t\t<p>Les activit\u00e9s de recherche pour chacune des 4 \u00e9quipes sont vari\u00e9es et couvrent la plupart des principaux domaines de la statistique et ses applications ainsi que la mod\u00e9lisation des mod\u00e8les de temps d\u00b4attente et r\u00e9seaux.<\/p>\t\t\t\t\t\t\t\t<\/div>\n\t\t\t\t<\/div>\n\t\t\t\t\t<\/div>\n\t\t<\/div>\n\t\t\t\t\t<\/div>\n\t\t<\/section>\n\t\t\t\t<section class=\"elementor-section elementor-top-section elementor-element elementor-element-6d54654d elementor-section-boxed elementor-section-height-default elementor-section-height-default\" data-id=\"6d54654d\" data-element_type=\"section\" data-e-type=\"section\" data-settings=\"{&quot;background_background&quot;:&quot;classic&quot;}\">\n\t\t\t\t\t\t<div class=\"elementor-container elementor-column-gap-no\">\n\t\t\t\t\t<div class=\"elementor-column elementor-col-100 elementor-top-column elementor-element elementor-element-3759869e\" data-id=\"3759869e\" data-element_type=\"column\" data-e-type=\"column\">\n\t\t\t<div class=\"elementor-widget-wrap elementor-element-populated\">\n\t\t\t\t\t\t<section class=\"elementor-section elementor-inner-section elementor-element elementor-element-3390b1d elementor-section-boxed elementor-section-height-default elementor-section-height-default\" data-id=\"3390b1d\" data-element_type=\"section\" data-e-type=\"section\">\n\t\t\t\t\t\t<div class=\"elementor-container elementor-column-gap-no\">\n\t\t\t\t\t<div class=\"elementor-column elementor-col-100 elementor-inner-column elementor-element elementor-element-62f3ca7\" data-id=\"62f3ca7\" data-element_type=\"column\" data-e-type=\"column\" data-settings=\"{&quot;background_background&quot;:&quot;classic&quot;}\">\n\t\t\t<div class=\"elementor-widget-wrap elementor-element-populated\">\n\t\t\t\t\t\t<div class=\"elementor-element elementor-element-4ef3945 elementor-widget elementor-widget-heading\" data-id=\"4ef3945\" data-element_type=\"widget\" data-e-type=\"widget\" data-widget_type=\"heading.default\">\n\t\t\t\t<div class=\"elementor-widget-container\">\n\t\t\t\t\t<h4 class=\"elementor-heading-title elementor-size-default\">Th\u00e8ses Soutenues 2016-2024 :<\/h4>\t\t\t\t<\/div>\n\t\t\t\t<\/div>\n\t\t\t\t<div class=\"elementor-element elementor-element-c9dfa98 elementor-widget elementor-widget-text-editor\" data-id=\"c9dfa98\" data-element_type=\"widget\" data-e-type=\"widget\" data-widget_type=\"text-editor.default\">\n\t\t\t\t<div class=\"elementor-widget-container\">\n\t\t\t\t\t\t\t\t\t<ul><li><strong>Benziadi Fatime (Encadreurs :Tebboune Fethi et Laksaci Ali)<\/strong><\/li><li><p><strong>Douani Fatima (Encadreurs: Laksaci Ali et Attouch Mohamed)<\/strong><\/p><\/li><li><p><strong>Kara lydia Zaitri (Encadreurs: Laksaci Ali et Vieu Philipe (Universit\u00e9 Paul Sabatier, Toulouse)<\/strong><\/p><\/li><li><p><strong>Matalah Imen (Encadreur: Belarbi Faiza)<\/strong><\/p><\/li><li><p><strong>Semmar Siham (Encadreur: Laksaci Ali)<\/strong><\/p><\/li><li><p><strong>Naceri Amina (Encadreurs :Laksaci Ali et Rachdi Mustapha(universit\u00e9 de Grenoble) )<\/strong><\/p><\/li><li><p><strong>Messabihi Nafissa (Encadreurs: Laksaci Ali et Attouch Mohammed)<\/strong><\/p><\/li><li><p><strong>Chahad\u00a0 Abdelkader \u00a0<\/strong><strong>(Encadreur: Laksaci Ali)<\/strong><\/p><\/li><li><p><strong>Gasmi Laid \u00a0<\/strong><strong>(Encadreur: Laksaci Ali)<\/strong><\/p><\/li><li><p><strong>HENIEN DJELLOUL SAIAH <\/strong><strong>(Encadreur: Laksaci Ali)<\/strong><\/p><\/li><li><p><strong>Altendji Belkiss <\/strong><strong>(Encadreur: Laksaci Ali)<\/strong><\/p><\/li><li><p><strong>Mankour Khadija (Encadreurs : Benchikh Tawfik)<\/strong><\/p><\/li><li><p><strong>Louhab Hayat (Encadreur:\u00a0 Attouch Mohammed Kadi)<\/strong><\/p><\/li><li><p><strong>\u00a0Fatitah Omar (Encadreur: Attouch Mohammed Kadi, Righi Ali)<\/strong><\/p><\/li><li><p><strong>Bellalou Mohamed (Encadreur: Benchikh Tawfik)<\/strong><\/p><\/li><li><p><strong>Habibech Mustapha (Encadreur: Benchikh Tawfik)<\/strong><\/p><\/li><li><p><strong>Mebsout Mokhtaria (Encadreur: Attouch M.K.; Laksaci A.)<\/strong><\/p><\/li><li><p><strong>Kadiri Nadia (Encadreur: Rabhi A.)<\/strong><\/p><\/li><li><p><strong>Kenouza Jamel (encadreur: Mechab B.)<\/strong><\/p><\/li><li><p><strong>Chemikh Souheyla (Encadreur: Limam-Belarbi Faiza)<\/strong><\/p><\/li><li><p><strong>Berkane Kheira (Encadreur: Benaissa S., Mechab B.)<\/strong><\/p><\/li><li><p><strong>Chebbab Ikhlasse (Encadreur: Benaissa S.)<\/strong><\/p><\/li><li><p><strong>Merouan Torkia (Encadreur: Mechab B., Chouaf A.)<\/strong><\/p><\/li><li><p><strong>Abeidallah Mohammed (Encadreur: Mechab B.)<\/strong><\/p><\/li><li><p><strong>Hamidi Nesrine (Encadreur: Mechab B., Benaissa S.)<\/strong><\/p><\/li><li><p><strong>El Haddad Meriem (Encadreur: Limam-Belarbi F.)<\/strong><\/p><\/li><li><p><strong>Sekkal Noussaiba (Encadreur: Limam-Belarbi F.)<\/strong><\/p><\/li><li><p><strong>SAADAOUI Allal (Encadreur: Chouaf A.)<\/strong><\/p><\/li><li><p><strong>Bakhtaoui Ataouia (Encadreur : Limam-Belarbi F.)<\/strong><\/p><\/li><li><p><strong>Matmous Imane (Encadreur: Attouch M.K.)<\/strong><\/p><\/li><\/ul>\t\t\t\t\t\t\t\t<\/div>\n\t\t\t\t<\/div>\n\t\t\t\t\t<\/div>\n\t\t<\/div>\n\t\t\t\t\t<\/div>\n\t\t<\/section>\n\t\t\t\t<section class=\"elementor-section elementor-inner-section elementor-element elementor-element-7a77359 elementor-section-boxed elementor-section-height-default elementor-section-height-default\" data-id=\"7a77359\" data-element_type=\"section\" data-e-type=\"section\">\n\t\t\t\t\t\t<div class=\"elementor-container elementor-column-gap-no\">\n\t\t\t\t\t<div class=\"elementor-column elementor-col-100 elementor-inner-column elementor-element elementor-element-5a58658\" data-id=\"5a58658\" data-element_type=\"column\" data-e-type=\"column\" data-settings=\"{&quot;background_background&quot;:&quot;classic&quot;}\">\n\t\t\t<div class=\"elementor-widget-wrap elementor-element-populated\">\n\t\t\t\t\t\t<div class=\"elementor-element elementor-element-90823dd elementor-widget elementor-widget-heading\" data-id=\"90823dd\" data-element_type=\"widget\" data-e-type=\"widget\" data-widget_type=\"heading.default\">\n\t\t\t\t<div class=\"elementor-widget-container\">\n\t\t\t\t\t<h4 class=\"elementor-heading-title elementor-size-default\">Th\u00e8ses Soutenues 2015 :<\/h4>\t\t\t\t<\/div>\n\t\t\t\t<\/div>\n\t\t\t\t<div class=\"elementor-element elementor-element-726659d elementor-widget elementor-widget-text-editor\" data-id=\"726659d\" data-element_type=\"widget\" data-e-type=\"widget\" data-widget_type=\"text-editor.default\">\n\t\t\t\t<div class=\"elementor-widget-container\">\n\t\t\t\t\t\t\t\t\t<ul><li><strong>Belabed Fatima Zohra.<\/strong><\/li><li><strong>Sekkal Soumeya.<\/strong><\/li><li><strong>Bouadjemi Abdelkader<\/strong><\/li><li><strong>Hachemi Nawal.<\/strong><\/li><li><strong>Belguerna Abderrahmane.<\/strong><\/li><\/ul>\t\t\t\t\t\t\t\t<\/div>\n\t\t\t\t<\/div>\n\t\t\t\t\t<\/div>\n\t\t<\/div>\n\t\t\t\t\t<\/div>\n\t\t<\/section>\n\t\t\t\t<section class=\"elementor-section elementor-inner-section elementor-element elementor-element-30c77a6 elementor-section-boxed elementor-section-height-default elementor-section-height-default\" data-id=\"30c77a6\" data-element_type=\"section\" data-e-type=\"section\">\n\t\t\t\t\t\t<div class=\"elementor-container elementor-column-gap-no\">\n\t\t\t\t\t<div class=\"elementor-column elementor-col-100 elementor-inner-column elementor-element elementor-element-fae158b\" data-id=\"fae158b\" data-element_type=\"column\" data-e-type=\"column\" data-settings=\"{&quot;background_background&quot;:&quot;classic&quot;}\">\n\t\t\t<div class=\"elementor-widget-wrap elementor-element-populated\">\n\t\t\t\t\t\t<div class=\"elementor-element elementor-element-5c8e652 elementor-widget elementor-widget-heading\" data-id=\"5c8e652\" data-element_type=\"widget\" data-e-type=\"widget\" data-widget_type=\"heading.default\">\n\t\t\t\t<div class=\"elementor-widget-container\">\n\t\t\t\t\t<h4 class=\"elementor-heading-title elementor-size-default\">Th\u00e8ses Soutenues 2014 :<\/h4>\t\t\t\t<\/div>\n\t\t\t\t<\/div>\n\t\t\t\t<div class=\"elementor-element elementor-element-1d7dcd7 elementor-widget elementor-widget-text-editor\" data-id=\"1d7dcd7\" data-element_type=\"widget\" data-e-type=\"widget\" data-widget_type=\"text-editor.default\">\n\t\t\t\t<div class=\"elementor-widget-container\">\n\t\t\t\t\t\t\t\t\t<ul><li><strong>Rahmani Saadia.<\/strong><\/li><li><strong>Bouab\u00e7a wahiba.<\/strong><\/li><li><strong>Rouane Rachida.<\/strong><\/li><\/ul>\t\t\t\t\t\t\t\t<\/div>\n\t\t\t\t<\/div>\n\t\t\t\t\t<\/div>\n\t\t<\/div>\n\t\t\t\t\t<\/div>\n\t\t<\/section>\n\t\t\t\t<section class=\"elementor-section elementor-inner-section elementor-element elementor-element-83fffad elementor-section-boxed elementor-section-height-default elementor-section-height-default\" data-id=\"83fffad\" data-element_type=\"section\" data-e-type=\"section\">\n\t\t\t\t\t\t<div class=\"elementor-container elementor-column-gap-no\">\n\t\t\t\t\t<div class=\"elementor-column elementor-col-100 elementor-inner-column elementor-element elementor-element-72c2300\" data-id=\"72c2300\" data-element_type=\"column\" data-e-type=\"column\" data-settings=\"{&quot;background_background&quot;:&quot;classic&quot;}\">\n\t\t\t<div class=\"elementor-widget-wrap elementor-element-populated\">\n\t\t\t\t\t\t<div class=\"elementor-element elementor-element-6fa1513 elementor-widget elementor-widget-heading\" data-id=\"6fa1513\" data-element_type=\"widget\" data-e-type=\"widget\" data-widget_type=\"heading.default\">\n\t\t\t\t<div class=\"elementor-widget-container\">\n\t\t\t\t\t<h4 class=\"elementor-heading-title elementor-size-default\">Th\u00e8ses Soutenues 2013 :<\/h4>\t\t\t\t<\/div>\n\t\t\t\t<\/div>\n\t\t\t\t<div class=\"elementor-element elementor-element-e65da9f elementor-widget elementor-widget-text-editor\" data-id=\"e65da9f\" data-element_type=\"widget\" data-e-type=\"widget\" data-widget_type=\"text-editor.default\">\n\t\t\t\t<div class=\"elementor-widget-container\">\n\t\t\t\t\t\t\t\t\t<ul><li><strong>Chouaf Abdelhak.<\/strong><\/li><\/ul>\t\t\t\t\t\t\t\t<\/div>\n\t\t\t\t<\/div>\n\t\t\t\t\t<\/div>\n\t\t<\/div>\n\t\t\t\t\t<\/div>\n\t\t<\/section>\n\t\t\t\t<section class=\"elementor-section elementor-inner-section elementor-element elementor-element-7b28b92 elementor-section-boxed elementor-section-height-default elementor-section-height-default\" data-id=\"7b28b92\" data-element_type=\"section\" data-e-type=\"section\">\n\t\t\t\t\t\t<div class=\"elementor-container elementor-column-gap-no\">\n\t\t\t\t\t<div class=\"elementor-column elementor-col-100 elementor-inner-column elementor-element elementor-element-55b3498\" data-id=\"55b3498\" data-element_type=\"column\" data-e-type=\"column\" data-settings=\"{&quot;background_background&quot;:&quot;classic&quot;}\">\n\t\t\t<div class=\"elementor-widget-wrap elementor-element-populated\">\n\t\t\t\t\t\t<div class=\"elementor-element elementor-element-f80e21a elementor-widget elementor-widget-heading\" data-id=\"f80e21a\" data-element_type=\"widget\" data-e-type=\"widget\" data-widget_type=\"heading.default\">\n\t\t\t\t<div class=\"elementor-widget-container\">\n\t\t\t\t\t<h4 class=\"elementor-heading-title elementor-size-default\">Th\u00e8ses  Soutenues 2011-2012<\/h4>\t\t\t\t<\/div>\n\t\t\t\t<\/div>\n\t\t\t\t<div class=\"elementor-element elementor-element-44125bd elementor-widget elementor-widget-text-editor\" data-id=\"44125bd\" data-element_type=\"widget\" data-e-type=\"widget\" data-widget_type=\"text-editor.default\">\n\t\t\t\t<div class=\"elementor-widget-container\">\n\t\t\t\t\t\t\t\t\t<ul><li><strong><a href=\"\/lsps\/wp-content\/uploads\/2021\/12\/Tadj-These.pdf\" target=\"_blank\" rel=\"noopener\">Tadj Amel<\/a> en cotutelle avec l\u2019 universit\u00e9 Paul Sabatier, Toulouse, France<\/strong><\/li><li><strong><a href=\"\/lsps\/wp-content\/uploads\/2021\/12\/these-madani.pdf\" target=\"_blank\" rel=\"noopener\">Madani Fethi<\/a> en cotutelle avec l\u2019universit\u00e9 de Grenoble, France<\/strong><\/li><li><strong><a href=\"\/lsps\/wp-content\/uploads\/2021\/12\/Kaid-these.pdf\" target=\"_blank\" rel=\"noopener\">Kaid Zoulikha<\/a> en cotutelle avec l\u2019universit\u00e9 Lille3, France<\/strong><\/li><li><strong><a href=\"\/lsps\/wp-content\/uploads\/2021\/12\/Attaoui_These.pdf\" target=\"_blank\" rel=\"noopener\">Attaoui Said<\/a> avec l\u2019universit\u00e9 de Littoral C\u00f4te d&rsquo;Opale, Lille, France<\/strong><\/li><\/ul>\t\t\t\t\t\t\t\t<\/div>\n\t\t\t\t<\/div>\n\t\t\t\t\t<\/div>\n\t\t<\/div>\n\t\t\t\t\t<\/div>\n\t\t<\/section>\n\t\t\t\t\t<\/div>\n\t\t<\/div>\n\t\t\t\t\t<\/div>\n\t\t<\/section>\n\t\t\t\t<section class=\"elementor-section elementor-top-section elementor-element elementor-element-e1947ea elementor-section-boxed elementor-section-height-default elementor-section-height-default\" data-id=\"e1947ea\" data-element_type=\"section\" data-e-type=\"section\">\n\t\t\t\t\t\t<div class=\"elementor-container elementor-column-gap-default\">\n\t\t\t\t\t<div class=\"elementor-column elementor-col-100 elementor-top-column elementor-element elementor-element-4f075b7\" data-id=\"4f075b7\" data-element_type=\"column\" data-e-type=\"column\">\n\t\t\t<div class=\"elementor-widget-wrap\">\n\t\t\t\t\t\t\t<\/div>\n\t\t<\/div>\n\t\t\t\t\t<\/div>\n\t\t<\/section>\n\t\t\t\t<\/div>\n\t\t","protected":false},"excerpt":{"rendered":"<p>Th\u00e8ses Soutenus Les activit\u00e9s de recherche pour chacune des 4 \u00e9quipes sont vari\u00e9es et couvrent la plupart des principaux domaines de la statistique et ses applications ainsi que la mod\u00e9lisation des mod\u00e8les de temps d\u00b4attente et r\u00e9seaux. Th\u00e8ses Soutenues 2016-2024 : Benziadi Fatime (Encadreurs :Tebboune Fethi et Laksaci Ali) Douani Fatima (Encadreurs: Laksaci Ali et [&hellip;]<\/p>\n","protected":false},"author":1,"featured_media":0,"parent":0,"menu_order":0,"comment_status":"closed","ping_status":"closed","template":"","meta":{"site-sidebar-layout":"no-sidebar","site-content-layout":"page-builder","ast-site-content-layout":"","site-content-style":"default","site-sidebar-style":"default","ast-global-header-display":"","ast-banner-title-visibility":"","ast-main-header-display":"","ast-hfb-above-header-display":"","ast-hfb-below-header-display":"","ast-hfb-mobile-header-display":"","site-post-title":"disabled","ast-breadcrumbs-content":"","ast-featured-img":"disabled","footer-sml-layout":"","theme-transparent-header-meta":"default","adv-header-id-meta":"","stick-header-meta":"","header-above-stick-meta":"","header-main-stick-meta":"","header-below-stick-meta":"","astra-migrate-meta-layouts":"default","ast-page-background-enabled":"default","ast-page-background-meta":{"desktop":{"background-color":"","background-image":"","background-repeat":"repeat","background-position":"center center","background-size":"auto","background-attachment":"scroll","background-type":"","background-media":"","overlay-type":"","overlay-color":"","overlay-opacity":"","overlay-gradient":""},"tablet":{"background-color":"","background-image":"","background-repeat":"repeat","background-position":"center center","background-size":"auto","background-attachment":"scroll","background-type":"","background-media":"","overlay-type":"","overlay-color":"","overlay-opacity":"","overlay-gradient":""},"mobile":{"background-color":"","background-image":"","background-repeat":"repeat","background-position":"center center","background-size":"auto","background-attachment":"scroll","background-type":"","background-media":"","overlay-type":"","overlay-color":"","overlay-opacity":"","overlay-gradient":""}},"ast-content-background-meta":{"desktop":{"background-color":"var(--ast-global-color-5)","background-image":"","background-repeat":"repeat","background-position":"center center","background-size":"auto","background-attachment":"scroll","background-type":"","background-media":"","overlay-type":"","overlay-color":"","overlay-opacity":"","overlay-gradient":""},"tablet":{"background-color":"var(--ast-global-color-5)","background-image":"","background-repeat":"repeat","background-position":"center center","background-size":"auto","background-attachment":"scroll","background-type":"","background-media":"","overlay-type":"","overlay-color":"","overlay-opacity":"","overlay-gradient":""},"mobile":{"background-color":"var(--ast-global-color-5)","background-image":"","background-repeat":"repeat","background-position":"center center","background-size":"auto","background-attachment":"scroll","background-type":"","background-media":"","overlay-type":"","overlay-color":"","overlay-opacity":"","overlay-gradient":""}},"footnotes":""},"class_list":["post-2009","page","type-page","status-publish","hentry"],"_links":{"self":[{"href":"https:\/\/www.univ-sba.dz\/lsps\/wp-json\/wp\/v2\/pages\/2009","targetHints":{"allow":["GET"]}}],"collection":[{"href":"https:\/\/www.univ-sba.dz\/lsps\/wp-json\/wp\/v2\/pages"}],"about":[{"href":"https:\/\/www.univ-sba.dz\/lsps\/wp-json\/wp\/v2\/types\/page"}],"author":[{"embeddable":true,"href":"https:\/\/www.univ-sba.dz\/lsps\/wp-json\/wp\/v2\/users\/1"}],"replies":[{"embeddable":true,"href":"https:\/\/www.univ-sba.dz\/lsps\/wp-json\/wp\/v2\/comments?post=2009"}],"version-history":[{"count":55,"href":"https:\/\/www.univ-sba.dz\/lsps\/wp-json\/wp\/v2\/pages\/2009\/revisions"}],"predecessor-version":[{"id":4362,"href":"https:\/\/www.univ-sba.dz\/lsps\/wp-json\/wp\/v2\/pages\/2009\/revisions\/4362"}],"wp:attachment":[{"href":"https:\/\/www.univ-sba.dz\/lsps\/wp-json\/wp\/v2\/media?parent=2009"}],"curies":[{"name":"wp","href":"https:\/\/api.w.org\/{rel}","templated":true}]}}