{"id":2278,"date":"2021-12-17T22:52:29","date_gmt":"2021-12-17T21:52:29","guid":{"rendered":"http:\/\/localhost\/lsps\/?page_id=2278"},"modified":"2022-01-05T20:35:14","modified_gmt":"2022-01-05T19:35:14","slug":"bilan-equipe-3","status":"publish","type":"page","link":"https:\/\/www.univ-sba.dz\/lsps\/bilan-equipe-3\/","title":{"rendered":"Bilan \u00e9quipe 3"},"content":{"rendered":"\t\t<div data-elementor-type=\"wp-page\" data-elementor-id=\"2278\" class=\"elementor elementor-2278\">\n\t\t\t\t\t\t<section class=\"elementor-section elementor-top-section elementor-element elementor-element-d19f18d elementor-section-boxed elementor-section-height-default elementor-section-height-default\" data-id=\"d19f18d\" data-element_type=\"section\" data-e-type=\"section\">\n\t\t\t\t\t\t<div class=\"elementor-container elementor-column-gap-default\">\n\t\t\t\t\t<div class=\"elementor-column elementor-col-100 elementor-top-column elementor-element elementor-element-5ebb7f7\" data-id=\"5ebb7f7\" data-element_type=\"column\" data-e-type=\"column\">\n\t\t\t<div class=\"elementor-widget-wrap elementor-element-populated\">\n\t\t\t\t\t\t<div class=\"elementor-element elementor-element-fe1c5b8 elementor-widget elementor-widget-heading\" data-id=\"fe1c5b8\" data-element_type=\"widget\" data-e-type=\"widget\" data-widget_type=\"heading.default\">\n\t\t\t\t<div class=\"elementor-widget-container\">\n\t\t\t\t\t<h4 class=\"elementor-heading-title elementor-size-default\">Bilan \u00e9quipe 3<\/h4>\t\t\t\t<\/div>\n\t\t\t\t<\/div>\n\t\t\t\t\t<\/div>\n\t\t<\/div>\n\t\t\t\t\t<\/div>\n\t\t<\/section>\n\t\t\t\t<section class=\"elementor-section elementor-top-section elementor-element elementor-element-6d54654d elementor-section-boxed elementor-section-height-default elementor-section-height-default\" data-id=\"6d54654d\" data-element_type=\"section\" data-e-type=\"section\" data-settings=\"{&quot;background_background&quot;:&quot;classic&quot;}\">\n\t\t\t\t\t\t<div class=\"elementor-container elementor-column-gap-no\">\n\t\t\t\t\t<div class=\"elementor-column elementor-col-100 elementor-top-column elementor-element elementor-element-3759869e\" data-id=\"3759869e\" data-element_type=\"column\" data-e-type=\"column\">\n\t\t\t<div class=\"elementor-widget-wrap elementor-element-populated\">\n\t\t\t\t\t\t<section class=\"elementor-section elementor-inner-section elementor-element elementor-element-25a1332a elementor-section-boxed elementor-section-height-default elementor-section-height-default\" data-id=\"25a1332a\" data-element_type=\"section\" data-e-type=\"section\" data-settings=\"{&quot;background_background&quot;:&quot;classic&quot;}\">\n\t\t\t\t\t\t<div class=\"elementor-container elementor-column-gap-no\">\n\t\t\t\t\t<div class=\"elementor-column elementor-col-100 elementor-inner-column elementor-element elementor-element-9237ee2\" data-id=\"9237ee2\" data-element_type=\"column\" data-e-type=\"column\">\n\t\t\t<div class=\"elementor-widget-wrap elementor-element-populated\">\n\t\t\t\t\t\t<div class=\"elementor-element elementor-element-9915b1d elementor-widget elementor-widget-text-editor\" data-id=\"9915b1d\" data-element_type=\"widget\" data-e-type=\"widget\" data-widget_type=\"text-editor.default\">\n\t\t\t\t<div class=\"elementor-widget-container\">\n\t\t\t\t\t\t\t\t\t<p><strong>Bilan de l\u2019\u00e9quipe :<\/strong> Statistique non param\u00e9trique fonctionnelle<\/p>\t\t\t\t\t\t\t\t<\/div>\n\t\t\t\t<\/div>\n\t\t\t\t\t<\/div>\n\t\t<\/div>\n\t\t\t\t\t<\/div>\n\t\t<\/section>\n\t\t\t\t<section class=\"elementor-section elementor-inner-section elementor-element elementor-element-3390b1d elementor-section-boxed elementor-section-height-default elementor-section-height-default\" data-id=\"3390b1d\" data-element_type=\"section\" data-e-type=\"section\">\n\t\t\t\t\t\t<div class=\"elementor-container elementor-column-gap-no\">\n\t\t\t\t\t<div class=\"elementor-column elementor-col-100 elementor-inner-column elementor-element elementor-element-62f3ca7\" data-id=\"62f3ca7\" data-element_type=\"column\" data-e-type=\"column\" data-settings=\"{&quot;background_background&quot;:&quot;classic&quot;}\">\n\t\t\t<div class=\"elementor-widget-wrap elementor-element-populated\">\n\t\t\t\t\t\t<div class=\"elementor-element elementor-element-6b63a67 elementor-widget elementor-widget-heading\" data-id=\"6b63a67\" data-element_type=\"widget\" data-e-type=\"widget\" data-widget_type=\"heading.default\">\n\t\t\t\t<div class=\"elementor-widget-container\">\n\t\t\t\t\t<h4 class=\"elementor-heading-title elementor-size-default\">Publications  A :<\/h4>\t\t\t\t<\/div>\n\t\t\t\t<\/div>\n\t\t\t\t<div class=\"elementor-element elementor-element-c9dfa98 elementor-widget elementor-widget-text-editor\" data-id=\"c9dfa98\" data-element_type=\"widget\" data-e-type=\"widget\" data-widget_type=\"text-editor.default\">\n\t\t\t\t<div class=\"elementor-widget-container\">\n\t\t\t\t\t\t\t\t\t<ol><li>Gheriballah, A. Laksaci and S. Sekkal\u00a0<a href=\"http:\/\/www.sciencedirect.com\/science\/article\/pii\/S0167715212004531\" target=\"_blank\" rel=\"noopener\">Nonparametric -regression for functional ergodic data<\/a>\u00a0Stat. Probab . Lett 83, 902-908, (2013).<\/li><\/ol>\t\t\t\t\t\t\t\t<\/div>\n\t\t\t\t<\/div>\n\t\t\t\t\t<\/div>\n\t\t<\/div>\n\t\t\t\t\t<\/div>\n\t\t<\/section>\n\t\t\t\t<section class=\"elementor-section elementor-inner-section elementor-element elementor-element-30c77a6 elementor-section-boxed elementor-section-height-default elementor-section-height-default\" data-id=\"30c77a6\" data-element_type=\"section\" data-e-type=\"section\">\n\t\t\t\t\t\t<div class=\"elementor-container elementor-column-gap-no\">\n\t\t\t\t\t<div class=\"elementor-column elementor-col-100 elementor-inner-column elementor-element elementor-element-fae158b\" data-id=\"fae158b\" data-element_type=\"column\" data-e-type=\"column\" data-settings=\"{&quot;background_background&quot;:&quot;classic&quot;}\">\n\t\t\t<div class=\"elementor-widget-wrap elementor-element-populated\">\n\t\t\t\t\t\t<div class=\"elementor-element elementor-element-5c8e652 elementor-widget elementor-widget-heading\" data-id=\"5c8e652\" data-element_type=\"widget\" data-e-type=\"widget\" data-widget_type=\"heading.default\">\n\t\t\t\t<div class=\"elementor-widget-container\">\n\t\t\t\t\t<h4 class=\"elementor-heading-title elementor-size-default\">Publications B :<\/h4>\t\t\t\t<\/div>\n\t\t\t\t<\/div>\n\t\t\t\t<div class=\"elementor-element elementor-element-1d7dcd7 elementor-widget elementor-widget-text-editor\" data-id=\"1d7dcd7\" data-element_type=\"widget\" data-e-type=\"widget\" data-widget_type=\"text-editor.default\">\n\t\t\t\t<div class=\"elementor-widget-container\">\n\t\t\t\t\t\t\t\t\t<ol><li><em>Ikhlasse Chebbab , Samir Benaissa,\u00a0<\/em>Complete convergence and Maximal inequalities for product sums of WOD sequences, International Journal of Statistics &amp; Economics,2019, 20,\u00a0 1,1-8.<\/li><li><em>Ikhlasse Chebbab , Samir Benaissa,\u00a0<\/em>The Complete Convergence for the Parameter Estimator of the First-Order Autoregressive Process Created by WOD Errors , International Journal of Statistics &amp; Economics,2019, 20,\u00a0 1,80-87.<\/li><li>Badreddine AZZOUZI,, Samir BENAISSA,\u00a0<a href=\"http:\/\/www.ceser.in\/ceserp\/index.php\/bse\/article\/view\/4780\" target=\"_blank\" rel=\"noopener\">On the Convergence of Moving Average Processes for Dependent Random Variables\u00a0<\/a>, International Journal of Statistics &amp; Economics,2017, 18,\u00a0 2,83-90.<\/li><li>F. Benziadi, A. Gheriballah and A. Laksaci,\u00a0<a href=\"http:\/\/www.ntmsci.com\/AjaxTool\/GetArticleByPublishedArticleId?PublishedArticleId=7123\" target=\"_blank\" rel=\"noopener\">Asymptotic normality of kernel estimator of $\\psi$-regression function for functional ergodic data\u00a0<\/a>,\u00a0<em>New Trends in Mathematical Sciences<\/em>\u00a0Volume: 4,\u00a0 268-282, (2016). 633, (2016).<\/li><li>I. Mechab\u00a0 , B. Mechab , S. Benaissa , B. Serier\u00a0 , B.Bachir Bouiadjra, Free vibration analysis of \u00a0FGMnanoplate with porosities resting on Winkler Pasternak elastic foundations based on two variable refined plate theories, Journal of the Brazilian Society of Mechanical Sciences and Engineering, 2016, 38, 2193\u20132211.<\/li><li>Bela\u0457d Mechab, Ismail Mechab,Samir Benaissab,Mohammed Ameri,Boualem Serier,\u00a0 Probabilisticanalysisofeffectoftheporositiesinfunctionally gradedmaterialnanoplaterestingonWinkler\u2013Pasternakelasticfoundations, Applied Mathematical Modelling 40 (2016) 738\u2013749.<\/li><li>Badreddine AZZOUZI, Abbes RABHI, Samir BENAISSA, Complete Convergence of Moving Average Processes With Psi-Mixing Sequences,International Journal of Statistics &amp; Economics,2015, 16,\u00a0 2,1-6.<\/li><li>M. Attouch, A. Gheriballah and A. Laksaci Convergence Presque compl\u00e8te d\u00b4un estimateur robuste \u00a0de la r\u00e9gression non param\u00e9trique fonctionnelle: Cas spatial, \u00a0Pub. \u00a0Inst. Stat. Univ. Paris LI, \u00a0Ann. I.S.U.P. \u00a056 3-16, (2012).\u00a0<a href=\"http:\/\/cat.inist.fr\/?aModele=afficheN&amp;cpsidt=26017972\" target=\"_blank\" rel=\"noopener\">http:\/\/cat.inist.fr\/?aModele=afficheN&amp;cpsidt=26017972<\/a><\/li><li><strong>Benaissa, Samir<\/strong>;\u00a0<strong>Mechab, Boubaker<\/strong>;\u00a0<strong>Bahram, Abdelkader<\/strong>. Asymptotic properties of a conditional risk function for functional data.\u00a0<em>JPSS J. Probab. Stat. Sci.<\/em>\u00a0<strong>12\u00a0<\/strong>(2014), no. 1, 27\u201441.\u00a0<a href=\"http:\/\/www.i-tel.com.tw\/jpss\/\" target=\"_blank\" rel=\"noopener\">http:\/\/www.i-tel.com.tw\/jpss\/<\/a><\/li><li><strong>Belguerna, Abderrahmane<\/strong>;\u00a0<strong>Benaissa, Samir<\/strong>. The asymptotic convergence of the parameter estimator in the first order autoregressive model ${\\rm AR}(1)$ under strong mixing errors.\u00a0<em>Int. J. Math. Stat.<\/em>\u00a0<strong>15\u00a0<\/strong>(2014), no. 3, 1\u20148\u00a0<a href=\"http:\/\/ceser.in\/ceserp\/index.php\/ijms\/\" target=\"_blank\" rel=\"noopener\">http:\/\/ceser.in\/ceserp\/index.php\/ijms\/<\/a><\/li><\/ol>\t\t\t\t\t\t\t\t<\/div>\n\t\t\t\t<\/div>\n\t\t\t\t\t<\/div>\n\t\t<\/div>\n\t\t\t\t\t<\/div>\n\t\t<\/section>\n\t\t\t\t<section class=\"elementor-section elementor-inner-section elementor-element elementor-element-83fffad elementor-section-boxed elementor-section-height-default elementor-section-height-default\" data-id=\"83fffad\" data-element_type=\"section\" data-e-type=\"section\">\n\t\t\t\t\t\t<div class=\"elementor-container elementor-column-gap-no\">\n\t\t\t\t\t<div class=\"elementor-column elementor-col-100 elementor-inner-column elementor-element elementor-element-72c2300\" data-id=\"72c2300\" data-element_type=\"column\" data-e-type=\"column\" data-settings=\"{&quot;background_background&quot;:&quot;classic&quot;}\">\n\t\t\t<div class=\"elementor-widget-wrap elementor-element-populated\">\n\t\t\t\t\t\t<div class=\"elementor-element elementor-element-6fa1513 elementor-widget elementor-widget-heading\" data-id=\"6fa1513\" data-element_type=\"widget\" data-e-type=\"widget\" data-widget_type=\"heading.default\">\n\t\t\t\t<div class=\"elementor-widget-container\">\n\t\t\t\t\t<h4 class=\"elementor-heading-title elementor-size-default\">Chapitres  d\u2019ouvrage  de recherche :<\/h4>\t\t\t\t<\/div>\n\t\t\t\t<\/div>\n\t\t\t\t<div class=\"elementor-element elementor-element-e65da9f elementor-widget elementor-widget-text-editor\" data-id=\"e65da9f\" data-element_type=\"widget\" data-e-type=\"widget\" data-widget_type=\"text-editor.default\">\n\t\t\t\t<div class=\"elementor-widget-container\">\n\t\t\t\t\t\t\t\t\t<ul><li><strong>M.Attouch, A.<\/strong>\u00a0<strong>Gheriballah,\u00a0 and\u00a0\u00a0 A.<\/strong>\u00a0<strong>Laksaci,\u00a0<\/strong><a href=\"http:\/\/link.springer.com\/chapter\/10.1007\/978-3-7908-2736-1_5\" target=\"_blank\" rel=\"noopener\">Robust Nonparametric Estimation for Functional Spatial Regression<\/a>.\u00a0<em>Recent advances in functional data analysis and related topics,<\/em>\u00a027&#8211;31, Contrib. Statist.,\u00a0<em>Physica-Verlag\/Springer, Heidelberg,<\/em>\u00a02011.<\/li><\/ul>\t\t\t\t\t\t\t\t<\/div>\n\t\t\t\t<\/div>\n\t\t\t\t\t<\/div>\n\t\t<\/div>\n\t\t\t\t\t<\/div>\n\t\t<\/section>\n\t\t\t\t<section class=\"elementor-section elementor-inner-section elementor-element elementor-element-7b28b92 elementor-section-boxed elementor-section-height-default elementor-section-height-default\" data-id=\"7b28b92\" data-element_type=\"section\" data-e-type=\"section\">\n\t\t\t\t\t\t<div class=\"elementor-container elementor-column-gap-no\">\n\t\t\t\t\t<div class=\"elementor-column elementor-col-100 elementor-inner-column elementor-element elementor-element-55b3498\" data-id=\"55b3498\" data-element_type=\"column\" data-e-type=\"column\" data-settings=\"{&quot;background_background&quot;:&quot;classic&quot;}\">\n\t\t\t<div class=\"elementor-widget-wrap elementor-element-populated\">\n\t\t\t\t\t\t<div class=\"elementor-element elementor-element-f80e21a elementor-widget elementor-widget-heading\" data-id=\"f80e21a\" data-element_type=\"widget\" data-e-type=\"widget\" data-widget_type=\"heading.default\">\n\t\t\t\t<div class=\"elementor-widget-container\">\n\t\t\t\t\t<h4 class=\"elementor-heading-title elementor-size-default\">Projets de Recherche :<\/h4>\t\t\t\t<\/div>\n\t\t\t\t<\/div>\n\t\t\t\t<div class=\"elementor-element elementor-element-44125bd elementor-widget elementor-widget-text-editor\" data-id=\"44125bd\" data-element_type=\"widget\" data-e-type=\"widget\" data-widget_type=\"text-editor.default\">\n\t\t\t\t<div class=\"elementor-widget-container\">\n\t\t\t\t\t\t\t\t\t<p><strong>Projets Internationaux<\/strong><\/p><ul><li>Syst\u00e8mes Complexes et Ing\u00e9nierie M\u00e9dicale<strong>,<\/strong>\u00a0Projet\u00a0MAGHREB\u00a0MAG\/14\/11 &#8211; CAMPUS N\u00b0 32591SG<\/li><\/ul><p><strong>Projets Sectoriel<\/strong><\/p><ul><li>Mod\u00e8les local lin\u00e9aire fonctionnels et ses applications en pr\u00e9vision<\/li><li>Projet Utilisation\u00a0 de Monter Carlo pour la comparaison de performances des estimateurs et la r\u00e9solution d\u2019\u00e9quations diff\u00e9rentielles stochastiques de grande dimension. Projet PRFU,\u00a0 Code: C00L03UN220120180011<\/li><\/ul><p><strong>Projets de recherche appliqu\u00e9e<\/strong><\/p><ul><li>Mod\u00e8les statistique pour l&rsquo;ing\u00e9nierie du trafic routier : Gestion et pr\u00e9vision en temps r\u00e9el.\u00a0<strong>Projet th\u00e9matique\u00a0 avec l&rsquo;agence Th\u00e9matique de Recherche en Sciences et Technologie<\/strong><\/li><\/ul>\t\t\t\t\t\t\t\t<\/div>\n\t\t\t\t<\/div>\n\t\t\t\t\t<\/div>\n\t\t<\/div>\n\t\t\t\t\t<\/div>\n\t\t<\/section>\n\t\t\t\t<section class=\"elementor-section elementor-inner-section elementor-element elementor-element-3f2021f elementor-section-boxed elementor-section-height-default elementor-section-height-default\" data-id=\"3f2021f\" data-element_type=\"section\" data-e-type=\"section\">\n\t\t\t\t\t\t<div class=\"elementor-container elementor-column-gap-no\">\n\t\t\t\t\t<div class=\"elementor-column elementor-col-100 elementor-inner-column elementor-element elementor-element-ea37478\" data-id=\"ea37478\" data-element_type=\"column\" data-e-type=\"column\" data-settings=\"{&quot;background_background&quot;:&quot;classic&quot;}\">\n\t\t\t<div class=\"elementor-widget-wrap elementor-element-populated\">\n\t\t\t\t\t\t<div class=\"elementor-element elementor-element-bc71f97 elementor-widget elementor-widget-heading\" data-id=\"bc71f97\" data-element_type=\"widget\" data-e-type=\"widget\" data-widget_type=\"heading.default\">\n\t\t\t\t<div class=\"elementor-widget-container\">\n\t\t\t\t\t<h4 class=\"elementor-heading-title elementor-size-default\">Encadrement  Doctorat (2011-2015) :<\/h4>\t\t\t\t<\/div>\n\t\t\t\t<\/div>\n\t\t\t\t<div class=\"elementor-element elementor-element-49562fd elementor-widget elementor-widget-text-editor\" data-id=\"49562fd\" data-element_type=\"widget\" data-e-type=\"widget\" data-widget_type=\"text-editor.default\">\n\t\t\t\t<div class=\"elementor-widget-container\">\n\t\t\t\t\t\t\t\t\t<p><strong>Projets Internationaux<\/strong><\/p><ul><li>Syst\u00e8mes Complexes et Ing\u00e9nierie M\u00e9dicale<strong>,<\/strong>\u00a0Projet\u00a0MAGHREB\u00a0MAG\/14\/11 &#8211; CAMPUS N\u00b0 32591SG<\/li><\/ul><p><strong>Projets Sectoriel<\/strong><\/p><ul><li>Estimation param\u00e9trique et non param\u00e9trique par K plus proche voisins pour des donn\u00e9e fonctionnelles.<\/li><\/ul><p><strong>Projets de recherche appliqu\u00e9e<\/strong><\/p><ul><li>Mod\u00e8les statistique pour l&rsquo;ing\u00e9nierie du trafic routier : Gestion et pr\u00e9vision en temps r\u00e9el.\u00a0Projet th\u00e9matique\u00a0 avec l&rsquo;agence Th\u00e9matique de Recherche en Sciences et Technologie<\/li><\/ul>\t\t\t\t\t\t\t\t<\/div>\n\t\t\t\t<\/div>\n\t\t\t\t\t<\/div>\n\t\t<\/div>\n\t\t\t\t\t<\/div>\n\t\t<\/section>\n\t\t\t\t<section class=\"elementor-section elementor-inner-section elementor-element elementor-element-9c093dd elementor-section-boxed elementor-section-height-default elementor-section-height-default\" data-id=\"9c093dd\" data-element_type=\"section\" data-e-type=\"section\">\n\t\t\t\t\t\t<div class=\"elementor-container elementor-column-gap-no\">\n\t\t\t\t\t<div class=\"elementor-column elementor-col-100 elementor-inner-column elementor-element elementor-element-2678a96\" data-id=\"2678a96\" data-element_type=\"column\" data-e-type=\"column\" data-settings=\"{&quot;background_background&quot;:&quot;classic&quot;}\">\n\t\t\t<div class=\"elementor-widget-wrap elementor-element-populated\">\n\t\t\t\t\t\t<div class=\"elementor-element elementor-element-b04f761 elementor-widget elementor-widget-heading\" data-id=\"b04f761\" data-element_type=\"widget\" data-e-type=\"widget\" data-widget_type=\"heading.default\">\n\t\t\t\t<div class=\"elementor-widget-container\">\n\t\t\t\t\t<h4 class=\"elementor-heading-title elementor-size-default\">Encadrement  Doctorat (2011-2015) :<\/h4>\t\t\t\t<\/div>\n\t\t\t\t<\/div>\n\t\t\t\t<div class=\"elementor-element elementor-element-f063c0c elementor-widget elementor-widget-text-editor\" data-id=\"f063c0c\" data-element_type=\"widget\" data-e-type=\"widget\" data-widget_type=\"text-editor.default\">\n\t\t\t\t<div class=\"elementor-widget-container\">\n\t\t\t\t\t\t\t\t\t<ol><li>Sur la r\u00e9gression non param\u00e9trique robuste: cas spatial,\u00a0 Th\u00e8se de Doctorat de Rouane Rachida<\/li><li>Estimation non param\u00e9trique\u00a0 robust pour des donn\u00e9es ergodiques fonctionnelles, Th\u00e8se de Doctorat 3ieme cycle de Sekkal Soumya<\/li><li>Analyse semi-parametrique robuste pour des covariables fonctionnelles,\u00a0\u00a0 Th\u00e8se de Doctorat\u00a0 de Belguerna Abderrahmane<\/li><li>Analyse du risque par la m\u00e9thode locale lin\u00e9aire\u00a0: cas spatial, Th\u00e8se de Doctorat\u00a0 3ieme cycle Massim Ibrahim<\/li><li>Sur l\u2019estimation non param\u00e9trique de la fonction de hasard conditionnelle\u00a0: Cas des surgate data,\u00a0 Th\u00e8se de Doctorat\u00a0 3ieme\u00a0 cycle \u00a0de Goutel Amina<\/li><li>Sur l\u2019estimation\u00a0\u00a0 semi-param\u00e9trique\u00a0 de la fonction de r\u00e9partition conditionnelle \u00e0 variable explicative\u00a0 fonctionnelle, Th\u00e8se de Doctorat\u00a0 3ieme\u00a0 cycle de Kebir Hadjer<\/li><li>Mod\u00e8le non param\u00e9trique fonctionnel de la fonction de risque\u00a0: cas des donn\u00e9es incompl\u00e8tes, Th\u00e8se de Doctorat\u00a0 de\u00a0 Bachir Bouadjra\u00a0 Hakima<\/li><li>Sur l&rsquo;estimations\u00a0 local lin\u00e9aire fonctionnelle pour le cas de missing data, Th\u00e8se de Doctorat\u00a0 3ieme\u00a0 cycle de Benchiha Abbassia<\/li><li>Propri\u00e9t\u00e9s asymptotiques de l\u2019estimateur de la fonction de hasard conditionnelle cas des donn\u00e9es associ\u00e9es, Th\u00e8se de Doctorat\u00a0 de Daoudi Hamza<\/li><\/ol>\t\t\t\t\t\t\t\t<\/div>\n\t\t\t\t<\/div>\n\t\t\t\t\t<\/div>\n\t\t<\/div>\n\t\t\t\t\t<\/div>\n\t\t<\/section>\n\t\t\t\t\t<\/div>\n\t\t<\/div>\n\t\t\t\t\t<\/div>\n\t\t<\/section>\n\t\t\t\t<\/div>\n\t\t","protected":false},"excerpt":{"rendered":"<p>Bilan \u00e9quipe 3 Bilan de l\u2019\u00e9quipe : Statistique non param\u00e9trique fonctionnelle Publications A : Gheriballah, A. Laksaci and S. Sekkal\u00a0Nonparametric -regression for functional ergodic data\u00a0Stat. Probab . Lett 83, 902-908, (2013). Publications B : Ikhlasse Chebbab , Samir Benaissa,\u00a0Complete convergence and Maximal inequalities for product sums of WOD sequences, International Journal of Statistics &amp; Economics,2019, [&hellip;]<\/p>\n","protected":false},"author":1,"featured_media":0,"parent":0,"menu_order":0,"comment_status":"closed","ping_status":"closed","template":"","meta":{"site-sidebar-layout":"no-sidebar","site-content-layout":"page-builder","ast-site-content-layout":"","site-content-style":"default","site-sidebar-style":"default","ast-global-header-display":"","ast-banner-title-visibility":"","ast-main-header-display":"","ast-hfb-above-header-display":"","ast-hfb-below-header-display":"","ast-hfb-mobile-header-display":"","site-post-title":"disabled","ast-breadcrumbs-content":"","ast-featured-img":"disabled","footer-sml-layout":"","theme-transparent-header-meta":"default","adv-header-id-meta":"","stick-header-meta":"","header-above-stick-meta":"","header-main-stick-meta":"","header-below-stick-meta":"","astra-migrate-meta-layouts":"default","ast-page-background-enabled":"default","ast-page-background-meta":{"desktop":{"background-color":"","background-image":"","background-repeat":"repeat","background-position":"center center","background-size":"auto","background-attachment":"scroll","background-type":"","background-media":"","overlay-type":"","overlay-color":"","overlay-opacity":"","overlay-gradient":""},"tablet":{"background-color":"","background-image":"","background-repeat":"repeat","background-position":"center center","background-size":"auto","background-attachment":"scroll","background-type":"","background-media":"","overlay-type":"","overlay-color":"","overlay-opacity":"","overlay-gradient":""},"mobile":{"background-color":"","background-image":"","background-repeat":"repeat","background-position":"center center","background-size":"auto","background-attachment":"scroll","background-type":"","background-media":"","overlay-type":"","overlay-color":"","overlay-opacity":"","overlay-gradient":""}},"ast-content-background-meta":{"desktop":{"background-color":"var(--ast-global-color-5)","background-image":"","background-repeat":"repeat","background-position":"center center","background-size":"auto","background-attachment":"scroll","background-type":"","background-media":"","overlay-type":"","overlay-color":"","overlay-opacity":"","overlay-gradient":""},"tablet":{"background-color":"var(--ast-global-color-5)","background-image":"","background-repeat":"repeat","background-position":"center center","background-size":"auto","background-attachment":"scroll","background-type":"","background-media":"","overlay-type":"","overlay-color":"","overlay-opacity":"","overlay-gradient":""},"mobile":{"background-color":"var(--ast-global-color-5)","background-image":"","background-repeat":"repeat","background-position":"center center","background-size":"auto","background-attachment":"scroll","background-type":"","background-media":"","overlay-type":"","overlay-color":"","overlay-opacity":"","overlay-gradient":""}},"footnotes":""},"class_list":["post-2278","page","type-page","status-publish","hentry"],"_links":{"self":[{"href":"https:\/\/www.univ-sba.dz\/lsps\/wp-json\/wp\/v2\/pages\/2278","targetHints":{"allow":["GET"]}}],"collection":[{"href":"https:\/\/www.univ-sba.dz\/lsps\/wp-json\/wp\/v2\/pages"}],"about":[{"href":"https:\/\/www.univ-sba.dz\/lsps\/wp-json\/wp\/v2\/types\/page"}],"author":[{"embeddable":true,"href":"https:\/\/www.univ-sba.dz\/lsps\/wp-json\/wp\/v2\/users\/1"}],"replies":[{"embeddable":true,"href":"https:\/\/www.univ-sba.dz\/lsps\/wp-json\/wp\/v2\/comments?post=2278"}],"version-history":[{"count":39,"href":"https:\/\/www.univ-sba.dz\/lsps\/wp-json\/wp\/v2\/pages\/2278\/revisions"}],"predecessor-version":[{"id":3192,"href":"https:\/\/www.univ-sba.dz\/lsps\/wp-json\/wp\/v2\/pages\/2278\/revisions\/3192"}],"wp:attachment":[{"href":"https:\/\/www.univ-sba.dz\/lsps\/wp-json\/wp\/v2\/media?parent=2278"}],"curies":[{"name":"wp","href":"https:\/\/api.w.org\/{rel}","templated":true}]}}