{"id":2838,"date":"2021-12-20T20:15:00","date_gmt":"2021-12-20T19:15:00","guid":{"rendered":"http:\/\/192.168.1.22\/lsps\/?page_id=2838"},"modified":"2026-02-26T15:15:11","modified_gmt":"2026-02-26T14:15:11","slug":"les-cours-du-pr-benchikh-tawfik","status":"publish","type":"page","link":"https:\/\/www.univ-sba.dz\/lsps\/les-cours-du-pr-benchikh-tawfik\/","title":{"rendered":"Les cours du Pr.BENCHIKH Tawfik"},"content":{"rendered":"\t\t<div data-elementor-type=\"wp-page\" data-elementor-id=\"2838\" class=\"elementor elementor-2838\">\n\t\t\t\t\t\t<section class=\"elementor-section elementor-top-section elementor-element elementor-element-d19f18d elementor-section-boxed elementor-section-height-default elementor-section-height-default\" data-id=\"d19f18d\" data-element_type=\"section\" data-e-type=\"section\">\n\t\t\t\t\t\t<div class=\"elementor-container elementor-column-gap-default\">\n\t\t\t\t\t<div class=\"elementor-column elementor-col-100 elementor-top-column elementor-element elementor-element-5ebb7f7\" data-id=\"5ebb7f7\" data-element_type=\"column\" data-e-type=\"column\">\n\t\t\t<div class=\"elementor-widget-wrap elementor-element-populated\">\n\t\t\t\t\t\t<div class=\"elementor-element elementor-element-a496d74 elementor-widget elementor-widget-heading\" data-id=\"a496d74\" data-element_type=\"widget\" data-e-type=\"widget\" data-widget_type=\"heading.default\">\n\t\t\t\t<div class=\"elementor-widget-container\">\n\t\t\t\t\t<h4 class=\"elementor-heading-title elementor-size-default\">Les cours du Pr. BENCHIKH Tawfik<\/h4>\t\t\t\t<\/div>\n\t\t\t\t<\/div>\n\t\t\t\t\t<\/div>\n\t\t<\/div>\n\t\t\t\t\t<\/div>\n\t\t<\/section>\n\t\t\t\t<section class=\"elementor-section elementor-top-section elementor-element elementor-element-b23d742 elementor-section-boxed elementor-section-height-default elementor-section-height-default\" data-id=\"b23d742\" data-element_type=\"section\" data-e-type=\"section\">\n\t\t\t\t\t\t<div class=\"elementor-container elementor-column-gap-default\">\n\t\t\t\t\t<div class=\"elementor-column elementor-col-100 elementor-top-column elementor-element elementor-element-e09664e\" data-id=\"e09664e\" data-element_type=\"column\" data-e-type=\"column\">\n\t\t\t<div class=\"elementor-widget-wrap elementor-element-populated\">\n\t\t\t\t\t\t<div class=\"elementor-element elementor-element-0217624 elementor-widget elementor-widget-heading\" data-id=\"0217624\" data-element_type=\"widget\" data-e-type=\"widget\" data-widget_type=\"heading.default\">\n\t\t\t\t<div class=\"elementor-widget-container\">\n\t\t\t\t\t<h5 class=\"elementor-heading-title elementor-size-default\"><a href=\"https:\/\/www.univ-sba.dz\/lsps\/wp-content\/uploads\/2026\/02\/cours1-GENERAL-INTRODUCTION-TO-BIOSTATISTICS.pdf\">- Cours1: General Introduction to Biostatistics: From Theory to Applications<\/a><\/h5>\t\t\t\t<\/div>\n\t\t\t\t<\/div>\n\t\t\t\t\t<\/div>\n\t\t<\/div>\n\t\t\t\t\t<\/div>\n\t\t<\/section>\n\t\t\t\t<section class=\"elementor-section elementor-top-section elementor-element elementor-element-863d753 elementor-section-boxed elementor-section-height-default elementor-section-height-default\" data-id=\"863d753\" data-element_type=\"section\" data-e-type=\"section\">\n\t\t\t\t\t\t<div class=\"elementor-container elementor-column-gap-default\">\n\t\t\t\t\t<div class=\"elementor-column elementor-col-100 elementor-top-column elementor-element elementor-element-b5d4e96\" data-id=\"b5d4e96\" data-element_type=\"column\" data-e-type=\"column\">\n\t\t\t<div class=\"elementor-widget-wrap elementor-element-populated\">\n\t\t\t\t\t\t<div class=\"elementor-element elementor-element-b07b0c7 elementor-widget elementor-widget-heading\" data-id=\"b07b0c7\" data-element_type=\"widget\" data-e-type=\"widget\" data-widget_type=\"heading.default\">\n\t\t\t\t<div class=\"elementor-widget-container\">\n\t\t\t\t\t<h5 class=\"elementor-heading-title elementor-size-default\"><a href=\"https:\/\/www.univ-sba.dz\/lsps\/wp-content\/uploads\/2026\/02\/Medicine\u2013Course-2\u2013Medicine\u2013Descriptive-Statistics-2025-VI.pdf\">- Cours2-m\u00e9decine: Statistique descriptive univari\u00e9e<\/a><\/h5>\t\t\t\t<\/div>\n\t\t\t\t<\/div>\n\t\t\t\t\t<\/div>\n\t\t<\/div>\n\t\t\t\t\t<\/div>\n\t\t<\/section>\n\t\t\t\t<section class=\"elementor-section elementor-top-section elementor-element elementor-element-d86052b elementor-section-boxed elementor-section-height-default elementor-section-height-default\" data-id=\"d86052b\" data-element_type=\"section\" data-e-type=\"section\">\n\t\t\t\t\t\t<div class=\"elementor-container elementor-column-gap-default\">\n\t\t\t\t\t<div class=\"elementor-column elementor-col-100 elementor-top-column elementor-element elementor-element-fb9f91d\" data-id=\"fb9f91d\" data-element_type=\"column\" data-e-type=\"column\">\n\t\t\t<div class=\"elementor-widget-wrap elementor-element-populated\">\n\t\t\t\t\t\t<div class=\"elementor-element elementor-element-f5dfb0f elementor-widget elementor-widget-heading\" data-id=\"f5dfb0f\" data-element_type=\"widget\" data-e-type=\"widget\" data-widget_type=\"heading.default\">\n\t\t\t\t<div class=\"elementor-widget-container\">\n\t\t\t\t\t<h5 class=\"elementor-heading-title elementor-size-default\"><a href=\"https:\/\/www.univ-sba.dz\/lsps\/wp-content\/uploads\/2026\/02\/Medicine\u2013Course-3\u2013Medicine\u2013bivariate-statistics-Linear-regression-2026-VI.pdf\">- Cours3-M\u00e9decine: Statistique descriptive bidimensionnelle-r\u00e9gression lin\u00e9aire<\/a><\/h5>\t\t\t\t<\/div>\n\t\t\t\t<\/div>\n\t\t\t\t<div class=\"elementor-element elementor-element-f127596 elementor-widget elementor-widget-heading\" data-id=\"f127596\" data-element_type=\"widget\" data-e-type=\"widget\" data-widget_type=\"heading.default\">\n\t\t\t\t<div class=\"elementor-widget-container\">\n\t\t\t\t\t<h5 class=\"elementor-heading-title elementor-size-default\"><a href=\"https:\/\/www.univ-sba.dz\/lsps\/wp-content\/uploads\/2026\/02\/Medicine\u2013Course-4-Concepts-of-probability-2026-VI.pdf\">- Cours4-A-M\u00e9decine: Notions de probabilit\u00e9s, Analyse combinatoire<\/a><\/h5>\t\t\t\t<\/div>\n\t\t\t\t<\/div>\n\t\t\t\t<div class=\"elementor-element elementor-element-47356be elementor-widget elementor-widget-heading\" data-id=\"47356be\" data-element_type=\"widget\" data-e-type=\"widget\" data-widget_type=\"heading.default\">\n\t\t\t\t<div class=\"elementor-widget-container\">\n\t\t\t\t\t<h5 class=\"elementor-heading-title elementor-size-default\"><a href=\"https:\/\/www.univ-sba.dz\/lsps\/wp-content\/uploads\/2026\/02\/Med-cours4B-regles-des-calculs-en-prob-2025-VI.pdf\">- Cours4-B-M\u00e9decine: R\u00e8gles de calcul de probabilit\u00e9s<\/a><\/h5>\t\t\t\t<\/div>\n\t\t\t\t<\/div>\n\t\t\t\t<div class=\"elementor-element elementor-element-af14774 elementor-widget elementor-widget-heading\" data-id=\"af14774\" data-element_type=\"widget\" data-e-type=\"widget\" data-widget_type=\"heading.default\">\n\t\t\t\t<div class=\"elementor-widget-container\">\n\t\t\t\t\t<h5 class=\"elementor-heading-title elementor-size-default\"><a href=\"https:\/\/www.univ-sba.dz\/lsps\/wp-content\/uploads\/2026\/02\/Medicine\u2013Course-5A-Concepts-of-random-variable-VI.pdf\">- Cours5-A-M\u00e9decine: Notion de Variable al\u00e9atoire<\/a><\/h5>\t\t\t\t<\/div>\n\t\t\t\t<\/div>\n\t\t\t\t<div class=\"elementor-element elementor-element-2052a26 elementor-widget elementor-widget-heading\" data-id=\"2052a26\" data-element_type=\"widget\" data-e-type=\"widget\" data-widget_type=\"heading.default\">\n\t\t\t\t<div class=\"elementor-widget-container\">\n\t\t\t\t\t<h5 class=\"elementor-heading-title elementor-size-default\"><a href=\"https:\/\/www.univ-sba.dz\/lsps\/wp-content\/uploads\/2026\/02\/Medecine-Course-5B-Probability-laws-VI-2025.pdf\">- Cours5-B-M\u00e9decine: Lois des probabilit\u00e9s<\/a><\/h5>\t\t\t\t<\/div>\n\t\t\t\t<\/div>\n\t\t\t\t<div class=\"elementor-element elementor-element-4eeaaf5 elementor-widget elementor-widget-heading\" data-id=\"4eeaaf5\" data-element_type=\"widget\" data-e-type=\"widget\" data-widget_type=\"heading.default\">\n\t\t\t\t<div class=\"elementor-widget-container\">\n\t\t\t\t\t<h5 class=\"elementor-heading-title elementor-size-default\"><a href=\"https:\/\/www.univ-sba.dz\/lsps\/wp-content\/uploads\/2026\/02\/Medecine-Course6-Sampling-theory-2026-VI.pdf\">- Cours6-M\u00e9decine: TH\u00c9ORIE D\u2019\u00c9CHANTILLIONNAGE<\/a><\/h5>\t\t\t\t<\/div>\n\t\t\t\t<\/div>\n\t\t\t\t<div class=\"elementor-element elementor-element-a1842a2 elementor-widget elementor-widget-heading\" data-id=\"a1842a2\" data-element_type=\"widget\" data-e-type=\"widget\" data-widget_type=\"heading.default\">\n\t\t\t\t<div class=\"elementor-widget-container\">\n\t\t\t\t\t<h5 class=\"elementor-heading-title elementor-size-default\"><a href=\"https:\/\/www.univ-sba.dz\/lsps\/wp-content\/uploads\/2026\/02\/Mededine-Course7A-Point-estimation-2026-VI.pdf\">- Cours7A-M\u00e9decine: ESTIMATION PONCTUELLE<\/a><\/h5>\t\t\t\t<\/div>\n\t\t\t\t<\/div>\n\t\t\t\t<div class=\"elementor-element elementor-element-9ebb4ab elementor-widget elementor-widget-heading\" data-id=\"9ebb4ab\" data-element_type=\"widget\" data-e-type=\"widget\" data-widget_type=\"heading.default\">\n\t\t\t\t<div class=\"elementor-widget-container\">\n\t\t\t\t\t<h5 class=\"elementor-heading-title elementor-size-default\"><a href=\"https:\/\/www.univ-sba.dz\/lsps\/wp-content\/uploads\/2026\/02\/Med-cours7B-Confidence-Interval-Estimation-2026-VI.pdf\">- Cours7B-M\u00e9decine: ESTIMATION par intervalle de confiance<\/a><\/h5>\t\t\t\t<\/div>\n\t\t\t\t<\/div>\n\t\t\t\t<div class=\"elementor-element elementor-element-e8409b2 elementor-widget elementor-widget-heading\" data-id=\"e8409b2\" data-element_type=\"widget\" data-e-type=\"widget\" data-widget_type=\"heading.default\">\n\t\t\t\t<div class=\"elementor-widget-container\">\n\t\t\t\t\t<h5 class=\"elementor-heading-title elementor-size-default\"><a href=\"https:\/\/www.univ-sba.dz\/lsps\/wp-content\/uploads\/2024\/02\/Med-Cours8-Test-Hypoth-2024-VI.pdf\">- Cours8-M\u00e9decine: TESTS D\u2019HYPOTH\u00c8SES<\/a><\/h5>\t\t\t\t<\/div>\n\t\t\t\t<\/div>\n\t\t\t\t<div class=\"elementor-element elementor-element-614ee75 elementor-widget elementor-widget-heading\" data-id=\"614ee75\" data-element_type=\"widget\" data-e-type=\"widget\" data-widget_type=\"heading.default\">\n\t\t\t\t<div class=\"elementor-widget-container\">\n\t\t\t\t\t<h5 class=\"elementor-heading-title elementor-size-default\"><a href=\"https:\/\/www.univ-sba.dz\/lsps\/wp-content\/uploads\/2024\/02\/Med-cours9-test-dajustement-2024.pdf\">- Cours9-M\u00e9decine:  Test de normalit\u00e9-Test d'ind\u00e9pendance<\/a><\/h5>\t\t\t\t<\/div>\n\t\t\t\t<\/div>\n\t\t\t\t<div class=\"elementor-element elementor-element-507ddf8 elementor-widget elementor-widget-heading\" data-id=\"507ddf8\" data-element_type=\"widget\" data-e-type=\"widget\" data-widget_type=\"heading.default\">\n\t\t\t\t<div class=\"elementor-widget-container\">\n\t\t\t\t\t<h5 class=\"elementor-heading-title elementor-size-default\"><a href=\"https:\/\/www.univ-sba.dz\/lsps\/wp-content\/uploads\/2024\/02\/Med-cours10-medecine-ANOVA-2024.pdf\">- Cours10-M\u00e9decine:  LES ANALYSES DE VARIANCE (ANOVA)<\/a><\/h5>\t\t\t\t<\/div>\n\t\t\t\t<\/div>\n\t\t\t\t<div class=\"elementor-element elementor-element-9bec767 elementor-widget elementor-widget-heading\" data-id=\"9bec767\" data-element_type=\"widget\" data-e-type=\"widget\" data-widget_type=\"heading.default\">\n\t\t\t\t<div class=\"elementor-widget-container\">\n\t\t\t\t\t<h5 class=\"elementor-heading-title elementor-size-default\"><a href=\"https:\/\/www.univ-sba.dz\/lsps\/wp-content\/uploads\/2024\/04\/Med-cours11-regression-inference-2024.pdf\">- Cours11-M\u00e9decine:  R\u00e9gression lin\u00e9aire: Partie II<\/a><\/h5>\t\t\t\t<\/div>\n\t\t\t\t<\/div>\n\t\t\t\t\t<\/div>\n\t\t<\/div>\n\t\t\t\t\t<\/div>\n\t\t<\/section>\n\t\t\t\t<section class=\"elementor-section elementor-top-section elementor-element elementor-element-b953267 elementor-section-boxed elementor-section-height-default elementor-section-height-default\" data-id=\"b953267\" data-element_type=\"section\" data-e-type=\"section\">\n\t\t\t\t\t\t<div class=\"elementor-container elementor-column-gap-default\">\n\t\t\t\t\t<div class=\"elementor-column elementor-col-100 elementor-top-column elementor-element elementor-element-23f7da8\" data-id=\"23f7da8\" data-element_type=\"column\" data-e-type=\"column\">\n\t\t\t<div class=\"elementor-widget-wrap elementor-element-populated\">\n\t\t\t\t\t\t<div class=\"elementor-element elementor-element-1c6e264 elementor-widget elementor-widget-heading\" data-id=\"1c6e264\" data-element_type=\"widget\" data-e-type=\"widget\" data-widget_type=\"heading.default\">\n\t\t\t\t<div class=\"elementor-widget-container\">\n\t\t\t\t\t<h4 class=\"elementor-heading-title elementor-size-default\">Les fiches de TD <\/h4>\t\t\t\t<\/div>\n\t\t\t\t<\/div>\n\t\t\t\t<div class=\"elementor-element elementor-element-f868e1c elementor-widget elementor-widget-heading\" data-id=\"f868e1c\" data-element_type=\"widget\" data-e-type=\"widget\" data-widget_type=\"heading.default\">\n\t\t\t\t<div class=\"elementor-widget-container\">\n\t\t\t\t\t<h4 class=\"elementor-heading-title elementor-size-default\"><a href=\"https:\/\/www.univ-sba.dz\/lsps\/wp-content\/uploads\/2026\/02\/TD1-descript-Stat-2026.pdf\">- TD N\u00b01: Statistique descriptive<\/a><\/h4>\t\t\t\t<\/div>\n\t\t\t\t<\/div>\n\t\t\t\t<div class=\"elementor-element elementor-element-7332a74 elementor-widget elementor-widget-heading\" data-id=\"7332a74\" data-element_type=\"widget\" data-e-type=\"widget\" data-widget_type=\"heading.default\">\n\t\t\t\t<div class=\"elementor-widget-container\">\n\t\t\t\t\t<h4 class=\"elementor-heading-title elementor-size-default\"><a href=\"https:\/\/www.univ-sba.dz\/lsps\/wp-content\/uploads\/2026\/02\/TD2-Linear-regression-2025.pdf\">- TD N\u00b02: R\u00e9gression lin\u00e9aire<\/a><\/h4>\t\t\t\t<\/div>\n\t\t\t\t<\/div>\n\t\t\t\t<div class=\"elementor-element elementor-element-98e5cd4 elementor-widget elementor-widget-heading\" data-id=\"98e5cd4\" data-element_type=\"widget\" data-e-type=\"widget\" data-widget_type=\"heading.default\">\n\t\t\t\t<div class=\"elementor-widget-container\">\n\t\t\t\t\t<h4 class=\"elementor-heading-title elementor-size-default\"><a href=\"https:\/\/www.univ-sba.dz\/lsps\/wp-content\/uploads\/2026\/02\/TD3-Prob-medecine-2025.pdf\">- TD N\u00b03: Probabilit\u00e9s<\/a><\/h4>\t\t\t\t<\/div>\n\t\t\t\t<\/div>\n\t\t\t\t<div class=\"elementor-element elementor-element-ad200d4 elementor-widget elementor-widget-heading\" data-id=\"ad200d4\" data-element_type=\"widget\" data-e-type=\"widget\" data-widget_type=\"heading.default\">\n\t\t\t\t<div class=\"elementor-widget-container\">\n\t\t\t\t\t<h4 class=\"elementor-heading-title elementor-size-default\"><a href=\"https:\/\/www.univ-sba.dz\/lsps\/wp-content\/uploads\/2026\/02\/TD-4-Probability-Laws-2026.pdf\">- TD N\u00b04: Lois de probabilit\u00e9<\/a><\/h4>\t\t\t\t<\/div>\n\t\t\t\t<\/div>\n\t\t\t\t<div class=\"elementor-element elementor-element-212e9a5 elementor-widget elementor-widget-heading\" data-id=\"212e9a5\" data-element_type=\"widget\" data-e-type=\"widget\" data-widget_type=\"heading.default\">\n\t\t\t\t<div class=\"elementor-widget-container\">\n\t\t\t\t\t<h4 class=\"elementor-heading-title elementor-size-default\"><a href=\"https:\/\/www.univ-sba.dz\/lsps\/wp-content\/uploads\/2026\/02\/Solution-TD5-Estimation-2026.pdf\">- TD N\u00b05: Th\u00e9orie d'estimation <\/a><\/h4>\t\t\t\t<\/div>\n\t\t\t\t<\/div>\n\t\t\t\t<div class=\"elementor-element elementor-element-effce92 elementor-widget elementor-widget-heading\" data-id=\"effce92\" data-element_type=\"widget\" data-e-type=\"widget\" data-widget_type=\"heading.default\">\n\t\t\t\t<div class=\"elementor-widget-container\">\n\t\t\t\t\t<h4 class=\"elementor-heading-title elementor-size-default\"><a href=\"https:\/\/www.univ-sba.dz\/lsps\/wp-content\/uploads\/2024\/02\/Practice-Exercises-06-Test-medicine-englais-2024.pdf\">- TD N\u00b06: Tests d'hypoth\u00e8ses<\/a><\/h4>\t\t\t\t<\/div>\n\t\t\t\t<\/div>\n\t\t\t\t<div class=\"elementor-element elementor-element-c9c6d8d elementor-widget elementor-widget-heading\" data-id=\"c9c6d8d\" data-element_type=\"widget\" data-e-type=\"widget\" data-widget_type=\"heading.default\">\n\t\t\t\t<div class=\"elementor-widget-container\">\n\t\t\t\t\t<h4 class=\"elementor-heading-title elementor-size-default\"><a href=\"https:\/\/www.univ-sba.dz\/lsps\/wp-content\/uploads\/2024\/04\/td7-test-dajustement-anglais.pdf\">- TD N\u00b07: Test de normalit\u00e9-test d'ind\u00e9pendance<\/a><\/h4>\t\t\t\t<\/div>\n\t\t\t\t<\/div>\n\t\t\t\t<div class=\"elementor-element elementor-element-85b2e85 elementor-widget elementor-widget-heading\" data-id=\"85b2e85\" data-element_type=\"widget\" data-e-type=\"widget\" data-widget_type=\"heading.default\">\n\t\t\t\t<div class=\"elementor-widget-container\">\n\t\t\t\t\t<h4 class=\"elementor-heading-title elementor-size-default\"><a href=\"https:\/\/www.univ-sba.dz\/lsps\/wp-content\/uploads\/2024\/04\/TD8-Anova-2023-anglais.pdf\">- TD N\u00b08: Test d'ANOVA<\/a><\/h4>\t\t\t\t<\/div>\n\t\t\t\t<\/div>\n\t\t\t\t<div class=\"elementor-element elementor-element-dfaf97d elementor-widget elementor-widget-heading\" data-id=\"dfaf97d\" data-element_type=\"widget\" data-e-type=\"widget\" data-widget_type=\"heading.default\">\n\t\t\t\t<div class=\"elementor-widget-container\">\n\t\t\t\t\t<h4 class=\"elementor-heading-title elementor-size-default\"><a href=\"https:\/\/www.univ-sba.dz\/lsps\/wp-content\/uploads\/2023\/03\/TD9-regression-lineaire-2023.pdf\">- TD N\u00b09: R\u00e9gression lin\u00e9aire-tests et intervalle de confiance\n<\/a><\/h4>\t\t\t\t<\/div>\n\t\t\t\t<\/div>\n\t\t\t\t<div class=\"elementor-element elementor-element-2a7f93b elementor-widget elementor-widget-heading\" data-id=\"2a7f93b\" data-element_type=\"widget\" data-e-type=\"widget\" data-widget_type=\"heading.default\">\n\t\t\t\t<div class=\"elementor-widget-container\">\n\t\t\t\t\t<h4 class=\"elementor-heading-title elementor-size-default\"><a href=\"https:\/\/www.univ-sba.dz\/lsps\/wp-content\/uploads\/2021\/12\/tableauloinormale.pdf\">-Table statistique: loi normale\n<\/a><\/h4>\t\t\t\t<\/div>\n\t\t\t\t<\/div>\n\t\t\t\t<div class=\"elementor-element elementor-element-f7b8e06 elementor-widget elementor-widget-heading\" data-id=\"f7b8e06\" data-element_type=\"widget\" data-e-type=\"widget\" data-widget_type=\"heading.default\">\n\t\t\t\t<div class=\"elementor-widget-container\">\n\t\t\t\t\t<h4 class=\"elementor-heading-title elementor-size-default\"><a href=\"https:\/\/www.univ-sba.dz\/lsps\/wp-content\/uploads\/2024\/02\/Table-Loi-de-Student.pdf\">-Table statistique: loi de Student\n<\/a><\/h4>\t\t\t\t<\/div>\n\t\t\t\t<\/div>\n\t\t\t\t<div class=\"elementor-element elementor-element-23d3add elementor-widget elementor-widget-heading\" data-id=\"23d3add\" data-element_type=\"widget\" data-e-type=\"widget\" data-widget_type=\"heading.default\">\n\t\t\t\t<div class=\"elementor-widget-container\">\n\t\t\t\t\t<h4 class=\"elementor-heading-title elementor-size-default\"><a href=\"https:\/\/www.univ-sba.dz\/lsps\/wp-content\/uploads\/2024\/02\/Table-Loi-du-khi-deux.pdf\">-Table statistique: loi de Khi-deux<\/a><\/h4>\t\t\t\t<\/div>\n\t\t\t\t<\/div>\n\t\t\t\t<div class=\"elementor-element elementor-element-b2f4dee elementor-widget elementor-widget-heading\" data-id=\"b2f4dee\" data-element_type=\"widget\" data-e-type=\"widget\" data-widget_type=\"heading.default\">\n\t\t\t\t<div class=\"elementor-widget-container\">\n\t\t\t\t\t<h4 class=\"elementor-heading-title elementor-size-default\"><a href=\"https:\/\/www.univ-sba.dz\/lsps\/wp-content\/uploads\/2024\/03\/table_Fisher-Snedecor.pdf\">-Table statistique: loi de Fisher<\/a><\/h4>\t\t\t\t<\/div>\n\t\t\t\t<\/div>\n\t\t\t\t\t<\/div>\n\t\t<\/div>\n\t\t\t\t\t<\/div>\n\t\t<\/section>\n\t\t\t\t<\/div>\n\t\t","protected":false},"excerpt":{"rendered":"<p>Les cours du Pr. BENCHIKH Tawfik &#8211; Cours1: General Introduction to Biostatistics: From Theory to Applications &#8211; Cours2-m\u00e9decine: Statistique descriptive univari\u00e9e &#8211; Cours3-M\u00e9decine: Statistique descriptive bidimensionnelle-r\u00e9gression lin\u00e9aire &#8211; Cours4-A-M\u00e9decine: Notions de probabilit\u00e9s, Analyse combinatoire &#8211; Cours4-B-M\u00e9decine: R\u00e8gles de calcul de probabilit\u00e9s &#8211; Cours5-A-M\u00e9decine: Notion de Variable al\u00e9atoire &#8211; Cours5-B-M\u00e9decine: Lois des probabilit\u00e9s &#8211; Cours6-M\u00e9decine: TH\u00c9ORIE [&hellip;]<\/p>\n","protected":false},"author":1,"featured_media":0,"parent":0,"menu_order":0,"comment_status":"closed","ping_status":"closed","template":"","meta":{"site-sidebar-layout":"no-sidebar","site-content-layout":"page-builder","ast-site-content-layout":"","site-content-style":"default","site-sidebar-style":"default","ast-global-header-display":"","ast-banner-title-visibility":"","ast-main-header-display":"","ast-hfb-above-header-display":"","ast-hfb-below-header-display":"","ast-hfb-mobile-header-display":"","site-post-title":"disabled","ast-breadcrumbs-content":"","ast-featured-img":"disabled","footer-sml-layout":"","theme-transparent-header-meta":"default","adv-header-id-meta":"","stick-header-meta":"","header-above-stick-meta":"","header-main-stick-meta":"","header-below-stick-meta":"","astra-migrate-meta-layouts":"default","ast-page-background-enabled":"default","ast-page-background-meta":{"desktop":{"background-color":"","background-image":"","background-repeat":"repeat","background-position":"center center","background-size":"auto","background-attachment":"scroll","background-type":"","background-media":"","overlay-type":"","overlay-color":"","overlay-opacity":"","overlay-gradient":""},"tablet":{"background-color":"","background-image":"","background-repeat":"repeat","background-position":"center center","background-size":"auto","background-attachment":"scroll","background-type":"","background-media":"","overlay-type":"","overlay-color":"","overlay-opacity":"","overlay-gradient":""},"mobile":{"background-color":"","background-image":"","background-repeat":"repeat","background-position":"center center","background-size":"auto","background-attachment":"scroll","background-type":"","background-media":"","overlay-type":"","overlay-color":"","overlay-opacity":"","overlay-gradient":""}},"ast-content-background-meta":{"desktop":{"background-color":"var(--ast-global-color-5)","background-image":"","background-repeat":"repeat","background-position":"center center","background-size":"auto","background-attachment":"scroll","background-type":"","background-media":"","overlay-type":"","overlay-color":"","overlay-opacity":"","overlay-gradient":""},"tablet":{"background-color":"var(--ast-global-color-5)","background-image":"","background-repeat":"repeat","background-position":"center center","background-size":"auto","background-attachment":"scroll","background-type":"","background-media":"","overlay-type":"","overlay-color":"","overlay-opacity":"","overlay-gradient":""},"mobile":{"background-color":"var(--ast-global-color-5)","background-image":"","background-repeat":"repeat","background-position":"center center","background-size":"auto","background-attachment":"scroll","background-type":"","background-media":"","overlay-type":"","overlay-color":"","overlay-opacity":"","overlay-gradient":""}},"footnotes":""},"class_list":["post-2838","page","type-page","status-publish","hentry"],"_links":{"self":[{"href":"https:\/\/www.univ-sba.dz\/lsps\/wp-json\/wp\/v2\/pages\/2838","targetHints":{"allow":["GET"]}}],"collection":[{"href":"https:\/\/www.univ-sba.dz\/lsps\/wp-json\/wp\/v2\/pages"}],"about":[{"href":"https:\/\/www.univ-sba.dz\/lsps\/wp-json\/wp\/v2\/types\/page"}],"author":[{"embeddable":true,"href":"https:\/\/www.univ-sba.dz\/lsps\/wp-json\/wp\/v2\/users\/1"}],"replies":[{"embeddable":true,"href":"https:\/\/www.univ-sba.dz\/lsps\/wp-json\/wp\/v2\/comments?post=2838"}],"version-history":[{"count":303,"href":"https:\/\/www.univ-sba.dz\/lsps\/wp-json\/wp\/v2\/pages\/2838\/revisions"}],"predecessor-version":[{"id":4610,"href":"https:\/\/www.univ-sba.dz\/lsps\/wp-json\/wp\/v2\/pages\/2838\/revisions\/4610"}],"wp:attachment":[{"href":"https:\/\/www.univ-sba.dz\/lsps\/wp-json\/wp\/v2\/media?parent=2838"}],"curies":[{"name":"wp","href":"https:\/\/api.w.org\/{rel}","templated":true}]}}