{"id":7543,"date":"2025-09-18T11:36:47","date_gmt":"2025-09-18T09:36:47","guid":{"rendered":"http:\/\/172.16.15.128\/med\/?page_id=7543"},"modified":"2025-09-18T11:58:08","modified_gmt":"2025-09-18T09:58:08","slug":"instances-de-la-faculte","status":"publish","type":"page","link":"https:\/\/www.univ-sba.dz\/med\/instances-de-la-faculte\/","title":{"rendered":"instances de la facult\u00e9"},"content":{"rendered":"\t\t<div data-elementor-type=\"wp-page\" data-elementor-id=\"7543\" class=\"elementor elementor-7543\">\n\t\t\t\t<div class=\"elementor-element elementor-element-fc84f93 e-flex e-con-boxed wpr-particle-no wpr-jarallax-no wpr-parallax-no wpr-sticky-section-no e-con e-parent\" data-id=\"fc84f93\" data-element_type=\"container\" data-settings=\"{&quot;background_background&quot;:&quot;classic&quot;}\">\n\t\t\t\t\t<div class=\"e-con-inner\">\n\t\t\t\t<div class=\"elementor-element elementor-element-abe6d15 readmore-btn-only-text meta-visibility-show title_position_default title_hover_border_default title-default meta_position_default tpg-el-box-border-enable tpg-border-bottom-disable elementor-widget elementor-widget-tpg-grid-layout\" data-id=\"abe6d15\" data-element_type=\"widget\" data-widget_type=\"tpg-grid-layout.default\">\n\t\t\t\t<div class=\"elementor-widget-container\">\n\t\t\t\t\t\t\t<div class=\"rt-container-fluid rt-tpg-container tpg-el-main-wrapper clearfix grid-layout1-main \"\n\t\t\t id=\"rt-tpg-container-1504602238\"\n\t\t\t data-layout=\"grid-layout1\"\n\t\t\t data-grid-style=\"tpg-full-height\"\n\t\t\t data-sc-id=\"elementor\"\n\t\t\t data-el-settings=''\n\t\t\t data-el-query=''\n\t\t\t data-el-path=''\n\t\t>\n\t\t\t\t\t\t<div class='tpg-header-wrapper '>\n\t\t\t\t\t\t\t<\/div>\n\n\t\t\t<div data-title=\"Loading ...\" class=\"rt-row rt-content-loader grid-layout1 grid-behaviour tpg-full-height grid_layout_wrapper\">\n\t\t\t\t<div class=\"rt-col-md-6 rt-col-sm-6 rt-col-xs-12 default rt-grid-item post-10007 post type-post status-publish format-standard has-post-thumbnail hentry category-actualites category-evenements-a-venir category-instances-faculte category-post-graduation\"        data-id=\"10007\">\n    <div class=\"rt-holder tpg-post-holder \">\n        <div class=\"rt-detail rt-el-content-wrapper\">\n\t\t\t\n\t\t\t<div class=\"entry-title-wrapper\"><h6 class=\"entry-title\"><a data-id=\"10007\" href=\"https:\/\/www.univ-sba.dz\/med\/appel-a-candidatures\/\" class=\"tpg-post-link\" target=\"_blank\">Appel \u00e0 candidatures<\/a><\/h6><\/div>\n\t\t\t                <div class=\"post-meta-tags rt-el-post-meta\">\n\t\t\t\t\t            <span class='date'>\n\t\t\t\t<i class='far fa-calendar-alt '><\/i>\t\t\t\t                    <a href=\"https:\/\/www.univ-sba.dz\/med\/2026\/02\/25\/\">\n\t\t\t\t\t25 f\u00e9vrier 2026\t\t\t\t<\/a>\n\t\t\t\t\t\t\t<\/span>\n\t\t\t                <\/div>\n\t\t\t\n\n\t\t\t                <div class=\"tpg-excerpt tpg-el-excerpt\">\n\t\t\t\t\t                        <div class=\"tpg-excerpt-inner\">\n\t\t\t\t\t\t\tAnnonce des repr\u00e9sentants des m\u00e9decins au conseil disciplinaire Formulaire de candidature au conseil disciplinaire                        <\/div>\n\t\t\t\t\t\t\t\t\t\t                <\/div>\n\t\t\t\n\t\t\t        <div class=\"post-footer\">\n            <div class=\"post-footer\">\n                <div class=\"read-more\">\n\t\t\t\t\t<a data-id=\"10007\" href=\"https:\/\/www.univ-sba.dz\/med\/appel-a-candidatures\/\" class=\"tpg-post-link\" target=\"_blank\">Lire Plus<\/a>                <\/div>\n            <\/div>\n        <\/div>\n\t\t        <\/div>\n    <\/div>\n<\/div>\n<div class=\"rt-col-md-6 rt-col-sm-6 rt-col-xs-12 default rt-grid-item post-9191 post type-post status-publish format-standard has-post-thumbnail hentry category-actualites category-instances-faculte category-post-graduation\"        data-id=\"9191\">\n    <div class=\"rt-holder tpg-post-holder \">\n        <div class=\"rt-detail rt-el-content-wrapper\">\n\t\t\t\n\t\t\t<div class=\"entry-title-wrapper\"><h6 class=\"entry-title\"><a data-id=\"9191\" href=\"https:\/\/www.univ-sba.dz\/med\/listes-nominatives-des-candidats-aux-elections-pour-le-renouvellement-du-conseil-scientifique-de-luniversite\/\" class=\"tpg-post-link\" target=\"_blank\">Listes nominatives des candidats aux \u00e9lections pour le renouvellement du Conseil scientifique de l&rsquo;universit\u00e9<\/a><\/h6><\/div>\n\t\t\t                <div class=\"post-meta-tags rt-el-post-meta\">\n\t\t\t\t\t            <span class='date'>\n\t\t\t\t<i class='far fa-calendar-alt '><\/i>\t\t\t\t                    <a href=\"https:\/\/www.univ-sba.dz\/med\/2026\/01\/27\/\">\n\t\t\t\t\t27 janvier 2026\t\t\t\t<\/a>\n\t\t\t\t\t\t\t<\/span>\n\t\t\t                <\/div>\n\t\t\t\n\n\t\t\t                <div class=\"tpg-excerpt tpg-el-excerpt\">\n\t\t\t\t\t                        <div class=\"tpg-excerpt-inner\">\n\t\t\t\t\t\t\tNB \/ Nous tenons \u00e0 vous informer que la liste des ma\u00eetres assistants ne concerne que les candidats de la facult\u00e9 de m\u00e9decine.                        <\/div>\n\t\t\t\t\t\t\t\t\t\t                <\/div>\n\t\t\t\n\t\t\t        <div class=\"post-footer\">\n            <div class=\"post-footer\">\n                <div class=\"read-more\">\n\t\t\t\t\t<a data-id=\"9191\" href=\"https:\/\/www.univ-sba.dz\/med\/listes-nominatives-des-candidats-aux-elections-pour-le-renouvellement-du-conseil-scientifique-de-luniversite\/\" class=\"tpg-post-link\" target=\"_blank\">Lire Plus<\/a>                <\/div>\n            <\/div>\n        <\/div>\n\t\t        <\/div>\n    <\/div>\n<\/div>\n<div class=\"rt-col-md-6 rt-col-sm-6 rt-col-xs-12 default rt-grid-item post-9183 post type-post status-publish format-standard has-post-thumbnail hentry category-actualites category-instances-faculte category-post-graduation\"        data-id=\"9183\">\n    <div class=\"rt-holder tpg-post-holder \">\n        <div class=\"rt-detail rt-el-content-wrapper\">\n\t\t\t\n\t\t\t<div class=\"entry-title-wrapper\"><h6 class=\"entry-title\"><a data-id=\"9183\" href=\"https:\/\/www.univ-sba.dz\/med\/annonce-relative-a-la-modification-du-calendrier-des-elections-pour-le-renouvellement-du-conseil-scientifique-de-luniversite\/\" class=\"tpg-post-link\" target=\"_blank\">Annonce relative \u00e0 la modification du calendrier des \u00e9lections pour le renouvellement du Conseil scientifique de l&rsquo;universit\u00e9<\/a><\/h6><\/div>\n\t\t\t                <div class=\"post-meta-tags rt-el-post-meta\">\n\t\t\t\t\t            <span class='date'>\n\t\t\t\t<i class='far fa-calendar-alt '><\/i>\t\t\t\t                    <a href=\"https:\/\/www.univ-sba.dz\/med\/2026\/01\/25\/\">\n\t\t\t\t\t25 janvier 2026\t\t\t\t<\/a>\n\t\t\t\t\t\t\t<\/span>\n\t\t\t                <\/div>\n\t\t\t\n\n\t\t\t                <div class=\"tpg-excerpt tpg-el-excerpt\">\n\t\t\t\t\t\t\t\t\t\t                <\/div>\n\t\t\t\n\t\t\t        <div class=\"post-footer\">\n            <div class=\"post-footer\">\n                <div class=\"read-more\">\n\t\t\t\t\t<a data-id=\"9183\" href=\"https:\/\/www.univ-sba.dz\/med\/annonce-relative-a-la-modification-du-calendrier-des-elections-pour-le-renouvellement-du-conseil-scientifique-de-luniversite\/\" class=\"tpg-post-link\" target=\"_blank\">Lire Plus<\/a>                <\/div>\n            <\/div>\n        <\/div>\n\t\t        <\/div>\n    <\/div>\n<\/div>\n<div class=\"rt-col-md-6 rt-col-sm-6 rt-col-xs-12 default rt-grid-item post-7684 post type-post status-publish format-standard has-post-thumbnail hentry category-actualites category-instances-faculte\"        data-id=\"7684\">\n    <div class=\"rt-holder tpg-post-holder \">\n        <div class=\"rt-detail rt-el-content-wrapper\">\n\t\t\t\n\t\t\t<div class=\"entry-title-wrapper\"><h6 class=\"entry-title\"><a data-id=\"7684\" href=\"https:\/\/www.univ-sba.dz\/med\/elections-instances-de-la-faculte\/\" class=\"tpg-post-link\" target=\"_blank\">\u00c9LECTIONS INSTANCES DE LA FACULT\u00c9<\/a><\/h6><\/div>\n\t\t\t                <div class=\"post-meta-tags rt-el-post-meta\">\n\t\t\t\t\t            <span class='date'>\n\t\t\t\t<i class='far fa-calendar-alt '><\/i>\t\t\t\t                    <a href=\"https:\/\/www.univ-sba.dz\/med\/2025\/09\/27\/\">\n\t\t\t\t\t27 septembre 2025\t\t\t\t<\/a>\n\t\t\t\t\t\t\t<\/span>\n\t\t\t                <\/div>\n\t\t\t\n\n\t\t\t                <div class=\"tpg-excerpt tpg-el-excerpt\">\n\t\t\t\t\t                        <div class=\"tpg-excerpt-inner\">\n\t\t\t\t\t\t\tLa direction de la facult\u00e9 informe tous les professeurs concern\u00e9s par les \u00e9lections des instances scientifiques de la facult\u00e9 (conseil scientifique de la facult\u00e9 et comit\u00e9s scientifiques des                         <\/div>\n\t\t\t\t\t\t\t\t\t\t                <\/div>\n\t\t\t\n\t\t\t        <div class=\"post-footer\">\n            <div class=\"post-footer\">\n                <div class=\"read-more\">\n\t\t\t\t\t<a data-id=\"7684\" href=\"https:\/\/www.univ-sba.dz\/med\/elections-instances-de-la-faculte\/\" class=\"tpg-post-link\" target=\"_blank\">Lire Plus<\/a>                <\/div>\n            <\/div>\n        <\/div>\n\t\t        <\/div>\n    <\/div>\n<\/div>\n<div class=\"rt-col-md-6 rt-col-sm-6 rt-col-xs-12 default rt-grid-item post-7634 post type-post status-publish format-standard has-post-thumbnail hentry category-actualites category-instances-faculte category-post-graduation\"        data-id=\"7634\">\n    <div class=\"rt-holder tpg-post-holder \">\n        <div class=\"rt-detail rt-el-content-wrapper\">\n\t\t\t\n\t\t\t<div class=\"entry-title-wrapper\"><h6 class=\"entry-title\"><a data-id=\"7634\" href=\"https:\/\/www.univ-sba.dz\/med\/renouvellement-des-instances-scientifiques-de-la-faculte-de-medecine\/\" class=\"tpg-post-link\" target=\"_blank\">renouvellement des instances scientifiques de la facult\u00e9 de m\u00e9decine<\/a><\/h6><\/div>\n\t\t\t                <div class=\"post-meta-tags rt-el-post-meta\">\n\t\t\t\t\t            <span class='date'>\n\t\t\t\t<i class='far fa-calendar-alt '><\/i>\t\t\t\t                    <a href=\"https:\/\/www.univ-sba.dz\/med\/2025\/09\/24\/\">\n\t\t\t\t\t24 septembre 2025\t\t\t\t<\/a>\n\t\t\t\t\t\t\t<\/span>\n\t\t\t                <\/div>\n\t\t\t\n\n\t\t\t                <div class=\"tpg-excerpt tpg-el-excerpt\">\n\t\t\t\t\t\t\t\t\t\t                <\/div>\n\t\t\t\n\t\t\t        <div class=\"post-footer\">\n            <div class=\"post-footer\">\n                <div class=\"read-more\">\n\t\t\t\t\t<a data-id=\"7634\" href=\"https:\/\/www.univ-sba.dz\/med\/renouvellement-des-instances-scientifiques-de-la-faculte-de-medecine\/\" class=\"tpg-post-link\" target=\"_blank\">Lire Plus<\/a>                <\/div>\n            <\/div>\n        <\/div>\n\t\t        <\/div>\n    <\/div>\n<\/div>\n<div class=\"rt-col-md-6 rt-col-sm-6 rt-col-xs-12 default rt-grid-item post-7463 post type-post status-publish format-standard has-post-thumbnail hentry category-actualites category-instances-faculte\"        data-id=\"7463\">\n    <div class=\"rt-holder tpg-post-holder \">\n        <div class=\"rt-detail rt-el-content-wrapper\">\n\t\t\t\n\t\t\t<div class=\"entry-title-wrapper\"><h6 class=\"entry-title\"><a data-id=\"7463\" href=\"https:\/\/www.univ-sba.dz\/med\/annonce-de-louverture-des-candidatures-pour-le-renouvellement-du-conseil-scientifique-de-la-faculte-et-des-comites-scientifiques-des-departements-faculte-de-medecine\/\" class=\"tpg-post-link\" target=\"_blank\">ouvertures des candidatures &#8211; conseil scientifique et comit\u00e9s scientifiques de la facult\u00e9<\/a><\/h6><\/div>\n\t\t\t                <div class=\"post-meta-tags rt-el-post-meta\">\n\t\t\t\t\t            <span class='date'>\n\t\t\t\t<i class='far fa-calendar-alt '><\/i>\t\t\t\t                    <a href=\"https:\/\/www.univ-sba.dz\/med\/2025\/09\/08\/\">\n\t\t\t\t\t8 septembre 2025\t\t\t\t<\/a>\n\t\t\t\t\t\t\t<\/span>\n\t\t\t                <\/div>\n\t\t\t\n\n\t\t\t                <div class=\"tpg-excerpt tpg-el-excerpt\">\n\t\t\t\t\t\t\t\t\t\t                <\/div>\n\t\t\t\n\t\t\t        <div class=\"post-footer\">\n            <div class=\"post-footer\">\n                <div class=\"read-more\">\n\t\t\t\t\t<a data-id=\"7463\" href=\"https:\/\/www.univ-sba.dz\/med\/annonce-de-louverture-des-candidatures-pour-le-renouvellement-du-conseil-scientifique-de-la-faculte-et-des-comites-scientifiques-des-departements-faculte-de-medecine\/\" class=\"tpg-post-link\" target=\"_blank\">Lire Plus<\/a>                <\/div>\n            <\/div>\n        <\/div>\n\t\t        <\/div>\n    <\/div>\n<\/div>\n\t\t\t<\/div>\n\t\t\t\n\t\t<\/div>\n\t\t\t\t\t\t<\/div>\n\t\t\t\t<\/div>\n\t\t\t\t\t<\/div>\n\t\t\t\t<\/div>\n\t\t\t\t<\/div>\n\t\t","protected":false},"excerpt":{"rendered":"<p>ouvertures des candidatures &#8211; conseil scientifique et comit\u00e9s scientifiques de la facult\u00e9 8 septembre 2025 Lire Plus<\/p>\n","protected":false},"author":4,"featured_media":0,"parent":0,"menu_order":0,"comment_status":"closed","ping_status":"closed","template":"","meta":{"_uag_custom_page_level_css":"","postBodyCss":"","postBodyMargin":[],"postBodyPadding":[],"postBodyBackground":{"backgroundType":"classic","gradient":""},"site-sidebar-layout":"no-sidebar","site-content-layout":"page-builder","ast-site-content-layout":"full-width-container","site-content-style":"default","site-sidebar-style":"default","ast-global-header-display":"","ast-banner-title-visibility":"","ast-main-header-display":"","ast-hfb-above-header-display":"","ast-hfb-below-header-display":"","ast-hfb-mobile-header-display":"","site-post-title":"disabled","ast-breadcrumbs-content":"","ast-featured-img":"disabled","footer-sml-layout":"","ast-disable-related-posts":"","theme-transparent-header-meta":"","adv-header-id-meta":"","stick-header-meta":"","header-above-stick-meta":"","header-main-stick-meta":"","header-below-stick-meta":"","astra-migrate-meta-layouts":"set","ast-page-background-enabled":"default","ast-page-background-meta":{"desktop":{"background-color":"var(--ast-global-color-4)","background-image":"","background-repeat":"repeat","background-position":"center center","background-size":"auto","background-attachment":"scroll","background-type":"","background-media":"","overlay-type":"","overlay-color":"","overlay-opacity":"","overlay-gradient":""},"tablet":{"background-color":"","background-image":"","background-repeat":"repeat","background-position":"center center","background-size":"auto","background-attachment":"scroll","background-type":"","background-media":"","overlay-type":"","overlay-color":"","overlay-opacity":"","overlay-gradient":""},"mobile":{"background-color":"","background-image":"","background-repeat":"repeat","background-position":"center center","background-size":"auto","background-attachment":"scroll","background-type":"","background-media":"","overlay-type":"","overlay-color":"","overlay-opacity":"","overlay-gradient":""}},"ast-content-background-meta":{"desktop":{"background-color":"var(--ast-global-color-5)","background-image":"","background-repeat":"repeat","background-position":"center center","background-size":"auto","background-attachment":"scroll","background-type":"","background-media":"","overlay-type":"","overlay-color":"","overlay-opacity":"","overlay-gradient":""},"tablet":{"background-color":"var(--ast-global-color-5)","background-image":"","background-repeat":"repeat","background-position":"center center","background-size":"auto","background-attachment":"scroll","background-type":"","background-media":"","overlay-type":"","overlay-color":"","overlay-opacity":"","overlay-gradient":""},"mobile":{"background-color":"var(--ast-global-color-5)","background-image":"","background-repeat":"repeat","background-position":"center center","background-size":"auto","background-attachment":"scroll","background-type":"","background-media":"","overlay-type":"","overlay-color":"","overlay-opacity":"","overlay-gradient":""}},"footnotes":""},"class_list":["post-7543","page","type-page","status-publish","hentry"],"uagb_featured_image_src":{"full":false,"thumbnail":false,"medium":false,"medium_large":false,"large":false,"1536x1536":false,"2048x2048":false,"ultp_layout_landscape_large":false,"ultp_layout_landscape":false,"ultp_layout_portrait":false,"ultp_layout_square":false,"psacp-medium":false},"uagb_author_info":{"display_name":"Fatima FERKA ZAZOU","author_link":"https:\/\/www.univ-sba.dz\/med\/author\/medentfarm-adm\/"},"uagb_comment_info":0,"uagb_excerpt":"ouvertures des candidatures &#8211; conseil scientifique et comit\u00e9s scientifiques de la facult\u00e9 8 septembre 2025 Lire Plus","rttpg_featured_image_url":null,"rttpg_author":{"display_name":"Fatima FERKA ZAZOU","author_link":"https:\/\/www.univ-sba.dz\/med\/author\/medentfarm-adm\/"},"rttpg_comment":0,"rttpg_category":"","rttpg_excerpt":"ouvertures des candidatures &#8211; conseil scientifique et comit\u00e9s scientifiques de la facult\u00e9 8 septembre 2025 Lire Plus","_links":{"self":[{"href":"https:\/\/www.univ-sba.dz\/med\/wp-json\/wp\/v2\/pages\/7543","targetHints":{"allow":["GET"]}}],"collection":[{"href":"https:\/\/www.univ-sba.dz\/med\/wp-json\/wp\/v2\/pages"}],"about":[{"href":"https:\/\/www.univ-sba.dz\/med\/wp-json\/wp\/v2\/types\/page"}],"author":[{"embeddable":true,"href":"https:\/\/www.univ-sba.dz\/med\/wp-json\/wp\/v2\/users\/4"}],"replies":[{"embeddable":true,"href":"https:\/\/www.univ-sba.dz\/med\/wp-json\/wp\/v2\/comments?post=7543"}],"version-history":[{"count":7,"href":"https:\/\/www.univ-sba.dz\/med\/wp-json\/wp\/v2\/pages\/7543\/revisions"}],"predecessor-version":[{"id":7551,"href":"https:\/\/www.univ-sba.dz\/med\/wp-json\/wp\/v2\/pages\/7543\/revisions\/7551"}],"wp:attachment":[{"href":"https:\/\/www.univ-sba.dz\/med\/wp-json\/wp\/v2\/media?parent=7543"}],"curies":[{"name":"wp","href":"https:\/\/api.w.org\/{rel}","templated":true}]}}