{"id":206,"date":"2024-09-26T16:28:56","date_gmt":"2024-09-26T14:28:56","guid":{"rendered":"https:\/\/www.univ-sba.dz\/rcam\/?page_id=206"},"modified":"2025-06-16T11:43:52","modified_gmt":"2025-06-16T09:43:52","slug":"equipe2-aeti","status":"publish","type":"page","link":"https:\/\/www.univ-sba.dz\/rcam\/equipe2-aeti\/","title":{"rendered":"equipe2-aeti"},"content":{"rendered":"\n<div class=\"wp-block-group alignfull has-global-padding is-layout-constrained wp-container-core-group-is-layout-490fa1db wp-block-group-is-layout-constrained\" style=\"padding-top:var(--wp--preset--spacing--50);padding-right:var(--wp--preset--spacing--50);padding-bottom:var(--wp--preset--spacing--50);padding-left:var(--wp--preset--spacing--50)\">\n<div class=\"wp-block-group has-global-padding is-layout-constrained wp-container-core-group-is-layout-650790e1 wp-block-group-is-layout-constrained\">\n<h1 class=\"wp-block-heading has-text-align-center has-accent-3-color has-text-color has-link-color has-x-large-font-size wp-elements-c8519e89fce54269d3afe795c05a00d8\">ARCHTECTURES EVOLUEES ET TRAITEMENT DES IMAGES (AETI)<\/h1>\n\n\n\n<div style=\"height:1.25rem\" aria-hidden=\"true\" class=\"wp-block-spacer\"><\/div>\n\n\n\n<figure class=\"wp-block-image aligncenter size-full is-resized\"><img loading=\"lazy\" decoding=\"async\" width=\"521\" height=\"376\" src=\"https:\/\/www.univ-sba.dz\/rcam\/wp-content\/uploads\/2024\/09\/equipe2.png\" alt=\"\" class=\"wp-image-45\" style=\"width:200px;height:auto\"\/><\/figure>\n\n\n\n<div style=\"height:1.25rem\" aria-hidden=\"true\" class=\"wp-block-spacer\"><\/div>\n\n\n\n<p class=\"justification_texte\">De nouvelles techniques devant fournir des outils de prise de d\u00e9cision interactive, de mani\u00e8re automatique et quantitative, commencent \u00e0 appara\u00eetre notamment dans les domaines de l&rsquo;imagerie m\u00e9dicale et satellitaire. Cependant, leur efficacit\u00e9 dans les syst\u00e8mes d&rsquo;imagerie, d\u00e9pend, non seulement du choix op\u00e9r\u00e9 lors de leur conception et de leur rapidit\u00e9 r\u00e9sultante, pour une bonne interactivit\u00e9 mais \u00e9galement de leur sensibilit\u00e9 et de leur comportement, en r\u00e9ponse \u00e0 divers ph\u00e9nom\u00e8nes physiques, r\u00e9sidant essentiellement dans le bruit entachant les informations et dans le d\u00e9calage en position entre les diff\u00e9rentes informations. Des travaux dans ce cadre ont d\u00e9j\u00e0 \u00e9t\u00e9 r\u00e9alis\u00e9s dans notre \u00e9quipe et ont abouti \u00e0 des r\u00e9sultats int\u00e9ressants, publi\u00e9s dans plusieurs revues internationales.<\/p>\n\n\n\n<p class=\"justification_texte\">Le travail de recherche entrepris consiste \u00e0 adapter, proposer et d\u00e9velopper de nouvelles m\u00e9thodes de traitement d\u2019image appliqu\u00e9es \u00e0 l\u2019imagerie m\u00e9dicale et satellitaire, que ce soit dans un contexte temps r\u00e9el, multi-date, ou multimodal. Enfin, ces techniques et ces algorithmes souvent gourmands en temps de calcul, par cons\u00e9quent p\u00e9nalisants pour une bonne interactivit\u00e9, devront \u00eatre impl\u00e9ment\u00e9s de la mani\u00e8re la plus efficace, sur des architectures \u00e9volu\u00e9es et sp\u00e9cialis\u00e9es mais pouvant, n\u00e9anmoins s&rsquo;int\u00e9grer comme de simples cartes \u00e9lectroniques d\u00e9j\u00e0 commercialis\u00e9es, aux processeurs classiques des syst\u00e8mes d&rsquo;imagerie (type PC).<\/p>\n\n\n\n<div style=\"height:1.25rem\" aria-hidden=\"true\" class=\"wp-block-spacer\"><\/div>\n<\/div>\n<\/div>\n\n\n\n<div class=\"wp-block-group alignwide has-global-padding is-layout-constrained wp-block-group-is-layout-constrained\">\n<h1 class=\"wp-block-heading has-text-align-center has-accent-3-color has-text-color has-link-color has-x-large-font-size wp-elements-f99c7aa8c793644fbd48bcb71a910121\">Liste exhaustive des membres permanents de l\u2019\u00e9quipe<\/h1>\n\n\n\n<figure class=\"wp-block-table alignfull\"><table class=\"has-fixed-layout\"><thead><tr><th>M.\/Mme<\/th><th>Nom et pr\u00e9nom<\/th><th>\u0627\u0644\u0644\u0642\u0628 \u0648\u0627\u0644\u0625\u0633\u0645<\/th><th>Date de Nai<\/th><th>dernier dipl\u00f4me<\/th><th>Grade<\/th><th>Domaine<\/th><th>Structure de rattachement<\/th><th>Email actif<\/th><\/tr><\/thead><tbody><tr><td>Mr<\/td><td><img loading=\"lazy\" decoding=\"async\" width=\"146\" height=\"146\" class=\"wp-image-40\" style=\"width: 146px;\" src=\"https:\/\/www.univ-sba.dz\/rcam\/wp-content\/uploads\/2024\/09\/taleb.png\" alt=\"\"><br>TALEB Nasreddine<br><strong>(Chef d&rsquo;\u00e9quipe)<\/strong><\/td><td>\u0637\u0627\u0644\u0628 \u0646\u0635\u0631\u0627\u0644\u062f\u064a\u0646<\/td><td>17\/05\/1959<\/td><td>Doc. d&rsquo;Etat<\/td><td>Pr.<\/td><td>Ing\u00e9nierie<\/td><td>U. Sidi Bel Abb\u00e8s<\/td><td>Email:<a href=\"mailto:nacer.bounoua@univ-sba.dz\"><\/a><a href=\"mailto:ne_taleb@univ-sba.dz\">ne_taleb@univ-sba.dz<\/a>&nbsp;<br><a href=\"mailto:ne_taleb@yahoo.com\">ne_taleb@yahoo.com<\/a><br><a href=\"\/rcam\/cv_taleb\/\">Voir CV<\/a><br><\/td><\/tr><tr><td>Mr<\/td><td><img decoding=\"async\" class=\"wp-image-40\" style=\"width: 146px;\" src=\"https:\/\/www.univ-sba.dz\/rcam\/wp-content\/uploads\/2025\/05\/faraoun.png\" alt=\"\"><br>FARAOUN Kamel Mohamed<\/td><td>\u0641\u0631\u0639\u0648\u0646 \u0643\u0645\u0627\u0644 \u0645\u062d\u0645\u062f<\/td><td>23\/02\/1978<\/td><td>Habilitation<\/td><td>Pr.<\/td><td>Informatique<\/td><td>U. Sidi Bel Abb\u00e8s<\/td><td>kamel_mh@yahoo.fr<br><a href=\"\/rcam\/Equipe2-AETI\/#\">Voir CV<\/a><\/td><\/tr><tr><td>Mr<\/td><td><img loading=\"lazy\" decoding=\"async\" width=\"143\" height=\"216\" class=\"wp-image-210\" style=\"width: 143px;\" src=\"https:\/\/www.univ-sba.dz\/rcam\/wp-content\/uploads\/2024\/09\/elbahri.png\" alt=\"\"><br>EL BAHRI Mohamed<\/td><td>\u0627\u0644\u0628\u062d\u0631\u064a \u0645\u062d\u0645\u062f<\/td><td>10\/07\/1982<br><\/td><td>Doctorat<br><\/td><td>MCA<\/td><td>Ing\u00e9nierie<br>+<br>Informatique<\/td><td><br>U. Sidi Bel Abb\u00e8s<br><br><\/td><td><a href=\"mailto:ghaz_aka@yahoo.fr\">elbahri82_m@yahoo.fr<\/a><br><a href=\"\/rcam\/cv_elbahri\/\">Voir CV<\/a><\/td><\/tr><tr><td>Mr<\/td><td>HORCH Abdelkader<\/td><td>\u062d\u0631\u0634 \u0639\u0628\u062f\u0627\u0644\u0642\u0627\u062f\u0631<\/td><td>25\/03\/1982<\/td><td>Doctorat<\/td><td>MCB<\/td><td>Informatique<\/td><td>U. Mascara<\/td><td>a.horch@univ-mascara.dz<br>Voir CV<\/td><\/tr><tr><td>Mr<\/td><td><img loading=\"lazy\" decoding=\"async\" width=\"145\" height=\"177\" class=\"wp-image-211\" style=\"width: 145px;\" src=\"https:\/\/www.univ-sba.dz\/rcam\/wp-content\/uploads\/2024\/09\/bouhend.jpg\" alt=\"\"><br>BOUHEND Said<\/td><td>\u0628\u0648\u0647\u0646\u062f \u0633\u0639\u064a\u062f&nbsp;&nbsp;<\/td><td>09\/02\/1980<\/td><td>Magister<\/td><td>MAA, Doc.<\/td><td>Informatique<\/td><td>U. Sidi Bel Abb\u00e8s<\/td><td><a href=\"mailto:naimi.m.r@gmail.com\">bouhendsaid@gmail.com<\/a><br><a href=\"\/rcam\/cv_bouhend\/\">Voir CV<\/a><\/td><\/tr><tr><td>Mr<\/td><td><img loading=\"lazy\" decoding=\"async\" width=\"129\" height=\"170\" class=\"wp-image-212\" style=\"width: 129px;\" src=\"https:\/\/www.univ-sba.dz\/rcam\/wp-content\/uploads\/2024\/09\/bentoutou.jpg\" alt=\"\"><br>BENTOUTOU Youcef<\/td><td>\u0628\u0646 \u062a\u0648\u062a\u0648 \u064a\u0648\u0633\u0641<\/td><td>01\/10\/1973<\/td><td>Doctorat<\/td><td>Directeur de recherche<\/td><td>Ing\u00e9nierie<\/td><td>CNTS<\/td><td><a href=\"mailto:mekami_hayet@yahoo.fr\">bentoutou@asal.dz\t<\/a><br><a href=\"\/rcam\/cv_bentoutou\/\">Voir CV<\/a><\/td><\/tr><\/tbody><\/table><\/figure>\n\n\n\n<div style=\"height:53px\" aria-hidden=\"true\" class=\"wp-block-spacer\"><\/div>\n\n\n\n<h1 class=\"wp-block-heading has-text-align-center has-accent-3-color has-text-color has-link-color has-x-large-font-size wp-elements-1ae485ed9deacd13d0d19cb758c25964\">Liste exhaustive des doctorants membres de l&rsquo;\u00e9quipe<\/h1>\n\n\n\n<figure class=\"wp-block-table alignfull\"><table class=\"has-fixed-layout\"><thead><tr><th class=\"has-text-align-left\" data-align=\"left\"><strong>Nom et pr\u00e9nom<\/strong><\/th><th class=\"has-text-align-center\" data-align=\"center\"><strong>\u0627\u0644\u0644\u0642\u0628 \u0648\u0627\u0644\u0625\u0633\u0645<\/strong><\/th><th class=\"has-text-align-left\" data-align=\"left\"><strong>Nom et Pr\u00e9nom du ou des encadreurs<\/strong><\/th><\/tr><\/thead><tbody><tr><td class=\"has-text-align-left\" data-align=\"left\">BENAOUDA Sid Ahmed<\/td><td class=\"has-text-align-center\" data-align=\"center\">\u0628\u0646\u0639\u0648\u062f\u0629 \u0633\u064a\u062f\u0623\u062d\u0645\u062f<\/td><td class=\"has-text-align-left\" data-align=\"left\">Pr. BENTOUTOU Youcef<\/td><\/tr><tr><td class=\"has-text-align-left\" data-align=\"left\">CHEMAM Miloud<\/td><td class=\"has-text-align-center\" data-align=\"center\">\u0634\u0645\u0627\u0645 \u0645\u064a\u0644\u0648\u062f<\/td><td class=\"has-text-align-left\" data-align=\"left\">Pr. TALEB Nasreddine et Dr. EL BAHRI Mohamed<\/td><\/tr><tr><td class=\"has-text-align-left\" data-align=\"left\">BOUHEND Said<\/td><td class=\"has-text-align-center\" data-align=\"center\">\u0628\u0648\u0647\u0646\u062f \u0633\u0639\u064a\u062f<\/td><td class=\"has-text-align-left\" data-align=\"left\">Pr. TALEB Nasreddine<\/td><\/tr><tr><td class=\"has-text-align-left\" data-align=\"left\">WADY Sanaa<\/td><td class=\"has-text-align-center\" data-align=\"center\">\u0648\u0627\u062f\u064a \u0633\u0646\u0627\u0621<\/td><td class=\"has-text-align-left\" data-align=\"left\">Pr. BENTOUTOU Youcef et Pr. BOUNOUA Abdenacer<\/td><\/tr><tr><td class=\"has-text-align-left\" data-align=\"left\">HORCH Abdelkader<\/td><td class=\"has-text-align-center\" data-align=\"center\">\u062d\u0631\u0634 \u0639\u0628\u062f\u0627\u0644\u0642\u0627\u062f\u0631<\/td><td class=\"has-text-align-left\" data-align=\"left\">Pr. TALEB Nasreddine<\/td><\/tr><tr><td class=\"has-text-align-left\" data-align=\"left\">ZIARA Mohamed<\/td><td class=\"has-text-align-center\" data-align=\"center\">\u0632\u064a\u0627\u0631\u0629 \u0645\u062d\u0645\u062f<\/td><td class=\"has-text-align-left\" data-align=\"left\">Pr. TALEB Nasreddine et Dr. EL BAHRI Mohamed<\/td><\/tr><tr><td class=\"has-text-align-left\" data-align=\"left\">BELBOUCHE Omar<\/td><td class=\"has-text-align-center\" data-align=\"center\">\u0628\u0644\u0628\u0648\u0634 \u0639\u0645\u0631<\/td><td class=\"has-text-align-left\" data-align=\"left\">Pr. TILMATINE Amar et Pr. TALEB Nasreddine<\/td><\/tr><tr><td class=\"has-text-align-left\" data-align=\"left\">Hadjadj Yacine<\/td><td class=\"has-text-align-center\" data-align=\"center\">\u062d\u062c\u0627\u062c \u064a\u0627\u0633\u064a\u0646<\/td><td class=\"has-text-align-left\" data-align=\"left\">Pr. TALEB Nasreddine et Dr. ZOUAOUI Chakib<\/td><\/tr><\/tbody><\/table><\/figure>\n<\/div>\n\n\n\n<div style=\"height:57px\" aria-hidden=\"true\" class=\"wp-block-spacer\"><\/div>\n","protected":false},"excerpt":{"rendered":"<p>ARCHTECTURES EVOLUEES ET TRAITEMENT DES IMAGES (AETI) De nouvelles techniques devant fournir des outils de prise de d\u00e9cision interactive, de mani\u00e8re automatique et quantitative, commencent \u00e0 appara\u00eetre notamment dans les domaines de l&rsquo;imagerie m\u00e9dicale et satellitaire. Cependant, leur efficacit\u00e9 dans les syst\u00e8mes d&rsquo;imagerie, d\u00e9pend, non seulement du choix op\u00e9r\u00e9 lors de leur conception et de [&hellip;]<\/p>\n","protected":false},"author":1,"featured_media":0,"parent":0,"menu_order":0,"comment_status":"closed","ping_status":"closed","template":"","meta":{"footnotes":""},"class_list":["post-206","page","type-page","status-publish","hentry"],"_links":{"self":[{"href":"https:\/\/www.univ-sba.dz\/rcam\/wp-json\/wp\/v2\/pages\/206","targetHints":{"allow":["GET"]}}],"collection":[{"href":"https:\/\/www.univ-sba.dz\/rcam\/wp-json\/wp\/v2\/pages"}],"about":[{"href":"https:\/\/www.univ-sba.dz\/rcam\/wp-json\/wp\/v2\/types\/page"}],"author":[{"embeddable":true,"href":"https:\/\/www.univ-sba.dz\/rcam\/wp-json\/wp\/v2\/users\/1"}],"replies":[{"embeddable":true,"href":"https:\/\/www.univ-sba.dz\/rcam\/wp-json\/wp\/v2\/comments?post=206"}],"version-history":[{"count":22,"href":"https:\/\/www.univ-sba.dz\/rcam\/wp-json\/wp\/v2\/pages\/206\/revisions"}],"predecessor-version":[{"id":593,"href":"https:\/\/www.univ-sba.dz\/rcam\/wp-json\/wp\/v2\/pages\/206\/revisions\/593"}],"wp:attachment":[{"href":"https:\/\/www.univ-sba.dz\/rcam\/wp-json\/wp\/v2\/media?parent=206"}],"curies":[{"name":"wp","href":"https:\/\/api.w.org\/{rel}","templated":true}]}}