{"id":241,"date":"2024-09-29T14:58:10","date_gmt":"2024-09-29T12:58:10","guid":{"rendered":"https:\/\/www.univ-sba.dz\/rcam\/?page_id=241"},"modified":"2025-05-22T11:14:57","modified_gmt":"2025-05-22T09:14:57","slug":"equipe4-rm","status":"publish","type":"page","link":"https:\/\/www.univ-sba.dz\/rcam\/equipe4-rm\/","title":{"rendered":"equipe4-rm"},"content":{"rendered":"\n<div class=\"wp-block-group alignfull has-global-padding is-layout-constrained wp-container-core-group-is-layout-490fa1db wp-block-group-is-layout-constrained\" style=\"padding-top:var(--wp--preset--spacing--50);padding-right:var(--wp--preset--spacing--50);padding-bottom:var(--wp--preset--spacing--50);padding-left:var(--wp--preset--spacing--50)\">\n<div class=\"wp-block-group has-global-padding is-layout-constrained wp-container-core-group-is-layout-650790e1 wp-block-group-is-layout-constrained\">\n<h1 class=\"wp-block-heading has-text-align-center has-accent-3-color has-text-color has-link-color has-x-large-font-size wp-elements-d3fa59d72536cacdae814b2976bae335\">RESEAUX et MULTIMEDIA(RM)<\/h1>\n\n\n\n<div style=\"height:1.25rem\" aria-hidden=\"true\" class=\"wp-block-spacer\"><\/div>\n\n\n\n<figure class=\"wp-block-image aligncenter size-full is-resized\"><img loading=\"lazy\" decoding=\"async\" width=\"521\" height=\"376\" src=\"https:\/\/www.univ-sba.dz\/rcam\/wp-content\/uploads\/2024\/09\/equipe4.png\" alt=\"\" class=\"wp-image-52\" style=\"width:200px;height:auto\"\/><\/figure>\n\n\n\n<div style=\"height:1.25rem\" aria-hidden=\"true\" class=\"wp-block-spacer\"><\/div>\n\n\n\n<p class=\"justification_texte\">Tout d\u2019abord, cette \u00e9quipe veillera \u00e0 l\u2019int\u00e9gration de l\u2019ensemble des dimensions rattach\u00e9es \u00e0 la communication visuelle dans des projets o\u00f9 les \u00e9tudiants chercheurs travailleront en synergie et avec des expertises compl\u00e9mentaires.<br>Compression :images fixes et vid\u00e9o par diff\u00e9rentes approches (sous-bandes et quantification vectorielle, fractale, bas\u00e9e objet)<br>Estimation et compensation de mouvement (avec l&rsquo;approche de block matching) pour le codage de s\u00e9quences vid\u00e9o<br>Segmentation et classification de texture (analyse fractale, d\u00e9composition morphologique, analyse de Fourier, analyse statistique, approches bay\u00e9siennes et variationnelles et approches phase locale).<br>indexation d&rsquo;images pour la recherche bas\u00e9e contenu : par analyse fractale et par analyse espace-\u00e9chelle, par descripteur bas\u00e9 r\u00e9gion.<\/p>\n\n\n\n<div style=\"height:1.25rem\" aria-hidden=\"true\" class=\"wp-block-spacer\"><\/div>\n<\/div>\n<\/div>\n\n\n\n<div class=\"wp-block-group alignwide has-global-padding is-layout-constrained wp-block-group-is-layout-constrained\">\n<h1 class=\"wp-block-heading has-text-align-center has-accent-3-color has-text-color has-link-color has-x-large-font-size wp-elements-f99c7aa8c793644fbd48bcb71a910121\">Liste exhaustive des membres permanents de l\u2019\u00e9quipe<\/h1>\n\n\n\n<figure class=\"wp-block-table alignfull\"><table class=\"has-fixed-layout\"><thead><tr><th>M.\/Mme<\/th><th>Nom et pr\u00e9nom<\/th><th>\u0627\u0644\u0644\u0642\u0628 \u0648\u0627\u0644\u0625\u0633\u0645<\/th><th>Date de Nai<\/th><th>dernier dipl\u00f4me<\/th><th>Grade<\/th><th>Domaine<\/th><th>Structure de rattachement<\/th><th>Email actif<\/th><\/tr><\/thead><tbody><tr><td>Mr<\/td><td><img loading=\"lazy\" decoding=\"async\" width=\"145\" height=\"145\" class=\"wp-image-245\" style=\"width: 145px;\" src=\"https:\/\/www.univ-sba.dz\/rcam\/wp-content\/uploads\/2024\/09\/belloula.png\" alt=\"\"><br>BELLOULATA Kamel<br><strong>(Chef d&rsquo;\u00e9quipe)<\/strong><\/td><td>\u0628\u0644\u0648\u0644\u0629 \u0643\u0645\u0627\u0644<\/td><td>17\/09\/1969<\/td><td>Doctorat<\/td><td>Pr.<\/td><td>Ing\u00e9nierie<\/td><td>U. Sidi Bel Abb\u00e8s<\/td><td>Email:<a href=\"mailto:nacer.bounoua@univ-sba.dz\">k_belloula@yahoo,fr<\/a><br><a href=\"\/rcam\/cv_belloulata\/\">Voir CV<\/a><br><\/td><\/tr><tr><td>Mr<\/td><td><img decoding=\"async\" class=\"wp-image-245\" style=\"width: 145px;\" src=\"https:\/\/www.univ-sba.dz\/rcam\/wp-content\/uploads\/2025\/05\/benslimane.png\" alt=\"\"><br>BENSLIMANE Sidi Mohamed<\/td><td>\u0628\u0646\u0633\u0644\u064a\u0645\u0627\u0646 \u0633\u064a\u062f\u064a \u0645\u062d\u0645\u062f<\/td><td>12\/02\/1976<\/td><td>Habilitation<\/td><td>Pr.<\/td><td>Informatique<\/td><td>ESI-Sidi Bel Abb\u00e8s<\/td><td>s.benslimane@esi-sba.dz<br><a href=\"#\">Voir CV<\/a><\/td><\/tr><tr><td>Mme<\/td><td><img loading=\"lazy\" decoding=\"async\" width=\"119\" height=\"158\" class=\"wp-image-247\" style=\"width: 119px;\" src=\"https:\/\/www.univ-sba.dz\/rcam\/wp-content\/uploads\/2024\/09\/meskine.jpg\" alt=\"\"><br>MESKINE Fatiha<\/td><td>\u0645\u0633\u0643\u064a\u0646 \u0641\u062a\u064a\u062d\u0629<\/td><td>12\/02\/1976<\/td><td><br>Doctorat<\/td><td>Pr.<\/td><td>Ing\u00e9nierie<\/td><td>U. Sidi Bel Abb\u00e8s<\/td><td><a href=\"mailto:naimi.m.r@gmail.com\">me_fatiha2010@hotmail.fr<\/a><br><a href=\"\/rcam\/cv_meskine\/\">Voir CV<\/a><\/td><\/tr><tr><td>Mr<\/td><td><img loading=\"lazy\" decoding=\"async\" width=\"92\" height=\"92\" class=\"wp-image-246\" style=\"width: 92px;\" src=\"https:\/\/www.univ-sba.dz\/rcam\/wp-content\/uploads\/2024\/09\/chakib.png\" alt=\"\"><br>ZOUAOUI Chakib<\/td><td>\u0632\u0648\u0627\u0648\u0649 \u0634\u0643\u064a\u0628 \u0645\u0635\u0637\u0641\u0649<\/td><td>15\/08\/1975<br><\/td><td>Magister<br><\/td><td>MCB<\/td><td>Ing\u00e9nierie + Informatique<\/td><td><br>U. Sidi Bel Abb\u00e8s<br><br><\/td><td><a href=\"mailto:ghaz_aka@yahoo.fr\">chakib@ipatdz.info<\/a><br><a href=\"\/rcam\/cv_zouaoui\/\" target=\"_blank\" rel=\"noreferrer noopener\">Voir CV<\/a><\/td><\/tr><tr><td>Mme<\/td><td>BELALIA Amina<\/td><td>\u0628\u0644\u0639\u0627\u0644\u0649\u0629 \u0627\u0645\u064a\u0646\u0629<\/td><td>04\/04\/1981<\/td><td>Magister<\/td><td>MCA<\/td><td>Ing\u00e9nierie<\/td><td>ESI-Sidi Bel Abb\u00e8s<\/td><td><a href=\"mailto:bouziane.soussi@gmail.com\">a.belalia@esi-sba.dz<\/a><br><a href=\"\/rcam\/cv_belalia\/\">Voir CV<\/a><\/td><\/tr><tr><td>Mr<\/td><td><img decoding=\"async\" class=\"wp-image-245\" style=\"width: 145px;\" src=\"https:\/\/www.univ-sba.dz\/rcam\/wp-content\/uploads\/2025\/05\/Graba.png\" alt=\"\"><br>GRABA Abdelmadjid Guessoum<\/td><td>\u0642\u0631\u0627\u0628\u0629 \u0639\u0628\u062f\u0627\u0644\u0645\u062c\u064a\u062f \u0642\u0633\u0648\u0645<\/td><td>16\/08\/1984<\/td><td>Magister<\/td><td>MCB<\/td><td>Informatique<\/td><td>U. Sidi Bel Abb\u00e8s<\/td><td><a href=\"mailto:mekami_hayet@yahoo.fr\">majid.guesse@gmail.com<\/a><br><a href=\"\/rcam\/cv_graba\/\">Voir CV<\/a><\/td><\/tr><\/tbody><\/table><\/figure>\n\n\n\n<div style=\"height:53px\" aria-hidden=\"true\" class=\"wp-block-spacer\"><\/div>\n\n\n\n<h1 class=\"wp-block-heading has-text-align-center has-accent-3-color has-text-color has-link-color has-x-large-font-size wp-elements-1ae485ed9deacd13d0d19cb758c25964\">Liste exhaustive des doctorants membres de l&rsquo;\u00e9quipe<\/h1>\n\n\n\n<figure class=\"wp-block-table alignfull\"><table class=\"has-fixed-layout\"><thead><tr><th class=\"has-text-align-left\" data-align=\"left\"><strong>Nom et pr\u00e9nom<\/strong><\/th><th class=\"has-text-align-center\" data-align=\"center\"><strong>\u0627\u0644\u0644\u0642\u0628 \u0648\u0627\u0644\u0625\u0633\u0645<\/strong><\/th><th class=\"has-text-align-left\" data-align=\"left\"><strong>Nom et Pr\u00e9nom du ou des encadreurs<\/strong><\/th><\/tr><\/thead><tbody><tr><td class=\"has-text-align-left\" data-align=\"left\">REDAOUI Adil<\/td><td class=\"has-text-align-center\" data-align=\"center\">\u0631\u0636\u0627\u0648\u0649 \u0639\u062f\u064a\u0644<\/td><td class=\"has-text-align-left\" data-align=\"left\">Pr. BELLOULATA Kamel<\/td><\/tr><tr><td class=\"has-text-align-left\" data-align=\"left\">MEZOUAR Oussama<\/td><td class=\"has-text-align-center\" data-align=\"center\">\u0645\u0632\u0648\u0627\u0631 \u0627\u0633\u0627\u0645\u0629<\/td><td class=\"has-text-align-left\" data-align=\"left\">Dr. MESKINE Fatiha<\/td><\/tr><tr><td class=\"has-text-align-left\" data-align=\"left\">BEKHITE Abdelkader<\/td><td class=\"has-text-align-center\" data-align=\"center\">\u0628\u062e\u064a\u062a \u0639\u0628\u062f \u0627\u0644\u0642\u0627\u062f\u0631<\/td><td class=\"has-text-align-left\" data-align=\"left\">Pr. BELLOULATA Kamel<\/td><\/tr><tr><td class=\"has-text-align-left\" data-align=\"left\">MOUSSA Bellal<\/td><td class=\"has-text-align-center\" data-align=\"center\">\u0645\u0648\u0633\u0649 \u0628\u0644\u0627\u0644<\/td><td class=\"has-text-align-left\" data-align=\"left\">Pr. BELLOULATA Kamel<\/td><\/tr><tr><td class=\"has-text-align-left\" data-align=\"left\">BELLAHRECHE Mohamed<\/td><td class=\"has-text-align-center\" data-align=\"center\">\u0644\u062d\u0631\u0634 \u0645\u062d\u0645\u062f<\/td><td class=\"has-text-align-left\" data-align=\"left\">Pr. BELLOULATA Kamel<\/td><\/tr><tr><td class=\"has-text-align-left\" data-align=\"left\">MORSLI Mourad<\/td><td class=\"has-text-align-center\" data-align=\"center\">\u0645\u0631\u0633\u0644\u064a \u0645\u0631\u0627\u062f<\/td><td class=\"has-text-align-left\" data-align=\"left\">Pr. BELLOULATA Kamel<\/td><\/tr><tr><td class=\"has-text-align-left\" data-align=\"left\">BOUDAIEB Ahmed<\/td><td class=\"has-text-align-center\" data-align=\"center\">\u0628\u0648\u062f\u0627\u064a\u0628 \u0627\u062d\u0645\u062f<\/td><td class=\"has-text-align-left\" data-align=\"left\">Pr. BELLOULATA<\/td><\/tr><\/tbody><\/table><\/figure>\n<\/div>\n\n\n\n<div style=\"height:57px\" aria-hidden=\"true\" class=\"wp-block-spacer\"><\/div>\n","protected":false},"excerpt":{"rendered":"<p>RESEAUX et MULTIMEDIA(RM) Tout d\u2019abord, cette \u00e9quipe veillera \u00e0 l\u2019int\u00e9gration de l\u2019ensemble des dimensions rattach\u00e9es \u00e0 la communication visuelle dans des projets o\u00f9 les \u00e9tudiants chercheurs travailleront en synergie et avec des expertises compl\u00e9mentaires.Compression :images fixes et vid\u00e9o par diff\u00e9rentes approches (sous-bandes et quantification vectorielle, fractale, bas\u00e9e objet)Estimation et compensation de mouvement (avec l&rsquo;approche de [&hellip;]<\/p>\n","protected":false},"author":1,"featured_media":0,"parent":0,"menu_order":0,"comment_status":"closed","ping_status":"closed","template":"","meta":{"footnotes":""},"class_list":["post-241","page","type-page","status-publish","hentry"],"_links":{"self":[{"href":"https:\/\/www.univ-sba.dz\/rcam\/wp-json\/wp\/v2\/pages\/241","targetHints":{"allow":["GET"]}}],"collection":[{"href":"https:\/\/www.univ-sba.dz\/rcam\/wp-json\/wp\/v2\/pages"}],"about":[{"href":"https:\/\/www.univ-sba.dz\/rcam\/wp-json\/wp\/v2\/types\/page"}],"author":[{"embeddable":true,"href":"https:\/\/www.univ-sba.dz\/rcam\/wp-json\/wp\/v2\/users\/1"}],"replies":[{"embeddable":true,"href":"https:\/\/www.univ-sba.dz\/rcam\/wp-json\/wp\/v2\/comments?post=241"}],"version-history":[{"count":21,"href":"https:\/\/www.univ-sba.dz\/rcam\/wp-json\/wp\/v2\/pages\/241\/revisions"}],"predecessor-version":[{"id":562,"href":"https:\/\/www.univ-sba.dz\/rcam\/wp-json\/wp\/v2\/pages\/241\/revisions\/562"}],"wp:attachment":[{"href":"https:\/\/www.univ-sba.dz\/rcam\/wp-json\/wp\/v2\/media?parent=241"}],"curies":[{"name":"wp","href":"https:\/\/api.w.org\/{rel}","templated":true}]}}