{"id":358,"date":"2024-10-01T10:32:31","date_gmt":"2024-10-01T08:32:31","guid":{"rendered":"https:\/\/www.univ-sba.dz\/rcam\/?page_id=358"},"modified":"2025-04-20T10:29:21","modified_gmt":"2025-04-20T08:29:21","slug":"cv_zouaoui","status":"publish","type":"page","link":"https:\/\/www.univ-sba.dz\/rcam\/cv_zouaoui\/","title":{"rendered":"cv_zouaoui"},"content":{"rendered":"\n<div style=\"height:100px\" aria-hidden=\"true\" class=\"wp-block-spacer\"><\/div>\n\n\n\n<figure class=\"wp-block-image aligncenter size-full\"><img loading=\"lazy\" decoding=\"async\" width=\"92\" height=\"92\" src=\"https:\/\/www.univ-sba.dz\/rcam\/wp-content\/uploads\/2024\/09\/chakib.png\" alt=\"\" class=\"wp-image-246\"\/><\/figure>\n\n\n\n<h2 class=\"wp-block-heading has-text-align-center\">Dr. Zouaoui Chakib Mustapha Anouar<\/h2>\n\n\n\n<h4 class=\"wp-block-heading has-text-align-center\"><br>\u2018Communication Networks, Architectures and Multimedia (RCAM)\u2019 Laboratory<br>Djillali Liabes University of Sidi Bel-Abbes, Algeria<\/h4>\n\n\n\n<figure class=\"wp-block-table\"><table class=\"has-fixed-layout\"><tbody><tr><td>&nbsp;Contact Details: D\u00e9partement d\u2019\u00e9lectronique, Facult\u00e9 de G\u00e9nie Electrique, BP 89, Universit\u00e9 Djillali Liabes , facult\u00e9 de G\u00e9nie Electrique, Campus Universitaire, Sidi Bel Abbes 22000,Algeria<\/td><td>Phone: +213 (0)557 535 235<br><a href=\"mailto:Email:%20chakib@ipatdz.info\">Email:&nbsp;<\/a><a href=\"mailto:chakib@ipatdz.info\">chakib@ipatdz.info<\/a><\/td><\/tr><\/tbody><\/table><\/figure>\n\n\n\n<h3 class=\"wp-block-heading\">&nbsp;<\/h3>\n\n\n\n<h3 class=\"wp-block-heading has-accent-3-color has-text-color has-link-color wp-elements-11782f0cf1f1f029b011df239d457c55\">Research Interests<\/h3>\n\n\n\n<ul class=\"wp-block-list\">\n<li>Parallel programming<\/li>\n\n\n\n<li>Operating System<\/li>\n\n\n\n<li>Advanced architectures for the implementation of DSP and DIP applications<\/li>\n\n\n\n<li>Compilation<\/li>\n\n\n\n<li>Network multihoming protocols<\/li>\n<\/ul>\n\n\n\n<h3 class=\"wp-block-heading has-accent-3-color has-text-color has-link-color wp-elements-138f1b4d962dd3a22639b1f14ac9ad2c\">Publications<\/h3>\n\n\n\n<p class=\"justification_texte\">C. M. A. Zouaoui, N. Taleb, CL_ARRAY: A new generic library of multidimensional containers for c++ compilers with extension for OpenCL framework, Computer Languages, Systems &amp; Structures (Elsevier), 50, 53- 81, 2017.<\/p>\n\n\n\n<p><a href=\"https:\/\/www.sciencedirect.com\/science\/article\/pii\/S147784241630135X\">https:\/\/www.sciencedirect.com\/science\/article\/pii\/S147784241630135X<\/a><\/p>\n\n\n\n<h3 class=\"wp-block-heading has-accent-3-color has-text-color has-link-color wp-elements-1515b16e70d469ee1c7b3c365d4ad2ca\">Conferences<\/h3>\n\n\n\n<ul class=\"wp-block-list justification_texte\">\n<li>S. Daoudi, C. M. A. Zouaoui, M. Chikr El Mezouar,N. Taleb, \u2018PARALLELIZATION OF THE K-MEANS++ CLUSTERING ALGORITHM ON GPU\u2019, ACM &#8211; 8th International Conference on Software Engineering and New Technologies \u00ab\u00a0ICSENT\u20192019&Prime;\u2013 28 \u2013 30 December 2019, Hammamet, Tunisia.<\/li>\n\n\n\n<li>S. Daoudi, C. M. A. Zouaoui, M. Chikr El Mezouar, N. Taleb, \u2018Parallel implementation of the K-means clustering algorithm based on CPU\/GPU\u2019, 2nd Conference on Informatics and Applied Mathematics\u00a0\u00bb \u2013 IAM\u20192019 \u2013 June 12-13, 2019, Guelma, Algeria.<\/li>\n\n\n\n<li>S. Daoudi, C. M. A. Zouaoui, M. Chikr El Mezouar,N. Taleb, \u2018A comparative study of parallel GPU\/CPU implementations of the K-Means Algorithm\u2019, , The international conference on advanced electrical engineering, ICAEE 2019 &#8211; 19-21 November<\/li>\n\n\n\n<li>S. Daoudi, C. M. A. Zouaoui, M. Chikr El Mezouar, N. Taleb, Parall\u00e9lisation de l\u2019algorithme du K-means ++, 3\u00e8mes Journ\u00e9es Doctorales de G\u00e9nie Electrique (JDGE\u20192019), 17-18 d\u00e9cembre 2019, Sidi Bel Abb\u00e8s, Algeria.<\/li>\n<\/ul>\n\n\n\n<div style=\"height:100px\" aria-hidden=\"true\" class=\"wp-block-spacer\"><\/div>\n","protected":false},"excerpt":{"rendered":"<p>Dr. Zouaoui Chakib Mustapha Anouar \u2018Communication Networks, Architectures and Multimedia (RCAM)\u2019 LaboratoryDjillali Liabes University of Sidi Bel-Abbes, Algeria &nbsp;Contact Details: D\u00e9partement d\u2019\u00e9lectronique, Facult\u00e9 de G\u00e9nie Electrique, BP 89, Universit\u00e9 Djillali Liabes , facult\u00e9 de G\u00e9nie Electrique, Campus Universitaire, Sidi Bel Abbes 22000,Algeria Phone: +213 (0)557 535 235Email:&nbsp;chakib@ipatdz.info &nbsp; Research Interests Publications C. M. A. Zouaoui, [&hellip;]<\/p>\n","protected":false},"author":1,"featured_media":0,"parent":0,"menu_order":0,"comment_status":"closed","ping_status":"closed","template":"","meta":{"footnotes":""},"class_list":["post-358","page","type-page","status-publish","hentry"],"_links":{"self":[{"href":"https:\/\/www.univ-sba.dz\/rcam\/wp-json\/wp\/v2\/pages\/358","targetHints":{"allow":["GET"]}}],"collection":[{"href":"https:\/\/www.univ-sba.dz\/rcam\/wp-json\/wp\/v2\/pages"}],"about":[{"href":"https:\/\/www.univ-sba.dz\/rcam\/wp-json\/wp\/v2\/types\/page"}],"author":[{"embeddable":true,"href":"https:\/\/www.univ-sba.dz\/rcam\/wp-json\/wp\/v2\/users\/1"}],"replies":[{"embeddable":true,"href":"https:\/\/www.univ-sba.dz\/rcam\/wp-json\/wp\/v2\/comments?post=358"}],"version-history":[{"count":6,"href":"https:\/\/www.univ-sba.dz\/rcam\/wp-json\/wp\/v2\/pages\/358\/revisions"}],"predecessor-version":[{"id":469,"href":"https:\/\/www.univ-sba.dz\/rcam\/wp-json\/wp\/v2\/pages\/358\/revisions\/469"}],"wp:attachment":[{"href":"https:\/\/www.univ-sba.dz\/rcam\/wp-json\/wp\/v2\/media?parent=358"}],"curies":[{"name":"wp","href":"https:\/\/api.w.org\/{rel}","templated":true}]}}