{"id":366,"date":"2024-10-01T12:04:00","date_gmt":"2024-10-01T10:04:00","guid":{"rendered":"https:\/\/www.univ-sba.dz\/rcam\/?page_id=366"},"modified":"2025-05-14T11:50:31","modified_gmt":"2025-05-14T09:50:31","slug":"cv_belalia","status":"publish","type":"page","link":"https:\/\/www.univ-sba.dz\/rcam\/cv_belalia\/","title":{"rendered":"cv_belalia"},"content":{"rendered":"\n<div style=\"height:100px\" aria-hidden=\"true\" class=\"wp-block-spacer\"><\/div>\n\n\n\n<h2 class=\"wp-block-heading has-text-align-center\">Dr. BELALIA Amina \u0627\u0644\u0623\u0633\u062a\u0627\u0630\u0629 \u0627\u0644\u062f\u0643\u062a\u0648\u0631\u0629 \u0628\u0644\u0639\u0627\u0644\u064a\u0629 \u0627\u0645\u064a\u0646\u0629<br>Ma\u00eetre de Conf\u00e9rences Classe \u201cA\u201d<\/h2>\n\n\n\n<h4 class=\"wp-block-heading has-text-align-center\"><br>\u2018Communication Networks, Architectures and Multimedia (RCAM)\u2019 Laboratory<br>Djillali Liabes University of Sidi Bel-Abbes, Algeria<\/h4>\n\n\n\n<figure class=\"wp-block-table\"><table class=\"has-fixed-layout\"><tbody><tr><td>Contact Details: ESI: Higher School of Informatics, Sidi Bel Abbes 22000, Algeria<\/td><td>Mobile : +213 (0)781 107 867<br>Email:\u00a0<a href=\"mailto:a.belalia@esi-sba.dz\">a.belalia@esi-sba.dz<\/a><\/td><\/tr><\/tbody><\/table><\/figure>\n\n\n\n<h2 class=\"wp-block-heading has-accent-3-color has-text-color has-link-color wp-elements-5a0f6f67ec9f5113e72bd0a94b51c33b\">Publications<\/h2>\n\n\n\n<p><strong>&nbsp;Journals<\/strong><\/p>\n\n\n\n<p><\/p>\n\n\n\n<ul class=\"wp-block-list justification_texte\">\n<li>A. Belalia, K. Belloulata, A. Redaoui, \u00ab\u00a0Enhanced Image Retrieval Using Multiscale Deep Feature Fusion in Supervised Hashing\u00a0\u00bb, Journal of Imaging, vol. 11, n\u00b0 1, p. 20, 2025<\/li>\n\n\n\n<li>A. Redaoui, A. Belalia, K. Belloulata, \u00ab\u00a0Deep Supervised Hashing by Fusing Multiscale Deep Features for Image Retrieval\u00a0\u00bb, Information, vol. 15, n\u00b0 3, p. 143, 2024.<\/li>\n\n\n\n<li>A Belalia, K Belloulata, S Zhu , \u00ab\u00a0Efficient histogram for region based image retrieval in the discrete cosine transform domain\u00a0\u00bb Int J Artif Intell, Vol. 11, No. 2, pp. 546\u223c563, ISSN: 2252-8938, DOI: 10.11591\/ijai.v11.i2.pp546-563, June 2022.<\/li>\n\n\n\n<li>A. Belalia, K. Belloulata and K. Kpalma, \u201c Region-based image retrieval using shapeadaptive DCT,\u201d Int J. Multimed. Info. Retr., Volume 4, pages 261-276, Dec 2015.<\/li>\n\n\n\n<li>A. Belalia, K. Belloulata, K. Kpalma, \u00ab\u00a0Nouvelle M\u00e9thode d\u2019Indexation d\u2019Images par R\u00e9gion dans le Domaine Compress\u00e9s Bas\u00e9e sur la SA-DCT\u00a0\u00bb, CITIM&rsquo;15, Mascara, Algeria, April 2015.<\/li>\n\n\n\n<li>Amina Belalia, Kamel Belloulata and Kidiyo Kpalma, `&rsquo;Nouvelle M\u00e9thode d&rsquo;Indexation et de Recherche d&rsquo;Image Bas\u00e9e-R\u00e9gion (RBIR) dans le Domaine Transform\u00e9 Utilisant la SADCT.\u00a0\u00bb, SCCIBOV&rsquo; 2015, SBA, Algeria.<\/li>\n\n\n\n<li>Amina Belalia, Kamel Belloulata and Kidiyo Kpalma, `&rsquo; Indexation Bas\u00e9e-R\u00e9gion d&rsquo;Image Utilisant Shape-Adaptive DCT (SA-DCT.)\u00a0\u00bb, SCCIBOV&rsquo; 2015, SBA, Algeria.<\/li>\n\n\n\n<li>A. Belalia, K. Belloulata, K. Kpalma, \u00a0\u00bbA New Region Based Image Retrieval In The Compressed Domain Using Shape-Adaptive DCT\u00a0\u00bb, Biomiec&rsquo;14, Tlemcen, Oct. 2014<\/li>\n\n\n\n<li>K. Belloulata, A. Belalia, S. Zhu , \u00a0\u00bbObject-Based Stereo Video Compression Using Fractals And Shape-Adaptive Dct&rsquo;\u2018 Int J Electron Commun (Ae\u00fc), July 2014.<\/li>\n\n\n\n<li>K. Belloulata, L. Belhallouche, A. Belalia and K. Kpalma \u201cRegion-Based Image Retrieval using Histogram of DCT domain\u201d, ICA2IT&rsquo;2014, Waregla, Algeria, May 2014<\/li>\n\n\n\n<li>K. Belloulata, L. Belhalouche, A. Belalia, K. Kpalma , \u00a0\u00bbRegion Based Image Retrieval Using Shape-Adaptive Dct\u00a0\u00bb, ChinaSIP IEEE, 2014, pp. 470-474.<\/li>\n\n\n\n<li>A. Belalia, K Belloulata and K. Kpalma, \u00a0\u00bb Region Based Image Retrieval in compressed domain using Shape-Adaptive DCT&rsquo;` Multimedia Tools and Application, DOI 10.1007\/s11042-015-3026-2.<\/li>\n\n\n\n<li>S. Zhu, K. Belloulata, et A. Belalia, \u201cObject-based fractal coding of video sequence,\u201d in Proceedings of the International Workshop on Non Linear Signal and Image Processing, NSIP2005, Japan, May 2005.<br><\/li>\n<\/ul>\n\n\n\n<p><strong>Conferences<\/strong><\/p>\n\n\n\n<ul class=\"wp-block-list justification_texte\">\n<li>A. Redaoui, K. Belloulata, A. Belalia, \u00ab\u00a0Deep Multi-Scale Hashing for Image Retrieval (DMSH)\u00a0\u00bb, International Conference on Artificial Intelligence: Theories and Applications, 2022.<\/li>\n<\/ul>\n\n\n\n<p><strong>Book chapters<\/strong><\/p>\n\n\n\n<ul class=\"wp-block-list\">\n<li>Amina Belalia, Kamel Belloulata, \u00ab\u00a0Compression et Indexation Bas\u00e9es-R\u00e9gion d&rsquo;Image Utiliant la SA-DCT\u00a0\u00bb Editions Universitaires Europ\u00e9ennes, ISBN:978-3-639-48403-8, 2016.<\/li>\n<\/ul>\n","protected":false},"excerpt":{"rendered":"<p>Dr. BELALIA Amina \u0627\u0644\u0623\u0633\u062a\u0627\u0630\u0629 \u0627\u0644\u062f\u0643\u062a\u0648\u0631\u0629 \u0628\u0644\u0639\u0627\u0644\u064a\u0629 \u0627\u0645\u064a\u0646\u0629Ma\u00eetre de Conf\u00e9rences Classe \u201cA\u201d \u2018Communication Networks, Architectures and Multimedia (RCAM)\u2019 LaboratoryDjillali Liabes University of Sidi Bel-Abbes, Algeria Contact Details: ESI: Higher School of Informatics, Sidi Bel Abbes 22000, Algeria Mobile : +213 (0)781 107 867Email:\u00a0a.belalia@esi-sba.dz Publications &nbsp;Journals Conferences Book chapters<\/p>\n","protected":false},"author":1,"featured_media":0,"parent":0,"menu_order":0,"comment_status":"closed","ping_status":"closed","template":"","meta":{"footnotes":""},"class_list":["post-366","page","type-page","status-publish","hentry"],"_links":{"self":[{"href":"https:\/\/www.univ-sba.dz\/rcam\/wp-json\/wp\/v2\/pages\/366","targetHints":{"allow":["GET"]}}],"collection":[{"href":"https:\/\/www.univ-sba.dz\/rcam\/wp-json\/wp\/v2\/pages"}],"about":[{"href":"https:\/\/www.univ-sba.dz\/rcam\/wp-json\/wp\/v2\/types\/page"}],"author":[{"embeddable":true,"href":"https:\/\/www.univ-sba.dz\/rcam\/wp-json\/wp\/v2\/users\/1"}],"replies":[{"embeddable":true,"href":"https:\/\/www.univ-sba.dz\/rcam\/wp-json\/wp\/v2\/comments?post=366"}],"version-history":[{"count":10,"href":"https:\/\/www.univ-sba.dz\/rcam\/wp-json\/wp\/v2\/pages\/366\/revisions"}],"predecessor-version":[{"id":514,"href":"https:\/\/www.univ-sba.dz\/rcam\/wp-json\/wp\/v2\/pages\/366\/revisions\/514"}],"wp:attachment":[{"href":"https:\/\/www.univ-sba.dz\/rcam\/wp-json\/wp\/v2\/media?parent=366"}],"curies":[{"name":"wp","href":"https:\/\/api.w.org\/{rel}","templated":true}]}}