{"id":372,"date":"2024-10-01T12:13:52","date_gmt":"2024-10-01T10:13:52","guid":{"rendered":"https:\/\/www.univ-sba.dz\/rcam\/?page_id=372"},"modified":"2025-04-20T10:19:38","modified_gmt":"2025-04-20T08:19:38","slug":"cv_elbahri","status":"publish","type":"page","link":"https:\/\/www.univ-sba.dz\/rcam\/cv_elbahri\/","title":{"rendered":"cv_elbahri"},"content":{"rendered":"\n<div style=\"height:100px\" aria-hidden=\"true\" class=\"wp-block-spacer\"><\/div>\n\n\n\n<figure class=\"wp-block-image aligncenter size-full\"><img loading=\"lazy\" decoding=\"async\" width=\"143\" height=\"216\" src=\"https:\/\/www.univ-sba.dz\/rcam\/wp-content\/uploads\/2024\/09\/elbahri.png\" alt=\"\" class=\"wp-image-210\"\/><\/figure>\n\n\n\n<h2 class=\"wp-block-heading has-text-align-center\">Dr. ELBAHRI Mohamed&nbsp;<strong>\u0627\u0644\u062f\u0643\u062a\u0648\u0631<\/strong>&nbsp;\u0627\u0644\u0628\u062d\u0631\u064a \u0645\u062d\u0645\u062f<br>Ma\u00eetre de conf\u00e9rence classe B<\/h2>\n\n\n\n<h4 class=\"wp-block-heading has-text-align-center\"><br>\u2018Communication Networks, Architectures and Multimedia (RCAM)\u2019 Laboratory<br>Djillali Liabes University of Sidi Bel-Abbes, Algeria<\/h4>\n\n\n\n<figure class=\"wp-block-table\"><table class=\"has-fixed-layout\"><tbody><tr><td>Contact Details: D\u00e9partement d\u2019\u00e9lectronique, Facult\u00e9 de G\u00e9nie Electrique, BP 89, Universit\u00e9 Djillali Liabes , facult\u00e9 de G\u00e9nie Electrique, Campus Universitaire, Sidi Bel Abbes 22000, Algeria<\/td><td>Mobile : +213 558 017 228<br>Email:&nbsp;<a href=\"mailto:elbahri82_m@yahoo.fr\">elbahri82_m@yahoo.fr<\/a><\/td><\/tr><\/tbody><\/table><\/figure>\n\n\n\n<h3 class=\"wp-block-heading has-accent-3-color has-text-color has-link-color wp-elements-11782f0cf1f1f029b011df239d457c55\">Research Interests<\/h3>\n\n\n\n<ul class=\"wp-block-list\">\n<li>Image and video processing and analysis<\/li>\n\n\n\n<li>Object tracking and re-identification<\/li>\n\n\n\n<li>Gestures and motion recognition<\/li>\n\n\n\n<li>Machine learning applied to computer vision<\/li>\n\n\n\n<li>Parallel programming<\/li>\n<\/ul>\n\n\n\n<h3 class=\"wp-block-heading has-accent-3-color has-text-color has-link-color wp-elements-f340d7ffabf53817495a0337d9167e9a\">Short Biography<\/h3>\n\n\n\n<p>He is currently a Phd resercher and teacher at the computer science Department, Djillali Liabes, University of Sidi Bel Abbes, where he has been teaching since 2009<\/p>\n\n\n\n<h2 class=\"wp-block-heading has-accent-3-color has-text-color has-link-color wp-elements-5a0f6f67ec9f5113e72bd0a94b51c33b\">Publications<\/h2>\n\n\n\n<p><strong>&nbsp;Journals<\/strong><\/p>\n\n\n\n<ul class=\"wp-block-list justification_texte\">\n<li>M. Elbahri, N Taleb, K Kpalma, J Ronsin, Parallel algorithm implementation for multi-object tracking and surveillance, IET Computer Vision, Volume 10, Issue 3, April 2016, p. 202 \u2013 211, DOI: 10.1049\/iet-cvi.2015.0115.<br><a href=\"http:\/\/digital-library.theiet.org\/content\/journals\/10.1049\/iet-cvi.2015.0115\">http:\/\/digital-library.theiet.org\/content\/journals\/10.1049\/iet-cvi.2015.0115<\/a><\/li>\n\n\n\n<li>M. Elbahri, K. Kpalma; N. Taleb; M. Chikr El Mezouar, A Novel Object Position Coding for Multi-Object Tracking using Sparse Representation, International Journal of Image, Graphics and Signal Processing, vol. 7, no 8, pp.1-12, 2015,DOI: 10.5815\/ijigsp.2015.08.01.<br><a href=\"http:\/\/www.mecs-press.org\/ijigsp\/ijigsp-v7-n8\/v7n8-1.html\">http:\/\/www.mecs-press.org\/ijigsp\/ijigsp-v7-n8\/v7n8-1.html<\/a><\/li>\n\n\n\n<li>Ilias, D. A. H. I., EL MEZOUAR, M. C., Taleb, N., &amp; Elbahri, M. (2017). An edge-based method for effective abandoned luggage detection in complex surveillance videos. Computer Vision and Image Understanding, 158, 141-151.<\/li>\n<\/ul>\n\n\n\n<p><strong>Conferences<\/strong><\/p>\n\n\n\n<ul class=\"wp-block-list justification_texte\">\n<li>M. ELBAHRI, N Taleb Suivi d\u2019objets en utilisant les caract\u00e9ristiques robustes acc\u00e9l\u00e9r\u00e9es combin\u00e9es avec la soustraction du fond December 2015Conference: Syst\u00e8me Conjoint de Compression et d&rsquo;Indexation Bas\u00e9-Objet pour la Vid\u00e9o (SCCIBOV)At: Sidi Bel Abb\u00e8s, Algeria<\/li>\n<\/ul>\n\n\n\n<p><\/p>\n\n\n\n<div style=\"height:100px\" aria-hidden=\"true\" class=\"wp-block-spacer\"><\/div>\n","protected":false},"excerpt":{"rendered":"<p>Dr. ELBAHRI Mohamed&nbsp;\u0627\u0644\u062f\u0643\u062a\u0648\u0631&nbsp;\u0627\u0644\u0628\u062d\u0631\u064a \u0645\u062d\u0645\u062fMa\u00eetre de conf\u00e9rence classe B \u2018Communication Networks, Architectures and Multimedia (RCAM)\u2019 LaboratoryDjillali Liabes University of Sidi Bel-Abbes, Algeria Contact Details: D\u00e9partement d\u2019\u00e9lectronique, Facult\u00e9 de G\u00e9nie Electrique, BP 89, Universit\u00e9 Djillali Liabes , facult\u00e9 de G\u00e9nie Electrique, Campus Universitaire, Sidi Bel Abbes 22000, Algeria Mobile : +213 558 017 228Email:&nbsp;elbahri82_m@yahoo.fr Research Interests Short [&hellip;]<\/p>\n","protected":false},"author":1,"featured_media":0,"parent":0,"menu_order":0,"comment_status":"closed","ping_status":"closed","template":"","meta":{"footnotes":""},"class_list":["post-372","page","type-page","status-publish","hentry"],"_links":{"self":[{"href":"https:\/\/www.univ-sba.dz\/rcam\/wp-json\/wp\/v2\/pages\/372","targetHints":{"allow":["GET"]}}],"collection":[{"href":"https:\/\/www.univ-sba.dz\/rcam\/wp-json\/wp\/v2\/pages"}],"about":[{"href":"https:\/\/www.univ-sba.dz\/rcam\/wp-json\/wp\/v2\/types\/page"}],"author":[{"embeddable":true,"href":"https:\/\/www.univ-sba.dz\/rcam\/wp-json\/wp\/v2\/users\/1"}],"replies":[{"embeddable":true,"href":"https:\/\/www.univ-sba.dz\/rcam\/wp-json\/wp\/v2\/comments?post=372"}],"version-history":[{"count":5,"href":"https:\/\/www.univ-sba.dz\/rcam\/wp-json\/wp\/v2\/pages\/372\/revisions"}],"predecessor-version":[{"id":458,"href":"https:\/\/www.univ-sba.dz\/rcam\/wp-json\/wp\/v2\/pages\/372\/revisions\/458"}],"wp:attachment":[{"href":"https:\/\/www.univ-sba.dz\/rcam\/wp-json\/wp\/v2\/media?parent=372"}],"curies":[{"name":"wp","href":"https:\/\/api.w.org\/{rel}","templated":true}]}}