{"id":2284,"date":"2024-09-22T11:12:03","date_gmt":"2024-09-22T09:12:03","guid":{"rendered":"http:\/\/www.univ-sba.dz\/fge1\/?page_id=2284"},"modified":"2026-02-26T00:14:48","modified_gmt":"2026-02-25T23:14:48","slug":"doyen-de-la-faculte","status":"publish","type":"page","link":"https:\/\/www.univ-sba.dz\/se\/fr\/doyen-de-la-faculte\/","title":{"rendered":"Doyen de la facult\u00e9"},"content":{"rendered":"\t\t<div data-elementor-type=\"wp-page\" data-elementor-id=\"2284\" class=\"elementor elementor-2284\">\n\t\t\t\t<div class=\"elementor-element elementor-element-19b8c8c e-flex e-con-boxed wpr-particle-no wpr-jarallax-no wpr-parallax-no wpr-sticky-section-no wpr-equal-height-no e-con e-parent\" data-id=\"19b8c8c\" data-element_type=\"container\" data-e-type=\"container\" data-settings=\"{&quot;background_background&quot;:&quot;classic&quot;}\">\n\t\t\t\t\t<div class=\"e-con-inner\">\n\t\t<div class=\"elementor-element elementor-element-372848a e-con-full e-flex wpr-particle-no wpr-jarallax-no wpr-parallax-no wpr-sticky-section-no wpr-equal-height-no e-con e-child\" data-id=\"372848a\" data-element_type=\"container\" data-e-type=\"container\">\n\t\t\t\t<div class=\"elementor-element elementor-element-0ccf104 elementor-widget elementor-widget-heading\" data-id=\"0ccf104\" data-element_type=\"widget\" data-e-type=\"widget\" data-widget_type=\"heading.default\">\n\t\t\t\t<div class=\"elementor-widget-container\">\n\t\t\t\t\t<h1 class=\"elementor-heading-title elementor-size-default\">Doyen de la Facult\u00e9<\/h1>\t\t\t\t<\/div>\n\t\t\t\t<\/div>\n\t\t\t\t<\/div>\n\t\t\t\t\t<\/div>\n\t\t\t\t<\/div>\n\t\t<div class=\"elementor-element elementor-element-e5fbed5 e-flex e-con-boxed wpr-particle-no wpr-jarallax-no wpr-parallax-no wpr-sticky-section-no wpr-equal-height-no e-con e-parent\" data-id=\"e5fbed5\" data-element_type=\"container\" data-e-type=\"container\">\n\t\t\t\t\t<div class=\"e-con-inner\">\n\t\t\t\t<div class=\"elementor-element elementor-element-6571415 elementor-widget elementor-widget-spacer\" data-id=\"6571415\" data-element_type=\"widget\" data-e-type=\"widget\" data-widget_type=\"spacer.default\">\n\t\t\t\t<div class=\"elementor-widget-container\">\n\t\t\t\t\t\t\t<div class=\"elementor-spacer\">\n\t\t\t<div class=\"elementor-spacer-inner\"><\/div>\n\t\t<\/div>\n\t\t\t\t\t\t<\/div>\n\t\t\t\t<\/div>\n\t\t\t\t\t<\/div>\n\t\t\t\t<\/div>\n\t\t<div class=\"elementor-element elementor-element-ed81990 e-flex e-con-boxed wpr-particle-no wpr-jarallax-no wpr-parallax-no wpr-sticky-section-no wpr-equal-height-no e-con e-parent\" data-id=\"ed81990\" data-element_type=\"container\" data-e-type=\"container\">\n\t\t\t\t\t<div class=\"e-con-inner\">\n\t\t\t\t<div class=\"elementor-element elementor-element-01fffab elementor-widget elementor-widget-elementskit-team\" data-id=\"01fffab\" data-element_type=\"widget\" data-e-type=\"widget\" data-widget_type=\"elementskit-team.default\">\n\t\t\t\t<div class=\"elementor-widget-container\">\n\t\t\t\t\t<div class=\"ekit-wid-con\">\t\t\t\t\t\t\t\t\n\t\t<div class=\"profile-card elementor-animation- text-center ekit-team-style-default\">\n\t\t\t\t\t\t\t<a aria-label=\"profile\" href=\"javascript:void(0)\" data-mfp-src=\"#ekit_team_modal_01fffab_2284\" class=\"ekit-team-popup\">\n\t\t\t\n\t\t\t\t<div class=\"profile-header ekit-team-img ekit-img-overlay ekit-team-img-block\"  data-toggle=\"modal\" data-target=\"ekit_team_modal_#01fffab_2284\" >\n\t\t\t\t\t<img fetchpriority=\"high\" decoding=\"async\" width=\"750\" height=\"1000\" src=\"https:\/\/www.univ-sba.dz\/se\/wp-content\/uploads\/2025\/06\/WhatsApp-Image-2025-06-26-at-14.09.24.jpeg\" class=\"attachment-1536x1536 size-1536x1536 wp-image-3171\" alt=\"\" srcset=\"https:\/\/www.univ-sba.dz\/se\/wp-content\/uploads\/2025\/06\/WhatsApp-Image-2025-06-26-at-14.09.24.jpeg 750w, https:\/\/www.univ-sba.dz\/se\/wp-content\/uploads\/2025\/06\/WhatsApp-Image-2025-06-26-at-14.09.24-225x300.jpeg 225w\" sizes=\"(max-width: 750px) 100vw, 750px\" \/>\t\t\t\t<\/div><!-- .profile-header END -->\n\t\t\t\t\t\t\t<\/a>\n\t\t\t\n\n\t\t\t\t<div class=\"profile-body\">\n\t\t\t\t\t\n\t\t\t\t\t<h2 class=\"profile-title\">\n\t\t\t\t\t\t\t\t\t\t\t<a aria-label=\"profile\" href=\"javascript:void(0)\" data-mfp-src=\"#ekit_team_modal_01fffab_2284\" class=\"ekit-team-popup\">\n\t\t\t\t\t\tProfesseur Attouch Mohamed Kadi\t\t\t\t\t\t<\/a>\n\t\t\t\t\t\t\t\t\t\t\t<\/h2>\n\t\t\t\t\t<p class=\"profile-designation\"><\/p>\n\t\t\t\t\t\t\t\t\t\t<p class=\"profile-content\">Je souhaite tout d\u2019abord la bienvenue \u00e0 tous les visiteurs de ce site et commence mon propos en remerciant le Directeur de l\u2019Universit\u00e9, le Professeur Bouziani Marahi, pour la confiance qu\u2019il m\u2019a accord\u00e9e en me confiant la direction de la Facult\u00e9 des Sciences Exactes.<BR>\n\nCette institution acad\u00e9mique s\u2019efforce constamment de fournir une formation universitaire de qualit\u00e9, alliant des bases scientifiques solides \u00e0 l\u2019ouverture aux connaissances nouvelles et aux exigences de l\u2019environnement social et \u00e9conomique. La Facult\u00e9 des Sciences Exactes constitue l\u2019un des piliers de l\u2019universit\u00e9 dans les domaines des math\u00e9matiques, de la physique, de la chimie et de l\u2019informatique. Elle offre un environnement propice au savoir et \u00e0 la recherche, visant toujours \u00e0 proposer une formation acad\u00e9mique de haut niveau, vous pr\u00e9parant \u00e0 contribuer efficacement au service de la soci\u00e9t\u00e9 et \u00e0 suivre les \u00e9volutions scientifiques et technologiques.<BR>\n\nNotre facult\u00e9 place l\u2019\u00e9tudiant au c\u0153ur de ses pr\u00e9occupations et s\u2019efforce de cr\u00e9er un environnement universitaire stimulant pour l\u2019apprentissage, la recherche et l\u2019innovation, dans le respect de la discipline et des valeurs acad\u00e9miques. Nous veillons \u00e9galement \u00e0 soutenir la recherche scientifique et \u00e0 encourager les initiatives p\u00e9dagogiques susceptibles d\u2019\u00e9lever le niveau de performance acad\u00e9mique et de renforcer la r\u00e9putation de la facult\u00e9 tant au niveau national qu\u2019international.<BR>\n\nNous r\u00e9affirmons notre engagement \u00e0 travailler de concert avec l\u2019ensemble de la communaut\u00e9 universitaire \u2013 enseignants, \u00e9tudiants et personnel administratif \u2013 afin d\u2019atteindre nos objectifs strat\u00e9giques dans un esprit de coop\u00e9ration et de responsabilit\u00e9.<BR>\n\nChers \u00e9tudiants, l\u2019universit\u00e9 n\u2019est pas seulement un lieu d\u2019acquisition des connaissances, mais \u00e9galement une \u00e9cole de formation de la personnalit\u00e9 et de construction de l\u2019avenir. Nous comptons sur votre s\u00e9rieux, votre discipline et votre esprit d\u2019initiative, et nous vous invitons \u00e0 tirer pleinement parti de vos ann\u00e9es universitaires pour apprendre, rechercher et d\u00e9velopper vos comp\u00e9tences, au service de votre avenir et de votre communaut\u00e9.<BR>\n\nEnfin, nous souhaitons \u00e0 tous nos \u00e9tudiants un parcours universitaire r\u00e9ussi, riche en r\u00e9ussite et en excellence.<BR>\n\nLe Doyen de la Facult\u00e9<\/p>\n\t\t\t\t\t\t\t\t\t<\/div><!-- .profile-body END -->\n\n\t\t\t\t\t\t\t\t\t<div class=\"profile-footer\">\n\t\t\t\t\t\t<ul class=\"ekit-team-social-list\">\n\t\t\t<li class=\"elementor-repeater-item-48cc938\">\n\t\t\t<a href=\"https:\/\/facebook.com\" aria-label=\"Facebook\">\n\t\t\t\t<svg class=\"ekit-svg-icon icon-facebook\" viewBox=\"0 0 32 32\" xmlns=\"http:\/\/www.w3.org\/2000\/svg\"><path d=\"M23.999 0.407l-4.15-0.007c-4.662 0-7.675 3.091-7.675 7.875v3.631h-4.172c-0.361 0-0.652 0.292-0.652 0.653v5.261c0 0.361 0.292 0.652 0.652 0.652h4.172v13.275c0 0.361 0.292 0.653 0.652 0.653h5.444c0.361 0 0.652-0.292 0.652-0.652v-13.275h4.878c0.361 0 0.652-0.292 0.652-0.652l0.002-5.261c0-0.173-0.069-0.339-0.191-0.461s-0.289-0.191-0.462-0.191h-4.88v-3.078c0-1.479 0.353-2.23 2.28-2.23l2.795-0.001c0.36 0 0.652-0.292 0.652-0.652v-4.885c0-0.36-0.292-0.652-0.651-0.652z\"><\/path><\/svg>\t\t\t<\/a>\n\t\t<\/li>\n\t\t\t<li class=\"elementor-repeater-item-acc60b2\">\n\t\t\t<a href=\"https:\/\/twitter.com\" aria-label=\"twitter\">\n\t\t\t\t<svg class=\"ekit-svg-icon icon-twitter\" viewBox=\"0 0 32 32\" xmlns=\"http:\/\/www.w3.org\/2000\/svg\"><path d=\"M32 6.479c-1.178 0.522-2.442 0.876-3.769 1.034 1.356-0.812 2.394-2.1 2.885-3.629-1.272 0.752-2.675 1.298-4.171 1.594-1.198-1.278-2.901-2.074-4.791-2.074-3.625 0-6.565 2.939-6.565 6.563 0 0.514 0.058 1.016 0.17 1.496-5.455-0.274-10.292-2.887-13.529-6.859-0.566 0.968-0.888 2.096-0.888 3.299 0 2.278 1.16 4.287 2.919 5.463-1.076-0.036-2.088-0.332-2.973-0.824v0.082c0 3.179 2.264 5.833 5.265 6.437-0.55 0.148-1.13 0.23-1.73 0.23-0.424 0-0.834-0.042-1.236-0.122 0.836 2.61 3.259 4.507 6.131 4.559-2.246 1.76-5.077 2.805-8.152 2.805-0.53 0-1.052-0.032-1.566-0.090 2.905 1.866 6.355 2.953 10.062 2.953 12.076 0 18.677-10.002 18.677-18.677l-0.022-0.85c1.29-0.92 2.405-2.076 3.283-3.391z\"><\/path><\/svg>\t\t\t<\/a>\n\t\t<\/li>\n\t\t\t<li class=\"elementor-repeater-item-32f3053\">\n\t\t\t<a href=\"https:\/\/facebook.com\" aria-label=\"Facebook\">\n\t\t\t\t<svg class=\"ekit-svg-icon icon-linkedin\" viewBox=\"0 0 32 32\" xmlns=\"http:\/\/www.w3.org\/2000\/svg\"><path d=\"M3.846 0.427c-2.125 0-3.846 1.723-3.846 3.844 0 2.123 1.72 3.846 3.846 3.846 2.12 0 3.843-1.723 3.843-3.846 0-2.121-1.723-3.844-3.843-3.844zM0.529 11.034h6.632v21.338h-6.632v-21.338zM24.045 10.504c-3.226 0-5.389 1.769-6.275 3.446h-0.089v-2.916h-6.361v21.338h6.626v-10.556c0-2.783 0.53-5.478 3.98-5.478 3.401 0 3.446 3.183 3.446 5.657v10.377h6.627v-11.704c0-5.745-1.24-10.164-7.955-10.164z\"><\/path><\/svg>\t\t\t<\/a>\n\t\t<\/li>\n\t<\/ul>\n\t\t\t\t\t<\/div>\n\t\t\t\t\t\t\t\t\t<\/div>\n\t\t\t\t\t\t\t\n\t\t\t\n\t\t\t\t\t<div class=\"zoom-anim-dialog mfp-hide elementskit-team-popup team-popup-id-01fffab\" id=\"ekit_team_modal_01fffab_2284\" tabindex=\"-1\" role=\"dialog\" aria-hidden=\"true\">\n\t\t\t\t<div class=\"modal-dialog modal-dialog-centered\" role=\"document\">\n\t\t\t\t\t<div class=\"modal-content\">\n\t\t\t\t\t\t<button type=\"button\" class=\"ekit-team-modal-close\">\n\t\t\t\t\t\t\t<svg aria-hidden=\"true\" class=\"e-font-icon-svg e-fas-times\" viewBox=\"0 0 352 512\" xmlns=\"http:\/\/www.w3.org\/2000\/svg\"><path d=\"M242.72 256l100.07-100.07c12.28-12.28 12.28-32.19 0-44.48l-22.24-22.24c-12.28-12.28-32.19-12.28-44.48 0L176 189.28 75.93 89.21c-12.28-12.28-32.19-12.28-44.48 0L9.21 111.45c-12.28 12.28-12.28 32.19 0 44.48L109.28 256 9.21 356.07c-12.28 12.28-12.28 32.19 0 44.48l22.24 22.24c12.28 12.28 32.2 12.28 44.48 0L176 322.72l100.07 100.07c12.28 12.28 32.2 12.28 44.48 0l22.24-22.24c12.28-12.28 12.28-32.19 0-44.48L242.72 256z\"><\/path><\/svg>\t\t\t\t\t\t<\/button>\n\n\t\t\t\t\t\t<div class=\"modal-body\">\n\t\t\t\t\t\t\t\t\t\t\t\t\t\t\t<div class=\"ekit-team-modal-img\">\n\t\t\t\t\t\t\t\t\t<img fetchpriority=\"high\" decoding=\"async\" width=\"750\" height=\"1000\" src=\"https:\/\/www.univ-sba.dz\/se\/wp-content\/uploads\/2025\/06\/WhatsApp-Image-2025-06-26-at-14.09.24.jpeg\" class=\"attachment-1536x1536 size-1536x1536 wp-image-3171\" alt=\"\" srcset=\"https:\/\/www.univ-sba.dz\/se\/wp-content\/uploads\/2025\/06\/WhatsApp-Image-2025-06-26-at-14.09.24.jpeg 750w, https:\/\/www.univ-sba.dz\/se\/wp-content\/uploads\/2025\/06\/WhatsApp-Image-2025-06-26-at-14.09.24-225x300.jpeg 225w\" sizes=\"(max-width: 750px) 100vw, 750px\" \/>\t\t\t\t\t\t\t\t<\/div>\n\t\t\t\t\t\t\t\n\t\t\t\t\t\t\t<div class=\"ekit-team-modal-info has-img\">\n\t\t\t\t\t\t\t\t<h2 class=\"ekit-team-modal-title\">Professeur Attouch Mohamed Kadi<\/h2>\n\t\t\t\t\t\t\t\t<p class=\"ekit-team-modal-position\"><\/p>\n\n\t\t\t\t\t\t\t\t<div class=\"ekit-team-modal-content\">\n\t\t\t\t\t\t\t\t\t\t\t\t\t\t\t\t\t<\/div>\n\n\t\t\t\t\t\t\t\t\t\t\t\t\t\t\t\t\t<ul class=\"ekit-team-modal-list\">\n\t\t\t\t\t\t\t\t\t\t\t\t\t\t\t\t\t\t\t\t\t<li><strong>Phone:<\/strong><a href=\"tel:+1 (859) 254-6589\">+1 (859) 254-6589<\/a><\/li>\n\t\t\t\t\t\t\t\t\t\t\n\t\t\t\t\t\t\t\t\t\t\t\t\t\t\t\t\t\t\t\t\t<li><strong>Email:<\/strong><a href=\"mailto:info@example.com\">info@example.com<\/a><\/li>\n\t\t\t\t\t\t\t\t\t\t\t\t\t\t\t\t\t\t\t<\/ul>\n\t\t\t\t\t\t\t\t\n\t\t\t\t\t\t\t\t<ul class=\"ekit-team-social-list\">\n\t\t\t<li class=\"elementor-repeater-item-48cc938\">\n\t\t\t<a href=\"https:\/\/facebook.com\" aria-label=\"Facebook\">\n\t\t\t\t<svg class=\"ekit-svg-icon icon-facebook\" viewBox=\"0 0 32 32\" xmlns=\"http:\/\/www.w3.org\/2000\/svg\"><path d=\"M23.999 0.407l-4.15-0.007c-4.662 0-7.675 3.091-7.675 7.875v3.631h-4.172c-0.361 0-0.652 0.292-0.652 0.653v5.261c0 0.361 0.292 0.652 0.652 0.652h4.172v13.275c0 0.361 0.292 0.653 0.652 0.653h5.444c0.361 0 0.652-0.292 0.652-0.652v-13.275h4.878c0.361 0 0.652-0.292 0.652-0.652l0.002-5.261c0-0.173-0.069-0.339-0.191-0.461s-0.289-0.191-0.462-0.191h-4.88v-3.078c0-1.479 0.353-2.23 2.28-2.23l2.795-0.001c0.36 0 0.652-0.292 0.652-0.652v-4.885c0-0.36-0.292-0.652-0.651-0.652z\"><\/path><\/svg>\t\t\t<\/a>\n\t\t<\/li>\n\t\t\t<li class=\"elementor-repeater-item-acc60b2\">\n\t\t\t<a href=\"https:\/\/twitter.com\" aria-label=\"twitter\">\n\t\t\t\t<svg class=\"ekit-svg-icon icon-twitter\" viewBox=\"0 0 32 32\" xmlns=\"http:\/\/www.w3.org\/2000\/svg\"><path d=\"M32 6.479c-1.178 0.522-2.442 0.876-3.769 1.034 1.356-0.812 2.394-2.1 2.885-3.629-1.272 0.752-2.675 1.298-4.171 1.594-1.198-1.278-2.901-2.074-4.791-2.074-3.625 0-6.565 2.939-6.565 6.563 0 0.514 0.058 1.016 0.17 1.496-5.455-0.274-10.292-2.887-13.529-6.859-0.566 0.968-0.888 2.096-0.888 3.299 0 2.278 1.16 4.287 2.919 5.463-1.076-0.036-2.088-0.332-2.973-0.824v0.082c0 3.179 2.264 5.833 5.265 6.437-0.55 0.148-1.13 0.23-1.73 0.23-0.424 0-0.834-0.042-1.236-0.122 0.836 2.61 3.259 4.507 6.131 4.559-2.246 1.76-5.077 2.805-8.152 2.805-0.53 0-1.052-0.032-1.566-0.090 2.905 1.866 6.355 2.953 10.062 2.953 12.076 0 18.677-10.002 18.677-18.677l-0.022-0.85c1.29-0.92 2.405-2.076 3.283-3.391z\"><\/path><\/svg>\t\t\t<\/a>\n\t\t<\/li>\n\t\t\t<li class=\"elementor-repeater-item-32f3053\">\n\t\t\t<a href=\"https:\/\/facebook.com\" aria-label=\"Facebook\">\n\t\t\t\t<svg class=\"ekit-svg-icon icon-linkedin\" viewBox=\"0 0 32 32\" xmlns=\"http:\/\/www.w3.org\/2000\/svg\"><path d=\"M3.846 0.427c-2.125 0-3.846 1.723-3.846 3.844 0 2.123 1.72 3.846 3.846 3.846 2.12 0 3.843-1.723 3.843-3.846 0-2.121-1.723-3.844-3.843-3.844zM0.529 11.034h6.632v21.338h-6.632v-21.338zM24.045 10.504c-3.226 0-5.389 1.769-6.275 3.446h-0.089v-2.916h-6.361v21.338h6.626v-10.556c0-2.783 0.53-5.478 3.98-5.478 3.401 0 3.446 3.183 3.446 5.657v10.377h6.627v-11.704c0-5.745-1.24-10.164-7.955-10.164z\"><\/path><\/svg>\t\t\t<\/a>\n\t\t<\/li>\n\t<\/ul>\n\t\t\t\t\t\t\t<\/div>\n\t\t\t\t\t\t<\/div>\n\t\t\t\t\t<\/div>\n\t\t\t\t<\/div>\n\t\t\t<\/div>\n\t\t\t\t<\/div>\t\t\t\t<\/div>\n\t\t\t\t<\/div>\n\t\t\t\t\t<\/div>\n\t\t\t\t<\/div>\n\t\t<div class=\"elementor-element elementor-element-b7ec4e6 e-flex e-con-boxed wpr-particle-no wpr-jarallax-no wpr-parallax-no wpr-sticky-section-no wpr-equal-height-no e-con e-parent\" data-id=\"b7ec4e6\" data-element_type=\"container\" data-e-type=\"container\">\n\t\t\t\t\t<div class=\"e-con-inner\">\n\t\t\t\t<div class=\"elementor-element elementor-element-7b56ac1 elementor-align-center elementor-widget elementor-widget-elementskit-button\" data-id=\"7b56ac1\" data-element_type=\"widget\" data-e-type=\"widget\" data-widget_type=\"elementskit-button.default\">\n\t\t\t\t<div class=\"elementor-widget-container\">\n\t\t\t\t\t<div class=\"ekit-wid-con\" >\t\t<div class=\"ekit-btn-wraper\">\n\t\t\t\t\t\t\t<a href=\"#\" class=\"elementskit-btn  whitespace--normal\" id=\"\">\n\t\t\t\t\t<svg class=\"e-font-icon-svg e-fas-download\" viewBox=\"0 0 512 512\" xmlns=\"http:\/\/www.w3.org\/2000\/svg\"><path d=\"M216 0h80c13.3 0 24 10.7 24 24v168h87.7c17.8 0 26.7 21.5 14.1 34.1L269.7 378.3c-7.5 7.5-19.8 7.5-27.3 0L90.1 226.1c-12.6-12.6-3.7-34.1 14.1-34.1H192V24c0-13.3 10.7-24 24-24zm296 376v112c0 13.3-10.7 24-24 24H24c-13.3 0-24-10.7-24-24V376c0-13.3 10.7-24 24-24h146.7l49 49c20.1 20.1 52.5 20.1 72.6 0l49-49H488c13.3 0 24 10.7 24 24zm-124 88c0-11-9-20-20-20s-20 9-20 20 9 20 20 20 20-9 20-20zm64 0c0-11-9-20-20-20s-20 9-20 20 9 20 20 20 20-9 20-20z\"><\/path><\/svg>CV\t\t\t\t<\/a>\n\t\t\t\t\t<\/div>\n        <\/div>\t\t\t\t<\/div>\n\t\t\t\t<\/div>\n\t\t\t\t\t<\/div>\n\t\t\t\t<\/div>\n\t\t<div class=\"elementor-element elementor-element-6c64f03 e-flex e-con-boxed wpr-particle-no wpr-jarallax-no wpr-parallax-no wpr-sticky-section-no wpr-equal-height-no e-con e-parent\" data-id=\"6c64f03\" data-element_type=\"container\" data-e-type=\"container\">\n\t\t\t\t\t<div class=\"e-con-inner\">\n\t\t\t\t<div class=\"elementor-element elementor-element-c5cefaf elementor-widget-divider--view-line elementor-widget elementor-widget-divider\" data-id=\"c5cefaf\" data-element_type=\"widget\" data-e-type=\"widget\" data-widget_type=\"divider.default\">\n\t\t\t\t<div class=\"elementor-widget-container\">\n\t\t\t\t\t\t\t<div class=\"elementor-divider\">\n\t\t\t<span class=\"elementor-divider-separator\">\n\t\t\t\t\t\t<\/span>\n\t\t<\/div>\n\t\t\t\t\t\t<\/div>\n\t\t\t\t<\/div>\n\t\t\t\t\t<\/div>\n\t\t\t\t<\/div>\n\t\t\t\t<\/div>\n\t\t","protected":false},"excerpt":{"rendered":"<p>Doyen de la Facult\u00e9 Professeur Attouch Mohamed Kadi Je souhaite tout d\u2019abord la bienvenue \u00e0 tous les visiteurs de ce site et commence mon propos en remerciant le Directeur de l\u2019Universit\u00e9, le Professeur Bouziani Marahi, pour la confiance qu\u2019il m\u2019a accord\u00e9e en me confiant la direction de la Facult\u00e9 des Sciences Exactes. Cette institution acad\u00e9mique s\u2019efforce constamment de fournir une formation universitaire de qualit\u00e9, alliant des bases scientifiques solides \u00e0 l\u2019ouverture aux connaissances nouvelles et aux exigences de l\u2019environnement social et \u00e9conomique. La Facult\u00e9 des Sciences Exactes constitue l\u2019un des piliers de l\u2019universit\u00e9 dans les domaines des math\u00e9matiques, de la physique, de la chimie et de l\u2019informatique. Elle offre un environnement propice au savoir et \u00e0 la recherche, visant toujours \u00e0 proposer une formation acad\u00e9mique de haut niveau, vous pr\u00e9parant \u00e0 contribuer efficacement au service de la soci\u00e9t\u00e9 et \u00e0 suivre les \u00e9volutions scientifiques et technologiques. Notre facult\u00e9 place l\u2019\u00e9tudiant au c\u0153ur de ses pr\u00e9occupations et s\u2019efforce de cr\u00e9er un environnement universitaire stimulant pour l\u2019apprentissage, la recherche et l\u2019innovation, dans le respect de la discipline et des valeurs acad\u00e9miques. Nous veillons \u00e9galement \u00e0 soutenir la recherche scientifique et \u00e0 encourager les initiatives p\u00e9dagogiques susceptibles d\u2019\u00e9lever le niveau de performance acad\u00e9mique et de renforcer la r\u00e9putation de la facult\u00e9 tant au niveau national qu\u2019international. Nous r\u00e9affirmons notre engagement \u00e0 travailler de concert avec l\u2019ensemble de la communaut\u00e9 universitaire \u2013 enseignants, \u00e9tudiants et personnel administratif \u2013 afin d\u2019atteindre nos objectifs strat\u00e9giques dans un esprit de coop\u00e9ration et de responsabilit\u00e9. Chers \u00e9tudiants, l\u2019universit\u00e9 n\u2019est pas seulement un lieu d\u2019acquisition des connaissances, mais \u00e9galement une \u00e9cole de formation de la personnalit\u00e9 et de construction de l\u2019avenir. Nous comptons sur votre s\u00e9rieux, votre discipline et votre esprit d\u2019initiative, et nous vous invitons \u00e0 tirer pleinement parti de vos ann\u00e9es universitaires pour apprendre, rechercher et d\u00e9velopper vos comp\u00e9tences, au service de votre avenir et de votre communaut\u00e9. Enfin, nous souhaitons \u00e0 tous nos \u00e9tudiants un parcours universitaire r\u00e9ussi, riche en r\u00e9ussite et en excellence. Le Doyen de la Facult\u00e9 Professeur Attouch Mohamed Kadi Phone:+1 (859) 254-6589 Email:info@example.com CV<\/p>\n","protected":false},"author":2,"featured_media":0,"parent":0,"menu_order":0,"comment_status":"closed","ping_status":"closed","template":"","meta":{"_eb_attr":"","postBodyCss":"","postBodyMargin":[],"postBodyPadding":[],"postBodyBackground":{"backgroundType":"classic","gradient":""},"site-sidebar-layout":"no-sidebar","site-content-layout":"page-builder","ast-site-content-layout":"full-width-container","site-content-style":"unboxed","site-sidebar-style":"unboxed","ast-global-header-display":"","ast-banner-title-visibility":"","ast-main-header-display":"","ast-hfb-above-header-display":"","ast-hfb-below-header-display":"","ast-hfb-mobile-header-display":"","site-post-title":"disabled","ast-breadcrumbs-content":"disabled","ast-featured-img":"disabled","footer-sml-layout":"","ast-disable-related-posts":"","theme-transparent-header-meta":"enabled","adv-header-id-meta":"","stick-header-meta":"","header-above-stick-meta":"","header-main-stick-meta":"","header-below-stick-meta":"","astra-migrate-meta-layouts":"set","ast-page-background-enabled":"default","ast-page-background-meta":{"desktop":{"background-color":"var(--ast-global-color-4)","background-image":"","background-repeat":"repeat","background-position":"center center","background-size":"auto","background-attachment":"scroll","background-type":"","background-media":"","overlay-type":"","overlay-color":"","overlay-opacity":"","overlay-gradient":""},"tablet":{"background-color":"","background-image":"","background-repeat":"repeat","background-position":"center center","background-size":"auto","background-attachment":"scroll","background-type":"","background-media":"","overlay-type":"","overlay-color":"","overlay-opacity":"","overlay-gradient":""},"mobile":{"background-color":"","background-image":"","background-repeat":"repeat","background-position":"center center","background-size":"auto","background-attachment":"scroll","background-type":"","background-media":"","overlay-type":"","overlay-color":"","overlay-opacity":"","overlay-gradient":""}},"ast-content-background-meta":{"desktop":{"background-color":"var(--ast-global-color-5)","background-image":"","background-repeat":"repeat","background-position":"center center","background-size":"auto","background-attachment":"scroll","background-type":"","background-media":"","overlay-type":"","overlay-color":"","overlay-opacity":"","overlay-gradient":""},"tablet":{"background-color":"var(--ast-global-color-5)","background-image":"","background-repeat":"repeat","background-position":"center center","background-size":"auto","background-attachment":"scroll","background-type":"","background-media":"","overlay-type":"","overlay-color":"","overlay-opacity":"","overlay-gradient":""},"mobile":{"background-color":"var(--ast-global-color-5)","background-image":"","background-repeat":"repeat","background-position":"center center","background-size":"auto","background-attachment":"scroll","background-type":"","background-media":"","overlay-type":"","overlay-color":"","overlay-opacity":"","overlay-gradient":""}},"footnotes":""},"class_list":["post-2284","page","type-page","status-publish","hentry"],"rttpg_featured_image_url":null,"rttpg_author":{"display_name":"admfse","author_link":"https:\/\/www.univ-sba.dz\/se\/author\/admfse\/"},"rttpg_comment":0,"rttpg_category":" <a href=\"https:\/\/www.univ-sba.dz\/se\/fr\/\" rel=\"tag\">Fran\u00e7ais<\/a>","rttpg_excerpt":"Doyen de la Facult\u00e9 Professeur Attouch Mohamed Kadi Je souhaite tout d\u2019abord la bienvenue \u00e0 tous les visiteurs de ce site et commence mon propos en remerciant le Directeur de l\u2019Universit\u00e9, le Professeur Bouziani Marahi, pour la confiance qu\u2019il m\u2019a accord\u00e9e en me confiant la direction de la Facult\u00e9 des Sciences Exactes. Cette institution acad\u00e9mique\u2026","_links":{"self":[{"href":"https:\/\/www.univ-sba.dz\/se\/wp-json\/wp\/v2\/pages\/2284","targetHints":{"allow":["GET"]}}],"collection":[{"href":"https:\/\/www.univ-sba.dz\/se\/wp-json\/wp\/v2\/pages"}],"about":[{"href":"https:\/\/www.univ-sba.dz\/se\/wp-json\/wp\/v2\/types\/page"}],"author":[{"embeddable":true,"href":"https:\/\/www.univ-sba.dz\/se\/wp-json\/wp\/v2\/users\/2"}],"replies":[{"embeddable":true,"href":"https:\/\/www.univ-sba.dz\/se\/wp-json\/wp\/v2\/comments?post=2284"}],"version-history":[{"count":20,"href":"https:\/\/www.univ-sba.dz\/se\/wp-json\/wp\/v2\/pages\/2284\/revisions"}],"predecessor-version":[{"id":4767,"href":"https:\/\/www.univ-sba.dz\/se\/wp-json\/wp\/v2\/pages\/2284\/revisions\/4767"}],"wp:attachment":[{"href":"https:\/\/www.univ-sba.dz\/se\/wp-json\/wp\/v2\/media?parent=2284"}],"curies":[{"name":"wp","href":"https:\/\/api.w.org\/{rel}","templated":true}]}}