{"id":2706,"date":"2024-12-09T09:51:48","date_gmt":"2024-12-09T08:51:48","guid":{"rendered":"http:\/\/www.univ-sba.dz\/fge1\/?page_id=2706"},"modified":"2026-03-12T01:55:41","modified_gmt":"2026-03-12T00:55:41","slug":"a-propos-de-la-faculte","status":"publish","type":"page","link":"https:\/\/www.univ-sba.dz\/se\/fr\/a-propos-de-la-faculte\/","title":{"rendered":"A propos De la Facult\u00e9"},"content":{"rendered":"\t\t<div data-elementor-type=\"wp-page\" data-elementor-id=\"2706\" class=\"elementor elementor-2706\">\n\t\t\t\t<div class=\"elementor-element elementor-element-19b8c8c e-flex e-con-boxed wpr-particle-no wpr-jarallax-no wpr-parallax-no wpr-sticky-section-no wpr-equal-height-no e-con e-parent\" data-id=\"19b8c8c\" data-element_type=\"container\" data-e-type=\"container\" data-settings=\"{&quot;background_background&quot;:&quot;classic&quot;}\">\n\t\t\t\t\t<div class=\"e-con-inner\">\n\t\t<div class=\"elementor-element elementor-element-372848a e-flex e-con-boxed wpr-particle-no wpr-jarallax-no wpr-parallax-no wpr-sticky-section-no wpr-equal-height-no e-con e-child\" data-id=\"372848a\" data-element_type=\"container\" data-e-type=\"container\">\n\t\t\t\t\t<div class=\"e-con-inner\">\n\t\t\t\t<div class=\"elementor-element elementor-element-0ccf104 elementor-widget elementor-widget-heading\" data-id=\"0ccf104\" data-element_type=\"widget\" data-e-type=\"widget\" data-widget_type=\"heading.default\">\n\t\t\t\t<div class=\"elementor-widget-container\">\n\t\t\t\t\t<h1 class=\"elementor-heading-title elementor-size-default\">A propos de la facult\u00e9<\/h1>\t\t\t\t<\/div>\n\t\t\t\t<\/div>\n\t\t\t\t\t<\/div>\n\t\t\t\t<\/div>\n\t\t\t\t\t<\/div>\n\t\t\t\t<\/div>\n\t\t<div class=\"elementor-element elementor-element-3e4c532 e-grid e-con-boxed wpr-particle-no wpr-jarallax-no wpr-parallax-no wpr-sticky-section-no wpr-equal-height-no e-con e-parent\" data-id=\"3e4c532\" data-element_type=\"container\" data-e-type=\"container\">\n\t\t\t\t\t<div class=\"e-con-inner\">\n\t\t\t\t\t<\/div>\n\t\t\t\t<\/div>\n\t\t<div class=\"elementor-element elementor-element-3683fd5 e-flex e-con-boxed wpr-particle-no wpr-jarallax-no wpr-parallax-no wpr-sticky-section-no wpr-equal-height-no e-con e-parent\" data-id=\"3683fd5\" data-element_type=\"container\" data-e-type=\"container\">\n\t\t\t\t\t<div class=\"e-con-inner\">\n\t\t\t\t<div class=\"elementor-element elementor-element-6426057 ekit-equal-height-disable elementor-invisible elementor-widget elementor-widget-elementskit-image-box\" data-id=\"6426057\" data-element_type=\"widget\" data-e-type=\"widget\" data-settings=\"{&quot;_animation&quot;:&quot;fadeInRight&quot;}\" data-widget_type=\"elementskit-image-box.default\">\n\t\t\t\t<div class=\"elementor-widget-container\">\n\t\t\t\t\t<div class=\"ekit-wid-con\" >\n            <div class=\"elementskit-info-image-box ekit-image-box text-center hover_from_center hover-border-bottom\" >\n\n                \n                <div class=\"elementskit-box-header image-box-img-center\">\n\n                    <img fetchpriority=\"high\" decoding=\"async\" width=\"300\" height=\"225\" src=\"https:\/\/www.univ-sba.dz\/se\/wp-content\/uploads\/2025\/09\/FSE-300x225-1.jpg\" class=\"attachment-full size-full wp-image-3831\" alt=\"\" \/>\n                <\/div>\n                \n                <div class=\"elementskit-box-body ekit-image-box-body\">\n                    <div class=\"elementskit-box-content ekit-image-box-body-inner\">\n                                                <h1 class=\"elementskit-info-box-title\">\n\n                        Historique de la facult\u00e9\n                        \n                    <\/h1>\n                                                            <div class=\"elementskit-box-style-content\">\n                        La Facult\u00e9 des Sciences Exactes de l\u2019Universit\u00e9 Djilali Liab\u00e8s \u2013 Sidi Bel Abb\u00e8s constitue une composante essentielle du processus d\u2019\u00e9volution de l\u2019universit\u00e9 elle-m\u00eame.<br>\nL\u2019\u00e9tablissement a d\u00e9but\u00e9 comme centre universitaire en 1978 et a pos\u00e9 les premi\u00e8res bases de l\u2019enseignement sup\u00e9rieur dans la r\u00e9gion. Il a ensuite \u00e9t\u00e9 transform\u00e9 en Institut National d\u2019Enseignement Sup\u00e9rieur (INES) en 1984 avec la cr\u00e9ation d\u2019instituts sp\u00e9cialis\u00e9s tels que l\u2019Institut d\u2019informatique.<br>\nEn 1989, il a \u00e9t\u00e9 promu au rang d\u2019Universit\u00e9 Djilali Liab\u00e8s, o\u00f9 fut cr\u00e9\u00e9e la Facult\u00e9 des Sciences Exactes regroupant les d\u00e9partements de math\u00e9matiques, de physique, de chimie et d\u2019autres disciplines, et qui continue aujourd\u2019hui de contribuer \u00e0 la formation des comp\u00e9tences scientifiques ainsi qu\u2019au soutien de la recherche et du d\u00e9veloppement.                    <\/div>\n                                    <\/div>\n\n                            <\/div>\n            <\/div>\n    <\/div>\t\t\t\t<\/div>\n\t\t\t\t<\/div>\n\t\t\t\t\t<\/div>\n\t\t\t\t<\/div>\n\t\t<div class=\"elementor-element elementor-element-c9f2fdb e-flex e-con-boxed wpr-particle-no wpr-jarallax-no wpr-parallax-no wpr-sticky-section-no wpr-equal-height-no e-con e-parent\" data-id=\"c9f2fdb\" data-element_type=\"container\" data-e-type=\"container\">\n\t\t\t\t\t<div class=\"e-con-inner\">\n\t\t\t\t<div class=\"elementor-element elementor-element-278a756 elementor-widget elementor-widget-spacer\" data-id=\"278a756\" data-element_type=\"widget\" data-e-type=\"widget\" data-widget_type=\"spacer.default\">\n\t\t\t\t<div class=\"elementor-widget-container\">\n\t\t\t\t\t\t\t<div class=\"elementor-spacer\">\n\t\t\t<div class=\"elementor-spacer-inner\"><\/div>\n\t\t<\/div>\n\t\t\t\t\t\t<\/div>\n\t\t\t\t<\/div>\n\t\t\t\t\t<\/div>\n\t\t\t\t<\/div>\n\t\t<div class=\"elementor-element elementor-element-eb266d4 e-flex e-con-boxed wpr-particle-no wpr-jarallax-no wpr-parallax-no wpr-sticky-section-no wpr-equal-height-no elementor-invisible e-con e-parent\" data-id=\"eb266d4\" data-element_type=\"container\" data-e-type=\"container\" data-settings=\"{&quot;animation&quot;:&quot;fadeInLeft&quot;}\">\n\t\t\t\t\t<div class=\"e-con-inner\">\n\t\t\t\t<div class=\"elementor-element elementor-element-ee14833 ekit-equal-height-disable elementor-invisible elementor-widget elementor-widget-elementskit-image-box\" data-id=\"ee14833\" data-element_type=\"widget\" data-e-type=\"widget\" data-settings=\"{&quot;_animation&quot;:&quot;fadeInRight&quot;}\" data-widget_type=\"elementskit-image-box.default\">\n\t\t\t\t<div class=\"elementor-widget-container\">\n\t\t\t\t\t<div class=\"ekit-wid-con\" >\n            <div class=\"elementskit-info-image-box ekit-image-box text-center hover_from_center hover-border-bottom\" >\n\n                \n                <div class=\"elementskit-box-header image-box-img-center\">\n\n                    <img decoding=\"async\" width=\"300\" height=\"188\" src=\"https:\/\/www.univ-sba.dz\/se\/wp-content\/uploads\/2026\/01\/stat-fac-300x188.jpg\" class=\"attachment-medium size-medium wp-image-4251\" alt=\"\" srcset=\"https:\/\/www.univ-sba.dz\/se\/wp-content\/uploads\/2026\/01\/stat-fac-300x188.jpg 300w, https:\/\/www.univ-sba.dz\/se\/wp-content\/uploads\/2026\/01\/stat-fac-1024x642.jpg 1024w, https:\/\/www.univ-sba.dz\/se\/wp-content\/uploads\/2026\/01\/stat-fac-768x481.jpg 768w, https:\/\/www.univ-sba.dz\/se\/wp-content\/uploads\/2026\/01\/stat-fac-1536x962.jpg 1536w, https:\/\/www.univ-sba.dz\/se\/wp-content\/uploads\/2026\/01\/stat-fac.jpg 1920w\" sizes=\"(max-width: 300px) 100vw, 300px\" \/>\n                <\/div>\n                \n                <div class=\"elementskit-box-body ekit-image-box-body\">\n                    <div class=\"elementskit-box-content ekit-image-box-body-inner\">\n                                                <h2 class=\"elementskit-info-box-title\">\n\n                         La facult\u00e9 en chiffres\n                        \n                    <\/h2>\n                                                            <div class=\"elementskit-box-style-content\">\n                        La facult\u00e9 se compose de six d\u00e9partements acad\u00e9miques, soutenus par dix-sept laboratoires agr\u00e9\u00e9s par le Minist\u00e8re de l\u2019Enseignement Sup\u00e9rieur et de la Recherche Scientifique, ce qui renforce sa position dans le domaine de la formation et de la recherche scientifique.<br>\n\nElle est dirig\u00e9e par un personnel administratif et technique comprenant environ [nombre d\u2019employ\u00e9s] employ\u00e9s, qui veillent \u00e0 fournir les conditions optimales pour le bon fonctionnement de l\u2019\u00e9tablissement.<br>\n\nSur le plan p\u00e9dagogique, la facult\u00e9 s\u2019appuie sur un corps professoral d\u2019environ [nombre d\u2019enseignants] enseignants, qui participent \u00e0 l\u2019encadrement et \u00e0 la formation d\u2019environ [nombre d\u2019\u00e9tudiants] \u00e9tudiants, selon des normes acad\u00e9miques reconnues.\n                    <\/div>\n                                    <\/div>\n\n                            <\/div>\n            <\/div>\n    <\/div>\t\t\t\t<\/div>\n\t\t\t\t<\/div>\n\t\t\t\t\t<\/div>\n\t\t\t\t<\/div>\n\t\t<div class=\"elementor-element elementor-element-ebe87c7 e-flex e-con-boxed wpr-particle-no wpr-jarallax-no wpr-parallax-no wpr-sticky-section-no wpr-equal-height-no e-con e-parent\" data-id=\"ebe87c7\" data-element_type=\"container\" data-e-type=\"container\">\n\t\t\t\t\t<div class=\"e-con-inner\">\n\t\t\t\t<div class=\"elementor-element elementor-element-53889cf elementor-widget elementor-widget-spacer\" data-id=\"53889cf\" data-element_type=\"widget\" data-e-type=\"widget\" data-widget_type=\"spacer.default\">\n\t\t\t\t<div class=\"elementor-widget-container\">\n\t\t\t\t\t\t\t<div class=\"elementor-spacer\">\n\t\t\t<div class=\"elementor-spacer-inner\"><\/div>\n\t\t<\/div>\n\t\t\t\t\t\t<\/div>\n\t\t\t\t<\/div>\n\t\t\t\t\t<\/div>\n\t\t\t\t<\/div>\n\t\t<div class=\"elementor-element elementor-element-d8a30a2 e-flex e-con-boxed wpr-particle-no wpr-jarallax-no wpr-parallax-no wpr-sticky-section-no wpr-equal-height-no e-con e-parent\" data-id=\"d8a30a2\" data-element_type=\"container\" data-e-type=\"container\">\n\t\t\t\t\t<div class=\"e-con-inner\">\n\t\t\t\t<div class=\"elementor-element elementor-element-7f4d0c4 ekit-equal-height-disable elementor-invisible elementor-widget elementor-widget-elementskit-image-box\" data-id=\"7f4d0c4\" data-element_type=\"widget\" data-e-type=\"widget\" data-settings=\"{&quot;_animation&quot;:&quot;fadeInRight&quot;}\" data-widget_type=\"elementskit-image-box.default\">\n\t\t\t\t<div class=\"elementor-widget-container\">\n\t\t\t\t\t<div class=\"ekit-wid-con\" >\n            <div class=\"elementskit-info-image-box ekit-image-box text-center hover_from_center hover-border-bottom\" >\n\n                \n                <div class=\"elementskit-box-header image-box-img-center\">\n\n                    <img fetchpriority=\"high\" decoding=\"async\" width=\"300\" height=\"225\" src=\"https:\/\/www.univ-sba.dz\/se\/wp-content\/uploads\/2025\/09\/FSE-300x225-1.jpg\" class=\"attachment-full size-full wp-image-3831\" alt=\"\" \/>\n                <\/div>\n                \n                <div class=\"elementskit-box-body ekit-image-box-body\">\n                    <div class=\"elementskit-box-content ekit-image-box-body-inner\">\n                                                <h1 class=\"elementskit-info-box-title\">\n\n                        Le personnel administratif\n                        \n                    <\/h1>\n                                                            <div class=\"elementskit-box-style-content\">\n                        Le Professeur Mohamed Qadhi Attouch \u2013 Doyen de la facult\u00e9 <br>\n\nLe Professeur Fathi Khalfi \u2013 Vice-doyen charg\u00e9 des \u00e9tudes de cycle sup\u00e9rieur<br>\n\nLe Professeur Sa\u00efd Bouhend \u2013 Vice-doyen charg\u00e9 de la p\u00e9dagogie <br>\n\nM. Mokhtar Samaha \u2013 Secr\u00e9taire g\u00e9n\u00e9ral de la facult\u00e9                    <\/div>\n                                    <\/div>\n\n                            <\/div>\n            <\/div>\n    <\/div>\t\t\t\t<\/div>\n\t\t\t\t<\/div>\n\t\t\t\t\t<\/div>\n\t\t\t\t<\/div>\n\t\t\t\t<\/div>\n\t\t","protected":false},"excerpt":{"rendered":"<p>A propos de la facult\u00e9 Historique de la facult\u00e9 La Facult\u00e9 des Sciences Exactes de l\u2019Universit\u00e9 Djilali Liab\u00e8s \u2013 Sidi Bel Abb\u00e8s constitue une composante essentielle du processus d\u2019\u00e9volution de l\u2019universit\u00e9 elle-m\u00eame. L\u2019\u00e9tablissement a d\u00e9but\u00e9 comme centre universitaire en 1978 et a pos\u00e9 les premi\u00e8res bases de l\u2019enseignement sup\u00e9rieur dans la r\u00e9gion. Il a ensuite \u00e9t\u00e9 transform\u00e9 en Institut National d\u2019Enseignement Sup\u00e9rieur (INES) en 1984 avec la cr\u00e9ation d\u2019instituts sp\u00e9cialis\u00e9s tels que l\u2019Institut d\u2019informatique. En 1989, il a \u00e9t\u00e9 promu au rang d\u2019Universit\u00e9 Djilali Liab\u00e8s, o\u00f9 fut cr\u00e9\u00e9e la Facult\u00e9 des Sciences Exactes regroupant les d\u00e9partements de math\u00e9matiques, de physique, de chimie et d\u2019autres disciplines, et qui continue aujourd\u2019hui de contribuer \u00e0 la formation des comp\u00e9tences scientifiques ainsi qu\u2019au soutien de la recherche et du d\u00e9veloppement. La facult\u00e9 en chiffres La facult\u00e9 se compose de six d\u00e9partements acad\u00e9miques, soutenus par dix-sept laboratoires agr\u00e9\u00e9s par le Minist\u00e8re de l\u2019Enseignement Sup\u00e9rieur et de la Recherche Scientifique, ce qui renforce sa position dans le domaine de la formation et de la recherche scientifique. Elle est dirig\u00e9e par un personnel administratif et technique comprenant environ [nombre d\u2019employ\u00e9s] employ\u00e9s, qui veillent \u00e0 fournir les conditions optimales pour le bon fonctionnement de l\u2019\u00e9tablissement. Sur le plan p\u00e9dagogique, la facult\u00e9 s\u2019appuie sur un corps professoral d\u2019environ [nombre d\u2019enseignants] enseignants, qui participent \u00e0 l\u2019encadrement et \u00e0 la formation d\u2019environ [nombre d\u2019\u00e9tudiants] \u00e9tudiants, selon des normes acad\u00e9miques reconnues. Le personnel administratif Le Professeur Mohamed Qadhi Attouch \u2013 Doyen de la facult\u00e9 Le Professeur Fathi Khalfi \u2013 Vice-doyen charg\u00e9 des \u00e9tudes de cycle sup\u00e9rieur Le Professeur Sa\u00efd Bouhend \u2013 Vice-doyen charg\u00e9 de la p\u00e9dagogie M. Mokhtar Samaha \u2013 Secr\u00e9taire g\u00e9n\u00e9ral de la facult\u00e9<\/p>\n","protected":false},"author":2,"featured_media":0,"parent":0,"menu_order":0,"comment_status":"closed","ping_status":"closed","template":"","meta":{"_eb_attr":"","postBodyCss":"","postBodyMargin":[],"postBodyPadding":[],"postBodyBackground":{"backgroundType":"classic","gradient":""},"site-sidebar-layout":"no-sidebar","site-content-layout":"page-builder","ast-site-content-layout":"full-width-container","site-content-style":"unboxed","site-sidebar-style":"unboxed","ast-global-header-display":"","ast-banner-title-visibility":"","ast-main-header-display":"","ast-hfb-above-header-display":"","ast-hfb-below-header-display":"","ast-hfb-mobile-header-display":"","site-post-title":"disabled","ast-breadcrumbs-content":"disabled","ast-featured-img":"disabled","footer-sml-layout":"","ast-disable-related-posts":"","theme-transparent-header-meta":"enabled","adv-header-id-meta":"","stick-header-meta":"","header-above-stick-meta":"","header-main-stick-meta":"","header-below-stick-meta":"","astra-migrate-meta-layouts":"set","ast-page-background-enabled":"default","ast-page-background-meta":{"desktop":{"background-color":"var(--ast-global-color-4)","background-image":"","background-repeat":"repeat","background-position":"center center","background-size":"auto","background-attachment":"scroll","background-type":"","background-media":"","overlay-type":"","overlay-color":"","overlay-opacity":"","overlay-gradient":""},"tablet":{"background-color":"","background-image":"","background-repeat":"repeat","background-position":"center center","background-size":"auto","background-attachment":"scroll","background-type":"","background-media":"","overlay-type":"","overlay-color":"","overlay-opacity":"","overlay-gradient":""},"mobile":{"background-color":"","background-image":"","background-repeat":"repeat","background-position":"center center","background-size":"auto","background-attachment":"scroll","background-type":"","background-media":"","overlay-type":"","overlay-color":"","overlay-opacity":"","overlay-gradient":""}},"ast-content-background-meta":{"desktop":{"background-color":"var(--ast-global-color-5)","background-image":"","background-repeat":"repeat","background-position":"center center","background-size":"auto","background-attachment":"scroll","background-type":"","background-media":"","overlay-type":"","overlay-color":"","overlay-opacity":"","overlay-gradient":""},"tablet":{"background-color":"var(--ast-global-color-5)","background-image":"","background-repeat":"repeat","background-position":"center center","background-size":"auto","background-attachment":"scroll","background-type":"","background-media":"","overlay-type":"","overlay-color":"","overlay-opacity":"","overlay-gradient":""},"mobile":{"background-color":"var(--ast-global-color-5)","background-image":"","background-repeat":"repeat","background-position":"center center","background-size":"auto","background-attachment":"scroll","background-type":"","background-media":"","overlay-type":"","overlay-color":"","overlay-opacity":"","overlay-gradient":""}},"footnotes":""},"class_list":["post-2706","page","type-page","status-publish","hentry"],"rttpg_featured_image_url":null,"rttpg_author":{"display_name":"admfse","author_link":"https:\/\/www.univ-sba.dz\/se\/author\/admfse\/"},"rttpg_comment":0,"rttpg_category":" <a href=\"https:\/\/www.univ-sba.dz\/se\/fr\/\" rel=\"tag\">Fran\u00e7ais<\/a>","rttpg_excerpt":"A propos de la facult\u00e9 Historique de la facult\u00e9 La Facult\u00e9 des Sciences Exactes de l\u2019Universit\u00e9 Djilali Liab\u00e8s \u2013 Sidi Bel Abb\u00e8s constitue une composante essentielle du processus d\u2019\u00e9volution de l\u2019universit\u00e9 elle-m\u00eame. L\u2019\u00e9tablissement a d\u00e9but\u00e9 comme centre universitaire en 1978 et a pos\u00e9 les premi\u00e8res bases de l\u2019enseignement sup\u00e9rieur dans la r\u00e9gion. Il a ensuite\u2026","_links":{"self":[{"href":"https:\/\/www.univ-sba.dz\/se\/wp-json\/wp\/v2\/pages\/2706","targetHints":{"allow":["GET"]}}],"collection":[{"href":"https:\/\/www.univ-sba.dz\/se\/wp-json\/wp\/v2\/pages"}],"about":[{"href":"https:\/\/www.univ-sba.dz\/se\/wp-json\/wp\/v2\/types\/page"}],"author":[{"embeddable":true,"href":"https:\/\/www.univ-sba.dz\/se\/wp-json\/wp\/v2\/users\/2"}],"replies":[{"embeddable":true,"href":"https:\/\/www.univ-sba.dz\/se\/wp-json\/wp\/v2\/comments?post=2706"}],"version-history":[{"count":10,"href":"https:\/\/www.univ-sba.dz\/se\/wp-json\/wp\/v2\/pages\/2706\/revisions"}],"predecessor-version":[{"id":5415,"href":"https:\/\/www.univ-sba.dz\/se\/wp-json\/wp\/v2\/pages\/2706\/revisions\/5415"}],"wp:attachment":[{"href":"https:\/\/www.univ-sba.dz\/se\/wp-json\/wp\/v2\/media?parent=2706"}],"curies":[{"name":"wp","href":"https:\/\/api.w.org\/{rel}","templated":true}]}}