{"id":2743,"date":"2024-12-09T10:20:54","date_gmt":"2024-12-09T09:20:54","guid":{"rendered":"https:\/\/www.univ-sba.dz\/secg\/?page_id=2743"},"modified":"2024-12-10T10:23:35","modified_gmt":"2024-12-10T09:23:35","slug":"articles-recents","status":"publish","type":"page","link":"https:\/\/www.univ-sba.dz\/secg\/fr\/articles-recents\/","title":{"rendered":"Articles r\u00e9cents"},"content":{"rendered":"\t\t<div data-elementor-type=\"wp-page\" data-elementor-id=\"2743\" class=\"elementor elementor-2743\">\n\t\t\t\t<div class=\"elementor-element elementor-element-122e55f e-flex e-con-boxed e-con e-parent\" data-id=\"122e55f\" data-element_type=\"container\" data-settings=\"{&quot;background_background&quot;:&quot;classic&quot;}\">\n\t\t\t\t\t<div class=\"e-con-inner\">\n\t\t<div class=\"elementor-element elementor-element-d4f38d4 e-con-full e-flex e-con e-child\" data-id=\"d4f38d4\" data-element_type=\"container\">\n\t\t\t\t<div class=\"elementor-element elementor-element-63d7f54 elementor-widget elementor-widget-heading\" data-id=\"63d7f54\" data-element_type=\"widget\" data-widget_type=\"heading.default\">\n\t\t\t\t<div class=\"elementor-widget-container\">\n\t\t\t\t\t<h1 class=\"elementor-heading-title elementor-size-default\">Articles R\u00e9cents<\/h1>\t\t\t\t<\/div>\n\t\t\t\t<\/div>\n\t\t\t\t<\/div>\n\t\t\t\t\t<\/div>\n\t\t\t\t<\/div>\n\t\t<div class=\"elementor-element elementor-element-3c2dd82 e-flex e-con-boxed e-con e-parent\" data-id=\"3c2dd82\" data-element_type=\"container\">\n\t\t\t\t\t<div class=\"e-con-inner\">\n\t\t\t\t<div class=\"elementor-element elementor-element-b9bda51 title-two-line title_hover_border_enable meta-visibility-show title_position_default img_hover_animation_default meta_position_default grid-hover-overlay-type-always tpg-el-box-border-enable tpg-border-bottom-disable elementor-invisible elementor-widget elementor-widget-tpg-grid-layout\" data-id=\"b9bda51\" data-element_type=\"widget\" data-settings=\"{&quot;_animation&quot;:&quot;fadeIn&quot;}\" data-widget_type=\"tpg-grid-layout.default\">\n\t\t\t\t<div class=\"elementor-widget-container\">\n\t\t\t\t\t\t\t<div class=\"rt-container-fluid rt-tpg-container tpg-el-main-wrapper clearfix grid-layout4-main \"\n\t\t\t id=\"rt-tpg-container-432865677\"\n\t\t\t data-layout=\"grid-layout4\"\n\t\t\t data-grid-style=\"tpg-full-height\"\n\t\t\t data-sc-id=\"elementor\"\n\t\t\t data-el-settings=''\n\t\t\t data-el-query=''\n\t\t\t data-el-path=''\n\t\t>\n\t\t\t\t\t\t<div class='tpg-header-wrapper '>\n\t\t\t\t\t\t\t<\/div>\n\n\t\t\t<div data-title=\"Loading ...\" class=\"rt-row rt-content-loader grid-layout4 grid-behaviour tpg-full-height grid_layout_wrapper\">\n\t\t\t\t\n<div class=\"rt-col-md-3 rt-col-sm-6 rt-col-xs-12 default rt-grid-item\" data-id=\"3764\">\n\t<div class=\"rt-holder tpg-post-holder \">\n\t\t<div class=\"rt-detail rt-el-content-wrapper\">\n\t\t\t\t\t\t\t<div class=\"rt-img-holder tpg-el-image-wrap has-thumbnail\">\n\t\t\t\t\t<a data-id=\"3764\" href=\"https:\/\/www.univ-sba.dz\/secg\/fr\/demande-de-conge-academique-pour-lannee-2025-2026\/\" class=\"tpg-post-link\" target=\"_self\">                        <img fetchpriority=\"high\" decoding=\"async\" src=\"https:\/\/www.univ-sba.dz\/secg\/wp-content\/uploads\/2025\/10\/Copie-de-\u0625\u0639\u0644\u0627\u0646-\u0644\u0641\u0627\u0626\u062f\u0629-\u0627\u0644\u0637\u0644\u0628\u0629-\u0627\u0644\u062c\u062f\u062f-\u0628\u0643\u0627\u0644\u0648\u064a\u06272022-\u0628\u062e\u0635\u0648\u0635-\u0627\u0644\u062a\u0633\u062c\u064a\u0644\u0627\u062a-\u0627\u0644\u0646\u0647\u0627\u0626\u064a\u0629-2022-2023-1-768x545.png\"\n                             class=\"rt-img-responsive\"\n                             width=\"768\"\n                             height=\"545\"\n                             alt=\"demande de cong\u00e9 acad\u00e9mique pour l&#8217;ann\u00e9e 2025-2026\">\n\t\t\t\t\t\t\n\t\t\t\t\t\t\t\n\t\t<\/a>\n\t\t        <div class=\"overlay grid-hover-content\"><\/div>\n\t\t\t\t\t\t<\/div>\n\t\t\t\n\t\t\t<div class=\"entry-title-wrapper\"><h3 class=\"entry-title\"><a data-id=\"3764\" href=\"https:\/\/www.univ-sba.dz\/secg\/fr\/demande-de-conge-academique-pour-lannee-2025-2026\/\" class=\"tpg-post-link\" target=\"_self\">demande de cong\u00e9 acad\u00e9mique pour l&#8217;ann\u00e9e 2025-2026<\/a><\/h3><\/div>\n\t\t\t\t\t\t\t<div class=\"post-meta-tags rt-el-post-meta\">\n\t\t\t\t\t            <span class='date'>\n\t\t\t\t<i class='far fa-calendar-alt '><\/i>\t\t\t\t                    <a href=\"https:\/\/www.univ-sba.dz\/secg\/2025\/10\/27\/\">\n\t\t\t\t\t27 octobre 2025\t\t\t\t<\/a>\n\t\t\t\t\t\t\t<\/span>\n\t\t\t\t\t\t\t<\/div>\n\t\t\t\n\t\t\t\n\t\t\t\t\t<\/div>\n\t<\/div>\n<\/div>\n\n<div class=\"rt-col-md-3 rt-col-sm-6 rt-col-xs-12 default rt-grid-item\" data-id=\"3759\">\n\t<div class=\"rt-holder tpg-post-holder \">\n\t\t<div class=\"rt-detail rt-el-content-wrapper\">\n\t\t\t\t\t\t\t<div class=\"rt-img-holder tpg-el-image-wrap has-thumbnail\">\n\t\t\t\t\t<a data-id=\"3759\" href=\"https:\/\/www.univ-sba.dz\/secg\/%d8%b7%d9%84%d8%a8-%d8%b9%d8%b7%d9%84%d8%a9-%d8%a3%d9%83%d8%a7%d8%af%d9%8a%d9%85%d9%8a%d8%a9-%d9%84%d9%84%d8%b3%d9%86%d8%a9-%d8%a7%d9%84%d8%af%d8%b1%d8%a7%d8%b3%d9%8a%d8%a9-2025-2026\/\" class=\"tpg-post-link\" target=\"_self\">                        <img decoding=\"async\" src=\"https:\/\/www.univ-sba.dz\/secg\/wp-content\/uploads\/2025\/10\/Copie-de-\u0625\u0639\u0644\u0627\u0646-\u0644\u0641\u0627\u0626\u062f\u0629-\u0627\u0644\u0637\u0644\u0628\u0629-\u0627\u0644\u062c\u062f\u062f-\u0628\u0643\u0627\u0644\u0648\u064a\u06272022-\u0628\u062e\u0635\u0648\u0635-\u0627\u0644\u062a\u0633\u062c\u064a\u0644\u0627\u062a-\u0627\u0644\u0646\u0647\u0627\u0626\u064a\u0629-2022-2023-768x545.png\"\n                             class=\"rt-img-responsive\"\n                             width=\"768\"\n                             height=\"545\"\n                             alt=\"\u0637\u0644\u0628 \u0639\u0637\u0644\u0629 \u0623\u0643\u0627\u062f\u064a\u0645\u064a\u0629 \u0644\u0644\u0633\u0646\u0629 \u0627\u0644\u062f\u0631\u0627\u0633\u064a\u0629 2025-2026\">\n\t\t\t\t\t\t\n\t\t\t\t\t\t\t\n\t\t<\/a>\n\t\t        <div class=\"overlay grid-hover-content\"><\/div>\n\t\t\t\t\t\t<\/div>\n\t\t\t\n\t\t\t<div class=\"entry-title-wrapper\"><h3 class=\"entry-title\"><a data-id=\"3759\" href=\"https:\/\/www.univ-sba.dz\/secg\/%d8%b7%d9%84%d8%a8-%d8%b9%d8%b7%d9%84%d8%a9-%d8%a3%d9%83%d8%a7%d8%af%d9%8a%d9%85%d9%8a%d8%a9-%d9%84%d9%84%d8%b3%d9%86%d8%a9-%d8%a7%d9%84%d8%af%d8%b1%d8%a7%d8%b3%d9%8a%d8%a9-2025-2026\/\" class=\"tpg-post-link\" target=\"_self\">\u0637\u0644\u0628 \u0639\u0637\u0644\u0629 \u0623\u0643\u0627\u062f\u064a\u0645\u064a\u0629 \u0644\u0644\u0633\u0646\u0629 \u0627\u0644\u062f\u0631\u0627\u0633\u064a\u0629 2025-2026<\/a><\/h3><\/div>\n\t\t\t\t\t\t\t<div class=\"post-meta-tags rt-el-post-meta\">\n\t\t\t\t\t            <span class='date'>\n\t\t\t\t<i class='far fa-calendar-alt '><\/i>\t\t\t\t                    <a href=\"https:\/\/www.univ-sba.dz\/secg\/2025\/10\/27\/\">\n\t\t\t\t\t27 octobre 2025\t\t\t\t<\/a>\n\t\t\t\t\t\t\t<\/span>\n\t\t\t\t\t\t\t<\/div>\n\t\t\t\n\t\t\t\n\t\t\t\t\t<\/div>\n\t<\/div>\n<\/div>\n\n<div class=\"rt-col-md-3 rt-col-sm-6 rt-col-xs-12 default rt-grid-item\" data-id=\"3695\">\n\t<div class=\"rt-holder tpg-post-holder \">\n\t\t<div class=\"rt-detail rt-el-content-wrapper\">\n\t\t\t\t\t\t\t<div class=\"rt-img-holder tpg-el-image-wrap has-thumbnail\">\n\t\t\t\t\t<a data-id=\"3695\" href=\"https:\/\/www.univ-sba.dz\/secg\/en\/banking-governance-as-a-strategy-to-strengthen-the-stability-of-the-financial-and-banking-sector-in-algeria-realities-and-challenges\/\" class=\"tpg-post-link\" target=\"_self\">                        <img decoding=\"async\" src=\"https:\/\/www.univ-sba.dz\/secg\/wp-content\/uploads\/2025\/09\/\u0645\u0644\u062a\u0642\u0649-\u0648\u0637\u0646\u064a-1.jpeg\"\n                             class=\"rt-img-responsive\"\n                             width=\"300\"\n                             height=\"168\"\n                             alt=\"Banking Governance as a Strategy to Strengthen the Stability of the Financial and Banking Sector in Algeria \u2013 Realities and Challenges\">\n\t\t\t\t\t\t\n\t\t\t\t\t\t\t\n\t\t<\/a>\n\t\t        <div class=\"overlay grid-hover-content\"><\/div>\n\t\t\t\t\t\t<\/div>\n\t\t\t\n\t\t\t<div class=\"entry-title-wrapper\"><h3 class=\"entry-title\"><a data-id=\"3695\" href=\"https:\/\/www.univ-sba.dz\/secg\/en\/banking-governance-as-a-strategy-to-strengthen-the-stability-of-the-financial-and-banking-sector-in-algeria-realities-and-challenges\/\" class=\"tpg-post-link\" target=\"_self\">Banking Governance as a Strategy to Strengthen the Stability<\/a><\/h3><\/div>\n\t\t\t\t\t\t\t<div class=\"post-meta-tags rt-el-post-meta\">\n\t\t\t\t\t            <span class='date'>\n\t\t\t\t<i class='far fa-calendar-alt '><\/i>\t\t\t\t                    <a href=\"https:\/\/www.univ-sba.dz\/secg\/2025\/10\/12\/\">\n\t\t\t\t\t12 octobre 2025\t\t\t\t<\/a>\n\t\t\t\t\t\t\t<\/span>\n\t\t\t\t\t\t\t<\/div>\n\t\t\t\n\t\t\t\n\t\t\t\t\t<\/div>\n\t<\/div>\n<\/div>\n\n<div class=\"rt-col-md-3 rt-col-sm-6 rt-col-xs-12 default rt-grid-item\" data-id=\"3691\">\n\t<div class=\"rt-holder tpg-post-holder \">\n\t\t<div class=\"rt-detail rt-el-content-wrapper\">\n\t\t\t\t\t\t\t<div class=\"rt-img-holder tpg-el-image-wrap has-thumbnail\">\n\t\t\t\t\t<a data-id=\"3691\" href=\"https:\/\/www.univ-sba.dz\/secg\/fr\/la-gouvernance-bancaire-comme-strategie-pour-renforcer-la-stabilite-du-secteur-financier-et-bancaire-en-algerie-realites-et-defis\/\" class=\"tpg-post-link\" target=\"_self\">                        <img loading=\"lazy\" decoding=\"async\" src=\"https:\/\/www.univ-sba.dz\/secg\/wp-content\/uploads\/2025\/09\/\u0645\u0644\u062a\u0642\u0649-\u0648\u0637\u0646\u064a-1.jpeg\"\n                             class=\"rt-img-responsive\"\n                             width=\"300\"\n                             height=\"168\"\n                             alt=\"La gouvernance bancaire comme strat\u00e9gie pour renforcer la stabilit\u00e9 du secteur financier et bancaire en Alg\u00e9rie \u2013 R\u00e9alit\u00e9s et d\u00e9fis\">\n\t\t\t\t\t\t\n\t\t\t\t\t\t\t\n\t\t<\/a>\n\t\t        <div class=\"overlay grid-hover-content\"><\/div>\n\t\t\t\t\t\t<\/div>\n\t\t\t\n\t\t\t<div class=\"entry-title-wrapper\"><h3 class=\"entry-title\"><a data-id=\"3691\" href=\"https:\/\/www.univ-sba.dz\/secg\/fr\/la-gouvernance-bancaire-comme-strategie-pour-renforcer-la-stabilite-du-secteur-financier-et-bancaire-en-algerie-realites-et-defis\/\" class=\"tpg-post-link\" target=\"_self\">La gouvernance bancaire comme strat\u00e9gie pour renforcer la stabilit\u00e9<\/a><\/h3><\/div>\n\t\t\t\t\t\t\t<div class=\"post-meta-tags rt-el-post-meta\">\n\t\t\t\t\t            <span class='date'>\n\t\t\t\t<i class='far fa-calendar-alt '><\/i>\t\t\t\t                    <a href=\"https:\/\/www.univ-sba.dz\/secg\/2025\/10\/12\/\">\n\t\t\t\t\t12 octobre 2025\t\t\t\t<\/a>\n\t\t\t\t\t\t\t<\/span>\n\t\t\t\t\t\t\t<\/div>\n\t\t\t\n\t\t\t\n\t\t\t\t\t<\/div>\n\t<\/div>\n<\/div>\n\n<div class=\"rt-col-md-3 rt-col-sm-6 rt-col-xs-12 default rt-grid-item\" data-id=\"3683\">\n\t<div class=\"rt-holder tpg-post-holder \">\n\t\t<div class=\"rt-detail rt-el-content-wrapper\">\n\t\t\t\t\t\t\t<div class=\"rt-img-holder tpg-el-image-wrap has-thumbnail\">\n\t\t\t\t\t<a data-id=\"3683\" href=\"https:\/\/www.univ-sba.dz\/secg\/colloque08_12_2025\/\" class=\"tpg-post-link\" target=\"_self\">                        <img loading=\"lazy\" decoding=\"async\" src=\"https:\/\/www.univ-sba.dz\/secg\/wp-content\/uploads\/2025\/09\/\u0645\u0644\u062a\u0642\u0649-\u0648\u0637\u0646\u064a-1.jpeg\"\n                             class=\"rt-img-responsive\"\n                             width=\"300\"\n                             height=\"168\"\n                             alt=\"\u0627\u0644\u062d\u0648\u0643\u0645\u0629 \u0627\u0644\u0645\u0635\u0631\u0641\u064a\u0629 \u0643\u0625\u0633\u062a\u0631\u0627\u062a\u064a\u062c\u064a\u0629 \u0644\u062a\u0639\u0632\u064a\u0632 \u0627\u0633\u062a\u0642\u0631\u0627\u0631 \u0627\u0644\u0642\u0637\u0627\u0639 \u0627\u0644\u0645\u0627\u0644\u064a \u0648\u0627\u0644\u0645\u0635\u0631\u0641\u064a \u0641\u064a \u0627\u0644\u062c\u0632\u0627\u0626\u0631- \u0627\u0644\u0648\u0627\u0642\u0639 \u0648\u0627\u0644\u062a\u062d\u062f\u064a\u0627\u062a\">\n\t\t\t\t\t\t\n\t\t\t\t\t\t\t\n\t\t<\/a>\n\t\t        <div class=\"overlay grid-hover-content\"><\/div>\n\t\t\t\t\t\t<\/div>\n\t\t\t\n\t\t\t<div class=\"entry-title-wrapper\"><h3 class=\"entry-title\"><a data-id=\"3683\" href=\"https:\/\/www.univ-sba.dz\/secg\/colloque08_12_2025\/\" class=\"tpg-post-link\" target=\"_self\">\u0627\u0644\u062d\u0648\u0643\u0645\u0629 \u0627\u0644\u0645\u0635\u0631\u0641\u064a\u0629 \u0643\u0625\u0633\u062a\u0631\u0627\u062a\u064a\u062c\u064a\u0629 \u0644\u062a\u0639\u0632\u064a\u0632 \u0627\u0633\u062a\u0642\u0631\u0627\u0631 \u0627\u0644\u0642\u0637\u0627\u0639 \u0627\u0644\u0645\u0627\u0644\u064a \u0648\u0627\u0644\u0645\u0635\u0631\u0641\u064a \u0641\u064a<\/a><\/h3><\/div>\n\t\t\t\t\t\t\t<div class=\"post-meta-tags rt-el-post-meta\">\n\t\t\t\t\t            <span class='date'>\n\t\t\t\t<i class='far fa-calendar-alt '><\/i>\t\t\t\t                    <a href=\"https:\/\/www.univ-sba.dz\/secg\/2025\/10\/12\/\">\n\t\t\t\t\t12 octobre 2025\t\t\t\t<\/a>\n\t\t\t\t\t\t\t<\/span>\n\t\t\t\t\t\t\t<\/div>\n\t\t\t\n\t\t\t\n\t\t\t\t\t<\/div>\n\t<\/div>\n<\/div>\n\n<div class=\"rt-col-md-3 rt-col-sm-6 rt-col-xs-12 default rt-grid-item\" data-id=\"3544\">\n\t<div class=\"rt-holder tpg-post-holder \">\n\t\t<div class=\"rt-detail rt-el-content-wrapper\">\n\t\t\t\t\t\t\t<div class=\"rt-img-holder tpg-el-image-wrap has-thumbnail\">\n\t\t\t\t\t<a data-id=\"3544\" href=\"https:\/\/www.univ-sba.dz\/secg\/en\/national-seminar\/\" class=\"tpg-post-link\" target=\"_self\">                        <img loading=\"lazy\" decoding=\"async\" src=\"https:\/\/www.univ-sba.dz\/secg\/wp-content\/uploads\/2025\/09\/\u0645\u0644\u062a\u0642\u0649-\u0648\u0637\u0646\u064a-1.jpeg\"\n                             class=\"rt-img-responsive\"\n                             width=\"300\"\n                             height=\"168\"\n                             alt=\"national seminar\">\n\t\t\t\t\t\t\n\t\t\t\t\t\t\t\n\t\t<\/a>\n\t\t        <div class=\"overlay grid-hover-content\"><\/div>\n\t\t\t\t\t\t<\/div>\n\t\t\t\n\t\t\t<div class=\"entry-title-wrapper\"><h3 class=\"entry-title\"><a data-id=\"3544\" href=\"https:\/\/www.univ-sba.dz\/secg\/en\/national-seminar\/\" class=\"tpg-post-link\" target=\"_self\">national seminar<\/a><\/h3><\/div>\n\t\t\t\t\t\t\t<div class=\"post-meta-tags rt-el-post-meta\">\n\t\t\t\t\t            <span class='date'>\n\t\t\t\t<i class='far fa-calendar-alt '><\/i>\t\t\t\t                    <a href=\"https:\/\/www.univ-sba.dz\/secg\/2025\/09\/22\/\">\n\t\t\t\t\t22 septembre 2025\t\t\t\t<\/a>\n\t\t\t\t\t\t\t<\/span>\n\t\t\t\t\t\t\t<\/div>\n\t\t\t\n\t\t\t\n\t\t\t\t\t<\/div>\n\t<\/div>\n<\/div>\n\n<div class=\"rt-col-md-3 rt-col-sm-6 rt-col-xs-12 default rt-grid-item\" data-id=\"3520\">\n\t<div class=\"rt-holder tpg-post-holder \">\n\t\t<div class=\"rt-detail rt-el-content-wrapper\">\n\t\t\t\t\t\t\t<div class=\"rt-img-holder tpg-el-image-wrap has-thumbnail\">\n\t\t\t\t\t<a data-id=\"3520\" href=\"https:\/\/www.univ-sba.dz\/secg\/en\/schedule\/\" class=\"tpg-post-link\" target=\"_self\">                        <img loading=\"lazy\" decoding=\"async\" src=\"https:\/\/www.univ-sba.dz\/secg\/wp-content\/uploads\/2025\/09\/image_emploidutemps-2-768x341.jpeg\"\n                             class=\"rt-img-responsive\"\n                             width=\"768\"\n                             height=\"341\"\n                             alt=\"Schedule\">\n\t\t\t\t\t\t\n\t\t\t\t\t\t\t\n\t\t<\/a>\n\t\t        <div class=\"overlay grid-hover-content\"><\/div>\n\t\t\t\t\t\t<\/div>\n\t\t\t\n\t\t\t<div class=\"entry-title-wrapper\"><h3 class=\"entry-title\"><a data-id=\"3520\" href=\"https:\/\/www.univ-sba.dz\/secg\/en\/schedule\/\" class=\"tpg-post-link\" target=\"_self\">Schedule<\/a><\/h3><\/div>\n\t\t\t\t\t\t\t<div class=\"post-meta-tags rt-el-post-meta\">\n\t\t\t\t\t            <span class='date'>\n\t\t\t\t<i class='far fa-calendar-alt '><\/i>\t\t\t\t                    <a href=\"https:\/\/www.univ-sba.dz\/secg\/2025\/09\/22\/\">\n\t\t\t\t\t22 septembre 2025\t\t\t\t<\/a>\n\t\t\t\t\t\t\t<\/span>\n\t\t\t\t\t\t\t<\/div>\n\t\t\t\n\t\t\t\n\t\t\t\t\t<\/div>\n\t<\/div>\n<\/div>\n\n<div class=\"rt-col-md-3 rt-col-sm-6 rt-col-xs-12 default rt-grid-item\" data-id=\"3510\">\n\t<div class=\"rt-holder tpg-post-holder \">\n\t\t<div class=\"rt-detail rt-el-content-wrapper\">\n\t\t\t\t\t\t\t<div class=\"rt-img-holder tpg-el-image-wrap has-thumbnail\">\n\t\t\t\t\t<a data-id=\"3510\" href=\"https:\/\/www.univ-sba.dz\/secg\/en\/masters-result-after-appeal-20\/\" class=\"tpg-post-link\" target=\"_self\">                        <img loading=\"lazy\" decoding=\"async\" src=\"https:\/\/www.univ-sba.dz\/secg\/wp-content\/uploads\/2025\/09\/81e88cc0ea51deee3c244a6338205ec0_XL-768x473.jpg\"\n                             class=\"rt-img-responsive\"\n                             width=\"768\"\n                             height=\"473\"\n                             alt=\"Master&#8217;s result after appeal 20%\">\n\t\t\t\t\t\t\n\t\t\t\t\t\t\t\n\t\t<\/a>\n\t\t        <div class=\"overlay grid-hover-content\"><\/div>\n\t\t\t\t\t\t<\/div>\n\t\t\t\n\t\t\t<div class=\"entry-title-wrapper\"><h3 class=\"entry-title\"><a data-id=\"3510\" href=\"https:\/\/www.univ-sba.dz\/secg\/en\/masters-result-after-appeal-20\/\" class=\"tpg-post-link\" target=\"_self\">Master&#8217;s result after appeal 20%<\/a><\/h3><\/div>\n\t\t\t\t\t\t\t<div class=\"post-meta-tags rt-el-post-meta\">\n\t\t\t\t\t            <span class='date'>\n\t\t\t\t<i class='far fa-calendar-alt '><\/i>\t\t\t\t                    <a href=\"https:\/\/www.univ-sba.dz\/secg\/2025\/09\/22\/\">\n\t\t\t\t\t22 septembre 2025\t\t\t\t<\/a>\n\t\t\t\t\t\t\t<\/span>\n\t\t\t\t\t\t\t<\/div>\n\t\t\t\n\t\t\t\n\t\t\t\t\t<\/div>\n\t<\/div>\n<\/div>\n\n<div class=\"rt-col-md-3 rt-col-sm-6 rt-col-xs-12 default rt-grid-item\" data-id=\"3554\">\n\t<div class=\"rt-holder tpg-post-holder \">\n\t\t<div class=\"rt-detail rt-el-content-wrapper\">\n\t\t\t\t\t\t\t<div class=\"rt-img-holder tpg-el-image-wrap has-no-thumbnail\">\n\t\t\t\t\t<a data-id=\"3554\" href=\"https:\/\/www.univ-sba.dz\/secg\/en\/metting-pv\/\" class=\"tpg-post-link\" target=\"_self\">\t\t\n\t\t<\/a>\n\t\t        <div class=\"overlay grid-hover-content\"><\/div>\n\t\t\t\t\t\t<\/div>\n\t\t\t\n\t\t\t<div class=\"entry-title-wrapper\"><h3 class=\"entry-title\"><a data-id=\"3554\" href=\"https:\/\/www.univ-sba.dz\/secg\/en\/metting-pv\/\" class=\"tpg-post-link\" target=\"_self\">metting pv<\/a><\/h3><\/div>\n\t\t\t\t\t\t\t<div class=\"post-meta-tags rt-el-post-meta\">\n\t\t\t\t\t            <span class='date'>\n\t\t\t\t<i class='far fa-calendar-alt '><\/i>\t\t\t\t                    <a href=\"https:\/\/www.univ-sba.dz\/secg\/2025\/09\/18\/\">\n\t\t\t\t\t18 septembre 2025\t\t\t\t<\/a>\n\t\t\t\t\t\t\t<\/span>\n\t\t\t\t\t\t\t<\/div>\n\t\t\t\n\t\t\t\n\t\t\t\t\t<\/div>\n\t<\/div>\n<\/div>\n\t\t\t<\/div>\n\t\t\t<div class='rt-pagination-wrap' data-total-pages='5' data-posts-per-page='9' data-type='pagination'><div class=\"rt-pagination\"><ul class=\"pagination-list\"><li class=\"active\"><span>1<\/span><\/li><li><a data-paged='2' href='https:\/\/www.univ-sba.dz\/secg\/wp-json\/wp\/v2\/pages\/2743\/page\/2\/'>2<\/a><\/li><li><a data-paged='3' href='https:\/\/www.univ-sba.dz\/secg\/wp-json\/wp\/v2\/pages\/2743\/page\/3\/'>3<\/a><\/li><li><a data-paged='4' href='https:\/\/www.univ-sba.dz\/secg\/wp-json\/wp\/v2\/pages\/2743\/page\/4\/'>4<\/a><\/li><li><a data-paged='5' href='https:\/\/www.univ-sba.dz\/secg\/wp-json\/wp\/v2\/pages\/2743\/page\/5\/'>5<\/a><\/li><\/ul><\/div><\/div>\n\t\t<\/div>\n\t\t\t\t\t\t<\/div>\n\t\t\t\t<\/div>\n\t\t\t\t\t<\/div>\n\t\t\t\t<\/div>\n\t\t\t\t<\/div>\n\t\t","protected":false},"excerpt":{"rendered":"<p>Articles R\u00e9cents Hello FGE 28 octobre 2024 Bonjour tout le monde 28 octobre 2024 FGE Faculty 28 octobre 2024 facult\u00e9 FGE 28 octobre 2024 Test2:ang 28 octobre 2024 Test2:fr 28 octobre 2024 Test2: Guess what 15 octobre 2024 &lt;&lt;test 7 octobre 2024 Bonjour tout le monde\u00a0! 12 septembre 2024<\/p>\n","protected":false},"author":3,"featured_media":0,"parent":0,"menu_order":0,"comment_status":"closed","ping_status":"closed","template":"","meta":{"postBodyCss":"","postBodyMargin":[],"postBodyPadding":[],"postBodyBackground":{"backgroundType":"classic","gradient":""},"site-sidebar-layout":"no-sidebar","site-content-layout":"page-builder","ast-site-content-layout":"full-width-container","site-content-style":"unboxed","site-sidebar-style":"unboxed","ast-global-header-display":"","ast-banner-title-visibility":"","ast-main-header-display":"","ast-hfb-above-header-display":"","ast-hfb-below-header-display":"","ast-hfb-mobile-header-display":"","site-post-title":"disabled","ast-breadcrumbs-content":"disabled","ast-featured-img":"disabled","footer-sml-layout":"","theme-transparent-header-meta":"enabled","adv-header-id-meta":"","stick-header-meta":"","header-above-stick-meta":"","header-main-stick-meta":"","header-below-stick-meta":"","astra-migrate-meta-layouts":"set","ast-page-background-enabled":"default","ast-page-background-meta":{"desktop":{"background-color":"var(--ast-global-color-4)","background-image":"","background-repeat":"repeat","background-position":"center center","background-size":"auto","background-attachment":"scroll","background-type":"","background-media":"","overlay-type":"","overlay-color":"","overlay-opacity":"","overlay-gradient":""},"tablet":{"background-color":"","background-image":"","background-repeat":"repeat","background-position":"center center","background-size":"auto","background-attachment":"scroll","background-type":"","background-media":"","overlay-type":"","overlay-color":"","overlay-opacity":"","overlay-gradient":""},"mobile":{"background-color":"","background-image":"","background-repeat":"repeat","background-position":"center center","background-size":"auto","background-attachment":"scroll","background-type":"","background-media":"","overlay-type":"","overlay-color":"","overlay-opacity":"","overlay-gradient":""}},"ast-content-background-meta":{"desktop":{"background-color":"var(--ast-global-color-5)","background-image":"","background-repeat":"repeat","background-position":"center center","background-size":"auto","background-attachment":"scroll","background-type":"","background-media":"","overlay-type":"","overlay-color":"","overlay-opacity":"","overlay-gradient":""},"tablet":{"background-color":"var(--ast-global-color-5)","background-image":"","background-repeat":"repeat","background-position":"center center","background-size":"auto","background-attachment":"scroll","background-type":"","background-media":"","overlay-type":"","overlay-color":"","overlay-opacity":"","overlay-gradient":""},"mobile":{"background-color":"var(--ast-global-color-5)","background-image":"","background-repeat":"repeat","background-position":"center center","background-size":"auto","background-attachment":"scroll","background-type":"","background-media":"","overlay-type":"","overlay-color":"","overlay-opacity":"","overlay-gradient":""}},"footnotes":""},"class_list":["post-2743","page","type-page","status-publish","hentry"],"rttpg_featured_image_url":null,"rttpg_author":{"display_name":"Imane DAHAN","author_link":"https:\/\/www.univ-sba.dz\/secg\/author\/comerce-adm\/"},"rttpg_comment":0,"rttpg_category":"","rttpg_excerpt":"Articles R\u00e9cents Hello FGE 28 octobre 2024 Bonjour tout le monde 28 octobre 2024 FGE Faculty 28 octobre 2024 facult\u00e9 FGE 28 octobre 2024 Test2:ang 28 octobre 2024 Test2:fr 28 octobre 2024 Test2: Guess what 15 octobre 2024 &lt;&lt;test 7 octobre 2024 Bonjour tout le monde\u00a0! 12 septembre 2024","_links":{"self":[{"href":"https:\/\/www.univ-sba.dz\/secg\/wp-json\/wp\/v2\/pages\/2743","targetHints":{"allow":["GET"]}}],"collection":[{"href":"https:\/\/www.univ-sba.dz\/secg\/wp-json\/wp\/v2\/pages"}],"about":[{"href":"https:\/\/www.univ-sba.dz\/secg\/wp-json\/wp\/v2\/types\/page"}],"author":[{"embeddable":true,"href":"https:\/\/www.univ-sba.dz\/secg\/wp-json\/wp\/v2\/users\/3"}],"replies":[{"embeddable":true,"href":"https:\/\/www.univ-sba.dz\/secg\/wp-json\/wp\/v2\/comments?post=2743"}],"version-history":[{"count":7,"href":"https:\/\/www.univ-sba.dz\/secg\/wp-json\/wp\/v2\/pages\/2743\/revisions"}],"predecessor-version":[{"id":2907,"href":"https:\/\/www.univ-sba.dz\/secg\/wp-json\/wp\/v2\/pages\/2743\/revisions\/2907"}],"wp:attachment":[{"href":"https:\/\/www.univ-sba.dz\/secg\/wp-json\/wp\/v2\/media?parent=2743"}],"curies":[{"name":"wp","href":"https:\/\/api.w.org\/{rel}","templated":true}]}}