{"id":2751,"date":"2024-12-09T10:34:42","date_gmt":"2024-12-09T09:34:42","guid":{"rendered":"https:\/\/www.univ-sba.dz\/secg\/?page_id=2751"},"modified":"2025-10-12T10:22:43","modified_gmt":"2025-10-12T09:22:43","slug":"projets-de-recherche-scientifique","status":"publish","type":"page","link":"https:\/\/www.univ-sba.dz\/secg\/fr\/projets-de-recherche-scientifique\/","title":{"rendered":"Projets de recherche scientifique"},"content":{"rendered":"\t\t<div data-elementor-type=\"wp-page\" data-elementor-id=\"2751\" class=\"elementor elementor-2751\">\n\t\t\t\t<div class=\"elementor-element elementor-element-19b8c8c e-flex e-con-boxed e-con e-parent\" data-id=\"19b8c8c\" data-element_type=\"container\" data-settings=\"{&quot;background_background&quot;:&quot;classic&quot;}\">\n\t\t\t\t\t<div class=\"e-con-inner\">\n\t\t<div class=\"elementor-element elementor-element-372848a e-con-full e-flex e-con e-child\" data-id=\"372848a\" data-element_type=\"container\">\n\t\t\t\t<div class=\"elementor-element elementor-element-0ccf104 elementor-widget elementor-widget-heading\" data-id=\"0ccf104\" data-element_type=\"widget\" data-widget_type=\"heading.default\">\n\t\t\t\t<div class=\"elementor-widget-container\">\n\t\t\t\t\t<h1 class=\"elementor-heading-title elementor-size-default\"> Recherche Scientifique\n<\/h1>\t\t\t\t<\/div>\n\t\t\t\t<\/div>\n\t\t\t\t<\/div>\n\t\t\t\t\t<\/div>\n\t\t\t\t<\/div>\n\t\t<div class=\"elementor-element elementor-element-fcdea80 e-flex e-con-boxed e-con e-parent\" data-id=\"fcdea80\" data-element_type=\"container\">\n\t\t\t\t\t<div class=\"e-con-inner\">\n\t\t\t\t<div class=\"elementor-element elementor-element-7fdfc26 elementor-widget elementor-widget-text-editor\" data-id=\"7fdfc26\" data-element_type=\"widget\" data-widget_type=\"text-editor.default\">\n\t\t\t\t<div class=\"elementor-widget-container\">\n\t\t\t\t\t\t\t\t\t<h3 data-start=\"42\" data-end=\"87\">1- Service de la formation post-gradu\u00e9e<\/h3><ul data-start=\"88\" data-end=\"403\"><li data-start=\"88\" data-end=\"163\"><p data-start=\"90\" data-end=\"163\">Suivi du d\u00e9roulement des concours d\u2019acc\u00e8s aux formations post-gradu\u00e9es.<\/p><\/li><li data-start=\"164\" data-end=\"269\"><p data-start=\"166\" data-end=\"269\">Assurer le bon d\u00e9roulement du processus de formation et veiller au respect des textes r\u00e9glementaires.<\/p><\/li><li data-start=\"270\" data-end=\"334\"><p data-start=\"272\" data-end=\"334\">Superviser l\u2019inscription et la r\u00e9inscription des doctorants.<\/p><\/li><li data-start=\"335\" data-end=\"403\"><p data-start=\"337\" data-end=\"403\">Veiller au bon d\u00e9roulement des soutenances de th\u00e8se de doctorat.<\/p><\/li><\/ul><hr data-start=\"405\" data-end=\"408\" \/><h3 data-start=\"410\" data-end=\"478\">2- Service de suivi des activit\u00e9s de la recherche scientifique<\/h3><ul data-start=\"479\" data-end=\"947\"><li data-start=\"479\" data-end=\"737\"><p data-start=\"481\" data-end=\"577\">Suivi du d\u00e9roulement des activit\u00e9s de recherche dans les laboratoires et unit\u00e9s de recherche :<\/p><ul data-start=\"580\" data-end=\"737\"><li data-start=\"580\" data-end=\"623\"><p data-start=\"582\" data-end=\"623\">Laboratoire de gestion des institutions<\/p><\/li><li data-start=\"626\" data-end=\"676\"><p data-start=\"628\" data-end=\"676\">Laboratoire d\u2019\u00e9tudes financi\u00e8res et comptables<\/p><\/li><li data-start=\"679\" data-end=\"737\"><p data-start=\"681\" data-end=\"737\">Laboratoire de gestion de l\u2019innovation et du marketing<\/p><\/li><\/ul><\/li><li data-start=\"738\" data-end=\"831\"><p data-start=\"740\" data-end=\"831\">Collecte et diffusion des informations relatives aux activit\u00e9s de recherche scientifique.<\/p><\/li><li data-start=\"832\" data-end=\"947\"><p data-start=\"834\" data-end=\"885\">Suivi du fonctionnement du conseil scientifique :<\/p><ul data-start=\"888\" data-end=\"947\"><li data-start=\"888\" data-end=\"947\"><p data-start=\"890\" data-end=\"947\">Publication des proc\u00e8s-verbaux du conseil scientifique.<\/p><\/li><\/ul><\/li><\/ul><hr data-start=\"949\" data-end=\"952\" \/><h3 data-start=\"954\" data-end=\"1017\">3- Service de la coop\u00e9ration et des relations ext\u00e9rieures<\/h3><ul data-start=\"1018\" data-end=\"1392\"><li data-start=\"1018\" data-end=\"1128\"><p data-start=\"1020\" data-end=\"1128\">Mise en \u0153uvre des programmes de perfectionnement des enseignants, doctorants et personnels administratifs.<\/p><\/li><li data-start=\"1129\" data-end=\"1212\"><p data-start=\"1131\" data-end=\"1212\">Initiation d\u2019activit\u00e9s de partenariat avec les secteurs sociaux et \u00e9conomiques.<\/p><\/li><li data-start=\"1213\" data-end=\"1392\"><p data-start=\"1215\" data-end=\"1392\">D\u00e9veloppement d\u2019initiatives visant \u00e0 promouvoir les \u00e9changes et la coop\u00e9ration avec d\u2019autres \u00e9tablissements d\u2019enseignement sup\u00e9rieur, tant au niveau national qu\u2019international.<\/p><\/li><\/ul>\t\t\t\t\t\t\t\t<\/div>\n\t\t\t\t<\/div>\n\t\t\t\t\t<\/div>\n\t\t\t\t<\/div>\n\t\t\t\t<\/div>\n\t\t","protected":false},"excerpt":{"rendered":"<p>Recherche Scientifique 1- Service de la formation post-gradu\u00e9e Suivi du d\u00e9roulement des concours d\u2019acc\u00e8s aux formations post-gradu\u00e9es. Assurer le bon d\u00e9roulement du processus de formation et veiller au respect des textes r\u00e9glementaires. Superviser l\u2019inscription et la r\u00e9inscription des doctorants. Veiller au bon d\u00e9roulement des soutenances de th\u00e8se de doctorat. 2- Service de suivi des activit\u00e9s [&hellip;]<\/p>\n","protected":false},"author":3,"featured_media":0,"parent":0,"menu_order":0,"comment_status":"closed","ping_status":"closed","template":"","meta":{"postBodyCss":"","postBodyMargin":[],"postBodyPadding":[],"postBodyBackground":{"backgroundType":"classic","gradient":""},"site-sidebar-layout":"no-sidebar","site-content-layout":"page-builder","ast-site-content-layout":"full-width-container","site-content-style":"unboxed","site-sidebar-style":"unboxed","ast-global-header-display":"","ast-banner-title-visibility":"","ast-main-header-display":"","ast-hfb-above-header-display":"","ast-hfb-below-header-display":"","ast-hfb-mobile-header-display":"","site-post-title":"disabled","ast-breadcrumbs-content":"disabled","ast-featured-img":"disabled","footer-sml-layout":"","theme-transparent-header-meta":"enabled","adv-header-id-meta":"","stick-header-meta":"","header-above-stick-meta":"","header-main-stick-meta":"","header-below-stick-meta":"","astra-migrate-meta-layouts":"set","ast-page-background-enabled":"default","ast-page-background-meta":{"desktop":{"background-color":"var(--ast-global-color-4)","background-image":"","background-repeat":"repeat","background-position":"center center","background-size":"auto","background-attachment":"scroll","background-type":"","background-media":"","overlay-type":"","overlay-color":"","overlay-opacity":"","overlay-gradient":""},"tablet":{"background-color":"","background-image":"","background-repeat":"repeat","background-position":"center center","background-size":"auto","background-attachment":"scroll","background-type":"","background-media":"","overlay-type":"","overlay-color":"","overlay-opacity":"","overlay-gradient":""},"mobile":{"background-color":"","background-image":"","background-repeat":"repeat","background-position":"center center","background-size":"auto","background-attachment":"scroll","background-type":"","background-media":"","overlay-type":"","overlay-color":"","overlay-opacity":"","overlay-gradient":""}},"ast-content-background-meta":{"desktop":{"background-color":"var(--ast-global-color-5)","background-image":"","background-repeat":"repeat","background-position":"center center","background-size":"auto","background-attachment":"scroll","background-type":"","background-media":"","overlay-type":"","overlay-color":"","overlay-opacity":"","overlay-gradient":""},"tablet":{"background-color":"var(--ast-global-color-5)","background-image":"","background-repeat":"repeat","background-position":"center center","background-size":"auto","background-attachment":"scroll","background-type":"","background-media":"","overlay-type":"","overlay-color":"","overlay-opacity":"","overlay-gradient":""},"mobile":{"background-color":"var(--ast-global-color-5)","background-image":"","background-repeat":"repeat","background-position":"center center","background-size":"auto","background-attachment":"scroll","background-type":"","background-media":"","overlay-type":"","overlay-color":"","overlay-opacity":"","overlay-gradient":""}},"footnotes":""},"class_list":["post-2751","page","type-page","status-publish","hentry"],"rttpg_featured_image_url":null,"rttpg_author":{"display_name":"Imane DAHAN","author_link":"https:\/\/www.univ-sba.dz\/secg\/author\/comerce-adm\/"},"rttpg_comment":0,"rttpg_category":" <a href=\"https:\/\/www.univ-sba.dz\/secg\/fr\/\" rel=\"tag\">Fran\u00e7ais<\/a>","rttpg_excerpt":"Recherche Scientifique 1- Service de la formation post-gradu\u00e9e Suivi du d\u00e9roulement des concours d\u2019acc\u00e8s aux formations post-gradu\u00e9es. Assurer le bon d\u00e9roulement du processus de formation et veiller au respect des textes r\u00e9glementaires. Superviser l\u2019inscription et la r\u00e9inscription des doctorants. Veiller au bon d\u00e9roulement des soutenances de th\u00e8se de doctorat. 2- Service de suivi des activit\u00e9s\u2026","_links":{"self":[{"href":"https:\/\/www.univ-sba.dz\/secg\/wp-json\/wp\/v2\/pages\/2751","targetHints":{"allow":["GET"]}}],"collection":[{"href":"https:\/\/www.univ-sba.dz\/secg\/wp-json\/wp\/v2\/pages"}],"about":[{"href":"https:\/\/www.univ-sba.dz\/secg\/wp-json\/wp\/v2\/types\/page"}],"author":[{"embeddable":true,"href":"https:\/\/www.univ-sba.dz\/secg\/wp-json\/wp\/v2\/users\/3"}],"replies":[{"embeddable":true,"href":"https:\/\/www.univ-sba.dz\/secg\/wp-json\/wp\/v2\/comments?post=2751"}],"version-history":[{"count":7,"href":"https:\/\/www.univ-sba.dz\/secg\/wp-json\/wp\/v2\/pages\/2751\/revisions"}],"predecessor-version":[{"id":3675,"href":"https:\/\/www.univ-sba.dz\/secg\/wp-json\/wp\/v2\/pages\/2751\/revisions\/3675"}],"wp:attachment":[{"href":"https:\/\/www.univ-sba.dz\/secg\/wp-json\/wp\/v2\/media?parent=2751"}],"curies":[{"name":"wp","href":"https:\/\/api.w.org\/{rel}","templated":true}]}}