{"id":3245,"date":"2025-07-03T09:52:01","date_gmt":"2025-07-03T08:52:01","guid":{"rendered":"https:\/\/www.univ-sba.dz\/secg\/?page_id=3245"},"modified":"2025-07-03T09:52:05","modified_gmt":"2025-07-03T08:52:05","slug":"a-propos-de-la-faculte-2","status":"publish","type":"page","link":"https:\/\/www.univ-sba.dz\/secg\/fr\/a-propos-de-la-faculte-2\/","title":{"rendered":"a propos de la facult\u00e9"},"content":{"rendered":"\n<figure class=\"wp-block-image size-full\"><img fetchpriority=\"high\" decoding=\"async\" width=\"779\" height=\"597\" src=\"https:\/\/www.univ-sba.dz\/secg\/wp-content\/uploads\/2025\/07\/organogramme-bleu-1.png\" alt=\"\" class=\"wp-image-3247\" srcset=\"https:\/\/www.univ-sba.dz\/secg\/wp-content\/uploads\/2025\/07\/organogramme-bleu-1.png 779w, https:\/\/www.univ-sba.dz\/secg\/wp-content\/uploads\/2025\/07\/organogramme-bleu-1-300x230.png 300w, https:\/\/www.univ-sba.dz\/secg\/wp-content\/uploads\/2025\/07\/organogramme-bleu-1-768x589.png 768w\" sizes=\"(max-width: 779px) 100vw, 779px\" \/><\/figure>\n\n\n\n<h3 class=\"wp-block-heading\">Historique :<\/h3>\n\n\n\n<p>L\u2019Universit\u00e9 de Sidi Bel Abbes a \u00e9t\u00e9 cr\u00e9\u00e9e le 1er Aout 1989 par D\u00e9cret n\u00b0 89.141 du 01\/08\/1989, modifi\u00e9 et compl\u00e9t\u00e9 par le D\u00e9cret ex\u00e9cutif n\u00b095-208 du 05\/08\/1995. Elle est le r\u00e9sultat d\u2019une \u00e9volution qui a vu le jour depuis l\u2019ouverture de ses portes en mois de Septembre 1978.<\/p>\n\n\n\n<p>4 p\u00e9riodes caract\u00e9risent l\u2019\u00e9volution de cette institution, chacune correspond \u00e0 un statut sp\u00e9cifique<\/p>\n\n\n\n<p><strong>1er Statut :<\/strong>&nbsp;Centre Universitaire (06\/06\/1978 au 18\/08\/1984)<br><strong>2eme Statut :<\/strong>&nbsp;Instituts Nationaux d\u2019Enseignements Sup\u00e9rieur (INES) (18\/08\/1984 au 01\/08\/1989)<br><strong>3eme Statut :<\/strong>&nbsp;Universit\u00e9 de Sidi Bel Abbes (01\/08\/1989 au 17\/08\/1998)<br><strong>4eme Statut :<\/strong>&nbsp;Facult\u00e9s (17\/08\/1998 \u00e0 nos jours) .<br>C\u2019est durant le 3eme Statut que l\u2019Institut des sciences \u00e9conomiques s\u2019est \u00e9rig\u00e9 en facult\u00e9 des Sciences \u00c9conomiques et des Sciences de Gestion, reposant sur trois d\u00e9partements :<\/p>\n\n\n\n<p>D\u00e9partement des sciences commerciales<br>D\u00e9partement des sciences de gestion<br>D\u00e9partement des sciences \u00e9conomiques<br>\u00c9volution de la Facult\u00e9 .<\/p>\n\n\n\n<p><strong>1989 :<\/strong>&nbsp;L\u2019ann\u00e9e 1989 a \u00e9t\u00e9 marqu\u00e9e par l\u2019introduction de l\u2019\u00e9conomie \u00e0 l\u2019universit\u00e9 de Sidi Bel-Abb\u00e9s, \u00e0 travers la cr\u00e9ation de l\u2019institut de gestion. L\u2019objectif \u00e9tait de r\u00e9pondre aux besoins de l\u2019entreprise publique qui a obtenu le statut d\u2019autonomie, avec l\u2019appellation EPE (Entreprise Publique Economique), o\u00f9 les consid\u00e9rations \u00e9conomiques d\u00e9tenaient la premi\u00e8re place dans la politique de l\u2019entreprise. Au d\u00e9but l\u2019institut s\u2019est engag\u00e9 \u00e0 assurer trois formations de courte dur\u00e9e (DUEA) :<\/p>\n\n\n\n<p>Comptabilit\u00e9-Fiscalit\u00e9<br>Gestion de la Production et Stocks<br>Informatique de Gestion<br><strong>1995 :<\/strong>&nbsp;L\u2019arr\u00eat\u00e9 portant cr\u00e9ation de l\u2019institut de gestion est abrog\u00e9 pour donner naissance \u00e0 l\u2019institut des sciences \u00e9conomiques, qui continue \u00e0 assurer les m\u00eames sp\u00e9cialit\u00e9s, mais son exp\u00e9rience dans la formation le conduit \u00e0 lancer une formation de longue dur\u00e9e, celle de la licence en sciences commerciales.<\/p>\n\n\n\n<p><strong>1998:<\/strong>&nbsp;Cette ann\u00e9e l\u2019universit\u00e9 alg\u00e9rienne a connu une nouvelle organisation, qui repose sur le syst\u00e8me des facult\u00e9s. La m\u00eame ann\u00e9e l\u2019institut des sciences \u00e9conomiques, se transforme en Facult\u00e9 des sciences \u00e9conomiques et des sciences de gestion. Elle assure des formations de courtes dur\u00e9es comme la Comptabilit\u00e9-Fiscalit\u00e9, Commerce International et Informatique de Gestion ; et des formations de longue dur\u00e9e (licence), comme les sciences commerciales, les sciences \u00e9conomiques et les sciences de gestion<\/p>\n\n\n\n<p><strong>2009 :<\/strong>&nbsp;Gel du Syst\u00e8me Classique et application du Syst\u00e8me L.M.D. (Domaine : LMD Sc. Economiques, de Gestion et Commerciales )<\/p>\n\n\n\n<p><strong>2010 :<\/strong>&nbsp;Parall\u00e8lement au domaine, la facult\u00e9 a pris une nouvelle appellation, celle de la facult\u00e9 des sciences \u00e9conomiques, commerciales et des sciences de gestion.<\/p>\n\n\n\n<p><strong><a href=\"http:\/\/localhost\/wordpress-4.2.2\/la-faculte\/organigramme\/\">Organigrame de la facult\u00e9.<\/a><\/strong><\/p>\n\n\n\n<h3 class=\"wp-block-heading\">Les Moyens humains :<\/h3>\n\n\n\n<p>La prise en charge p\u00e9dagogique est assur\u00e9e par un effectif d\u2019Enseignants ci-apr\u00e8s :<\/p>\n\n\n\n<p>Professeur : 10<br>M.C. A. : 11<br>M.C. B. : 25<br>M.A. A. : 77<br>M.A. B : 10<br>Associ\u00e9s : 08<br>Vacataires : 26<\/p>\n\n\n\n<p>Aussi, par une \u00e9quipe administratif et technique compos\u00e9e de :<\/p>\n\n\n\n<p>Encadrement : 11<br>Application : 17<br>Ex\u00e9cution : 15<br>Maitrise : 08<br>Contractuel : 51<\/p>\n\n\n\n<h3 class=\"wp-block-heading\">Les Moyens Mat\u00e9riels :<\/h3>\n\n\n\n<p><strong>Superficie&nbsp; :<\/strong><\/p>\n\n\n\n<p>Sur le plan des locaux, La Facult\u00e9 des Sciences \u00c9conomiques, Commerciales et des Sciences de Gestion comporte :<\/p>\n\n\n\n<p>o (05) Amphith\u00e9\u00e2tres<br>o (39) Salles d\u2019Enseignements<br>o (03) Centres de Calcul<br>o (01) Salle pour S\u00e9minaire<br>o (12) Bureaux Enseignants<br>o (52) Bureaux Administratif<br>o (01) Salle de R\u00e9union<br>o (01) Magasin avec (01) annexe<br>o (06) Salles de lecture<br>o (1) Cafeteria<br>o (02) Salles de Pri\u00e8re<\/p>\n\n\n\n<p>Il est \u00e0 noter que la Facult\u00e9 est dot\u00e9e d\u2019un intranet qui couvre la totalit\u00e9 des locaux.<\/p>\n","protected":false},"excerpt":{"rendered":"<p>Historique : L\u2019Universit\u00e9 de Sidi Bel Abbes a \u00e9t\u00e9 cr\u00e9\u00e9e le 1er Aout 1989 par D\u00e9cret n\u00b0 89.141 du 01\/08\/1989, modifi\u00e9 et compl\u00e9t\u00e9 par le D\u00e9cret ex\u00e9cutif n\u00b095-208 du 05\/08\/1995. Elle est le r\u00e9sultat d\u2019une \u00e9volution qui a vu le jour depuis l\u2019ouverture de ses portes en mois de Septembre 1978. 4 p\u00e9riodes caract\u00e9risent l\u2019\u00e9volution [&hellip;]<\/p>\n","protected":false},"author":3,"featured_media":0,"parent":0,"menu_order":0,"comment_status":"closed","ping_status":"closed","template":"","meta":{"postBodyCss":"","postBodyMargin":[],"postBodyPadding":[],"postBodyBackground":{"backgroundType":"classic","gradient":""},"site-sidebar-layout":"default","site-content-layout":"","ast-site-content-layout":"default","site-content-style":"default","site-sidebar-style":"default","ast-global-header-display":"","ast-banner-title-visibility":"","ast-main-header-display":"","ast-hfb-above-header-display":"","ast-hfb-below-header-display":"","ast-hfb-mobile-header-display":"","site-post-title":"","ast-breadcrumbs-content":"","ast-featured-img":"","footer-sml-layout":"","theme-transparent-header-meta":"","adv-header-id-meta":"","stick-header-meta":"","header-above-stick-meta":"","header-main-stick-meta":"","header-below-stick-meta":"","astra-migrate-meta-layouts":"set","ast-page-background-enabled":"default","ast-page-background-meta":{"desktop":{"background-color":"var(--ast-global-color-4)","background-image":"","background-repeat":"repeat","background-position":"center center","background-size":"auto","background-attachment":"scroll","background-type":"","background-media":"","overlay-type":"","overlay-color":"","overlay-opacity":"","overlay-gradient":""},"tablet":{"background-color":"","background-image":"","background-repeat":"repeat","background-position":"center center","background-size":"auto","background-attachment":"scroll","background-type":"","background-media":"","overlay-type":"","overlay-color":"","overlay-opacity":"","overlay-gradient":""},"mobile":{"background-color":"","background-image":"","background-repeat":"repeat","background-position":"center center","background-size":"auto","background-attachment":"scroll","background-type":"","background-media":"","overlay-type":"","overlay-color":"","overlay-opacity":"","overlay-gradient":""}},"ast-content-background-meta":{"desktop":{"background-color":"var(--ast-global-color-5)","background-image":"","background-repeat":"repeat","background-position":"center center","background-size":"auto","background-attachment":"scroll","background-type":"","background-media":"","overlay-type":"","overlay-color":"","overlay-opacity":"","overlay-gradient":""},"tablet":{"background-color":"var(--ast-global-color-5)","background-image":"","background-repeat":"repeat","background-position":"center center","background-size":"auto","background-attachment":"scroll","background-type":"","background-media":"","overlay-type":"","overlay-color":"","overlay-opacity":"","overlay-gradient":""},"mobile":{"background-color":"var(--ast-global-color-5)","background-image":"","background-repeat":"repeat","background-position":"center center","background-size":"auto","background-attachment":"scroll","background-type":"","background-media":"","overlay-type":"","overlay-color":"","overlay-opacity":"","overlay-gradient":""}},"footnotes":""},"class_list":["post-3245","page","type-page","status-publish","hentry"],"rttpg_featured_image_url":null,"rttpg_author":{"display_name":"Imane DAHAN","author_link":"https:\/\/www.univ-sba.dz\/secg\/author\/comerce-adm\/"},"rttpg_comment":0,"rttpg_category":" <a href=\"https:\/\/www.univ-sba.dz\/secg\/fr\/\" rel=\"tag\">Fran\u00e7ais<\/a>","rttpg_excerpt":"Historique : L\u2019Universit\u00e9 de Sidi Bel Abbes a \u00e9t\u00e9 cr\u00e9\u00e9e le 1er Aout 1989 par D\u00e9cret n\u00b0 89.141 du 01\/08\/1989, modifi\u00e9 et compl\u00e9t\u00e9 par le D\u00e9cret ex\u00e9cutif n\u00b095-208 du 05\/08\/1995. Elle est le r\u00e9sultat d\u2019une \u00e9volution qui a vu le jour depuis l\u2019ouverture de ses portes en mois de Septembre 1978. 4 p\u00e9riodes caract\u00e9risent l\u2019\u00e9volution\u2026","_links":{"self":[{"href":"https:\/\/www.univ-sba.dz\/secg\/wp-json\/wp\/v2\/pages\/3245","targetHints":{"allow":["GET"]}}],"collection":[{"href":"https:\/\/www.univ-sba.dz\/secg\/wp-json\/wp\/v2\/pages"}],"about":[{"href":"https:\/\/www.univ-sba.dz\/secg\/wp-json\/wp\/v2\/types\/page"}],"author":[{"embeddable":true,"href":"https:\/\/www.univ-sba.dz\/secg\/wp-json\/wp\/v2\/users\/3"}],"replies":[{"embeddable":true,"href":"https:\/\/www.univ-sba.dz\/secg\/wp-json\/wp\/v2\/comments?post=3245"}],"version-history":[{"count":1,"href":"https:\/\/www.univ-sba.dz\/secg\/wp-json\/wp\/v2\/pages\/3245\/revisions"}],"predecessor-version":[{"id":3249,"href":"https:\/\/www.univ-sba.dz\/secg\/wp-json\/wp\/v2\/pages\/3245\/revisions\/3249"}],"wp:attachment":[{"href":"https:\/\/www.univ-sba.dz\/secg\/wp-json\/wp\/v2\/media?parent=3245"}],"curies":[{"name":"wp","href":"https:\/\/api.w.org\/{rel}","templated":true}]}}